{"id":3598,"date":"2025-08-18T19:51:21","date_gmt":"2025-08-18T12:51:21","guid":{"rendered":"http:\/\/biogroupvietnam-worldpress.local\/product\/import-placeholder-for-18\/"},"modified":"2025-11-12T18:43:00","modified_gmt":"2025-11-12T11:43:00","slug":"may-pcr-gradient-3-block-turbocycler-3","status":"publish","type":"product","link":"https:\/\/biogroupvietnam.com\/vi\/san-pham\/may-pcr-gradient-3-block-turbocycler-3\/","title":{"rendered":"M\u00e1y PCR Gradient 3 Block TurboCycler 3"},"content":{"rendered":"<p><span style=\"background-color: transparent; color: #000000; font-family: Arial,sans-serif; font-size: 12pt;\"><i><strong>M\u00e1y PCR gradient 3 block c\u00f4ng su\u1ea5t cao<\/strong><\/i><\/span><\/p>\n<p><a href=\"https:\/\/www.blue-raybio.com\/en\/category\/product\/TurboCycler-3-Thermal-Cycler\" target=\"_blank\" rel=\"noopener noreferrer\"><span style=\"background-color: transparent; color: #1155cc; font-family: Arial,sans-serif; font-size: 12pt;\">TurboCycler 3<\/span><\/a><span style=\"background-color: transparent; color: #000000; font-family: Arial,sans-serif; font-size: 12pt;\"> n\u1ed5i b\u1eadt l\u00e0 m\u00e1y PCR gradient hi\u1ec7u su\u1ea5t cao, linh ho\u1ea1t, v\u00e0 c\u00f3 kh\u1ea3 n\u0103ng ch\u1ea1y ba giao th\u1ee9c PCR ri\u00eang bi\u1ec7t c\u00f9ng l\u00fac trong khi x\u1eed l\u00fd 3 x 48 m\u1eabu. T\u1ed1i \u01b0u h\u00f3a gradient nhi\u1ec7t nhanh ch\u00f3ng v\u00e0 ki\u1ec3m so\u00e1t t\u1ed1c \u0111\u1ed9 gia nhi\u1ec7t n\u00e2ng cao \u0111\u01b0\u1ee3c thi\u1ebft k\u1ebf ho\u00e0n h\u1ea3o \u0111\u1ec3 \u0111\u00e1p \u1ee9ng c\u00e1c y\u00eau c\u1ea7u x\u00e9t nghi\u1ec7m c\u1ee5 th\u1ec3. Nh\u1eefng t\u00ednh n\u0103ng n\u00e0y k\u1ebft h\u1ee3p v\u1edbi nhau \u0111\u1ec3 t\u0103ng n\u0103ng su\u1ea5t v\u00e0 hi\u1ec7u qu\u1ea3 c\u1ee7a b\u1ea1n.<\/span><\/p>\n<h3><span style=\"background-color: transparent; color: #000000; font-family: Arial,sans-serif; font-size: 16pt;\"><strong>\u0110\u1eb7c \u0111i\u1ec3m n\u1ed5i b\u1eadt<\/strong><\/span><\/h3>\n<ul>\n<li><span style=\"background-color: transparent; color: #000000; font-family: Arial,sans-serif; font-size: 12pt;\"><strong>T\u00ednh linh ho\u1ea1t c\u1ee7a 3 block:<\/strong> Ba giao th\u1ee9c PCR ri\u00eang bi\u1ec7t c\u00f3 th\u1ec3 \u0111\u01b0\u1ee3c ch\u1ea1y c\u00f9ng l\u00fac, ho\u00e0n h\u1ea3o cho m\u00f4i tr\u01b0\u1eddng nhi\u1ec1u ng\u01b0\u1eddi s\u1eed d\u1ee5ng v\u00e0 c\u00e1c th\u1eed nghi\u1ec7m \u0111a d\u1ea1ng v\u1edbi l\u01b0\u1ee3ng m\u1eabu th\u1ea5p.<\/span><\/li>\n<li><span style=\"background-color: transparent; color: #000000; font-family: Arial,sans-serif; font-size: 12pt;\"><strong>Hi\u1ec7u su\u1ea5t th\u00f4ng l\u01b0\u1ee3ng cao:\u00a0<\/strong>T\u1ed1i \u0111a h\u00f3a c\u00f4ng su\u1ea5t v\u1edbi t\u1ed1i \u0111a 3 x 48 x 0,1\/0,2 ml m\u1eabu.<\/span><\/li>\n<li><span style=\"background-color: transparent; color: #000000; font-family: Arial,sans-serif; font-size: 12pt;\"><strong>T\u1ed1i \u01b0u h\u00f3a gradient nhi\u1ec7t nhanh ch\u00f3ng:<\/strong> \u0110i\u1ec1u ki\u1ec7n PCR tr\u00ean 3 block \u0111\u1ed9c l\u1eadp c\u00f3 th\u1ec3 \u0111\u01b0\u1ee3c \u0111i\u1ec1u ch\u1ec9nh d\u1ec5 d\u00e0ng v\u00e0 n\u1eb1m trong kho\u1ea3ng t\u1eeb 30 \u0111\u1ebfn 100\u00b0C v\u1edbi kho\u1ea3ng nhi\u1ec7t \u0111\u1ed9 t\u1ed1i \u0111a l\u00e0 30\u00b0C.<\/span><\/li>\n<li><span style=\"background-color: transparent; color: #000000; font-family: Arial,sans-serif; font-size: 12pt;\"><strong>Ki\u1ec3m so\u00e1t t\u1ed1c \u0111\u1ed9 gia nhi\u1ec7t n\u00e2ng cao:\u00a0<\/strong>T\u1ed1c \u0111\u1ed9 gia nhi\u1ec7t c\u00f3 th\u1ec3 \u0111\u01b0\u1ee3c \u0111i\u1ec1u ch\u1ec9nh t\u1eeb 0,1 \u0111\u1ebfn 5,0\u00b0C\/gi\u00e2y \u0111\u1ec3 ph\u00f9 h\u1ee3p v\u1edbi c\u00e1c th\u1eed nghi\u1ec7m kh\u00e1c nhau bao g\u1ed3m c\u00e1c th\u1eed nghi\u1ec7m li\u00ean quan \u0111\u1ebfn CRISPR.<\/span><\/li>\n<li><span style=\"background-color: transparent; color: #000000; font-family: Arial,sans-serif; font-size: 12pt;\"><strong>V\u1eadn h\u00e0nh tr\u1ef1c quan:<\/strong> L\u1eadp tr\u00ecnh d\u1ec5 d\u00e0ng tr\u00ean m\u00e0n h\u00ecnh c\u1ea3m \u1ee9ng m\u00e0u l\u1edbn 10,1\u201d v\u1edbi giao di\u1ec7n th\u00e2n thi\u1ec7n v\u1edbi ng\u01b0\u1eddi d\u00f9ng.<\/span><\/li>\n<li><span style=\"background-color: transparent; color: #000000; font-family: Arial,sans-serif; font-size: 12pt;\"><strong>Ho\u1ea1t \u0111\u1ed9ng li\u00ean t\u1ee5c:\u00a0<\/strong>M\u1ed7i m\u00f4-\u0111un block c\u00f3 th\u1ec3 \u0111\u01b0\u1ee3c hi\u1ec7u ch\u1ec9nh \u0111\u1ed9c l\u1eadp \u0111\u1ec3 \u0111\u1ea3m b\u1ea3o ho\u1ea1t \u0111\u1ed9ng kh\u00f4ng b\u1ecb gi\u00e1n \u0111o\u1ea1n trong qu\u00e1 tr\u00ecnh b\u1ea3o tr\u00ec.<\/span><\/li>\n<\/ul>\n","protected":false},"excerpt":{"rendered":"<p>M\u00e1y PCR gradient 3 block c\u00f4ng su\u1ea5t cao TurboCycler 3 n\u1ed5i b\u1eadt l\u00e0 m\u00e1y PCR gradient hi\u1ec7u su\u1ea5t cao, linh ho\u1ea1t, v\u00e0 c\u00f3 kh\u1ea3 n\u0103ng ch\u1ea1y ba giao th\u1ee9c PCR ri\u00eang bi\u1ec7t c\u00f9ng l\u00fac trong khi x\u1eed l\u00fd 3 x 48 m\u1eabu. T\u1ed1i \u01b0u h\u00f3a gradient nhi\u1ec7t nhanh ch\u00f3ng v\u00e0 ki\u1ec3m so\u00e1t t\u1ed1c \u0111\u1ed9 gia<\/p>\n<div class=\"klb-readmore post-buttons\"><a class=\"button rounded primary\" href=\"https:\/\/biogroupvietnam.com\/vi\/san-pham\/may-pcr-gradient-3-block-turbocycler-3\/\">Read More <i class=\"klbth-icon-right-arrow\"><\/i><\/a><\/div>\n","protected":false},"featured_media":8920,"comment_status":"closed","ping_status":"closed","template":"","meta":{"_acf_changed":false},"product_brand":[135],"product_cat":[116],"product_tag":[],"class_list":{"0":"post-3598","1":"product","2":"type-product","3":"status-publish","4":"has-post-thumbnail","6":"product_brand-blue-ray-biotech","7":"product_cat-sinh-hoc-phan-tu","9":"first","10":"outofstock","11":"shipping-taxable","12":"product-type-simple"},"acf":[],"yoast_head":"<!-- This site is optimized with the Yoast SEO plugin v26.8 - https:\/\/yoast.com\/product\/yoast-seo-wordpress\/ -->\n<title>M\u00e1y PCR Gradient 3 Block TurboCycler 3<\/title>\n<meta name=\"description\" content=\"TurboCycler 3 n\u1ed5i b\u1eadt l\u00e0 m\u00e1y\u00a0PCR gradient hi\u1ec7u su\u1ea5t cao, linh ho\u1ea1t, v\u00e0 c\u00f3 kh\u1ea3 n\u0103ng ch\u1ea1y ba giao th\u1ee9c PCR ri\u00eang bi\u1ec7t c\u00f9ng l\u00fac trong khi x\u1eed l\u00fd 3 x 48 m\u1eabu.\" \/>\n<meta name=\"robots\" content=\"index, follow, max-snippet:-1, max-image-preview:large, max-video-preview:-1\" \/>\n<link rel=\"canonical\" href=\"https:\/\/biogroupvietnam.com\/vi\/san-pham\/may-pcr-gradient-3-block-turbocycler-3\/\" \/>\n<meta property=\"og:locale\" content=\"vi_VN\" \/>\n<meta property=\"og:type\" content=\"article\" \/>\n<meta property=\"og:title\" content=\"M\u00e1y PCR Gradient 3 Block TurboCycler 3\" \/>\n<meta property=\"og:description\" content=\"TurboCycler 3 n\u1ed5i b\u1eadt l\u00e0 m\u00e1y\u00a0PCR gradient hi\u1ec7u su\u1ea5t cao, linh ho\u1ea1t, v\u00e0 c\u00f3 kh\u1ea3 n\u0103ng ch\u1ea1y ba giao th\u1ee9c PCR ri\u00eang bi\u1ec7t c\u00f9ng l\u00fac trong khi x\u1eed l\u00fd 3 x 48 m\u1eabu.\" \/>\n<meta property=\"og:url\" content=\"https:\/\/biogroupvietnam.com\/vi\/san-pham\/may-pcr-gradient-3-block-turbocycler-3\/\" \/>\n<meta property=\"og:site_name\" content=\"Biogroup Vietnam\" \/>\n<meta property=\"article:modified_time\" content=\"2025-11-12T11:43:00+00:00\" \/>\n<meta property=\"og:image\" content=\"https:\/\/biogroupvietnam.com\/wp-content\/uploads\/2025\/08\/TurboCycler-3.jpg\" \/>\n\t<meta property=\"og:image:width\" content=\"1640\" \/>\n\t<meta property=\"og:image:height\" content=\"1260\" \/>\n\t<meta property=\"og:image:type\" content=\"image\/jpeg\" \/>\n<meta name=\"twitter:card\" content=\"summary_large_image\" \/>\n<meta name=\"twitter:label1\" content=\"\u01af\u1edbc t\u00ednh th\u1eddi gian \u0111\u1ecdc\" \/>\n\t<meta name=\"twitter:data1\" content=\"2 ph\u00fat\" \/>\n<script type=\"application\/ld+json\" class=\"yoast-schema-graph\">{\"@context\":\"https:\/\/schema.org\",\"@graph\":[{\"@type\":\"WebPage\",\"@id\":\"https:\/\/biogroupvietnam.com\/vi\/san-pham\/may-pcr-gradient-3-block-turbocycler-3\/\",\"url\":\"https:\/\/biogroupvietnam.com\/vi\/san-pham\/may-pcr-gradient-3-block-turbocycler-3\/\",\"name\":\"M\u00e1y PCR Gradient 3 Block TurboCycler 3\",\"isPartOf\":{\"@id\":\"https:\/\/biogroupvietnam.com\/vi\/#website\"},\"primaryImageOfPage\":{\"@id\":\"https:\/\/biogroupvietnam.com\/vi\/san-pham\/may-pcr-gradient-3-block-turbocycler-3\/#primaryimage\"},\"image\":{\"@id\":\"https:\/\/biogroupvietnam.com\/vi\/san-pham\/may-pcr-gradient-3-block-turbocycler-3\/#primaryimage\"},\"thumbnailUrl\":\"https:\/\/biogroupvietnam.com\/wp-content\/uploads\/2025\/08\/TurboCycler-3.jpg\",\"datePublished\":\"2025-08-18T12:51:21+00:00\",\"dateModified\":\"2025-11-12T11:43:00+00:00\",\"description\":\"TurboCycler 3 n\u1ed5i b\u1eadt l\u00e0 m\u00e1y\u00a0PCR gradient hi\u1ec7u su\u1ea5t cao, linh ho\u1ea1t, v\u00e0 c\u00f3 kh\u1ea3 n\u0103ng ch\u1ea1y ba giao th\u1ee9c PCR ri\u00eang bi\u1ec7t c\u00f9ng l\u00fac trong khi x\u1eed l\u00fd 3 x 48 m\u1eabu.\",\"breadcrumb\":{\"@id\":\"https:\/\/biogroupvietnam.com\/vi\/san-pham\/may-pcr-gradient-3-block-turbocycler-3\/#breadcrumb\"},\"inLanguage\":\"vi\",\"potentialAction\":[{\"@type\":\"ReadAction\",\"target\":[\"https:\/\/biogroupvietnam.com\/vi\/san-pham\/may-pcr-gradient-3-block-turbocycler-3\/\"]}]},{\"@type\":\"ImageObject\",\"inLanguage\":\"vi\",\"@id\":\"https:\/\/biogroupvietnam.com\/vi\/san-pham\/may-pcr-gradient-3-block-turbocycler-3\/#primaryimage\",\"url\":\"https:\/\/biogroupvietnam.com\/wp-content\/uploads\/2025\/08\/TurboCycler-3.jpg\",\"contentUrl\":\"https:\/\/biogroupvietnam.com\/wp-content\/uploads\/2025\/08\/TurboCycler-3.jpg\",\"width\":1640,\"height\":1260},{\"@type\":\"BreadcrumbList\",\"@id\":\"https:\/\/biogroupvietnam.com\/vi\/san-pham\/may-pcr-gradient-3-block-turbocycler-3\/#breadcrumb\",\"itemListElement\":[{\"@type\":\"ListItem\",\"position\":1,\"name\":\"Trang ch\u1ee7\",\"item\":\"https:\/\/biogroupvietnam.com\/vi\/\"},{\"@type\":\"ListItem\",\"position\":2,\"name\":\"S\u1ea3n ph\u1ea9m\",\"item\":\"https:\/\/biogroupvietnam.com\/vi\/san-pham\/\"},{\"@type\":\"ListItem\",\"position\":3,\"name\":\"R&amp;D Sinh H\u1ecdc\",\"item\":\"https:\/\/biogroupvietnam.com\/vi\/danh-muc-san-pham\/rd-sinh-hoc\/\"},{\"@type\":\"ListItem\",\"position\":4,\"name\":\"Sinh H\u1ecdc Ph\u00e2n T\u1eed\",\"item\":\"https:\/\/biogroupvietnam.com\/vi\/danh-muc-san-pham\/sinh-hoc-phan-tu\/\"},{\"@type\":\"ListItem\",\"position\":5,\"name\":\"M\u00e1y PCR Gradient 3 Block TurboCycler 3\"}]},{\"@type\":\"WebSite\",\"@id\":\"https:\/\/biogroupvietnam.com\/vi\/#website\",\"url\":\"https:\/\/biogroupvietnam.com\/vi\/\",\"name\":\"Biogroup Vietnam\",\"description\":\"Biogroup Vietnam cung c\u1ea5p d\u1ecbch v\u1ee5 k\u1ef9 thu\u1eadt c\u00f9ng thi\u1ebft b\u1ecb, v\u1eadt t\u01b0, h\u00f3a ch\u1ea5t v\u00e0 gi\u1ea3i ph\u00e1p sinh h\u1ecdc cho ph\u00f2ng th\u00ed nghi\u1ec7m c\u00f4ng ngh\u1ec7 sinh h\u1ecdc, y sinh v\u00e0 y h\u1ecdc t\u00e1i t\u1ea1o.\",\"potentialAction\":[{\"@type\":\"SearchAction\",\"target\":{\"@type\":\"EntryPoint\",\"urlTemplate\":\"https:\/\/biogroupvietnam.com\/vi\/?s={search_term_string}\"},\"query-input\":{\"@type\":\"PropertyValueSpecification\",\"valueRequired\":true,\"valueName\":\"search_term_string\"}}],\"inLanguage\":\"vi\"}]}<\/script>\n<!-- \/ Yoast SEO plugin. -->","yoast_head_json":{"title":"M\u00e1y PCR Gradient 3 Block TurboCycler 3","description":"TurboCycler 3 n\u1ed5i b\u1eadt l\u00e0 m\u00e1y\u00a0PCR gradient hi\u1ec7u su\u1ea5t cao, linh ho\u1ea1t, v\u00e0 c\u00f3 kh\u1ea3 n\u0103ng ch\u1ea1y ba giao th\u1ee9c PCR ri\u00eang bi\u1ec7t c\u00f9ng l\u00fac trong khi x\u1eed l\u00fd 3 x 48 m\u1eabu.","robots":{"index":"index","follow":"follow","max-snippet":"max-snippet:-1","max-image-preview":"max-image-preview:large","max-video-preview":"max-video-preview:-1"},"canonical":"https:\/\/biogroupvietnam.com\/vi\/san-pham\/may-pcr-gradient-3-block-turbocycler-3\/","og_locale":"vi_VN","og_type":"article","og_title":"M\u00e1y PCR Gradient 3 Block TurboCycler 3","og_description":"TurboCycler 3 n\u1ed5i b\u1eadt l\u00e0 m\u00e1y\u00a0PCR gradient hi\u1ec7u su\u1ea5t cao, linh ho\u1ea1t, v\u00e0 c\u00f3 kh\u1ea3 n\u0103ng ch\u1ea1y ba giao th\u1ee9c PCR ri\u00eang bi\u1ec7t c\u00f9ng l\u00fac trong khi x\u1eed l\u00fd 3 x 48 m\u1eabu.","og_url":"https:\/\/biogroupvietnam.com\/vi\/san-pham\/may-pcr-gradient-3-block-turbocycler-3\/","og_site_name":"Biogroup Vietnam","article_modified_time":"2025-11-12T11:43:00+00:00","og_image":[{"width":1640,"height":1260,"url":"https:\/\/biogroupvietnam.com\/wp-content\/uploads\/2025\/08\/TurboCycler-3.jpg","type":"image\/jpeg"}],"twitter_card":"summary_large_image","twitter_misc":{"\u01af\u1edbc t\u00ednh th\u1eddi gian \u0111\u1ecdc":"2 ph\u00fat"},"schema":{"@context":"https:\/\/schema.org","@graph":[{"@type":"WebPage","@id":"https:\/\/biogroupvietnam.com\/vi\/san-pham\/may-pcr-gradient-3-block-turbocycler-3\/","url":"https:\/\/biogroupvietnam.com\/vi\/san-pham\/may-pcr-gradient-3-block-turbocycler-3\/","name":"M\u00e1y PCR Gradient 3 Block TurboCycler 3","isPartOf":{"@id":"https:\/\/biogroupvietnam.com\/vi\/#website"},"primaryImageOfPage":{"@id":"https:\/\/biogroupvietnam.com\/vi\/san-pham\/may-pcr-gradient-3-block-turbocycler-3\/#primaryimage"},"image":{"@id":"https:\/\/biogroupvietnam.com\/vi\/san-pham\/may-pcr-gradient-3-block-turbocycler-3\/#primaryimage"},"thumbnailUrl":"https:\/\/biogroupvietnam.com\/wp-content\/uploads\/2025\/08\/TurboCycler-3.jpg","datePublished":"2025-08-18T12:51:21+00:00","dateModified":"2025-11-12T11:43:00+00:00","description":"TurboCycler 3 n\u1ed5i b\u1eadt l\u00e0 m\u00e1y\u00a0PCR gradient hi\u1ec7u su\u1ea5t cao, linh ho\u1ea1t, v\u00e0 c\u00f3 kh\u1ea3 n\u0103ng ch\u1ea1y ba giao th\u1ee9c PCR ri\u00eang bi\u1ec7t c\u00f9ng l\u00fac trong khi x\u1eed l\u00fd 3 x 48 m\u1eabu.","breadcrumb":{"@id":"https:\/\/biogroupvietnam.com\/vi\/san-pham\/may-pcr-gradient-3-block-turbocycler-3\/#breadcrumb"},"inLanguage":"vi","potentialAction":[{"@type":"ReadAction","target":["https:\/\/biogroupvietnam.com\/vi\/san-pham\/may-pcr-gradient-3-block-turbocycler-3\/"]}]},{"@type":"ImageObject","inLanguage":"vi","@id":"https:\/\/biogroupvietnam.com\/vi\/san-pham\/may-pcr-gradient-3-block-turbocycler-3\/#primaryimage","url":"https:\/\/biogroupvietnam.com\/wp-content\/uploads\/2025\/08\/TurboCycler-3.jpg","contentUrl":"https:\/\/biogroupvietnam.com\/wp-content\/uploads\/2025\/08\/TurboCycler-3.jpg","width":1640,"height":1260},{"@type":"BreadcrumbList","@id":"https:\/\/biogroupvietnam.com\/vi\/san-pham\/may-pcr-gradient-3-block-turbocycler-3\/#breadcrumb","itemListElement":[{"@type":"ListItem","position":1,"name":"Trang ch\u1ee7","item":"https:\/\/biogroupvietnam.com\/vi\/"},{"@type":"ListItem","position":2,"name":"S\u1ea3n ph\u1ea9m","item":"https:\/\/biogroupvietnam.com\/vi\/san-pham\/"},{"@type":"ListItem","position":3,"name":"R&amp;D Sinh H\u1ecdc","item":"https:\/\/biogroupvietnam.com\/vi\/danh-muc-san-pham\/rd-sinh-hoc\/"},{"@type":"ListItem","position":4,"name":"Sinh H\u1ecdc Ph\u00e2n T\u1eed","item":"https:\/\/biogroupvietnam.com\/vi\/danh-muc-san-pham\/sinh-hoc-phan-tu\/"},{"@type":"ListItem","position":5,"name":"M\u00e1y PCR Gradient 3 Block TurboCycler 3"}]},{"@type":"WebSite","@id":"https:\/\/biogroupvietnam.com\/vi\/#website","url":"https:\/\/biogroupvietnam.com\/vi\/","name":"Biogroup Vietnam","description":"Biogroup Vietnam cung c\u1ea5p d\u1ecbch v\u1ee5 k\u1ef9 thu\u1eadt c\u00f9ng thi\u1ebft b\u1ecb, v\u1eadt t\u01b0, h\u00f3a ch\u1ea5t v\u00e0 gi\u1ea3i ph\u00e1p sinh h\u1ecdc cho ph\u00f2ng th\u00ed nghi\u1ec7m c\u00f4ng ngh\u1ec7 sinh h\u1ecdc, y sinh v\u00e0 y h\u1ecdc t\u00e1i t\u1ea1o.","potentialAction":[{"@type":"SearchAction","target":{"@type":"EntryPoint","urlTemplate":"https:\/\/biogroupvietnam.com\/vi\/?s={search_term_string}"},"query-input":{"@type":"PropertyValueSpecification","valueRequired":true,"valueName":"search_term_string"}}],"inLanguage":"vi"}]}},"_links":{"self":[{"href":"https:\/\/biogroupvietnam.com\/vi\/wp-json\/wp\/v2\/product\/3598","targetHints":{"allow":["GET"]}}],"collection":[{"href":"https:\/\/biogroupvietnam.com\/vi\/wp-json\/wp\/v2\/product"}],"about":[{"href":"https:\/\/biogroupvietnam.com\/vi\/wp-json\/wp\/v2\/types\/product"}],"replies":[{"embeddable":true,"href":"https:\/\/biogroupvietnam.com\/vi\/wp-json\/wp\/v2\/comments?post=3598"}],"version-history":[{"count":5,"href":"https:\/\/biogroupvietnam.com\/vi\/wp-json\/wp\/v2\/product\/3598\/revisions"}],"predecessor-version":[{"id":8928,"href":"https:\/\/biogroupvietnam.com\/vi\/wp-json\/wp\/v2\/product\/3598\/revisions\/8928"}],"wp:featuredmedia":[{"embeddable":true,"href":"https:\/\/biogroupvietnam.com\/vi\/wp-json\/wp\/v2\/media\/8920"}],"wp:attachment":[{"href":"https:\/\/biogroupvietnam.com\/vi\/wp-json\/wp\/v2\/media?parent=3598"}],"wp:term":[{"taxonomy":"product_brand","embeddable":true,"href":"https:\/\/biogroupvietnam.com\/vi\/wp-json\/wp\/v2\/product_brand?post=3598"},{"taxonomy":"product_cat","embeddable":true,"href":"https:\/\/biogroupvietnam.com\/vi\/wp-json\/wp\/v2\/product_cat?post=3598"},{"taxonomy":"product_tag","embeddable":true,"href":"https:\/\/biogroupvietnam.com\/vi\/wp-json\/wp\/v2\/product_tag?post=3598"}],"curies":[{"name":"wp","href":"https:\/\/api.w.org\/{rel}","templated":true}]}}