{"id":3599,"date":"2025-08-18T19:51:22","date_gmt":"2025-08-18T12:51:22","guid":{"rendered":"http:\/\/biogroupvietnam-worldpress.local\/product\/import-placeholder-for-19\/"},"modified":"2025-11-12T18:42:31","modified_gmt":"2025-11-12T11:42:31","slug":"pcr-turbocycler-2","status":"publish","type":"product","link":"https:\/\/biogroupvietnam.com\/vi\/san-pham\/pcr-turbocycler-2\/","title":{"rendered":"M\u00e1y PCR Gradient 96 Gi\u1ebfng TurboCycler 2"},"content":{"rendered":"<p><span style=\"background-color: transparent; color: #000000; font-family: Arial,sans-serif; font-size: 12pt;\"><i><strong>M\u00e1y PCR Gradient 96 gi\u1ebfng TurboCycler 2 t\u1ed1i \u01b0u h\u00f3a ch\u00ednh x\u00e1c ph\u1ea3n \u1ee9ng PCR<\/strong><\/i><\/span><\/p>\n<p><span style=\"background-color: transparent; color: #000000; font-family: Arial,sans-serif; font-size: 12pt;\">M\u00e1y PCR Gradient 96 gi\u1ebfng TurboCycler 2 \u0111\u01b0\u1ee3c thi\u1ebft k\u1ebf \u0111\u1eb7c bi\u1ec7t \u0111\u1ec3 n\u00e2ng cao hi\u1ec7u qu\u1ea3 v\u00e0 \u0111\u1ed9 ch\u00ednh x\u00e1c c\u1ee7a ph\u1ea3n \u1ee9ng PCR. M\u00e1y PCR TurboCycler 2 \u0111\u01b0\u1ee3c trang b\u1ecb m\u00e0n h\u00ecnh c\u1ea3m \u1ee9ng 7 inch nh\u1ea1y v\u00e0 giao di\u1ec7n th\u00e2n thi\u1ec7n v\u1edbi ng\u01b0\u1eddi d\u00f9ng, gi\u00fap thao t\u00e1c tr\u1ef1c quan cao. V\u1edbi t\u1ed1c \u0111\u1ed9 gia nhi\u1ec7t nhanh v\u00e0 \u0111i\u1ec1u khi\u1ec3n nhi\u1ec7t \u0111\u1ed9 theo gradient, M\u00e1y PCR TurboCycler 2 gi\u00fap t\u0103ng \u0111\u00e1ng k\u1ec3 kh\u1ea3 n\u0103ng t\u1ed1i \u01b0u h\u00f3a ch\u00ednh x\u00e1c ph\u1ea3n \u1ee9ng PCR. Ngo\u00e0i ra, ch\u1ee9c n\u0103ng Wi-Fi cho ph\u00e9p ng\u01b0\u1eddi d\u00f9ng theo d\u00f5i t\u1eeb xa v\u1ec1 hi\u1ec7n tr\u1ea1ng ho\u1ea1t \u0111\u1ed9ng c\u1ee7a m\u00e1y PCR.<\/span><\/p>\n<h3><span style=\"background-color: transparent; color: #000000; font-family: Arial,sans-serif; font-size: 16pt;\"><strong>\u0110\u1eb7c \u0111i\u1ec3m n\u1ed5i b\u1eadt &amp; t\u00ednh n\u0103ng k\u1ef9 thu\u1eadt<\/strong><\/span><\/h3>\n<ul>\n<li><span style=\"background-color: transparent; color: #000000; font-family: Arial,sans-serif; font-size: 12pt;\">M\u00e1y PCR Gradient 96 v\u1ecb tr\u00ed th\u00edch h\u1ee3p \u1ed1ng PCR 0.2ml, strips 8 gi\u1ebfng, \u0111\u0129a PCR 96 gi\u1ebfng c\u00f3 ho\u1eb7c kh\u00f4ng c\u00f3 n\u1eafp \u0111\u1eady.<\/span><\/li>\n<li><span style=\"background-color: transparent; color: #000000; font-family: Arial,sans-serif; font-size: 12pt;\">M\u00e1y c\u00f3 m\u00e0n h\u00ecnh c\u1ea3m \u1ee9ng LCD 7&#8243;, \u0111\u1ed9 nh\u1ea1y cao, giao di\u1ec7n d\u1ec5 hi\u1ec3u, v\u1eadn h\u00e0nh d\u1ec5 d\u00e0ng.<\/span><\/li>\n<li><span style=\"background-color: transparent; color: #000000; font-family: Arial,sans-serif; font-size: 12pt;\">C\u00f3 t\u00edch h\u1ee3p module wifi (ch\u1ecdn th\u00eam) cho ph\u00e9p ng\u01b0\u1eddi s\u1eed d\u1ee5ng theo d\u00f5i th\u00ed nghi\u1ec7m t\u1eeb xa (remote monitoring) b\u1eb1ng c\u00e0i \u0111\u1eb7t ph\u1ea7n m\u1ec1m TurboApp l\u00ean \u0111i\u1ec7n tho\u1ea1i Smartphone.<\/span><\/li>\n<li><span style=\"background-color: transparent; color: #000000; font-family: Arial,sans-serif; font-size: 12pt;\">C\u00f4ng ngh\u1ec7 Peltier gi\u00fap qu\u00e1 tr\u00ecnh gia nhi\u1ec7t\/ l\u00e0m l\u1ea1nh nhanh.<\/span><\/li>\n<li><span style=\"background-color: transparent; color: #000000; font-family: Arial,sans-serif; font-size: 12pt;\">C\u00f4ng c\u1ee5 t\u00edch h\u1ee3p gi\u00fap t\u00ednh to\u00e1n Tm, s\u1ed1 copy c\u1ee7a template, v\u00e0 chu\u1ea9n b\u1ecb mastermix<\/span><\/li>\n<li><span style=\"background-color: transparent; color: #000000; font-family: Arial,sans-serif; font-size: 12pt;\">Gia nhi\u1ec7t r\u1ea5t nhanh, ch\u00ednh x\u00e1c v\u00e0 \u0111\u1ed3ng nh\u1ea5t.<\/span><\/li>\n<li><span style=\"background-color: transparent; color: #000000; font-family: Arial,sans-serif; font-size: 12pt;\">T\u1ed1c \u0111\u1ed9 gia nhi\u1ec7t t\u1ed1i \u0111a: 5,5\u00b0C \/gi\u00e2y.<\/span><\/li>\n<li><span style=\"background-color: transparent; color: #000000; font-family: Arial,sans-serif; font-size: 12pt;\">T\u1ed1c \u0111\u1ed9 l\u00e0m l\u1ea1nh t\u1ed1i \u0111a:\u00a0 3,3\u00b0C \/gi\u00e2y.<\/span><\/li>\n<li><span style=\"background-color: transparent; color: #000000; font-family: Arial,sans-serif; font-size: 12pt;\">\u0110\u1ed9 ch\u00ednh x\u00e1c nhi\u1ec7t \u0111\u1ed9: \u00b1 0,3\u00b0C.<\/span><\/li>\n<li><span style=\"background-color: transparent; color: #000000; font-family: Arial,sans-serif; font-size: 12pt;\">Nhi\u1ec7t \u0111\u1ed9 \u0111\u1ed3ng nh\u1ea5t gi\u1eefa c\u00e1c gi\u1ebfng PCR: \u00b1 0,3 \u00b0C.<\/span><\/li>\n<li><span style=\"background-color: transparent; color: #000000; font-family: Arial,sans-serif; font-size: 12pt;\">T\u1ed1i \u01b0u PCR protocol nhanh b\u1eb1ng d\u00e3y nhi\u1ec7t \u0111\u1ed9 gradient \u201c12-segment\u201d.<\/span><\/li>\n<li><span style=\"background-color: transparent; color: #000000; font-family: Arial,sans-serif; font-size: 12pt;\">Kh\u1edfi \u0111\u1ed9ng m\u00e1y nhanh &#8211; trong 45 gi\u00e2y.<\/span><\/li>\n<li><span style=\"background-color: transparent; color: #000000; font-family: Arial,sans-serif; font-size: 12pt;\">\u0110\u1ea1t ti\u00eau chu\u1ea9n: CE, RoHS, ISO-9001, ISO-13485.<\/span><\/li>\n<\/ul>\n<h3><span style=\"background-color: transparent; color: #000000; font-family: Arial,sans-serif; font-size: 16pt;\"><strong>Ch\u00ednh s\u00e1ch h\u1ed7 tr\u1ee3 kh\u00e1ch h\u00e0ng (t\u1eeb Blue-Ray Biotech v\u00e0 Biogroup Vietnam)<\/strong><\/span><\/h3>\n<ul>\n<li><span style=\"background-color: transparent; color: #000000; font-family: Arial,sans-serif; font-size: 12pt;\">B\u1ea3o h\u00e0nh ch\u00ednh h\u00e3ng: 30 th\u00e1ng.<\/span><\/li>\n<li><span style=\"background-color: transparent; color: #000000; font-family: Arial,sans-serif; font-size: 12pt;\">C\u00f3 s\u1eb5n m\u00e1y demo \u0111\u1ec3 kh\u00e1ch h\u00e0ng d\u00f9ng th\u1eed, tr\u1ea3i nghi\u1ec7m.<\/span><\/li>\n<li><span style=\"background-color: transparent; color: #000000; font-family: Arial,sans-serif; font-size: 12pt;\">Gi\u00e1 r\u1ea5t c\u1ea1nh tranh (th\u1ea5p h\u01a1n c\u00e1c s\u1ea3n ph\u1ea9m h\u00e3ng kh\u00e1c c\u00f3 t\u00ednh n\u0103ng k\u1ef9 thu\u1eadt t\u01b0\u01a1ng \u0111\u01b0\u01a1ng).<\/span><\/li>\n<\/ul>\n<h3><span style=\"background-color: transparent; color: #000000; font-family: Arial,sans-serif; font-size: 16pt;\"><strong>L\u00fd do n\u00ean ch\u1ecdn thi\u1ebft b\u1ecb t\u1eeb Blue-ray Biotech<\/strong><\/span><\/h3>\n<ul>\n<li><span style=\"background-color: transparent; color: #000000; font-family: Arial,sans-serif; font-size: 12pt;\">Ng\u00e0nh \u0111i\u1ec7n t\u1eed l\u00e0 th\u1ebf m\u1ea1nh c\u1ee7a ng\u00e0nh c\u00f4ng nghi\u1ec7p t\u1ea1i \u0110\u00e0i Loan v\u00e0 \u0111\u01b0\u1ee3c th\u1ec3 hi\u1ec7n qua h\u00e0ng lo\u1ea1t h\u1ee3p \u0111\u1ed3ng gia c\u00f4ng \u0111i\u1ec7n t\u1eed v\u1edbi c\u00e1c t\u1eadp \u0111o\u00e0n \u0111a qu\u1ed1c gia n\u1ed5i ti\u1ebfng tr\u00ean th\u1ebf gi\u1edbi.<\/span><\/li>\n<li><span style=\"background-color: transparent; color: #000000; font-family: Arial,sans-serif; font-size: 12pt;\">Blue-Ray Biotech tr\u1ef1c thu\u1ed9c c\u00f4ng ty Arise Biotech (\u0110\u00e0i Loan) c\u00f3 h\u01a1n 20 n\u0103m kinh nghi\u1ec7m v\u00e0 n\u0103ng l\u1ef1c s\u1ea3n xu\u1ea5t OEM c\u00e1c thi\u1ebft b\u1ecb c\u00f4ng ngh\u1ec7 sinh h\u1ecdc cho c\u00e1c nh\u00e0 cung c\u1ea5p thi\u1ebft b\u1ecb n\u1ed5i ti\u1ebfng tr\u00ean th\u1ebf gi\u1edbi nh\u01b0: Corning, VWR (USA), Labnet, Capp (Denmark), Nichiryo, A&amp;D (Japan), 4titude (UK).<\/span><\/li>\n<li><span style=\"background-color: transparent; color: #000000; font-family: Arial,sans-serif; font-size: 12pt;\">Thi\u1ebft b\u1ecb h\u00e3ng Blue-ray Biotech l\u00e0 s\u1ef1 k\u1ebft h\u1ee3p th\u1ebf m\u1ea1nh gi\u1eefa ng\u00e0nh \u0111i\u1ec7n t\u1eed v\u00e0 c\u00f4ng ngh\u1ec7 sinh h\u1ecdc trong s\u1ea3n xu\u1ea5t c\u00e1c thi\u1ebft b\u1ecb c\u00f4ng ngh\u1ec7 sinh h\u1ecdc ph\u1ee5c v\u1ee5 ng\u00e0nh R&amp;D, x\u00e9t nghi\u1ec7m SHPT &amp; vi sinh. C\u00e1c thi\u1ebft b\u1ecb cung c\u1ea5p bao g\u1ed3m: m\u00e1y realtime-PCR (TurboQ), m\u00e1y PCR (TurboCycler 2, TurboCycler Lite), m\u00e1y \u0111o quang ph\u1ed5 UV-VIS (Ezdrop 1000, EzDrop 1000C), m\u00e1y ly t\u00e2m (TurboFuge), thi\u1ebft b\u1ecb\/ c\u00f4ng c\u1ee5 qu\u1ea3n l\u00fd ch\u1ea5t l\u1ecfng (BlueSwan, EzMate, BluePette), thi\u1ebft b\u1ecb quan s\u00e1t t\u1ebf b\u00e0o nu\u00f4i c\u1ea5y tr\u1ef1c tuy\u1ebfn (Ezscope).<\/span><\/li>\n<li><span style=\"background-color: transparent; color: #000000; font-family: Arial,sans-serif; font-size: 12pt;\">C\u00e1c thi\u1ebft b\u1ecb \u0111\u01b0\u1ee3c s\u1ea3n xu\u1ea5t theo ti\u00eau chu\u1ea9n ISO 9001, ISO 13485, CE, RoHS.<\/span><\/li>\n<li><span style=\"background-color: transparent; color: #000000; font-family: Arial,sans-serif; font-size: 12pt;\">C\u00e1c thi\u1ebft b\u1ecb \u0111\u01b0\u1ee3c s\u1eed d\u1ee5ng v\u00e0 th\u1ec3 hi\u1ec7n \u0111\u1ed9 b\u1ec1n, \u1ed5n \u0111\u1ecbnh t\u1ea1i Vi\u1ec7t Nam t\u1eeb n\u0103m 2017 \u0111\u1ebfn nay.\u00a0<\/span><\/li>\n<li><span style=\"background-color: transparent; color: #000000; font-family: Arial,sans-serif; font-size: 12pt;\">Th\u1eddi gian b\u1ea3o h\u00e0nh ch\u00ednh h\u00e3ng: 18-30 th\u00e1ng.<\/span><\/li>\n<li><span style=\"background-color: transparent; color: #000000; font-family: Arial,sans-serif; font-size: 12pt;\">Gi\u00e1 cung c\u1ea5p r\u1ea5t h\u1ee3p l\u00fd, ph\u00f9 h\u1ee3p v\u1edbi c\u00e1c ph\u00f2ng th\u00ed nghi\u1ec7m t\u01b0 nh\u00e2n, c\u00f4ng ty s\u1ea3n xu\u1ea5t v\u00e0 c\u00e1c Lab nghi\u00ean c\u1ee9u, gi\u1ea3ng d\u1ea1y.<\/span><\/li>\n<\/ul>\n","protected":false},"excerpt":{"rendered":"<p>M\u00e1y PCR Gradient 96 gi\u1ebfng TurboCycler 2 t\u1ed1i \u01b0u h\u00f3a ch\u00ednh x\u00e1c ph\u1ea3n \u1ee9ng PCR M\u00e1y PCR Gradient 96 gi\u1ebfng TurboCycler 2 \u0111\u01b0\u1ee3c thi\u1ebft k\u1ebf \u0111\u1eb7c bi\u1ec7t \u0111\u1ec3 n\u00e2ng cao hi\u1ec7u qu\u1ea3 v\u00e0 \u0111\u1ed9 ch\u00ednh x\u00e1c c\u1ee7a ph\u1ea3n \u1ee9ng PCR. M\u00e1y PCR TurboCycler 2 \u0111\u01b0\u1ee3c trang b\u1ecb m\u00e0n h\u00ecnh c\u1ea3m \u1ee9ng 7 inch nh\u1ea1y v\u00e0<\/p>\n<div class=\"klb-readmore post-buttons\"><a class=\"button rounded primary\" href=\"https:\/\/biogroupvietnam.com\/vi\/san-pham\/pcr-turbocycler-2\/\">Read More <i class=\"klbth-icon-right-arrow\"><\/i><\/a><\/div>\n","protected":false},"featured_media":8919,"comment_status":"closed","ping_status":"closed","template":"","meta":{"_acf_changed":false},"product_brand":[135],"product_cat":[116],"product_tag":[],"class_list":{"0":"post-3599","1":"product","2":"type-product","3":"status-publish","4":"has-post-thumbnail","6":"product_brand-blue-ray-biotech","7":"product_cat-sinh-hoc-phan-tu","9":"first","10":"outofstock","11":"shipping-taxable","12":"product-type-simple"},"acf":[],"yoast_head":"<!-- This site is optimized with the Yoast SEO plugin v26.8 - https:\/\/yoast.com\/product\/yoast-seo-wordpress\/ -->\n<title>M\u00e1y PCR Gradient 96 Gi\u1ebfng TurboCycler 2<\/title>\n<meta name=\"description\" content=\"M\u00e1y PCR Gradient 96 gi\u1ebfng TurboCycler 2\u00a0gi\u00fap t\u0103ng c\u01b0\u1eddng hi\u1ec7u qu\u1ea3 v\u00e0 \u0111\u1ed9 ch\u00ednh x\u00e1c ph\u1ea3n \u1ee9ng PCR.\" \/>\n<meta name=\"robots\" content=\"index, follow, max-snippet:-1, max-image-preview:large, max-video-preview:-1\" \/>\n<link rel=\"canonical\" href=\"https:\/\/biogroupvietnam.com\/vi\/san-pham\/pcr-turbocycler-2\/\" \/>\n<meta property=\"og:locale\" content=\"vi_VN\" \/>\n<meta property=\"og:type\" content=\"article\" \/>\n<meta property=\"og:title\" content=\"M\u00e1y PCR Gradient 96 Gi\u1ebfng TurboCycler 2\" \/>\n<meta property=\"og:description\" content=\"M\u00e1y PCR Gradient 96 gi\u1ebfng TurboCycler 2\u00a0gi\u00fap t\u0103ng c\u01b0\u1eddng hi\u1ec7u qu\u1ea3 v\u00e0 \u0111\u1ed9 ch\u00ednh x\u00e1c ph\u1ea3n \u1ee9ng PCR.\" \/>\n<meta property=\"og:url\" content=\"https:\/\/biogroupvietnam.com\/vi\/san-pham\/pcr-turbocycler-2\/\" \/>\n<meta property=\"og:site_name\" content=\"Biogroup Vietnam\" \/>\n<meta property=\"article:modified_time\" content=\"2025-11-12T11:42:31+00:00\" \/>\n<meta property=\"og:image\" content=\"https:\/\/biogroupvietnam.com\/wp-content\/uploads\/2025\/08\/TurboCycler-2.jpg\" \/>\n\t<meta property=\"og:image:width\" content=\"1640\" \/>\n\t<meta property=\"og:image:height\" content=\"1260\" \/>\n\t<meta property=\"og:image:type\" content=\"image\/jpeg\" \/>\n<meta name=\"twitter:card\" content=\"summary_large_image\" \/>\n<meta name=\"twitter:label1\" content=\"\u01af\u1edbc t\u00ednh th\u1eddi gian \u0111\u1ecdc\" \/>\n\t<meta name=\"twitter:data1\" content=\"4 ph\u00fat\" \/>\n<script type=\"application\/ld+json\" class=\"yoast-schema-graph\">{\"@context\":\"https:\/\/schema.org\",\"@graph\":[{\"@type\":\"WebPage\",\"@id\":\"https:\/\/biogroupvietnam.com\/vi\/san-pham\/pcr-turbocycler-2\/\",\"url\":\"https:\/\/biogroupvietnam.com\/vi\/san-pham\/pcr-turbocycler-2\/\",\"name\":\"M\u00e1y PCR Gradient 96 Gi\u1ebfng TurboCycler 2\",\"isPartOf\":{\"@id\":\"https:\/\/biogroupvietnam.com\/vi\/#website\"},\"primaryImageOfPage\":{\"@id\":\"https:\/\/biogroupvietnam.com\/vi\/san-pham\/pcr-turbocycler-2\/#primaryimage\"},\"image\":{\"@id\":\"https:\/\/biogroupvietnam.com\/vi\/san-pham\/pcr-turbocycler-2\/#primaryimage\"},\"thumbnailUrl\":\"https:\/\/biogroupvietnam.com\/wp-content\/uploads\/2025\/08\/TurboCycler-2.jpg\",\"datePublished\":\"2025-08-18T12:51:22+00:00\",\"dateModified\":\"2025-11-12T11:42:31+00:00\",\"description\":\"M\u00e1y PCR Gradient 96 gi\u1ebfng TurboCycler 2\u00a0gi\u00fap t\u0103ng c\u01b0\u1eddng hi\u1ec7u qu\u1ea3 v\u00e0 \u0111\u1ed9 ch\u00ednh x\u00e1c ph\u1ea3n \u1ee9ng PCR.\",\"breadcrumb\":{\"@id\":\"https:\/\/biogroupvietnam.com\/vi\/san-pham\/pcr-turbocycler-2\/#breadcrumb\"},\"inLanguage\":\"vi\",\"potentialAction\":[{\"@type\":\"ReadAction\",\"target\":[\"https:\/\/biogroupvietnam.com\/vi\/san-pham\/pcr-turbocycler-2\/\"]}]},{\"@type\":\"ImageObject\",\"inLanguage\":\"vi\",\"@id\":\"https:\/\/biogroupvietnam.com\/vi\/san-pham\/pcr-turbocycler-2\/#primaryimage\",\"url\":\"https:\/\/biogroupvietnam.com\/wp-content\/uploads\/2025\/08\/TurboCycler-2.jpg\",\"contentUrl\":\"https:\/\/biogroupvietnam.com\/wp-content\/uploads\/2025\/08\/TurboCycler-2.jpg\",\"width\":1640,\"height\":1260},{\"@type\":\"BreadcrumbList\",\"@id\":\"https:\/\/biogroupvietnam.com\/vi\/san-pham\/pcr-turbocycler-2\/#breadcrumb\",\"itemListElement\":[{\"@type\":\"ListItem\",\"position\":1,\"name\":\"Trang ch\u1ee7\",\"item\":\"https:\/\/biogroupvietnam.com\/vi\/\"},{\"@type\":\"ListItem\",\"position\":2,\"name\":\"S\u1ea3n ph\u1ea9m\",\"item\":\"https:\/\/biogroupvietnam.com\/vi\/san-pham\/\"},{\"@type\":\"ListItem\",\"position\":3,\"name\":\"R&amp;D Sinh H\u1ecdc\",\"item\":\"https:\/\/biogroupvietnam.com\/vi\/danh-muc-san-pham\/rd-sinh-hoc\/\"},{\"@type\":\"ListItem\",\"position\":4,\"name\":\"Sinh H\u1ecdc Ph\u00e2n T\u1eed\",\"item\":\"https:\/\/biogroupvietnam.com\/vi\/danh-muc-san-pham\/sinh-hoc-phan-tu\/\"},{\"@type\":\"ListItem\",\"position\":5,\"name\":\"M\u00e1y PCR Gradient 96 Gi\u1ebfng TurboCycler 2\"}]},{\"@type\":\"WebSite\",\"@id\":\"https:\/\/biogroupvietnam.com\/vi\/#website\",\"url\":\"https:\/\/biogroupvietnam.com\/vi\/\",\"name\":\"Biogroup Vietnam\",\"description\":\"Biogroup Vietnam cung c\u1ea5p d\u1ecbch v\u1ee5 k\u1ef9 thu\u1eadt c\u00f9ng thi\u1ebft b\u1ecb, v\u1eadt t\u01b0, h\u00f3a ch\u1ea5t v\u00e0 gi\u1ea3i ph\u00e1p sinh h\u1ecdc cho ph\u00f2ng th\u00ed nghi\u1ec7m c\u00f4ng ngh\u1ec7 sinh h\u1ecdc, y sinh v\u00e0 y h\u1ecdc t\u00e1i t\u1ea1o.\",\"potentialAction\":[{\"@type\":\"SearchAction\",\"target\":{\"@type\":\"EntryPoint\",\"urlTemplate\":\"https:\/\/biogroupvietnam.com\/vi\/?s={search_term_string}\"},\"query-input\":{\"@type\":\"PropertyValueSpecification\",\"valueRequired\":true,\"valueName\":\"search_term_string\"}}],\"inLanguage\":\"vi\"}]}<\/script>\n<!-- \/ Yoast SEO plugin. -->","yoast_head_json":{"title":"M\u00e1y PCR Gradient 96 Gi\u1ebfng TurboCycler 2","description":"M\u00e1y PCR Gradient 96 gi\u1ebfng TurboCycler 2\u00a0gi\u00fap t\u0103ng c\u01b0\u1eddng hi\u1ec7u qu\u1ea3 v\u00e0 \u0111\u1ed9 ch\u00ednh x\u00e1c ph\u1ea3n \u1ee9ng PCR.","robots":{"index":"index","follow":"follow","max-snippet":"max-snippet:-1","max-image-preview":"max-image-preview:large","max-video-preview":"max-video-preview:-1"},"canonical":"https:\/\/biogroupvietnam.com\/vi\/san-pham\/pcr-turbocycler-2\/","og_locale":"vi_VN","og_type":"article","og_title":"M\u00e1y PCR Gradient 96 Gi\u1ebfng TurboCycler 2","og_description":"M\u00e1y PCR Gradient 96 gi\u1ebfng TurboCycler 2\u00a0gi\u00fap t\u0103ng c\u01b0\u1eddng hi\u1ec7u qu\u1ea3 v\u00e0 \u0111\u1ed9 ch\u00ednh x\u00e1c ph\u1ea3n \u1ee9ng PCR.","og_url":"https:\/\/biogroupvietnam.com\/vi\/san-pham\/pcr-turbocycler-2\/","og_site_name":"Biogroup Vietnam","article_modified_time":"2025-11-12T11:42:31+00:00","og_image":[{"width":1640,"height":1260,"url":"https:\/\/biogroupvietnam.com\/wp-content\/uploads\/2025\/08\/TurboCycler-2.jpg","type":"image\/jpeg"}],"twitter_card":"summary_large_image","twitter_misc":{"\u01af\u1edbc t\u00ednh th\u1eddi gian \u0111\u1ecdc":"4 ph\u00fat"},"schema":{"@context":"https:\/\/schema.org","@graph":[{"@type":"WebPage","@id":"https:\/\/biogroupvietnam.com\/vi\/san-pham\/pcr-turbocycler-2\/","url":"https:\/\/biogroupvietnam.com\/vi\/san-pham\/pcr-turbocycler-2\/","name":"M\u00e1y PCR Gradient 96 Gi\u1ebfng TurboCycler 2","isPartOf":{"@id":"https:\/\/biogroupvietnam.com\/vi\/#website"},"primaryImageOfPage":{"@id":"https:\/\/biogroupvietnam.com\/vi\/san-pham\/pcr-turbocycler-2\/#primaryimage"},"image":{"@id":"https:\/\/biogroupvietnam.com\/vi\/san-pham\/pcr-turbocycler-2\/#primaryimage"},"thumbnailUrl":"https:\/\/biogroupvietnam.com\/wp-content\/uploads\/2025\/08\/TurboCycler-2.jpg","datePublished":"2025-08-18T12:51:22+00:00","dateModified":"2025-11-12T11:42:31+00:00","description":"M\u00e1y PCR Gradient 96 gi\u1ebfng TurboCycler 2\u00a0gi\u00fap t\u0103ng c\u01b0\u1eddng hi\u1ec7u qu\u1ea3 v\u00e0 \u0111\u1ed9 ch\u00ednh x\u00e1c ph\u1ea3n \u1ee9ng PCR.","breadcrumb":{"@id":"https:\/\/biogroupvietnam.com\/vi\/san-pham\/pcr-turbocycler-2\/#breadcrumb"},"inLanguage":"vi","potentialAction":[{"@type":"ReadAction","target":["https:\/\/biogroupvietnam.com\/vi\/san-pham\/pcr-turbocycler-2\/"]}]},{"@type":"ImageObject","inLanguage":"vi","@id":"https:\/\/biogroupvietnam.com\/vi\/san-pham\/pcr-turbocycler-2\/#primaryimage","url":"https:\/\/biogroupvietnam.com\/wp-content\/uploads\/2025\/08\/TurboCycler-2.jpg","contentUrl":"https:\/\/biogroupvietnam.com\/wp-content\/uploads\/2025\/08\/TurboCycler-2.jpg","width":1640,"height":1260},{"@type":"BreadcrumbList","@id":"https:\/\/biogroupvietnam.com\/vi\/san-pham\/pcr-turbocycler-2\/#breadcrumb","itemListElement":[{"@type":"ListItem","position":1,"name":"Trang ch\u1ee7","item":"https:\/\/biogroupvietnam.com\/vi\/"},{"@type":"ListItem","position":2,"name":"S\u1ea3n ph\u1ea9m","item":"https:\/\/biogroupvietnam.com\/vi\/san-pham\/"},{"@type":"ListItem","position":3,"name":"R&amp;D Sinh H\u1ecdc","item":"https:\/\/biogroupvietnam.com\/vi\/danh-muc-san-pham\/rd-sinh-hoc\/"},{"@type":"ListItem","position":4,"name":"Sinh H\u1ecdc Ph\u00e2n T\u1eed","item":"https:\/\/biogroupvietnam.com\/vi\/danh-muc-san-pham\/sinh-hoc-phan-tu\/"},{"@type":"ListItem","position":5,"name":"M\u00e1y PCR Gradient 96 Gi\u1ebfng TurboCycler 2"}]},{"@type":"WebSite","@id":"https:\/\/biogroupvietnam.com\/vi\/#website","url":"https:\/\/biogroupvietnam.com\/vi\/","name":"Biogroup Vietnam","description":"Biogroup Vietnam cung c\u1ea5p d\u1ecbch v\u1ee5 k\u1ef9 thu\u1eadt c\u00f9ng thi\u1ebft b\u1ecb, v\u1eadt t\u01b0, h\u00f3a ch\u1ea5t v\u00e0 gi\u1ea3i ph\u00e1p sinh h\u1ecdc cho ph\u00f2ng th\u00ed nghi\u1ec7m c\u00f4ng ngh\u1ec7 sinh h\u1ecdc, y sinh v\u00e0 y h\u1ecdc t\u00e1i t\u1ea1o.","potentialAction":[{"@type":"SearchAction","target":{"@type":"EntryPoint","urlTemplate":"https:\/\/biogroupvietnam.com\/vi\/?s={search_term_string}"},"query-input":{"@type":"PropertyValueSpecification","valueRequired":true,"valueName":"search_term_string"}}],"inLanguage":"vi"}]}},"_links":{"self":[{"href":"https:\/\/biogroupvietnam.com\/vi\/wp-json\/wp\/v2\/product\/3599","targetHints":{"allow":["GET"]}}],"collection":[{"href":"https:\/\/biogroupvietnam.com\/vi\/wp-json\/wp\/v2\/product"}],"about":[{"href":"https:\/\/biogroupvietnam.com\/vi\/wp-json\/wp\/v2\/types\/product"}],"replies":[{"embeddable":true,"href":"https:\/\/biogroupvietnam.com\/vi\/wp-json\/wp\/v2\/comments?post=3599"}],"version-history":[{"count":4,"href":"https:\/\/biogroupvietnam.com\/vi\/wp-json\/wp\/v2\/product\/3599\/revisions"}],"predecessor-version":[{"id":8926,"href":"https:\/\/biogroupvietnam.com\/vi\/wp-json\/wp\/v2\/product\/3599\/revisions\/8926"}],"wp:featuredmedia":[{"embeddable":true,"href":"https:\/\/biogroupvietnam.com\/vi\/wp-json\/wp\/v2\/media\/8919"}],"wp:attachment":[{"href":"https:\/\/biogroupvietnam.com\/vi\/wp-json\/wp\/v2\/media?parent=3599"}],"wp:term":[{"taxonomy":"product_brand","embeddable":true,"href":"https:\/\/biogroupvietnam.com\/vi\/wp-json\/wp\/v2\/product_brand?post=3599"},{"taxonomy":"product_cat","embeddable":true,"href":"https:\/\/biogroupvietnam.com\/vi\/wp-json\/wp\/v2\/product_cat?post=3599"},{"taxonomy":"product_tag","embeddable":true,"href":"https:\/\/biogroupvietnam.com\/vi\/wp-json\/wp\/v2\/product_tag?post=3599"}],"curies":[{"name":"wp","href":"https:\/\/api.w.org\/{rel}","templated":true}]}}