{"id":3600,"date":"2025-08-18T19:51:22","date_gmt":"2025-08-18T12:51:22","guid":{"rendered":"http:\/\/biogroupvietnam-worldpress.local\/product\/import-placeholder-for-20\/"},"modified":"2025-11-12T18:42:20","modified_gmt":"2025-11-12T11:42:20","slug":"pcr-turbocycler-lite","status":"publish","type":"product","link":"https:\/\/biogroupvietnam.com\/vi\/san-pham\/pcr-turbocycler-lite\/","title":{"rendered":"M\u00e1y PCR Gradient 96 Gi\u1ebfng TurboCycler Lite"},"content":{"rendered":"<p><span style=\"background-color: transparent; color: #000000; font-family: Arial,sans-serif; font-size: 12pt;\"><i><strong>M\u00e1y PCR Gradient 96 gi\u1ebfng TurboCycler Lite linh ho\u1ea1t, gi\u00e1 c\u1ea3 h\u1ee3p l\u00fd<\/strong><\/i><\/span><\/p>\n<p><span style=\"background-color: transparent; color: #000000; font-family: Arial,sans-serif; font-size: 12pt;\">M\u00e1y PCR gradient 96 gi\u1ebfng TurboCycler Lite l\u00e0 l\u1ef1a ch\u1ecdn ph\u00f9 h\u1ee3p khi th\u1ef1c hi\u1ec7n ch\u1ea1y PCR th\u00f4ng th\u01b0\u1eddng. M\u00e1y PCR TurboCycler Lite \u0111i k\u00e8m v\u1edbi c\u00e1c t\u00ednh n\u0103ng \u1ea5n t\u01b0\u1ee3ng, bao g\u1ed3m giao di\u1ec7n ho\u1ea1t \u0111\u1ed9ng tr\u1ef1c quan, t\u1ed1i \u01b0u h\u00f3a gradient, ki\u1ec3m so\u00e1t t\u1ed1c \u0111\u1ed9 gia nhi\u1ec7t \u0111\u1ed9 ch\u1eadm ti\u00ean ti\u1ebfn v\u00e0 nhi\u1ec7t \u0111\u1ed9 n\u1eafp \u0111\u1eady c\u00f3 th\u1ec3 \u0111i\u1ec1u ch\u1ec9nh.<\/span><\/p>\n<h3><span style=\"background-color: transparent; color: #000000; font-family: Arial,sans-serif; font-size: 16pt;\"><strong>\u0110\u1eb7c \u0111i\u1ec3m n\u1ed5i b\u1eadt &amp; t\u00ednh n\u0103ng k\u1ef9 thu\u1eadt<\/strong><\/span><\/h3>\n<ul>\n<li><span style=\"background-color: transparent; color: #000000; font-family: Arial,sans-serif; font-size: 12pt;\">M\u00e1y TurboCycler Lite c\u00f3 96 v\u1ecb tr\u00ed ph\u00f9 h\u1ee3p \u1ed1ng PCR 0.2ml, strips 8 gi\u1ebfng, \u0111\u0129a PCR 96 gi\u1ebfng c\u00f3 ho\u1eb7c kh\u00f4ng c\u00f3 n\u1eafp \u0111\u1eady.<\/span><\/li>\n<li><span style=\"background-color: transparent; color: #000000; font-family: Arial,sans-serif; font-size: 12pt;\">M\u00e1y \u0111\u01b0\u1ee3c thi\u1ebft k\u1ebf \u0111\u01a1n gi\u1ea3n, giao di\u1ec7n d\u1ec5 hi\u1ec3u qua m\u00e0n h\u00ecnh ch\u1ea1m (touch keypad), v\u1eadn h\u00e0nh d\u1ec5 d\u00e0ng, c\u00f3 gi\u00e1 c\u1ea1nh tranh.<\/span><\/li>\n<li><span style=\"background-color: transparent; color: #000000; font-family: Arial,sans-serif; font-size: 12pt;\">Gia nhi\u1ec7t nhanh ch\u00f3ng, ch\u00ednh x\u00e1c, v\u00e0 \u0111\u1ed3ng nh\u1ea5t.<\/span><\/li>\n<li><span style=\"background-color: transparent; color: #000000; font-family: Arial,sans-serif; font-size: 12pt;\">T\u1ed1c \u0111\u1ed9 gia nhi\u1ec7t t\u1ed1i \u0111a: 3,0\u00b0C \/gi\u00e2y.<\/span><\/li>\n<li><span style=\"background-color: transparent; color: #000000; font-family: Arial,sans-serif; font-size: 12pt;\">T\u00f4c \u0111\u1ed9 l\u00e0m l\u1ea1nh t\u1ed1i \u0111a:\u00a0 2,0\u00b0C \/gi\u00e2y.<\/span><\/li>\n<li><span style=\"background-color: transparent; color: #000000; font-family: Arial,sans-serif; font-size: 12pt;\">\u0110\u1ed9 ch\u00ednh x\u00e1c nhi\u1ec7t \u0111\u1ed9: \u00b1 0,3\u00b0C.<\/span><\/li>\n<li><span style=\"background-color: transparent; color: #000000; font-family: Arial,sans-serif; font-size: 12pt;\">Nhi\u1ec7t \u0111\u1ed9 \u0111\u1ed3ng nh\u1ea5t gi\u1eefa c\u00e1c gi\u1ebfng PCR: \u00b1 0,5\u00b0C<\/span><\/li>\n<li><span style=\"background-color: transparent; color: #000000; font-family: Arial,sans-serif; font-size: 12pt;\">T\u1ed1i \u01b0u PCR protocol nhanh b\u1eb1ng d\u00e3y nhi\u1ec7t \u0111\u1ed9 gradient.<\/span><\/li>\n<li><span style=\"background-color: transparent; color: #000000; font-family: Arial,sans-serif; font-size: 12pt;\">\u0110\u1ea1t ti\u00eau chu\u1ea9n: CE, RoHS.<\/span><\/li>\n<\/ul>\n<h3><span style=\"background-color: transparent; color: #000000; font-family: Arial,sans-serif; font-size: 16pt;\"><strong>Ch\u00ednh s\u00e1ch h\u1ed7 tr\u1ee3 kh\u00e1ch h\u00e0ng (t\u1eeb Blue-Ray Biotech v\u00e0 Biogroup Vietnam)<\/strong><\/span><\/h3>\n<ul>\n<li><span style=\"background-color: transparent; color: #000000; font-family: Arial,sans-serif; font-size: 12pt;\">B\u1ea3o h\u00e0nh ch\u00ednh h\u00e3ng: 30 th\u00e1ng.<\/span><\/li>\n<li><span style=\"background-color: transparent; color: #000000; font-family: Arial,sans-serif; font-size: 12pt;\">C\u00f3 s\u1eb3n m\u00e1y demo \u0111\u1ec3 kh\u00e1ch h\u00e0ng d\u00f9ng th\u1eed, tr\u00e3i nghi\u1ec7m.<\/span><\/li>\n<li><span style=\"background-color: transparent; color: #000000; font-family: Arial,sans-serif; font-size: 12pt;\">Gi\u00e1 r\u1ea5t c\u1ea1nh tranh (th\u1ea5p h\u01a1n c\u00e1c s\u1ea3n ph\u1ea9m h\u00e3ng kh\u00e1c c\u00f3 t\u00ednh n\u0103ng k\u1ef9 thu\u1eadt t\u01b0\u01a1ng \u0111\u01b0\u01a1ng).<\/span><\/li>\n<\/ul>\n<h3><span style=\"background-color: transparent; color: #000000; font-family: Arial,sans-serif; font-size: 16pt;\"><strong>L\u00fd do n\u00ean ch\u1ecdn thi\u1ebft b\u1ecb t\u1eeb Blue-ray Biotech<\/strong><\/span><\/h3>\n<ul>\n<li><span style=\"background-color: transparent; color: #000000; font-family: Arial,sans-serif; font-size: 12pt;\">Ng\u00e0nh \u0111i\u1ec7n t\u1eed l\u00e0 th\u1ebf m\u1ea1nh c\u1ee7a ng\u00e0nh c\u00f4ng nghi\u1ec7p t\u1ea1i \u0110\u00e0i Loan v\u00e0 \u0111\u01b0\u1ee3c th\u1ec3 hi\u1ec7n qua h\u00e0ng lo\u1ea1t h\u1ee3p \u0111\u1ed3ng gia c\u00f4ng \u0111i\u1ec7n t\u1eed v\u1edbi c\u00e1c t\u1eadp \u0111o\u00e0n \u0111a qu\u1ed1c gia n\u1ed5i ti\u1ebfng tr\u00ean th\u1ebf gi\u1edbi.<\/span><\/li>\n<li><span style=\"background-color: transparent; color: #000000; font-family: Arial,sans-serif; font-size: 12pt;\">Blue-Ray Biotech tr\u1ef1c thu\u1ed9c c\u00f4ng ty Arise Biotech (\u0110\u00e0i Loan) c\u00f3 h\u01a1n 20 n\u0103m kinh nghi\u1ec7m v\u00e0 n\u0103ng l\u1ef1c s\u1ea3n xu\u1ea5t OEM c\u00e1c thi\u1ebft b\u1ecb c\u00f4ng ngh\u1ec7 sinh h\u1ecdc cho c\u00e1c nh\u00e0 cung c\u1ea5p thi\u1ebft b\u1ecb n\u1ed5i ti\u1ebfng tr\u00ean th\u1ebf gi\u1edbi nh\u01b0: Corning, VWR (USA), Labnet, Capp (Denmark), Nichiryo, A&amp;D (Japan), 4titude (UK).<\/span><\/li>\n<li><span style=\"background-color: transparent; color: #000000; font-family: Arial,sans-serif; font-size: 12pt;\">Thi\u1ebft b\u1ecb h\u00e3ng Blue-ray Biotech l\u00e0 s\u1ef1 k\u1ebft h\u1ee3p th\u1ebf m\u1ea1nh gi\u1eefa ng\u00e0nh \u0111i\u1ec7n t\u1eed v\u00e0 c\u00f4ng ngh\u1ec7 sinh h\u1ecdc trong s\u1ea3n xu\u1ea5t c\u00e1c thi\u1ebft b\u1ecb c\u00f4ng ngh\u1ec7 sinh h\u1ecdc ph\u1ee5c v\u1ee5 ng\u00e0nh R&amp;D, x\u00e9t nghi\u1ec7m SHPT &amp; vi sinh. C\u00e1c thi\u1ebft b\u1ecb cung c\u1ea5p bao g\u1ed3m: m\u00e1y realtime-PCR (TurboQ), m\u00e1y PCR (TurboCycler 2, TurboCycler Lite), m\u00e1y quang ph\u1ed5 UV-VIS (Ezdrop 1000, EzDrop 1000C), m\u00e1y ly t\u00e2m (TurboFuge), thi\u1ebft b\u1ecb\/ c\u00f4ng c\u1ee5 qu\u1ea3n l\u00fd ch\u1ea5t l\u1ecfng (BlueSwan, EzMate, BluePette), thi\u1ebft b\u1ecb quan s\u00e1t t\u1ebf b\u00e0o nu\u00f4i c\u1ea5y tr\u1ef1c tuy\u1ebfn (Ezscope).<\/span><\/li>\n<li><span style=\"background-color: transparent; color: #000000; font-family: Arial,sans-serif; font-size: 12pt;\">C\u00e1c thi\u1ebft b\u1ecb \u0111\u01b0\u1ee3c s\u1ea3n xu\u1ea5t theo ti\u00eau chu\u1ea9n ISO 9001, ISO 13485, CE, RoHS.<\/span><\/li>\n<li><span style=\"background-color: transparent; color: #000000; font-family: Arial,sans-serif; font-size: 12pt;\">C\u00e1c thi\u1ebft b\u1ecb \u0111\u01b0\u1ee3c s\u1eed d\u1ee5ng v\u00e0 th\u1ec3 hi\u1ec7n \u0111\u1ed9 b\u1ec1n, \u1ed5n \u0111\u1ecbnh t\u1ea1i Vi\u1ec7t Nam t\u1eeb n\u0103m 2017 \u0111\u1ebfn nay.\u00a0<\/span><\/li>\n<li><span style=\"background-color: transparent; color: #000000; font-family: Arial,sans-serif; font-size: 12pt;\">Th\u1eddi gian b\u1ea3o h\u00e0nh ch\u00ednh h\u00e3ng: 18-30 th\u00e1ng.<\/span><\/li>\n<li><span style=\"background-color: transparent; color: #000000; font-family: Arial,sans-serif; font-size: 12pt;\">Gi\u00e1 cung c\u1ea5p r\u1ea5t h\u1ee3p l\u00fd, ph\u00f9 h\u1ee3p v\u1edbi c\u00e1c ph\u00f2ng th\u00ed nghi\u1ec7m t\u01b0 nh\u00e2n, c\u00f4ng ty s\u1ea3n xu\u1ea5t v\u00e0 c\u00e1c Lab nghi\u00ean c\u1ee9u, gi\u1ea3ng d\u1ea1y.<\/span><\/li>\n<\/ul>\n","protected":false},"excerpt":{"rendered":"<p>M\u00e1y PCR Gradient 96 gi\u1ebfng TurboCycler Lite linh ho\u1ea1t, gi\u00e1 c\u1ea3 h\u1ee3p l\u00fd M\u00e1y PCR gradient 96 gi\u1ebfng TurboCycler Lite l\u00e0 l\u1ef1a ch\u1ecdn ph\u00f9 h\u1ee3p khi th\u1ef1c hi\u1ec7n ch\u1ea1y PCR th\u00f4ng th\u01b0\u1eddng. M\u00e1y PCR TurboCycler Lite \u0111i k\u00e8m v\u1edbi c\u00e1c t\u00ednh n\u0103ng \u1ea5n t\u01b0\u1ee3ng, bao g\u1ed3m giao di\u1ec7n ho\u1ea1t \u0111\u1ed9ng tr\u1ef1c quan, t\u1ed1i \u01b0u h\u00f3a<\/p>\n<div class=\"klb-readmore post-buttons\"><a class=\"button rounded primary\" href=\"https:\/\/biogroupvietnam.com\/vi\/san-pham\/pcr-turbocycler-lite\/\">Read More <i class=\"klbth-icon-right-arrow\"><\/i><\/a><\/div>\n","protected":false},"featured_media":8918,"comment_status":"closed","ping_status":"closed","template":"","meta":{"_acf_changed":false},"product_brand":[135],"product_cat":[116],"product_tag":[],"class_list":{"0":"post-3600","1":"product","2":"type-product","3":"status-publish","4":"has-post-thumbnail","6":"product_brand-blue-ray-biotech","7":"product_cat-sinh-hoc-phan-tu","9":"first","10":"outofstock","11":"shipping-taxable","12":"product-type-simple"},"acf":[],"yoast_head":"<!-- This site is optimized with the Yoast SEO plugin v26.8 - https:\/\/yoast.com\/product\/yoast-seo-wordpress\/ -->\n<title>M\u00e1y PCR Gradient 96 Gi\u1ebfng TurboCycler Lite<\/title>\n<meta name=\"description\" content=\"M\u00e1y PCR Gradient\u00a096 gi\u1ebfng TurboCycler Lite cung c\u1ea5p c\u00e1c kh\u1ea3 n\u0103ng linh ho\u1ea1t c\u1ee7a m\u1ed9t m\u00e1y PCR v\u1edbi gi\u00e1 ph\u1ea3i ch\u0103ng.\" \/>\n<meta name=\"robots\" content=\"index, follow, max-snippet:-1, max-image-preview:large, max-video-preview:-1\" \/>\n<link rel=\"canonical\" href=\"https:\/\/biogroupvietnam.com\/vi\/san-pham\/pcr-turbocycler-lite\/\" \/>\n<meta property=\"og:locale\" content=\"vi_VN\" \/>\n<meta property=\"og:type\" content=\"article\" \/>\n<meta property=\"og:title\" content=\"M\u00e1y PCR Gradient 96 Gi\u1ebfng TurboCycler Lite\" \/>\n<meta property=\"og:description\" content=\"M\u00e1y PCR Gradient\u00a096 gi\u1ebfng TurboCycler Lite cung c\u1ea5p c\u00e1c kh\u1ea3 n\u0103ng linh ho\u1ea1t c\u1ee7a m\u1ed9t m\u00e1y PCR v\u1edbi gi\u00e1 ph\u1ea3i ch\u0103ng.\" \/>\n<meta property=\"og:url\" content=\"https:\/\/biogroupvietnam.com\/vi\/san-pham\/pcr-turbocycler-lite\/\" \/>\n<meta property=\"og:site_name\" content=\"Biogroup Vietnam\" \/>\n<meta property=\"article:modified_time\" content=\"2025-11-12T11:42:20+00:00\" \/>\n<meta property=\"og:image\" content=\"https:\/\/biogroupvietnam.com\/wp-content\/uploads\/2025\/08\/TurboCycler-Lite.jpg\" \/>\n\t<meta property=\"og:image:width\" content=\"1640\" \/>\n\t<meta property=\"og:image:height\" content=\"1260\" \/>\n\t<meta property=\"og:image:type\" content=\"image\/jpeg\" \/>\n<meta name=\"twitter:card\" content=\"summary_large_image\" \/>\n<meta name=\"twitter:label1\" content=\"\u01af\u1edbc t\u00ednh th\u1eddi gian \u0111\u1ecdc\" \/>\n\t<meta name=\"twitter:data1\" content=\"3 ph\u00fat\" \/>\n<script type=\"application\/ld+json\" class=\"yoast-schema-graph\">{\"@context\":\"https:\/\/schema.org\",\"@graph\":[{\"@type\":\"WebPage\",\"@id\":\"https:\/\/biogroupvietnam.com\/vi\/san-pham\/pcr-turbocycler-lite\/\",\"url\":\"https:\/\/biogroupvietnam.com\/vi\/san-pham\/pcr-turbocycler-lite\/\",\"name\":\"M\u00e1y PCR Gradient 96 Gi\u1ebfng TurboCycler Lite\",\"isPartOf\":{\"@id\":\"https:\/\/biogroupvietnam.com\/vi\/#website\"},\"primaryImageOfPage\":{\"@id\":\"https:\/\/biogroupvietnam.com\/vi\/san-pham\/pcr-turbocycler-lite\/#primaryimage\"},\"image\":{\"@id\":\"https:\/\/biogroupvietnam.com\/vi\/san-pham\/pcr-turbocycler-lite\/#primaryimage\"},\"thumbnailUrl\":\"https:\/\/biogroupvietnam.com\/wp-content\/uploads\/2025\/08\/TurboCycler-Lite.jpg\",\"datePublished\":\"2025-08-18T12:51:22+00:00\",\"dateModified\":\"2025-11-12T11:42:20+00:00\",\"description\":\"M\u00e1y PCR Gradient\u00a096 gi\u1ebfng TurboCycler Lite cung c\u1ea5p c\u00e1c kh\u1ea3 n\u0103ng linh ho\u1ea1t c\u1ee7a m\u1ed9t m\u00e1y PCR v\u1edbi gi\u00e1 ph\u1ea3i ch\u0103ng.\",\"breadcrumb\":{\"@id\":\"https:\/\/biogroupvietnam.com\/vi\/san-pham\/pcr-turbocycler-lite\/#breadcrumb\"},\"inLanguage\":\"vi\",\"potentialAction\":[{\"@type\":\"ReadAction\",\"target\":[\"https:\/\/biogroupvietnam.com\/vi\/san-pham\/pcr-turbocycler-lite\/\"]}]},{\"@type\":\"ImageObject\",\"inLanguage\":\"vi\",\"@id\":\"https:\/\/biogroupvietnam.com\/vi\/san-pham\/pcr-turbocycler-lite\/#primaryimage\",\"url\":\"https:\/\/biogroupvietnam.com\/wp-content\/uploads\/2025\/08\/TurboCycler-Lite.jpg\",\"contentUrl\":\"https:\/\/biogroupvietnam.com\/wp-content\/uploads\/2025\/08\/TurboCycler-Lite.jpg\",\"width\":1640,\"height\":1260},{\"@type\":\"BreadcrumbList\",\"@id\":\"https:\/\/biogroupvietnam.com\/vi\/san-pham\/pcr-turbocycler-lite\/#breadcrumb\",\"itemListElement\":[{\"@type\":\"ListItem\",\"position\":1,\"name\":\"Trang ch\u1ee7\",\"item\":\"https:\/\/biogroupvietnam.com\/vi\/\"},{\"@type\":\"ListItem\",\"position\":2,\"name\":\"S\u1ea3n ph\u1ea9m\",\"item\":\"https:\/\/biogroupvietnam.com\/vi\/san-pham\/\"},{\"@type\":\"ListItem\",\"position\":3,\"name\":\"R&amp;D Sinh H\u1ecdc\",\"item\":\"https:\/\/biogroupvietnam.com\/vi\/danh-muc-san-pham\/rd-sinh-hoc\/\"},{\"@type\":\"ListItem\",\"position\":4,\"name\":\"Sinh H\u1ecdc Ph\u00e2n T\u1eed\",\"item\":\"https:\/\/biogroupvietnam.com\/vi\/danh-muc-san-pham\/sinh-hoc-phan-tu\/\"},{\"@type\":\"ListItem\",\"position\":5,\"name\":\"M\u00e1y PCR Gradient 96 Gi\u1ebfng TurboCycler Lite\"}]},{\"@type\":\"WebSite\",\"@id\":\"https:\/\/biogroupvietnam.com\/vi\/#website\",\"url\":\"https:\/\/biogroupvietnam.com\/vi\/\",\"name\":\"Biogroup Vietnam\",\"description\":\"Biogroup Vietnam cung c\u1ea5p d\u1ecbch v\u1ee5 k\u1ef9 thu\u1eadt c\u00f9ng thi\u1ebft b\u1ecb, v\u1eadt t\u01b0, h\u00f3a ch\u1ea5t v\u00e0 gi\u1ea3i ph\u00e1p sinh h\u1ecdc cho ph\u00f2ng th\u00ed nghi\u1ec7m c\u00f4ng ngh\u1ec7 sinh h\u1ecdc, y sinh v\u00e0 y h\u1ecdc t\u00e1i t\u1ea1o.\",\"potentialAction\":[{\"@type\":\"SearchAction\",\"target\":{\"@type\":\"EntryPoint\",\"urlTemplate\":\"https:\/\/biogroupvietnam.com\/vi\/?s={search_term_string}\"},\"query-input\":{\"@type\":\"PropertyValueSpecification\",\"valueRequired\":true,\"valueName\":\"search_term_string\"}}],\"inLanguage\":\"vi\"}]}<\/script>\n<!-- \/ Yoast SEO plugin. -->","yoast_head_json":{"title":"M\u00e1y PCR Gradient 96 Gi\u1ebfng TurboCycler Lite","description":"M\u00e1y PCR Gradient\u00a096 gi\u1ebfng TurboCycler Lite cung c\u1ea5p c\u00e1c kh\u1ea3 n\u0103ng linh ho\u1ea1t c\u1ee7a m\u1ed9t m\u00e1y PCR v\u1edbi gi\u00e1 ph\u1ea3i ch\u0103ng.","robots":{"index":"index","follow":"follow","max-snippet":"max-snippet:-1","max-image-preview":"max-image-preview:large","max-video-preview":"max-video-preview:-1"},"canonical":"https:\/\/biogroupvietnam.com\/vi\/san-pham\/pcr-turbocycler-lite\/","og_locale":"vi_VN","og_type":"article","og_title":"M\u00e1y PCR Gradient 96 Gi\u1ebfng TurboCycler Lite","og_description":"M\u00e1y PCR Gradient\u00a096 gi\u1ebfng TurboCycler Lite cung c\u1ea5p c\u00e1c kh\u1ea3 n\u0103ng linh ho\u1ea1t c\u1ee7a m\u1ed9t m\u00e1y PCR v\u1edbi gi\u00e1 ph\u1ea3i ch\u0103ng.","og_url":"https:\/\/biogroupvietnam.com\/vi\/san-pham\/pcr-turbocycler-lite\/","og_site_name":"Biogroup Vietnam","article_modified_time":"2025-11-12T11:42:20+00:00","og_image":[{"width":1640,"height":1260,"url":"https:\/\/biogroupvietnam.com\/wp-content\/uploads\/2025\/08\/TurboCycler-Lite.jpg","type":"image\/jpeg"}],"twitter_card":"summary_large_image","twitter_misc":{"\u01af\u1edbc t\u00ednh th\u1eddi gian \u0111\u1ecdc":"3 ph\u00fat"},"schema":{"@context":"https:\/\/schema.org","@graph":[{"@type":"WebPage","@id":"https:\/\/biogroupvietnam.com\/vi\/san-pham\/pcr-turbocycler-lite\/","url":"https:\/\/biogroupvietnam.com\/vi\/san-pham\/pcr-turbocycler-lite\/","name":"M\u00e1y PCR Gradient 96 Gi\u1ebfng TurboCycler Lite","isPartOf":{"@id":"https:\/\/biogroupvietnam.com\/vi\/#website"},"primaryImageOfPage":{"@id":"https:\/\/biogroupvietnam.com\/vi\/san-pham\/pcr-turbocycler-lite\/#primaryimage"},"image":{"@id":"https:\/\/biogroupvietnam.com\/vi\/san-pham\/pcr-turbocycler-lite\/#primaryimage"},"thumbnailUrl":"https:\/\/biogroupvietnam.com\/wp-content\/uploads\/2025\/08\/TurboCycler-Lite.jpg","datePublished":"2025-08-18T12:51:22+00:00","dateModified":"2025-11-12T11:42:20+00:00","description":"M\u00e1y PCR Gradient\u00a096 gi\u1ebfng TurboCycler Lite cung c\u1ea5p c\u00e1c kh\u1ea3 n\u0103ng linh ho\u1ea1t c\u1ee7a m\u1ed9t m\u00e1y PCR v\u1edbi gi\u00e1 ph\u1ea3i ch\u0103ng.","breadcrumb":{"@id":"https:\/\/biogroupvietnam.com\/vi\/san-pham\/pcr-turbocycler-lite\/#breadcrumb"},"inLanguage":"vi","potentialAction":[{"@type":"ReadAction","target":["https:\/\/biogroupvietnam.com\/vi\/san-pham\/pcr-turbocycler-lite\/"]}]},{"@type":"ImageObject","inLanguage":"vi","@id":"https:\/\/biogroupvietnam.com\/vi\/san-pham\/pcr-turbocycler-lite\/#primaryimage","url":"https:\/\/biogroupvietnam.com\/wp-content\/uploads\/2025\/08\/TurboCycler-Lite.jpg","contentUrl":"https:\/\/biogroupvietnam.com\/wp-content\/uploads\/2025\/08\/TurboCycler-Lite.jpg","width":1640,"height":1260},{"@type":"BreadcrumbList","@id":"https:\/\/biogroupvietnam.com\/vi\/san-pham\/pcr-turbocycler-lite\/#breadcrumb","itemListElement":[{"@type":"ListItem","position":1,"name":"Trang ch\u1ee7","item":"https:\/\/biogroupvietnam.com\/vi\/"},{"@type":"ListItem","position":2,"name":"S\u1ea3n ph\u1ea9m","item":"https:\/\/biogroupvietnam.com\/vi\/san-pham\/"},{"@type":"ListItem","position":3,"name":"R&amp;D Sinh H\u1ecdc","item":"https:\/\/biogroupvietnam.com\/vi\/danh-muc-san-pham\/rd-sinh-hoc\/"},{"@type":"ListItem","position":4,"name":"Sinh H\u1ecdc Ph\u00e2n T\u1eed","item":"https:\/\/biogroupvietnam.com\/vi\/danh-muc-san-pham\/sinh-hoc-phan-tu\/"},{"@type":"ListItem","position":5,"name":"M\u00e1y PCR Gradient 96 Gi\u1ebfng TurboCycler Lite"}]},{"@type":"WebSite","@id":"https:\/\/biogroupvietnam.com\/vi\/#website","url":"https:\/\/biogroupvietnam.com\/vi\/","name":"Biogroup Vietnam","description":"Biogroup Vietnam cung c\u1ea5p d\u1ecbch v\u1ee5 k\u1ef9 thu\u1eadt c\u00f9ng thi\u1ebft b\u1ecb, v\u1eadt t\u01b0, h\u00f3a ch\u1ea5t v\u00e0 gi\u1ea3i ph\u00e1p sinh h\u1ecdc cho ph\u00f2ng th\u00ed nghi\u1ec7m c\u00f4ng ngh\u1ec7 sinh h\u1ecdc, y sinh v\u00e0 y h\u1ecdc t\u00e1i t\u1ea1o.","potentialAction":[{"@type":"SearchAction","target":{"@type":"EntryPoint","urlTemplate":"https:\/\/biogroupvietnam.com\/vi\/?s={search_term_string}"},"query-input":{"@type":"PropertyValueSpecification","valueRequired":true,"valueName":"search_term_string"}}],"inLanguage":"vi"}]}},"_links":{"self":[{"href":"https:\/\/biogroupvietnam.com\/vi\/wp-json\/wp\/v2\/product\/3600","targetHints":{"allow":["GET"]}}],"collection":[{"href":"https:\/\/biogroupvietnam.com\/vi\/wp-json\/wp\/v2\/product"}],"about":[{"href":"https:\/\/biogroupvietnam.com\/vi\/wp-json\/wp\/v2\/types\/product"}],"replies":[{"embeddable":true,"href":"https:\/\/biogroupvietnam.com\/vi\/wp-json\/wp\/v2\/comments?post=3600"}],"version-history":[{"count":4,"href":"https:\/\/biogroupvietnam.com\/vi\/wp-json\/wp\/v2\/product\/3600\/revisions"}],"predecessor-version":[{"id":8925,"href":"https:\/\/biogroupvietnam.com\/vi\/wp-json\/wp\/v2\/product\/3600\/revisions\/8925"}],"wp:featuredmedia":[{"embeddable":true,"href":"https:\/\/biogroupvietnam.com\/vi\/wp-json\/wp\/v2\/media\/8918"}],"wp:attachment":[{"href":"https:\/\/biogroupvietnam.com\/vi\/wp-json\/wp\/v2\/media?parent=3600"}],"wp:term":[{"taxonomy":"product_brand","embeddable":true,"href":"https:\/\/biogroupvietnam.com\/vi\/wp-json\/wp\/v2\/product_brand?post=3600"},{"taxonomy":"product_cat","embeddable":true,"href":"https:\/\/biogroupvietnam.com\/vi\/wp-json\/wp\/v2\/product_cat?post=3600"},{"taxonomy":"product_tag","embeddable":true,"href":"https:\/\/biogroupvietnam.com\/vi\/wp-json\/wp\/v2\/product_tag?post=3600"}],"curies":[{"name":"wp","href":"https:\/\/api.w.org\/{rel}","templated":true}]}}