{"id":3601,"date":"2025-08-18T19:51:22","date_gmt":"2025-08-18T12:51:22","guid":{"rendered":"http:\/\/biogroupvietnam-worldpress.local\/product\/import-placeholder-for-21\/"},"modified":"2025-11-18T09:24:06","modified_gmt":"2025-11-18T02:24:06","slug":"bo-tui-xu-ly-axp","status":"publish","type":"product","link":"https:\/\/biogroupvietnam.com\/vi\/san-pham\/bo-tui-xu-ly-axp\/","title":{"rendered":"B\u1ed9 T\u00fai X\u1eed L\u00fd AXP"},"content":{"rendered":"<h2 style=\"text-align: justify;\">B\u1ed9 t\u00fai x\u1eed l\u00fd AXP\u00a0\u0111\u01b0\u1ee3c thi\u1ebft k\u1ebf d\u00f9ng v\u1edbi <a href=\"https:\/\/biogroupvietnam.com\/vi\/products\/xu-ly-te-bao\/xu-ly-mau-cuong-ron-tu-dong\/he-thong-axp-ii.html\">h\u1ec7 th\u1ed1ng AXP II<\/a> x\u1eed l\u00fd m\u00e1u cu\u1ed1ng r\u1ed1n t\u1ef1 \u0111\u1ed9ng, kh\u00e9p k\u00edn v\u00e0 v\u00f4 tr\u00f9ng.<\/h2>\n<h3><strong>\u0110\u1eb7c \u0111i\u1ec3m &amp; ti\u1ec7n \u00edch c\u1ee7a b\u1ed9 t\u00fai x\u1eed l\u00fd AXP:<\/strong><\/h3>\n<ul>\n<li>\n<p style=\"text-align: justify;\">\u0110\u01b0\u1ee3c thi\u1ebft k\u1ebf d\u00f9ng chung v\u1edbi h\u1ec7 th\u1ed1ng AXP x\u1eed l\u00fd m\u00e1u cu\u1ed1ng r\u1ed1n\u00a0t\u1ef1 \u0111\u1ed9ng.<\/p>\n<\/li>\n<li>\n<p style=\"text-align: justify;\">S\u1eed d\u1ee5ng m\u1ed9t l\u1ea7n, ti\u1ec7t tr\u00f9ng s\u1eb3n b\u1eb1ng tia ph\u00f3ng x\u1ea1, \u1ed1ng ch\u1ee9a\/ d\u1eabn\u00a0ch\u1ea5t l\u1ecfng kh\u00f4ng g\u00e2y d\u1ecb \u1ee9ng (nonpyrogenic fluid path), c\u00f3 filter l\u1ecdc khu\u1ea9n, c\u00f3 \u1ed1ng l\u1ea5y m\u1eabu sampling \u0111\u1ea3m b\u1ea3o v\u00f4 tr\u00f9ng.<\/p>\n<\/li>\n<li>\n<p style=\"text-align: justify;\">\u0110\u00e1p \u1ee9ng ti\u00eau chu\u1ea9n cGMP and cGTP \u0111\u01b0\u1ee3c ch\u1ee9ng nh\u1eadn b\u1edfi FDA M\u1ef9.<\/p>\n<\/li>\n<li>\n<p style=\"text-align: justify;\">Cho ph\u00e9p thu th\u1eadp \u0111\u01b0\u1ee3c 3 lo\u1ea1i th\u00e0nh ph\u1ea7n m\u00e1u kh\u00e1c nhau (h\u1ed1ng c\u1ea7u, huy\u1ebft t\u01b0\u01a1ng, v\u00e0 l\u1edbp buffy coat gi\u00e0u t\u1ebf b\u00e0o g\u1ed1c).<\/p>\n<\/li>\n<li>B\u1ed9 t\u00fai x\u1eed l\u00fd m\u00e1u cu\u1ed1ng r\u1ed1n \u0111\u01b0\u1ee3c thi\u1ebft k\u1ebf ho\u00e0n to\u00e0n kh\u00e9p k\u00edn, ti\u1ec7t tr\u00f9ng b\u1eb1ng chi\u1ebfu x\u1ea1.<\/li>\n<\/ul>\n<h3><strong>B\u1ed9 t\u00fai x\u1eed l\u00fd AXP\u00a0bao g\u1ed3m:<\/strong><\/h3>\n<ul>\n<li>T\u00fai x\u1eed l\u00fd\/ ch\u1ee9a huy\u1ebft t\u01b0\u01a1ng (Processing\/plasma bag)\u00a0c\u00f3 th\u1ec3 t\u00edch 205 mL.<\/li>\n<li>T\u00fai ch\u1ee9a t\u1ebf b\u00e0o h\u1ed3ng c\u1ea7u (RBC bag) c\u00f3 th\u1ec3 t\u00edch 70 mL.<\/li>\n<li><strong>T\u00fai \u0111\u00f4ng s\u00e2u (Freezing bag) l\u00e0 t\u00fai ch\u1ee9a \u0111\u01a1n v\u1ecb m\u00e1u cu\u1ed1ng r\u1ed1n (CB unit)\u00a0l\u00e0m b\u1eb1ng v\u1eadt li\u1ec7u EVA (Ethylene Vinyl Acetate), \u0111\u01b0\u1ee3c thi\u1ebft k\u1ebf 3 chi\u1ec1u (3-D): c\u00f3 th\u1ec3 t\u00edch 27 mL (ch\u1ee9a t\u1ebf b\u00e0o g\u1ed1c \u0111\u1ebfn 25 mL).\u00a0T\u00fai \u0111\u00f4ng s\u00e2u\u00a0c\u00f3 hai ng\u0103n bi\u1ec7t l\u1eadp nhau (t\u1ef7 l\u1ec7 th\u1ec3 t\u00edch 4:1) cho ph\u00e9p linh ho\u1ea1t s\u1eed d\u1ee5ng l\u01b0\u1ee3ng t\u1ebf b\u00e0o g\u1ed1c b\u1ea3o qu\u1ea3n \u0111\u01b0\u1ee3c nhi\u1ec1u l\u1ea7n, v\u1edbi nhi\u1ec1u m\u1ee5c \u0111\u00edch kh\u00e1c nhau.<\/strong><\/li>\n<li>2 g\u1ed1i thu\u00a0m\u1eabu (sampling pillow) \u0111\u01b0\u1ee3c th\u1ef1c hi\u1ec7n ho\u00e0n to\u00e0n kh\u00e9p k\u00edn (l\u1ea5y m\u1eabu ki\u1ec3m tra ch\u1ea5t l\u01b0\u1ee3ng tr\u01b0\u1edbc khi x\u1eed l\u00fd v\u00e0 sau khi x\u1eed l\u00fd).<\/li>\n<li>4 v\u1ecb tr\u00ed l\u1ea5y m\u1eabu c\u00f3 n\u1eafp \u0111\u1eady v\u00f4 tr\u00f9ng (Sampling sites).<\/li>\n<li>C\u00e1c d\u00e2y n\u1ed1i, c\u00e1c van \u0111\u00f3ng m\u1edf ki\u1ec3m so\u00e1t h\u01b0\u1edbng d\u00f2ng ch\u1ea3y t\u1ebf b\u00e0o, filter l\u1ecdc khu\u1ea9n,<\/li>\n<li>B\u1ed9 l\u1ecdc v\u00e0 \u1ed1ng b\u01a1m\u00a0DMSO (DMSO Inlet Filter and Tubing).<\/li>\n<li>B\u1ed9 l\u1ecdc c\u1ee5c m\u00e1u \u0111\u00f4ng (clot filter).<\/li>\n<li>\u1ed0ng &#8220;transfer pike&#8221; v\u00f4 tr\u00f9ng\u00a0(d\u00f9ng\u00a0chuy\u1ec3n m\u00e1u cu\u1ed1ng r\u1ed1n t\u1eeb t\u00fai thu th\u1eadp sang b\u1ed9 t\u00fai x\u1eed l\u00fd).<\/li>\n<\/ul>\n","protected":false},"excerpt":{"rendered":"<p>B\u1ed9 t\u00fai x\u1eed l\u00fd AXP\u00a0\u0111\u01b0\u1ee3c thi\u1ebft k\u1ebf d\u00f9ng v\u1edbi h\u1ec7 th\u1ed1ng AXP II x\u1eed l\u00fd m\u00e1u cu\u1ed1ng r\u1ed1n t\u1ef1 \u0111\u1ed9ng, kh\u00e9p k\u00edn v\u00e0 v\u00f4 tr\u00f9ng. \u0110\u1eb7c \u0111i\u1ec3m &amp; ti\u1ec7n \u00edch c\u1ee7a b\u1ed9 t\u00fai x\u1eed l\u00fd AXP: \u0110\u01b0\u1ee3c thi\u1ebft k\u1ebf d\u00f9ng chung v\u1edbi h\u1ec7 th\u1ed1ng AXP x\u1eed l\u00fd m\u00e1u cu\u1ed1ng r\u1ed1n\u00a0t\u1ef1 \u0111\u1ed9ng. S\u1eed d\u1ee5ng m\u1ed9t l\u1ea7n,<\/p>\n<div class=\"klb-readmore post-buttons\"><a class=\"button rounded primary\" href=\"https:\/\/biogroupvietnam.com\/vi\/san-pham\/bo-tui-xu-ly-axp\/\">Read More <i class=\"klbth-icon-right-arrow\"><\/i><\/a><\/div>\n","protected":false},"featured_media":9030,"comment_status":"closed","ping_status":"closed","template":"","meta":{"_acf_changed":false},"product_brand":[80],"product_cat":[81],"product_tag":[],"class_list":{"0":"post-3601","1":"product","2":"type-product","3":"status-publish","4":"has-post-thumbnail","6":"product_brand-thermogenesis","7":"product_cat-xu-ly-mau-cuong-ron-tu-dong","9":"first","10":"outofstock","11":"shipping-taxable","12":"product-type-simple"},"acf":[],"yoast_head":"<!-- This site is optimized with the Yoast SEO plugin v26.8 - https:\/\/yoast.com\/product\/yoast-seo-wordpress\/ -->\n<title>B\u1ed9 T\u00fai X\u1eed L\u00fd AXP<\/title>\n<meta name=\"description\" content=\"B\u1ed9 t\u00fai x\u1eed l\u00fd AXP\u00a0\u0111\u01b0\u1ee3c thi\u1ebft k\u1ebf d\u00f9ng v\u1edbi h\u1ec7 th\u1ed1ng AXP II x\u1eed l\u00fd m\u00e1u cu\u1ed1ng r\u1ed1n t\u1ef1 \u0111\u1ed9ng, kh\u00e9p k\u00edn v\u00e0 v\u00f4 tr\u00f9ng.\" \/>\n<meta name=\"robots\" content=\"index, follow, max-snippet:-1, max-image-preview:large, max-video-preview:-1\" \/>\n<link rel=\"canonical\" href=\"https:\/\/biogroupvietnam.com\/vi\/san-pham\/bo-tui-xu-ly-axp\/\" \/>\n<meta property=\"og:locale\" content=\"vi_VN\" \/>\n<meta property=\"og:type\" content=\"article\" \/>\n<meta property=\"og:title\" content=\"B\u1ed9 T\u00fai X\u1eed L\u00fd AXP\" \/>\n<meta property=\"og:description\" content=\"B\u1ed9 t\u00fai x\u1eed l\u00fd AXP\u00a0\u0111\u01b0\u1ee3c thi\u1ebft k\u1ebf d\u00f9ng v\u1edbi h\u1ec7 th\u1ed1ng AXP II x\u1eed l\u00fd m\u00e1u cu\u1ed1ng r\u1ed1n t\u1ef1 \u0111\u1ed9ng, kh\u00e9p k\u00edn v\u00e0 v\u00f4 tr\u00f9ng.\" \/>\n<meta property=\"og:url\" content=\"https:\/\/biogroupvietnam.com\/vi\/san-pham\/bo-tui-xu-ly-axp\/\" \/>\n<meta property=\"og:site_name\" content=\"Biogroup Vietnam\" \/>\n<meta property=\"article:modified_time\" content=\"2025-11-18T02:24:06+00:00\" \/>\n<meta property=\"og:image\" content=\"https:\/\/biogroupvietnam.com\/wp-content\/uploads\/2025\/08\/AXP-Processing-Bag-Set.jpg\" \/>\n\t<meta property=\"og:image:width\" content=\"1640\" \/>\n\t<meta property=\"og:image:height\" content=\"1260\" \/>\n\t<meta property=\"og:image:type\" content=\"image\/jpeg\" \/>\n<meta name=\"twitter:card\" content=\"summary_large_image\" \/>\n<meta name=\"twitter:label1\" content=\"\u01af\u1edbc t\u00ednh th\u1eddi gian \u0111\u1ecdc\" \/>\n\t<meta name=\"twitter:data1\" content=\"3 ph\u00fat\" \/>\n<script type=\"application\/ld+json\" class=\"yoast-schema-graph\">{\"@context\":\"https:\/\/schema.org\",\"@graph\":[{\"@type\":\"WebPage\",\"@id\":\"https:\/\/biogroupvietnam.com\/vi\/san-pham\/bo-tui-xu-ly-axp\/\",\"url\":\"https:\/\/biogroupvietnam.com\/vi\/san-pham\/bo-tui-xu-ly-axp\/\",\"name\":\"B\u1ed9 T\u00fai X\u1eed L\u00fd AXP\",\"isPartOf\":{\"@id\":\"https:\/\/biogroupvietnam.com\/vi\/#website\"},\"primaryImageOfPage\":{\"@id\":\"https:\/\/biogroupvietnam.com\/vi\/san-pham\/bo-tui-xu-ly-axp\/#primaryimage\"},\"image\":{\"@id\":\"https:\/\/biogroupvietnam.com\/vi\/san-pham\/bo-tui-xu-ly-axp\/#primaryimage\"},\"thumbnailUrl\":\"https:\/\/biogroupvietnam.com\/wp-content\/uploads\/2025\/08\/AXP-Processing-Bag-Set.jpg\",\"datePublished\":\"2025-08-18T12:51:22+00:00\",\"dateModified\":\"2025-11-18T02:24:06+00:00\",\"description\":\"B\u1ed9 t\u00fai x\u1eed l\u00fd AXP\u00a0\u0111\u01b0\u1ee3c thi\u1ebft k\u1ebf d\u00f9ng v\u1edbi h\u1ec7 th\u1ed1ng AXP II x\u1eed l\u00fd m\u00e1u cu\u1ed1ng r\u1ed1n t\u1ef1 \u0111\u1ed9ng, kh\u00e9p k\u00edn v\u00e0 v\u00f4 tr\u00f9ng.\",\"breadcrumb\":{\"@id\":\"https:\/\/biogroupvietnam.com\/vi\/san-pham\/bo-tui-xu-ly-axp\/#breadcrumb\"},\"inLanguage\":\"vi\",\"potentialAction\":[{\"@type\":\"ReadAction\",\"target\":[\"https:\/\/biogroupvietnam.com\/vi\/san-pham\/bo-tui-xu-ly-axp\/\"]}]},{\"@type\":\"ImageObject\",\"inLanguage\":\"vi\",\"@id\":\"https:\/\/biogroupvietnam.com\/vi\/san-pham\/bo-tui-xu-ly-axp\/#primaryimage\",\"url\":\"https:\/\/biogroupvietnam.com\/wp-content\/uploads\/2025\/08\/AXP-Processing-Bag-Set.jpg\",\"contentUrl\":\"https:\/\/biogroupvietnam.com\/wp-content\/uploads\/2025\/08\/AXP-Processing-Bag-Set.jpg\",\"width\":1640,\"height\":1260},{\"@type\":\"BreadcrumbList\",\"@id\":\"https:\/\/biogroupvietnam.com\/vi\/san-pham\/bo-tui-xu-ly-axp\/#breadcrumb\",\"itemListElement\":[{\"@type\":\"ListItem\",\"position\":1,\"name\":\"Trang ch\u1ee7\",\"item\":\"https:\/\/biogroupvietnam.com\/vi\/\"},{\"@type\":\"ListItem\",\"position\":2,\"name\":\"S\u1ea3n ph\u1ea9m\",\"item\":\"https:\/\/biogroupvietnam.com\/vi\/san-pham\/\"},{\"@type\":\"ListItem\",\"position\":3,\"name\":\"X\u1eed L\u00fd T\u1ebf B\u00e0o\",\"item\":\"https:\/\/biogroupvietnam.com\/vi\/danh-muc-san-pham\/xu-ly-te-bao\/\"},{\"@type\":\"ListItem\",\"position\":4,\"name\":\"X\u1eed L\u00fd M\u00e1u Cu\u1ed1ng R\u1ed1n T\u1ef1 \u0110\u1ed9ng\",\"item\":\"https:\/\/biogroupvietnam.com\/vi\/danh-muc-san-pham\/xu-ly-mau-cuong-ron-tu-dong\/\"},{\"@type\":\"ListItem\",\"position\":5,\"name\":\"B\u1ed9 T\u00fai X\u1eed L\u00fd AXP\"}]},{\"@type\":\"WebSite\",\"@id\":\"https:\/\/biogroupvietnam.com\/vi\/#website\",\"url\":\"https:\/\/biogroupvietnam.com\/vi\/\",\"name\":\"Biogroup Vietnam\",\"description\":\"Biogroup Vietnam cung c\u1ea5p d\u1ecbch v\u1ee5 k\u1ef9 thu\u1eadt c\u00f9ng thi\u1ebft b\u1ecb, v\u1eadt t\u01b0, h\u00f3a ch\u1ea5t v\u00e0 gi\u1ea3i ph\u00e1p sinh h\u1ecdc cho ph\u00f2ng th\u00ed nghi\u1ec7m c\u00f4ng ngh\u1ec7 sinh h\u1ecdc, y sinh v\u00e0 y h\u1ecdc t\u00e1i t\u1ea1o.\",\"potentialAction\":[{\"@type\":\"SearchAction\",\"target\":{\"@type\":\"EntryPoint\",\"urlTemplate\":\"https:\/\/biogroupvietnam.com\/vi\/?s={search_term_string}\"},\"query-input\":{\"@type\":\"PropertyValueSpecification\",\"valueRequired\":true,\"valueName\":\"search_term_string\"}}],\"inLanguage\":\"vi\"}]}<\/script>\n<!-- \/ Yoast SEO plugin. -->","yoast_head_json":{"title":"B\u1ed9 T\u00fai X\u1eed L\u00fd AXP","description":"B\u1ed9 t\u00fai x\u1eed l\u00fd AXP\u00a0\u0111\u01b0\u1ee3c thi\u1ebft k\u1ebf d\u00f9ng v\u1edbi h\u1ec7 th\u1ed1ng AXP II x\u1eed l\u00fd m\u00e1u cu\u1ed1ng r\u1ed1n t\u1ef1 \u0111\u1ed9ng, kh\u00e9p k\u00edn v\u00e0 v\u00f4 tr\u00f9ng.","robots":{"index":"index","follow":"follow","max-snippet":"max-snippet:-1","max-image-preview":"max-image-preview:large","max-video-preview":"max-video-preview:-1"},"canonical":"https:\/\/biogroupvietnam.com\/vi\/san-pham\/bo-tui-xu-ly-axp\/","og_locale":"vi_VN","og_type":"article","og_title":"B\u1ed9 T\u00fai X\u1eed L\u00fd AXP","og_description":"B\u1ed9 t\u00fai x\u1eed l\u00fd AXP\u00a0\u0111\u01b0\u1ee3c thi\u1ebft k\u1ebf d\u00f9ng v\u1edbi h\u1ec7 th\u1ed1ng AXP II x\u1eed l\u00fd m\u00e1u cu\u1ed1ng r\u1ed1n t\u1ef1 \u0111\u1ed9ng, kh\u00e9p k\u00edn v\u00e0 v\u00f4 tr\u00f9ng.","og_url":"https:\/\/biogroupvietnam.com\/vi\/san-pham\/bo-tui-xu-ly-axp\/","og_site_name":"Biogroup Vietnam","article_modified_time":"2025-11-18T02:24:06+00:00","og_image":[{"width":1640,"height":1260,"url":"https:\/\/biogroupvietnam.com\/wp-content\/uploads\/2025\/08\/AXP-Processing-Bag-Set.jpg","type":"image\/jpeg"}],"twitter_card":"summary_large_image","twitter_misc":{"\u01af\u1edbc t\u00ednh th\u1eddi gian \u0111\u1ecdc":"3 ph\u00fat"},"schema":{"@context":"https:\/\/schema.org","@graph":[{"@type":"WebPage","@id":"https:\/\/biogroupvietnam.com\/vi\/san-pham\/bo-tui-xu-ly-axp\/","url":"https:\/\/biogroupvietnam.com\/vi\/san-pham\/bo-tui-xu-ly-axp\/","name":"B\u1ed9 T\u00fai X\u1eed L\u00fd AXP","isPartOf":{"@id":"https:\/\/biogroupvietnam.com\/vi\/#website"},"primaryImageOfPage":{"@id":"https:\/\/biogroupvietnam.com\/vi\/san-pham\/bo-tui-xu-ly-axp\/#primaryimage"},"image":{"@id":"https:\/\/biogroupvietnam.com\/vi\/san-pham\/bo-tui-xu-ly-axp\/#primaryimage"},"thumbnailUrl":"https:\/\/biogroupvietnam.com\/wp-content\/uploads\/2025\/08\/AXP-Processing-Bag-Set.jpg","datePublished":"2025-08-18T12:51:22+00:00","dateModified":"2025-11-18T02:24:06+00:00","description":"B\u1ed9 t\u00fai x\u1eed l\u00fd AXP\u00a0\u0111\u01b0\u1ee3c thi\u1ebft k\u1ebf d\u00f9ng v\u1edbi h\u1ec7 th\u1ed1ng AXP II x\u1eed l\u00fd m\u00e1u cu\u1ed1ng r\u1ed1n t\u1ef1 \u0111\u1ed9ng, kh\u00e9p k\u00edn v\u00e0 v\u00f4 tr\u00f9ng.","breadcrumb":{"@id":"https:\/\/biogroupvietnam.com\/vi\/san-pham\/bo-tui-xu-ly-axp\/#breadcrumb"},"inLanguage":"vi","potentialAction":[{"@type":"ReadAction","target":["https:\/\/biogroupvietnam.com\/vi\/san-pham\/bo-tui-xu-ly-axp\/"]}]},{"@type":"ImageObject","inLanguage":"vi","@id":"https:\/\/biogroupvietnam.com\/vi\/san-pham\/bo-tui-xu-ly-axp\/#primaryimage","url":"https:\/\/biogroupvietnam.com\/wp-content\/uploads\/2025\/08\/AXP-Processing-Bag-Set.jpg","contentUrl":"https:\/\/biogroupvietnam.com\/wp-content\/uploads\/2025\/08\/AXP-Processing-Bag-Set.jpg","width":1640,"height":1260},{"@type":"BreadcrumbList","@id":"https:\/\/biogroupvietnam.com\/vi\/san-pham\/bo-tui-xu-ly-axp\/#breadcrumb","itemListElement":[{"@type":"ListItem","position":1,"name":"Trang ch\u1ee7","item":"https:\/\/biogroupvietnam.com\/vi\/"},{"@type":"ListItem","position":2,"name":"S\u1ea3n ph\u1ea9m","item":"https:\/\/biogroupvietnam.com\/vi\/san-pham\/"},{"@type":"ListItem","position":3,"name":"X\u1eed L\u00fd T\u1ebf B\u00e0o","item":"https:\/\/biogroupvietnam.com\/vi\/danh-muc-san-pham\/xu-ly-te-bao\/"},{"@type":"ListItem","position":4,"name":"X\u1eed L\u00fd M\u00e1u Cu\u1ed1ng R\u1ed1n T\u1ef1 \u0110\u1ed9ng","item":"https:\/\/biogroupvietnam.com\/vi\/danh-muc-san-pham\/xu-ly-mau-cuong-ron-tu-dong\/"},{"@type":"ListItem","position":5,"name":"B\u1ed9 T\u00fai X\u1eed L\u00fd AXP"}]},{"@type":"WebSite","@id":"https:\/\/biogroupvietnam.com\/vi\/#website","url":"https:\/\/biogroupvietnam.com\/vi\/","name":"Biogroup Vietnam","description":"Biogroup Vietnam cung c\u1ea5p d\u1ecbch v\u1ee5 k\u1ef9 thu\u1eadt c\u00f9ng thi\u1ebft b\u1ecb, v\u1eadt t\u01b0, h\u00f3a ch\u1ea5t v\u00e0 gi\u1ea3i ph\u00e1p sinh h\u1ecdc cho ph\u00f2ng th\u00ed nghi\u1ec7m c\u00f4ng ngh\u1ec7 sinh h\u1ecdc, y sinh v\u00e0 y h\u1ecdc t\u00e1i t\u1ea1o.","potentialAction":[{"@type":"SearchAction","target":{"@type":"EntryPoint","urlTemplate":"https:\/\/biogroupvietnam.com\/vi\/?s={search_term_string}"},"query-input":{"@type":"PropertyValueSpecification","valueRequired":true,"valueName":"search_term_string"}}],"inLanguage":"vi"}]}},"_links":{"self":[{"href":"https:\/\/biogroupvietnam.com\/vi\/wp-json\/wp\/v2\/product\/3601","targetHints":{"allow":["GET"]}}],"collection":[{"href":"https:\/\/biogroupvietnam.com\/vi\/wp-json\/wp\/v2\/product"}],"about":[{"href":"https:\/\/biogroupvietnam.com\/vi\/wp-json\/wp\/v2\/types\/product"}],"replies":[{"embeddable":true,"href":"https:\/\/biogroupvietnam.com\/vi\/wp-json\/wp\/v2\/comments?post=3601"}],"version-history":[{"count":4,"href":"https:\/\/biogroupvietnam.com\/vi\/wp-json\/wp\/v2\/product\/3601\/revisions"}],"predecessor-version":[{"id":9039,"href":"https:\/\/biogroupvietnam.com\/vi\/wp-json\/wp\/v2\/product\/3601\/revisions\/9039"}],"wp:featuredmedia":[{"embeddable":true,"href":"https:\/\/biogroupvietnam.com\/vi\/wp-json\/wp\/v2\/media\/9030"}],"wp:attachment":[{"href":"https:\/\/biogroupvietnam.com\/vi\/wp-json\/wp\/v2\/media?parent=3601"}],"wp:term":[{"taxonomy":"product_brand","embeddable":true,"href":"https:\/\/biogroupvietnam.com\/vi\/wp-json\/wp\/v2\/product_brand?post=3601"},{"taxonomy":"product_cat","embeddable":true,"href":"https:\/\/biogroupvietnam.com\/vi\/wp-json\/wp\/v2\/product_cat?post=3601"},{"taxonomy":"product_tag","embeddable":true,"href":"https:\/\/biogroupvietnam.com\/vi\/wp-json\/wp\/v2\/product_tag?post=3601"}],"curies":[{"name":"wp","href":"https:\/\/api.w.org\/{rel}","templated":true}]}}