{"id":3602,"date":"2025-08-18T19:51:22","date_gmt":"2025-08-18T12:51:22","guid":{"rendered":"http:\/\/biogroupvietnam-worldpress.local\/product\/import-placeholder-for-22\/"},"modified":"2025-11-17T09:08:19","modified_gmt":"2025-11-17T02:08:19","slug":"may-noi-ong-vo-trung-genesis-rapidweld","status":"publish","type":"product","link":"https:\/\/biogroupvietnam.com\/vi\/san-pham\/may-noi-ong-vo-trung-genesis-rapidweld\/","title":{"rendered":"M\u00e1y N\u1ed1i \u1ed0ng V\u00f4 Tr\u00f9ng RapidWeld\u00a0STW"},"content":{"rendered":"<h2>RapidWeld STW l\u00e0 m\u00e1y n\u1ed1i \u1ed1ng v\u00f4 tr\u00f9ng ti\u00ean ti\u1ebfn, nh\u1ecf g\u1ecdn v\u00e0 kh\u00f4ng s\u1eed d\u1ee5ng dao n\u1ed1i\u00a0d\u00f9ng m\u1ed9t l\u1ea7n (waferless), \u0111\u01b0\u1ee3c thi\u1ebft k\u1ebf \u0111\u1ec3 k\u1ebft n\u1ed1i v\u00f4 tr\u00f9ng v\u1edbi \u0111\u1ed9 tin c\u1eady, hi\u1ec7u qu\u1ea3 v\u00e0 ch\u1ea5t l\u01b0\u1ee3ng.<\/h2>\n<p>Genesis RapidWeld\u2122 II STW \u0111\u00e3 nh\u1eadn \u0111\u01b0\u1ee3c ch\u1ee9ng nh\u1eadn 510K v\u00e0o ng\u00e0y 15 th\u00e1ng 7 n\u0103m 2022 t\u1eeb Trung t\u00e2m Nghi\u00ean c\u1ee9u v\u00e0 \u0110\u00e1nh gi\u00e1 Sinh h\u1ecdc (CBER) v\u1edbi t\u01b0 c\u00e1ch l\u00e0 thi\u1ebft b\u1ecb lo\u1ea1i II \u0111\u01b0\u1ee3c ph\u00ea duy\u1ec7t cho c\u00e1c k\u1ebft n\u1ed1i\/m\u1ed1i h\u00e0n v\u00f4 tr\u00f9ng gi\u1eefa hai \u0111o\u1ea1n \u1ed1ng PVC \u0111\u01b0\u1ee3c s\u1eed d\u1ee5ng trong c\u00e1c \u1ee9ng d\u1ee5ng x\u1eed l\u00fd m\u00e1u\/th\u00e0nh ph\u1ea7n m\u00e1u . \u0110\u1ec3 t\u00ecm hi\u1ec3u th\u00eam v\u1ec1 m\u00e1y n\u1ed1i \u1ed1ng Genesis RapidWeld\u2122 II STW, h\u00e3y li\u00ean h\u1ec7 ch\u00fang t\u00f4i.<\/p>\n<p>M\u00e1y\u00a0n\u1ed1i \u1ed1ng GENESIS RAPIDWELD\u2122 II STW mang \u0111\u1ebfn c\u00f4ng ngh\u1ec7 n\u1ed1i v\u00f4 tr\u00f9ng \u0111\u01b0\u1ee3c ph\u00e1t tri\u1ec3n cho m\u1ee5c \u0111\u00edch k\u1ebft n\u1ed1i c\u00e1c th\u00e0nh ph\u1ea7n c\u1ee7a t\u00fai m\u00e1u v\u00f4 tr\u00f9ng m\u00e0 kh\u00f4ng c\u1ea7n m\u1edf thi\u1ebft b\u1ecb khi thao t\u00e1c v\u00e0 \u1ea3nh h\u01b0\u1edfng \u0111\u1ebfn t\u00ednh v\u00f4 tr\u00f9ng c\u1ee7a c\u00e1c b\u1ed9 ph\u1eadn c\u1ee7a t\u00fai ch\u1ee9a m\u1eabu. M\u00e1y n\u1ed1i \u1ed1ng GENESIS RAPIDWELD\u2122 II STW \u0111\u01b0\u1ee3c s\u1eed d\u1ee5ng trong c\u00e1c \u1ee9ng d\u1ee5ng x\u1eed l\u00fd m\u1eabu m\u00e1u cho ph\u00e9p ng\u01b0\u1eddi s\u1eed d\u1ee5ng t\u1ea1o ra m\u1ed1i n\u1ed1i v\u00f4 tr\u00f9ng gi\u1eefa 2 \u0111\u01b0\u1eddng \u1ed1ng PVC chu\u1ea9n y t\u1ebf. \u0110i\u1ec1u n\u00e0y cho ph\u00e9p qu\u00e1 tr\u00ecnh x\u1eed l\u00fd m\u1eabu m\u00e1u v\u1eabn duy tr\u00ec trong tr\u1ea1ng th\u00e1i k\u00edn. \u0110\u01b0\u1eddng \u1ed1ng c\u00f3 th\u1ec3 \u0111\u01b0\u1ee3c n\u1ed1i v\u1edbi c\u00e1c ph\u1ea7n c\u1ee7a t\u00fai m\u00e1u, kim ti\u00eam, b\u1ed9 l\u1ecdc, b\u1ed9 t\u00e1ch th\u00e0nh ph\u1ea7n m\u00e1u, b\u1ed9 truy\u1ec1n d\u1ecbch, b\u1ed9 chia ho\u1eb7c c\u00e1c h\u1ec7 th\u1ed1ng thu th\u1eadp m\u1eabu. M\u00e1y\u00a0n\u1ed1i \u1ed1ng GENESIS RAPIDWELD\u2122 II STW c\u00f3 th\u1ec3 n\u1ed1i hai \u0111\u01b0\u1eddng \u1ed1ng c\u00f3 m\u1eabu, m\u1ed9t \u0111\u01b0\u1eddng \u1ed1ng c\u00f3 m\u1eabu v\u1edbi m\u1ed9t \u0111\u01b0\u1eddng \u1ed1ng r\u1ed7ng ho\u1eb7c 2 \u0111\u01b0\u1eddng \u1ed1ng r\u1ed7ng.<\/p>\n<h3><strong>\u0110\u1eb7c \u0111i\u1ec3m v\u00e0 ti\u1ec7n \u00edch m\u00e1y n\u1ed1i \u1ed1ng Genesis RapidWeld\u2122 II STW<\/strong><\/h3>\n<h3 style=\"text-align: center;\"><img fetchpriority=\"high\" decoding=\"async\" src=\"https:\/\/biogroupvietnam.com\/uploads\/5QqJvVdgU6dSddbQpsJH44AfB1iqFQoe1xMnlNyi.png\" alt=\"\" width=\"258\" height=\"258\" \/><\/h3>\n<ul>\n<li>C\u00e1c th\u00e0nh ph\u1ea7n c\u01a1 kh\u00ed c\u1ee7a thi\u1ebft b\u1ecb GENESIS RAPIDWELD\u2122 II STW \u0111\u01b0\u1ee3c \u0111\u1eb7t trong m\u1ed9t l\u1edbp v\u1ecf b\u1ea3o v\u1ec7. N\u1eafp v\u1ecf thi\u1ebft b\u1ecb c\u00f3 b\u1ea3n l\u1ec1 ph\u1ea3i \u0111\u01b0\u1ee3c \u0111\u00f3ng \u0111\u1ec3 thi\u1ebft b\u1ecb c\u00f3 th\u1ec3 \u0111\u01b0\u1ee3c v\u1eadn h\u00e0nh.<\/li>\n<li>Thi\u1ebft b\u1ecb\u00a0c\u1eaft\u00a0v\u00e0 n\u1ed1i \u1ed1ng PVC &#8211; Genesis RapidWeld\u00a0STW \u0111\u01b0\u1ee3c thi\u1ebft k\u1ebf \u0111\u1ec3 c\u1eaft v\u00e0 n\u1ed1i \u1ed1ng PVC v\u00f4 tr\u00f9ng theo c\u00f4ng ngh\u1ec7 hi\u1ec7n \u0111\u1ea1i, d\u1ec5 s\u1eed d\u1ee5ng, c\u00f3 gi\u00e1 th\u00e0nh th\u1ea5p, v\u00e0 \u0111\u1eb7c bi\u1ec7t, th\u00e2n thi\u1ec7n v\u1edbi m\u00f4i tr\u01b0\u1eddng (kh\u00f4ng s\u1eed d\u1ee5ng c\u00e1c t\u1ea5m \u0111\u1ed3ng copper wafer\u00a0d\u00f9ng m\u1ed9t l\u1ea7n).<\/li>\n<li>Thi\u1ebft b\u1ecb s\u1eed d\u1ee5ng l\u01b0\u1ee1i dao c\u1eaft ch\u00ednh x\u00e1c v\u00e0 c\u00f4ng ngh\u1ec7 gia nhi\u1ec7t b\u1eb1ng tia h\u1ed3ng ngo\u1ea1i \u0111\u1ec3 c\u1eaft v\u00e0 n\u1ed1i \u1ed1ng PVC\u00a0trong m\u1ed9t h\u1ec7 th\u1ed1ng kh\u00e9p k\u00edn.<\/li>\n<li>C\u00f4ng ngh\u1ec7 gia nhi\u1ec7t b\u1eb1ng tia h\u1ed3ng ngo\u1ea1i:\u00a0ho\u1ea1t \u0111\u1ed9ng li\u00ean t\u1ee5c \u0111\u1ec3\u00a0duy tr\u00ec nhi\u1ec7t \u0111\u1ed9 cao trong\u00a0qu\u00e1 tr\u00ecnh c\u1eaft v\u00e0 h\u00e0n \u1ed1ng\u00a0v\u00f4 tr\u00f9ng.<\/li>\n<li>Thi\u1ebft k\u1ebf k\u1eb9p \u0111\u1ed9c \u0111\u00e1o d\u1ea3i ch\u1ea5t l\u1ecfng ra kh\u1ecfi v\u1ecb tr\u00ed h\u00e0n trong khi gi\u1eef c\u00e1c \u1ed1ng an to\u00e0n t\u1ea1i ch\u1ed7.<\/li>\n<li>Genesis s\u1edf h\u1eefu b\u1ea3n quy\u1ec1n\u00a0s\u00e1ng ch\u1ebf k\u1eb9p gi\u1eef \u1ed1ng (Patented Tube Holder Clamps) nh\u1eb1m b\u1ea3o v\u1ec7 ch\u1ea5t l\u1ecfng trong \u0111\u01b0\u1ee3c an to\u00e0n trong qu\u00e1 tr\u00ecnh c\u1eaft v\u00e0 h\u00e0n \u1ed1ng. Gi\u00fap lo\u1ea1i b\u1ecf nguy c\u01a1\u00a0ho\u1ea1i t\u1eed c\u00e1c t\u1ebf b\u00e0o m\u00e1u trong c\u00e1c s\u1ea3n ph\u1ea9m m\u00e1u.<\/li>\n<\/ul>\n<h3><strong>T\u00ednh n\u0103ng k\u1ef9 thu\u1eadt\u00a0c\u1ee7a m\u00e1y n\u1ed1i \u1ed1ng Genesis RapidWeld\u2122 II STW<\/strong><\/h3>\n<ul>\n<li><strong>C\u01a1 ch\u1ebf kh\u00f3a n\u1eafp: <\/strong>Cung c\u1ea5p s\u1ef1 an to\u00e0n v\u00e0 b\u1ea3o v\u1ec7 ng\u01b0\u1eddi s\u1eed d\u1ee5ng trong khi \u0111ang th\u1ef1c hi\u1ec7n quy tr\u00ecnh n\u1ed1i \u1ed1ng. C\u01a1 ch\u1ebf kh\u00f3a n\u1eafp gi\u00fap h\u1ea1n ch\u1ebf tai n\u1ea1n ho\u1eb7c s\u1ef1 c\u1ed1 kh\u00f4ng mong mu\u1ed1n trong qu\u00e1 tr\u00ecnh h\u00e0n v\u00e0 qu\u00e1 tr\u00ecnh c\u1eaft b\u1ecf c\u00e1c \u0111o\u1ea1n \u1ed1ng PVC tr\u01b0\u1edbc khi m\u1ed1i h\u00e0n ho\u00e0n t\u1ea5t.<\/li>\n<li><strong>N\u1eafp v\u00e0 th\u00e2n m\u00e1y nh\u1ecf g\u1ecdn: <\/strong>C\u00f3 kh\u1ea3 n\u0103ng h\u00e0n c\u00e1c \u1ed1ng d\u00e2y t\u00fai m\u00e1u v\u1edbi c\u00e1c \u0111o\u1ea1n \u1ed1ng ng\u1eafn, c\u00e1c \u0111o\u1ea1n \u1ed1ng n\u1ed1i d\u00e0i ho\u1eb7c c\u00e1c ph\u1ee5 ki\u1ec7n kh\u00e1c nh\u01b0 l\u00e0 n\u1ed1i Y, k\u1eb9p ho\u1eb7c l\u1ecdc.<\/li>\n<li><strong>C\u1eeda s\u1ed5 quan s\u00e1t tr\u00ean ph\u1ea7n n\u1eafp kh\u00f3a<\/strong>: Cho ph\u00e9p ng\u01b0\u1eddi s\u1eed d\u1ee5ng d\u1ec5 d\u00e0ng quan s\u00e1t quy tr\u00ecnh h\u00e0n v\u00e0 h\u1ea1n ch\u1ebf s\u1ef1 c\u1ed1 khi kh\u00f4ng \u0111\u00f3ng k\u1eb9p \u1ed1ng m\u1ed9t c\u00e1ch ch\u00ednh x\u00e1c. C\u00f3 c\u01a1 ch\u1ebf ng\u0103n n\u1eafp \u0111\u00f3ng l\u1ea1i khi k\u1eb9p \u1ed1ng ch\u01b0a \u0111\u01b0\u1ee3c l\u1eafp \u0111\u00fang v\u1ecb tr\u00ed. C\u00f3 2 ch\u1ed1t n\u1eb1m t\u1ea1i ph\u1ea7n m\u1eb7t trong c\u1ee7a c\u1eeda s\u1ed5 s\u1ebd ng\u0103n ch\u1eb7n ng\u01b0\u1eddi d\u00f9ng \u0111\u00f3ng n\u1eafp thi\u1ebft b\u1ecb khi m\u00e0 k\u1eb9p \u1ed1ng ch\u01b0a \u0111\u01b0\u1ee3c l\u1eafp \u0111\u00fang v\u1ecb tr\u00ed.<\/li>\n<li><strong>H\u1ea1n ch\u1ebf t\u1ea1o kh\u00f3i khi s\u1eed d\u1ee5ng <\/strong>: Thi\u1ebft b\u1ecb gia nhi\u1ec7t h\u1ed3ng ngo\u1ea1i h\u1ea1n ch\u1ebf l\u01b0\u1ee3ng kh\u00f3i t\u1ea1o ra.<\/li>\n<li><strong>Chu tr\u00ecnh h\u00e0n ng\u1eafn: <\/strong>\u0111\u01b0\u1ee3c thi\u1ebft k\u1ebf cho c\u00e1c quy tr\u00ecnh n\u1ed1i li\u00ean t\u1ee5c cho c\u00e1c nhu c\u1ea7u x\u1eed l\u00fd l\u01b0\u1ee3ng m\u1eabu m\u00e1u l\u1edbn. Qu\u00e1 tr\u00ecnh c\u1eaft v\u00e0 n\u1ed1i \u1ed1ng v\u00f4 tr\u00f9ng \u0111\u01b0\u1ee3c th\u1ef1c hi\u1ec7n nhanh trong kho\u1ea3ng 15 gi\u00e2y, gi\u00fap gia t\u0103ng\u00a0hi\u1ec7u qu\u1ea3, th\u1eddi h\u1ea1n s\u1eed d\u1ee5ng\u00a0c\u1ee7a c\u00e1c s\u1ea3n ph\u1ea9m m\u00e1u qu\u00fd hi\u1ebfm.<\/li>\n<li><strong>Ch\u1ebf \u0111\u1ed9 ti\u1ebft ki\u1ec7m n\u0103ng l\u01b0\u1ee3ng: <\/strong>\u0110\u1ec3 ti\u1ebft ki\u1ec7m n\u0103ng l\u01b0\u1ee3ng v\u00e0 l\u00e3ng ph\u00ed t\u1ea3n nhi\u1ec7t, m\u00e1y\u00a0n\u1ed1i \u1ed1ng GENESIS RAPIDWELD\u2122 II STW ti\u1ebfn v\u00e0o ch\u1ebf \u0111\u1ed9 gi\u1ea3m thi\u1ec3u n\u0103ng l\u01b0\u1ee3ng n\u1ebfu thi\u1ebft b\u1ecb ng\u01b0ng ho\u1ea1t \u0111\u1ed9ng trong m\u1ed9t kho\u1ea3ng th\u1eddi gian qu\u00e1 d\u00e0i. M\u1ed9t quy tr\u00ecnh gia nhi\u1ec7t ng\u1eafn x\u1ea5p x\u1ec9 t\u1eeb 30-90 gi\u00e2y c\u1ea7n \u0111\u01b0\u1ee3c th\u1ef1c hi\u1ec7n \u0111\u1ec3 tho\u00e1t kh\u1ecfi ch\u1ebf \u0111\u1ed9 ch\u1edd ti\u1ebft ki\u1ec7m n\u0103ng l\u01b0\u1ee3ng tr\u01b0\u1edbc khi quy tr\u00ecnh n\u1ed1i \u1ed1ng c\u00f3 th\u1ec3 th\u1ef1c hi\u1ec7n.<\/li>\n<\/ul>\n<p>o N\u1ebfu thi\u1ebft b\u1ecb kh\u00f4ng s\u1eed d\u1ee5ng trong v\u00f2ng 15 ph\u00fat thi\u1ebft b\u1ecb s\u1ebd ti\u1ebfn v\u00e0o ch\u1ebf \u0111\u1ed9 \u201cHeater Standby\u201d v\u00e0 gi\u1ea3m c\u00f4ng su\u1ea5t c\u1ee7a b\u1ed9 ph\u1eadn gia nhi\u1ec7t xu\u1ed1ng 20%.<br \/>\no Sau 30 ph\u00fat kh\u00f4ng ho\u1ea1t \u0111\u1ed9ng thi\u1ebft b\u1ecb s\u1ebd ti\u1ebfn v\u00e0o ch\u1ebf \u0111\u1ed9 \u201cDevice Idle\u201d v\u00e0 thi\u1ebft b\u1ecb gia nhi\u1ec7t s\u1ebd d\u1eebng ho\u1ea1t \u0111\u1ed9ng. M\u1ed9t th\u00f4ng b\u00e1o \u201cGenesisBPS Device Idle\u201d s\u1ebd su\u1ea5t hi\u1ec7n tr\u00ean m\u00e0n h\u00ecnh. Thi\u1ebft b\u1ecb s\u1ebd kh\u1edfi \u0111\u1ed9ng lai khi ch\u1ea1m v\u00e0o mang h\u00ecnh \u0111i\u1ec1u khi\u1ec3n.<br \/>\no M\u00e1y\u00a0n\u1ed1i \u1ed1ng GENESIS RAPIDWELD\u2122 II STW c\u00f3 th\u1ec3 t\u1eaft b\u1eb1ng c\u00e1ch \u1ea5n v\u00e0 gi\u1eef n\u00fat ngu\u1ed3n trong 3 gi\u00e2y.<br \/>\no M\u00e1y\u00a0s\u1ebd t\u1ef1 \u0111\u1ed9ng t\u1eaft sau 6 gi\u1edd ng\u01b0ng s\u1eed d\u1ee5ng<\/p>\n<h3><strong>C\u00e1ch s\u1eed d\u1ee5ng m\u00e1y n\u1ed1i \u1ed1ng Genesis RapidWeld\u2122 II STW:<\/strong><\/h3>\n<h3 style=\"text-align: center;\"><img decoding=\"async\" src=\"https:\/\/biogroupvietnam.com\/uploads\/NMLXywG1NLVOPB2dNVqZQq4hoaNkvvkn344CzgK9.png\" alt=\"\" \/><\/h3>\n","protected":false},"excerpt":{"rendered":"<p>RapidWeld STW l\u00e0 m\u00e1y n\u1ed1i \u1ed1ng v\u00f4 tr\u00f9ng ti\u00ean ti\u1ebfn, nh\u1ecf g\u1ecdn v\u00e0 kh\u00f4ng s\u1eed d\u1ee5ng dao n\u1ed1i\u00a0d\u00f9ng m\u1ed9t l\u1ea7n (waferless), \u0111\u01b0\u1ee3c thi\u1ebft k\u1ebf \u0111\u1ec3 k\u1ebft n\u1ed1i v\u00f4 tr\u00f9ng v\u1edbi \u0111\u1ed9 tin c\u1eady, hi\u1ec7u qu\u1ea3 v\u00e0 ch\u1ea5t l\u01b0\u1ee3ng. Genesis RapidWeld\u2122 II STW \u0111\u00e3 nh\u1eadn \u0111\u01b0\u1ee3c ch\u1ee9ng nh\u1eadn 510K v\u00e0o ng\u00e0y 15 th\u00e1ng 7 n\u0103m 2022<\/p>\n<div class=\"klb-readmore post-buttons\"><a class=\"button rounded primary\" href=\"https:\/\/biogroupvietnam.com\/vi\/san-pham\/may-noi-ong-vo-trung-genesis-rapidweld\/\">Read More <i class=\"klbth-icon-right-arrow\"><\/i><\/a><\/div>\n","protected":false},"featured_media":8947,"comment_status":"closed","ping_status":"closed","template":"","meta":{"_acf_changed":false},"product_brand":[123],"product_cat":[169],"product_tag":[],"class_list":{"0":"post-3602","1":"product","2":"type-product","3":"status-publish","4":"has-post-thumbnail","6":"product_brand-genesisbps","7":"product_cat-may-noi-day","9":"first","10":"outofstock","11":"shipping-taxable","12":"product-type-simple"},"acf":[],"yoast_head":"<!-- This site is optimized with the Yoast SEO plugin v26.8 - https:\/\/yoast.com\/product\/yoast-seo-wordpress\/ -->\n<title>M\u00e1y N\u1ed1i \u1ed0ng V\u00f4 Tr\u00f9ng RapidWeld\u00a0STW<\/title>\n<meta name=\"description\" content=\"RapidWeld STW l\u00e0 m\u00e1y n\u1ed1i \u1ed1ng v\u00f4 tr\u00f9ng ti\u00ean ti\u1ebfn, nh\u1ecf g\u1ecdn v\u00e0 kh\u00f4ng s\u1eed d\u1ee5ng dao n\u1ed1i\u00a0d\u00f9ng m\u1ed9t l\u1ea7n (waferless), \u0111\u01b0\u1ee3c thi\u1ebft k\u1ebf \u0111\u1ec3 k\u1ebft n\u1ed1i v\u00f4 tr\u00f9ng v\u1edbi \u0111\u1ed9 tin c\u1eady, hi\u1ec7u qu\u1ea3 v\u00e0 ch\u1ea5t l\u01b0\u1ee3ng.\" \/>\n<meta name=\"robots\" content=\"index, follow, max-snippet:-1, max-image-preview:large, max-video-preview:-1\" \/>\n<link rel=\"canonical\" href=\"https:\/\/biogroupvietnam.com\/vi\/san-pham\/may-noi-ong-vo-trung-genesis-rapidweld\/\" \/>\n<meta property=\"og:locale\" content=\"vi_VN\" \/>\n<meta property=\"og:type\" content=\"article\" \/>\n<meta property=\"og:title\" content=\"M\u00e1y N\u1ed1i \u1ed0ng V\u00f4 Tr\u00f9ng RapidWeld\u00a0STW\" \/>\n<meta property=\"og:description\" content=\"RapidWeld STW l\u00e0 m\u00e1y n\u1ed1i \u1ed1ng v\u00f4 tr\u00f9ng ti\u00ean ti\u1ebfn, nh\u1ecf g\u1ecdn v\u00e0 kh\u00f4ng s\u1eed d\u1ee5ng dao n\u1ed1i\u00a0d\u00f9ng m\u1ed9t l\u1ea7n (waferless), \u0111\u01b0\u1ee3c thi\u1ebft k\u1ebf \u0111\u1ec3 k\u1ebft n\u1ed1i v\u00f4 tr\u00f9ng v\u1edbi \u0111\u1ed9 tin c\u1eady, hi\u1ec7u qu\u1ea3 v\u00e0 ch\u1ea5t l\u01b0\u1ee3ng.\" \/>\n<meta property=\"og:url\" content=\"https:\/\/biogroupvietnam.com\/vi\/san-pham\/may-noi-ong-vo-trung-genesis-rapidweld\/\" \/>\n<meta property=\"og:site_name\" content=\"Biogroup Vietnam\" \/>\n<meta property=\"article:modified_time\" content=\"2025-11-17T02:08:19+00:00\" \/>\n<meta property=\"og:image\" content=\"https:\/\/biogroupvietnam.com\/wp-content\/uploads\/2025\/08\/RapidWeld\u2122-II-STW.jpg\" \/>\n\t<meta property=\"og:image:width\" content=\"1640\" \/>\n\t<meta property=\"og:image:height\" content=\"1260\" \/>\n\t<meta property=\"og:image:type\" content=\"image\/jpeg\" \/>\n<meta name=\"twitter:card\" content=\"summary_large_image\" \/>\n<meta name=\"twitter:label1\" content=\"\u01af\u1edbc t\u00ednh th\u1eddi gian \u0111\u1ecdc\" \/>\n\t<meta name=\"twitter:data1\" content=\"6 ph\u00fat\" \/>\n<script type=\"application\/ld+json\" class=\"yoast-schema-graph\">{\"@context\":\"https:\/\/schema.org\",\"@graph\":[{\"@type\":\"WebPage\",\"@id\":\"https:\/\/biogroupvietnam.com\/vi\/san-pham\/may-noi-ong-vo-trung-genesis-rapidweld\/\",\"url\":\"https:\/\/biogroupvietnam.com\/vi\/san-pham\/may-noi-ong-vo-trung-genesis-rapidweld\/\",\"name\":\"M\u00e1y N\u1ed1i \u1ed0ng V\u00f4 Tr\u00f9ng RapidWeld\u00a0STW\",\"isPartOf\":{\"@id\":\"https:\/\/biogroupvietnam.com\/vi\/#website\"},\"primaryImageOfPage\":{\"@id\":\"https:\/\/biogroupvietnam.com\/vi\/san-pham\/may-noi-ong-vo-trung-genesis-rapidweld\/#primaryimage\"},\"image\":{\"@id\":\"https:\/\/biogroupvietnam.com\/vi\/san-pham\/may-noi-ong-vo-trung-genesis-rapidweld\/#primaryimage\"},\"thumbnailUrl\":\"https:\/\/biogroupvietnam.com\/wp-content\/uploads\/2025\/08\/RapidWeld\u2122-II-STW.jpg\",\"datePublished\":\"2025-08-18T12:51:22+00:00\",\"dateModified\":\"2025-11-17T02:08:19+00:00\",\"description\":\"RapidWeld STW l\u00e0 m\u00e1y n\u1ed1i \u1ed1ng v\u00f4 tr\u00f9ng ti\u00ean ti\u1ebfn, nh\u1ecf g\u1ecdn v\u00e0 kh\u00f4ng s\u1eed d\u1ee5ng dao n\u1ed1i\u00a0d\u00f9ng m\u1ed9t l\u1ea7n (waferless), \u0111\u01b0\u1ee3c thi\u1ebft k\u1ebf \u0111\u1ec3 k\u1ebft n\u1ed1i v\u00f4 tr\u00f9ng v\u1edbi \u0111\u1ed9 tin c\u1eady, hi\u1ec7u qu\u1ea3 v\u00e0 ch\u1ea5t l\u01b0\u1ee3ng.\",\"breadcrumb\":{\"@id\":\"https:\/\/biogroupvietnam.com\/vi\/san-pham\/may-noi-ong-vo-trung-genesis-rapidweld\/#breadcrumb\"},\"inLanguage\":\"vi\",\"potentialAction\":[{\"@type\":\"ReadAction\",\"target\":[\"https:\/\/biogroupvietnam.com\/vi\/san-pham\/may-noi-ong-vo-trung-genesis-rapidweld\/\"]}]},{\"@type\":\"ImageObject\",\"inLanguage\":\"vi\",\"@id\":\"https:\/\/biogroupvietnam.com\/vi\/san-pham\/may-noi-ong-vo-trung-genesis-rapidweld\/#primaryimage\",\"url\":\"https:\/\/biogroupvietnam.com\/wp-content\/uploads\/2025\/08\/RapidWeld\u2122-II-STW.jpg\",\"contentUrl\":\"https:\/\/biogroupvietnam.com\/wp-content\/uploads\/2025\/08\/RapidWeld\u2122-II-STW.jpg\",\"width\":1640,\"height\":1260},{\"@type\":\"BreadcrumbList\",\"@id\":\"https:\/\/biogroupvietnam.com\/vi\/san-pham\/may-noi-ong-vo-trung-genesis-rapidweld\/#breadcrumb\",\"itemListElement\":[{\"@type\":\"ListItem\",\"position\":1,\"name\":\"Trang ch\u1ee7\",\"item\":\"https:\/\/biogroupvietnam.com\/vi\/\"},{\"@type\":\"ListItem\",\"position\":2,\"name\":\"S\u1ea3n ph\u1ea9m\",\"item\":\"https:\/\/biogroupvietnam.com\/vi\/san-pham\/\"},{\"@type\":\"ListItem\",\"position\":3,\"name\":\"X\u1eed L\u00fd T\u1ebf B\u00e0o\",\"item\":\"https:\/\/biogroupvietnam.com\/vi\/danh-muc-san-pham\/xu-ly-te-bao\/\"},{\"@type\":\"ListItem\",\"position\":4,\"name\":\"M\u00e1y n\u1ed1i d\u00e2y\",\"item\":\"https:\/\/biogroupvietnam.com\/vi\/danh-muc-san-pham\/may-noi-day\/\"},{\"@type\":\"ListItem\",\"position\":5,\"name\":\"M\u00e1y N\u1ed1i \u1ed0ng V\u00f4 Tr\u00f9ng RapidWeld\u00a0STW\"}]},{\"@type\":\"WebSite\",\"@id\":\"https:\/\/biogroupvietnam.com\/vi\/#website\",\"url\":\"https:\/\/biogroupvietnam.com\/vi\/\",\"name\":\"Biogroup Vietnam\",\"description\":\"Biogroup Vietnam cung c\u1ea5p d\u1ecbch v\u1ee5 k\u1ef9 thu\u1eadt c\u00f9ng thi\u1ebft b\u1ecb, v\u1eadt t\u01b0, h\u00f3a ch\u1ea5t v\u00e0 gi\u1ea3i ph\u00e1p sinh h\u1ecdc cho ph\u00f2ng th\u00ed nghi\u1ec7m c\u00f4ng ngh\u1ec7 sinh h\u1ecdc, y sinh v\u00e0 y h\u1ecdc t\u00e1i t\u1ea1o.\",\"potentialAction\":[{\"@type\":\"SearchAction\",\"target\":{\"@type\":\"EntryPoint\",\"urlTemplate\":\"https:\/\/biogroupvietnam.com\/vi\/?s={search_term_string}\"},\"query-input\":{\"@type\":\"PropertyValueSpecification\",\"valueRequired\":true,\"valueName\":\"search_term_string\"}}],\"inLanguage\":\"vi\"}]}<\/script>\n<!-- \/ Yoast SEO plugin. -->","yoast_head_json":{"title":"M\u00e1y N\u1ed1i \u1ed0ng V\u00f4 Tr\u00f9ng RapidWeld\u00a0STW","description":"RapidWeld STW l\u00e0 m\u00e1y n\u1ed1i \u1ed1ng v\u00f4 tr\u00f9ng ti\u00ean ti\u1ebfn, nh\u1ecf g\u1ecdn v\u00e0 kh\u00f4ng s\u1eed d\u1ee5ng dao n\u1ed1i\u00a0d\u00f9ng m\u1ed9t l\u1ea7n (waferless), \u0111\u01b0\u1ee3c thi\u1ebft k\u1ebf \u0111\u1ec3 k\u1ebft n\u1ed1i v\u00f4 tr\u00f9ng v\u1edbi \u0111\u1ed9 tin c\u1eady, hi\u1ec7u qu\u1ea3 v\u00e0 ch\u1ea5t l\u01b0\u1ee3ng.","robots":{"index":"index","follow":"follow","max-snippet":"max-snippet:-1","max-image-preview":"max-image-preview:large","max-video-preview":"max-video-preview:-1"},"canonical":"https:\/\/biogroupvietnam.com\/vi\/san-pham\/may-noi-ong-vo-trung-genesis-rapidweld\/","og_locale":"vi_VN","og_type":"article","og_title":"M\u00e1y N\u1ed1i \u1ed0ng V\u00f4 Tr\u00f9ng RapidWeld\u00a0STW","og_description":"RapidWeld STW l\u00e0 m\u00e1y n\u1ed1i \u1ed1ng v\u00f4 tr\u00f9ng ti\u00ean ti\u1ebfn, nh\u1ecf g\u1ecdn v\u00e0 kh\u00f4ng s\u1eed d\u1ee5ng dao n\u1ed1i\u00a0d\u00f9ng m\u1ed9t l\u1ea7n (waferless), \u0111\u01b0\u1ee3c thi\u1ebft k\u1ebf \u0111\u1ec3 k\u1ebft n\u1ed1i v\u00f4 tr\u00f9ng v\u1edbi \u0111\u1ed9 tin c\u1eady, hi\u1ec7u qu\u1ea3 v\u00e0 ch\u1ea5t l\u01b0\u1ee3ng.","og_url":"https:\/\/biogroupvietnam.com\/vi\/san-pham\/may-noi-ong-vo-trung-genesis-rapidweld\/","og_site_name":"Biogroup Vietnam","article_modified_time":"2025-11-17T02:08:19+00:00","og_image":[{"width":1640,"height":1260,"url":"https:\/\/biogroupvietnam.com\/wp-content\/uploads\/2025\/08\/RapidWeld\u2122-II-STW.jpg","type":"image\/jpeg"}],"twitter_card":"summary_large_image","twitter_misc":{"\u01af\u1edbc t\u00ednh th\u1eddi gian \u0111\u1ecdc":"6 ph\u00fat"},"schema":{"@context":"https:\/\/schema.org","@graph":[{"@type":"WebPage","@id":"https:\/\/biogroupvietnam.com\/vi\/san-pham\/may-noi-ong-vo-trung-genesis-rapidweld\/","url":"https:\/\/biogroupvietnam.com\/vi\/san-pham\/may-noi-ong-vo-trung-genesis-rapidweld\/","name":"M\u00e1y N\u1ed1i \u1ed0ng V\u00f4 Tr\u00f9ng RapidWeld\u00a0STW","isPartOf":{"@id":"https:\/\/biogroupvietnam.com\/vi\/#website"},"primaryImageOfPage":{"@id":"https:\/\/biogroupvietnam.com\/vi\/san-pham\/may-noi-ong-vo-trung-genesis-rapidweld\/#primaryimage"},"image":{"@id":"https:\/\/biogroupvietnam.com\/vi\/san-pham\/may-noi-ong-vo-trung-genesis-rapidweld\/#primaryimage"},"thumbnailUrl":"https:\/\/biogroupvietnam.com\/wp-content\/uploads\/2025\/08\/RapidWeld\u2122-II-STW.jpg","datePublished":"2025-08-18T12:51:22+00:00","dateModified":"2025-11-17T02:08:19+00:00","description":"RapidWeld STW l\u00e0 m\u00e1y n\u1ed1i \u1ed1ng v\u00f4 tr\u00f9ng ti\u00ean ti\u1ebfn, nh\u1ecf g\u1ecdn v\u00e0 kh\u00f4ng s\u1eed d\u1ee5ng dao n\u1ed1i\u00a0d\u00f9ng m\u1ed9t l\u1ea7n (waferless), \u0111\u01b0\u1ee3c thi\u1ebft k\u1ebf \u0111\u1ec3 k\u1ebft n\u1ed1i v\u00f4 tr\u00f9ng v\u1edbi \u0111\u1ed9 tin c\u1eady, hi\u1ec7u qu\u1ea3 v\u00e0 ch\u1ea5t l\u01b0\u1ee3ng.","breadcrumb":{"@id":"https:\/\/biogroupvietnam.com\/vi\/san-pham\/may-noi-ong-vo-trung-genesis-rapidweld\/#breadcrumb"},"inLanguage":"vi","potentialAction":[{"@type":"ReadAction","target":["https:\/\/biogroupvietnam.com\/vi\/san-pham\/may-noi-ong-vo-trung-genesis-rapidweld\/"]}]},{"@type":"ImageObject","inLanguage":"vi","@id":"https:\/\/biogroupvietnam.com\/vi\/san-pham\/may-noi-ong-vo-trung-genesis-rapidweld\/#primaryimage","url":"https:\/\/biogroupvietnam.com\/wp-content\/uploads\/2025\/08\/RapidWeld\u2122-II-STW.jpg","contentUrl":"https:\/\/biogroupvietnam.com\/wp-content\/uploads\/2025\/08\/RapidWeld\u2122-II-STW.jpg","width":1640,"height":1260},{"@type":"BreadcrumbList","@id":"https:\/\/biogroupvietnam.com\/vi\/san-pham\/may-noi-ong-vo-trung-genesis-rapidweld\/#breadcrumb","itemListElement":[{"@type":"ListItem","position":1,"name":"Trang ch\u1ee7","item":"https:\/\/biogroupvietnam.com\/vi\/"},{"@type":"ListItem","position":2,"name":"S\u1ea3n ph\u1ea9m","item":"https:\/\/biogroupvietnam.com\/vi\/san-pham\/"},{"@type":"ListItem","position":3,"name":"X\u1eed L\u00fd T\u1ebf B\u00e0o","item":"https:\/\/biogroupvietnam.com\/vi\/danh-muc-san-pham\/xu-ly-te-bao\/"},{"@type":"ListItem","position":4,"name":"M\u00e1y n\u1ed1i d\u00e2y","item":"https:\/\/biogroupvietnam.com\/vi\/danh-muc-san-pham\/may-noi-day\/"},{"@type":"ListItem","position":5,"name":"M\u00e1y N\u1ed1i \u1ed0ng V\u00f4 Tr\u00f9ng RapidWeld\u00a0STW"}]},{"@type":"WebSite","@id":"https:\/\/biogroupvietnam.com\/vi\/#website","url":"https:\/\/biogroupvietnam.com\/vi\/","name":"Biogroup Vietnam","description":"Biogroup Vietnam cung c\u1ea5p d\u1ecbch v\u1ee5 k\u1ef9 thu\u1eadt c\u00f9ng thi\u1ebft b\u1ecb, v\u1eadt t\u01b0, h\u00f3a ch\u1ea5t v\u00e0 gi\u1ea3i ph\u00e1p sinh h\u1ecdc cho ph\u00f2ng th\u00ed nghi\u1ec7m c\u00f4ng ngh\u1ec7 sinh h\u1ecdc, y sinh v\u00e0 y h\u1ecdc t\u00e1i t\u1ea1o.","potentialAction":[{"@type":"SearchAction","target":{"@type":"EntryPoint","urlTemplate":"https:\/\/biogroupvietnam.com\/vi\/?s={search_term_string}"},"query-input":{"@type":"PropertyValueSpecification","valueRequired":true,"valueName":"search_term_string"}}],"inLanguage":"vi"}]}},"_links":{"self":[{"href":"https:\/\/biogroupvietnam.com\/vi\/wp-json\/wp\/v2\/product\/3602","targetHints":{"allow":["GET"]}}],"collection":[{"href":"https:\/\/biogroupvietnam.com\/vi\/wp-json\/wp\/v2\/product"}],"about":[{"href":"https:\/\/biogroupvietnam.com\/vi\/wp-json\/wp\/v2\/types\/product"}],"replies":[{"embeddable":true,"href":"https:\/\/biogroupvietnam.com\/vi\/wp-json\/wp\/v2\/comments?post=3602"}],"version-history":[{"count":8,"href":"https:\/\/biogroupvietnam.com\/vi\/wp-json\/wp\/v2\/product\/3602\/revisions"}],"predecessor-version":[{"id":8952,"href":"https:\/\/biogroupvietnam.com\/vi\/wp-json\/wp\/v2\/product\/3602\/revisions\/8952"}],"wp:featuredmedia":[{"embeddable":true,"href":"https:\/\/biogroupvietnam.com\/vi\/wp-json\/wp\/v2\/media\/8947"}],"wp:attachment":[{"href":"https:\/\/biogroupvietnam.com\/vi\/wp-json\/wp\/v2\/media?parent=3602"}],"wp:term":[{"taxonomy":"product_brand","embeddable":true,"href":"https:\/\/biogroupvietnam.com\/vi\/wp-json\/wp\/v2\/product_brand?post=3602"},{"taxonomy":"product_cat","embeddable":true,"href":"https:\/\/biogroupvietnam.com\/vi\/wp-json\/wp\/v2\/product_cat?post=3602"},{"taxonomy":"product_tag","embeddable":true,"href":"https:\/\/biogroupvietnam.com\/vi\/wp-json\/wp\/v2\/product_tag?post=3602"}],"curies":[{"name":"wp","href":"https:\/\/api.w.org\/{rel}","templated":true}]}}