{"id":3603,"date":"2025-08-18T19:51:23","date_gmt":"2025-08-18T12:51:23","guid":{"rendered":"http:\/\/biogroupvietnam-worldpress.local\/product\/import-placeholder-for-23\/"},"modified":"2025-11-17T09:08:05","modified_gmt":"2025-11-17T02:08:05","slug":"may-han-day-se470rs","status":"publish","type":"product","link":"https:\/\/biogroupvietnam.com\/vi\/san-pham\/may-han-day-se470rs\/","title":{"rendered":"M\u00e1y H\u00e0n D\u00e2y &#038; T\u00fai M\u00e1u Cu\u1ed1ng R\u1ed1n"},"content":{"rendered":"<h2>S\u1eed d\u1ee5ng m\u00e1y h\u00e0n d\u00e2y SE470RS\u00a0v\u00e0 t\u00fai m\u00e1u cu\u1ed1ng r\u1ed1n, v\u00e0 d\u1ee5ng c\u1ee5 <a href=\"https:\/\/biogroupvietnam.com\/vi\/products\/xu-ly-te-bao\/thiet-bi-vat-tu-ho-tro\/dung-cu-sealing-jig.html\">Sealing Jig<\/a> c\u00f3 th\u1ec3 h\u00e0n k\u00edn \u0111\u01a1n v\u1ecb m\u00e1u cu\u1ed1ng r\u1ed1n (\u0111\u01b0\u1ee3c ch\u1ee9a trong t\u00fai b\u1ea3o qu\u1ea3n \u0111\u00f4ng l\u1ea1nh t\u1ebf b\u00e0o) m\u1ed9t c\u00e1ch an to\u00e0n.<\/h2>\n<p>M\u00e1y SE470RS (Genesis Cord Blood Sealer &#8211; Model SE470RS) \u0111\u01b0\u1ee3c thi\u1ebft k\u1ebf chuy\u00ean d\u1ee5ng \u0111\u1ec3 h\u00e0n d\u00ednh d\u00e2y v\u00e0 t\u00fai b\u1ea3o qu\u1ea3n \u0111\u00f4ng l\u1ea1nh t\u1ebf b\u00e0o m\u00e1u cu\u1ed1ng r\u1ed1n l\u00e0m b\u1eb1ng v\u1eadt li\u1ec7u nh\u1ef1a EVA (ethylene vinyl acetate) l\u00e0 lo\u1ea1i v\u1eadt li\u1ec7u ch\u1ecbu nhi\u1ec7t. \u0110\u1ea7u h\u00e0n c\u1ee7a m\u00e1y d\u00e0i v\u00e0 thon ph\u00f9 h\u1ee3p h\u00e0n c\u00e1c r\u00e3nh gi\u1eefa 2 ng\u0103n c\u1ee7a t\u00fai \u0111\u00f4ng s\u00e2u (freezing bags).<\/p>\n<p style=\"text-align: center;\"><img decoding=\"async\" src=\"https:\/\/biogroupvietnam.com\/uploads\/dBSWkhWKfnOW5l8k9wUGLL0Zqo6yp8WZRUCBE1Fr.png\" alt=\"\" \/><\/p>\n<h3><strong>\u0110\u1eb7c \u0111i\u1ec3m m\u00e1y h\u00e0n d\u00e2y v\u00e0 t\u00fai m\u00e1u cu\u1ed1ng r\u1ed1n SE470RS:<\/strong><\/h3>\n<ul>\n<li>H\u00e0n \u0111\u01b0\u1ee3c c\u00e1c \u1ed1ng d\u00e2y t\u00fai m\u00e1u cu\u1ed1ng r\u1ed1n c\u00f3 \u0111\u01b0\u1eddng k\u00ednh \u0111\u1ebfn 6 mm.<\/li>\n<li>H\u00e0n \u0111\u01b0\u1ee3c c\u00e1c lo\u1ea1i <a href=\"https:\/\/biogroupvietnam.com\/vi\/products\/xu-ly-bao-quan-te-bao-goc\/giai-phap-xu-ly-te-bao-goc-mau-cuong-ron-thu-cong\/bo-tui-xu-ly-mau-cuong-ron-thu-cong.html\">t\u00fai b\u1ea3o qu\u1ea3n \u0111\u00f4ng l\u1ea1nh t\u1ebf b\u00e0o<\/a> (freezing bags) do Pall s\u1ea3n xu\u1ea5t (Thermogenesis ph\u00e2n ph\u1ed1i \u0111\u1ed9c quy\u1ec1n \u1edf khu v\u1ef1c Ch\u00e2u \u00e1 th\u00e1i b\u00ecnh d\u01b0\u01a1ng) ho\u1eb7c t\u00fai th\u1ec3 t\u00edch 25 mL (88,4 x 70,4 x 7,4 mm).<\/li>\n<li>T\u1ea7n s\u1ed1 RF: 40,68 MHz<\/li>\n<li>C\u00f4ng su\u00e2\u0301t \u0111\u1ea7u ra RF: 30W<\/li>\n<li>Th\u1eddi gian h\u00e0n: 1- 2 gi\u00e2y<\/li>\n<li>\u0110\u00e8n t\u00edn hi\u1ec7u: \u0111\u00e8n LED xanh \u1edf n\u00fat ngu\u1ed3n &#8211; b\u1ed9 ph\u1eadn ngu\u1ed3n. \u0110\u00e8n Neon xanh \u1edf \u0111\u1ea7u h\u00e0n.<\/li>\n<li>Nhi\u1ec7t \u0111\u1ed9 v\u1eadn h\u00e0nh: 0 &#8211; 40oC.<\/li>\n<\/ul>\n","protected":false},"excerpt":{"rendered":"<p>S\u1eed d\u1ee5ng m\u00e1y h\u00e0n d\u00e2y SE470RS\u00a0v\u00e0 t\u00fai m\u00e1u cu\u1ed1ng r\u1ed1n, v\u00e0 d\u1ee5ng c\u1ee5 Sealing Jig c\u00f3 th\u1ec3 h\u00e0n k\u00edn \u0111\u01a1n v\u1ecb m\u00e1u cu\u1ed1ng r\u1ed1n (\u0111\u01b0\u1ee3c ch\u1ee9a trong t\u00fai b\u1ea3o qu\u1ea3n \u0111\u00f4ng l\u1ea1nh t\u1ebf b\u00e0o) m\u1ed9t c\u00e1ch an to\u00e0n. M\u00e1y SE470RS (Genesis Cord Blood Sealer &#8211; Model SE470RS) \u0111\u01b0\u1ee3c thi\u1ebft k\u1ebf chuy\u00ean d\u1ee5ng \u0111\u1ec3 h\u00e0n d\u00ednh<\/p>\n<div class=\"klb-readmore post-buttons\"><a class=\"button rounded primary\" href=\"https:\/\/biogroupvietnam.com\/vi\/san-pham\/may-han-day-se470rs\/\">Read More <i class=\"klbth-icon-right-arrow\"><\/i><\/a><\/div>\n","protected":false},"featured_media":8948,"comment_status":"closed","ping_status":"closed","template":"","meta":{"_acf_changed":false},"product_brand":[123],"product_cat":[168],"product_tag":[],"class_list":{"0":"post-3603","1":"product","2":"type-product","3":"status-publish","4":"has-post-thumbnail","6":"product_brand-genesisbps","7":"product_cat-may-han-day","9":"first","10":"outofstock","11":"shipping-taxable","12":"product-type-simple"},"acf":[],"yoast_head":"<!-- This site is optimized with the Yoast SEO plugin v26.8 - https:\/\/yoast.com\/product\/yoast-seo-wordpress\/ -->\n<title>M\u00e1y H\u00e0n D\u00e2y &amp; T\u00fai M\u00e1u Cu\u1ed1ng R\u1ed1n<\/title>\n<meta name=\"description\" content=\"M\u00e1y SE470RS (Genesis Cord Blood Sealer - Model SE470RS) \u0111\u01b0\u1ee3c thi\u1ebft k\u1ebf chuy\u00ean d\u1ee5ng \u0111\u1ec3 h\u00e0n d\u00ednh d\u00e2y v\u00e0 t\u00fai b\u1ea3o qu\u1ea3n \u0111\u00f4ng l\u1ea1nh t\u1ebf b\u00e0o m\u00e1u cu\u1ed1ng r\u1ed1n.\" \/>\n<meta name=\"robots\" content=\"index, follow, max-snippet:-1, max-image-preview:large, max-video-preview:-1\" \/>\n<link rel=\"canonical\" href=\"https:\/\/biogroupvietnam.com\/vi\/san-pham\/may-han-day-se470rs\/\" \/>\n<meta property=\"og:locale\" content=\"vi_VN\" \/>\n<meta property=\"og:type\" content=\"article\" \/>\n<meta property=\"og:title\" content=\"M\u00e1y H\u00e0n D\u00e2y &amp; T\u00fai M\u00e1u Cu\u1ed1ng R\u1ed1n\" \/>\n<meta property=\"og:description\" content=\"M\u00e1y SE470RS (Genesis Cord Blood Sealer - Model SE470RS) \u0111\u01b0\u1ee3c thi\u1ebft k\u1ebf chuy\u00ean d\u1ee5ng \u0111\u1ec3 h\u00e0n d\u00ednh d\u00e2y v\u00e0 t\u00fai b\u1ea3o qu\u1ea3n \u0111\u00f4ng l\u1ea1nh t\u1ebf b\u00e0o m\u00e1u cu\u1ed1ng r\u1ed1n.\" \/>\n<meta property=\"og:url\" content=\"https:\/\/biogroupvietnam.com\/vi\/san-pham\/may-han-day-se470rs\/\" \/>\n<meta property=\"og:site_name\" content=\"Biogroup Vietnam\" \/>\n<meta property=\"article:modified_time\" content=\"2025-11-17T02:08:05+00:00\" \/>\n<meta property=\"og:image\" content=\"https:\/\/biogroupvietnam.com\/wp-content\/uploads\/2025\/08\/Cord-Blood-Sealer.jpg\" \/>\n\t<meta property=\"og:image:width\" content=\"1640\" \/>\n\t<meta property=\"og:image:height\" content=\"1260\" \/>\n\t<meta property=\"og:image:type\" content=\"image\/jpeg\" \/>\n<meta name=\"twitter:card\" content=\"summary_large_image\" \/>\n<meta name=\"twitter:label1\" content=\"\u01af\u1edbc t\u00ednh th\u1eddi gian \u0111\u1ecdc\" \/>\n\t<meta name=\"twitter:data1\" content=\"2 ph\u00fat\" \/>\n<script type=\"application\/ld+json\" class=\"yoast-schema-graph\">{\"@context\":\"https:\/\/schema.org\",\"@graph\":[{\"@type\":\"WebPage\",\"@id\":\"https:\/\/biogroupvietnam.com\/vi\/san-pham\/may-han-day-se470rs\/\",\"url\":\"https:\/\/biogroupvietnam.com\/vi\/san-pham\/may-han-day-se470rs\/\",\"name\":\"M\u00e1y H\u00e0n D\u00e2y & T\u00fai M\u00e1u Cu\u1ed1ng R\u1ed1n\",\"isPartOf\":{\"@id\":\"https:\/\/biogroupvietnam.com\/vi\/#website\"},\"primaryImageOfPage\":{\"@id\":\"https:\/\/biogroupvietnam.com\/vi\/san-pham\/may-han-day-se470rs\/#primaryimage\"},\"image\":{\"@id\":\"https:\/\/biogroupvietnam.com\/vi\/san-pham\/may-han-day-se470rs\/#primaryimage\"},\"thumbnailUrl\":\"https:\/\/biogroupvietnam.com\/wp-content\/uploads\/2025\/08\/Cord-Blood-Sealer.jpg\",\"datePublished\":\"2025-08-18T12:51:23+00:00\",\"dateModified\":\"2025-11-17T02:08:05+00:00\",\"description\":\"M\u00e1y SE470RS (Genesis Cord Blood Sealer - Model SE470RS) \u0111\u01b0\u1ee3c thi\u1ebft k\u1ebf chuy\u00ean d\u1ee5ng \u0111\u1ec3 h\u00e0n d\u00ednh d\u00e2y v\u00e0 t\u00fai b\u1ea3o qu\u1ea3n \u0111\u00f4ng l\u1ea1nh t\u1ebf b\u00e0o m\u00e1u cu\u1ed1ng r\u1ed1n.\",\"breadcrumb\":{\"@id\":\"https:\/\/biogroupvietnam.com\/vi\/san-pham\/may-han-day-se470rs\/#breadcrumb\"},\"inLanguage\":\"vi\",\"potentialAction\":[{\"@type\":\"ReadAction\",\"target\":[\"https:\/\/biogroupvietnam.com\/vi\/san-pham\/may-han-day-se470rs\/\"]}]},{\"@type\":\"ImageObject\",\"inLanguage\":\"vi\",\"@id\":\"https:\/\/biogroupvietnam.com\/vi\/san-pham\/may-han-day-se470rs\/#primaryimage\",\"url\":\"https:\/\/biogroupvietnam.com\/wp-content\/uploads\/2025\/08\/Cord-Blood-Sealer.jpg\",\"contentUrl\":\"https:\/\/biogroupvietnam.com\/wp-content\/uploads\/2025\/08\/Cord-Blood-Sealer.jpg\",\"width\":1640,\"height\":1260},{\"@type\":\"BreadcrumbList\",\"@id\":\"https:\/\/biogroupvietnam.com\/vi\/san-pham\/may-han-day-se470rs\/#breadcrumb\",\"itemListElement\":[{\"@type\":\"ListItem\",\"position\":1,\"name\":\"Trang ch\u1ee7\",\"item\":\"https:\/\/biogroupvietnam.com\/vi\/\"},{\"@type\":\"ListItem\",\"position\":2,\"name\":\"S\u1ea3n ph\u1ea9m\",\"item\":\"https:\/\/biogroupvietnam.com\/vi\/san-pham\/\"},{\"@type\":\"ListItem\",\"position\":3,\"name\":\"X\u1eed L\u00fd T\u1ebf B\u00e0o\",\"item\":\"https:\/\/biogroupvietnam.com\/vi\/danh-muc-san-pham\/xu-ly-te-bao\/\"},{\"@type\":\"ListItem\",\"position\":4,\"name\":\"M\u00e1y h\u00e0n d\u00e2y\",\"item\":\"https:\/\/biogroupvietnam.com\/vi\/danh-muc-san-pham\/may-han-day\/\"},{\"@type\":\"ListItem\",\"position\":5,\"name\":\"M\u00e1y H\u00e0n D\u00e2y &#038; T\u00fai M\u00e1u Cu\u1ed1ng R\u1ed1n\"}]},{\"@type\":\"WebSite\",\"@id\":\"https:\/\/biogroupvietnam.com\/vi\/#website\",\"url\":\"https:\/\/biogroupvietnam.com\/vi\/\",\"name\":\"Biogroup Vietnam\",\"description\":\"Biogroup Vietnam cung c\u1ea5p d\u1ecbch v\u1ee5 k\u1ef9 thu\u1eadt c\u00f9ng thi\u1ebft b\u1ecb, v\u1eadt t\u01b0, h\u00f3a ch\u1ea5t v\u00e0 gi\u1ea3i ph\u00e1p sinh h\u1ecdc cho ph\u00f2ng th\u00ed nghi\u1ec7m c\u00f4ng ngh\u1ec7 sinh h\u1ecdc, y sinh v\u00e0 y h\u1ecdc t\u00e1i t\u1ea1o.\",\"potentialAction\":[{\"@type\":\"SearchAction\",\"target\":{\"@type\":\"EntryPoint\",\"urlTemplate\":\"https:\/\/biogroupvietnam.com\/vi\/?s={search_term_string}\"},\"query-input\":{\"@type\":\"PropertyValueSpecification\",\"valueRequired\":true,\"valueName\":\"search_term_string\"}}],\"inLanguage\":\"vi\"}]}<\/script>\n<!-- \/ Yoast SEO plugin. -->","yoast_head_json":{"title":"M\u00e1y H\u00e0n D\u00e2y & T\u00fai M\u00e1u Cu\u1ed1ng R\u1ed1n","description":"M\u00e1y SE470RS (Genesis Cord Blood Sealer - Model SE470RS) \u0111\u01b0\u1ee3c thi\u1ebft k\u1ebf chuy\u00ean d\u1ee5ng \u0111\u1ec3 h\u00e0n d\u00ednh d\u00e2y v\u00e0 t\u00fai b\u1ea3o qu\u1ea3n \u0111\u00f4ng l\u1ea1nh t\u1ebf b\u00e0o m\u00e1u cu\u1ed1ng r\u1ed1n.","robots":{"index":"index","follow":"follow","max-snippet":"max-snippet:-1","max-image-preview":"max-image-preview:large","max-video-preview":"max-video-preview:-1"},"canonical":"https:\/\/biogroupvietnam.com\/vi\/san-pham\/may-han-day-se470rs\/","og_locale":"vi_VN","og_type":"article","og_title":"M\u00e1y H\u00e0n D\u00e2y & T\u00fai M\u00e1u Cu\u1ed1ng R\u1ed1n","og_description":"M\u00e1y SE470RS (Genesis Cord Blood Sealer - Model SE470RS) \u0111\u01b0\u1ee3c thi\u1ebft k\u1ebf chuy\u00ean d\u1ee5ng \u0111\u1ec3 h\u00e0n d\u00ednh d\u00e2y v\u00e0 t\u00fai b\u1ea3o qu\u1ea3n \u0111\u00f4ng l\u1ea1nh t\u1ebf b\u00e0o m\u00e1u cu\u1ed1ng r\u1ed1n.","og_url":"https:\/\/biogroupvietnam.com\/vi\/san-pham\/may-han-day-se470rs\/","og_site_name":"Biogroup Vietnam","article_modified_time":"2025-11-17T02:08:05+00:00","og_image":[{"width":1640,"height":1260,"url":"https:\/\/biogroupvietnam.com\/wp-content\/uploads\/2025\/08\/Cord-Blood-Sealer.jpg","type":"image\/jpeg"}],"twitter_card":"summary_large_image","twitter_misc":{"\u01af\u1edbc t\u00ednh th\u1eddi gian \u0111\u1ecdc":"2 ph\u00fat"},"schema":{"@context":"https:\/\/schema.org","@graph":[{"@type":"WebPage","@id":"https:\/\/biogroupvietnam.com\/vi\/san-pham\/may-han-day-se470rs\/","url":"https:\/\/biogroupvietnam.com\/vi\/san-pham\/may-han-day-se470rs\/","name":"M\u00e1y H\u00e0n D\u00e2y & T\u00fai M\u00e1u Cu\u1ed1ng R\u1ed1n","isPartOf":{"@id":"https:\/\/biogroupvietnam.com\/vi\/#website"},"primaryImageOfPage":{"@id":"https:\/\/biogroupvietnam.com\/vi\/san-pham\/may-han-day-se470rs\/#primaryimage"},"image":{"@id":"https:\/\/biogroupvietnam.com\/vi\/san-pham\/may-han-day-se470rs\/#primaryimage"},"thumbnailUrl":"https:\/\/biogroupvietnam.com\/wp-content\/uploads\/2025\/08\/Cord-Blood-Sealer.jpg","datePublished":"2025-08-18T12:51:23+00:00","dateModified":"2025-11-17T02:08:05+00:00","description":"M\u00e1y SE470RS (Genesis Cord Blood Sealer - Model SE470RS) \u0111\u01b0\u1ee3c thi\u1ebft k\u1ebf chuy\u00ean d\u1ee5ng \u0111\u1ec3 h\u00e0n d\u00ednh d\u00e2y v\u00e0 t\u00fai b\u1ea3o qu\u1ea3n \u0111\u00f4ng l\u1ea1nh t\u1ebf b\u00e0o m\u00e1u cu\u1ed1ng r\u1ed1n.","breadcrumb":{"@id":"https:\/\/biogroupvietnam.com\/vi\/san-pham\/may-han-day-se470rs\/#breadcrumb"},"inLanguage":"vi","potentialAction":[{"@type":"ReadAction","target":["https:\/\/biogroupvietnam.com\/vi\/san-pham\/may-han-day-se470rs\/"]}]},{"@type":"ImageObject","inLanguage":"vi","@id":"https:\/\/biogroupvietnam.com\/vi\/san-pham\/may-han-day-se470rs\/#primaryimage","url":"https:\/\/biogroupvietnam.com\/wp-content\/uploads\/2025\/08\/Cord-Blood-Sealer.jpg","contentUrl":"https:\/\/biogroupvietnam.com\/wp-content\/uploads\/2025\/08\/Cord-Blood-Sealer.jpg","width":1640,"height":1260},{"@type":"BreadcrumbList","@id":"https:\/\/biogroupvietnam.com\/vi\/san-pham\/may-han-day-se470rs\/#breadcrumb","itemListElement":[{"@type":"ListItem","position":1,"name":"Trang ch\u1ee7","item":"https:\/\/biogroupvietnam.com\/vi\/"},{"@type":"ListItem","position":2,"name":"S\u1ea3n ph\u1ea9m","item":"https:\/\/biogroupvietnam.com\/vi\/san-pham\/"},{"@type":"ListItem","position":3,"name":"X\u1eed L\u00fd T\u1ebf B\u00e0o","item":"https:\/\/biogroupvietnam.com\/vi\/danh-muc-san-pham\/xu-ly-te-bao\/"},{"@type":"ListItem","position":4,"name":"M\u00e1y h\u00e0n d\u00e2y","item":"https:\/\/biogroupvietnam.com\/vi\/danh-muc-san-pham\/may-han-day\/"},{"@type":"ListItem","position":5,"name":"M\u00e1y H\u00e0n D\u00e2y &#038; T\u00fai M\u00e1u Cu\u1ed1ng R\u1ed1n"}]},{"@type":"WebSite","@id":"https:\/\/biogroupvietnam.com\/vi\/#website","url":"https:\/\/biogroupvietnam.com\/vi\/","name":"Biogroup Vietnam","description":"Biogroup Vietnam cung c\u1ea5p d\u1ecbch v\u1ee5 k\u1ef9 thu\u1eadt c\u00f9ng thi\u1ebft b\u1ecb, v\u1eadt t\u01b0, h\u00f3a ch\u1ea5t v\u00e0 gi\u1ea3i ph\u00e1p sinh h\u1ecdc cho ph\u00f2ng th\u00ed nghi\u1ec7m c\u00f4ng ngh\u1ec7 sinh h\u1ecdc, y sinh v\u00e0 y h\u1ecdc t\u00e1i t\u1ea1o.","potentialAction":[{"@type":"SearchAction","target":{"@type":"EntryPoint","urlTemplate":"https:\/\/biogroupvietnam.com\/vi\/?s={search_term_string}"},"query-input":{"@type":"PropertyValueSpecification","valueRequired":true,"valueName":"search_term_string"}}],"inLanguage":"vi"}]}},"_links":{"self":[{"href":"https:\/\/biogroupvietnam.com\/vi\/wp-json\/wp\/v2\/product\/3603","targetHints":{"allow":["GET"]}}],"collection":[{"href":"https:\/\/biogroupvietnam.com\/vi\/wp-json\/wp\/v2\/product"}],"about":[{"href":"https:\/\/biogroupvietnam.com\/vi\/wp-json\/wp\/v2\/types\/product"}],"replies":[{"embeddable":true,"href":"https:\/\/biogroupvietnam.com\/vi\/wp-json\/wp\/v2\/comments?post=3603"}],"version-history":[{"count":8,"href":"https:\/\/biogroupvietnam.com\/vi\/wp-json\/wp\/v2\/product\/3603\/revisions"}],"predecessor-version":[{"id":8953,"href":"https:\/\/biogroupvietnam.com\/vi\/wp-json\/wp\/v2\/product\/3603\/revisions\/8953"}],"wp:featuredmedia":[{"embeddable":true,"href":"https:\/\/biogroupvietnam.com\/vi\/wp-json\/wp\/v2\/media\/8948"}],"wp:attachment":[{"href":"https:\/\/biogroupvietnam.com\/vi\/wp-json\/wp\/v2\/media?parent=3603"}],"wp:term":[{"taxonomy":"product_brand","embeddable":true,"href":"https:\/\/biogroupvietnam.com\/vi\/wp-json\/wp\/v2\/product_brand?post=3603"},{"taxonomy":"product_cat","embeddable":true,"href":"https:\/\/biogroupvietnam.com\/vi\/wp-json\/wp\/v2\/product_cat?post=3603"},{"taxonomy":"product_tag","embeddable":true,"href":"https:\/\/biogroupvietnam.com\/vi\/wp-json\/wp\/v2\/product_tag?post=3603"}],"curies":[{"name":"wp","href":"https:\/\/api.w.org\/{rel}","templated":true}]}}