{"id":3604,"date":"2025-08-18T19:51:23","date_gmt":"2025-08-18T12:51:23","guid":{"rendered":"http:\/\/biogroupvietnam-worldpress.local\/product\/import-placeholder-for-24\/"},"modified":"2025-11-17T09:25:32","modified_gmt":"2025-11-17T02:25:32","slug":"bo-dien-di-dung","status":"publish","type":"product","link":"https:\/\/biogroupvietnam.com\/vi\/san-pham\/bo-dien-di-dung\/","title":{"rendered":"B\u1ed9 \u0110i\u1ec7n Di \u0110\u1ee9ng SE 260"},"content":{"rendered":"<h2>B\u1ed9 \u0111i\u1ec7n di \u0111\u01b0\u1ee3c thi\u1ebft k\u1ebf\u00a0nh\u1ecf g\u1ecdn, l\u00e0m m\u00e1t gel, cho k\u1ebft qu\u1ea3 c\u00e1c &#8220;bands&#8221; protein, axit nucleic \u0111\u01b0\u1ee3c ph\u00e2n t\u00e1ch s\u1eafc n\u00e9t.<\/h2>\n<h3><strong>\u0110\u1eb7c \u0111i\u1ec3m c\u1ee7a B\u1ed9 \u0111i\u1ec7n di \u0111\u1ee9ng SE 260:<\/strong><\/h3>\n<ul>\n<li>C\u00f3 th\u1ec3 v\u1eadn h\u00e0nh c\u00f9ng l\u00fac t\u1eeb 1-2 b\u1ea3n gel \u0111i\u1ec7n di.<\/li>\n<li>S\u1ed1 m\u1eabu \u0111i\u1ec7n di t\u1ed1i \u0111a: 18 m\u1eabu\/ gel (t\u00f9y ch\u1ecdn lo\u1ea1i l\u01b0\u1ee3c).<\/li>\n<li>K\u00edch th\u01b0\u1edbc t\u1ea5m k\u00ednh t\u1ed1i \u0111a 10 x 10,5 cm. Ngo\u00e0i ra, c\u00f3 th\u1ec3 \u0111\u1ecbnh d\u1ea1ng 10 x 8 cm v\u1edbi c\u00e1c ph\u1ee5 ki\u1ec7n t\u00f9y ch\u1ecdn.<\/li>\n<li>L\u1eafp r\u00e1p nhanh ch\u00f3ng v\u00e0 d\u1ec5 d\u00e0ng.<\/li>\n<\/ul>\n","protected":false},"excerpt":{"rendered":"<p>B\u1ed9 \u0111i\u1ec7n di \u0111\u01b0\u1ee3c thi\u1ebft k\u1ebf\u00a0nh\u1ecf g\u1ecdn, l\u00e0m m\u00e1t gel, cho k\u1ebft qu\u1ea3 c\u00e1c &#8220;bands&#8221; protein, axit nucleic \u0111\u01b0\u1ee3c ph\u00e2n t\u00e1ch s\u1eafc n\u00e9t. \u0110\u1eb7c \u0111i\u1ec3m c\u1ee7a B\u1ed9 \u0111i\u1ec7n di \u0111\u1ee9ng SE 260: C\u00f3 th\u1ec3 v\u1eadn h\u00e0nh c\u00f9ng l\u00fac t\u1eeb 1-2 b\u1ea3n gel \u0111i\u1ec7n di. S\u1ed1 m\u1eabu \u0111i\u1ec7n di t\u1ed1i \u0111a: 18 m\u1eabu\/ gel (t\u00f9y ch\u1ecdn<\/p>\n<div class=\"klb-readmore post-buttons\"><a class=\"button rounded primary\" href=\"https:\/\/biogroupvietnam.com\/vi\/san-pham\/bo-dien-di-dung\/\">Read More <i class=\"klbth-icon-right-arrow\"><\/i><\/a><\/div>\n","protected":false},"featured_media":8963,"comment_status":"closed","ping_status":"closed","template":"","meta":{"_acf_changed":false},"product_brand":[140],"product_cat":[118],"product_tag":[],"class_list":{"0":"post-3604","1":"product","2":"type-product","3":"status-publish","4":"has-post-thumbnail","6":"product_brand-hoefer-inc","7":"product_cat-phan-tich-protein","9":"first","10":"outofstock","11":"shipping-taxable","12":"product-type-simple"},"acf":[],"yoast_head":"<!-- This site is optimized with the Yoast SEO plugin v26.8 - https:\/\/yoast.com\/product\/yoast-seo-wordpress\/ -->\n<title>B\u1ed9 \u0110i\u1ec7n Di \u0110\u1ee9ng SE 260<\/title>\n<meta name=\"description\" content=\"B\u1ed9 \u0111i\u1ec7n di \u0111\u01b0\u1ee3c thi\u1ebft k\u1ebf\u00a0nh\u1ecf g\u1ecdn, l\u00e0m m\u00e1t gel, cho k\u1ebft qu\u1ea3 c\u00e1c &quot;bands&quot; protein, axit nucleic \u0111\u01b0\u1ee3c ph\u00e2n t\u00e1ch s\u1eafc n\u00e9t.\" \/>\n<meta name=\"robots\" content=\"index, follow, max-snippet:-1, max-image-preview:large, max-video-preview:-1\" \/>\n<link rel=\"canonical\" href=\"https:\/\/biogroupvietnam.com\/vi\/san-pham\/bo-dien-di-dung\/\" \/>\n<meta property=\"og:locale\" content=\"vi_VN\" \/>\n<meta property=\"og:type\" content=\"article\" \/>\n<meta property=\"og:title\" content=\"B\u1ed9 \u0110i\u1ec7n Di \u0110\u1ee9ng SE 260\" \/>\n<meta property=\"og:description\" content=\"B\u1ed9 \u0111i\u1ec7n di \u0111\u01b0\u1ee3c thi\u1ebft k\u1ebf\u00a0nh\u1ecf g\u1ecdn, l\u00e0m m\u00e1t gel, cho k\u1ebft qu\u1ea3 c\u00e1c &quot;bands&quot; protein, axit nucleic \u0111\u01b0\u1ee3c ph\u00e2n t\u00e1ch s\u1eafc n\u00e9t.\" \/>\n<meta property=\"og:url\" content=\"https:\/\/biogroupvietnam.com\/vi\/san-pham\/bo-dien-di-dung\/\" \/>\n<meta property=\"og:site_name\" content=\"Biogroup Vietnam\" \/>\n<meta property=\"article:modified_time\" content=\"2025-11-17T02:25:32+00:00\" \/>\n<meta property=\"og:image\" content=\"https:\/\/biogroupvietnam.com\/wp-content\/uploads\/2025\/08\/SE260.jpg\" \/>\n\t<meta property=\"og:image:width\" content=\"1640\" \/>\n\t<meta property=\"og:image:height\" content=\"1260\" \/>\n\t<meta property=\"og:image:type\" content=\"image\/jpeg\" \/>\n<meta name=\"twitter:card\" content=\"summary_large_image\" \/>\n<meta name=\"twitter:label1\" content=\"\u01af\u1edbc t\u00ednh th\u1eddi gian \u0111\u1ecdc\" \/>\n\t<meta name=\"twitter:data1\" content=\"1 ph\u00fat\" \/>\n<script type=\"application\/ld+json\" class=\"yoast-schema-graph\">{\"@context\":\"https:\/\/schema.org\",\"@graph\":[{\"@type\":\"WebPage\",\"@id\":\"https:\/\/biogroupvietnam.com\/vi\/san-pham\/bo-dien-di-dung\/\",\"url\":\"https:\/\/biogroupvietnam.com\/vi\/san-pham\/bo-dien-di-dung\/\",\"name\":\"B\u1ed9 \u0110i\u1ec7n Di \u0110\u1ee9ng SE 260\",\"isPartOf\":{\"@id\":\"https:\/\/biogroupvietnam.com\/vi\/#website\"},\"primaryImageOfPage\":{\"@id\":\"https:\/\/biogroupvietnam.com\/vi\/san-pham\/bo-dien-di-dung\/#primaryimage\"},\"image\":{\"@id\":\"https:\/\/biogroupvietnam.com\/vi\/san-pham\/bo-dien-di-dung\/#primaryimage\"},\"thumbnailUrl\":\"https:\/\/biogroupvietnam.com\/wp-content\/uploads\/2025\/08\/SE260.jpg\",\"datePublished\":\"2025-08-18T12:51:23+00:00\",\"dateModified\":\"2025-11-17T02:25:32+00:00\",\"description\":\"B\u1ed9 \u0111i\u1ec7n di \u0111\u01b0\u1ee3c thi\u1ebft k\u1ebf\u00a0nh\u1ecf g\u1ecdn, l\u00e0m m\u00e1t gel, cho k\u1ebft qu\u1ea3 c\u00e1c \\\"bands\\\" protein, axit nucleic \u0111\u01b0\u1ee3c ph\u00e2n t\u00e1ch s\u1eafc n\u00e9t.\",\"breadcrumb\":{\"@id\":\"https:\/\/biogroupvietnam.com\/vi\/san-pham\/bo-dien-di-dung\/#breadcrumb\"},\"inLanguage\":\"vi\",\"potentialAction\":[{\"@type\":\"ReadAction\",\"target\":[\"https:\/\/biogroupvietnam.com\/vi\/san-pham\/bo-dien-di-dung\/\"]}]},{\"@type\":\"ImageObject\",\"inLanguage\":\"vi\",\"@id\":\"https:\/\/biogroupvietnam.com\/vi\/san-pham\/bo-dien-di-dung\/#primaryimage\",\"url\":\"https:\/\/biogroupvietnam.com\/wp-content\/uploads\/2025\/08\/SE260.jpg\",\"contentUrl\":\"https:\/\/biogroupvietnam.com\/wp-content\/uploads\/2025\/08\/SE260.jpg\",\"width\":1640,\"height\":1260},{\"@type\":\"BreadcrumbList\",\"@id\":\"https:\/\/biogroupvietnam.com\/vi\/san-pham\/bo-dien-di-dung\/#breadcrumb\",\"itemListElement\":[{\"@type\":\"ListItem\",\"position\":1,\"name\":\"Trang ch\u1ee7\",\"item\":\"https:\/\/biogroupvietnam.com\/vi\/\"},{\"@type\":\"ListItem\",\"position\":2,\"name\":\"S\u1ea3n ph\u1ea9m\",\"item\":\"https:\/\/biogroupvietnam.com\/vi\/san-pham\/\"},{\"@type\":\"ListItem\",\"position\":3,\"name\":\"R&amp;D Sinh H\u1ecdc\",\"item\":\"https:\/\/biogroupvietnam.com\/vi\/danh-muc-san-pham\/rd-sinh-hoc\/\"},{\"@type\":\"ListItem\",\"position\":4,\"name\":\"Ph\u00e2n T\u00edch Protein\",\"item\":\"https:\/\/biogroupvietnam.com\/vi\/danh-muc-san-pham\/phan-tich-protein\/\"},{\"@type\":\"ListItem\",\"position\":5,\"name\":\"B\u1ed9 \u0110i\u1ec7n Di \u0110\u1ee9ng SE 260\"}]},{\"@type\":\"WebSite\",\"@id\":\"https:\/\/biogroupvietnam.com\/vi\/#website\",\"url\":\"https:\/\/biogroupvietnam.com\/vi\/\",\"name\":\"Biogroup Vietnam\",\"description\":\"Biogroup Vietnam cung c\u1ea5p d\u1ecbch v\u1ee5 k\u1ef9 thu\u1eadt c\u00f9ng thi\u1ebft b\u1ecb, v\u1eadt t\u01b0, h\u00f3a ch\u1ea5t v\u00e0 gi\u1ea3i ph\u00e1p sinh h\u1ecdc cho ph\u00f2ng th\u00ed nghi\u1ec7m c\u00f4ng ngh\u1ec7 sinh h\u1ecdc, y sinh v\u00e0 y h\u1ecdc t\u00e1i t\u1ea1o.\",\"potentialAction\":[{\"@type\":\"SearchAction\",\"target\":{\"@type\":\"EntryPoint\",\"urlTemplate\":\"https:\/\/biogroupvietnam.com\/vi\/?s={search_term_string}\"},\"query-input\":{\"@type\":\"PropertyValueSpecification\",\"valueRequired\":true,\"valueName\":\"search_term_string\"}}],\"inLanguage\":\"vi\"}]}<\/script>\n<!-- \/ Yoast SEO plugin. -->","yoast_head_json":{"title":"B\u1ed9 \u0110i\u1ec7n Di \u0110\u1ee9ng SE 260","description":"B\u1ed9 \u0111i\u1ec7n di \u0111\u01b0\u1ee3c thi\u1ebft k\u1ebf\u00a0nh\u1ecf g\u1ecdn, l\u00e0m m\u00e1t gel, cho k\u1ebft qu\u1ea3 c\u00e1c \"bands\" protein, axit nucleic \u0111\u01b0\u1ee3c ph\u00e2n t\u00e1ch s\u1eafc n\u00e9t.","robots":{"index":"index","follow":"follow","max-snippet":"max-snippet:-1","max-image-preview":"max-image-preview:large","max-video-preview":"max-video-preview:-1"},"canonical":"https:\/\/biogroupvietnam.com\/vi\/san-pham\/bo-dien-di-dung\/","og_locale":"vi_VN","og_type":"article","og_title":"B\u1ed9 \u0110i\u1ec7n Di \u0110\u1ee9ng SE 260","og_description":"B\u1ed9 \u0111i\u1ec7n di \u0111\u01b0\u1ee3c thi\u1ebft k\u1ebf\u00a0nh\u1ecf g\u1ecdn, l\u00e0m m\u00e1t gel, cho k\u1ebft qu\u1ea3 c\u00e1c \"bands\" protein, axit nucleic \u0111\u01b0\u1ee3c ph\u00e2n t\u00e1ch s\u1eafc n\u00e9t.","og_url":"https:\/\/biogroupvietnam.com\/vi\/san-pham\/bo-dien-di-dung\/","og_site_name":"Biogroup Vietnam","article_modified_time":"2025-11-17T02:25:32+00:00","og_image":[{"width":1640,"height":1260,"url":"https:\/\/biogroupvietnam.com\/wp-content\/uploads\/2025\/08\/SE260.jpg","type":"image\/jpeg"}],"twitter_card":"summary_large_image","twitter_misc":{"\u01af\u1edbc t\u00ednh th\u1eddi gian \u0111\u1ecdc":"1 ph\u00fat"},"schema":{"@context":"https:\/\/schema.org","@graph":[{"@type":"WebPage","@id":"https:\/\/biogroupvietnam.com\/vi\/san-pham\/bo-dien-di-dung\/","url":"https:\/\/biogroupvietnam.com\/vi\/san-pham\/bo-dien-di-dung\/","name":"B\u1ed9 \u0110i\u1ec7n Di \u0110\u1ee9ng SE 260","isPartOf":{"@id":"https:\/\/biogroupvietnam.com\/vi\/#website"},"primaryImageOfPage":{"@id":"https:\/\/biogroupvietnam.com\/vi\/san-pham\/bo-dien-di-dung\/#primaryimage"},"image":{"@id":"https:\/\/biogroupvietnam.com\/vi\/san-pham\/bo-dien-di-dung\/#primaryimage"},"thumbnailUrl":"https:\/\/biogroupvietnam.com\/wp-content\/uploads\/2025\/08\/SE260.jpg","datePublished":"2025-08-18T12:51:23+00:00","dateModified":"2025-11-17T02:25:32+00:00","description":"B\u1ed9 \u0111i\u1ec7n di \u0111\u01b0\u1ee3c thi\u1ebft k\u1ebf\u00a0nh\u1ecf g\u1ecdn, l\u00e0m m\u00e1t gel, cho k\u1ebft qu\u1ea3 c\u00e1c \"bands\" protein, axit nucleic \u0111\u01b0\u1ee3c ph\u00e2n t\u00e1ch s\u1eafc n\u00e9t.","breadcrumb":{"@id":"https:\/\/biogroupvietnam.com\/vi\/san-pham\/bo-dien-di-dung\/#breadcrumb"},"inLanguage":"vi","potentialAction":[{"@type":"ReadAction","target":["https:\/\/biogroupvietnam.com\/vi\/san-pham\/bo-dien-di-dung\/"]}]},{"@type":"ImageObject","inLanguage":"vi","@id":"https:\/\/biogroupvietnam.com\/vi\/san-pham\/bo-dien-di-dung\/#primaryimage","url":"https:\/\/biogroupvietnam.com\/wp-content\/uploads\/2025\/08\/SE260.jpg","contentUrl":"https:\/\/biogroupvietnam.com\/wp-content\/uploads\/2025\/08\/SE260.jpg","width":1640,"height":1260},{"@type":"BreadcrumbList","@id":"https:\/\/biogroupvietnam.com\/vi\/san-pham\/bo-dien-di-dung\/#breadcrumb","itemListElement":[{"@type":"ListItem","position":1,"name":"Trang ch\u1ee7","item":"https:\/\/biogroupvietnam.com\/vi\/"},{"@type":"ListItem","position":2,"name":"S\u1ea3n ph\u1ea9m","item":"https:\/\/biogroupvietnam.com\/vi\/san-pham\/"},{"@type":"ListItem","position":3,"name":"R&amp;D Sinh H\u1ecdc","item":"https:\/\/biogroupvietnam.com\/vi\/danh-muc-san-pham\/rd-sinh-hoc\/"},{"@type":"ListItem","position":4,"name":"Ph\u00e2n T\u00edch Protein","item":"https:\/\/biogroupvietnam.com\/vi\/danh-muc-san-pham\/phan-tich-protein\/"},{"@type":"ListItem","position":5,"name":"B\u1ed9 \u0110i\u1ec7n Di \u0110\u1ee9ng SE 260"}]},{"@type":"WebSite","@id":"https:\/\/biogroupvietnam.com\/vi\/#website","url":"https:\/\/biogroupvietnam.com\/vi\/","name":"Biogroup Vietnam","description":"Biogroup Vietnam cung c\u1ea5p d\u1ecbch v\u1ee5 k\u1ef9 thu\u1eadt c\u00f9ng thi\u1ebft b\u1ecb, v\u1eadt t\u01b0, h\u00f3a ch\u1ea5t v\u00e0 gi\u1ea3i ph\u00e1p sinh h\u1ecdc cho ph\u00f2ng th\u00ed nghi\u1ec7m c\u00f4ng ngh\u1ec7 sinh h\u1ecdc, y sinh v\u00e0 y h\u1ecdc t\u00e1i t\u1ea1o.","potentialAction":[{"@type":"SearchAction","target":{"@type":"EntryPoint","urlTemplate":"https:\/\/biogroupvietnam.com\/vi\/?s={search_term_string}"},"query-input":{"@type":"PropertyValueSpecification","valueRequired":true,"valueName":"search_term_string"}}],"inLanguage":"vi"}]}},"_links":{"self":[{"href":"https:\/\/biogroupvietnam.com\/vi\/wp-json\/wp\/v2\/product\/3604","targetHints":{"allow":["GET"]}}],"collection":[{"href":"https:\/\/biogroupvietnam.com\/vi\/wp-json\/wp\/v2\/product"}],"about":[{"href":"https:\/\/biogroupvietnam.com\/vi\/wp-json\/wp\/v2\/types\/product"}],"replies":[{"embeddable":true,"href":"https:\/\/biogroupvietnam.com\/vi\/wp-json\/wp\/v2\/comments?post=3604"}],"version-history":[{"count":4,"href":"https:\/\/biogroupvietnam.com\/vi\/wp-json\/wp\/v2\/product\/3604\/revisions"}],"predecessor-version":[{"id":8962,"href":"https:\/\/biogroupvietnam.com\/vi\/wp-json\/wp\/v2\/product\/3604\/revisions\/8962"}],"wp:featuredmedia":[{"embeddable":true,"href":"https:\/\/biogroupvietnam.com\/vi\/wp-json\/wp\/v2\/media\/8963"}],"wp:attachment":[{"href":"https:\/\/biogroupvietnam.com\/vi\/wp-json\/wp\/v2\/media?parent=3604"}],"wp:term":[{"taxonomy":"product_brand","embeddable":true,"href":"https:\/\/biogroupvietnam.com\/vi\/wp-json\/wp\/v2\/product_brand?post=3604"},{"taxonomy":"product_cat","embeddable":true,"href":"https:\/\/biogroupvietnam.com\/vi\/wp-json\/wp\/v2\/product_cat?post=3604"},{"taxonomy":"product_tag","embeddable":true,"href":"https:\/\/biogroupvietnam.com\/vi\/wp-json\/wp\/v2\/product_tag?post=3604"}],"curies":[{"name":"wp","href":"https:\/\/api.w.org\/{rel}","templated":true}]}}