{"id":3605,"date":"2025-08-18T19:51:23","date_gmt":"2025-08-18T12:51:23","guid":{"rendered":"http:\/\/biogroupvietnam-worldpress.local\/product\/import-placeholder-for-25\/"},"modified":"2025-11-17T09:25:15","modified_gmt":"2025-11-17T02:25:15","slug":"bo-chuyen-mang-lai-ban-kho","status":"publish","type":"product","link":"https:\/\/biogroupvietnam.com\/vi\/san-pham\/bo-chuyen-mang-lai-ban-kho\/","title":{"rendered":"B\u1ed9 Chuy\u1ec3n M\u00e0ng Lai B\u00e1n Kh\u00f4 TE70XP\/ TE77XP"},"content":{"rendered":"<ul>\n<li>B\u1ed9 chuy\u1ec3n m\u00e0ng lai TE70XP\/ TE77XP \u0111\u01b0\u1ee3c thi\u1ebft k\u1ebf t\u00edch h\u1ee3p b\u1ed9 ngu\u1ed3n \u0111i\u1ec7n,\u00a0t\u1ef1 \u0111\u1ed9ng theo d\u00f5i tr\u1ea1ng th\u00e1i chuy\u1ec3n m\u00e0ng, d\u1eebng chuy\u1ec3n tr\u01b0\u1edbc khi ng\u0103n x\u1ebfp qu\u00e1 n\u00f3ng.<\/li>\n<li>Thi\u1ebft b\u1ecb cho ph\u00e9p chuy\u1ec3n 2 l\u1edbp gel c\u00f9ng l\u00fac. Model TE70XP c\u00f3 di\u1ec7n t\u00edch m\u00e0ng chuy\u1ec3n t\u1ed1i \u0111a 14 x 16 cm (t\u01b0\u01a1ng \u0111\u01b0\u01a1ng 4 gel nh\u1ecf \u0111\u01b0\u1ee3c chuy\u1ec3n c\u00f9ng l\u00fac), v\u00e0 Model TE70XP c\u00f3 di\u1ec7n t\u00edch m\u00e0ng chuy\u1ec3n t\u1ed1i \u0111a\u00a021 x 26 cm (t\u01b0\u01a1ng \u0111\u01b0\u01a1ng 12 gel nh\u1ecf \u0111\u01b0\u1ee3c chuy\u1ec3n c\u00f9ng l\u00fac).<\/li>\n<li>\u1ee8ng d\u1ee5ng chuy\u1ec3n protein l\u00ean m\u00e0ng lai b\u1eb1ng k\u1ef9 thu\u1eadt Western blotting trong kho\u1ea3ng th\u1eddi gian \u00edt h\u01a1n 60 ph\u00fat.<\/li>\n<li>\u0110i\u1ec7n c\u1ef1c c\u00f3 tu\u1ed5i th\u1ecd cao, chuy\u1ec3n m\u1eabu kh\u00f4ng b\u1ecb nhi\u1ec3m, l\u00e0m b\u1eb1ng iridium oxide v\u00e0 th\u00e9p kh\u00f4ng r\u1ec9.<\/li>\n<li>S\u1eed d\u1ee5ng \u00edt dung d\u1ecbch \u0111\u1ec7m.<\/li>\n<\/ul>\n","protected":false},"excerpt":{"rendered":"<p>B\u1ed9 chuy\u1ec3n m\u00e0ng lai TE70XP\/ TE77XP \u0111\u01b0\u1ee3c thi\u1ebft k\u1ebf t\u00edch h\u1ee3p b\u1ed9 ngu\u1ed3n \u0111i\u1ec7n,\u00a0t\u1ef1 \u0111\u1ed9ng theo d\u00f5i tr\u1ea1ng th\u00e1i chuy\u1ec3n m\u00e0ng, d\u1eebng chuy\u1ec3n tr\u01b0\u1edbc khi ng\u0103n x\u1ebfp qu\u00e1 n\u00f3ng. Thi\u1ebft b\u1ecb cho ph\u00e9p chuy\u1ec3n 2 l\u1edbp gel c\u00f9ng l\u00fac. Model TE70XP c\u00f3 di\u1ec7n t\u00edch m\u00e0ng chuy\u1ec3n t\u1ed1i \u0111a 14 x 16 cm (t\u01b0\u01a1ng \u0111\u01b0\u01a1ng 4<\/p>\n<div class=\"klb-readmore post-buttons\"><a class=\"button rounded primary\" href=\"https:\/\/biogroupvietnam.com\/vi\/san-pham\/bo-chuyen-mang-lai-ban-kho\/\">Read More <i class=\"klbth-icon-right-arrow\"><\/i><\/a><\/div>\n","protected":false},"featured_media":8958,"comment_status":"closed","ping_status":"closed","template":"","meta":{"_acf_changed":false},"product_brand":[140],"product_cat":[118],"product_tag":[],"class_list":{"0":"post-3605","1":"product","2":"type-product","3":"status-publish","4":"has-post-thumbnail","6":"product_brand-hoefer-inc","7":"product_cat-phan-tich-protein","9":"first","10":"outofstock","11":"shipping-taxable","12":"product-type-simple"},"acf":[],"yoast_head":"<!-- This site is optimized with the Yoast SEO plugin v26.8 - https:\/\/yoast.com\/product\/yoast-seo-wordpress\/ -->\n<title>B\u1ed9 Chuy\u1ec3n M\u00e0ng Lai B\u00e1n Kh\u00f4 TE70XP\/ TE77XP<\/title>\n<meta name=\"description\" content=\"B\u1ed9 chuy\u1ec3n m\u00e0ng lai TE70XP\/ TE77XP \u0111\u01b0\u1ee3c thi\u1ebft k\u1ebf t\u00edch h\u1ee3p b\u1ed9 ngu\u1ed3n \u0111i\u1ec7n,\u00a0t\u1ef1 \u0111\u1ed9ng theo d\u00f5i tr\u1ea1ng th\u00e1i chuy\u1ec3n m\u00e0ng, d\u1eebng chuy\u1ec3n tr\u01b0\u1edbc khi ng\u0103n x\u1ebfp qu\u00e1 n\u00f3ng.\" \/>\n<meta name=\"robots\" content=\"index, follow, max-snippet:-1, max-image-preview:large, max-video-preview:-1\" \/>\n<link rel=\"canonical\" href=\"https:\/\/biogroupvietnam.com\/vi\/san-pham\/bo-chuyen-mang-lai-ban-kho\/\" \/>\n<meta property=\"og:locale\" content=\"vi_VN\" \/>\n<meta property=\"og:type\" content=\"article\" \/>\n<meta property=\"og:title\" content=\"B\u1ed9 Chuy\u1ec3n M\u00e0ng Lai B\u00e1n Kh\u00f4 TE70XP\/ TE77XP\" \/>\n<meta property=\"og:description\" content=\"B\u1ed9 chuy\u1ec3n m\u00e0ng lai TE70XP\/ TE77XP \u0111\u01b0\u1ee3c thi\u1ebft k\u1ebf t\u00edch h\u1ee3p b\u1ed9 ngu\u1ed3n \u0111i\u1ec7n,\u00a0t\u1ef1 \u0111\u1ed9ng theo d\u00f5i tr\u1ea1ng th\u00e1i chuy\u1ec3n m\u00e0ng, d\u1eebng chuy\u1ec3n tr\u01b0\u1edbc khi ng\u0103n x\u1ebfp qu\u00e1 n\u00f3ng.\" \/>\n<meta property=\"og:url\" content=\"https:\/\/biogroupvietnam.com\/vi\/san-pham\/bo-chuyen-mang-lai-ban-kho\/\" \/>\n<meta property=\"og:site_name\" content=\"Biogroup Vietnam\" \/>\n<meta property=\"article:modified_time\" content=\"2025-11-17T02:25:15+00:00\" \/>\n<meta property=\"og:image\" content=\"https:\/\/biogroupvietnam.com\/wp-content\/uploads\/2025\/08\/TE70XP-TE77XP.jpg\" \/>\n\t<meta property=\"og:image:width\" content=\"1640\" \/>\n\t<meta property=\"og:image:height\" content=\"1260\" \/>\n\t<meta property=\"og:image:type\" content=\"image\/jpeg\" \/>\n<meta name=\"twitter:card\" content=\"summary_large_image\" \/>\n<meta name=\"twitter:label1\" content=\"\u01af\u1edbc t\u00ednh th\u1eddi gian \u0111\u1ecdc\" \/>\n\t<meta name=\"twitter:data1\" content=\"1 ph\u00fat\" \/>\n<script type=\"application\/ld+json\" class=\"yoast-schema-graph\">{\"@context\":\"https:\/\/schema.org\",\"@graph\":[{\"@type\":\"WebPage\",\"@id\":\"https:\/\/biogroupvietnam.com\/vi\/san-pham\/bo-chuyen-mang-lai-ban-kho\/\",\"url\":\"https:\/\/biogroupvietnam.com\/vi\/san-pham\/bo-chuyen-mang-lai-ban-kho\/\",\"name\":\"B\u1ed9 Chuy\u1ec3n M\u00e0ng Lai B\u00e1n Kh\u00f4 TE70XP\/ TE77XP\",\"isPartOf\":{\"@id\":\"https:\/\/biogroupvietnam.com\/vi\/#website\"},\"primaryImageOfPage\":{\"@id\":\"https:\/\/biogroupvietnam.com\/vi\/san-pham\/bo-chuyen-mang-lai-ban-kho\/#primaryimage\"},\"image\":{\"@id\":\"https:\/\/biogroupvietnam.com\/vi\/san-pham\/bo-chuyen-mang-lai-ban-kho\/#primaryimage\"},\"thumbnailUrl\":\"https:\/\/biogroupvietnam.com\/wp-content\/uploads\/2025\/08\/TE70XP-TE77XP.jpg\",\"datePublished\":\"2025-08-18T12:51:23+00:00\",\"dateModified\":\"2025-11-17T02:25:15+00:00\",\"description\":\"B\u1ed9 chuy\u1ec3n m\u00e0ng lai TE70XP\/ TE77XP \u0111\u01b0\u1ee3c thi\u1ebft k\u1ebf t\u00edch h\u1ee3p b\u1ed9 ngu\u1ed3n \u0111i\u1ec7n,\u00a0t\u1ef1 \u0111\u1ed9ng theo d\u00f5i tr\u1ea1ng th\u00e1i chuy\u1ec3n m\u00e0ng, d\u1eebng chuy\u1ec3n tr\u01b0\u1edbc khi ng\u0103n x\u1ebfp qu\u00e1 n\u00f3ng.\",\"breadcrumb\":{\"@id\":\"https:\/\/biogroupvietnam.com\/vi\/san-pham\/bo-chuyen-mang-lai-ban-kho\/#breadcrumb\"},\"inLanguage\":\"vi\",\"potentialAction\":[{\"@type\":\"ReadAction\",\"target\":[\"https:\/\/biogroupvietnam.com\/vi\/san-pham\/bo-chuyen-mang-lai-ban-kho\/\"]}]},{\"@type\":\"ImageObject\",\"inLanguage\":\"vi\",\"@id\":\"https:\/\/biogroupvietnam.com\/vi\/san-pham\/bo-chuyen-mang-lai-ban-kho\/#primaryimage\",\"url\":\"https:\/\/biogroupvietnam.com\/wp-content\/uploads\/2025\/08\/TE70XP-TE77XP.jpg\",\"contentUrl\":\"https:\/\/biogroupvietnam.com\/wp-content\/uploads\/2025\/08\/TE70XP-TE77XP.jpg\",\"width\":1640,\"height\":1260},{\"@type\":\"BreadcrumbList\",\"@id\":\"https:\/\/biogroupvietnam.com\/vi\/san-pham\/bo-chuyen-mang-lai-ban-kho\/#breadcrumb\",\"itemListElement\":[{\"@type\":\"ListItem\",\"position\":1,\"name\":\"Trang ch\u1ee7\",\"item\":\"https:\/\/biogroupvietnam.com\/vi\/\"},{\"@type\":\"ListItem\",\"position\":2,\"name\":\"S\u1ea3n ph\u1ea9m\",\"item\":\"https:\/\/biogroupvietnam.com\/vi\/san-pham\/\"},{\"@type\":\"ListItem\",\"position\":3,\"name\":\"R&amp;D Sinh H\u1ecdc\",\"item\":\"https:\/\/biogroupvietnam.com\/vi\/danh-muc-san-pham\/rd-sinh-hoc\/\"},{\"@type\":\"ListItem\",\"position\":4,\"name\":\"Ph\u00e2n T\u00edch Protein\",\"item\":\"https:\/\/biogroupvietnam.com\/vi\/danh-muc-san-pham\/phan-tich-protein\/\"},{\"@type\":\"ListItem\",\"position\":5,\"name\":\"B\u1ed9 Chuy\u1ec3n M\u00e0ng Lai B\u00e1n Kh\u00f4 TE70XP\/ TE77XP\"}]},{\"@type\":\"WebSite\",\"@id\":\"https:\/\/biogroupvietnam.com\/vi\/#website\",\"url\":\"https:\/\/biogroupvietnam.com\/vi\/\",\"name\":\"Biogroup Vietnam\",\"description\":\"Biogroup Vietnam cung c\u1ea5p d\u1ecbch v\u1ee5 k\u1ef9 thu\u1eadt c\u00f9ng thi\u1ebft b\u1ecb, v\u1eadt t\u01b0, h\u00f3a ch\u1ea5t v\u00e0 gi\u1ea3i ph\u00e1p sinh h\u1ecdc cho ph\u00f2ng th\u00ed nghi\u1ec7m c\u00f4ng ngh\u1ec7 sinh h\u1ecdc, y sinh v\u00e0 y h\u1ecdc t\u00e1i t\u1ea1o.\",\"potentialAction\":[{\"@type\":\"SearchAction\",\"target\":{\"@type\":\"EntryPoint\",\"urlTemplate\":\"https:\/\/biogroupvietnam.com\/vi\/?s={search_term_string}\"},\"query-input\":{\"@type\":\"PropertyValueSpecification\",\"valueRequired\":true,\"valueName\":\"search_term_string\"}}],\"inLanguage\":\"vi\"}]}<\/script>\n<!-- \/ Yoast SEO plugin. -->","yoast_head_json":{"title":"B\u1ed9 Chuy\u1ec3n M\u00e0ng Lai B\u00e1n Kh\u00f4 TE70XP\/ TE77XP","description":"B\u1ed9 chuy\u1ec3n m\u00e0ng lai TE70XP\/ TE77XP \u0111\u01b0\u1ee3c thi\u1ebft k\u1ebf t\u00edch h\u1ee3p b\u1ed9 ngu\u1ed3n \u0111i\u1ec7n,\u00a0t\u1ef1 \u0111\u1ed9ng theo d\u00f5i tr\u1ea1ng th\u00e1i chuy\u1ec3n m\u00e0ng, d\u1eebng chuy\u1ec3n tr\u01b0\u1edbc khi ng\u0103n x\u1ebfp qu\u00e1 n\u00f3ng.","robots":{"index":"index","follow":"follow","max-snippet":"max-snippet:-1","max-image-preview":"max-image-preview:large","max-video-preview":"max-video-preview:-1"},"canonical":"https:\/\/biogroupvietnam.com\/vi\/san-pham\/bo-chuyen-mang-lai-ban-kho\/","og_locale":"vi_VN","og_type":"article","og_title":"B\u1ed9 Chuy\u1ec3n M\u00e0ng Lai B\u00e1n Kh\u00f4 TE70XP\/ TE77XP","og_description":"B\u1ed9 chuy\u1ec3n m\u00e0ng lai TE70XP\/ TE77XP \u0111\u01b0\u1ee3c thi\u1ebft k\u1ebf t\u00edch h\u1ee3p b\u1ed9 ngu\u1ed3n \u0111i\u1ec7n,\u00a0t\u1ef1 \u0111\u1ed9ng theo d\u00f5i tr\u1ea1ng th\u00e1i chuy\u1ec3n m\u00e0ng, d\u1eebng chuy\u1ec3n tr\u01b0\u1edbc khi ng\u0103n x\u1ebfp qu\u00e1 n\u00f3ng.","og_url":"https:\/\/biogroupvietnam.com\/vi\/san-pham\/bo-chuyen-mang-lai-ban-kho\/","og_site_name":"Biogroup Vietnam","article_modified_time":"2025-11-17T02:25:15+00:00","og_image":[{"width":1640,"height":1260,"url":"https:\/\/biogroupvietnam.com\/wp-content\/uploads\/2025\/08\/TE70XP-TE77XP.jpg","type":"image\/jpeg"}],"twitter_card":"summary_large_image","twitter_misc":{"\u01af\u1edbc t\u00ednh th\u1eddi gian \u0111\u1ecdc":"1 ph\u00fat"},"schema":{"@context":"https:\/\/schema.org","@graph":[{"@type":"WebPage","@id":"https:\/\/biogroupvietnam.com\/vi\/san-pham\/bo-chuyen-mang-lai-ban-kho\/","url":"https:\/\/biogroupvietnam.com\/vi\/san-pham\/bo-chuyen-mang-lai-ban-kho\/","name":"B\u1ed9 Chuy\u1ec3n M\u00e0ng Lai B\u00e1n Kh\u00f4 TE70XP\/ TE77XP","isPartOf":{"@id":"https:\/\/biogroupvietnam.com\/vi\/#website"},"primaryImageOfPage":{"@id":"https:\/\/biogroupvietnam.com\/vi\/san-pham\/bo-chuyen-mang-lai-ban-kho\/#primaryimage"},"image":{"@id":"https:\/\/biogroupvietnam.com\/vi\/san-pham\/bo-chuyen-mang-lai-ban-kho\/#primaryimage"},"thumbnailUrl":"https:\/\/biogroupvietnam.com\/wp-content\/uploads\/2025\/08\/TE70XP-TE77XP.jpg","datePublished":"2025-08-18T12:51:23+00:00","dateModified":"2025-11-17T02:25:15+00:00","description":"B\u1ed9 chuy\u1ec3n m\u00e0ng lai TE70XP\/ TE77XP \u0111\u01b0\u1ee3c thi\u1ebft k\u1ebf t\u00edch h\u1ee3p b\u1ed9 ngu\u1ed3n \u0111i\u1ec7n,\u00a0t\u1ef1 \u0111\u1ed9ng theo d\u00f5i tr\u1ea1ng th\u00e1i chuy\u1ec3n m\u00e0ng, d\u1eebng chuy\u1ec3n tr\u01b0\u1edbc khi ng\u0103n x\u1ebfp qu\u00e1 n\u00f3ng.","breadcrumb":{"@id":"https:\/\/biogroupvietnam.com\/vi\/san-pham\/bo-chuyen-mang-lai-ban-kho\/#breadcrumb"},"inLanguage":"vi","potentialAction":[{"@type":"ReadAction","target":["https:\/\/biogroupvietnam.com\/vi\/san-pham\/bo-chuyen-mang-lai-ban-kho\/"]}]},{"@type":"ImageObject","inLanguage":"vi","@id":"https:\/\/biogroupvietnam.com\/vi\/san-pham\/bo-chuyen-mang-lai-ban-kho\/#primaryimage","url":"https:\/\/biogroupvietnam.com\/wp-content\/uploads\/2025\/08\/TE70XP-TE77XP.jpg","contentUrl":"https:\/\/biogroupvietnam.com\/wp-content\/uploads\/2025\/08\/TE70XP-TE77XP.jpg","width":1640,"height":1260},{"@type":"BreadcrumbList","@id":"https:\/\/biogroupvietnam.com\/vi\/san-pham\/bo-chuyen-mang-lai-ban-kho\/#breadcrumb","itemListElement":[{"@type":"ListItem","position":1,"name":"Trang ch\u1ee7","item":"https:\/\/biogroupvietnam.com\/vi\/"},{"@type":"ListItem","position":2,"name":"S\u1ea3n ph\u1ea9m","item":"https:\/\/biogroupvietnam.com\/vi\/san-pham\/"},{"@type":"ListItem","position":3,"name":"R&amp;D Sinh H\u1ecdc","item":"https:\/\/biogroupvietnam.com\/vi\/danh-muc-san-pham\/rd-sinh-hoc\/"},{"@type":"ListItem","position":4,"name":"Ph\u00e2n T\u00edch Protein","item":"https:\/\/biogroupvietnam.com\/vi\/danh-muc-san-pham\/phan-tich-protein\/"},{"@type":"ListItem","position":5,"name":"B\u1ed9 Chuy\u1ec3n M\u00e0ng Lai B\u00e1n Kh\u00f4 TE70XP\/ TE77XP"}]},{"@type":"WebSite","@id":"https:\/\/biogroupvietnam.com\/vi\/#website","url":"https:\/\/biogroupvietnam.com\/vi\/","name":"Biogroup Vietnam","description":"Biogroup Vietnam cung c\u1ea5p d\u1ecbch v\u1ee5 k\u1ef9 thu\u1eadt c\u00f9ng thi\u1ebft b\u1ecb, v\u1eadt t\u01b0, h\u00f3a ch\u1ea5t v\u00e0 gi\u1ea3i ph\u00e1p sinh h\u1ecdc cho ph\u00f2ng th\u00ed nghi\u1ec7m c\u00f4ng ngh\u1ec7 sinh h\u1ecdc, y sinh v\u00e0 y h\u1ecdc t\u00e1i t\u1ea1o.","potentialAction":[{"@type":"SearchAction","target":{"@type":"EntryPoint","urlTemplate":"https:\/\/biogroupvietnam.com\/vi\/?s={search_term_string}"},"query-input":{"@type":"PropertyValueSpecification","valueRequired":true,"valueName":"search_term_string"}}],"inLanguage":"vi"}]}},"_links":{"self":[{"href":"https:\/\/biogroupvietnam.com\/vi\/wp-json\/wp\/v2\/product\/3605","targetHints":{"allow":["GET"]}}],"collection":[{"href":"https:\/\/biogroupvietnam.com\/vi\/wp-json\/wp\/v2\/product"}],"about":[{"href":"https:\/\/biogroupvietnam.com\/vi\/wp-json\/wp\/v2\/types\/product"}],"replies":[{"embeddable":true,"href":"https:\/\/biogroupvietnam.com\/vi\/wp-json\/wp\/v2\/comments?post=3605"}],"version-history":[{"count":4,"href":"https:\/\/biogroupvietnam.com\/vi\/wp-json\/wp\/v2\/product\/3605\/revisions"}],"predecessor-version":[{"id":8961,"href":"https:\/\/biogroupvietnam.com\/vi\/wp-json\/wp\/v2\/product\/3605\/revisions\/8961"}],"wp:featuredmedia":[{"embeddable":true,"href":"https:\/\/biogroupvietnam.com\/vi\/wp-json\/wp\/v2\/media\/8958"}],"wp:attachment":[{"href":"https:\/\/biogroupvietnam.com\/vi\/wp-json\/wp\/v2\/media?parent=3605"}],"wp:term":[{"taxonomy":"product_brand","embeddable":true,"href":"https:\/\/biogroupvietnam.com\/vi\/wp-json\/wp\/v2\/product_brand?post=3605"},{"taxonomy":"product_cat","embeddable":true,"href":"https:\/\/biogroupvietnam.com\/vi\/wp-json\/wp\/v2\/product_cat?post=3605"},{"taxonomy":"product_tag","embeddable":true,"href":"https:\/\/biogroupvietnam.com\/vi\/wp-json\/wp\/v2\/product_tag?post=3605"}],"curies":[{"name":"wp","href":"https:\/\/api.w.org\/{rel}","templated":true}]}}