{"id":3606,"date":"2025-08-18T19:51:24","date_gmt":"2025-08-18T12:51:24","guid":{"rendered":"http:\/\/biogroupvietnam-worldpress.local\/product\/import-placeholder-for-26\/"},"modified":"2026-04-14T17:12:36","modified_gmt":"2026-04-14T10:12:36","slug":"may-real-time-pcr","status":"publish","type":"product","link":"https:\/\/biogroupvietnam.com\/vi\/san-pham\/may-real-time-pcr\/","title":{"rendered":"H\u1ec7 Th\u1ed1ng Real-time PCR TurboQ"},"content":{"rendered":"<h3><span style=\"background-color: transparent; color: #000000; font-family: Arial,sans-serif; font-size: 16pt;\"><strong>\u0110\u1eb7c \u0111i\u1ec3m n\u1ed5i b\u1eadt<\/strong><\/span><\/h3>\n<ul>\n<li>\u0110\u1ea1t ch\u1ee9ng nh\u1eadn: ISO 13485<\/li>\n<li>Block ch\u1ee9a m\u1eabu: 96 gi\u1ebfng, t\u01b0\u01a1ng th\u00edch v\u1edbi c\u00e1c lo\u1ea1i \u1ed1ng 0.2 ml PCR, d\u1ea1ng strip, d\u1ea1ng \u0111\u0129a PCR 96 gi\u1ebfng.<\/li>\n<li><strong>Ph\u00e1t hi\u1ec7n t\u1ed1i \u0111a 4 m\u1ee5c ti\u00eau ho\u1eb7c 6 m\u1ee5c ti\u00eau trong m\u1ed9t gi\u1ebfng m\u1eabu.<\/strong><\/li>\n<li>H\u1ec7 th\u1ed1ng ph\u00e1t hi\u1ec7n d\u1ef1a tr\u00ean camera CCD: to\u00e0n b\u1ed9 \u0111\u0129a (c\u00e1c m\u1eabu ph\u1ea3n \u1ee9ng) c\u00f3 th\u1ec3 \u0111\u01b0\u1ee3c ph\u00e1t hi\u1ec7n c\u00f9ng m\u1ed9t l\u00fac nh\u1eb1m lo\u1ea1i b\u1ecf s\u1ef1 kh\u00e1c bi\u1ec7t v\u1ec1 th\u1eddi gian ph\u1ea3n \u1ee9ng.<\/li>\n<li>Khay t\u1ea3i \u0111\u0129a ch\u1ee9a m\u1eabu t\u1ef1 \u0111\u1ed9ng: \u0110\u1ea9y v\u00e0o\/ra v\u1edbi m\u1ed9t c\u00fa nh\u1ea5p chu\u1ed9t \u0111\u01a1n gi\u1ea3n, cho ph\u00e9p t\u00edch h\u1ee3p t\u1ef1 \u0111\u1ed9ng h\u00f3a trong t\u01b0\u01a1ng lai.<\/li>\n<li><strong>\u0110\u1ed9 ch\u00ednh x\u00e1c nhi\u1ec7t \u0111\u1ed9 \u0111\u01b0\u1ee3c ki\u1ec3m so\u00e1t \u1edf +\/- 0,25\u00b0C. \u0110\u1ea3m b\u1ea3o \u0111i\u1ec1u ki\u1ec7n th\u00ed nghi\u1ec7m \u1ed5n \u0111\u1ecbnh.<\/strong><\/li>\n<li>C\u00f3 ch\u1ee9c n\u0103ng ch\u1ed1ng bay h\u01a1i n\u01b0\u1edbc trong \u1ed1ng ph\u1ea3n \u1ee9ng: C\u00f3 n\u1eafp nhi\u1ec7t c\u00f3 th\u1ec3 c\u00e0i nhi\u1ec7t \u0111\u1ed9 105oC. C\u00f3 th\u1ec3 b\u1eadt\/t\u1eaft ch\u1ebf \u0111\u1ed9 nhi\u1ec7t c\u1ee7a n\u1eafp tr\u01b0\u1edbc khi ch\u1ea1y ch\u01b0\u01a1ng tr\u00ecnh.<\/li>\n<li>C\u00f3 ch\u1ee9c n\u0103ng gradient nhi\u1ec7t \u0111\u1ed9 c\u00f3 th\u1ec3 \u00e1p d\u1ee5ng cho c\u1ea3 3 b\u01b0\u1edbc c\u1ee7a ph\u1ea3n \u1ee9ng PCR l\u00e0 bi\u1ebfn t\u00ednh, g\u1eafn m\u1ed3i v\u00e0 k\u00e9o d\u00e0i chu\u1ed7i.<\/li>\n<li>C\u00f3 ph\u1ea7n m\u1ec1m v\u1edbi c\u00e1c ch\u1ee9c n\u0103ng ph\u00e2n t\u00edch ho\u00e0n ch\u1ec9nh, bao g\u1ed3m: \u0111\u1ecbnh l\u01b0\u1ee3ng tuy\u1ec7t \u0111\u1ed1i, \u0111\u1ecbnh l\u01b0\u1ee3ng t\u01b0\u01a1ng \u0111\u1ed1i, ph\u00e2n bi\u1ec7t Allelic, \u0111\u01b0\u1eddng cong n\u00f3ng ch\u1ea3y. Kh\u00f4ng c\u1ea7n ph\u1ea3i mua th\u00eam c\u00e1c modules ph\u00e2n t\u00edch kh\u00e1c.<\/li>\n<\/ul>\n<h3><span style=\"background-color: transparent; color: #000000; font-family: Arial,sans-serif; font-size: 16pt;\"><strong>Th\u00f4ng tin k\u1ef9 thu\u1eadt<\/strong><\/span><\/h3>\n<p>Th\u00f4ng tin k\u1ef9 thu\u1eadt chi ti\u1ebft xin tham kh\u1ea3o theo link <a href=\"https:\/\/www.blue-raybio.com\/en\/category\/product\/TurboQ-Real-Time-PCR-System\" target=\"_blank\" rel=\"noopener noreferrer\">TurboQ Real-Time PCR System<\/a>.<\/p>\n<p>Xin li\u00ean h\u1ec7 \u0111\u1ec3 \u0111\u01b0\u1ee3c t\u01b0 v\u1ea5n ch\u1ecdn h\u1ec7 th\u1ed1ng EzMate pipet t\u1ef1 \u0111\u1ed9ng\u00a0ph\u00f9 h\u1ee3p v\u1edbi \u1ee9ng d\u1ee5ng c\u1ee7a Qu\u00fd kh\u00e1ch h\u00e0ng v\u00e0 c\u00e1c d\u1ecbch v\u1ee5 k\u00e8m theo c\u1ee7a ch\u00fang t\u00f4i.<\/p>\n","protected":false},"excerpt":{"rendered":"<p>\u0110\u1eb7c \u0111i\u1ec3m n\u1ed5i b\u1eadt \u0110\u1ea1t ch\u1ee9ng nh\u1eadn: ISO 13485 Block ch\u1ee9a m\u1eabu: 96 gi\u1ebfng, t\u01b0\u01a1ng th\u00edch v\u1edbi c\u00e1c lo\u1ea1i \u1ed1ng 0.2 ml PCR, d\u1ea1ng strip, d\u1ea1ng \u0111\u0129a PCR 96 gi\u1ebfng. Ph\u00e1t hi\u1ec7n t\u1ed1i \u0111a 4 m\u1ee5c ti\u00eau ho\u1eb7c 6 m\u1ee5c ti\u00eau trong m\u1ed9t gi\u1ebfng m\u1eabu. H\u1ec7 th\u1ed1ng ph\u00e1t hi\u1ec7n d\u1ef1a tr\u00ean camera CCD: to\u00e0n b\u1ed9<\/p>\n<div class=\"klb-readmore post-buttons\"><a class=\"button rounded primary\" href=\"https:\/\/biogroupvietnam.com\/vi\/san-pham\/may-real-time-pcr\/\">Read More <i class=\"klbth-icon-right-arrow\"><\/i><\/a><\/div>\n","protected":false},"featured_media":5106,"comment_status":"closed","ping_status":"closed","template":"","meta":{"_acf_changed":false},"product_brand":[135],"product_cat":[39],"product_tag":[],"class_list":{"0":"post-3606","1":"product","2":"type-product","3":"status-publish","4":"has-post-thumbnail","6":"product_brand-blue-ray-biotech","7":"product_cat-he-thong-qpcr","9":"first","10":"outofstock","11":"shipping-taxable","12":"product-type-simple"},"acf":[],"yoast_head":"<!-- This site is optimized with the Yoast SEO plugin v26.8 - https:\/\/yoast.com\/product\/yoast-seo-wordpress\/ -->\n<title>H\u1ec7 Th\u1ed1ng Real-time PCR TurboQ<\/title>\n<meta name=\"description\" content=\"H\u1ec7 Th\u1ed1ng Real-time PCR TurboQ v\u1edbi block ch\u1ee9a m\u1eabu 96 gi\u1ebfng, t\u01b0\u01a1ng th\u00edch v\u1edbi c\u00e1c lo\u1ea1i \u1ed1ng 0.2 ml PCR, d\u1ea1ng strip, d\u1ea1ng \u0111\u0129a PCR 96 gi\u1ebfng.\" \/>\n<meta name=\"robots\" content=\"index, follow, max-snippet:-1, max-image-preview:large, max-video-preview:-1\" \/>\n<link rel=\"canonical\" href=\"https:\/\/biogroupvietnam.com\/vi\/san-pham\/may-real-time-pcr\/\" \/>\n<meta property=\"og:locale\" content=\"vi_VN\" \/>\n<meta property=\"og:type\" content=\"article\" \/>\n<meta property=\"og:title\" content=\"H\u1ec7 Th\u1ed1ng Real-time PCR TurboQ\" \/>\n<meta property=\"og:description\" content=\"H\u1ec7 Th\u1ed1ng Real-time PCR TurboQ v\u1edbi block ch\u1ee9a m\u1eabu 96 gi\u1ebfng, t\u01b0\u01a1ng th\u00edch v\u1edbi c\u00e1c lo\u1ea1i \u1ed1ng 0.2 ml PCR, d\u1ea1ng strip, d\u1ea1ng \u0111\u0129a PCR 96 gi\u1ebfng.\" \/>\n<meta property=\"og:url\" content=\"https:\/\/biogroupvietnam.com\/vi\/san-pham\/may-real-time-pcr\/\" \/>\n<meta property=\"og:site_name\" content=\"Biogroup Vietnam\" \/>\n<meta property=\"article:modified_time\" content=\"2026-04-14T10:12:36+00:00\" \/>\n<meta property=\"og:image\" content=\"https:\/\/biogroupvietnam.com\/wp-content\/uploads\/2025\/08\/ofrYWkkTKhKOFQo6tcRa2eqknKCa0ltjYLKQoZd9.webp\" \/>\n\t<meta property=\"og:image:width\" content=\"375\" \/>\n\t<meta property=\"og:image:height\" content=\"375\" \/>\n\t<meta property=\"og:image:type\" content=\"image\/webp\" \/>\n<meta name=\"twitter:card\" content=\"summary_large_image\" \/>\n<meta name=\"twitter:label1\" content=\"\u01af\u1edbc t\u00ednh th\u1eddi gian \u0111\u1ecdc\" \/>\n\t<meta name=\"twitter:data1\" content=\"2 ph\u00fat\" \/>\n<script type=\"application\/ld+json\" class=\"yoast-schema-graph\">{\"@context\":\"https:\/\/schema.org\",\"@graph\":[{\"@type\":\"WebPage\",\"@id\":\"https:\/\/biogroupvietnam.com\/vi\/san-pham\/may-real-time-pcr\/\",\"url\":\"https:\/\/biogroupvietnam.com\/vi\/san-pham\/may-real-time-pcr\/\",\"name\":\"H\u1ec7 Th\u1ed1ng Real-time PCR TurboQ\",\"isPartOf\":{\"@id\":\"https:\/\/biogroupvietnam.com\/vi\/#website\"},\"primaryImageOfPage\":{\"@id\":\"https:\/\/biogroupvietnam.com\/vi\/san-pham\/may-real-time-pcr\/#primaryimage\"},\"image\":{\"@id\":\"https:\/\/biogroupvietnam.com\/vi\/san-pham\/may-real-time-pcr\/#primaryimage\"},\"thumbnailUrl\":\"https:\/\/biogroupvietnam.com\/wp-content\/uploads\/2025\/08\/ofrYWkkTKhKOFQo6tcRa2eqknKCa0ltjYLKQoZd9.webp\",\"datePublished\":\"2025-08-18T12:51:24+00:00\",\"dateModified\":\"2026-04-14T10:12:36+00:00\",\"description\":\"H\u1ec7 Th\u1ed1ng Real-time PCR TurboQ v\u1edbi block ch\u1ee9a m\u1eabu 96 gi\u1ebfng, t\u01b0\u01a1ng th\u00edch v\u1edbi c\u00e1c lo\u1ea1i \u1ed1ng 0.2 ml PCR, d\u1ea1ng strip, d\u1ea1ng \u0111\u0129a PCR 96 gi\u1ebfng.\",\"breadcrumb\":{\"@id\":\"https:\/\/biogroupvietnam.com\/vi\/san-pham\/may-real-time-pcr\/#breadcrumb\"},\"inLanguage\":\"vi\",\"potentialAction\":[{\"@type\":\"ReadAction\",\"target\":[\"https:\/\/biogroupvietnam.com\/vi\/san-pham\/may-real-time-pcr\/\"]}]},{\"@type\":\"ImageObject\",\"inLanguage\":\"vi\",\"@id\":\"https:\/\/biogroupvietnam.com\/vi\/san-pham\/may-real-time-pcr\/#primaryimage\",\"url\":\"https:\/\/biogroupvietnam.com\/wp-content\/uploads\/2025\/08\/ofrYWkkTKhKOFQo6tcRa2eqknKCa0ltjYLKQoZd9.webp\",\"contentUrl\":\"https:\/\/biogroupvietnam.com\/wp-content\/uploads\/2025\/08\/ofrYWkkTKhKOFQo6tcRa2eqknKCa0ltjYLKQoZd9.webp\",\"width\":375,\"height\":375},{\"@type\":\"BreadcrumbList\",\"@id\":\"https:\/\/biogroupvietnam.com\/vi\/san-pham\/may-real-time-pcr\/#breadcrumb\",\"itemListElement\":[{\"@type\":\"ListItem\",\"position\":1,\"name\":\"Trang ch\u1ee7\",\"item\":\"https:\/\/biogroupvietnam.com\/vi\/\"},{\"@type\":\"ListItem\",\"position\":2,\"name\":\"S\u1ea3n ph\u1ea9m\",\"item\":\"https:\/\/biogroupvietnam.com\/vi\/san-pham\/\"},{\"@type\":\"ListItem\",\"position\":3,\"name\":\"R&amp;D Sinh H\u1ecdc\",\"item\":\"https:\/\/biogroupvietnam.com\/vi\/danh-muc-san-pham\/rd-sinh-hoc\/\"},{\"@type\":\"ListItem\",\"position\":4,\"name\":\"H\u1ec7 Th\u1ed1ng qPCR\",\"item\":\"https:\/\/biogroupvietnam.com\/vi\/danh-muc-san-pham\/he-thong-qpcr\/\"},{\"@type\":\"ListItem\",\"position\":5,\"name\":\"H\u1ec7 Th\u1ed1ng Real-time PCR TurboQ\"}]},{\"@type\":\"WebSite\",\"@id\":\"https:\/\/biogroupvietnam.com\/vi\/#website\",\"url\":\"https:\/\/biogroupvietnam.com\/vi\/\",\"name\":\"Biogroup Vietnam\",\"description\":\"Biogroup Vietnam cung c\u1ea5p d\u1ecbch v\u1ee5 k\u1ef9 thu\u1eadt c\u00f9ng thi\u1ebft b\u1ecb, v\u1eadt t\u01b0, h\u00f3a ch\u1ea5t v\u00e0 gi\u1ea3i ph\u00e1p sinh h\u1ecdc cho ph\u00f2ng th\u00ed nghi\u1ec7m c\u00f4ng ngh\u1ec7 sinh h\u1ecdc, y sinh v\u00e0 y h\u1ecdc t\u00e1i t\u1ea1o.\",\"potentialAction\":[{\"@type\":\"SearchAction\",\"target\":{\"@type\":\"EntryPoint\",\"urlTemplate\":\"https:\/\/biogroupvietnam.com\/vi\/?s={search_term_string}\"},\"query-input\":{\"@type\":\"PropertyValueSpecification\",\"valueRequired\":true,\"valueName\":\"search_term_string\"}}],\"inLanguage\":\"vi\"}]}<\/script>\n<!-- \/ Yoast SEO plugin. -->","yoast_head_json":{"title":"H\u1ec7 Th\u1ed1ng Real-time PCR TurboQ","description":"H\u1ec7 Th\u1ed1ng Real-time PCR TurboQ v\u1edbi block ch\u1ee9a m\u1eabu 96 gi\u1ebfng, t\u01b0\u01a1ng th\u00edch v\u1edbi c\u00e1c lo\u1ea1i \u1ed1ng 0.2 ml PCR, d\u1ea1ng strip, d\u1ea1ng \u0111\u0129a PCR 96 gi\u1ebfng.","robots":{"index":"index","follow":"follow","max-snippet":"max-snippet:-1","max-image-preview":"max-image-preview:large","max-video-preview":"max-video-preview:-1"},"canonical":"https:\/\/biogroupvietnam.com\/vi\/san-pham\/may-real-time-pcr\/","og_locale":"vi_VN","og_type":"article","og_title":"H\u1ec7 Th\u1ed1ng Real-time PCR TurboQ","og_description":"H\u1ec7 Th\u1ed1ng Real-time PCR TurboQ v\u1edbi block ch\u1ee9a m\u1eabu 96 gi\u1ebfng, t\u01b0\u01a1ng th\u00edch v\u1edbi c\u00e1c lo\u1ea1i \u1ed1ng 0.2 ml PCR, d\u1ea1ng strip, d\u1ea1ng \u0111\u0129a PCR 96 gi\u1ebfng.","og_url":"https:\/\/biogroupvietnam.com\/vi\/san-pham\/may-real-time-pcr\/","og_site_name":"Biogroup Vietnam","article_modified_time":"2026-04-14T10:12:36+00:00","og_image":[{"width":375,"height":375,"url":"https:\/\/biogroupvietnam.com\/wp-content\/uploads\/2025\/08\/ofrYWkkTKhKOFQo6tcRa2eqknKCa0ltjYLKQoZd9.webp","type":"image\/webp"}],"twitter_card":"summary_large_image","twitter_misc":{"\u01af\u1edbc t\u00ednh th\u1eddi gian \u0111\u1ecdc":"2 ph\u00fat"},"schema":{"@context":"https:\/\/schema.org","@graph":[{"@type":"WebPage","@id":"https:\/\/biogroupvietnam.com\/vi\/san-pham\/may-real-time-pcr\/","url":"https:\/\/biogroupvietnam.com\/vi\/san-pham\/may-real-time-pcr\/","name":"H\u1ec7 Th\u1ed1ng Real-time PCR TurboQ","isPartOf":{"@id":"https:\/\/biogroupvietnam.com\/vi\/#website"},"primaryImageOfPage":{"@id":"https:\/\/biogroupvietnam.com\/vi\/san-pham\/may-real-time-pcr\/#primaryimage"},"image":{"@id":"https:\/\/biogroupvietnam.com\/vi\/san-pham\/may-real-time-pcr\/#primaryimage"},"thumbnailUrl":"https:\/\/biogroupvietnam.com\/wp-content\/uploads\/2025\/08\/ofrYWkkTKhKOFQo6tcRa2eqknKCa0ltjYLKQoZd9.webp","datePublished":"2025-08-18T12:51:24+00:00","dateModified":"2026-04-14T10:12:36+00:00","description":"H\u1ec7 Th\u1ed1ng Real-time PCR TurboQ v\u1edbi block ch\u1ee9a m\u1eabu 96 gi\u1ebfng, t\u01b0\u01a1ng th\u00edch v\u1edbi c\u00e1c lo\u1ea1i \u1ed1ng 0.2 ml PCR, d\u1ea1ng strip, d\u1ea1ng \u0111\u0129a PCR 96 gi\u1ebfng.","breadcrumb":{"@id":"https:\/\/biogroupvietnam.com\/vi\/san-pham\/may-real-time-pcr\/#breadcrumb"},"inLanguage":"vi","potentialAction":[{"@type":"ReadAction","target":["https:\/\/biogroupvietnam.com\/vi\/san-pham\/may-real-time-pcr\/"]}]},{"@type":"ImageObject","inLanguage":"vi","@id":"https:\/\/biogroupvietnam.com\/vi\/san-pham\/may-real-time-pcr\/#primaryimage","url":"https:\/\/biogroupvietnam.com\/wp-content\/uploads\/2025\/08\/ofrYWkkTKhKOFQo6tcRa2eqknKCa0ltjYLKQoZd9.webp","contentUrl":"https:\/\/biogroupvietnam.com\/wp-content\/uploads\/2025\/08\/ofrYWkkTKhKOFQo6tcRa2eqknKCa0ltjYLKQoZd9.webp","width":375,"height":375},{"@type":"BreadcrumbList","@id":"https:\/\/biogroupvietnam.com\/vi\/san-pham\/may-real-time-pcr\/#breadcrumb","itemListElement":[{"@type":"ListItem","position":1,"name":"Trang ch\u1ee7","item":"https:\/\/biogroupvietnam.com\/vi\/"},{"@type":"ListItem","position":2,"name":"S\u1ea3n ph\u1ea9m","item":"https:\/\/biogroupvietnam.com\/vi\/san-pham\/"},{"@type":"ListItem","position":3,"name":"R&amp;D Sinh H\u1ecdc","item":"https:\/\/biogroupvietnam.com\/vi\/danh-muc-san-pham\/rd-sinh-hoc\/"},{"@type":"ListItem","position":4,"name":"H\u1ec7 Th\u1ed1ng qPCR","item":"https:\/\/biogroupvietnam.com\/vi\/danh-muc-san-pham\/he-thong-qpcr\/"},{"@type":"ListItem","position":5,"name":"H\u1ec7 Th\u1ed1ng Real-time PCR TurboQ"}]},{"@type":"WebSite","@id":"https:\/\/biogroupvietnam.com\/vi\/#website","url":"https:\/\/biogroupvietnam.com\/vi\/","name":"Biogroup Vietnam","description":"Biogroup Vietnam cung c\u1ea5p d\u1ecbch v\u1ee5 k\u1ef9 thu\u1eadt c\u00f9ng thi\u1ebft b\u1ecb, v\u1eadt t\u01b0, h\u00f3a ch\u1ea5t v\u00e0 gi\u1ea3i ph\u00e1p sinh h\u1ecdc cho ph\u00f2ng th\u00ed nghi\u1ec7m c\u00f4ng ngh\u1ec7 sinh h\u1ecdc, y sinh v\u00e0 y h\u1ecdc t\u00e1i t\u1ea1o.","potentialAction":[{"@type":"SearchAction","target":{"@type":"EntryPoint","urlTemplate":"https:\/\/biogroupvietnam.com\/vi\/?s={search_term_string}"},"query-input":{"@type":"PropertyValueSpecification","valueRequired":true,"valueName":"search_term_string"}}],"inLanguage":"vi"}]}},"_links":{"self":[{"href":"https:\/\/biogroupvietnam.com\/vi\/wp-json\/wp\/v2\/product\/3606","targetHints":{"allow":["GET"]}}],"collection":[{"href":"https:\/\/biogroupvietnam.com\/vi\/wp-json\/wp\/v2\/product"}],"about":[{"href":"https:\/\/biogroupvietnam.com\/vi\/wp-json\/wp\/v2\/types\/product"}],"replies":[{"embeddable":true,"href":"https:\/\/biogroupvietnam.com\/vi\/wp-json\/wp\/v2\/comments?post=3606"}],"version-history":[{"count":4,"href":"https:\/\/biogroupvietnam.com\/vi\/wp-json\/wp\/v2\/product\/3606\/revisions"}],"predecessor-version":[{"id":10266,"href":"https:\/\/biogroupvietnam.com\/vi\/wp-json\/wp\/v2\/product\/3606\/revisions\/10266"}],"wp:featuredmedia":[{"embeddable":true,"href":"https:\/\/biogroupvietnam.com\/vi\/wp-json\/wp\/v2\/media\/5106"}],"wp:attachment":[{"href":"https:\/\/biogroupvietnam.com\/vi\/wp-json\/wp\/v2\/media?parent=3606"}],"wp:term":[{"taxonomy":"product_brand","embeddable":true,"href":"https:\/\/biogroupvietnam.com\/vi\/wp-json\/wp\/v2\/product_brand?post=3606"},{"taxonomy":"product_cat","embeddable":true,"href":"https:\/\/biogroupvietnam.com\/vi\/wp-json\/wp\/v2\/product_cat?post=3606"},{"taxonomy":"product_tag","embeddable":true,"href":"https:\/\/biogroupvietnam.com\/vi\/wp-json\/wp\/v2\/product_tag?post=3606"}],"curies":[{"name":"wp","href":"https:\/\/api.w.org\/{rel}","templated":true}]}}