{"id":3608,"date":"2025-08-18T19:51:24","date_gmt":"2025-08-18T12:51:24","guid":{"rendered":"http:\/\/biogroupvietnam-worldpress.local\/product\/import-placeholder-for-28\/"},"modified":"2025-11-12T18:42:06","modified_gmt":"2025-11-12T11:42:06","slug":"he-thong-pipette-tu-dong","status":"publish","type":"product","link":"https:\/\/biogroupvietnam.com\/vi\/san-pham\/he-thong-pipette-tu-dong\/","title":{"rendered":"H\u1ec7 Th\u1ed1ng Pipette T\u1ef1 \u0110\u1ed9ng &#8211; EzMate"},"content":{"rendered":"<p><span style=\"background-color: transparent; color: #000000; font-family: Arial,sans-serif; font-size: 12pt;\"><i><strong>EzMate gi\u00fap lo\u1ea1i b\u1ecf thao t\u00e1c pipet r\u01b0\u1eddm r\u00e0 v\u00e0 l\u1ed7i c\u1ee7a con ng\u01b0\u1eddi<\/strong><\/i><\/span><\/p>\n<p><span style=\"background-color: transparent; color: #000000; font-family: Arial,sans-serif; font-size: 12pt;\">H\u1ec7 th\u1ed1ng pipet t\u1ef1 \u0111\u1ed9ng EzMate l\u00e0 thi\u1ebft b\u1ecb ph\u00e2n ph\u1ed1i ch\u1ea5t l\u1ecfng \u1edf th\u1ec3 t\u00edch nh\u1ecf, gi\u00fap gi\u1ea3m thi\u1ec3u sai s\u00f3t thao t\u00e1c th\u1ee7 c\u00f4ng, \u0111\u1eb7c bi\u1ec7t khi c\u1ea7n k\u1ebft qu\u1ea3 th\u1ec3 t\u00edch ch\u00ednh x\u00e1c trong c\u00e1c th\u00ed nghi\u1ec7m, x\u00e9t nghi\u1ec7m.<\/span><\/p>\n<h3><span style=\"background-color: transparent; color: #000000; font-family: Arial,sans-serif; font-size: 16pt;\"><strong>\u0110\u1eb7c \u0111i\u1ec3m n\u1ed5i b\u1eadt<\/strong><\/span><\/h3>\n<ul>\n<li><span style=\"background-color: transparent; color: #000000; font-family: Arial,sans-serif; font-size: 12pt;\">D\u1ec5 d\u00e0ng c\u00e0i \u0111\u1eb7t ph\u1ea7n m\u1ec1m m\u00e0 kh\u00f4ng c\u1ea7n s\u1ef1 h\u1ed5 tr\u1ee3 c\u1ee7a k\u1ef9 s\u01b0. C\u00e1c protocol chu\u1ea9n b\u1ecb PCR\/qPCR t\u1ef1 \u0111\u1ed9ng \u0111\u01b0\u1ee3c thi\u1ebft l\u1eadp s\u1eb3n tr\u00ean h\u1ec7 th\u1ed1ng (cung c\u1ea5p qua chuy\u1ec3n d\u1eef li\u1ec7u t\u1eeb USB).<\/span><\/li>\n<li><span style=\"background-color: transparent; color: #000000; font-family: Arial,sans-serif; font-size: 12pt;\">Thi\u1ebft k\u1ebf linh \u0111\u1ed9ng<\/span>\n<ul>\n<li><span style=\"background-color: transparent; color: #000000; font-family: Arial,sans-serif; font-size: 12pt;\">C\u00f3 th\u1ec3 ch\u1ecdn modun pipet t\u1ef1 \u0111\u1ed9ng \u0111\u01a1n k\u00eanh, 4 k\u00eanh ho\u1eb7c 8 k\u00eanh, v\u1edbi th\u1ec3 t\u00edch pipet 50\u00b5l ho\u1eb7c 200\u00b5l.<\/span><\/li>\n<li><span style=\"background-color: transparent; color: #000000; font-family: Arial,sans-serif; font-size: 12pt;\">C\u00f3 kh\u1ea3 n\u0103ng thay \u0111\u1ed5i 6 adapter ch\u1ee9a \u0111\u0129a microplate ho\u1eb7c gi\u00e1 \u0111\u1ef1ng \u0111\u1ea7u tip (tip rack) v\u00e0 2 adapter \u0111\u1eb7t \u1ed1ng ch\u1ee9a h\u00f3a ch\u1ea5t.<\/span><\/li>\n<li><span style=\"background-color: transparent; color: #000000; font-family: Arial,sans-serif; font-size: 12pt;\">C\u00f3 m\u00f4\u0111un gia nhi\u1ec7t v\u00e0 l\u00e0m l\u1ea1nh trong tr\u01b0\u1eddng h\u1ee3p m\u1eabu\/ h\u00f3a ch\u1ea5t nh\u1ea1y c\u1ea3m v\u1edbi nhi\u1ec7t \u0111\u1ed9 m\u00f4i tr\u01b0\u1eddng (ch\u1ecdn th\u00eam).<\/span><\/li>\n<li><span style=\"background-color: transparent; color: #000000; font-family: Arial,sans-serif; font-size: 12pt;\">C\u00f3 \u0111\u00e8n UV v\u00e0 l\u1ecdc HEPA \u0111\u1ec3 \u0111\u00e1p \u1ee9ng c\u00e1c x\u00e9t nghi\u1ec7m c\u00f3 nguy c\u01a1 nhi\u1ec5m cao.<\/span><\/li>\n<li><span style=\"background-color: transparent; color: #000000; font-family: Arial,sans-serif; font-size: 12pt;\">C\u00f3 adapter t\u00f9y ch\u1ec9nh \u0111\u1ec3 h\u1ed7 tr\u1ee3 c\u00e1c lo\u1ea1i d\u1ee5ng c\u1ee5 labware kh\u00e1c nhau.<\/span><\/li>\n<\/ul>\n<\/li>\n<li><span style=\"background-color: transparent; color: #000000; font-family: Arial,sans-serif; font-size: 12pt;\">C\u00e1c k\u1ebft qu\u1ea3 pha lo\u00e3ng d\u1ea7n (serial dilution) \u0111\u01b0\u1ee3c ch\u1ee9ng minh qua \u0111\u01b0\u1eddng chu\u1ea9n c\u1ee7a n\u1ed3ng \u0111\u1ed9 pha lo\u00e3ng m\u1eabu qPCR (theo t\u1ef7 l\u1ec7 1:4).<\/span><\/li>\n<li><span style=\"background-color: transparent; color: #000000; font-family: Arial,sans-serif; font-size: 12pt;\">\u0110\u1ed9 l\u1eb7p l\u1ea1i c\u1ee7a pipet t\u1ef1 \u0111\u1ed9ng c\u00f3 sai s\u1ed1 th\u1ea5p h\u01a1n so v\u1edbi pipet th\u1ee7 c\u00f4ng.<\/span><\/li>\n<li><span style=\"background-color: transparent; color: #000000; font-family: Arial,sans-serif; font-size: 12pt;\">Hi\u1ec7u su\u1ea5t ho\u1ea1t \u0111\u1ed9ng (\u0111\u1ed9 ch\u00ednh x\u00e1c v\u00e0 \u0111\u1ed9 l\u1eb7p l\u1ea1i c\u1ee7a pipet t\u1ef1 \u0111\u1ed9ng): M\u1ed7i modun pipet t\u1ef1 \u0111\u1ed9ng \u0111\u01b0\u1ee3c hi\u1ec7u chu\u1ea9n theo ti\u00eau chu\u1ea9n ISO-8655 v\u00e0 c\u00f3 d\u1eef li\u1ec7u ch\u1ee9ng minh.<\/span><\/li>\n<\/ul>\n<h3><span style=\"background-color: transparent; color: #000000; font-family: Arial,sans-serif; font-size: 16pt;\"><strong>Th\u00f4ng s\u1ed1 k\u1ef9 thu\u1eadt<\/strong><\/span><\/h3>\n<p><span style=\"background-color: transparent; color: #000000; font-family: Arial,sans-serif; font-size: 12pt;\">Xin vui l\u00f2ng tham kh\u1ea3o th\u00eam chi ti\u1ebft\u00a0<\/span><a href=\"https:\/\/www.blue-raybio.com\/en\/category\/product\/EzMate-Automated-Pipetting-System\" target=\"_blank\" rel=\"noopener noreferrer\"><span style=\"background-color: transparent; color: #1155cc; font-family: Arial,sans-serif; font-size: 12pt;\">t\u1ea1i \u0111\u00e2y<\/span><\/a><span style=\"background-color: transparent; color: #000000; font-family: Arial,sans-serif; font-size: 12pt;\">.<\/span><\/p>\n","protected":false},"excerpt":{"rendered":"<p>EzMate gi\u00fap lo\u1ea1i b\u1ecf thao t\u00e1c pipet r\u01b0\u1eddm r\u00e0 v\u00e0 l\u1ed7i c\u1ee7a con ng\u01b0\u1eddi H\u1ec7 th\u1ed1ng pipet t\u1ef1 \u0111\u1ed9ng EzMate l\u00e0 thi\u1ebft b\u1ecb ph\u00e2n ph\u1ed1i ch\u1ea5t l\u1ecfng \u1edf th\u1ec3 t\u00edch nh\u1ecf, gi\u00fap gi\u1ea3m thi\u1ec3u sai s\u00f3t thao t\u00e1c th\u1ee7 c\u00f4ng, \u0111\u1eb7c bi\u1ec7t khi c\u1ea7n k\u1ebft qu\u1ea3 th\u1ec3 t\u00edch ch\u00ednh x\u00e1c trong c\u00e1c th\u00ed nghi\u1ec7m, x\u00e9t<\/p>\n<div class=\"klb-readmore post-buttons\"><a class=\"button rounded primary\" href=\"https:\/\/biogroupvietnam.com\/vi\/san-pham\/he-thong-pipette-tu-dong\/\">Read More <i class=\"klbth-icon-right-arrow\"><\/i><\/a><\/div>\n","protected":false},"featured_media":8917,"comment_status":"closed","ping_status":"closed","template":"","meta":{"_acf_changed":false},"product_brand":[135],"product_cat":[121],"product_tag":[],"class_list":{"0":"post-3608","1":"product","2":"type-product","3":"status-publish","4":"has-post-thumbnail","6":"product_brand-blue-ray-biotech","7":"product_cat-tu-an-toan-sinh-hoc","9":"first","10":"outofstock","11":"shipping-taxable","12":"product-type-simple"},"acf":[],"yoast_head":"<!-- This site is optimized with the Yoast SEO plugin v26.8 - https:\/\/yoast.com\/product\/yoast-seo-wordpress\/ -->\n<title>H\u1ec7 Th\u1ed1ng Pipette T\u1ef1 \u0110\u1ed9ng - EzMate<\/title>\n<meta name=\"description\" content=\"H\u1ec7 th\u1ed1ng pipet t\u1ef1 \u0111\u1ed9ng EzMate l\u00e0 thi\u1ebft b\u1ecb\u00a0ph\u00e2n ph\u1ed1i ch\u1ea5t l\u1ecfng \u1edf\u00a0th\u1ec3 t\u00edch nh\u1ecf, gi\u00fap gi\u1ea3m thi\u1ec3u sai s\u00f3t thao t\u00e1c th\u1ee7 c\u00f4ng, \u0111\u1eb7c bi\u1ec7t khi c\u1ea7n k\u1ebft qu\u1ea3 th\u1ec3 t\u00edch\u00a0ch\u00ednh x\u00e1c\u00a0trong c\u00e1c\u00a0th\u00ed nghi\u1ec7m, x\u00e9t nghi\u1ec7m.\" \/>\n<meta name=\"robots\" content=\"index, follow, max-snippet:-1, max-image-preview:large, max-video-preview:-1\" \/>\n<link rel=\"canonical\" href=\"https:\/\/biogroupvietnam.com\/vi\/san-pham\/he-thong-pipette-tu-dong\/\" \/>\n<meta property=\"og:locale\" content=\"vi_VN\" \/>\n<meta property=\"og:type\" content=\"article\" \/>\n<meta property=\"og:title\" content=\"H\u1ec7 Th\u1ed1ng Pipette T\u1ef1 \u0110\u1ed9ng - EzMate\" \/>\n<meta property=\"og:description\" content=\"H\u1ec7 th\u1ed1ng pipet t\u1ef1 \u0111\u1ed9ng EzMate l\u00e0 thi\u1ebft b\u1ecb\u00a0ph\u00e2n ph\u1ed1i ch\u1ea5t l\u1ecfng \u1edf\u00a0th\u1ec3 t\u00edch nh\u1ecf, gi\u00fap gi\u1ea3m thi\u1ec3u sai s\u00f3t thao t\u00e1c th\u1ee7 c\u00f4ng, \u0111\u1eb7c bi\u1ec7t khi c\u1ea7n k\u1ebft qu\u1ea3 th\u1ec3 t\u00edch\u00a0ch\u00ednh x\u00e1c\u00a0trong c\u00e1c\u00a0th\u00ed nghi\u1ec7m, x\u00e9t nghi\u1ec7m.\" \/>\n<meta property=\"og:url\" content=\"https:\/\/biogroupvietnam.com\/vi\/san-pham\/he-thong-pipette-tu-dong\/\" \/>\n<meta property=\"og:site_name\" content=\"Biogroup Vietnam\" \/>\n<meta property=\"article:modified_time\" content=\"2025-11-12T11:42:06+00:00\" \/>\n<meta property=\"og:image\" content=\"https:\/\/biogroupvietnam.com\/wp-content\/uploads\/2025\/08\/EzMate.jpg\" \/>\n\t<meta property=\"og:image:width\" content=\"1640\" \/>\n\t<meta property=\"og:image:height\" content=\"1260\" \/>\n\t<meta property=\"og:image:type\" content=\"image\/jpeg\" \/>\n<meta name=\"twitter:card\" content=\"summary_large_image\" \/>\n<meta name=\"twitter:label1\" content=\"\u01af\u1edbc t\u00ednh th\u1eddi gian \u0111\u1ecdc\" \/>\n\t<meta name=\"twitter:data1\" content=\"2 ph\u00fat\" \/>\n<script type=\"application\/ld+json\" class=\"yoast-schema-graph\">{\"@context\":\"https:\/\/schema.org\",\"@graph\":[{\"@type\":\"WebPage\",\"@id\":\"https:\/\/biogroupvietnam.com\/vi\/san-pham\/he-thong-pipette-tu-dong\/\",\"url\":\"https:\/\/biogroupvietnam.com\/vi\/san-pham\/he-thong-pipette-tu-dong\/\",\"name\":\"H\u1ec7 Th\u1ed1ng Pipette T\u1ef1 \u0110\u1ed9ng - EzMate\",\"isPartOf\":{\"@id\":\"https:\/\/biogroupvietnam.com\/vi\/#website\"},\"primaryImageOfPage\":{\"@id\":\"https:\/\/biogroupvietnam.com\/vi\/san-pham\/he-thong-pipette-tu-dong\/#primaryimage\"},\"image\":{\"@id\":\"https:\/\/biogroupvietnam.com\/vi\/san-pham\/he-thong-pipette-tu-dong\/#primaryimage\"},\"thumbnailUrl\":\"https:\/\/biogroupvietnam.com\/wp-content\/uploads\/2025\/08\/EzMate.jpg\",\"datePublished\":\"2025-08-18T12:51:24+00:00\",\"dateModified\":\"2025-11-12T11:42:06+00:00\",\"description\":\"H\u1ec7 th\u1ed1ng pipet t\u1ef1 \u0111\u1ed9ng EzMate l\u00e0 thi\u1ebft b\u1ecb\u00a0ph\u00e2n ph\u1ed1i ch\u1ea5t l\u1ecfng \u1edf\u00a0th\u1ec3 t\u00edch nh\u1ecf, gi\u00fap gi\u1ea3m thi\u1ec3u sai s\u00f3t thao t\u00e1c th\u1ee7 c\u00f4ng, \u0111\u1eb7c bi\u1ec7t khi c\u1ea7n k\u1ebft qu\u1ea3 th\u1ec3 t\u00edch\u00a0ch\u00ednh x\u00e1c\u00a0trong c\u00e1c\u00a0th\u00ed nghi\u1ec7m, x\u00e9t nghi\u1ec7m.\",\"breadcrumb\":{\"@id\":\"https:\/\/biogroupvietnam.com\/vi\/san-pham\/he-thong-pipette-tu-dong\/#breadcrumb\"},\"inLanguage\":\"vi\",\"potentialAction\":[{\"@type\":\"ReadAction\",\"target\":[\"https:\/\/biogroupvietnam.com\/vi\/san-pham\/he-thong-pipette-tu-dong\/\"]}]},{\"@type\":\"ImageObject\",\"inLanguage\":\"vi\",\"@id\":\"https:\/\/biogroupvietnam.com\/vi\/san-pham\/he-thong-pipette-tu-dong\/#primaryimage\",\"url\":\"https:\/\/biogroupvietnam.com\/wp-content\/uploads\/2025\/08\/EzMate.jpg\",\"contentUrl\":\"https:\/\/biogroupvietnam.com\/wp-content\/uploads\/2025\/08\/EzMate.jpg\",\"width\":1640,\"height\":1260},{\"@type\":\"BreadcrumbList\",\"@id\":\"https:\/\/biogroupvietnam.com\/vi\/san-pham\/he-thong-pipette-tu-dong\/#breadcrumb\",\"itemListElement\":[{\"@type\":\"ListItem\",\"position\":1,\"name\":\"Trang ch\u1ee7\",\"item\":\"https:\/\/biogroupvietnam.com\/vi\/\"},{\"@type\":\"ListItem\",\"position\":2,\"name\":\"S\u1ea3n ph\u1ea9m\",\"item\":\"https:\/\/biogroupvietnam.com\/vi\/san-pham\/\"},{\"@type\":\"ListItem\",\"position\":3,\"name\":\"R&amp;D Sinh H\u1ecdc\",\"item\":\"https:\/\/biogroupvietnam.com\/vi\/danh-muc-san-pham\/rd-sinh-hoc\/\"},{\"@type\":\"ListItem\",\"position\":4,\"name\":\"T\u1ee7 an to\u00e0n sinh h\u1ecdc\",\"item\":\"https:\/\/biogroupvietnam.com\/vi\/danh-muc-san-pham\/tu-an-toan-sinh-hoc\/\"},{\"@type\":\"ListItem\",\"position\":5,\"name\":\"H\u1ec7 Th\u1ed1ng Pipette T\u1ef1 \u0110\u1ed9ng &#8211; EzMate\"}]},{\"@type\":\"WebSite\",\"@id\":\"https:\/\/biogroupvietnam.com\/vi\/#website\",\"url\":\"https:\/\/biogroupvietnam.com\/vi\/\",\"name\":\"Biogroup Vietnam\",\"description\":\"Biogroup Vietnam cung c\u1ea5p d\u1ecbch v\u1ee5 k\u1ef9 thu\u1eadt c\u00f9ng thi\u1ebft b\u1ecb, v\u1eadt t\u01b0, h\u00f3a ch\u1ea5t v\u00e0 gi\u1ea3i ph\u00e1p sinh h\u1ecdc cho ph\u00f2ng th\u00ed nghi\u1ec7m c\u00f4ng ngh\u1ec7 sinh h\u1ecdc, y sinh v\u00e0 y h\u1ecdc t\u00e1i t\u1ea1o.\",\"potentialAction\":[{\"@type\":\"SearchAction\",\"target\":{\"@type\":\"EntryPoint\",\"urlTemplate\":\"https:\/\/biogroupvietnam.com\/vi\/?s={search_term_string}\"},\"query-input\":{\"@type\":\"PropertyValueSpecification\",\"valueRequired\":true,\"valueName\":\"search_term_string\"}}],\"inLanguage\":\"vi\"}]}<\/script>\n<!-- \/ Yoast SEO plugin. -->","yoast_head_json":{"title":"H\u1ec7 Th\u1ed1ng Pipette T\u1ef1 \u0110\u1ed9ng - EzMate","description":"H\u1ec7 th\u1ed1ng pipet t\u1ef1 \u0111\u1ed9ng EzMate l\u00e0 thi\u1ebft b\u1ecb\u00a0ph\u00e2n ph\u1ed1i ch\u1ea5t l\u1ecfng \u1edf\u00a0th\u1ec3 t\u00edch nh\u1ecf, gi\u00fap gi\u1ea3m thi\u1ec3u sai s\u00f3t thao t\u00e1c th\u1ee7 c\u00f4ng, \u0111\u1eb7c bi\u1ec7t khi c\u1ea7n k\u1ebft qu\u1ea3 th\u1ec3 t\u00edch\u00a0ch\u00ednh x\u00e1c\u00a0trong c\u00e1c\u00a0th\u00ed nghi\u1ec7m, x\u00e9t nghi\u1ec7m.","robots":{"index":"index","follow":"follow","max-snippet":"max-snippet:-1","max-image-preview":"max-image-preview:large","max-video-preview":"max-video-preview:-1"},"canonical":"https:\/\/biogroupvietnam.com\/vi\/san-pham\/he-thong-pipette-tu-dong\/","og_locale":"vi_VN","og_type":"article","og_title":"H\u1ec7 Th\u1ed1ng Pipette T\u1ef1 \u0110\u1ed9ng - EzMate","og_description":"H\u1ec7 th\u1ed1ng pipet t\u1ef1 \u0111\u1ed9ng EzMate l\u00e0 thi\u1ebft b\u1ecb\u00a0ph\u00e2n ph\u1ed1i ch\u1ea5t l\u1ecfng \u1edf\u00a0th\u1ec3 t\u00edch nh\u1ecf, gi\u00fap gi\u1ea3m thi\u1ec3u sai s\u00f3t thao t\u00e1c th\u1ee7 c\u00f4ng, \u0111\u1eb7c bi\u1ec7t khi c\u1ea7n k\u1ebft qu\u1ea3 th\u1ec3 t\u00edch\u00a0ch\u00ednh x\u00e1c\u00a0trong c\u00e1c\u00a0th\u00ed nghi\u1ec7m, x\u00e9t nghi\u1ec7m.","og_url":"https:\/\/biogroupvietnam.com\/vi\/san-pham\/he-thong-pipette-tu-dong\/","og_site_name":"Biogroup Vietnam","article_modified_time":"2025-11-12T11:42:06+00:00","og_image":[{"width":1640,"height":1260,"url":"https:\/\/biogroupvietnam.com\/wp-content\/uploads\/2025\/08\/EzMate.jpg","type":"image\/jpeg"}],"twitter_card":"summary_large_image","twitter_misc":{"\u01af\u1edbc t\u00ednh th\u1eddi gian \u0111\u1ecdc":"2 ph\u00fat"},"schema":{"@context":"https:\/\/schema.org","@graph":[{"@type":"WebPage","@id":"https:\/\/biogroupvietnam.com\/vi\/san-pham\/he-thong-pipette-tu-dong\/","url":"https:\/\/biogroupvietnam.com\/vi\/san-pham\/he-thong-pipette-tu-dong\/","name":"H\u1ec7 Th\u1ed1ng Pipette T\u1ef1 \u0110\u1ed9ng - EzMate","isPartOf":{"@id":"https:\/\/biogroupvietnam.com\/vi\/#website"},"primaryImageOfPage":{"@id":"https:\/\/biogroupvietnam.com\/vi\/san-pham\/he-thong-pipette-tu-dong\/#primaryimage"},"image":{"@id":"https:\/\/biogroupvietnam.com\/vi\/san-pham\/he-thong-pipette-tu-dong\/#primaryimage"},"thumbnailUrl":"https:\/\/biogroupvietnam.com\/wp-content\/uploads\/2025\/08\/EzMate.jpg","datePublished":"2025-08-18T12:51:24+00:00","dateModified":"2025-11-12T11:42:06+00:00","description":"H\u1ec7 th\u1ed1ng pipet t\u1ef1 \u0111\u1ed9ng EzMate l\u00e0 thi\u1ebft b\u1ecb\u00a0ph\u00e2n ph\u1ed1i ch\u1ea5t l\u1ecfng \u1edf\u00a0th\u1ec3 t\u00edch nh\u1ecf, gi\u00fap gi\u1ea3m thi\u1ec3u sai s\u00f3t thao t\u00e1c th\u1ee7 c\u00f4ng, \u0111\u1eb7c bi\u1ec7t khi c\u1ea7n k\u1ebft qu\u1ea3 th\u1ec3 t\u00edch\u00a0ch\u00ednh x\u00e1c\u00a0trong c\u00e1c\u00a0th\u00ed nghi\u1ec7m, x\u00e9t nghi\u1ec7m.","breadcrumb":{"@id":"https:\/\/biogroupvietnam.com\/vi\/san-pham\/he-thong-pipette-tu-dong\/#breadcrumb"},"inLanguage":"vi","potentialAction":[{"@type":"ReadAction","target":["https:\/\/biogroupvietnam.com\/vi\/san-pham\/he-thong-pipette-tu-dong\/"]}]},{"@type":"ImageObject","inLanguage":"vi","@id":"https:\/\/biogroupvietnam.com\/vi\/san-pham\/he-thong-pipette-tu-dong\/#primaryimage","url":"https:\/\/biogroupvietnam.com\/wp-content\/uploads\/2025\/08\/EzMate.jpg","contentUrl":"https:\/\/biogroupvietnam.com\/wp-content\/uploads\/2025\/08\/EzMate.jpg","width":1640,"height":1260},{"@type":"BreadcrumbList","@id":"https:\/\/biogroupvietnam.com\/vi\/san-pham\/he-thong-pipette-tu-dong\/#breadcrumb","itemListElement":[{"@type":"ListItem","position":1,"name":"Trang ch\u1ee7","item":"https:\/\/biogroupvietnam.com\/vi\/"},{"@type":"ListItem","position":2,"name":"S\u1ea3n ph\u1ea9m","item":"https:\/\/biogroupvietnam.com\/vi\/san-pham\/"},{"@type":"ListItem","position":3,"name":"R&amp;D Sinh H\u1ecdc","item":"https:\/\/biogroupvietnam.com\/vi\/danh-muc-san-pham\/rd-sinh-hoc\/"},{"@type":"ListItem","position":4,"name":"T\u1ee7 an to\u00e0n sinh h\u1ecdc","item":"https:\/\/biogroupvietnam.com\/vi\/danh-muc-san-pham\/tu-an-toan-sinh-hoc\/"},{"@type":"ListItem","position":5,"name":"H\u1ec7 Th\u1ed1ng Pipette T\u1ef1 \u0110\u1ed9ng &#8211; EzMate"}]},{"@type":"WebSite","@id":"https:\/\/biogroupvietnam.com\/vi\/#website","url":"https:\/\/biogroupvietnam.com\/vi\/","name":"Biogroup Vietnam","description":"Biogroup Vietnam cung c\u1ea5p d\u1ecbch v\u1ee5 k\u1ef9 thu\u1eadt c\u00f9ng thi\u1ebft b\u1ecb, v\u1eadt t\u01b0, h\u00f3a ch\u1ea5t v\u00e0 gi\u1ea3i ph\u00e1p sinh h\u1ecdc cho ph\u00f2ng th\u00ed nghi\u1ec7m c\u00f4ng ngh\u1ec7 sinh h\u1ecdc, y sinh v\u00e0 y h\u1ecdc t\u00e1i t\u1ea1o.","potentialAction":[{"@type":"SearchAction","target":{"@type":"EntryPoint","urlTemplate":"https:\/\/biogroupvietnam.com\/vi\/?s={search_term_string}"},"query-input":{"@type":"PropertyValueSpecification","valueRequired":true,"valueName":"search_term_string"}}],"inLanguage":"vi"}]}},"_links":{"self":[{"href":"https:\/\/biogroupvietnam.com\/vi\/wp-json\/wp\/v2\/product\/3608","targetHints":{"allow":["GET"]}}],"collection":[{"href":"https:\/\/biogroupvietnam.com\/vi\/wp-json\/wp\/v2\/product"}],"about":[{"href":"https:\/\/biogroupvietnam.com\/vi\/wp-json\/wp\/v2\/types\/product"}],"replies":[{"embeddable":true,"href":"https:\/\/biogroupvietnam.com\/vi\/wp-json\/wp\/v2\/comments?post=3608"}],"version-history":[{"count":4,"href":"https:\/\/biogroupvietnam.com\/vi\/wp-json\/wp\/v2\/product\/3608\/revisions"}],"predecessor-version":[{"id":8616,"href":"https:\/\/biogroupvietnam.com\/vi\/wp-json\/wp\/v2\/product\/3608\/revisions\/8616"}],"wp:featuredmedia":[{"embeddable":true,"href":"https:\/\/biogroupvietnam.com\/vi\/wp-json\/wp\/v2\/media\/8917"}],"wp:attachment":[{"href":"https:\/\/biogroupvietnam.com\/vi\/wp-json\/wp\/v2\/media?parent=3608"}],"wp:term":[{"taxonomy":"product_brand","embeddable":true,"href":"https:\/\/biogroupvietnam.com\/vi\/wp-json\/wp\/v2\/product_brand?post=3608"},{"taxonomy":"product_cat","embeddable":true,"href":"https:\/\/biogroupvietnam.com\/vi\/wp-json\/wp\/v2\/product_cat?post=3608"},{"taxonomy":"product_tag","embeddable":true,"href":"https:\/\/biogroupvietnam.com\/vi\/wp-json\/wp\/v2\/product_tag?post=3608"}],"curies":[{"name":"wp","href":"https:\/\/api.w.org\/{rel}","templated":true}]}}