{"id":3634,"date":"2025-08-18T19:51:47","date_gmt":"2025-08-18T12:51:47","guid":{"rendered":"http:\/\/biogroupvietnam-worldpress.local\/product\/import-placeholder-for-31\/"},"modified":"2025-11-12T18:41:46","modified_gmt":"2025-11-12T11:41:46","slug":"dung-cu-tro-hut-pipet-dien-tu-blueswan","status":"publish","type":"product","link":"https:\/\/biogroupvietnam.com\/vi\/san-pham\/dung-cu-tro-hut-pipet-dien-tu-blueswan\/","title":{"rendered":"D\u1ee5ng C\u1ee5 Tr\u1ee3 H\u00fat Pipet \u0110i\u1ec7n T\u1eed BlueSwan"},"content":{"rendered":"<p><span style=\"background-color: transparent; color: #000000; font-family: Arial,sans-serif; font-size: 12pt;\"><i><strong>Pipet ch\u00ednh x\u00e1c v\u1edbi thi\u1ebft k\u1ebf ti\u1ec7n l\u1ee3i v\u00e0 thanh l\u1ecbch<\/strong><\/i><\/span><\/p>\n<p><span style=\"background-color: transparent; color: #000000; font-family: Arial,sans-serif; font-size: 12pt;\">V\u1edbi \u0111\u1ea7y \u0111\u1ee7 t\u00ednh n\u0103ng, thi\u1ebft b\u1ecb tr\u1ee3 h\u00fat pipet BlueSwan mang l\u1ea1i s\u1ef1 tho\u1ea3i m\u00e1i v\u00e0 \u0111\u1ed9 ch\u00ednh x\u00e1c cao trong thao t\u00e1c pipet c\u1ee7a b\u1ea1n. Thi\u1ebft k\u1ebf g\u1eafn t\u01b0\u1eddng v\u00e0 c\u00f3 th\u1ec3 t\u1ef1 \u0111\u1ee9ng gi\u00fap ti\u1ebft ki\u1ec7m kh\u00f4ng gian l\u00e0m vi\u1ec7c. V\u1ecf ngo\u00e0i ch\u1ecbu tia UV c\u00f9ng v\u1edbi \u0111\u1ea7u n\u1ed1i, gi\u00e1 gi\u1eef pipet v\u00e0 m\u00e0ng l\u1ecdc c\u00f3 th\u1ec3 h\u1ea5p ti\u1ec7t tr\u00f9ng \u0111\u1ea3m b\u1ea3o kh\u1ea3 n\u0103ng kh\u1eed nhi\u1ec5m hi\u1ec7u qu\u1ea3. H\u01a1n n\u1eefa, thi\u1ebft k\u1ebf nh\u1eb9 v\u00e0 c\u00f4ng th\u00e1i h\u1ecdc gi\u00fap b\u1ea1n tr\u00e1nh m\u1ecfi tay v\u00e0 ch\u1ea5n th\u01b0\u01a1ng ngh\u1ec1 nghi\u1ec7p khi th\u1ef1c hi\u1ec7n c\u00e1c thao t\u00e1c pipet l\u1eb7p \u0111i l\u1eb7p l\u1ea1i su\u1ed1t c\u1ea3 ng\u00e0y.<\/span><\/p>\n<h3><span style=\"background-color: transparent; color: #000000; font-family: Arial,sans-serif; font-size: 16pt;\"><strong>\u0110\u1eb7c \u0111i\u1ec3m n\u1ed5i b\u1eadt<\/strong><\/span><\/h3>\n<ul>\n<li><span style=\"background-color: transparent; color: #000000; font-family: Arial,sans-serif; font-size: 12pt;\">\u0110\u01b0\u1ee3c thi\u1ebft k\u1ebf t\u1ef1 ng\u01b0\u1ee3c (self-inverted) \u0111\u1ec3 c\u00f3 th\u1ec3 \u0111\u1ee9ng tr\u00ean b\u00e0n th\u00ed nghi\u1ec7m, gi\u00fap ti\u1ebft ki\u1ec7m kh\u00f4ng gian l\u00e0m vi\u1ec7c.<\/span><\/li>\n<li><span style=\"background-color: transparent; color: #000000; font-family: Arial,sans-serif; font-size: 12pt;\">Ch\u1ecbu \u0111\u01b0\u1ee3c tia UV trong qu\u00e1 tr\u00ecnh chi\u1ebfu UV ti\u1ec7t tr\u00f9ng d\u1ee5ng c\u1ee5 ph\u00f2ng th\u00ed nghi\u1ec7m.<\/span><\/li>\n<li><span style=\"background-color: transparent; color: #000000; font-family: Arial,sans-serif; font-size: 12pt;\">Nh\u1eb9, gi\u00fap thao t\u00e1c pipet d\u1ec5 d\u00e0ng (ch\u1ec9 180 g).<\/span><\/li>\n<li><span style=\"background-color: transparent; color: #000000; font-family: Arial,sans-serif; font-size: 12pt;\">Th\u00e1o l\u1eafp l\u1ecdc filter d\u1ec5 d\u00e0ng.<\/span><\/li>\n<\/ul>\n<h3><span style=\"background-color: transparent; color: #000000; font-family: Arial,sans-serif; font-size: 16pt;\"><strong>Ti\u00eau chu\u1ea9n \u0111\u1ea3m b\u1ea3o<\/strong><\/span><\/h3>\n<ul>\n<li><span style=\"background-color: transparent; color: #000000; font-family: Arial,sans-serif; font-size: 12pt;\">\u0110\u00e1p \u1ee9ng ti\u00eau chu\u1ea9n: CE, EN55011, EN61326-2-6 (Class A), EN61010-1, RoHS.<\/span><\/li>\n<li><span style=\"background-color: transparent; color: #000000; font-family: Arial,sans-serif; font-size: 12pt;\">B\u1ea3o h\u00e0nh ch\u00ednh h\u00e3ng 18 th\u00e1ng.<\/span><\/li>\n<li><span style=\"background-color: transparent; color: #000000; font-family: Arial,sans-serif; font-size: 12pt;\">\u0110\u1ed5i h\u00e0ng m\u1edbi trong 30 ng\u00e0y (n\u1ebfu s\u1ea3n ph\u1ea9m b\u1ecb l\u1ed7i k\u1ef9 thu\u1eadt).<\/span><\/li>\n<\/ul>\n<h3><span style=\"background-color: transparent; color: #000000; font-family: Arial,sans-serif; font-size: 16pt;\"><strong>Th\u00f4ng s\u1ed1 k\u1ef9 thu\u1eadt<\/strong><\/span><\/h3>\n<ul>\n<li><span style=\"background-color: transparent; color: #000000; font-family: Arial,sans-serif; font-size: 12pt;\">T\u01b0\u01a1ng th\u00edch c\u00e1c lo\u1ea1i pipette nh\u1ef1a ho\u1eb7c th\u1ee7y tinh c\u00f3 th\u1ec3 t\u00edch h\u00fat t\u1eeb 1-100 mL.<\/span><\/li>\n<li><span style=\"background-color: transparent; color: #000000; font-family: Arial,sans-serif; font-size: 12pt;\">C\u00f3 th\u1ec3 c\u00e0i \u0111\u1eb7t ch\u1ebf \u0111\u1ed9 ph\u00e2n ph\u1ed1i ch\u1ea5t l\u1ecfng (dispensing mode) theo tr\u1ecdng l\u1ef1c ho\u1eb7c \u0111\u1ea9y.<\/span><\/li>\n<li><span style=\"background-color: transparent; color: #000000; font-family: Arial,sans-serif; font-size: 12pt;\">B\u00e1nh xe \u0111i\u1ec1u khi\u1ec3n t\u1ed1c \u0111\u1ed9 h\u00fat ho\u1eb7c ph\u00e2n ph\u1ed1i ch\u1ea5t l\u1ecfng li\u00ean t\u1ee5c, nhanh ho\u1eb7c ch\u1eadm.<\/span><\/li>\n<li><span style=\"background-color: transparent; color: #000000; font-family: Arial,sans-serif; font-size: 12pt;\">C\u00f3 th\u1ec3 tr\u1ee3 h\u00fat pipet \u0111\u1ebfn 4500 l\u1ea7n m\u00e0 kh\u00f4ng c\u1ea7n s\u1ea1c pin (cho pipet 25 mL).<\/span><\/li>\n<li><span style=\"background-color: transparent; color: #000000; font-family: Arial,sans-serif; font-size: 12pt;\">C\u00f3 l\u1ecdc filter 0,2 \u00b5m l\u00e0m b\u1eb1ng v\u1eadt li\u1ec7u k\u1ef5 n\u01b0\u1edbc.<\/span><\/li>\n<li><span style=\"background-color: transparent; color: #000000; font-family: Arial,sans-serif; font-size: 12pt;\">C\u00f3 th\u1ec3 h\u1ea5p ti\u1ec7t tr\u00f9ng tay c\u1ea7m c\u1ee7a tr\u1ee3 h\u00fat pipet v\u00e0 b\u1ed9 l\u1ecdc (ph\u1ea3i l\u1ea5y pin tr\u01b0\u1edbc khi h\u1ea5p ti\u1ec7t tr\u00f9ng).<\/span><\/li>\n<li><span style=\"background-color: transparent; color: #000000; font-family: Arial,sans-serif; font-size: 12pt;\">V\u1eadn h\u00e0nh b\u1eb1ng pin Lithium-ion polymer battery 3.7 V \/ 1100 mAh, th\u1eddi gian s\u1ea1c pin kho\u1ea3ng 4 gi\u1edd.<\/span><\/li>\n<\/ul>\n","protected":false},"excerpt":{"rendered":"<p>Pipet ch\u00ednh x\u00e1c v\u1edbi thi\u1ebft k\u1ebf ti\u1ec7n l\u1ee3i v\u00e0 thanh l\u1ecbch V\u1edbi \u0111\u1ea7y \u0111\u1ee7 t\u00ednh n\u0103ng, thi\u1ebft b\u1ecb tr\u1ee3 h\u00fat pipet BlueSwan mang l\u1ea1i s\u1ef1 tho\u1ea3i m\u00e1i v\u00e0 \u0111\u1ed9 ch\u00ednh x\u00e1c cao trong thao t\u00e1c pipet c\u1ee7a b\u1ea1n. Thi\u1ebft k\u1ebf g\u1eafn t\u01b0\u1eddng v\u00e0 c\u00f3 th\u1ec3 t\u1ef1 \u0111\u1ee9ng gi\u00fap ti\u1ebft ki\u1ec7m kh\u00f4ng gian l\u00e0m vi\u1ec7c. V\u1ecf<\/p>\n<div class=\"klb-readmore post-buttons\"><a class=\"button rounded primary\" href=\"https:\/\/biogroupvietnam.com\/vi\/san-pham\/dung-cu-tro-hut-pipet-dien-tu-blueswan\/\">Read More <i class=\"klbth-icon-right-arrow\"><\/i><\/a><\/div>\n","protected":false},"featured_media":8916,"comment_status":"closed","ping_status":"closed","template":"","meta":{"_acf_changed":false},"product_brand":[135],"product_cat":[121],"product_tag":[],"class_list":{"0":"post-3634","1":"product","2":"type-product","3":"status-publish","4":"has-post-thumbnail","6":"product_brand-blue-ray-biotech","7":"product_cat-tu-an-toan-sinh-hoc","9":"first","10":"outofstock","11":"shipping-taxable","12":"product-type-simple"},"acf":[],"yoast_head":"<!-- This site is optimized with the Yoast SEO plugin v26.8 - https:\/\/yoast.com\/product\/yoast-seo-wordpress\/ -->\n<title>D\u1ee5ng C\u1ee5 Tr\u1ee3 H\u00fat Pipet \u0110i\u1ec7n T\u1eed BlueSwan<\/title>\n<meta name=\"description\" content=\"D\u1ee5ng c\u1ee5 tr\u1ee3 h\u00fat pipet \u0111i\u1ec7n t\u1eed \u0111\u01b0\u1ee3c thi\u1ebft k\u1ebf t\u1ef1 ng\u01b0\u1ee3c (self-inverted) \u0111\u1ec3 c\u00f3 th\u1ec3 \u0111\u1ee9ng tr\u00ean b\u00e0n th\u00ed nghi\u1ec7m, gi\u00fap ti\u1ebft ki\u1ec7m kh\u00f4ng gian l\u00e0m vi\u1ec7c.\" \/>\n<meta name=\"robots\" content=\"index, follow, max-snippet:-1, max-image-preview:large, max-video-preview:-1\" \/>\n<link rel=\"canonical\" href=\"https:\/\/biogroupvietnam.com\/vi\/san-pham\/dung-cu-tro-hut-pipet-dien-tu-blueswan\/\" \/>\n<meta property=\"og:locale\" content=\"vi_VN\" \/>\n<meta property=\"og:type\" content=\"article\" \/>\n<meta property=\"og:title\" content=\"D\u1ee5ng C\u1ee5 Tr\u1ee3 H\u00fat Pipet \u0110i\u1ec7n T\u1eed BlueSwan\" \/>\n<meta property=\"og:description\" content=\"D\u1ee5ng c\u1ee5 tr\u1ee3 h\u00fat pipet \u0111i\u1ec7n t\u1eed \u0111\u01b0\u1ee3c thi\u1ebft k\u1ebf t\u1ef1 ng\u01b0\u1ee3c (self-inverted) \u0111\u1ec3 c\u00f3 th\u1ec3 \u0111\u1ee9ng tr\u00ean b\u00e0n th\u00ed nghi\u1ec7m, gi\u00fap ti\u1ebft ki\u1ec7m kh\u00f4ng gian l\u00e0m vi\u1ec7c.\" \/>\n<meta property=\"og:url\" content=\"https:\/\/biogroupvietnam.com\/vi\/san-pham\/dung-cu-tro-hut-pipet-dien-tu-blueswan\/\" \/>\n<meta property=\"og:site_name\" content=\"Biogroup Vietnam\" \/>\n<meta property=\"article:modified_time\" content=\"2025-11-12T11:41:46+00:00\" \/>\n<meta property=\"og:image\" content=\"https:\/\/biogroupvietnam.com\/wp-content\/uploads\/2025\/08\/BlueSwan.jpg\" \/>\n\t<meta property=\"og:image:width\" content=\"1640\" \/>\n\t<meta property=\"og:image:height\" content=\"1260\" \/>\n\t<meta property=\"og:image:type\" content=\"image\/jpeg\" \/>\n<meta name=\"twitter:card\" content=\"summary_large_image\" \/>\n<meta name=\"twitter:label1\" content=\"\u01af\u1edbc t\u00ednh th\u1eddi gian \u0111\u1ecdc\" \/>\n\t<meta name=\"twitter:data1\" content=\"2 ph\u00fat\" \/>\n<script type=\"application\/ld+json\" class=\"yoast-schema-graph\">{\"@context\":\"https:\/\/schema.org\",\"@graph\":[{\"@type\":\"WebPage\",\"@id\":\"https:\/\/biogroupvietnam.com\/vi\/san-pham\/dung-cu-tro-hut-pipet-dien-tu-blueswan\/\",\"url\":\"https:\/\/biogroupvietnam.com\/vi\/san-pham\/dung-cu-tro-hut-pipet-dien-tu-blueswan\/\",\"name\":\"D\u1ee5ng C\u1ee5 Tr\u1ee3 H\u00fat Pipet \u0110i\u1ec7n T\u1eed BlueSwan\",\"isPartOf\":{\"@id\":\"https:\/\/biogroupvietnam.com\/vi\/#website\"},\"primaryImageOfPage\":{\"@id\":\"https:\/\/biogroupvietnam.com\/vi\/san-pham\/dung-cu-tro-hut-pipet-dien-tu-blueswan\/#primaryimage\"},\"image\":{\"@id\":\"https:\/\/biogroupvietnam.com\/vi\/san-pham\/dung-cu-tro-hut-pipet-dien-tu-blueswan\/#primaryimage\"},\"thumbnailUrl\":\"https:\/\/biogroupvietnam.com\/wp-content\/uploads\/2025\/08\/BlueSwan.jpg\",\"datePublished\":\"2025-08-18T12:51:47+00:00\",\"dateModified\":\"2025-11-12T11:41:46+00:00\",\"description\":\"D\u1ee5ng c\u1ee5 tr\u1ee3 h\u00fat pipet \u0111i\u1ec7n t\u1eed \u0111\u01b0\u1ee3c thi\u1ebft k\u1ebf t\u1ef1 ng\u01b0\u1ee3c (self-inverted) \u0111\u1ec3 c\u00f3 th\u1ec3 \u0111\u1ee9ng tr\u00ean b\u00e0n th\u00ed nghi\u1ec7m, gi\u00fap ti\u1ebft ki\u1ec7m kh\u00f4ng gian l\u00e0m vi\u1ec7c.\",\"breadcrumb\":{\"@id\":\"https:\/\/biogroupvietnam.com\/vi\/san-pham\/dung-cu-tro-hut-pipet-dien-tu-blueswan\/#breadcrumb\"},\"inLanguage\":\"vi\",\"potentialAction\":[{\"@type\":\"ReadAction\",\"target\":[\"https:\/\/biogroupvietnam.com\/vi\/san-pham\/dung-cu-tro-hut-pipet-dien-tu-blueswan\/\"]}]},{\"@type\":\"ImageObject\",\"inLanguage\":\"vi\",\"@id\":\"https:\/\/biogroupvietnam.com\/vi\/san-pham\/dung-cu-tro-hut-pipet-dien-tu-blueswan\/#primaryimage\",\"url\":\"https:\/\/biogroupvietnam.com\/wp-content\/uploads\/2025\/08\/BlueSwan.jpg\",\"contentUrl\":\"https:\/\/biogroupvietnam.com\/wp-content\/uploads\/2025\/08\/BlueSwan.jpg\",\"width\":1640,\"height\":1260},{\"@type\":\"BreadcrumbList\",\"@id\":\"https:\/\/biogroupvietnam.com\/vi\/san-pham\/dung-cu-tro-hut-pipet-dien-tu-blueswan\/#breadcrumb\",\"itemListElement\":[{\"@type\":\"ListItem\",\"position\":1,\"name\":\"Trang ch\u1ee7\",\"item\":\"https:\/\/biogroupvietnam.com\/vi\/\"},{\"@type\":\"ListItem\",\"position\":2,\"name\":\"S\u1ea3n ph\u1ea9m\",\"item\":\"https:\/\/biogroupvietnam.com\/vi\/san-pham\/\"},{\"@type\":\"ListItem\",\"position\":3,\"name\":\"R&amp;D Sinh H\u1ecdc\",\"item\":\"https:\/\/biogroupvietnam.com\/vi\/danh-muc-san-pham\/rd-sinh-hoc\/\"},{\"@type\":\"ListItem\",\"position\":4,\"name\":\"T\u1ee7 an to\u00e0n sinh h\u1ecdc\",\"item\":\"https:\/\/biogroupvietnam.com\/vi\/danh-muc-san-pham\/tu-an-toan-sinh-hoc\/\"},{\"@type\":\"ListItem\",\"position\":5,\"name\":\"D\u1ee5ng C\u1ee5 Tr\u1ee3 H\u00fat Pipet \u0110i\u1ec7n T\u1eed BlueSwan\"}]},{\"@type\":\"WebSite\",\"@id\":\"https:\/\/biogroupvietnam.com\/vi\/#website\",\"url\":\"https:\/\/biogroupvietnam.com\/vi\/\",\"name\":\"Biogroup Vietnam\",\"description\":\"Biogroup Vietnam cung c\u1ea5p d\u1ecbch v\u1ee5 k\u1ef9 thu\u1eadt c\u00f9ng thi\u1ebft b\u1ecb, v\u1eadt t\u01b0, h\u00f3a ch\u1ea5t v\u00e0 gi\u1ea3i ph\u00e1p sinh h\u1ecdc cho ph\u00f2ng th\u00ed nghi\u1ec7m c\u00f4ng ngh\u1ec7 sinh h\u1ecdc, y sinh v\u00e0 y h\u1ecdc t\u00e1i t\u1ea1o.\",\"potentialAction\":[{\"@type\":\"SearchAction\",\"target\":{\"@type\":\"EntryPoint\",\"urlTemplate\":\"https:\/\/biogroupvietnam.com\/vi\/?s={search_term_string}\"},\"query-input\":{\"@type\":\"PropertyValueSpecification\",\"valueRequired\":true,\"valueName\":\"search_term_string\"}}],\"inLanguage\":\"vi\"}]}<\/script>\n<!-- \/ Yoast SEO plugin. -->","yoast_head_json":{"title":"D\u1ee5ng C\u1ee5 Tr\u1ee3 H\u00fat Pipet \u0110i\u1ec7n T\u1eed BlueSwan","description":"D\u1ee5ng c\u1ee5 tr\u1ee3 h\u00fat pipet \u0111i\u1ec7n t\u1eed \u0111\u01b0\u1ee3c thi\u1ebft k\u1ebf t\u1ef1 ng\u01b0\u1ee3c (self-inverted) \u0111\u1ec3 c\u00f3 th\u1ec3 \u0111\u1ee9ng tr\u00ean b\u00e0n th\u00ed nghi\u1ec7m, gi\u00fap ti\u1ebft ki\u1ec7m kh\u00f4ng gian l\u00e0m vi\u1ec7c.","robots":{"index":"index","follow":"follow","max-snippet":"max-snippet:-1","max-image-preview":"max-image-preview:large","max-video-preview":"max-video-preview:-1"},"canonical":"https:\/\/biogroupvietnam.com\/vi\/san-pham\/dung-cu-tro-hut-pipet-dien-tu-blueswan\/","og_locale":"vi_VN","og_type":"article","og_title":"D\u1ee5ng C\u1ee5 Tr\u1ee3 H\u00fat Pipet \u0110i\u1ec7n T\u1eed BlueSwan","og_description":"D\u1ee5ng c\u1ee5 tr\u1ee3 h\u00fat pipet \u0111i\u1ec7n t\u1eed \u0111\u01b0\u1ee3c thi\u1ebft k\u1ebf t\u1ef1 ng\u01b0\u1ee3c (self-inverted) \u0111\u1ec3 c\u00f3 th\u1ec3 \u0111\u1ee9ng tr\u00ean b\u00e0n th\u00ed nghi\u1ec7m, gi\u00fap ti\u1ebft ki\u1ec7m kh\u00f4ng gian l\u00e0m vi\u1ec7c.","og_url":"https:\/\/biogroupvietnam.com\/vi\/san-pham\/dung-cu-tro-hut-pipet-dien-tu-blueswan\/","og_site_name":"Biogroup Vietnam","article_modified_time":"2025-11-12T11:41:46+00:00","og_image":[{"width":1640,"height":1260,"url":"https:\/\/biogroupvietnam.com\/wp-content\/uploads\/2025\/08\/BlueSwan.jpg","type":"image\/jpeg"}],"twitter_card":"summary_large_image","twitter_misc":{"\u01af\u1edbc t\u00ednh th\u1eddi gian \u0111\u1ecdc":"2 ph\u00fat"},"schema":{"@context":"https:\/\/schema.org","@graph":[{"@type":"WebPage","@id":"https:\/\/biogroupvietnam.com\/vi\/san-pham\/dung-cu-tro-hut-pipet-dien-tu-blueswan\/","url":"https:\/\/biogroupvietnam.com\/vi\/san-pham\/dung-cu-tro-hut-pipet-dien-tu-blueswan\/","name":"D\u1ee5ng C\u1ee5 Tr\u1ee3 H\u00fat Pipet \u0110i\u1ec7n T\u1eed BlueSwan","isPartOf":{"@id":"https:\/\/biogroupvietnam.com\/vi\/#website"},"primaryImageOfPage":{"@id":"https:\/\/biogroupvietnam.com\/vi\/san-pham\/dung-cu-tro-hut-pipet-dien-tu-blueswan\/#primaryimage"},"image":{"@id":"https:\/\/biogroupvietnam.com\/vi\/san-pham\/dung-cu-tro-hut-pipet-dien-tu-blueswan\/#primaryimage"},"thumbnailUrl":"https:\/\/biogroupvietnam.com\/wp-content\/uploads\/2025\/08\/BlueSwan.jpg","datePublished":"2025-08-18T12:51:47+00:00","dateModified":"2025-11-12T11:41:46+00:00","description":"D\u1ee5ng c\u1ee5 tr\u1ee3 h\u00fat pipet \u0111i\u1ec7n t\u1eed \u0111\u01b0\u1ee3c thi\u1ebft k\u1ebf t\u1ef1 ng\u01b0\u1ee3c (self-inverted) \u0111\u1ec3 c\u00f3 th\u1ec3 \u0111\u1ee9ng tr\u00ean b\u00e0n th\u00ed nghi\u1ec7m, gi\u00fap ti\u1ebft ki\u1ec7m kh\u00f4ng gian l\u00e0m vi\u1ec7c.","breadcrumb":{"@id":"https:\/\/biogroupvietnam.com\/vi\/san-pham\/dung-cu-tro-hut-pipet-dien-tu-blueswan\/#breadcrumb"},"inLanguage":"vi","potentialAction":[{"@type":"ReadAction","target":["https:\/\/biogroupvietnam.com\/vi\/san-pham\/dung-cu-tro-hut-pipet-dien-tu-blueswan\/"]}]},{"@type":"ImageObject","inLanguage":"vi","@id":"https:\/\/biogroupvietnam.com\/vi\/san-pham\/dung-cu-tro-hut-pipet-dien-tu-blueswan\/#primaryimage","url":"https:\/\/biogroupvietnam.com\/wp-content\/uploads\/2025\/08\/BlueSwan.jpg","contentUrl":"https:\/\/biogroupvietnam.com\/wp-content\/uploads\/2025\/08\/BlueSwan.jpg","width":1640,"height":1260},{"@type":"BreadcrumbList","@id":"https:\/\/biogroupvietnam.com\/vi\/san-pham\/dung-cu-tro-hut-pipet-dien-tu-blueswan\/#breadcrumb","itemListElement":[{"@type":"ListItem","position":1,"name":"Trang ch\u1ee7","item":"https:\/\/biogroupvietnam.com\/vi\/"},{"@type":"ListItem","position":2,"name":"S\u1ea3n ph\u1ea9m","item":"https:\/\/biogroupvietnam.com\/vi\/san-pham\/"},{"@type":"ListItem","position":3,"name":"R&amp;D Sinh H\u1ecdc","item":"https:\/\/biogroupvietnam.com\/vi\/danh-muc-san-pham\/rd-sinh-hoc\/"},{"@type":"ListItem","position":4,"name":"T\u1ee7 an to\u00e0n sinh h\u1ecdc","item":"https:\/\/biogroupvietnam.com\/vi\/danh-muc-san-pham\/tu-an-toan-sinh-hoc\/"},{"@type":"ListItem","position":5,"name":"D\u1ee5ng C\u1ee5 Tr\u1ee3 H\u00fat Pipet \u0110i\u1ec7n T\u1eed BlueSwan"}]},{"@type":"WebSite","@id":"https:\/\/biogroupvietnam.com\/vi\/#website","url":"https:\/\/biogroupvietnam.com\/vi\/","name":"Biogroup Vietnam","description":"Biogroup Vietnam cung c\u1ea5p d\u1ecbch v\u1ee5 k\u1ef9 thu\u1eadt c\u00f9ng thi\u1ebft b\u1ecb, v\u1eadt t\u01b0, h\u00f3a ch\u1ea5t v\u00e0 gi\u1ea3i ph\u00e1p sinh h\u1ecdc cho ph\u00f2ng th\u00ed nghi\u1ec7m c\u00f4ng ngh\u1ec7 sinh h\u1ecdc, y sinh v\u00e0 y h\u1ecdc t\u00e1i t\u1ea1o.","potentialAction":[{"@type":"SearchAction","target":{"@type":"EntryPoint","urlTemplate":"https:\/\/biogroupvietnam.com\/vi\/?s={search_term_string}"},"query-input":{"@type":"PropertyValueSpecification","valueRequired":true,"valueName":"search_term_string"}}],"inLanguage":"vi"}]}},"_links":{"self":[{"href":"https:\/\/biogroupvietnam.com\/vi\/wp-json\/wp\/v2\/product\/3634","targetHints":{"allow":["GET"]}}],"collection":[{"href":"https:\/\/biogroupvietnam.com\/vi\/wp-json\/wp\/v2\/product"}],"about":[{"href":"https:\/\/biogroupvietnam.com\/vi\/wp-json\/wp\/v2\/types\/product"}],"replies":[{"embeddable":true,"href":"https:\/\/biogroupvietnam.com\/vi\/wp-json\/wp\/v2\/comments?post=3634"}],"version-history":[{"count":4,"href":"https:\/\/biogroupvietnam.com\/vi\/wp-json\/wp\/v2\/product\/3634\/revisions"}],"predecessor-version":[{"id":8809,"href":"https:\/\/biogroupvietnam.com\/vi\/wp-json\/wp\/v2\/product\/3634\/revisions\/8809"}],"wp:featuredmedia":[{"embeddable":true,"href":"https:\/\/biogroupvietnam.com\/vi\/wp-json\/wp\/v2\/media\/8916"}],"wp:attachment":[{"href":"https:\/\/biogroupvietnam.com\/vi\/wp-json\/wp\/v2\/media?parent=3634"}],"wp:term":[{"taxonomy":"product_brand","embeddable":true,"href":"https:\/\/biogroupvietnam.com\/vi\/wp-json\/wp\/v2\/product_brand?post=3634"},{"taxonomy":"product_cat","embeddable":true,"href":"https:\/\/biogroupvietnam.com\/vi\/wp-json\/wp\/v2\/product_cat?post=3634"},{"taxonomy":"product_tag","embeddable":true,"href":"https:\/\/biogroupvietnam.com\/vi\/wp-json\/wp\/v2\/product_tag?post=3634"}],"curies":[{"name":"wp","href":"https:\/\/api.w.org\/{rel}","templated":true}]}}