{"id":3636,"date":"2025-08-18T19:51:48","date_gmt":"2025-08-18T12:51:48","guid":{"rendered":"http:\/\/biogroupvietnam-worldpress.local\/product\/import-placeholder-for-33\/"},"modified":"2025-09-29T15:08:01","modified_gmt":"2025-09-29T08:08:01","slug":"nhan-ma-vach-dung-duoc-trong-noi-hap-tiet-trung-steri-thermotag","status":"publish","type":"product","link":"https:\/\/biogroupvietnam.com\/vi\/san-pham\/nhan-ma-vach-dung-duoc-trong-noi-hap-tiet-trung-steri-thermotag\/","title":{"rendered":"Nh\u00e3n M\u00e3 V\u1ea1ch D\u00f9ng \u0110\u01b0\u1ee3c Trong N\u1ed3i H\u1ea5p Ti\u1ec7t Tr\u00f9ng Steri-ThermoTAG"},"content":{"rendered":"<h2>Nh\u00e3n m\u00e3 v\u1ea1ch d\u00f9ng trong n\u1ed3i h\u1ea5p ti\u1ec7t tr\u00f9ng<\/h2>\n<h3><strong>M\u00f4 t\u1ea3 c\u1ee7a nh\u00e3n m\u00e3 v\u1ea1ch d\u00f9ng trong n\u1ed3i h\u1ea5p ti\u1ec7t tr\u00f9ng Steri-ThermoTAGTM<\/strong><\/h3>\n<p>C\u00f3 th\u1ec3 ch\u1ecbu \u0111\u01b0\u1ee3c ph\u1ea1m vi nhi\u1ec7t \u0111\u1ed9 r\u1ed9ng (-60\u00b0C\u2009\/\u2009-76\u00b0F \u0111\u1ebfn +150\u00b0C\u2009\/\u2009+302\u00b0F).<\/p>\n<p>\u0110\u01b0\u1ee3c thi\u1ebft k\u1ebf \u0111\u1ec3 s\u1eed d\u1ee5ng trong n\u1ed3i h\u1ea5p ti\u1ec7t tr\u00f9ng, t\u1ee7 s\u1ea5y kh\u00f4, m\u00e1y ti\u1ec7t tr\u00f9ng b\u1eb1ng ethylene oxide v\u00e0 m\u00e1y chi\u1ebfu x\u1ea1 gamma.<\/p>\n<p>C\u00f3 th\u1ec3 b\u00e1m d\u00ednh tr\u00ean nhi\u1ec1u b\u1ec1 m\u1eb7t, bao g\u1ed3m kim lo\u1ea1i, nh\u1ef1a v\u00e0 th\u1ee7y tinh.<\/p>\n<p>L\u00fd t\u01b0\u1edfng \u0111\u1ec3 d\u00e1n nh\u00e3n l\u00ean c\u00e1c d\u1ee5ng c\u1ee5 ph\u1eabu thu\u1eadt, \u0111\u1ed3 nh\u1ef1a, \u0111\u1ed3 th\u1ee7y tinh v\u00e0 v\u1ec9 thu\u1ed1c.<\/p>\n<p>T\u01b0\u01a1ng th\u00edch v\u1edbi t\u1ea5t c\u1ea3 c\u00e1c h\u00e3ng m\u00e1y in truy\u1ec1n nhi\u1ec7t ph\u1ed5 bi\u1ebfn.<\/p>\n<p>M\u1ef1c in \u0111\u1ec1 xu\u1ea5t: Lo\u1ea1i RR ch\u1ed1ng nh\u00f2e &amp; kh\u00e1ng c\u1ed3n.<\/p>\n<h3><strong>Th\u00f4ng s\u1ed1 k\u1ef9 thu\u1eadt c\u1ee7a nh\u00e3n m\u00e3 v\u1ea1ch<\/strong> <strong>d\u00f9ng trong n\u1ed3i h\u1ea5p ti\u1ec7t tr\u00f9ng Steri-ThermoTAGTM<\/strong><\/h3>\n<h4><strong>Lo\u1ea1i nh\u00e3n Steri-ThermoTAG&nbsp;c\u00f3 keo d\u00ednh v\u0129nh vi\u1ec5n<\/strong>:<\/h4>\n<h4 style=\"text-align:center;\"><img fetchpriority=\"high\" decoding=\"async\" src=\"https:\/\/biogroupvietnam.com\/uploads\/lEKIw8ud2soycHruaHLMqLaAWuc0sgUbvUM8ctnP.png\" alt=\"\" width=\"302\" height=\"268\"><\/h4>\n<p>C\u00e1c nh\u00e3n m\u00e3 v\u1ea1ch truy\u1ec1n nhi\u1ec7t c\u00f3 keo d\u00ednh v\u0129nh vi\u1ec5n Steri-ThermoTAG\u2122 c\u00f3 th\u1ec3 h\u1ea5p ti\u1ec7t tr\u00f9ng n\u00e0y \u0111\u00e3 \u0111\u01b0\u1ee3c th\u1eed nghi\u1ec7m \u0111\u1ec3 ch\u1ecbu \u0111\u1ef1ng t\u1edbi 20 chu k\u1ef3 h\u1ea5p ti\u1ec7t tr\u00f9ng, ho\u00e0n to\u00e0n ph\u00f9 h\u1ee3p \u0111\u1ec3 nh\u1eadn d\u1ea1ng c\u00e1c v\u1eadt ch\u1ee9a v\u00e0 d\u1ee5ng c\u1ee5 s\u1ebd tr\u1ea3i qua nhi\u1ec1u chu k\u1ef3 kh\u1eed tr\u00f9ng.<\/p>\n<figure class=\"table\">\n<table>\n<tbody>\n<tr>\n<td>\n<p style=\"text-align:center;\">SKU# (Tr\u1eafng)<\/p>\n<\/td>\n<td>\n<p style=\"text-align:center;\">K\u00edch th\u01b0\u1edbc nh\u00e3n Inches (W x H)<\/p>\n<\/td>\n<td>\n<p style=\"text-align:center;\">K\u00edch th\u01b0\u1edbc nh\u00e3n mm (W x H)<\/p>\n<\/td>\n<td>\n<p style=\"text-align:center;\">L\u00f5i<\/p>\n<\/td>\n<td>\n<p style=\"text-align:center;\">Nh\u00e3n\/Cu\u1ed9n<\/p>\n<\/td>\n<\/tr>\n<tr>\n<td>\n<p style=\"text-align:center;\">AUTT-28C1-2WH<\/p>\n<\/td>\n<td>\n<p style=\"text-align:center;\">2\u201d x 1\u201d<\/p>\n<\/td>\n<td>\n<p style=\"text-align:center;\">50.8 x 25.4<\/p>\n<\/td>\n<td>\n<p style=\"text-align:center;\">1\u201d<\/p>\n<\/td>\n<td>\n<p style=\"text-align:center;\">2,000<\/p>\n<\/td>\n<\/tr>\n<tr>\n<td>\n<p style=\"text-align:center;\">AUTT-28C3-2WH<\/p>\n<\/td>\n<td>\n<p style=\"text-align:center;\">2\u201d x 1\u201d<\/p>\n<\/td>\n<td>\n<p style=\"text-align:center;\">50.8 x 25.4<\/p>\n<\/td>\n<td>\n<p style=\"text-align:center;\">3\u201d<\/p>\n<\/td>\n<td>\n<p style=\"text-align:center;\">2,000<\/p>\n<\/td>\n<\/tr>\n<tr>\n<td>\n<p style=\"text-align:center;\">AUTT-200C1-1WH<\/p>\n<\/td>\n<td>\n<p style=\"text-align:center;\">2.5\u2033 x 1.25\u2033<\/p>\n<\/td>\n<td>\n<p style=\"text-align:center;\">63.5 x 31.8<\/p>\n<\/td>\n<td>\n<p style=\"text-align:center;\">1\u201d<\/p>\n<\/td>\n<td>\n<p style=\"text-align:center;\">1,000<\/p>\n<\/td>\n<\/tr>\n<tr>\n<td>\n<p style=\"text-align:center;\">AUTT-200C3-2WH<\/p>\n<\/td>\n<td>\n<p style=\"text-align:center;\">2.5\u2033 x 1.25\u2033<\/p>\n<\/td>\n<td>\n<p style=\"text-align:center;\">63.5 x 31.8<\/p>\n<\/td>\n<td>\n<p style=\"text-align:center;\">3\u201d<\/p>\n<\/td>\n<td>\n<p style=\"text-align:center;\">2,000<\/p>\n<\/td>\n<\/tr>\n<\/tbody>\n<\/table>\n<\/figure>\n<h4><strong>Lo\u1ea1i<\/strong> <strong>nh\u00e3n Steri-ThermoTAG<\/strong>&nbsp;<strong>c\u00f3 th\u1ec3 th\u00e1o r\u1eddi:<\/strong><\/h4>\n<h4 style=\"text-align:center;\"><img decoding=\"async\" src=\"https:\/\/biogroupvietnam.com\/uploads\/TyQec2aLZASm0NgPvEptQFAZ3ZsCK2Y1Ccivx09Z.png\" alt=\"\" width=\"247\" height=\"274\"><\/h4>\n<p>\u0110\u01b0\u1ee3c ph\u1ee7 m\u1ed9t l\u1edbp keo c\u00f3 th\u1ec3 th\u00e1o r\u1eddi, th\u00e2n thi\u1ec7n v\u1edbi g\u0103ng tay, c\u00e1c nh\u00e3n m\u00e3 v\u1ea1ch truy\u1ec1n nhi\u1ec7t c\u00f3 th\u1ec3 th\u00e1o r\u1eddi Steri-ThermoTAG\u2122 d\u00f9ng trong h\u1ea5p ti\u1ec7t tr\u00f9ng c\u00f3 th\u1ec3 d\u1ec5 d\u00e0ng g\u1ee1 b\u1ecf m\u00e0 kh\u00f4ng \u0111\u1ec3 l\u1ea1i b\u1ea5t k\u1ef3 d\u01b0 l\u01b0\u1ee3ng keo n\u00e0o ph\u00eda sau, l\u00fd t\u01b0\u1edfng \u0111\u1ec3 d\u00e1n nh\u00e3n d\u1ee5ng c\u1ee5 ph\u00f2ng th\u00ed nghi\u1ec7m, b\u1ec1 m\u1eb7t th\u00e9p kh\u00f4ng g\u1ec9 v\u00e0 h\u1ed9p \u0111\u1ef1ng \u0111\u1ec3 kh\u1eed tr\u00f9ng.<\/p>\n<figure class=\"table\">\n<table>\n<tbody>\n<tr>\n<td>\n<p style=\"text-align:center;\">SKU#<\/p>\n<\/td>\n<td>\n<p style=\"text-align:center;\">K\u00edch th\u01b0\u1edbc nh\u00e3n Inches (W x H)<\/p>\n<\/td>\n<td>\n<p style=\"text-align:center;\">K\u00edch th\u01b0\u1edbc nh\u00e3n mm (W x H)<\/p>\n<\/td>\n<td>\n<p style=\"text-align:center;\">L\u00f5i<\/p>\n<\/td>\n<td>\n<p style=\"text-align:center;\">Nh\u00e3n\/Cu\u1ed9n<\/p>\n<\/td>\n<\/tr>\n<tr>\n<td>\n<p style=\"text-align:center;\">AUTR-9C1-1WH<\/p>\n<\/td>\n<td>\n<p style=\"text-align:center;\">1.25\u2033 x 0.875\u2033<\/p>\n<\/td>\n<td>\n<p style=\"text-align:center;\">31.8 x 22.2<\/p>\n<\/td>\n<td>\n<p style=\"text-align:center;\">1\u201d<\/p>\n<\/td>\n<td>\n<p style=\"text-align:center;\">1,000<\/p>\n<\/td>\n<\/tr>\n<tr>\n<td>\n<p style=\"text-align:center;\">AUTR-9C3-3WH<\/p>\n<\/td>\n<td>\n<p style=\"text-align:center;\">1.25\u2033 x 0.875\u2033<\/p>\n<\/td>\n<td>\n<p style=\"text-align:center;\">31.8 x 22.2<\/p>\n<\/td>\n<td>\n<p style=\"text-align:center;\">3\u201d<\/p>\n<\/td>\n<td>\n<p style=\"text-align:center;\">3,000<\/p>\n<\/td>\n<\/tr>\n<tr>\n<td>\n<p style=\"text-align:center;\">AUTR-28C1-1WH<\/p>\n<\/td>\n<td>\n<p style=\"text-align:center;\">2\u2033 x 1\u2033<\/p>\n<\/td>\n<td>\n<p style=\"text-align:center;\">50.8 x 25.4<\/p>\n<\/td>\n<td>\n<p style=\"text-align:center;\">1\u201d<\/p>\n<\/td>\n<td>\n<p style=\"text-align:center;\">1,000<\/p>\n<\/td>\n<\/tr>\n<tr>\n<td>\n<p style=\"text-align:center;\">AUTR-28C3-2WH<\/p>\n<\/td>\n<td>\n<p style=\"text-align:center;\">2\u2033 x 1\u2033<\/p>\n<\/td>\n<td>\n<p style=\"text-align:center;\">50.8 x 25.4<\/p>\n<\/td>\n<td>\n<p style=\"text-align:center;\">3\u201d<\/p>\n<\/td>\n<td>\n<p style=\"text-align:center;\">2,000<\/p>\n<\/td>\n<\/tr>\n<tr>\n<td>\n<p style=\"text-align:center;\">AUTR-56C1-1WH<\/p>\n<\/td>\n<td>\n<p style=\"text-align:center;\">3\u201d x 2\u201d<\/p>\n<\/td>\n<td>\n<p style=\"text-align:center;\">76.2 x 50.8<\/p>\n<\/td>\n<td>\n<p style=\"text-align:center;\">1\u201d<\/p>\n<\/td>\n<td>\n<p style=\"text-align:center;\">1,000<\/p>\n<\/td>\n<\/tr>\n<tr>\n<td>\n<p style=\"text-align:center;\">AUTR-56C3-1WH<\/p>\n<\/td>\n<td>\n<p style=\"text-align:center;\">3\u201d x 2\u201d<\/p>\n<\/td>\n<td>\n<p style=\"text-align:center;\">76.2 x 50.8<\/p>\n<\/td>\n<td>\n<p style=\"text-align:center;\">3\u201d<\/p>\n<\/td>\n<td>\n<p style=\"text-align:center;\">1,000<\/p>\n<\/td>\n<\/tr>\n<\/tbody>\n<\/table>\n<\/figure>\n<h4><strong>Lo\u1ea1i Blackout Steri-ThermoTAG<\/strong>:<\/h4>\n<h4 style=\"text-align:center;\"><img decoding=\"async\" src=\"https:\/\/biogroupvietnam.com\/uploads\/HmysUUMVPHYFIBErIxOgDlRhiNX46Rxk4ob8i3Pl.png\" alt=\"\"><\/h4>\n<p>Nh\u00e3n m\u00e3 v\u1ea1ch Blackout Steri-ThermoTAG\u2122 l\u00fd t\u01b0\u1edfng \u0111\u1ec3 che \u0111i nh\u1eefng th\u00f4ng tin nh\u1ea1y c\u1ea3m, quan tr\u1ecdng tr\u00ean c\u00e1c v\u1eadt ch\u1ee9a c\u1ea7n \u0111\u01b0\u1ee3c h\u1ea5p kh\u1eed tr\u00f9ng tr\u01b0\u1edbc khi b\u1ecf.<\/p>\n<figure class=\"table\">\n<table>\n<tbody>\n<tr>\n<td>\n<p style=\"text-align:center;\">SKU#<\/p>\n<\/td>\n<td>\n<p style=\"text-align:center;\">Inches (W x H)<\/p>\n<\/td>\n<td>\n<p style=\"text-align:center;\">mm (W x H)<\/p>\n<\/td>\n<td>\n<p style=\"text-align:center;\">L\u00f5i<\/p>\n<\/td>\n<td>\n<p style=\"text-align:center;\">Nh\u00e3n\/Cu\u1ed9n<\/p>\n<\/td>\n<\/tr>\n<tr>\n<td>\n<p style=\"text-align:center;\">BOA-19C1-1SI<\/p>\n<\/td>\n<td>\n<p style=\"text-align:center;\">1.3\u2033 x 0.625\u2033<\/p>\n<\/td>\n<td>\n<p style=\"text-align:center;\">33 x 15.9<\/p>\n<\/td>\n<td>\n<p style=\"text-align:center;\">1\u201d<\/p>\n<\/td>\n<td>\n<p style=\"text-align:center;\">1,000<\/p>\n<\/td>\n<\/tr>\n<tr>\n<td>\n<p style=\"text-align:center;\">BOA-19C3-3SI<\/p>\n<\/td>\n<td>\n<p style=\"text-align:center;\">1.3\u2033 x 0.625\u2033<\/p>\n<\/td>\n<td>\n<p style=\"text-align:center;\">33 x 15.9<\/p>\n<\/td>\n<td>\n<p style=\"text-align:center;\">3\u201d<\/p>\n<\/td>\n<td>\n<p style=\"text-align:center;\">3,000<\/p>\n<\/td>\n<\/tr>\n<tr>\n<td>\n<p style=\"text-align:center;\">BOA-28C1-1SI<\/p>\n<\/td>\n<td>\n<p style=\"text-align:center;\">2\u201d x 1\u201d<\/p>\n<\/td>\n<td>\n<p style=\"text-align:center;\">50.8 x 25.4<\/p>\n<\/td>\n<td>\n<p style=\"text-align:center;\">1\u201d<\/p>\n<\/td>\n<td>\n<p style=\"text-align:center;\">1,000<\/p>\n<\/td>\n<\/tr>\n<tr>\n<td>\n<p style=\"text-align:center;\">BOA-28C3-2SI<\/p>\n<\/td>\n<td>\n<p style=\"text-align:center;\">2\u201d x 1\u201d<\/p>\n<\/td>\n<td>\n<p style=\"text-align:center;\">50.8 x 25.4<\/p>\n<\/td>\n<td>\n<p style=\"text-align:center;\">3\u201d<\/p>\n<\/td>\n<td>\n<p style=\"text-align:center;\">3,000<\/p>\n<\/td>\n<\/tr>\n<\/tbody>\n<\/table>\n<\/figure>\n","protected":false},"excerpt":{"rendered":"<p>Nh\u00e3n m\u00e3 v\u1ea1ch d\u00f9ng trong n\u1ed3i h\u1ea5p ti\u1ec7t tr\u00f9ng M\u00f4 t\u1ea3 c\u1ee7a nh\u00e3n m\u00e3 v\u1ea1ch d\u00f9ng trong n\u1ed3i h\u1ea5p ti\u1ec7t tr\u00f9ng Steri-ThermoTAGTM C\u00f3 th\u1ec3 ch\u1ecbu \u0111\u01b0\u1ee3c ph\u1ea1m vi nhi\u1ec7t \u0111\u1ed9 r\u1ed9ng (-60\u00b0C\u2009\/\u2009-76\u00b0F \u0111\u1ebfn +150\u00b0C\u2009\/\u2009+302\u00b0F). \u0110\u01b0\u1ee3c thi\u1ebft k\u1ebf \u0111\u1ec3 s\u1eed d\u1ee5ng trong n\u1ed3i h\u1ea5p ti\u1ec7t tr\u00f9ng, t\u1ee7 s\u1ea5y kh\u00f4, m\u00e1y ti\u1ec7t tr\u00f9ng b\u1eb1ng ethylene oxide v\u00e0<\/p>\n<div class=\"klb-readmore post-buttons\"><a class=\"button rounded primary\" href=\"https:\/\/biogroupvietnam.com\/vi\/san-pham\/nhan-ma-vach-dung-duoc-trong-noi-hap-tiet-trung-steri-thermotag\/\">Read More <i class=\"klbth-icon-right-arrow\"><\/i><\/a><\/div>\n","protected":false},"featured_media":5132,"comment_status":"closed","ping_status":"closed","template":"","meta":{"_acf_changed":false},"product_brand":[131],"product_cat":[120],"product_tag":[],"class_list":{"0":"post-3636","1":"product","2":"type-product","3":"status-publish","4":"has-post-thumbnail","6":"product_brand-ga-international-labtag","7":"product_cat-vat-tu-tieu-hao","9":"first","10":"outofstock","11":"shipping-taxable","12":"product-type-simple"},"acf":[],"yoast_head":"<!-- This site is optimized with the Yoast SEO plugin v26.8 - https:\/\/yoast.com\/product\/yoast-seo-wordpress\/ -->\n<title>Nh\u00e3n M\u00e3 V\u1ea1ch D\u00f9ng \u0110\u01b0\u1ee3c Trong N\u1ed3i H\u1ea5p Ti\u1ec7t Tr\u00f9ng Steri-ThermoTAG<\/title>\n<meta name=\"description\" content=\"Nh\u00e3n m\u00e3 v\u1ea1ch d\u00f9ng trong n\u1ed3i h\u1ea5p ti\u1ec7t tr\u00f9ng\" \/>\n<meta name=\"robots\" content=\"index, follow, max-snippet:-1, max-image-preview:large, max-video-preview:-1\" \/>\n<link rel=\"canonical\" href=\"https:\/\/biogroupvietnam.com\/vi\/san-pham\/nhan-ma-vach-dung-duoc-trong-noi-hap-tiet-trung-steri-thermotag\/\" \/>\n<meta property=\"og:locale\" content=\"vi_VN\" \/>\n<meta property=\"og:type\" content=\"article\" \/>\n<meta property=\"og:title\" content=\"Nh\u00e3n M\u00e3 V\u1ea1ch D\u00f9ng \u0110\u01b0\u1ee3c Trong N\u1ed3i H\u1ea5p Ti\u1ec7t Tr\u00f9ng Steri-ThermoTAG\" \/>\n<meta property=\"og:description\" content=\"Nh\u00e3n m\u00e3 v\u1ea1ch d\u00f9ng trong n\u1ed3i h\u1ea5p ti\u1ec7t tr\u00f9ng\" \/>\n<meta property=\"og:url\" content=\"https:\/\/biogroupvietnam.com\/vi\/san-pham\/nhan-ma-vach-dung-duoc-trong-noi-hap-tiet-trung-steri-thermotag\/\" \/>\n<meta property=\"og:site_name\" content=\"Biogroup Vietnam\" \/>\n<meta property=\"article:modified_time\" content=\"2025-09-29T08:08:01+00:00\" \/>\n<meta property=\"og:image\" content=\"https:\/\/biogroupvietnam.com\/wp-content\/uploads\/2025\/08\/ooWIOdhq9yIXirHuL3GBQqFgcbI9IUoQ2w733Zdm.webp\" \/>\n\t<meta property=\"og:image:width\" content=\"397\" \/>\n\t<meta property=\"og:image:height\" content=\"320\" \/>\n\t<meta property=\"og:image:type\" content=\"image\/webp\" \/>\n<meta name=\"twitter:card\" content=\"summary_large_image\" \/>\n<meta name=\"twitter:label1\" content=\"\u01af\u1edbc t\u00ednh th\u1eddi gian \u0111\u1ecdc\" \/>\n\t<meta name=\"twitter:data1\" content=\"1 ph\u00fat\" \/>\n<script type=\"application\/ld+json\" class=\"yoast-schema-graph\">{\"@context\":\"https:\/\/schema.org\",\"@graph\":[{\"@type\":\"WebPage\",\"@id\":\"https:\/\/biogroupvietnam.com\/vi\/san-pham\/nhan-ma-vach-dung-duoc-trong-noi-hap-tiet-trung-steri-thermotag\/\",\"url\":\"https:\/\/biogroupvietnam.com\/vi\/san-pham\/nhan-ma-vach-dung-duoc-trong-noi-hap-tiet-trung-steri-thermotag\/\",\"name\":\"Nh\u00e3n M\u00e3 V\u1ea1ch D\u00f9ng \u0110\u01b0\u1ee3c Trong N\u1ed3i H\u1ea5p Ti\u1ec7t Tr\u00f9ng Steri-ThermoTAG\",\"isPartOf\":{\"@id\":\"https:\/\/biogroupvietnam.com\/vi\/#website\"},\"primaryImageOfPage\":{\"@id\":\"https:\/\/biogroupvietnam.com\/vi\/san-pham\/nhan-ma-vach-dung-duoc-trong-noi-hap-tiet-trung-steri-thermotag\/#primaryimage\"},\"image\":{\"@id\":\"https:\/\/biogroupvietnam.com\/vi\/san-pham\/nhan-ma-vach-dung-duoc-trong-noi-hap-tiet-trung-steri-thermotag\/#primaryimage\"},\"thumbnailUrl\":\"https:\/\/biogroupvietnam.com\/wp-content\/uploads\/2025\/08\/ooWIOdhq9yIXirHuL3GBQqFgcbI9IUoQ2w733Zdm.webp\",\"datePublished\":\"2025-08-18T12:51:48+00:00\",\"dateModified\":\"2025-09-29T08:08:01+00:00\",\"description\":\"Nh\u00e3n m\u00e3 v\u1ea1ch d\u00f9ng trong n\u1ed3i h\u1ea5p ti\u1ec7t tr\u00f9ng\",\"breadcrumb\":{\"@id\":\"https:\/\/biogroupvietnam.com\/vi\/san-pham\/nhan-ma-vach-dung-duoc-trong-noi-hap-tiet-trung-steri-thermotag\/#breadcrumb\"},\"inLanguage\":\"vi\",\"potentialAction\":[{\"@type\":\"ReadAction\",\"target\":[\"https:\/\/biogroupvietnam.com\/vi\/san-pham\/nhan-ma-vach-dung-duoc-trong-noi-hap-tiet-trung-steri-thermotag\/\"]}]},{\"@type\":\"ImageObject\",\"inLanguage\":\"vi\",\"@id\":\"https:\/\/biogroupvietnam.com\/vi\/san-pham\/nhan-ma-vach-dung-duoc-trong-noi-hap-tiet-trung-steri-thermotag\/#primaryimage\",\"url\":\"https:\/\/biogroupvietnam.com\/wp-content\/uploads\/2025\/08\/ooWIOdhq9yIXirHuL3GBQqFgcbI9IUoQ2w733Zdm.webp\",\"contentUrl\":\"https:\/\/biogroupvietnam.com\/wp-content\/uploads\/2025\/08\/ooWIOdhq9yIXirHuL3GBQqFgcbI9IUoQ2w733Zdm.webp\",\"width\":397,\"height\":320},{\"@type\":\"BreadcrumbList\",\"@id\":\"https:\/\/biogroupvietnam.com\/vi\/san-pham\/nhan-ma-vach-dung-duoc-trong-noi-hap-tiet-trung-steri-thermotag\/#breadcrumb\",\"itemListElement\":[{\"@type\":\"ListItem\",\"position\":1,\"name\":\"Trang ch\u1ee7\",\"item\":\"https:\/\/biogroupvietnam.com\/vi\/\"},{\"@type\":\"ListItem\",\"position\":2,\"name\":\"S\u1ea3n ph\u1ea9m\",\"item\":\"https:\/\/biogroupvietnam.com\/vi\/san-pham\/\"},{\"@type\":\"ListItem\",\"position\":3,\"name\":\"R&amp;D Sinh H\u1ecdc\",\"item\":\"https:\/\/biogroupvietnam.com\/vi\/danh-muc-san-pham\/rd-sinh-hoc\/\"},{\"@type\":\"ListItem\",\"position\":4,\"name\":\"V\u1eadt T\u01b0 Ti\u00eau Hao\",\"item\":\"https:\/\/biogroupvietnam.com\/vi\/danh-muc-san-pham\/vat-tu-tieu-hao\/\"},{\"@type\":\"ListItem\",\"position\":5,\"name\":\"Nh\u00e3n M\u00e3 V\u1ea1ch D\u00f9ng \u0110\u01b0\u1ee3c Trong N\u1ed3i H\u1ea5p Ti\u1ec7t Tr\u00f9ng Steri-ThermoTAG\"}]},{\"@type\":\"WebSite\",\"@id\":\"https:\/\/biogroupvietnam.com\/vi\/#website\",\"url\":\"https:\/\/biogroupvietnam.com\/vi\/\",\"name\":\"Biogroup Vietnam\",\"description\":\"Biogroup Vietnam cung c\u1ea5p d\u1ecbch v\u1ee5 k\u1ef9 thu\u1eadt c\u00f9ng thi\u1ebft b\u1ecb, v\u1eadt t\u01b0, h\u00f3a ch\u1ea5t v\u00e0 gi\u1ea3i ph\u00e1p sinh h\u1ecdc cho ph\u00f2ng th\u00ed nghi\u1ec7m c\u00f4ng ngh\u1ec7 sinh h\u1ecdc, y sinh v\u00e0 y h\u1ecdc t\u00e1i t\u1ea1o.\",\"potentialAction\":[{\"@type\":\"SearchAction\",\"target\":{\"@type\":\"EntryPoint\",\"urlTemplate\":\"https:\/\/biogroupvietnam.com\/vi\/?s={search_term_string}\"},\"query-input\":{\"@type\":\"PropertyValueSpecification\",\"valueRequired\":true,\"valueName\":\"search_term_string\"}}],\"inLanguage\":\"vi\"}]}<\/script>\n<!-- \/ Yoast SEO plugin. -->","yoast_head_json":{"title":"Nh\u00e3n M\u00e3 V\u1ea1ch D\u00f9ng \u0110\u01b0\u1ee3c Trong N\u1ed3i H\u1ea5p Ti\u1ec7t Tr\u00f9ng Steri-ThermoTAG","description":"Nh\u00e3n m\u00e3 v\u1ea1ch d\u00f9ng trong n\u1ed3i h\u1ea5p ti\u1ec7t tr\u00f9ng","robots":{"index":"index","follow":"follow","max-snippet":"max-snippet:-1","max-image-preview":"max-image-preview:large","max-video-preview":"max-video-preview:-1"},"canonical":"https:\/\/biogroupvietnam.com\/vi\/san-pham\/nhan-ma-vach-dung-duoc-trong-noi-hap-tiet-trung-steri-thermotag\/","og_locale":"vi_VN","og_type":"article","og_title":"Nh\u00e3n M\u00e3 V\u1ea1ch D\u00f9ng \u0110\u01b0\u1ee3c Trong N\u1ed3i H\u1ea5p Ti\u1ec7t Tr\u00f9ng Steri-ThermoTAG","og_description":"Nh\u00e3n m\u00e3 v\u1ea1ch d\u00f9ng trong n\u1ed3i h\u1ea5p ti\u1ec7t tr\u00f9ng","og_url":"https:\/\/biogroupvietnam.com\/vi\/san-pham\/nhan-ma-vach-dung-duoc-trong-noi-hap-tiet-trung-steri-thermotag\/","og_site_name":"Biogroup Vietnam","article_modified_time":"2025-09-29T08:08:01+00:00","og_image":[{"width":397,"height":320,"url":"https:\/\/biogroupvietnam.com\/wp-content\/uploads\/2025\/08\/ooWIOdhq9yIXirHuL3GBQqFgcbI9IUoQ2w733Zdm.webp","type":"image\/webp"}],"twitter_card":"summary_large_image","twitter_misc":{"\u01af\u1edbc t\u00ednh th\u1eddi gian \u0111\u1ecdc":"1 ph\u00fat"},"schema":{"@context":"https:\/\/schema.org","@graph":[{"@type":"WebPage","@id":"https:\/\/biogroupvietnam.com\/vi\/san-pham\/nhan-ma-vach-dung-duoc-trong-noi-hap-tiet-trung-steri-thermotag\/","url":"https:\/\/biogroupvietnam.com\/vi\/san-pham\/nhan-ma-vach-dung-duoc-trong-noi-hap-tiet-trung-steri-thermotag\/","name":"Nh\u00e3n M\u00e3 V\u1ea1ch D\u00f9ng \u0110\u01b0\u1ee3c Trong N\u1ed3i H\u1ea5p Ti\u1ec7t Tr\u00f9ng Steri-ThermoTAG","isPartOf":{"@id":"https:\/\/biogroupvietnam.com\/vi\/#website"},"primaryImageOfPage":{"@id":"https:\/\/biogroupvietnam.com\/vi\/san-pham\/nhan-ma-vach-dung-duoc-trong-noi-hap-tiet-trung-steri-thermotag\/#primaryimage"},"image":{"@id":"https:\/\/biogroupvietnam.com\/vi\/san-pham\/nhan-ma-vach-dung-duoc-trong-noi-hap-tiet-trung-steri-thermotag\/#primaryimage"},"thumbnailUrl":"https:\/\/biogroupvietnam.com\/wp-content\/uploads\/2025\/08\/ooWIOdhq9yIXirHuL3GBQqFgcbI9IUoQ2w733Zdm.webp","datePublished":"2025-08-18T12:51:48+00:00","dateModified":"2025-09-29T08:08:01+00:00","description":"Nh\u00e3n m\u00e3 v\u1ea1ch d\u00f9ng trong n\u1ed3i h\u1ea5p ti\u1ec7t tr\u00f9ng","breadcrumb":{"@id":"https:\/\/biogroupvietnam.com\/vi\/san-pham\/nhan-ma-vach-dung-duoc-trong-noi-hap-tiet-trung-steri-thermotag\/#breadcrumb"},"inLanguage":"vi","potentialAction":[{"@type":"ReadAction","target":["https:\/\/biogroupvietnam.com\/vi\/san-pham\/nhan-ma-vach-dung-duoc-trong-noi-hap-tiet-trung-steri-thermotag\/"]}]},{"@type":"ImageObject","inLanguage":"vi","@id":"https:\/\/biogroupvietnam.com\/vi\/san-pham\/nhan-ma-vach-dung-duoc-trong-noi-hap-tiet-trung-steri-thermotag\/#primaryimage","url":"https:\/\/biogroupvietnam.com\/wp-content\/uploads\/2025\/08\/ooWIOdhq9yIXirHuL3GBQqFgcbI9IUoQ2w733Zdm.webp","contentUrl":"https:\/\/biogroupvietnam.com\/wp-content\/uploads\/2025\/08\/ooWIOdhq9yIXirHuL3GBQqFgcbI9IUoQ2w733Zdm.webp","width":397,"height":320},{"@type":"BreadcrumbList","@id":"https:\/\/biogroupvietnam.com\/vi\/san-pham\/nhan-ma-vach-dung-duoc-trong-noi-hap-tiet-trung-steri-thermotag\/#breadcrumb","itemListElement":[{"@type":"ListItem","position":1,"name":"Trang ch\u1ee7","item":"https:\/\/biogroupvietnam.com\/vi\/"},{"@type":"ListItem","position":2,"name":"S\u1ea3n ph\u1ea9m","item":"https:\/\/biogroupvietnam.com\/vi\/san-pham\/"},{"@type":"ListItem","position":3,"name":"R&amp;D Sinh H\u1ecdc","item":"https:\/\/biogroupvietnam.com\/vi\/danh-muc-san-pham\/rd-sinh-hoc\/"},{"@type":"ListItem","position":4,"name":"V\u1eadt T\u01b0 Ti\u00eau Hao","item":"https:\/\/biogroupvietnam.com\/vi\/danh-muc-san-pham\/vat-tu-tieu-hao\/"},{"@type":"ListItem","position":5,"name":"Nh\u00e3n M\u00e3 V\u1ea1ch D\u00f9ng \u0110\u01b0\u1ee3c Trong N\u1ed3i H\u1ea5p Ti\u1ec7t Tr\u00f9ng Steri-ThermoTAG"}]},{"@type":"WebSite","@id":"https:\/\/biogroupvietnam.com\/vi\/#website","url":"https:\/\/biogroupvietnam.com\/vi\/","name":"Biogroup Vietnam","description":"Biogroup Vietnam cung c\u1ea5p d\u1ecbch v\u1ee5 k\u1ef9 thu\u1eadt c\u00f9ng thi\u1ebft b\u1ecb, v\u1eadt t\u01b0, h\u00f3a ch\u1ea5t v\u00e0 gi\u1ea3i ph\u00e1p sinh h\u1ecdc cho ph\u00f2ng th\u00ed nghi\u1ec7m c\u00f4ng ngh\u1ec7 sinh h\u1ecdc, y sinh v\u00e0 y h\u1ecdc t\u00e1i t\u1ea1o.","potentialAction":[{"@type":"SearchAction","target":{"@type":"EntryPoint","urlTemplate":"https:\/\/biogroupvietnam.com\/vi\/?s={search_term_string}"},"query-input":{"@type":"PropertyValueSpecification","valueRequired":true,"valueName":"search_term_string"}}],"inLanguage":"vi"}]}},"_links":{"self":[{"href":"https:\/\/biogroupvietnam.com\/vi\/wp-json\/wp\/v2\/product\/3636","targetHints":{"allow":["GET"]}}],"collection":[{"href":"https:\/\/biogroupvietnam.com\/vi\/wp-json\/wp\/v2\/product"}],"about":[{"href":"https:\/\/biogroupvietnam.com\/vi\/wp-json\/wp\/v2\/types\/product"}],"replies":[{"embeddable":true,"href":"https:\/\/biogroupvietnam.com\/vi\/wp-json\/wp\/v2\/comments?post=3636"}],"version-history":[{"count":3,"href":"https:\/\/biogroupvietnam.com\/vi\/wp-json\/wp\/v2\/product\/3636\/revisions"}],"predecessor-version":[{"id":8126,"href":"https:\/\/biogroupvietnam.com\/vi\/wp-json\/wp\/v2\/product\/3636\/revisions\/8126"}],"wp:featuredmedia":[{"embeddable":true,"href":"https:\/\/biogroupvietnam.com\/vi\/wp-json\/wp\/v2\/media\/5132"}],"wp:attachment":[{"href":"https:\/\/biogroupvietnam.com\/vi\/wp-json\/wp\/v2\/media?parent=3636"}],"wp:term":[{"taxonomy":"product_brand","embeddable":true,"href":"https:\/\/biogroupvietnam.com\/vi\/wp-json\/wp\/v2\/product_brand?post=3636"},{"taxonomy":"product_cat","embeddable":true,"href":"https:\/\/biogroupvietnam.com\/vi\/wp-json\/wp\/v2\/product_cat?post=3636"},{"taxonomy":"product_tag","embeddable":true,"href":"https:\/\/biogroupvietnam.com\/vi\/wp-json\/wp\/v2\/product_tag?post=3636"}],"curies":[{"name":"wp","href":"https:\/\/api.w.org\/{rel}","templated":true}]}}