{"id":3640,"date":"2025-08-18T19:51:50","date_gmt":"2025-08-18T12:51:50","guid":{"rendered":"http:\/\/biogroupvietnam-worldpress.local\/product\/import-placeholder-for-37\/"},"modified":"2026-02-04T17:43:55","modified_gmt":"2026-02-04T10:43:55","slug":"dung-cu-sealing-jig","status":"publish","type":"product","link":"https:\/\/biogroupvietnam.com\/vi\/san-pham\/dung-cu-sealing-jig\/","title":{"rendered":"D\u1ee5ng c\u1ee5 Sealing Jig"},"content":{"rendered":"<h2>S\u1eed d\u1ee5ng m\u00e1y h\u00e0n d\u00e2y cho t\u00fai m\u00e1u cu\u1ed1ng r\u1ed1n, v\u00e0\u00a0d\u1ee5ng c\u1ee5 Sealing Jig h\u1ed7 tr\u1ee3 h\u00e0n k\u00edn \u0111\u01a1n v\u1ecb m\u00e1u cu\u1ed1ng r\u1ed1n (\u0111\u01b0\u1ee3c ch\u1ee9a trong t\u00fai b\u1ea3o qu\u1ea3n \u0111\u00f4ng l\u1ea1nh t\u1ebf b\u00e0o) m\u1ed9t c\u00e1ch an to\u00e0n.<\/h2>\n<p style=\"text-align: center;\"><img fetchpriority=\"high\" decoding=\"async\" src=\"https:\/\/biogroupvietnam.com\/uploads\/m0GBYwN1Jwj21nDC2elplTlybpGdyrqik4DsuSyn.png\" alt=\"\" width=\"222\" height=\"260\" \/><\/p>\n<h3><strong>\u0110\u1eb7c \u0111i\u1ec3m d\u1ee5ng c\u1ee5 Sealing Jig:<\/strong><\/h3>\n<ul>\n<li>\u0110\u01b0\u1ee3c thi\u1ebft k\u1ebf \u0111\u1ec3 d\u00f9ng cho c\u00e1c lo\u1ea1i t\u00fai b\u1ea3o qu\u1ea3n \u0111\u00f4ng l\u1ea1nh t\u1ebf b\u00e0o (freezing bags) do Pall s\u1ea3n xu\u1ea5t (Thermogenesis ph\u00e2n ph\u1ed1i \u0111\u1ed9c quy\u1ec1n \u1edf khu v\u1ef1c Ch\u00e2u \u00e1 th\u00e1i b\u00ecnh d\u01b0\u01a1ng).<\/li>\n<li>\u0110\u1ecbnh v\u1ecb v\u1ecb tr\u00ed \u0111\u1ea7u h\u00e0n c\u1ee7a m\u00e1y m\u00e1y h\u00e0n d\u00e2y t\u00fai m\u00e1u cu\u1ed1ng r\u1ed1n m\u1ed9t c\u00e1ch ch\u00ednh x\u00e1c.<\/li>\n<li>B\u1ea3o v\u1ec7 c\u00e1c g\u00f3c t\u00fai l\u01b0u tr\u1eef \u0111\u00f4ng l\u1ea1nh t\u00ea b\u00e0o v\u00e0 ng\u0103n ng\u1eeba t\u1ebf b\u00e0o ho\u1ea1i t\u1eed (cell necrosis).<\/li>\n<li>\u0110\u01b0\u1ee3c thi\u1ebft k\u1ebf \u0111\u1ec3 ch\u1ed1ng cong.<\/li>\n<\/ul>\n","protected":false},"excerpt":{"rendered":"<p>S\u1eed d\u1ee5ng m\u00e1y h\u00e0n d\u00e2y cho t\u00fai m\u00e1u cu\u1ed1ng r\u1ed1n, v\u00e0\u00a0d\u1ee5ng c\u1ee5 Sealing Jig h\u1ed7 tr\u1ee3 h\u00e0n k\u00edn \u0111\u01a1n v\u1ecb m\u00e1u cu\u1ed1ng r\u1ed1n (\u0111\u01b0\u1ee3c ch\u1ee9a trong t\u00fai b\u1ea3o qu\u1ea3n \u0111\u00f4ng l\u1ea1nh t\u1ebf b\u00e0o) m\u1ed9t c\u00e1ch an to\u00e0n. \u0110\u1eb7c \u0111i\u1ec3m d\u1ee5ng c\u1ee5 Sealing Jig: \u0110\u01b0\u1ee3c thi\u1ebft k\u1ebf \u0111\u1ec3 d\u00f9ng cho c\u00e1c lo\u1ea1i t\u00fai b\u1ea3o qu\u1ea3n \u0111\u00f4ng<\/p>\n<div class=\"klb-readmore post-buttons\"><a class=\"button rounded primary\" href=\"https:\/\/biogroupvietnam.com\/vi\/san-pham\/dung-cu-sealing-jig\/\">Read More <i class=\"klbth-icon-right-arrow\"><\/i><\/a><\/div>\n","protected":false},"featured_media":8949,"comment_status":"closed","ping_status":"closed","template":"","meta":{"_acf_changed":false},"product_brand":[123],"product_cat":[84],"product_tag":[],"class_list":{"0":"post-3640","1":"product","2":"type-product","3":"status-publish","4":"has-post-thumbnail","6":"product_brand-genesisbps","7":"product_cat-thiet-bi-vat-tu-ho-tro","9":"first","10":"outofstock","11":"shipping-taxable","12":"product-type-simple"},"acf":[],"yoast_head":"<!-- This site is optimized with the Yoast SEO plugin v26.8 - https:\/\/yoast.com\/product\/yoast-seo-wordpress\/ -->\n<title>D\u1ee5ng c\u1ee5 Sealing Jig<\/title>\n<meta name=\"description\" content=\"D\u1ee5ng c\u1ee5 Sealing Jig h\u1ed7 tr\u1ee3 h\u00e0n k\u00edn \u0111\u01a1n v\u1ecb m\u00e1u cu\u1ed1ng r\u1ed1n (\u0111\u01b0\u1ee3c ch\u1ee9a trong t\u00fai b\u1ea3o qu\u1ea3n \u0111\u00f4ng l\u1ea1nh t\u1ebf b\u00e0o) m\u1ed9t c\u00e1ch an to\u00e0n.\" \/>\n<meta name=\"robots\" content=\"index, follow, max-snippet:-1, max-image-preview:large, max-video-preview:-1\" \/>\n<link rel=\"canonical\" href=\"https:\/\/biogroupvietnam.com\/vi\/san-pham\/dung-cu-sealing-jig\/\" \/>\n<meta property=\"og:locale\" content=\"vi_VN\" \/>\n<meta property=\"og:type\" content=\"article\" \/>\n<meta property=\"og:title\" content=\"D\u1ee5ng c\u1ee5 Sealing Jig\" \/>\n<meta property=\"og:description\" content=\"D\u1ee5ng c\u1ee5 Sealing Jig h\u1ed7 tr\u1ee3 h\u00e0n k\u00edn \u0111\u01a1n v\u1ecb m\u00e1u cu\u1ed1ng r\u1ed1n (\u0111\u01b0\u1ee3c ch\u1ee9a trong t\u00fai b\u1ea3o qu\u1ea3n \u0111\u00f4ng l\u1ea1nh t\u1ebf b\u00e0o) m\u1ed9t c\u00e1ch an to\u00e0n.\" \/>\n<meta property=\"og:url\" content=\"https:\/\/biogroupvietnam.com\/vi\/san-pham\/dung-cu-sealing-jig\/\" \/>\n<meta property=\"og:site_name\" content=\"Biogroup Vietnam\" \/>\n<meta property=\"article:modified_time\" content=\"2026-02-04T10:43:55+00:00\" \/>\n<meta property=\"og:image\" content=\"https:\/\/biogroupvietnam.com\/wp-content\/uploads\/2025\/08\/Sealing-Jig.jpg\" \/>\n\t<meta property=\"og:image:width\" content=\"1640\" \/>\n\t<meta property=\"og:image:height\" content=\"1260\" \/>\n\t<meta property=\"og:image:type\" content=\"image\/jpeg\" \/>\n<meta name=\"twitter:card\" content=\"summary_large_image\" \/>\n<meta name=\"twitter:label1\" content=\"\u01af\u1edbc t\u00ednh th\u1eddi gian \u0111\u1ecdc\" \/>\n\t<meta name=\"twitter:data1\" content=\"2 ph\u00fat\" \/>\n<script type=\"application\/ld+json\" class=\"yoast-schema-graph\">{\"@context\":\"https:\/\/schema.org\",\"@graph\":[{\"@type\":\"WebPage\",\"@id\":\"https:\/\/biogroupvietnam.com\/vi\/san-pham\/dung-cu-sealing-jig\/\",\"url\":\"https:\/\/biogroupvietnam.com\/vi\/san-pham\/dung-cu-sealing-jig\/\",\"name\":\"D\u1ee5ng c\u1ee5 Sealing Jig\",\"isPartOf\":{\"@id\":\"https:\/\/biogroupvietnam.com\/vi\/#website\"},\"primaryImageOfPage\":{\"@id\":\"https:\/\/biogroupvietnam.com\/vi\/san-pham\/dung-cu-sealing-jig\/#primaryimage\"},\"image\":{\"@id\":\"https:\/\/biogroupvietnam.com\/vi\/san-pham\/dung-cu-sealing-jig\/#primaryimage\"},\"thumbnailUrl\":\"https:\/\/biogroupvietnam.com\/wp-content\/uploads\/2025\/08\/Sealing-Jig.jpg\",\"datePublished\":\"2025-08-18T12:51:50+00:00\",\"dateModified\":\"2026-02-04T10:43:55+00:00\",\"description\":\"D\u1ee5ng c\u1ee5 Sealing Jig h\u1ed7 tr\u1ee3 h\u00e0n k\u00edn \u0111\u01a1n v\u1ecb m\u00e1u cu\u1ed1ng r\u1ed1n (\u0111\u01b0\u1ee3c ch\u1ee9a trong t\u00fai b\u1ea3o qu\u1ea3n \u0111\u00f4ng l\u1ea1nh t\u1ebf b\u00e0o) m\u1ed9t c\u00e1ch an to\u00e0n.\",\"breadcrumb\":{\"@id\":\"https:\/\/biogroupvietnam.com\/vi\/san-pham\/dung-cu-sealing-jig\/#breadcrumb\"},\"inLanguage\":\"vi\",\"potentialAction\":[{\"@type\":\"ReadAction\",\"target\":[\"https:\/\/biogroupvietnam.com\/vi\/san-pham\/dung-cu-sealing-jig\/\"]}]},{\"@type\":\"ImageObject\",\"inLanguage\":\"vi\",\"@id\":\"https:\/\/biogroupvietnam.com\/vi\/san-pham\/dung-cu-sealing-jig\/#primaryimage\",\"url\":\"https:\/\/biogroupvietnam.com\/wp-content\/uploads\/2025\/08\/Sealing-Jig.jpg\",\"contentUrl\":\"https:\/\/biogroupvietnam.com\/wp-content\/uploads\/2025\/08\/Sealing-Jig.jpg\",\"width\":1640,\"height\":1260},{\"@type\":\"BreadcrumbList\",\"@id\":\"https:\/\/biogroupvietnam.com\/vi\/san-pham\/dung-cu-sealing-jig\/#breadcrumb\",\"itemListElement\":[{\"@type\":\"ListItem\",\"position\":1,\"name\":\"Trang ch\u1ee7\",\"item\":\"https:\/\/biogroupvietnam.com\/vi\/\"},{\"@type\":\"ListItem\",\"position\":2,\"name\":\"S\u1ea3n ph\u1ea9m\",\"item\":\"https:\/\/biogroupvietnam.com\/vi\/san-pham\/\"},{\"@type\":\"ListItem\",\"position\":3,\"name\":\"X\u1eed L\u00fd T\u1ebf B\u00e0o\",\"item\":\"https:\/\/biogroupvietnam.com\/vi\/danh-muc-san-pham\/xu-ly-te-bao\/\"},{\"@type\":\"ListItem\",\"position\":4,\"name\":\"Thi\u1ebft B\u1ecb &amp; V\u1eadt T\u01b0 H\u1ed7 Tr\u1ee3\",\"item\":\"https:\/\/biogroupvietnam.com\/vi\/danh-muc-san-pham\/thiet-bi-vat-tu-ho-tro\/\"},{\"@type\":\"ListItem\",\"position\":5,\"name\":\"D\u1ee5ng c\u1ee5 Sealing Jig\"}]},{\"@type\":\"WebSite\",\"@id\":\"https:\/\/biogroupvietnam.com\/vi\/#website\",\"url\":\"https:\/\/biogroupvietnam.com\/vi\/\",\"name\":\"Biogroup Vietnam\",\"description\":\"Biogroup Vietnam cung c\u1ea5p d\u1ecbch v\u1ee5 k\u1ef9 thu\u1eadt c\u00f9ng thi\u1ebft b\u1ecb, v\u1eadt t\u01b0, h\u00f3a ch\u1ea5t v\u00e0 gi\u1ea3i ph\u00e1p sinh h\u1ecdc cho ph\u00f2ng th\u00ed nghi\u1ec7m c\u00f4ng ngh\u1ec7 sinh h\u1ecdc, y sinh v\u00e0 y h\u1ecdc t\u00e1i t\u1ea1o.\",\"potentialAction\":[{\"@type\":\"SearchAction\",\"target\":{\"@type\":\"EntryPoint\",\"urlTemplate\":\"https:\/\/biogroupvietnam.com\/vi\/?s={search_term_string}\"},\"query-input\":{\"@type\":\"PropertyValueSpecification\",\"valueRequired\":true,\"valueName\":\"search_term_string\"}}],\"inLanguage\":\"vi\"}]}<\/script>\n<!-- \/ Yoast SEO plugin. -->","yoast_head_json":{"title":"D\u1ee5ng c\u1ee5 Sealing Jig","description":"D\u1ee5ng c\u1ee5 Sealing Jig h\u1ed7 tr\u1ee3 h\u00e0n k\u00edn \u0111\u01a1n v\u1ecb m\u00e1u cu\u1ed1ng r\u1ed1n (\u0111\u01b0\u1ee3c ch\u1ee9a trong t\u00fai b\u1ea3o qu\u1ea3n \u0111\u00f4ng l\u1ea1nh t\u1ebf b\u00e0o) m\u1ed9t c\u00e1ch an to\u00e0n.","robots":{"index":"index","follow":"follow","max-snippet":"max-snippet:-1","max-image-preview":"max-image-preview:large","max-video-preview":"max-video-preview:-1"},"canonical":"https:\/\/biogroupvietnam.com\/vi\/san-pham\/dung-cu-sealing-jig\/","og_locale":"vi_VN","og_type":"article","og_title":"D\u1ee5ng c\u1ee5 Sealing Jig","og_description":"D\u1ee5ng c\u1ee5 Sealing Jig h\u1ed7 tr\u1ee3 h\u00e0n k\u00edn \u0111\u01a1n v\u1ecb m\u00e1u cu\u1ed1ng r\u1ed1n (\u0111\u01b0\u1ee3c ch\u1ee9a trong t\u00fai b\u1ea3o qu\u1ea3n \u0111\u00f4ng l\u1ea1nh t\u1ebf b\u00e0o) m\u1ed9t c\u00e1ch an to\u00e0n.","og_url":"https:\/\/biogroupvietnam.com\/vi\/san-pham\/dung-cu-sealing-jig\/","og_site_name":"Biogroup Vietnam","article_modified_time":"2026-02-04T10:43:55+00:00","og_image":[{"width":1640,"height":1260,"url":"https:\/\/biogroupvietnam.com\/wp-content\/uploads\/2025\/08\/Sealing-Jig.jpg","type":"image\/jpeg"}],"twitter_card":"summary_large_image","twitter_misc":{"\u01af\u1edbc t\u00ednh th\u1eddi gian \u0111\u1ecdc":"2 ph\u00fat"},"schema":{"@context":"https:\/\/schema.org","@graph":[{"@type":"WebPage","@id":"https:\/\/biogroupvietnam.com\/vi\/san-pham\/dung-cu-sealing-jig\/","url":"https:\/\/biogroupvietnam.com\/vi\/san-pham\/dung-cu-sealing-jig\/","name":"D\u1ee5ng c\u1ee5 Sealing Jig","isPartOf":{"@id":"https:\/\/biogroupvietnam.com\/vi\/#website"},"primaryImageOfPage":{"@id":"https:\/\/biogroupvietnam.com\/vi\/san-pham\/dung-cu-sealing-jig\/#primaryimage"},"image":{"@id":"https:\/\/biogroupvietnam.com\/vi\/san-pham\/dung-cu-sealing-jig\/#primaryimage"},"thumbnailUrl":"https:\/\/biogroupvietnam.com\/wp-content\/uploads\/2025\/08\/Sealing-Jig.jpg","datePublished":"2025-08-18T12:51:50+00:00","dateModified":"2026-02-04T10:43:55+00:00","description":"D\u1ee5ng c\u1ee5 Sealing Jig h\u1ed7 tr\u1ee3 h\u00e0n k\u00edn \u0111\u01a1n v\u1ecb m\u00e1u cu\u1ed1ng r\u1ed1n (\u0111\u01b0\u1ee3c ch\u1ee9a trong t\u00fai b\u1ea3o qu\u1ea3n \u0111\u00f4ng l\u1ea1nh t\u1ebf b\u00e0o) m\u1ed9t c\u00e1ch an to\u00e0n.","breadcrumb":{"@id":"https:\/\/biogroupvietnam.com\/vi\/san-pham\/dung-cu-sealing-jig\/#breadcrumb"},"inLanguage":"vi","potentialAction":[{"@type":"ReadAction","target":["https:\/\/biogroupvietnam.com\/vi\/san-pham\/dung-cu-sealing-jig\/"]}]},{"@type":"ImageObject","inLanguage":"vi","@id":"https:\/\/biogroupvietnam.com\/vi\/san-pham\/dung-cu-sealing-jig\/#primaryimage","url":"https:\/\/biogroupvietnam.com\/wp-content\/uploads\/2025\/08\/Sealing-Jig.jpg","contentUrl":"https:\/\/biogroupvietnam.com\/wp-content\/uploads\/2025\/08\/Sealing-Jig.jpg","width":1640,"height":1260},{"@type":"BreadcrumbList","@id":"https:\/\/biogroupvietnam.com\/vi\/san-pham\/dung-cu-sealing-jig\/#breadcrumb","itemListElement":[{"@type":"ListItem","position":1,"name":"Trang ch\u1ee7","item":"https:\/\/biogroupvietnam.com\/vi\/"},{"@type":"ListItem","position":2,"name":"S\u1ea3n ph\u1ea9m","item":"https:\/\/biogroupvietnam.com\/vi\/san-pham\/"},{"@type":"ListItem","position":3,"name":"X\u1eed L\u00fd T\u1ebf B\u00e0o","item":"https:\/\/biogroupvietnam.com\/vi\/danh-muc-san-pham\/xu-ly-te-bao\/"},{"@type":"ListItem","position":4,"name":"Thi\u1ebft B\u1ecb &amp; V\u1eadt T\u01b0 H\u1ed7 Tr\u1ee3","item":"https:\/\/biogroupvietnam.com\/vi\/danh-muc-san-pham\/thiet-bi-vat-tu-ho-tro\/"},{"@type":"ListItem","position":5,"name":"D\u1ee5ng c\u1ee5 Sealing Jig"}]},{"@type":"WebSite","@id":"https:\/\/biogroupvietnam.com\/vi\/#website","url":"https:\/\/biogroupvietnam.com\/vi\/","name":"Biogroup Vietnam","description":"Biogroup Vietnam cung c\u1ea5p d\u1ecbch v\u1ee5 k\u1ef9 thu\u1eadt c\u00f9ng thi\u1ebft b\u1ecb, v\u1eadt t\u01b0, h\u00f3a ch\u1ea5t v\u00e0 gi\u1ea3i ph\u00e1p sinh h\u1ecdc cho ph\u00f2ng th\u00ed nghi\u1ec7m c\u00f4ng ngh\u1ec7 sinh h\u1ecdc, y sinh v\u00e0 y h\u1ecdc t\u00e1i t\u1ea1o.","potentialAction":[{"@type":"SearchAction","target":{"@type":"EntryPoint","urlTemplate":"https:\/\/biogroupvietnam.com\/vi\/?s={search_term_string}"},"query-input":{"@type":"PropertyValueSpecification","valueRequired":true,"valueName":"search_term_string"}}],"inLanguage":"vi"}]}},"_links":{"self":[{"href":"https:\/\/biogroupvietnam.com\/vi\/wp-json\/wp\/v2\/product\/3640","targetHints":{"allow":["GET"]}}],"collection":[{"href":"https:\/\/biogroupvietnam.com\/vi\/wp-json\/wp\/v2\/product"}],"about":[{"href":"https:\/\/biogroupvietnam.com\/vi\/wp-json\/wp\/v2\/types\/product"}],"replies":[{"embeddable":true,"href":"https:\/\/biogroupvietnam.com\/vi\/wp-json\/wp\/v2\/comments?post=3640"}],"version-history":[{"count":6,"href":"https:\/\/biogroupvietnam.com\/vi\/wp-json\/wp\/v2\/product\/3640\/revisions"}],"predecessor-version":[{"id":9766,"href":"https:\/\/biogroupvietnam.com\/vi\/wp-json\/wp\/v2\/product\/3640\/revisions\/9766"}],"wp:featuredmedia":[{"embeddable":true,"href":"https:\/\/biogroupvietnam.com\/vi\/wp-json\/wp\/v2\/media\/8949"}],"wp:attachment":[{"href":"https:\/\/biogroupvietnam.com\/vi\/wp-json\/wp\/v2\/media?parent=3640"}],"wp:term":[{"taxonomy":"product_brand","embeddable":true,"href":"https:\/\/biogroupvietnam.com\/vi\/wp-json\/wp\/v2\/product_brand?post=3640"},{"taxonomy":"product_cat","embeddable":true,"href":"https:\/\/biogroupvietnam.com\/vi\/wp-json\/wp\/v2\/product_cat?post=3640"},{"taxonomy":"product_tag","embeddable":true,"href":"https:\/\/biogroupvietnam.com\/vi\/wp-json\/wp\/v2\/product_tag?post=3640"}],"curies":[{"name":"wp","href":"https:\/\/api.w.org\/{rel}","templated":true}]}}