{"id":3642,"date":"2025-08-18T19:51:50","date_gmt":"2025-08-18T12:51:50","guid":{"rendered":"http:\/\/biogroupvietnam-worldpress.local\/product\/import-placeholder-for-39\/"},"modified":"2026-02-23T13:04:34","modified_gmt":"2026-02-23T06:04:34","slug":"tui-cryostore-nhieu-ngan","status":"publish","type":"product","link":"https:\/\/biogroupvietnam.com\/vi\/san-pham\/tui-cryostore-nhieu-ngan\/","title":{"rendered":"T\u00fai CryoStore Nhi\u1ec1u Ng\u0103n B\u1ea3o Qu\u1ea3n T\u1ebf B\u00e0o \u0110\u00f4ng L\u1ea1nh"},"content":{"rendered":"<h2>T\u00fai CryoStore nhi\u1ec1u ng\u0103n \u0111\u01b0\u1ee3c thi\u1ebft k\u1ebf \u0111\u1ec3 ch\u1ee9a t\u1ebf b\u00e0o v\u00e0 c\u00e1c th\u00e0nh ph\u1ea7n m\u00e1u \u1edf \u0111i\u1ec1u ki\u1ec7n b\u1ea3o qu\u1ea3n \u0111\u00f4ng s\u00e2u. T\u00fai CryoStore nhi\u1ec1u ng\u0103n ch\u1ec9 \u0111\u01b0\u1ee3c s\u1eed d\u1ee5ng 1 l\u1ea7n.<\/h2>\n<p><strong>M\u1ee5c \u0111\u00edch s\u1eed d\u1ee5ng:<\/strong> T\u00fai CryoStore nhi\u1ec1u ng\u0103n \u0111\u01b0\u1ee3c thi\u1ebft k\u1ebf \u0111\u1ec3 ch\u1ee9a t\u1ebf b\u00e0o, c\u00e1c th\u00e0nh ph\u1ea7n m\u00e1u \u1edf \u0111i\u1ec1u ki\u1ec7n \u0111\u00f4ng l\u1ea1nh -196\u00b0C.<\/p>\n<p><strong>\u0110\u1ea1t ch\u1ee9ng nh\u1eadn ch\u1ea5t l\u01b0\u1ee3ng<\/strong>: FDA, CE, ISO 13485.<\/p>\n<h3><strong>\u0110\u1eb7c \u0111i\u1ec3m v\u00e0 ti\u1ec7n \u00edch c\u1ee7a t\u00fai CryoStore nhi\u1ec1u ng\u0103n<\/strong><\/h3>\n<h4><strong>C\u00f3 t\u1eebng ng\u0103n ri\u00eang bi\u1ec7t<\/strong><\/h4>\n<p>Nhi\u1ec1u ng\u0103n \u0111\u01b0\u1ee3c b\u01a1m dung d\u1ecbch t\u1ebf b\u00e0o c\u00f9ng l\u00fac qua \u0111\u01b0\u1eddng d\u1eabn n\u1eb1m \u1edf \u0111\u00e1y t\u00fai. Vi\u1ec7c t\u00e1ch c\u00e1c ng\u0103n 4-6ml ri\u00eang l\u1ebb cho ph\u00e9p th\u1ef1c hi\u1ec7n nhi\u1ec1u \u1ee9ng d\u1ee5ng sau r\u00e3 \u0111\u00f4ng.<\/p>\n<h4><strong>Thi\u1ebft k\u1ebf \u0111\u01b0\u1ee3c l\u1ea5y c\u1ea3m h\u1ee9ng t\u1eeb ng\u01b0\u1eddi s\u1eed d\u1ee5ng<\/strong><\/h4>\n<p>B\u1ed9 \u1ed1ng c\u1ee7a t\u00fai c\u00f3 s\u1eb5n c\u00e1c c\u1ed5ng luer b\u01a1m m\u1eabu t\u1ebf b\u00e0o kh\u00f4ng d\u00f9ng kim \u0111\u1ec3 lo\u1ea1i tr\u1eeb kh\u1ea3 n\u0103ng b\u1ecb d\u00ednh kim trong qu\u00e1 tr\u00ecnh x\u1eed l\u00fd. B\u1ed9 \u1ed1ng c\u00f3 m\u1ed9t \u1ed1ng b\u01a1m \u0111i k\u00e8m \u0111\u1ec3 lo\u1ea1i b\u1ecf kh\u00ed tr\u01b0\u1edbc khi b\u01a1m ch\u1ea5t l\u1ecfng v\u00e0o t\u00fai b\u1ea3o qu\u1ea3n t\u1ebf b\u00e0o.<\/p>\n<p>L\u00e0m b\u1eb1ng v\u1eadt li\u1ec7u EVA (Ethyl vinyl axetat), b\u1ec1n v\u00e0 an to\u00e0n trong b\u1ea3o qu\u1ea3n \u0111\u00f4ng s\u00e2u t\u1ebf b\u00e0o, t\u1ebf b\u00e0o g\u1ed1c, c\u00e1c th\u00e0nh ph\u1ea7n m\u00e1u.<\/p>\n<h4><strong>Truy xu\u1ea5t ngu\u1ed3n g\u1ed1c<\/strong><\/h4>\n<p>M\u1ed7i ng\u0103n c\u1ee7a t\u00fai b\u1ea3o qu\u1ea3n \u0111\u01b0\u1ee3c in m\u00e3 s\u1ed1 ri\u00eang \u0111\u1ec3 d\u1ec5 nh\u1eadn bi\u1ebft. C\u00e1c m\u00e3 s\u1ed1 tr\u00ean c\u00e1c ng\u0103n tr\u00f9ng kh\u1edbp v\u1edbi m\u00e3 s\u1ed1 tr\u00ean b\u1ed9 \u1ed1ng nh\u1eb1m gi\u00fap vi\u1ec7c truy xu\u1ea5t ngu\u1ed3n g\u1ed1c \u0111\u01b0\u1ee3c \u0111\u1ea3m b\u1ea3o.<\/p>\n<h4><strong>Kh\u1ea3 n\u0103ng ch\u1ee9a t\u1ebf b\u00e0o<\/strong><\/h4>\n<p>M\u1ed7i ng\u0103n c\u00f3 th\u1ec3 ch\u1ee9a \u0111\u1ebfn 4-6 ml t\u1ebf b\u00e0o, t\u1ed5ng c\u1ed9ng c\u00f3 th\u1ec3 ch\u1ee9a \u0111\u1ebfn 30 mL t\u1ebf b\u00e0o (\u0111\u1ed1i v\u1edbi t\u00fai 5 ng\u0103n). C\u00f3 th\u1ec3 c\u00e2n nh\u1eafc b\u1ea3o qu\u1ea3n c\u00e1c s\u1ea3n ph\u1ea9m t\u1ebf b\u00e0o, m\u1eabu t\u1ebf b\u00e0o trong cassettes, thay v\u00ec s\u1eed d\u1ee5ng \u1ed1ng cryotube l\u01b0u tr\u1eef l\u1ea1nh ri\u00eang l\u1ebb.<\/p>\n<h3><strong>Th\u00f4ng tin k\u1ef9 thu\u1eadt t\u00fai CryoStore nhi\u1ec1u ng\u0103n &amp; \u0111\u1eb7t h\u00e0ng<\/strong><\/h3>\n<table style=\"height: 100px;\" width=\"451\">\n<tbody>\n<tr>\n<td width=\"71\"><strong>M\u00e3 h\u00e0ng<\/strong><\/td>\n<td width=\"86\"><strong>Chi\u1ec1u r\u1ed9ng <\/strong><strong>(cm)<\/strong><\/td>\n<td width=\"81\"><strong>Chi\u1ec1u cao <\/strong><strong>(cm)<\/strong><\/td>\n<td width=\"83\"><strong>Chi\u1ec1u s\u00e2u <\/strong><strong>(cm)<\/strong><\/td>\n<td width=\"91\"><strong>Quy c\u00e1ch<\/strong><\/td>\n<\/tr>\n<tr>\n<td style=\"text-align: center;\" width=\"71\">CS30M9<\/td>\n<td style=\"text-align: center;\" width=\"86\">10,4<\/td>\n<td style=\"text-align: center;\" width=\"81\">7,2<\/td>\n<td style=\"text-align: center;\" width=\"83\">0,9<\/td>\n<td width=\"91\">\n<p style=\"text-align: center;\">12 t\u00fai\/th\u00f9ng<\/p>\n<\/td>\n<\/tr>\n<\/tbody>\n<\/table>\n","protected":false},"excerpt":{"rendered":"<p>T\u00fai CryoStore nhi\u1ec1u ng\u0103n \u0111\u01b0\u1ee3c thi\u1ebft k\u1ebf \u0111\u1ec3 ch\u1ee9a t\u1ebf b\u00e0o v\u00e0 c\u00e1c th\u00e0nh ph\u1ea7n m\u00e1u \u1edf \u0111i\u1ec1u ki\u1ec7n b\u1ea3o qu\u1ea3n \u0111\u00f4ng s\u00e2u. T\u00fai CryoStore nhi\u1ec1u ng\u0103n ch\u1ec9 \u0111\u01b0\u1ee3c s\u1eed d\u1ee5ng 1 l\u1ea7n. M\u1ee5c \u0111\u00edch s\u1eed d\u1ee5ng: T\u00fai CryoStore nhi\u1ec1u ng\u0103n \u0111\u01b0\u1ee3c thi\u1ebft k\u1ebf \u0111\u1ec3 ch\u1ee9a t\u1ebf b\u00e0o, c\u00e1c th\u00e0nh ph\u1ea7n m\u00e1u \u1edf \u0111i\u1ec1u ki\u1ec7n<\/p>\n<div class=\"klb-readmore post-buttons\"><a class=\"button rounded primary\" href=\"https:\/\/biogroupvietnam.com\/vi\/san-pham\/tui-cryostore-nhieu-ngan\/\">Read More <i class=\"klbth-icon-right-arrow\"><\/i><\/a><\/div>\n","protected":false},"featured_media":8993,"comment_status":"closed","ping_status":"closed","template":"","meta":{"_acf_changed":false},"product_brand":[124],"product_cat":[83],"product_tag":[],"class_list":{"0":"post-3642","1":"product","2":"type-product","3":"status-publish","4":"has-post-thumbnail","6":"product_brand-origen-biomedical","7":"product_cat-tui-luu-tru-te-bao-goc-cac-thanh-phan-mau","9":"first","10":"outofstock","11":"shipping-taxable","12":"product-type-simple"},"acf":[],"yoast_head":"<!-- This site is optimized with the Yoast SEO plugin v26.8 - https:\/\/yoast.com\/product\/yoast-seo-wordpress\/ -->\n<title>T\u00fai CryoStore Nhi\u1ec1u Ng\u0103n B\u1ea3o Qu\u1ea3n T\u1ebf B\u00e0o \u0110\u00f4ng L\u1ea1nh<\/title>\n<meta name=\"description\" content=\"T\u00fai CryoStore nhi\u1ec1u ng\u0103n \u0111\u01b0\u1ee3c thi\u1ebft k\u1ebf \u0111\u1ec3 ch\u1ee9a t\u1ebf b\u00e0o v\u00e0 c\u00e1c th\u00e0nh ph\u1ea7n m\u00e1u \u1edf \u0111i\u1ec1u ki\u1ec7n b\u1ea3o qu\u1ea3n \u0111\u00f4ng s\u00e2u. T\u00fai ch\u1ec9 \u0111\u01b0\u1ee3c s\u1eed d\u1ee5ng 1 l\u1ea7n.\" \/>\n<meta name=\"robots\" content=\"index, follow, max-snippet:-1, max-image-preview:large, max-video-preview:-1\" \/>\n<link rel=\"canonical\" href=\"https:\/\/biogroupvietnam.com\/vi\/san-pham\/tui-cryostore-nhieu-ngan\/\" \/>\n<meta property=\"og:locale\" content=\"vi_VN\" \/>\n<meta property=\"og:type\" content=\"article\" \/>\n<meta property=\"og:title\" content=\"T\u00fai CryoStore Nhi\u1ec1u Ng\u0103n B\u1ea3o Qu\u1ea3n T\u1ebf B\u00e0o \u0110\u00f4ng L\u1ea1nh\" \/>\n<meta property=\"og:description\" content=\"T\u00fai CryoStore nhi\u1ec1u ng\u0103n \u0111\u01b0\u1ee3c thi\u1ebft k\u1ebf \u0111\u1ec3 ch\u1ee9a t\u1ebf b\u00e0o v\u00e0 c\u00e1c th\u00e0nh ph\u1ea7n m\u00e1u \u1edf \u0111i\u1ec1u ki\u1ec7n b\u1ea3o qu\u1ea3n \u0111\u00f4ng s\u00e2u. T\u00fai ch\u1ec9 \u0111\u01b0\u1ee3c s\u1eed d\u1ee5ng 1 l\u1ea7n.\" \/>\n<meta property=\"og:url\" content=\"https:\/\/biogroupvietnam.com\/vi\/san-pham\/tui-cryostore-nhieu-ngan\/\" \/>\n<meta property=\"og:site_name\" content=\"Biogroup Vietnam\" \/>\n<meta property=\"article:modified_time\" content=\"2026-02-23T06:04:34+00:00\" \/>\n<meta property=\"og:image\" content=\"https:\/\/biogroupvietnam.com\/wp-content\/uploads\/2025\/08\/CryoStore-Multi-Chamber-Bag.jpg\" \/>\n\t<meta property=\"og:image:width\" content=\"1640\" \/>\n\t<meta property=\"og:image:height\" content=\"1260\" \/>\n\t<meta property=\"og:image:type\" content=\"image\/jpeg\" \/>\n<meta name=\"twitter:card\" content=\"summary_large_image\" \/>\n<meta name=\"twitter:label1\" content=\"\u01af\u1edbc t\u00ednh th\u1eddi gian \u0111\u1ecdc\" \/>\n\t<meta name=\"twitter:data1\" content=\"3 ph\u00fat\" \/>\n<script type=\"application\/ld+json\" class=\"yoast-schema-graph\">{\"@context\":\"https:\/\/schema.org\",\"@graph\":[{\"@type\":\"WebPage\",\"@id\":\"https:\/\/biogroupvietnam.com\/vi\/san-pham\/tui-cryostore-nhieu-ngan\/\",\"url\":\"https:\/\/biogroupvietnam.com\/vi\/san-pham\/tui-cryostore-nhieu-ngan\/\",\"name\":\"T\u00fai CryoStore Nhi\u1ec1u Ng\u0103n B\u1ea3o Qu\u1ea3n T\u1ebf B\u00e0o \u0110\u00f4ng L\u1ea1nh\",\"isPartOf\":{\"@id\":\"https:\/\/biogroupvietnam.com\/vi\/#website\"},\"primaryImageOfPage\":{\"@id\":\"https:\/\/biogroupvietnam.com\/vi\/san-pham\/tui-cryostore-nhieu-ngan\/#primaryimage\"},\"image\":{\"@id\":\"https:\/\/biogroupvietnam.com\/vi\/san-pham\/tui-cryostore-nhieu-ngan\/#primaryimage\"},\"thumbnailUrl\":\"https:\/\/biogroupvietnam.com\/wp-content\/uploads\/2025\/08\/CryoStore-Multi-Chamber-Bag.jpg\",\"datePublished\":\"2025-08-18T12:51:50+00:00\",\"dateModified\":\"2026-02-23T06:04:34+00:00\",\"description\":\"T\u00fai CryoStore nhi\u1ec1u ng\u0103n \u0111\u01b0\u1ee3c thi\u1ebft k\u1ebf \u0111\u1ec3 ch\u1ee9a t\u1ebf b\u00e0o v\u00e0 c\u00e1c th\u00e0nh ph\u1ea7n m\u00e1u \u1edf \u0111i\u1ec1u ki\u1ec7n b\u1ea3o qu\u1ea3n \u0111\u00f4ng s\u00e2u. T\u00fai ch\u1ec9 \u0111\u01b0\u1ee3c s\u1eed d\u1ee5ng 1 l\u1ea7n.\",\"breadcrumb\":{\"@id\":\"https:\/\/biogroupvietnam.com\/vi\/san-pham\/tui-cryostore-nhieu-ngan\/#breadcrumb\"},\"inLanguage\":\"vi\",\"potentialAction\":[{\"@type\":\"ReadAction\",\"target\":[\"https:\/\/biogroupvietnam.com\/vi\/san-pham\/tui-cryostore-nhieu-ngan\/\"]}]},{\"@type\":\"ImageObject\",\"inLanguage\":\"vi\",\"@id\":\"https:\/\/biogroupvietnam.com\/vi\/san-pham\/tui-cryostore-nhieu-ngan\/#primaryimage\",\"url\":\"https:\/\/biogroupvietnam.com\/wp-content\/uploads\/2025\/08\/CryoStore-Multi-Chamber-Bag.jpg\",\"contentUrl\":\"https:\/\/biogroupvietnam.com\/wp-content\/uploads\/2025\/08\/CryoStore-Multi-Chamber-Bag.jpg\",\"width\":1640,\"height\":1260},{\"@type\":\"BreadcrumbList\",\"@id\":\"https:\/\/biogroupvietnam.com\/vi\/san-pham\/tui-cryostore-nhieu-ngan\/#breadcrumb\",\"itemListElement\":[{\"@type\":\"ListItem\",\"position\":1,\"name\":\"Trang ch\u1ee7\",\"item\":\"https:\/\/biogroupvietnam.com\/vi\/\"},{\"@type\":\"ListItem\",\"position\":2,\"name\":\"S\u1ea3n ph\u1ea9m\",\"item\":\"https:\/\/biogroupvietnam.com\/vi\/san-pham\/\"},{\"@type\":\"ListItem\",\"position\":3,\"name\":\"X\u1eed L\u00fd T\u1ebf B\u00e0o\",\"item\":\"https:\/\/biogroupvietnam.com\/vi\/danh-muc-san-pham\/xu-ly-te-bao\/\"},{\"@type\":\"ListItem\",\"position\":4,\"name\":\"T\u00fai L\u01b0u Tr\u1eef T\u1ebf B\u00e0o G\u1ed1c, C\u00e1c Th\u00e0nh Ph\u1ea7n M\u00e1u\",\"item\":\"https:\/\/biogroupvietnam.com\/vi\/danh-muc-san-pham\/tui-luu-tru-te-bao-goc-cac-thanh-phan-mau\/\"},{\"@type\":\"ListItem\",\"position\":5,\"name\":\"T\u00fai CryoStore Nhi\u1ec1u Ng\u0103n B\u1ea3o Qu\u1ea3n T\u1ebf B\u00e0o \u0110\u00f4ng L\u1ea1nh\"}]},{\"@type\":\"WebSite\",\"@id\":\"https:\/\/biogroupvietnam.com\/vi\/#website\",\"url\":\"https:\/\/biogroupvietnam.com\/vi\/\",\"name\":\"Biogroup Vietnam\",\"description\":\"Biogroup Vietnam cung c\u1ea5p d\u1ecbch v\u1ee5 k\u1ef9 thu\u1eadt c\u00f9ng thi\u1ebft b\u1ecb, v\u1eadt t\u01b0, h\u00f3a ch\u1ea5t v\u00e0 gi\u1ea3i ph\u00e1p sinh h\u1ecdc cho ph\u00f2ng th\u00ed nghi\u1ec7m c\u00f4ng ngh\u1ec7 sinh h\u1ecdc, y sinh v\u00e0 y h\u1ecdc t\u00e1i t\u1ea1o.\",\"potentialAction\":[{\"@type\":\"SearchAction\",\"target\":{\"@type\":\"EntryPoint\",\"urlTemplate\":\"https:\/\/biogroupvietnam.com\/vi\/?s={search_term_string}\"},\"query-input\":{\"@type\":\"PropertyValueSpecification\",\"valueRequired\":true,\"valueName\":\"search_term_string\"}}],\"inLanguage\":\"vi\"}]}<\/script>\n<!-- \/ Yoast SEO plugin. -->","yoast_head_json":{"title":"T\u00fai CryoStore Nhi\u1ec1u Ng\u0103n B\u1ea3o Qu\u1ea3n T\u1ebf B\u00e0o \u0110\u00f4ng L\u1ea1nh","description":"T\u00fai CryoStore nhi\u1ec1u ng\u0103n \u0111\u01b0\u1ee3c thi\u1ebft k\u1ebf \u0111\u1ec3 ch\u1ee9a t\u1ebf b\u00e0o v\u00e0 c\u00e1c th\u00e0nh ph\u1ea7n m\u00e1u \u1edf \u0111i\u1ec1u ki\u1ec7n b\u1ea3o qu\u1ea3n \u0111\u00f4ng s\u00e2u. T\u00fai ch\u1ec9 \u0111\u01b0\u1ee3c s\u1eed d\u1ee5ng 1 l\u1ea7n.","robots":{"index":"index","follow":"follow","max-snippet":"max-snippet:-1","max-image-preview":"max-image-preview:large","max-video-preview":"max-video-preview:-1"},"canonical":"https:\/\/biogroupvietnam.com\/vi\/san-pham\/tui-cryostore-nhieu-ngan\/","og_locale":"vi_VN","og_type":"article","og_title":"T\u00fai CryoStore Nhi\u1ec1u Ng\u0103n B\u1ea3o Qu\u1ea3n T\u1ebf B\u00e0o \u0110\u00f4ng L\u1ea1nh","og_description":"T\u00fai CryoStore nhi\u1ec1u ng\u0103n \u0111\u01b0\u1ee3c thi\u1ebft k\u1ebf \u0111\u1ec3 ch\u1ee9a t\u1ebf b\u00e0o v\u00e0 c\u00e1c th\u00e0nh ph\u1ea7n m\u00e1u \u1edf \u0111i\u1ec1u ki\u1ec7n b\u1ea3o qu\u1ea3n \u0111\u00f4ng s\u00e2u. T\u00fai ch\u1ec9 \u0111\u01b0\u1ee3c s\u1eed d\u1ee5ng 1 l\u1ea7n.","og_url":"https:\/\/biogroupvietnam.com\/vi\/san-pham\/tui-cryostore-nhieu-ngan\/","og_site_name":"Biogroup Vietnam","article_modified_time":"2026-02-23T06:04:34+00:00","og_image":[{"width":1640,"height":1260,"url":"https:\/\/biogroupvietnam.com\/wp-content\/uploads\/2025\/08\/CryoStore-Multi-Chamber-Bag.jpg","type":"image\/jpeg"}],"twitter_card":"summary_large_image","twitter_misc":{"\u01af\u1edbc t\u00ednh th\u1eddi gian \u0111\u1ecdc":"3 ph\u00fat"},"schema":{"@context":"https:\/\/schema.org","@graph":[{"@type":"WebPage","@id":"https:\/\/biogroupvietnam.com\/vi\/san-pham\/tui-cryostore-nhieu-ngan\/","url":"https:\/\/biogroupvietnam.com\/vi\/san-pham\/tui-cryostore-nhieu-ngan\/","name":"T\u00fai CryoStore Nhi\u1ec1u Ng\u0103n B\u1ea3o Qu\u1ea3n T\u1ebf B\u00e0o \u0110\u00f4ng L\u1ea1nh","isPartOf":{"@id":"https:\/\/biogroupvietnam.com\/vi\/#website"},"primaryImageOfPage":{"@id":"https:\/\/biogroupvietnam.com\/vi\/san-pham\/tui-cryostore-nhieu-ngan\/#primaryimage"},"image":{"@id":"https:\/\/biogroupvietnam.com\/vi\/san-pham\/tui-cryostore-nhieu-ngan\/#primaryimage"},"thumbnailUrl":"https:\/\/biogroupvietnam.com\/wp-content\/uploads\/2025\/08\/CryoStore-Multi-Chamber-Bag.jpg","datePublished":"2025-08-18T12:51:50+00:00","dateModified":"2026-02-23T06:04:34+00:00","description":"T\u00fai CryoStore nhi\u1ec1u ng\u0103n \u0111\u01b0\u1ee3c thi\u1ebft k\u1ebf \u0111\u1ec3 ch\u1ee9a t\u1ebf b\u00e0o v\u00e0 c\u00e1c th\u00e0nh ph\u1ea7n m\u00e1u \u1edf \u0111i\u1ec1u ki\u1ec7n b\u1ea3o qu\u1ea3n \u0111\u00f4ng s\u00e2u. T\u00fai ch\u1ec9 \u0111\u01b0\u1ee3c s\u1eed d\u1ee5ng 1 l\u1ea7n.","breadcrumb":{"@id":"https:\/\/biogroupvietnam.com\/vi\/san-pham\/tui-cryostore-nhieu-ngan\/#breadcrumb"},"inLanguage":"vi","potentialAction":[{"@type":"ReadAction","target":["https:\/\/biogroupvietnam.com\/vi\/san-pham\/tui-cryostore-nhieu-ngan\/"]}]},{"@type":"ImageObject","inLanguage":"vi","@id":"https:\/\/biogroupvietnam.com\/vi\/san-pham\/tui-cryostore-nhieu-ngan\/#primaryimage","url":"https:\/\/biogroupvietnam.com\/wp-content\/uploads\/2025\/08\/CryoStore-Multi-Chamber-Bag.jpg","contentUrl":"https:\/\/biogroupvietnam.com\/wp-content\/uploads\/2025\/08\/CryoStore-Multi-Chamber-Bag.jpg","width":1640,"height":1260},{"@type":"BreadcrumbList","@id":"https:\/\/biogroupvietnam.com\/vi\/san-pham\/tui-cryostore-nhieu-ngan\/#breadcrumb","itemListElement":[{"@type":"ListItem","position":1,"name":"Trang ch\u1ee7","item":"https:\/\/biogroupvietnam.com\/vi\/"},{"@type":"ListItem","position":2,"name":"S\u1ea3n ph\u1ea9m","item":"https:\/\/biogroupvietnam.com\/vi\/san-pham\/"},{"@type":"ListItem","position":3,"name":"X\u1eed L\u00fd T\u1ebf B\u00e0o","item":"https:\/\/biogroupvietnam.com\/vi\/danh-muc-san-pham\/xu-ly-te-bao\/"},{"@type":"ListItem","position":4,"name":"T\u00fai L\u01b0u Tr\u1eef T\u1ebf B\u00e0o G\u1ed1c, C\u00e1c Th\u00e0nh Ph\u1ea7n M\u00e1u","item":"https:\/\/biogroupvietnam.com\/vi\/danh-muc-san-pham\/tui-luu-tru-te-bao-goc-cac-thanh-phan-mau\/"},{"@type":"ListItem","position":5,"name":"T\u00fai CryoStore Nhi\u1ec1u Ng\u0103n B\u1ea3o Qu\u1ea3n T\u1ebf B\u00e0o \u0110\u00f4ng L\u1ea1nh"}]},{"@type":"WebSite","@id":"https:\/\/biogroupvietnam.com\/vi\/#website","url":"https:\/\/biogroupvietnam.com\/vi\/","name":"Biogroup Vietnam","description":"Biogroup Vietnam cung c\u1ea5p d\u1ecbch v\u1ee5 k\u1ef9 thu\u1eadt c\u00f9ng thi\u1ebft b\u1ecb, v\u1eadt t\u01b0, h\u00f3a ch\u1ea5t v\u00e0 gi\u1ea3i ph\u00e1p sinh h\u1ecdc cho ph\u00f2ng th\u00ed nghi\u1ec7m c\u00f4ng ngh\u1ec7 sinh h\u1ecdc, y sinh v\u00e0 y h\u1ecdc t\u00e1i t\u1ea1o.","potentialAction":[{"@type":"SearchAction","target":{"@type":"EntryPoint","urlTemplate":"https:\/\/biogroupvietnam.com\/vi\/?s={search_term_string}"},"query-input":{"@type":"PropertyValueSpecification","valueRequired":true,"valueName":"search_term_string"}}],"inLanguage":"vi"}]}},"_links":{"self":[{"href":"https:\/\/biogroupvietnam.com\/vi\/wp-json\/wp\/v2\/product\/3642","targetHints":{"allow":["GET"]}}],"collection":[{"href":"https:\/\/biogroupvietnam.com\/vi\/wp-json\/wp\/v2\/product"}],"about":[{"href":"https:\/\/biogroupvietnam.com\/vi\/wp-json\/wp\/v2\/types\/product"}],"replies":[{"embeddable":true,"href":"https:\/\/biogroupvietnam.com\/vi\/wp-json\/wp\/v2\/comments?post=3642"}],"version-history":[{"count":8,"href":"https:\/\/biogroupvietnam.com\/vi\/wp-json\/wp\/v2\/product\/3642\/revisions"}],"predecessor-version":[{"id":9861,"href":"https:\/\/biogroupvietnam.com\/vi\/wp-json\/wp\/v2\/product\/3642\/revisions\/9861"}],"wp:featuredmedia":[{"embeddable":true,"href":"https:\/\/biogroupvietnam.com\/vi\/wp-json\/wp\/v2\/media\/8993"}],"wp:attachment":[{"href":"https:\/\/biogroupvietnam.com\/vi\/wp-json\/wp\/v2\/media?parent=3642"}],"wp:term":[{"taxonomy":"product_brand","embeddable":true,"href":"https:\/\/biogroupvietnam.com\/vi\/wp-json\/wp\/v2\/product_brand?post=3642"},{"taxonomy":"product_cat","embeddable":true,"href":"https:\/\/biogroupvietnam.com\/vi\/wp-json\/wp\/v2\/product_cat?post=3642"},{"taxonomy":"product_tag","embeddable":true,"href":"https:\/\/biogroupvietnam.com\/vi\/wp-json\/wp\/v2\/product_tag?post=3642"}],"curies":[{"name":"wp","href":"https:\/\/api.w.org\/{rel}","templated":true}]}}