{"id":3643,"date":"2025-08-18T19:51:51","date_gmt":"2025-08-18T12:51:51","guid":{"rendered":"http:\/\/biogroupvietnam-worldpress.local\/product\/import-placeholder-for-40\/"},"modified":"2026-02-23T11:58:07","modified_gmt":"2026-02-23T04:58:07","slug":"tui-overwrap-bao-ve-tui-te-bao","status":"publish","type":"product","link":"https:\/\/biogroupvietnam.com\/vi\/san-pham\/tui-overwrap-bao-ve-tui-te-bao\/","title":{"rendered":"T\u00fai Bao Ngo\u00e0i O-Wrap\u00ae B\u1ea3o V\u1ec7 T\u00fai B\u1ea3o Qu\u1ea3n T\u1ebf B\u00e0o"},"content":{"rendered":"<h2>T\u00fai bao ngo\u00e0i O-Wrap\u00ae ch\u1ee9a t\u00fai CryoStore nh\u1eb1m b\u1ea3o v\u1ec7 t\u00fai t\u1ebf b\u00e0o an to\u00e0n trong qu\u00e1 tr\u00ecnh l\u01b0u tr\u1eef \u0111\u00f4ng s\u00e2u.<\/h2>\n<p><strong>M\u1ee5c \u0111\u00edch s\u1eed d\u1ee5ng<\/strong>: T\u00fai bao ngo\u00e0i O-Wrap\u00ae \u0111\u01b0\u1ee3c thi\u1ebft k\u1ebf \u0111\u1ec3 ch\u1ee9a c\u00e1c t\u00fai CryoStore b\u1ea3o qu\u1ea3n t\u1ebf b\u00e0o \u0111\u00f4ng l\u1ea1nh trong b\u00ecnh nit\u01a1 l\u01b0u tr\u1eef \u0111\u00f4ng l\u1ea1nh trong th\u1eddi gian d\u00e0i. Ch\u1ed1ng ch\u1ec9 \u0111\u1ecbnh cho c\u00e1c m\u1ee5c \u0111\u00edch s\u1eed d\u1ee5ng kh\u00e1c.<\/p>\n<p><strong>\u0110\u1ea1t ch\u1ee9ng nh\u1eadn ch\u1ea5t l\u01b0\u1ee3ng<\/strong>: CE.<\/p>\n<h3><strong>\u0110\u1eb7c \u0111i\u1ec3m v\u00e0 ti\u1ec7n \u00edch c\u1ee7a t\u00fai bao ngo\u00e0i O-Wrap\u00ae<\/strong><\/h3>\n<h4><strong>B\u1ea3o v\u1ec7 t\u00fai t\u1ebf b\u00e0o CryoStore<\/strong><\/h4>\n<p>T\u00fai bao ngo\u00e0i O-Wrap\u00ae cung c\u1ea5p th\u00eam m\u1ed9t l\u1edbp b\u1ea3o v\u1ec7 cho T\u00fai \u0111\u00f4ng l\u1ea1nh CryoStore v\u00e0 t\u1ea1o s\u1ef1 an t\u00e2m v\u1ec1 vi\u1ec7c b\u1ea3o qu\u1ea3n s\u1ea3n ph\u1ea9m. T\u00fai O-Wrap\u00ae l\u00fd t\u01b0\u1edfng \u0111\u1ec3 b\u1ea3o qu\u1ea3n \u1edf nhi\u1ec7t \u0111\u1ed9 th\u1ea5p, bao g\u1ed3m c\u1ea3 nit\u01a1 l\u1ecfng.<\/p>\n<p><img decoding=\"async\" src=\"https:\/\/www.origen.com\/wp-content\/uploads\/OWrap_In_Cassette-655x375.jpg\" alt=\"OWrap_In_Cassette\" \/><\/p>\n<h4><strong>An to\u00e0n v\u00e0 d\u1ec5 s\u1eed d\u1ee5ng<\/strong><\/h4>\n<p>T\u00fai bao ngo\u00e0i O-Wrap\u00ae \u0111\u01b0\u1ee3c l\u00e0m b\u1eb1ng v\u1eadt li\u1ec7u nh\u1ef1a EVO v\u00e0 \u0111\u01b0\u1ee3c h\u00e0n k\u00edn \u1edf ba m\u1eb7t. T\u00fai bao ngo\u1ea1i O-Wrap\u00ae d\u1ec5 d\u00e0ng \u0111\u01b0\u1ee3c h\u00e0n k\u00edn b\u1eb1ng m\u00e1y h\u00e0n xung \u0111i\u1ec7n RF. T\u00fai bao ngo\u00e0i O-Wrap\u00ae c\u00f3 kh\u1ea3 n\u0103ng truy\u1ec1n d\u1eabn quang h\u1ecdc l\u1edbn h\u01a1n 90%, gi\u00fap ki\u1ec3m tra nh\u00e3n d\u1ec5 d\u00e0ng (nh\u00e3n d\u00e1n tr\u00ean t\u00fai b\u1ea3o qu\u1ea3n t\u1ebf b\u00e0o, ngay c\u1ea3 khi trong khi \u0111ang b\u1ea3o qu\u1ea3n \u0111\u00f4ng l\u1ea1nh.<\/p>\n<h3><strong>Th\u00f4ng tin k\u1ef9 thu\u1eadt s\u1ea3n ph\u1ea9m &amp; \u0111\u1eb7t h\u00e0ng<\/strong><\/h3>\n<table>\n<tbody>\n<tr>\n<td>\n<p style=\"text-align: center;\"><strong>M\u00e3 s\u1ea3n ph\u1ea9m<\/strong><\/p>\n<\/td>\n<td style=\"text-align: center;\"><strong>Chi\u1ec1u r\u1ed9ng <\/strong><strong>(cm)<\/strong><\/td>\n<td style=\"text-align: center;\"><strong>Chi\u1ec1u d\u00e0i (cm)<\/strong><\/td>\n<td style=\"text-align: center;\"><strong>Khuy\u1ebfn c\u00e1o s\u1eed d\u1ee5ng v\u1edbi s\u1ea3n ph\u1ea9m<\/strong><\/td>\n<\/tr>\n<tr>\n<td>\n<p style=\"text-align: center;\">OW0909<\/p>\n<\/td>\n<td style=\"text-align: center;\">9<\/td>\n<td style=\"text-align: center;\">9<\/td>\n<td>\n<p style=\"text-align: center;\">CS25, PL07<\/p>\n<\/td>\n<\/tr>\n<tr>\n<td>\n<p style=\"text-align: center;\">OW0918<\/p>\n<\/td>\n<td style=\"text-align: center;\">9<\/td>\n<td style=\"text-align: center;\">18<\/td>\n<td style=\"text-align: center;\">CS25, CS50, PL07<\/td>\n<\/tr>\n<tr>\n<td style=\"text-align: center;\">OW1430<\/td>\n<td style=\"text-align: center;\">14<\/td>\n<td style=\"text-align: center;\">30<\/td>\n<td>\n<p style=\"text-align: center;\">CS250-CS750; PL30-PL120<\/p>\n<\/td>\n<\/tr>\n<tr>\n<td>\n<p style=\"text-align: center;\">OW1936<\/p>\n<\/td>\n<td style=\"text-align: center;\">19<\/td>\n<td style=\"text-align: center;\">36<\/td>\n<td style=\"text-align: center;\">CS1000; PL240-PL325<\/td>\n<\/tr>\n<tr>\n<td style=\"text-align: center;\">OW1950<\/td>\n<td style=\"text-align: center;\">19<\/td>\n<td style=\"text-align: center;\">50<\/td>\n<td>\n<p style=\"text-align: center;\">CS1000<\/p>\n<\/td>\n<\/tr>\n<tr>\n<td style=\"text-align: center;\">OW2436<\/td>\n<td style=\"text-align: center;\">24<\/td>\n<td style=\"text-align: center;\">36<\/td>\n<td>\n<p style=\"text-align: center;\">CS2000N<\/p>\n<\/td>\n<\/tr>\n<\/tbody>\n<\/table>\n<p>&nbsp;<\/p>\n","protected":false},"excerpt":{"rendered":"<p>T\u00fai bao ngo\u00e0i O-Wrap\u00ae ch\u1ee9a t\u00fai CryoStore nh\u1eb1m b\u1ea3o v\u1ec7 t\u00fai t\u1ebf b\u00e0o an to\u00e0n trong qu\u00e1 tr\u00ecnh l\u01b0u tr\u1eef \u0111\u00f4ng s\u00e2u. M\u1ee5c \u0111\u00edch s\u1eed d\u1ee5ng: T\u00fai bao ngo\u00e0i O-Wrap\u00ae \u0111\u01b0\u1ee3c thi\u1ebft k\u1ebf \u0111\u1ec3 ch\u1ee9a c\u00e1c t\u00fai CryoStore b\u1ea3o qu\u1ea3n t\u1ebf b\u00e0o \u0111\u00f4ng l\u1ea1nh trong b\u00ecnh nit\u01a1 l\u01b0u tr\u1eef \u0111\u00f4ng l\u1ea1nh trong th\u1eddi gian d\u00e0i.<\/p>\n<div class=\"klb-readmore post-buttons\"><a class=\"button rounded primary\" href=\"https:\/\/biogroupvietnam.com\/vi\/san-pham\/tui-overwrap-bao-ve-tui-te-bao\/\">Read More <i class=\"klbth-icon-right-arrow\"><\/i><\/a><\/div>\n","protected":false},"featured_media":8991,"comment_status":"closed","ping_status":"closed","template":"","meta":{"_acf_changed":false},"product_brand":[124],"product_cat":[83],"product_tag":[],"class_list":{"0":"post-3643","1":"product","2":"type-product","3":"status-publish","4":"has-post-thumbnail","6":"product_brand-origen-biomedical","7":"product_cat-tui-luu-tru-te-bao-goc-cac-thanh-phan-mau","9":"first","10":"outofstock","11":"shipping-taxable","12":"product-type-simple"},"acf":[],"yoast_head":"<!-- This site is optimized with the Yoast SEO plugin v26.8 - https:\/\/yoast.com\/product\/yoast-seo-wordpress\/ -->\n<title>T\u00fai Bao Ngo\u00e0i O-Wrap\u00ae B\u1ea3o V\u1ec7 T\u00fai B\u1ea3o Qu\u1ea3n T\u1ebf B\u00e0o<\/title>\n<meta name=\"description\" content=\"T\u00fai bao ngo\u00e0i O-Wrap\u00ae ch\u1ee9a t\u00fai CryoStore nh\u1eb1m b\u1ea3o v\u1ec7 t\u00fai t\u1ebf b\u00e0o\u00a0an to\u00e0n trong qu\u00e1 tr\u00ecnh l\u01b0u tr\u1eef \u0111\u00f4ng s\u00e2u.\" \/>\n<meta name=\"robots\" content=\"index, follow, max-snippet:-1, max-image-preview:large, max-video-preview:-1\" \/>\n<link rel=\"canonical\" href=\"https:\/\/biogroupvietnam.com\/vi\/san-pham\/tui-overwrap-bao-ve-tui-te-bao\/\" \/>\n<meta property=\"og:locale\" content=\"vi_VN\" \/>\n<meta property=\"og:type\" content=\"article\" \/>\n<meta property=\"og:title\" content=\"T\u00fai Bao Ngo\u00e0i O-Wrap\u00ae B\u1ea3o V\u1ec7 T\u00fai B\u1ea3o Qu\u1ea3n T\u1ebf B\u00e0o\" \/>\n<meta property=\"og:description\" content=\"T\u00fai bao ngo\u00e0i O-Wrap\u00ae ch\u1ee9a t\u00fai CryoStore nh\u1eb1m b\u1ea3o v\u1ec7 t\u00fai t\u1ebf b\u00e0o\u00a0an to\u00e0n trong qu\u00e1 tr\u00ecnh l\u01b0u tr\u1eef \u0111\u00f4ng s\u00e2u.\" \/>\n<meta property=\"og:url\" content=\"https:\/\/biogroupvietnam.com\/vi\/san-pham\/tui-overwrap-bao-ve-tui-te-bao\/\" \/>\n<meta property=\"og:site_name\" content=\"Biogroup Vietnam\" \/>\n<meta property=\"article:modified_time\" content=\"2026-02-23T04:58:07+00:00\" \/>\n<meta property=\"og:image\" content=\"https:\/\/biogroupvietnam.com\/wp-content\/uploads\/2025\/08\/O-Wrap\u00ae-Bag.jpg\" \/>\n\t<meta property=\"og:image:width\" content=\"1640\" \/>\n\t<meta property=\"og:image:height\" content=\"1260\" \/>\n\t<meta property=\"og:image:type\" content=\"image\/jpeg\" \/>\n<meta name=\"twitter:card\" content=\"summary_large_image\" \/>\n<meta name=\"twitter:label1\" content=\"\u01af\u1edbc t\u00ednh th\u1eddi gian \u0111\u1ecdc\" \/>\n\t<meta name=\"twitter:data1\" content=\"2 ph\u00fat\" \/>\n<script type=\"application\/ld+json\" class=\"yoast-schema-graph\">{\"@context\":\"https:\/\/schema.org\",\"@graph\":[{\"@type\":\"WebPage\",\"@id\":\"https:\/\/biogroupvietnam.com\/vi\/san-pham\/tui-overwrap-bao-ve-tui-te-bao\/\",\"url\":\"https:\/\/biogroupvietnam.com\/vi\/san-pham\/tui-overwrap-bao-ve-tui-te-bao\/\",\"name\":\"T\u00fai Bao Ngo\u00e0i O-Wrap\u00ae B\u1ea3o V\u1ec7 T\u00fai B\u1ea3o Qu\u1ea3n T\u1ebf B\u00e0o\",\"isPartOf\":{\"@id\":\"https:\/\/biogroupvietnam.com\/vi\/#website\"},\"primaryImageOfPage\":{\"@id\":\"https:\/\/biogroupvietnam.com\/vi\/san-pham\/tui-overwrap-bao-ve-tui-te-bao\/#primaryimage\"},\"image\":{\"@id\":\"https:\/\/biogroupvietnam.com\/vi\/san-pham\/tui-overwrap-bao-ve-tui-te-bao\/#primaryimage\"},\"thumbnailUrl\":\"https:\/\/biogroupvietnam.com\/wp-content\/uploads\/2025\/08\/O-Wrap\u00ae-Bag.jpg\",\"datePublished\":\"2025-08-18T12:51:51+00:00\",\"dateModified\":\"2026-02-23T04:58:07+00:00\",\"description\":\"T\u00fai bao ngo\u00e0i O-Wrap\u00ae ch\u1ee9a t\u00fai CryoStore nh\u1eb1m b\u1ea3o v\u1ec7 t\u00fai t\u1ebf b\u00e0o\u00a0an to\u00e0n trong qu\u00e1 tr\u00ecnh l\u01b0u tr\u1eef \u0111\u00f4ng s\u00e2u.\",\"breadcrumb\":{\"@id\":\"https:\/\/biogroupvietnam.com\/vi\/san-pham\/tui-overwrap-bao-ve-tui-te-bao\/#breadcrumb\"},\"inLanguage\":\"vi\",\"potentialAction\":[{\"@type\":\"ReadAction\",\"target\":[\"https:\/\/biogroupvietnam.com\/vi\/san-pham\/tui-overwrap-bao-ve-tui-te-bao\/\"]}]},{\"@type\":\"ImageObject\",\"inLanguage\":\"vi\",\"@id\":\"https:\/\/biogroupvietnam.com\/vi\/san-pham\/tui-overwrap-bao-ve-tui-te-bao\/#primaryimage\",\"url\":\"https:\/\/biogroupvietnam.com\/wp-content\/uploads\/2025\/08\/O-Wrap\u00ae-Bag.jpg\",\"contentUrl\":\"https:\/\/biogroupvietnam.com\/wp-content\/uploads\/2025\/08\/O-Wrap\u00ae-Bag.jpg\",\"width\":1640,\"height\":1260},{\"@type\":\"BreadcrumbList\",\"@id\":\"https:\/\/biogroupvietnam.com\/vi\/san-pham\/tui-overwrap-bao-ve-tui-te-bao\/#breadcrumb\",\"itemListElement\":[{\"@type\":\"ListItem\",\"position\":1,\"name\":\"Trang ch\u1ee7\",\"item\":\"https:\/\/biogroupvietnam.com\/vi\/\"},{\"@type\":\"ListItem\",\"position\":2,\"name\":\"S\u1ea3n ph\u1ea9m\",\"item\":\"https:\/\/biogroupvietnam.com\/vi\/san-pham\/\"},{\"@type\":\"ListItem\",\"position\":3,\"name\":\"X\u1eed L\u00fd T\u1ebf B\u00e0o\",\"item\":\"https:\/\/biogroupvietnam.com\/vi\/danh-muc-san-pham\/xu-ly-te-bao\/\"},{\"@type\":\"ListItem\",\"position\":4,\"name\":\"T\u00fai L\u01b0u Tr\u1eef T\u1ebf B\u00e0o G\u1ed1c, C\u00e1c Th\u00e0nh Ph\u1ea7n M\u00e1u\",\"item\":\"https:\/\/biogroupvietnam.com\/vi\/danh-muc-san-pham\/tui-luu-tru-te-bao-goc-cac-thanh-phan-mau\/\"},{\"@type\":\"ListItem\",\"position\":5,\"name\":\"T\u00fai Bao Ngo\u00e0i O-Wrap\u00ae B\u1ea3o V\u1ec7 T\u00fai B\u1ea3o Qu\u1ea3n T\u1ebf B\u00e0o\"}]},{\"@type\":\"WebSite\",\"@id\":\"https:\/\/biogroupvietnam.com\/vi\/#website\",\"url\":\"https:\/\/biogroupvietnam.com\/vi\/\",\"name\":\"Biogroup Vietnam\",\"description\":\"Biogroup Vietnam cung c\u1ea5p d\u1ecbch v\u1ee5 k\u1ef9 thu\u1eadt c\u00f9ng thi\u1ebft b\u1ecb, v\u1eadt t\u01b0, h\u00f3a ch\u1ea5t v\u00e0 gi\u1ea3i ph\u00e1p sinh h\u1ecdc cho ph\u00f2ng th\u00ed nghi\u1ec7m c\u00f4ng ngh\u1ec7 sinh h\u1ecdc, y sinh v\u00e0 y h\u1ecdc t\u00e1i t\u1ea1o.\",\"potentialAction\":[{\"@type\":\"SearchAction\",\"target\":{\"@type\":\"EntryPoint\",\"urlTemplate\":\"https:\/\/biogroupvietnam.com\/vi\/?s={search_term_string}\"},\"query-input\":{\"@type\":\"PropertyValueSpecification\",\"valueRequired\":true,\"valueName\":\"search_term_string\"}}],\"inLanguage\":\"vi\"}]}<\/script>\n<!-- \/ Yoast SEO plugin. -->","yoast_head_json":{"title":"T\u00fai Bao Ngo\u00e0i O-Wrap\u00ae B\u1ea3o V\u1ec7 T\u00fai B\u1ea3o Qu\u1ea3n T\u1ebf B\u00e0o","description":"T\u00fai bao ngo\u00e0i O-Wrap\u00ae ch\u1ee9a t\u00fai CryoStore nh\u1eb1m b\u1ea3o v\u1ec7 t\u00fai t\u1ebf b\u00e0o\u00a0an to\u00e0n trong qu\u00e1 tr\u00ecnh l\u01b0u tr\u1eef \u0111\u00f4ng s\u00e2u.","robots":{"index":"index","follow":"follow","max-snippet":"max-snippet:-1","max-image-preview":"max-image-preview:large","max-video-preview":"max-video-preview:-1"},"canonical":"https:\/\/biogroupvietnam.com\/vi\/san-pham\/tui-overwrap-bao-ve-tui-te-bao\/","og_locale":"vi_VN","og_type":"article","og_title":"T\u00fai Bao Ngo\u00e0i O-Wrap\u00ae B\u1ea3o V\u1ec7 T\u00fai B\u1ea3o Qu\u1ea3n T\u1ebf B\u00e0o","og_description":"T\u00fai bao ngo\u00e0i O-Wrap\u00ae ch\u1ee9a t\u00fai CryoStore nh\u1eb1m b\u1ea3o v\u1ec7 t\u00fai t\u1ebf b\u00e0o\u00a0an to\u00e0n trong qu\u00e1 tr\u00ecnh l\u01b0u tr\u1eef \u0111\u00f4ng s\u00e2u.","og_url":"https:\/\/biogroupvietnam.com\/vi\/san-pham\/tui-overwrap-bao-ve-tui-te-bao\/","og_site_name":"Biogroup Vietnam","article_modified_time":"2026-02-23T04:58:07+00:00","og_image":[{"width":1640,"height":1260,"url":"https:\/\/biogroupvietnam.com\/wp-content\/uploads\/2025\/08\/O-Wrap\u00ae-Bag.jpg","type":"image\/jpeg"}],"twitter_card":"summary_large_image","twitter_misc":{"\u01af\u1edbc t\u00ednh th\u1eddi gian \u0111\u1ecdc":"2 ph\u00fat"},"schema":{"@context":"https:\/\/schema.org","@graph":[{"@type":"WebPage","@id":"https:\/\/biogroupvietnam.com\/vi\/san-pham\/tui-overwrap-bao-ve-tui-te-bao\/","url":"https:\/\/biogroupvietnam.com\/vi\/san-pham\/tui-overwrap-bao-ve-tui-te-bao\/","name":"T\u00fai Bao Ngo\u00e0i O-Wrap\u00ae B\u1ea3o V\u1ec7 T\u00fai B\u1ea3o Qu\u1ea3n T\u1ebf B\u00e0o","isPartOf":{"@id":"https:\/\/biogroupvietnam.com\/vi\/#website"},"primaryImageOfPage":{"@id":"https:\/\/biogroupvietnam.com\/vi\/san-pham\/tui-overwrap-bao-ve-tui-te-bao\/#primaryimage"},"image":{"@id":"https:\/\/biogroupvietnam.com\/vi\/san-pham\/tui-overwrap-bao-ve-tui-te-bao\/#primaryimage"},"thumbnailUrl":"https:\/\/biogroupvietnam.com\/wp-content\/uploads\/2025\/08\/O-Wrap\u00ae-Bag.jpg","datePublished":"2025-08-18T12:51:51+00:00","dateModified":"2026-02-23T04:58:07+00:00","description":"T\u00fai bao ngo\u00e0i O-Wrap\u00ae ch\u1ee9a t\u00fai CryoStore nh\u1eb1m b\u1ea3o v\u1ec7 t\u00fai t\u1ebf b\u00e0o\u00a0an to\u00e0n trong qu\u00e1 tr\u00ecnh l\u01b0u tr\u1eef \u0111\u00f4ng s\u00e2u.","breadcrumb":{"@id":"https:\/\/biogroupvietnam.com\/vi\/san-pham\/tui-overwrap-bao-ve-tui-te-bao\/#breadcrumb"},"inLanguage":"vi","potentialAction":[{"@type":"ReadAction","target":["https:\/\/biogroupvietnam.com\/vi\/san-pham\/tui-overwrap-bao-ve-tui-te-bao\/"]}]},{"@type":"ImageObject","inLanguage":"vi","@id":"https:\/\/biogroupvietnam.com\/vi\/san-pham\/tui-overwrap-bao-ve-tui-te-bao\/#primaryimage","url":"https:\/\/biogroupvietnam.com\/wp-content\/uploads\/2025\/08\/O-Wrap\u00ae-Bag.jpg","contentUrl":"https:\/\/biogroupvietnam.com\/wp-content\/uploads\/2025\/08\/O-Wrap\u00ae-Bag.jpg","width":1640,"height":1260},{"@type":"BreadcrumbList","@id":"https:\/\/biogroupvietnam.com\/vi\/san-pham\/tui-overwrap-bao-ve-tui-te-bao\/#breadcrumb","itemListElement":[{"@type":"ListItem","position":1,"name":"Trang ch\u1ee7","item":"https:\/\/biogroupvietnam.com\/vi\/"},{"@type":"ListItem","position":2,"name":"S\u1ea3n ph\u1ea9m","item":"https:\/\/biogroupvietnam.com\/vi\/san-pham\/"},{"@type":"ListItem","position":3,"name":"X\u1eed L\u00fd T\u1ebf B\u00e0o","item":"https:\/\/biogroupvietnam.com\/vi\/danh-muc-san-pham\/xu-ly-te-bao\/"},{"@type":"ListItem","position":4,"name":"T\u00fai L\u01b0u Tr\u1eef T\u1ebf B\u00e0o G\u1ed1c, C\u00e1c Th\u00e0nh Ph\u1ea7n M\u00e1u","item":"https:\/\/biogroupvietnam.com\/vi\/danh-muc-san-pham\/tui-luu-tru-te-bao-goc-cac-thanh-phan-mau\/"},{"@type":"ListItem","position":5,"name":"T\u00fai Bao Ngo\u00e0i O-Wrap\u00ae B\u1ea3o V\u1ec7 T\u00fai B\u1ea3o Qu\u1ea3n T\u1ebf B\u00e0o"}]},{"@type":"WebSite","@id":"https:\/\/biogroupvietnam.com\/vi\/#website","url":"https:\/\/biogroupvietnam.com\/vi\/","name":"Biogroup Vietnam","description":"Biogroup Vietnam cung c\u1ea5p d\u1ecbch v\u1ee5 k\u1ef9 thu\u1eadt c\u00f9ng thi\u1ebft b\u1ecb, v\u1eadt t\u01b0, h\u00f3a ch\u1ea5t v\u00e0 gi\u1ea3i ph\u00e1p sinh h\u1ecdc cho ph\u00f2ng th\u00ed nghi\u1ec7m c\u00f4ng ngh\u1ec7 sinh h\u1ecdc, y sinh v\u00e0 y h\u1ecdc t\u00e1i t\u1ea1o.","potentialAction":[{"@type":"SearchAction","target":{"@type":"EntryPoint","urlTemplate":"https:\/\/biogroupvietnam.com\/vi\/?s={search_term_string}"},"query-input":{"@type":"PropertyValueSpecification","valueRequired":true,"valueName":"search_term_string"}}],"inLanguage":"vi"}]}},"_links":{"self":[{"href":"https:\/\/biogroupvietnam.com\/vi\/wp-json\/wp\/v2\/product\/3643","targetHints":{"allow":["GET"]}}],"collection":[{"href":"https:\/\/biogroupvietnam.com\/vi\/wp-json\/wp\/v2\/product"}],"about":[{"href":"https:\/\/biogroupvietnam.com\/vi\/wp-json\/wp\/v2\/types\/product"}],"replies":[{"embeddable":true,"href":"https:\/\/biogroupvietnam.com\/vi\/wp-json\/wp\/v2\/comments?post=3643"}],"version-history":[{"count":7,"href":"https:\/\/biogroupvietnam.com\/vi\/wp-json\/wp\/v2\/product\/3643\/revisions"}],"predecessor-version":[{"id":8992,"href":"https:\/\/biogroupvietnam.com\/vi\/wp-json\/wp\/v2\/product\/3643\/revisions\/8992"}],"wp:featuredmedia":[{"embeddable":true,"href":"https:\/\/biogroupvietnam.com\/vi\/wp-json\/wp\/v2\/media\/8991"}],"wp:attachment":[{"href":"https:\/\/biogroupvietnam.com\/vi\/wp-json\/wp\/v2\/media?parent=3643"}],"wp:term":[{"taxonomy":"product_brand","embeddable":true,"href":"https:\/\/biogroupvietnam.com\/vi\/wp-json\/wp\/v2\/product_brand?post=3643"},{"taxonomy":"product_cat","embeddable":true,"href":"https:\/\/biogroupvietnam.com\/vi\/wp-json\/wp\/v2\/product_cat?post=3643"},{"taxonomy":"product_tag","embeddable":true,"href":"https:\/\/biogroupvietnam.com\/vi\/wp-json\/wp\/v2\/product_tag?post=3643"}],"curies":[{"name":"wp","href":"https:\/\/api.w.org\/{rel}","templated":true}]}}