{"id":3645,"date":"2025-08-18T19:51:51","date_gmt":"2025-08-18T12:51:51","guid":{"rendered":"http:\/\/biogroupvietnam-worldpress.local\/product\/import-placeholder-for-42\/"},"modified":"2026-02-23T11:36:26","modified_gmt":"2026-02-23T04:36:26","slug":"tui-tissuevault-bao-quan-mo-dong-lanh","status":"publish","type":"product","link":"https:\/\/biogroupvietnam.com\/vi\/san-pham\/tui-tissuevault-bao-quan-mo-dong-lanh\/","title":{"rendered":"T\u00fai TissueVault\u2122 B\u1ea3o Qu\u1ea3n M\u00f4 \u0110\u00f4ng L\u1ea1nh"},"content":{"rendered":"<h2>T\u00fai TissueVault\u2122 \u0111\u01b0\u1ee3c thi\u1ebft k\u1ebf \u0111\u1ec3 b\u1ea3o qu\u1ea3n \u0111\u00f4ng l\u1ea1nh m\u00f4 v\u00e0 t\u1ebf b\u00e0o. T\u00fai TissueVault\u2122 ch\u1ec9 \u0111\u01b0\u1ee3c s\u1eed d\u1ee5ng 1 l\u1ea7n.<\/h2>\n<p><strong>M\u1ee5c \u0111\u00edch s\u1eed d\u1ee5ng:<\/strong> T\u00fai b\u1ea3o qu\u1ea3n m\u00f4 v\u00e0 t\u1ebf b\u00e0o \u0111\u00f4ng l\u1ea1nh TissueVault\u2122 \u0111\u01b0\u1ee3c ch\u1ec9 \u0111\u1ecbnh \u0111\u1ec3 s\u1eed d\u1ee5ng trong b\u1ea3o qu\u1ea3n c\u00e1c t\u1ebf b\u00e0o v\u00e0 m\u00f4. Ch\u1ec9 s\u1eed d\u1ee5ng m\u1ed9t l\u1ea7n. Ch\u1ed1ng ch\u1ec9 \u0111\u1ecbnh cho c\u00e1c m\u1ee5c \u0111\u00edch s\u1eed d\u1ee5ng kh\u00e1c.<\/p>\n<p><strong>\u0110\u1ea1t ch\u1ee9ng nh\u1eadn ch\u1ea5t l\u01b0\u1ee3ng:<\/strong> CE.<\/p>\n<h3><strong>\u0110\u1eb7c \u0111i\u1ec3m v\u00e0 ti\u1ec7n \u00edch c\u1ee7a t\u00fai TissueVault\u2122<\/strong><\/h3>\n<h4><strong>B\u1ea3o v\u1ec7 m\u00f4 c\u1ee7a b\u1ea1n<\/strong><\/h4>\n<p>T\u00fai TissueVault\u2122 b\u1ea3o qu\u1ea3n m\u00f4 v\u00e0 t\u1ebf b\u00e0o \u0111\u00f4ng l\u1ea1nh l\u00e0m b\u1eb1ng v\u1eadt li\u1ec7u Polyme Ethyl Vinyl Olefin (EVO) kh\u00f4ng ch\u1ee9a ch\u1ea5t h\u00f3a d\u1ebbo ho\u1eb7c d\u01b0 l\u01b0\u1ee3ng h\u00f3a ch\u1ea5t v\u00e0 t\u01b0\u01a1ng th\u00edch sinh h\u1ecdc. Do v\u1eady, r\u1ea5t ph\u00f9 h\u1ee3p cho vi\u1ec7c l\u01b0u tr\u1eef d\u00e0i h\u1ea1n m\u00f4 ho\u1eb7c x\u01b0\u01a1ng \u1edf \u0111i\u1ec1u ki\u1ec7n \u0111\u00f4ng l\u1ea1nh.<\/p>\n<h4><strong>An to\u00e0n v\u00e0 d\u1ec5 s\u1eed d\u1ee5ng<\/strong><\/h4>\n<p>T\u00fai TissueVault\u2122 b\u1ea3o qu\u1ea3n m\u00f4 v\u00e0 t\u1ebf b\u00e0o \u0111\u00f4ng l\u1ea1nh d\u1ec5 d\u00e0ng \u0111\u01b0\u1ee3c h\u00e0n k\u00edn \u1edf nhi\u1ec7t \u0111\u1ed9 100\u00b0C b\u1eb1ng b\u1ea5t k\u1ef3 m\u00e1y h\u00e0n t\u00fai b\u1ea3o qu\u1ea3n t\u1ebf b\u00e0o. C\u00f3 th\u1ec3 s\u1eed d\u1ee5ng m\u00e1y h\u00e0n ch\u00e2n kh\u00f4ng n\u1ebfu c\u00f3 th\u1ec3. \u0110\u1ec3 m\u1edf t\u00fai sau khi r\u00e3 \u0111\u00f4ng, h\u00e3y c\u1eaft ni\u00eam phong tr\u00ean c\u00f9ng.<\/p>\n<h3><strong>Th\u00f4ng tin k\u1ef9 thu\u1eadt t\u00fai TissueVault\u2122<\/strong><\/h3>\n<figure class=\"table\">\n<table>\n<tbody>\n<tr>\n<td>\n<p style=\"text-align: center;\">M\u00e3 h\u00e0ng h\u00f3a<\/p>\n<\/td>\n<td>\n<p style=\"text-align: center;\">Chi\u1ec1u r\u1ed9ng (cm)<\/p>\n<\/td>\n<td>\n<p style=\"text-align: center;\">Chi\u1ec1u d\u00e0i (cm)<\/p>\n<\/td>\n<\/tr>\n<tr>\n<td>\n<p style=\"text-align: center;\">TV0909<\/p>\n<\/td>\n<td>\n<p style=\"text-align: center;\">9<\/p>\n<\/td>\n<td>\n<p style=\"text-align: center;\">9<\/p>\n<\/td>\n<\/tr>\n<tr>\n<td>\n<p style=\"text-align: center;\">TV0918<\/p>\n<\/td>\n<td>\n<p style=\"text-align: center;\">9<\/p>\n<\/td>\n<td>\n<p style=\"text-align: center;\">18<\/p>\n<\/td>\n<\/tr>\n<tr>\n<td>\n<p style=\"text-align: center;\">TV1430<\/p>\n<\/td>\n<td>\n<p style=\"text-align: center;\">14<\/p>\n<\/td>\n<td>\n<p style=\"text-align: center;\">30<\/p>\n<\/td>\n<\/tr>\n<tr>\n<td>\n<p style=\"text-align: center;\">TV1950<\/p>\n<\/td>\n<td>\n<p style=\"text-align: center;\">19<\/p>\n<\/td>\n<td>\n<p style=\"text-align: center;\">50<\/p>\n<\/td>\n<\/tr>\n<tr>\n<td>\n<p style=\"text-align: center;\">TV2436<\/p>\n<\/td>\n<td>\n<p style=\"text-align: center;\">24<\/p>\n<\/td>\n<td>\n<p style=\"text-align: center;\">36<\/p>\n<\/td>\n<\/tr>\n<\/tbody>\n<\/table>\n<\/figure>\n","protected":false},"excerpt":{"rendered":"<p>T\u00fai TissueVault\u2122 \u0111\u01b0\u1ee3c thi\u1ebft k\u1ebf \u0111\u1ec3 b\u1ea3o qu\u1ea3n \u0111\u00f4ng l\u1ea1nh m\u00f4 v\u00e0 t\u1ebf b\u00e0o. T\u00fai TissueVault\u2122 ch\u1ec9 \u0111\u01b0\u1ee3c s\u1eed d\u1ee5ng 1 l\u1ea7n. M\u1ee5c \u0111\u00edch s\u1eed d\u1ee5ng: T\u00fai b\u1ea3o qu\u1ea3n m\u00f4 v\u00e0 t\u1ebf b\u00e0o \u0111\u00f4ng l\u1ea1nh TissueVault\u2122 \u0111\u01b0\u1ee3c ch\u1ec9 \u0111\u1ecbnh \u0111\u1ec3 s\u1eed d\u1ee5ng trong b\u1ea3o qu\u1ea3n c\u00e1c t\u1ebf b\u00e0o v\u00e0 m\u00f4. Ch\u1ec9 s\u1eed d\u1ee5ng m\u1ed9t l\u1ea7n.<\/p>\n<div class=\"klb-readmore post-buttons\"><a class=\"button rounded primary\" href=\"https:\/\/biogroupvietnam.com\/vi\/san-pham\/tui-tissuevault-bao-quan-mo-dong-lanh\/\">Read More <i class=\"klbth-icon-right-arrow\"><\/i><\/a><\/div>\n","protected":false},"featured_media":8989,"comment_status":"closed","ping_status":"closed","template":"","meta":{"_acf_changed":false},"product_brand":[124],"product_cat":[83],"product_tag":[],"class_list":{"0":"post-3645","1":"product","2":"type-product","3":"status-publish","4":"has-post-thumbnail","6":"product_brand-origen-biomedical","7":"product_cat-tui-luu-tru-te-bao-goc-cac-thanh-phan-mau","9":"first","10":"outofstock","11":"shipping-taxable","12":"product-type-simple"},"acf":[],"yoast_head":"<!-- This site is optimized with the Yoast SEO plugin v26.8 - https:\/\/yoast.com\/product\/yoast-seo-wordpress\/ -->\n<title>T\u00fai TissueVault\u2122 B\u1ea3o Qu\u1ea3n M\u00f4 \u0110\u00f4ng L\u1ea1nh<\/title>\n<meta name=\"description\" content=\"T\u00fai TissueVault\u2122 \u0111\u01b0\u1ee3c thi\u1ebft k\u1ebf \u0111\u1ec3 b\u1ea3o qu\u1ea3n \u0111\u00f4ng l\u1ea1nh m\u00f4 v\u00e0 t\u1ebf b\u00e0o.\" \/>\n<meta name=\"robots\" content=\"index, follow, max-snippet:-1, max-image-preview:large, max-video-preview:-1\" \/>\n<link rel=\"canonical\" href=\"https:\/\/biogroupvietnam.com\/vi\/san-pham\/tui-tissuevault-bao-quan-mo-dong-lanh\/\" \/>\n<meta property=\"og:locale\" content=\"vi_VN\" \/>\n<meta property=\"og:type\" content=\"article\" \/>\n<meta property=\"og:title\" content=\"T\u00fai TissueVault\u2122 B\u1ea3o Qu\u1ea3n M\u00f4 \u0110\u00f4ng L\u1ea1nh\" \/>\n<meta property=\"og:description\" content=\"T\u00fai TissueVault\u2122 \u0111\u01b0\u1ee3c thi\u1ebft k\u1ebf \u0111\u1ec3 b\u1ea3o qu\u1ea3n \u0111\u00f4ng l\u1ea1nh m\u00f4 v\u00e0 t\u1ebf b\u00e0o.\" \/>\n<meta property=\"og:url\" content=\"https:\/\/biogroupvietnam.com\/vi\/san-pham\/tui-tissuevault-bao-quan-mo-dong-lanh\/\" \/>\n<meta property=\"og:site_name\" content=\"Biogroup Vietnam\" \/>\n<meta property=\"article:modified_time\" content=\"2026-02-23T04:36:26+00:00\" \/>\n<meta property=\"og:image\" content=\"https:\/\/biogroupvietnam.com\/wp-content\/uploads\/2025\/08\/TissueVault\u2122-Cell-Tissue-Freezing-Bag.jpg\" \/>\n\t<meta property=\"og:image:width\" content=\"1640\" \/>\n\t<meta property=\"og:image:height\" content=\"1260\" \/>\n\t<meta property=\"og:image:type\" content=\"image\/jpeg\" \/>\n<meta name=\"twitter:card\" content=\"summary_large_image\" \/>\n<meta name=\"twitter:label1\" content=\"\u01af\u1edbc t\u00ednh th\u1eddi gian \u0111\u1ecdc\" \/>\n\t<meta name=\"twitter:data1\" content=\"2 ph\u00fat\" \/>\n<script type=\"application\/ld+json\" class=\"yoast-schema-graph\">{\"@context\":\"https:\/\/schema.org\",\"@graph\":[{\"@type\":\"WebPage\",\"@id\":\"https:\/\/biogroupvietnam.com\/vi\/san-pham\/tui-tissuevault-bao-quan-mo-dong-lanh\/\",\"url\":\"https:\/\/biogroupvietnam.com\/vi\/san-pham\/tui-tissuevault-bao-quan-mo-dong-lanh\/\",\"name\":\"T\u00fai TissueVault\u2122 B\u1ea3o Qu\u1ea3n M\u00f4 \u0110\u00f4ng L\u1ea1nh\",\"isPartOf\":{\"@id\":\"https:\/\/biogroupvietnam.com\/vi\/#website\"},\"primaryImageOfPage\":{\"@id\":\"https:\/\/biogroupvietnam.com\/vi\/san-pham\/tui-tissuevault-bao-quan-mo-dong-lanh\/#primaryimage\"},\"image\":{\"@id\":\"https:\/\/biogroupvietnam.com\/vi\/san-pham\/tui-tissuevault-bao-quan-mo-dong-lanh\/#primaryimage\"},\"thumbnailUrl\":\"https:\/\/biogroupvietnam.com\/wp-content\/uploads\/2025\/08\/TissueVault\u2122-Cell-Tissue-Freezing-Bag.jpg\",\"datePublished\":\"2025-08-18T12:51:51+00:00\",\"dateModified\":\"2026-02-23T04:36:26+00:00\",\"description\":\"T\u00fai TissueVault\u2122 \u0111\u01b0\u1ee3c thi\u1ebft k\u1ebf \u0111\u1ec3 b\u1ea3o qu\u1ea3n \u0111\u00f4ng l\u1ea1nh m\u00f4 v\u00e0 t\u1ebf b\u00e0o.\",\"breadcrumb\":{\"@id\":\"https:\/\/biogroupvietnam.com\/vi\/san-pham\/tui-tissuevault-bao-quan-mo-dong-lanh\/#breadcrumb\"},\"inLanguage\":\"vi\",\"potentialAction\":[{\"@type\":\"ReadAction\",\"target\":[\"https:\/\/biogroupvietnam.com\/vi\/san-pham\/tui-tissuevault-bao-quan-mo-dong-lanh\/\"]}]},{\"@type\":\"ImageObject\",\"inLanguage\":\"vi\",\"@id\":\"https:\/\/biogroupvietnam.com\/vi\/san-pham\/tui-tissuevault-bao-quan-mo-dong-lanh\/#primaryimage\",\"url\":\"https:\/\/biogroupvietnam.com\/wp-content\/uploads\/2025\/08\/TissueVault\u2122-Cell-Tissue-Freezing-Bag.jpg\",\"contentUrl\":\"https:\/\/biogroupvietnam.com\/wp-content\/uploads\/2025\/08\/TissueVault\u2122-Cell-Tissue-Freezing-Bag.jpg\",\"width\":1640,\"height\":1260},{\"@type\":\"BreadcrumbList\",\"@id\":\"https:\/\/biogroupvietnam.com\/vi\/san-pham\/tui-tissuevault-bao-quan-mo-dong-lanh\/#breadcrumb\",\"itemListElement\":[{\"@type\":\"ListItem\",\"position\":1,\"name\":\"Trang ch\u1ee7\",\"item\":\"https:\/\/biogroupvietnam.com\/vi\/\"},{\"@type\":\"ListItem\",\"position\":2,\"name\":\"S\u1ea3n ph\u1ea9m\",\"item\":\"https:\/\/biogroupvietnam.com\/vi\/san-pham\/\"},{\"@type\":\"ListItem\",\"position\":3,\"name\":\"X\u1eed L\u00fd T\u1ebf B\u00e0o\",\"item\":\"https:\/\/biogroupvietnam.com\/vi\/danh-muc-san-pham\/xu-ly-te-bao\/\"},{\"@type\":\"ListItem\",\"position\":4,\"name\":\"T\u00fai L\u01b0u Tr\u1eef T\u1ebf B\u00e0o G\u1ed1c, C\u00e1c Th\u00e0nh Ph\u1ea7n M\u00e1u\",\"item\":\"https:\/\/biogroupvietnam.com\/vi\/danh-muc-san-pham\/tui-luu-tru-te-bao-goc-cac-thanh-phan-mau\/\"},{\"@type\":\"ListItem\",\"position\":5,\"name\":\"T\u00fai TissueVault\u2122 B\u1ea3o Qu\u1ea3n M\u00f4 \u0110\u00f4ng L\u1ea1nh\"}]},{\"@type\":\"WebSite\",\"@id\":\"https:\/\/biogroupvietnam.com\/vi\/#website\",\"url\":\"https:\/\/biogroupvietnam.com\/vi\/\",\"name\":\"Biogroup Vietnam\",\"description\":\"Biogroup Vietnam cung c\u1ea5p d\u1ecbch v\u1ee5 k\u1ef9 thu\u1eadt c\u00f9ng thi\u1ebft b\u1ecb, v\u1eadt t\u01b0, h\u00f3a ch\u1ea5t v\u00e0 gi\u1ea3i ph\u00e1p sinh h\u1ecdc cho ph\u00f2ng th\u00ed nghi\u1ec7m c\u00f4ng ngh\u1ec7 sinh h\u1ecdc, y sinh v\u00e0 y h\u1ecdc t\u00e1i t\u1ea1o.\",\"potentialAction\":[{\"@type\":\"SearchAction\",\"target\":{\"@type\":\"EntryPoint\",\"urlTemplate\":\"https:\/\/biogroupvietnam.com\/vi\/?s={search_term_string}\"},\"query-input\":{\"@type\":\"PropertyValueSpecification\",\"valueRequired\":true,\"valueName\":\"search_term_string\"}}],\"inLanguage\":\"vi\"}]}<\/script>\n<!-- \/ Yoast SEO plugin. -->","yoast_head_json":{"title":"T\u00fai TissueVault\u2122 B\u1ea3o Qu\u1ea3n M\u00f4 \u0110\u00f4ng L\u1ea1nh","description":"T\u00fai TissueVault\u2122 \u0111\u01b0\u1ee3c thi\u1ebft k\u1ebf \u0111\u1ec3 b\u1ea3o qu\u1ea3n \u0111\u00f4ng l\u1ea1nh m\u00f4 v\u00e0 t\u1ebf b\u00e0o.","robots":{"index":"index","follow":"follow","max-snippet":"max-snippet:-1","max-image-preview":"max-image-preview:large","max-video-preview":"max-video-preview:-1"},"canonical":"https:\/\/biogroupvietnam.com\/vi\/san-pham\/tui-tissuevault-bao-quan-mo-dong-lanh\/","og_locale":"vi_VN","og_type":"article","og_title":"T\u00fai TissueVault\u2122 B\u1ea3o Qu\u1ea3n M\u00f4 \u0110\u00f4ng L\u1ea1nh","og_description":"T\u00fai TissueVault\u2122 \u0111\u01b0\u1ee3c thi\u1ebft k\u1ebf \u0111\u1ec3 b\u1ea3o qu\u1ea3n \u0111\u00f4ng l\u1ea1nh m\u00f4 v\u00e0 t\u1ebf b\u00e0o.","og_url":"https:\/\/biogroupvietnam.com\/vi\/san-pham\/tui-tissuevault-bao-quan-mo-dong-lanh\/","og_site_name":"Biogroup Vietnam","article_modified_time":"2026-02-23T04:36:26+00:00","og_image":[{"width":1640,"height":1260,"url":"https:\/\/biogroupvietnam.com\/wp-content\/uploads\/2025\/08\/TissueVault\u2122-Cell-Tissue-Freezing-Bag.jpg","type":"image\/jpeg"}],"twitter_card":"summary_large_image","twitter_misc":{"\u01af\u1edbc t\u00ednh th\u1eddi gian \u0111\u1ecdc":"2 ph\u00fat"},"schema":{"@context":"https:\/\/schema.org","@graph":[{"@type":"WebPage","@id":"https:\/\/biogroupvietnam.com\/vi\/san-pham\/tui-tissuevault-bao-quan-mo-dong-lanh\/","url":"https:\/\/biogroupvietnam.com\/vi\/san-pham\/tui-tissuevault-bao-quan-mo-dong-lanh\/","name":"T\u00fai TissueVault\u2122 B\u1ea3o Qu\u1ea3n M\u00f4 \u0110\u00f4ng L\u1ea1nh","isPartOf":{"@id":"https:\/\/biogroupvietnam.com\/vi\/#website"},"primaryImageOfPage":{"@id":"https:\/\/biogroupvietnam.com\/vi\/san-pham\/tui-tissuevault-bao-quan-mo-dong-lanh\/#primaryimage"},"image":{"@id":"https:\/\/biogroupvietnam.com\/vi\/san-pham\/tui-tissuevault-bao-quan-mo-dong-lanh\/#primaryimage"},"thumbnailUrl":"https:\/\/biogroupvietnam.com\/wp-content\/uploads\/2025\/08\/TissueVault\u2122-Cell-Tissue-Freezing-Bag.jpg","datePublished":"2025-08-18T12:51:51+00:00","dateModified":"2026-02-23T04:36:26+00:00","description":"T\u00fai TissueVault\u2122 \u0111\u01b0\u1ee3c thi\u1ebft k\u1ebf \u0111\u1ec3 b\u1ea3o qu\u1ea3n \u0111\u00f4ng l\u1ea1nh m\u00f4 v\u00e0 t\u1ebf b\u00e0o.","breadcrumb":{"@id":"https:\/\/biogroupvietnam.com\/vi\/san-pham\/tui-tissuevault-bao-quan-mo-dong-lanh\/#breadcrumb"},"inLanguage":"vi","potentialAction":[{"@type":"ReadAction","target":["https:\/\/biogroupvietnam.com\/vi\/san-pham\/tui-tissuevault-bao-quan-mo-dong-lanh\/"]}]},{"@type":"ImageObject","inLanguage":"vi","@id":"https:\/\/biogroupvietnam.com\/vi\/san-pham\/tui-tissuevault-bao-quan-mo-dong-lanh\/#primaryimage","url":"https:\/\/biogroupvietnam.com\/wp-content\/uploads\/2025\/08\/TissueVault\u2122-Cell-Tissue-Freezing-Bag.jpg","contentUrl":"https:\/\/biogroupvietnam.com\/wp-content\/uploads\/2025\/08\/TissueVault\u2122-Cell-Tissue-Freezing-Bag.jpg","width":1640,"height":1260},{"@type":"BreadcrumbList","@id":"https:\/\/biogroupvietnam.com\/vi\/san-pham\/tui-tissuevault-bao-quan-mo-dong-lanh\/#breadcrumb","itemListElement":[{"@type":"ListItem","position":1,"name":"Trang ch\u1ee7","item":"https:\/\/biogroupvietnam.com\/vi\/"},{"@type":"ListItem","position":2,"name":"S\u1ea3n ph\u1ea9m","item":"https:\/\/biogroupvietnam.com\/vi\/san-pham\/"},{"@type":"ListItem","position":3,"name":"X\u1eed L\u00fd T\u1ebf B\u00e0o","item":"https:\/\/biogroupvietnam.com\/vi\/danh-muc-san-pham\/xu-ly-te-bao\/"},{"@type":"ListItem","position":4,"name":"T\u00fai L\u01b0u Tr\u1eef T\u1ebf B\u00e0o G\u1ed1c, C\u00e1c Th\u00e0nh Ph\u1ea7n M\u00e1u","item":"https:\/\/biogroupvietnam.com\/vi\/danh-muc-san-pham\/tui-luu-tru-te-bao-goc-cac-thanh-phan-mau\/"},{"@type":"ListItem","position":5,"name":"T\u00fai TissueVault\u2122 B\u1ea3o Qu\u1ea3n M\u00f4 \u0110\u00f4ng L\u1ea1nh"}]},{"@type":"WebSite","@id":"https:\/\/biogroupvietnam.com\/vi\/#website","url":"https:\/\/biogroupvietnam.com\/vi\/","name":"Biogroup Vietnam","description":"Biogroup Vietnam cung c\u1ea5p d\u1ecbch v\u1ee5 k\u1ef9 thu\u1eadt c\u00f9ng thi\u1ebft b\u1ecb, v\u1eadt t\u01b0, h\u00f3a ch\u1ea5t v\u00e0 gi\u1ea3i ph\u00e1p sinh h\u1ecdc cho ph\u00f2ng th\u00ed nghi\u1ec7m c\u00f4ng ngh\u1ec7 sinh h\u1ecdc, y sinh v\u00e0 y h\u1ecdc t\u00e1i t\u1ea1o.","potentialAction":[{"@type":"SearchAction","target":{"@type":"EntryPoint","urlTemplate":"https:\/\/biogroupvietnam.com\/vi\/?s={search_term_string}"},"query-input":{"@type":"PropertyValueSpecification","valueRequired":true,"valueName":"search_term_string"}}],"inLanguage":"vi"}]}},"_links":{"self":[{"href":"https:\/\/biogroupvietnam.com\/vi\/wp-json\/wp\/v2\/product\/3645","targetHints":{"allow":["GET"]}}],"collection":[{"href":"https:\/\/biogroupvietnam.com\/vi\/wp-json\/wp\/v2\/product"}],"about":[{"href":"https:\/\/biogroupvietnam.com\/vi\/wp-json\/wp\/v2\/types\/product"}],"replies":[{"embeddable":true,"href":"https:\/\/biogroupvietnam.com\/vi\/wp-json\/wp\/v2\/comments?post=3645"}],"version-history":[{"count":7,"href":"https:\/\/biogroupvietnam.com\/vi\/wp-json\/wp\/v2\/product\/3645\/revisions"}],"predecessor-version":[{"id":9851,"href":"https:\/\/biogroupvietnam.com\/vi\/wp-json\/wp\/v2\/product\/3645\/revisions\/9851"}],"wp:featuredmedia":[{"embeddable":true,"href":"https:\/\/biogroupvietnam.com\/vi\/wp-json\/wp\/v2\/media\/8989"}],"wp:attachment":[{"href":"https:\/\/biogroupvietnam.com\/vi\/wp-json\/wp\/v2\/media?parent=3645"}],"wp:term":[{"taxonomy":"product_brand","embeddable":true,"href":"https:\/\/biogroupvietnam.com\/vi\/wp-json\/wp\/v2\/product_brand?post=3645"},{"taxonomy":"product_cat","embeddable":true,"href":"https:\/\/biogroupvietnam.com\/vi\/wp-json\/wp\/v2\/product_cat?post=3645"},{"taxonomy":"product_tag","embeddable":true,"href":"https:\/\/biogroupvietnam.com\/vi\/wp-json\/wp\/v2\/product_tag?post=3645"}],"curies":[{"name":"wp","href":"https:\/\/api.w.org\/{rel}","templated":true}]}}