{"id":3646,"date":"2025-08-18T19:51:52","date_gmt":"2025-08-18T12:51:52","guid":{"rendered":"http:\/\/biogroupvietnam-worldpress.local\/product\/import-placeholder-for-43\/"},"modified":"2025-11-12T18:36:29","modified_gmt":"2025-11-12T11:36:29","slug":"may-u-nhiet-kho","status":"publish","type":"product","link":"https:\/\/biogroupvietnam.com\/vi\/san-pham\/may-u-nhiet-kho\/","title":{"rendered":"M\u00e1y \u1ee7 nhi\u1ec7t kh\u00f4"},"content":{"rendered":"<p>MyBlock HL m\u1edbi l\u00e0 kh\u1ed1i nhi\u1ec7t nh\u1ecf \u0111\u1ea7u ti\u00ean v\u00e0 duy nh\u1ea5t c\u00f3 t\u00ednh n\u0103ng n\u1eafp s\u01b0\u1edfi \u0111\u1ec3 b\u1ea3o v\u1ec7 m\u1eabu ch\u1ed1ng l\u1ea1i s\u1ef1 ng\u01b0ng t\u1ee5 v\u00e0 bay h\u01a1i kh\u00f4ng mong mu\u1ed1n.<br \/>\nC\u1ea3 nhi\u1ec7t \u0111\u1ed9 c\u1ee7a block v\u00e0 n\u1eafp c\u00f3 th\u1ec3 \u0111\u01b0\u1ee3c ch\u1ecdn \u0111\u1ed9c l\u1eadp theo gia s\u1ed1 0,1\u00b0C, gi\u00fap MyBlock n\u00e0y tr\u1edf th\u00e0nh l\u1ef1a ch\u1ecdn l\u00fd t\u01b0\u1edfng cho \u0111\u1ed9 nh\u1ea1y c\u1ea3m v\u1edbi nhi\u1ec7t \u0111\u1ed9 cao nh\u1ea5t c\u00e1c \u1ee9ng d\u1ee5ng, bao g\u1ed3m x\u00e9t nghi\u1ec7m mi\u1ec5n d\u1ecbch, x\u00e9t nghi\u1ec7m LAMP, ph\u1ea3n \u1ee9ng enzyme nh\u1ea1y c\u1ea3m v\u1edbi nhi\u1ec7t \u0111\u1ed9.<\/p>\n","protected":false},"excerpt":{"rendered":"<p>MyBlock HL m\u1edbi l\u00e0 kh\u1ed1i nhi\u1ec7t nh\u1ecf \u0111\u1ea7u ti\u00ean v\u00e0 duy nh\u1ea5t c\u00f3 t\u00ednh n\u0103ng n\u1eafp s\u01b0\u1edfi \u0111\u1ec3 b\u1ea3o v\u1ec7 m\u1eabu ch\u1ed1ng l\u1ea1i s\u1ef1 ng\u01b0ng t\u1ee5 v\u00e0 bay h\u01a1i kh\u00f4ng mong mu\u1ed1n. C\u1ea3 nhi\u1ec7t \u0111\u1ed9 c\u1ee7a block v\u00e0 n\u1eafp c\u00f3 th\u1ec3 \u0111\u01b0\u1ee3c ch\u1ecdn \u0111\u1ed9c l\u1eadp theo gia s\u1ed1 0,1\u00b0C, gi\u00fap MyBlock n\u00e0y tr\u1edf th\u00e0nh l\u1ef1a<\/p>\n<div class=\"klb-readmore post-buttons\"><a class=\"button rounded primary\" href=\"https:\/\/biogroupvietnam.com\/vi\/san-pham\/may-u-nhiet-kho\/\">Read More <i class=\"klbth-icon-right-arrow\"><\/i><\/a><\/div>\n","protected":false},"featured_media":8908,"comment_status":"closed","ping_status":"closed","template":"","meta":{"_acf_changed":false},"product_brand":[138],"product_cat":[121],"product_tag":[],"class_list":{"0":"post-3646","1":"product","2":"type-product","3":"status-publish","4":"has-post-thumbnail","6":"product_brand-benchmark-scientific","7":"product_cat-tu-an-toan-sinh-hoc","9":"first","10":"outofstock","11":"shipping-taxable","12":"product-type-simple"},"acf":[],"yoast_head":"<!-- This site is optimized with the Yoast SEO plugin v26.8 - https:\/\/yoast.com\/product\/yoast-seo-wordpress\/ -->\n<title>M\u00e1y \u1ee7 nhi\u1ec7t kh\u00f4<\/title>\n<meta name=\"description\" content=\"MyBlock HL m\u1edbi l\u00e0 kh\u1ed1i nhi\u1ec7t nh\u1ecf \u0111\u1ea7u ti\u00ean v\u00e0 duy nh\u1ea5t c\u00f3 t\u00ednh n\u0103ng n\u1eafp s\u01b0\u1edfi \u0111\u1ec3 b\u1ea3o v\u1ec7 m\u1eabu ch\u1ed1ng l\u1ea1i s\u1ef1 ng\u01b0ng t\u1ee5 v\u00e0 bay h\u01a1i kh\u00f4ng mong mu\u1ed1n.\" \/>\n<meta name=\"robots\" content=\"index, follow, max-snippet:-1, max-image-preview:large, max-video-preview:-1\" \/>\n<link rel=\"canonical\" href=\"https:\/\/biogroupvietnam.com\/vi\/san-pham\/may-u-nhiet-kho\/\" \/>\n<meta property=\"og:locale\" content=\"vi_VN\" \/>\n<meta property=\"og:type\" content=\"article\" \/>\n<meta property=\"og:title\" content=\"M\u00e1y \u1ee7 nhi\u1ec7t kh\u00f4\" \/>\n<meta property=\"og:description\" content=\"MyBlock HL m\u1edbi l\u00e0 kh\u1ed1i nhi\u1ec7t nh\u1ecf \u0111\u1ea7u ti\u00ean v\u00e0 duy nh\u1ea5t c\u00f3 t\u00ednh n\u0103ng n\u1eafp s\u01b0\u1edfi \u0111\u1ec3 b\u1ea3o v\u1ec7 m\u1eabu ch\u1ed1ng l\u1ea1i s\u1ef1 ng\u01b0ng t\u1ee5 v\u00e0 bay h\u01a1i kh\u00f4ng mong mu\u1ed1n.\" \/>\n<meta property=\"og:url\" content=\"https:\/\/biogroupvietnam.com\/vi\/san-pham\/may-u-nhiet-kho\/\" \/>\n<meta property=\"og:site_name\" content=\"Biogroup Vietnam\" \/>\n<meta property=\"article:modified_time\" content=\"2025-11-12T11:36:29+00:00\" \/>\n<meta property=\"og:image\" content=\"https:\/\/biogroupvietnam.com\/wp-content\/uploads\/2025\/08\/myBlock\u2122-HL-Mini-Dry-Bath-with-Heated-Lid.jpg\" \/>\n\t<meta property=\"og:image:width\" content=\"1640\" \/>\n\t<meta property=\"og:image:height\" content=\"1260\" \/>\n\t<meta property=\"og:image:type\" content=\"image\/jpeg\" \/>\n<meta name=\"twitter:card\" content=\"summary_large_image\" \/>\n<meta name=\"twitter:label1\" content=\"\u01af\u1edbc t\u00ednh th\u1eddi gian \u0111\u1ecdc\" \/>\n\t<meta name=\"twitter:data1\" content=\"1 ph\u00fat\" \/>\n<script type=\"application\/ld+json\" class=\"yoast-schema-graph\">{\"@context\":\"https:\/\/schema.org\",\"@graph\":[{\"@type\":\"WebPage\",\"@id\":\"https:\/\/biogroupvietnam.com\/vi\/san-pham\/may-u-nhiet-kho\/\",\"url\":\"https:\/\/biogroupvietnam.com\/vi\/san-pham\/may-u-nhiet-kho\/\",\"name\":\"M\u00e1y \u1ee7 nhi\u1ec7t kh\u00f4\",\"isPartOf\":{\"@id\":\"https:\/\/biogroupvietnam.com\/vi\/#website\"},\"primaryImageOfPage\":{\"@id\":\"https:\/\/biogroupvietnam.com\/vi\/san-pham\/may-u-nhiet-kho\/#primaryimage\"},\"image\":{\"@id\":\"https:\/\/biogroupvietnam.com\/vi\/san-pham\/may-u-nhiet-kho\/#primaryimage\"},\"thumbnailUrl\":\"https:\/\/biogroupvietnam.com\/wp-content\/uploads\/2025\/08\/myBlock\u2122-HL-Mini-Dry-Bath-with-Heated-Lid.jpg\",\"datePublished\":\"2025-08-18T12:51:52+00:00\",\"dateModified\":\"2025-11-12T11:36:29+00:00\",\"description\":\"MyBlock HL m\u1edbi l\u00e0 kh\u1ed1i nhi\u1ec7t nh\u1ecf \u0111\u1ea7u ti\u00ean v\u00e0 duy nh\u1ea5t c\u00f3 t\u00ednh n\u0103ng n\u1eafp s\u01b0\u1edfi \u0111\u1ec3 b\u1ea3o v\u1ec7 m\u1eabu ch\u1ed1ng l\u1ea1i s\u1ef1 ng\u01b0ng t\u1ee5 v\u00e0 bay h\u01a1i kh\u00f4ng mong mu\u1ed1n.\",\"breadcrumb\":{\"@id\":\"https:\/\/biogroupvietnam.com\/vi\/san-pham\/may-u-nhiet-kho\/#breadcrumb\"},\"inLanguage\":\"vi\",\"potentialAction\":[{\"@type\":\"ReadAction\",\"target\":[\"https:\/\/biogroupvietnam.com\/vi\/san-pham\/may-u-nhiet-kho\/\"]}]},{\"@type\":\"ImageObject\",\"inLanguage\":\"vi\",\"@id\":\"https:\/\/biogroupvietnam.com\/vi\/san-pham\/may-u-nhiet-kho\/#primaryimage\",\"url\":\"https:\/\/biogroupvietnam.com\/wp-content\/uploads\/2025\/08\/myBlock\u2122-HL-Mini-Dry-Bath-with-Heated-Lid.jpg\",\"contentUrl\":\"https:\/\/biogroupvietnam.com\/wp-content\/uploads\/2025\/08\/myBlock\u2122-HL-Mini-Dry-Bath-with-Heated-Lid.jpg\",\"width\":1640,\"height\":1260},{\"@type\":\"BreadcrumbList\",\"@id\":\"https:\/\/biogroupvietnam.com\/vi\/san-pham\/may-u-nhiet-kho\/#breadcrumb\",\"itemListElement\":[{\"@type\":\"ListItem\",\"position\":1,\"name\":\"Trang ch\u1ee7\",\"item\":\"https:\/\/biogroupvietnam.com\/vi\/\"},{\"@type\":\"ListItem\",\"position\":2,\"name\":\"S\u1ea3n ph\u1ea9m\",\"item\":\"https:\/\/biogroupvietnam.com\/vi\/san-pham\/\"},{\"@type\":\"ListItem\",\"position\":3,\"name\":\"R&amp;D Sinh H\u1ecdc\",\"item\":\"https:\/\/biogroupvietnam.com\/vi\/danh-muc-san-pham\/rd-sinh-hoc\/\"},{\"@type\":\"ListItem\",\"position\":4,\"name\":\"T\u1ee7 an to\u00e0n sinh h\u1ecdc\",\"item\":\"https:\/\/biogroupvietnam.com\/vi\/danh-muc-san-pham\/tu-an-toan-sinh-hoc\/\"},{\"@type\":\"ListItem\",\"position\":5,\"name\":\"M\u00e1y \u1ee7 nhi\u1ec7t kh\u00f4\"}]},{\"@type\":\"WebSite\",\"@id\":\"https:\/\/biogroupvietnam.com\/vi\/#website\",\"url\":\"https:\/\/biogroupvietnam.com\/vi\/\",\"name\":\"Biogroup Vietnam\",\"description\":\"Biogroup Vietnam cung c\u1ea5p d\u1ecbch v\u1ee5 k\u1ef9 thu\u1eadt c\u00f9ng thi\u1ebft b\u1ecb, v\u1eadt t\u01b0, h\u00f3a ch\u1ea5t v\u00e0 gi\u1ea3i ph\u00e1p sinh h\u1ecdc cho ph\u00f2ng th\u00ed nghi\u1ec7m c\u00f4ng ngh\u1ec7 sinh h\u1ecdc, y sinh v\u00e0 y h\u1ecdc t\u00e1i t\u1ea1o.\",\"potentialAction\":[{\"@type\":\"SearchAction\",\"target\":{\"@type\":\"EntryPoint\",\"urlTemplate\":\"https:\/\/biogroupvietnam.com\/vi\/?s={search_term_string}\"},\"query-input\":{\"@type\":\"PropertyValueSpecification\",\"valueRequired\":true,\"valueName\":\"search_term_string\"}}],\"inLanguage\":\"vi\"}]}<\/script>\n<!-- \/ Yoast SEO plugin. -->","yoast_head_json":{"title":"M\u00e1y \u1ee7 nhi\u1ec7t kh\u00f4","description":"MyBlock HL m\u1edbi l\u00e0 kh\u1ed1i nhi\u1ec7t nh\u1ecf \u0111\u1ea7u ti\u00ean v\u00e0 duy nh\u1ea5t c\u00f3 t\u00ednh n\u0103ng n\u1eafp s\u01b0\u1edfi \u0111\u1ec3 b\u1ea3o v\u1ec7 m\u1eabu ch\u1ed1ng l\u1ea1i s\u1ef1 ng\u01b0ng t\u1ee5 v\u00e0 bay h\u01a1i kh\u00f4ng mong mu\u1ed1n.","robots":{"index":"index","follow":"follow","max-snippet":"max-snippet:-1","max-image-preview":"max-image-preview:large","max-video-preview":"max-video-preview:-1"},"canonical":"https:\/\/biogroupvietnam.com\/vi\/san-pham\/may-u-nhiet-kho\/","og_locale":"vi_VN","og_type":"article","og_title":"M\u00e1y \u1ee7 nhi\u1ec7t kh\u00f4","og_description":"MyBlock HL m\u1edbi l\u00e0 kh\u1ed1i nhi\u1ec7t nh\u1ecf \u0111\u1ea7u ti\u00ean v\u00e0 duy nh\u1ea5t c\u00f3 t\u00ednh n\u0103ng n\u1eafp s\u01b0\u1edfi \u0111\u1ec3 b\u1ea3o v\u1ec7 m\u1eabu ch\u1ed1ng l\u1ea1i s\u1ef1 ng\u01b0ng t\u1ee5 v\u00e0 bay h\u01a1i kh\u00f4ng mong mu\u1ed1n.","og_url":"https:\/\/biogroupvietnam.com\/vi\/san-pham\/may-u-nhiet-kho\/","og_site_name":"Biogroup Vietnam","article_modified_time":"2025-11-12T11:36:29+00:00","og_image":[{"width":1640,"height":1260,"url":"https:\/\/biogroupvietnam.com\/wp-content\/uploads\/2025\/08\/myBlock\u2122-HL-Mini-Dry-Bath-with-Heated-Lid.jpg","type":"image\/jpeg"}],"twitter_card":"summary_large_image","twitter_misc":{"\u01af\u1edbc t\u00ednh th\u1eddi gian \u0111\u1ecdc":"1 ph\u00fat"},"schema":{"@context":"https:\/\/schema.org","@graph":[{"@type":"WebPage","@id":"https:\/\/biogroupvietnam.com\/vi\/san-pham\/may-u-nhiet-kho\/","url":"https:\/\/biogroupvietnam.com\/vi\/san-pham\/may-u-nhiet-kho\/","name":"M\u00e1y \u1ee7 nhi\u1ec7t kh\u00f4","isPartOf":{"@id":"https:\/\/biogroupvietnam.com\/vi\/#website"},"primaryImageOfPage":{"@id":"https:\/\/biogroupvietnam.com\/vi\/san-pham\/may-u-nhiet-kho\/#primaryimage"},"image":{"@id":"https:\/\/biogroupvietnam.com\/vi\/san-pham\/may-u-nhiet-kho\/#primaryimage"},"thumbnailUrl":"https:\/\/biogroupvietnam.com\/wp-content\/uploads\/2025\/08\/myBlock\u2122-HL-Mini-Dry-Bath-with-Heated-Lid.jpg","datePublished":"2025-08-18T12:51:52+00:00","dateModified":"2025-11-12T11:36:29+00:00","description":"MyBlock HL m\u1edbi l\u00e0 kh\u1ed1i nhi\u1ec7t nh\u1ecf \u0111\u1ea7u ti\u00ean v\u00e0 duy nh\u1ea5t c\u00f3 t\u00ednh n\u0103ng n\u1eafp s\u01b0\u1edfi \u0111\u1ec3 b\u1ea3o v\u1ec7 m\u1eabu ch\u1ed1ng l\u1ea1i s\u1ef1 ng\u01b0ng t\u1ee5 v\u00e0 bay h\u01a1i kh\u00f4ng mong mu\u1ed1n.","breadcrumb":{"@id":"https:\/\/biogroupvietnam.com\/vi\/san-pham\/may-u-nhiet-kho\/#breadcrumb"},"inLanguage":"vi","potentialAction":[{"@type":"ReadAction","target":["https:\/\/biogroupvietnam.com\/vi\/san-pham\/may-u-nhiet-kho\/"]}]},{"@type":"ImageObject","inLanguage":"vi","@id":"https:\/\/biogroupvietnam.com\/vi\/san-pham\/may-u-nhiet-kho\/#primaryimage","url":"https:\/\/biogroupvietnam.com\/wp-content\/uploads\/2025\/08\/myBlock\u2122-HL-Mini-Dry-Bath-with-Heated-Lid.jpg","contentUrl":"https:\/\/biogroupvietnam.com\/wp-content\/uploads\/2025\/08\/myBlock\u2122-HL-Mini-Dry-Bath-with-Heated-Lid.jpg","width":1640,"height":1260},{"@type":"BreadcrumbList","@id":"https:\/\/biogroupvietnam.com\/vi\/san-pham\/may-u-nhiet-kho\/#breadcrumb","itemListElement":[{"@type":"ListItem","position":1,"name":"Trang ch\u1ee7","item":"https:\/\/biogroupvietnam.com\/vi\/"},{"@type":"ListItem","position":2,"name":"S\u1ea3n ph\u1ea9m","item":"https:\/\/biogroupvietnam.com\/vi\/san-pham\/"},{"@type":"ListItem","position":3,"name":"R&amp;D Sinh H\u1ecdc","item":"https:\/\/biogroupvietnam.com\/vi\/danh-muc-san-pham\/rd-sinh-hoc\/"},{"@type":"ListItem","position":4,"name":"T\u1ee7 an to\u00e0n sinh h\u1ecdc","item":"https:\/\/biogroupvietnam.com\/vi\/danh-muc-san-pham\/tu-an-toan-sinh-hoc\/"},{"@type":"ListItem","position":5,"name":"M\u00e1y \u1ee7 nhi\u1ec7t kh\u00f4"}]},{"@type":"WebSite","@id":"https:\/\/biogroupvietnam.com\/vi\/#website","url":"https:\/\/biogroupvietnam.com\/vi\/","name":"Biogroup Vietnam","description":"Biogroup Vietnam cung c\u1ea5p d\u1ecbch v\u1ee5 k\u1ef9 thu\u1eadt c\u00f9ng thi\u1ebft b\u1ecb, v\u1eadt t\u01b0, h\u00f3a ch\u1ea5t v\u00e0 gi\u1ea3i ph\u00e1p sinh h\u1ecdc cho ph\u00f2ng th\u00ed nghi\u1ec7m c\u00f4ng ngh\u1ec7 sinh h\u1ecdc, y sinh v\u00e0 y h\u1ecdc t\u00e1i t\u1ea1o.","potentialAction":[{"@type":"SearchAction","target":{"@type":"EntryPoint","urlTemplate":"https:\/\/biogroupvietnam.com\/vi\/?s={search_term_string}"},"query-input":{"@type":"PropertyValueSpecification","valueRequired":true,"valueName":"search_term_string"}}],"inLanguage":"vi"}]}},"_links":{"self":[{"href":"https:\/\/biogroupvietnam.com\/vi\/wp-json\/wp\/v2\/product\/3646","targetHints":{"allow":["GET"]}}],"collection":[{"href":"https:\/\/biogroupvietnam.com\/vi\/wp-json\/wp\/v2\/product"}],"about":[{"href":"https:\/\/biogroupvietnam.com\/vi\/wp-json\/wp\/v2\/types\/product"}],"replies":[{"embeddable":true,"href":"https:\/\/biogroupvietnam.com\/vi\/wp-json\/wp\/v2\/comments?post=3646"}],"version-history":[{"count":5,"href":"https:\/\/biogroupvietnam.com\/vi\/wp-json\/wp\/v2\/product\/3646\/revisions"}],"predecessor-version":[{"id":8909,"href":"https:\/\/biogroupvietnam.com\/vi\/wp-json\/wp\/v2\/product\/3646\/revisions\/8909"}],"wp:featuredmedia":[{"embeddable":true,"href":"https:\/\/biogroupvietnam.com\/vi\/wp-json\/wp\/v2\/media\/8908"}],"wp:attachment":[{"href":"https:\/\/biogroupvietnam.com\/vi\/wp-json\/wp\/v2\/media?parent=3646"}],"wp:term":[{"taxonomy":"product_brand","embeddable":true,"href":"https:\/\/biogroupvietnam.com\/vi\/wp-json\/wp\/v2\/product_brand?post=3646"},{"taxonomy":"product_cat","embeddable":true,"href":"https:\/\/biogroupvietnam.com\/vi\/wp-json\/wp\/v2\/product_cat?post=3646"},{"taxonomy":"product_tag","embeddable":true,"href":"https:\/\/biogroupvietnam.com\/vi\/wp-json\/wp\/v2\/product_tag?post=3646"}],"curies":[{"name":"wp","href":"https:\/\/api.w.org\/{rel}","templated":true}]}}