{"id":3647,"date":"2025-08-18T19:51:52","date_gmt":"2025-08-18T12:51:52","guid":{"rendered":"http:\/\/biogroupvietnam-worldpress.local\/product\/import-placeholder-for-44\/"},"modified":"2026-04-06T14:22:00","modified_gmt":"2026-04-06T07:22:00","slug":"moi-truong-biet-hoa-te-bao-mo-mesencult","status":"publish","type":"product","link":"https:\/\/biogroupvietnam.com\/vi\/san-pham\/moi-truong-biet-hoa-te-bao-mo-mesencult\/","title":{"rendered":"B\u1ed9 M\u00f4i Tr\u01b0\u1eddng Bi\u1ec7t H\u00f3a T\u1ebf B\u00e0o M\u1ee1 MesenCult\u2122 (Ng\u01b0\u1eddi)"},"content":{"rendered":"<p style=\"text-align: justify;\">MesenCult\u2122 Adipogenic Differentiation Medium (Human; Catalog # 05412) l\u00e0 b\u1ed9 m\u00f4i\u00a0tr\u01b0\u1eddng d\u00f9ng trong\u00a0<i>in vitro<\/i>\u00a0<i>\u0111\u1ec3 bi\u1ec7t h\u00f3a c\u00e1c t\u1ebf b\u00e0o\u00a0g\u1ed1c\u00a0trung m\u00f4 c\u1ee7a ng\u01b0\u1eddi (MSCs) th\u00e0nh c\u00e1c\u00a0d\u00f2ng\u00a0t\u1ebf b\u00e0o m\u1ee1<\/i>.<\/p>\n<p style=\"text-align: justify;\">B\u1ed9 kit\u00a0n\u00e0y th\u00edch h\u1ee3p \u0111\u1ec3 bi\u1ec7t h\u00f3a\u00a0c\u00e1c <strong>MSC c\u00f3 ngu\u1ed3n g\u1ed1c t\u1eeb t\u1ee7y x\u01b0\u01a1ng (BM), m\u00f4 m\u1ee1, d\u00e2y r\u1ed1n ho\u1eb7c t\u1ebf b\u00e0o g\u1ed1c \u0111a n\u0103ng<\/strong>\u00a0(PSC) \u0111\u00e3 \u0111\u01b0\u1ee3c nu\u00f4i c\u1ea5y trong m\u00f4i tr\u01b0\u1eddng kh\u00f4ng c\u00f3 th\u00e0nh ph\u1ea7n huy\u1ebft thanh v\u00e0 kh\u00f4ng c\u00f3 ngu\u1ed3n g\u1ed1c t\u1eeb \u0111\u1ed9ng v\u1eadt (v\u00ed d\u1ee5: MesenCult \u2122 ACF Plus Medium [Catalog # 05445]), ho\u1eb7c m\u00f4i tr\u01b0\u1eddng ch\u1ee9a huy\u1ebft thanh (v\u00ed d\u1ee5: MesenCult \u2122 Proliferation Kit [Catalog # 05411]), ho\u1eb7c m\u00f4i tr\u01b0\u1eddng ly gi\u1ea3i ti\u1ec3u c\u1ea7u (v\u00ed d\u1ee5 MesenCult \u2122 -hPL Medium [Catalog # 05439])<\/p>\n<figure class=\"table\">\n<table>\n<tbody>\n<tr>\n<td>&nbsp;<\/p>\n<p>&nbsp;<\/p>\n<p>&nbsp;<\/p>\n<p><strong>\u01afu \u0111i\u1ec3m<\/strong><\/p>\n<p>&nbsp;<\/td>\n<td>\n<ul>\n<li>\n<p style=\"text-align: justify;\">Bi\u1ec7t h\u00f3a m\u1ea1nh m\u1ebd v\u00e0 linh ho\u1ea1t c\u00e1c\u00a0t\u1ebf b\u00e0o g\u1ed1c trung m\u00f4 (\u1edf ng\u01b0\u1eddi) th\u00e0nh c\u00e1c t\u1ebf b\u00e0o m\u1ee1<\/p>\n<\/li>\n<li>\n<p style=\"text-align: justify;\">\u0110\u01b0\u1ee3c t\u1ed1i \u01b0u \u0111\u1ec3 bi\u1ec7t h\u00f3a\u00a0MSC c\u1ee7a ng\u01b0\u1eddi c\u00f3 ngu\u1ed3n g\u1ed1c t\u1eeb t\u1ee7y x\u01b0\u01a1ng v\u00e0 m\u00f4 m\u1ee1 \u0111\u00e3\u00a0\u0111\u01b0\u1ee3c nu\u00f4i c\u1ea5y trong m\u00f4i tr\u01b0\u1eddng c\u00f3 ch\u1ee9a huy\u1ebft thanh ho\u1eb7c kh\u00f4ng c\u00f3 huy\u1ebft thanh, ch\u1eb3ng h\u1ea1n nh\u01b0 MesenCult\u2122 &#8211;\u00a0ACF Plus Medium<\/p>\n<\/li>\n<li>\n<p style=\"text-align: justify;\">T\u01b0\u01a1ng th\u00edch v\u1edbi MSC\u00a0\u0111\u00e3\u00a0\u0111\u01b0\u1ee3c nu\u00f4i c\u1ea5y trong m\u00f4i tr\u01b0\u1eddng ph\u00e2n gi\u1ea3i ti\u1ec3u c\u1ea7u\u00a0tr\u01b0\u1edbc \u0111\u00f3<\/p>\n<\/li>\n<\/ul>\n<\/td>\n<\/tr>\n<tr>\n<td>&nbsp;<\/p>\n<p>&nbsp;<\/p>\n<p><strong>Th\u00e0nh ph\u1ea7n<\/strong><\/p>\n<p>&nbsp;<\/td>\n<td>\n<ul>\n<li>\n<p style=\"text-align: justify;\">MesenCult\u2122 MSC Basal Medium (Human; Catalog #05413), 225 mL<\/p>\n<\/li>\n<li>\n<p style=\"text-align: justify;\">MesenCult\u2122 10X Adipogenic Differentiation Supplement (Human; Catalog #05414), 25 mL<\/p>\n<\/li>\n<li>\n<p style=\"text-align: justify;\">MesenCult\u2122 500X Adipogenic Differentiation Supplement (Human; Catalog #05415), 0.5 mL<\/p>\n<\/li>\n<\/ul>\n<\/td>\n<\/tr>\n<tr>\n<td><strong>Lo\u1ea1i m\u00f4i tr\u01b0\u1eddng<\/strong><\/td>\n<td>M\u00f4i tr\u01b0\u1eddng chuy\u00ean bi\u1ec7t<\/td>\n<\/tr>\n<tr>\n<td><strong>Lo\u1ea1i t\u1ebf b\u00e0o<\/strong><\/td>\n<td>Adipocytes; Mesenchymal Stem and Progenitor Cells<\/td>\n<\/tr>\n<\/tbody>\n<\/table>\n<\/figure>\n","protected":false},"excerpt":{"rendered":"<p>MesenCult\u2122 Adipogenic Differentiation Medium (Human; Catalog # 05412) l\u00e0 b\u1ed9 m\u00f4i\u00a0tr\u01b0\u1eddng d\u00f9ng trong\u00a0in vitro\u00a0\u0111\u1ec3 bi\u1ec7t h\u00f3a c\u00e1c t\u1ebf b\u00e0o\u00a0g\u1ed1c\u00a0trung m\u00f4 c\u1ee7a ng\u01b0\u1eddi (MSCs) th\u00e0nh c\u00e1c\u00a0d\u00f2ng\u00a0t\u1ebf b\u00e0o m\u1ee1. B\u1ed9 kit\u00a0n\u00e0y th\u00edch h\u1ee3p \u0111\u1ec3 bi\u1ec7t h\u00f3a\u00a0c\u00e1c MSC c\u00f3 ngu\u1ed3n g\u1ed1c t\u1eeb t\u1ee7y x\u01b0\u01a1ng (BM), m\u00f4 m\u1ee1, d\u00e2y r\u1ed1n ho\u1eb7c t\u1ebf b\u00e0o g\u1ed1c \u0111a n\u0103ng\u00a0(PSC) \u0111\u00e3 \u0111\u01b0\u1ee3c nu\u00f4i<\/p>\n<div class=\"klb-readmore post-buttons\"><a class=\"button rounded primary\" href=\"https:\/\/biogroupvietnam.com\/vi\/san-pham\/moi-truong-biet-hoa-te-bao-mo-mesencult\/\">Read More <i class=\"klbth-icon-right-arrow\"><\/i><\/a><\/div>\n","protected":false},"featured_media":10235,"comment_status":"closed","ping_status":"closed","template":"","meta":{"_acf_changed":false},"product_brand":[127],"product_cat":[87],"product_tag":[],"class_list":{"0":"post-3647","1":"product","2":"type-product","3":"status-publish","4":"has-post-thumbnail","6":"product_brand-stemcell-technologies","7":"product_cat-biet-hoa-te-bao","9":"first","10":"outofstock","11":"shipping-taxable","12":"product-type-simple"},"acf":[],"yoast_head":"<!-- This site is optimized with the Yoast SEO plugin v26.8 - https:\/\/yoast.com\/product\/yoast-seo-wordpress\/ -->\n<title>B\u1ed9 M\u00f4i Tr\u01b0\u1eddng Bi\u1ec7t H\u00f3a T\u1ebf B\u00e0o M\u1ee1 MesenCult\u2122 (Ng\u01b0\u1eddi)<\/title>\n<meta name=\"description\" content=\"M\u00f4i tr\u01b0\u1eddng bi\u1ec7t h\u00f3a t\u1ebf b\u00e0o m\u1ee1 (\u1edf ng\u01b0\u1eddi) l\u00e0 b\u1ed9 m\u00f4i\u00a0tr\u01b0\u1eddng d\u00f9ng trong\u00a0in vitro\u00a0\u0111\u1ec3 bi\u1ec7t h\u00f3a c\u00e1c t\u1ebf b\u00e0o\u00a0g\u1ed1c\u00a0trung m\u00f4 c\u1ee7a ng\u01b0\u1eddi (MSCs) th\u00e0nh c\u00e1c\u00a0d\u00f2ng\u00a0t\u1ebf b\u00e0o m\u1ee1.\" \/>\n<meta name=\"robots\" content=\"index, follow, max-snippet:-1, max-image-preview:large, max-video-preview:-1\" \/>\n<link rel=\"canonical\" href=\"https:\/\/biogroupvietnam.com\/vi\/san-pham\/moi-truong-biet-hoa-te-bao-mo-mesencult\/\" \/>\n<meta property=\"og:locale\" content=\"vi_VN\" \/>\n<meta property=\"og:type\" content=\"article\" \/>\n<meta property=\"og:title\" content=\"B\u1ed9 M\u00f4i Tr\u01b0\u1eddng Bi\u1ec7t H\u00f3a T\u1ebf B\u00e0o M\u1ee1 MesenCult\u2122 (Ng\u01b0\u1eddi)\" \/>\n<meta property=\"og:description\" content=\"M\u00f4i tr\u01b0\u1eddng bi\u1ec7t h\u00f3a t\u1ebf b\u00e0o m\u1ee1 (\u1edf ng\u01b0\u1eddi) l\u00e0 b\u1ed9 m\u00f4i\u00a0tr\u01b0\u1eddng d\u00f9ng trong\u00a0in vitro\u00a0\u0111\u1ec3 bi\u1ec7t h\u00f3a c\u00e1c t\u1ebf b\u00e0o\u00a0g\u1ed1c\u00a0trung m\u00f4 c\u1ee7a ng\u01b0\u1eddi (MSCs) th\u00e0nh c\u00e1c\u00a0d\u00f2ng\u00a0t\u1ebf b\u00e0o m\u1ee1.\" \/>\n<meta property=\"og:url\" content=\"https:\/\/biogroupvietnam.com\/vi\/san-pham\/moi-truong-biet-hoa-te-bao-mo-mesencult\/\" \/>\n<meta property=\"og:site_name\" content=\"Biogroup Vietnam\" \/>\n<meta property=\"article:modified_time\" content=\"2026-04-06T07:22:00+00:00\" \/>\n<meta property=\"og:image\" content=\"https:\/\/biogroupvietnam.com\/wp-content\/uploads\/2025\/08\/bo-moi-truong-biet-hoa-te-bao-mo-mesencult-nguoi.jpg\" \/>\n\t<meta property=\"og:image:width\" content=\"1640\" \/>\n\t<meta property=\"og:image:height\" content=\"1260\" \/>\n\t<meta property=\"og:image:type\" content=\"image\/jpeg\" \/>\n<meta name=\"twitter:card\" content=\"summary_large_image\" \/>\n<meta name=\"twitter:label1\" content=\"\u01af\u1edbc t\u00ednh th\u1eddi gian \u0111\u1ecdc\" \/>\n\t<meta name=\"twitter:data1\" content=\"2 ph\u00fat\" \/>\n<script type=\"application\/ld+json\" class=\"yoast-schema-graph\">{\"@context\":\"https:\/\/schema.org\",\"@graph\":[{\"@type\":\"WebPage\",\"@id\":\"https:\/\/biogroupvietnam.com\/vi\/san-pham\/moi-truong-biet-hoa-te-bao-mo-mesencult\/\",\"url\":\"https:\/\/biogroupvietnam.com\/vi\/san-pham\/moi-truong-biet-hoa-te-bao-mo-mesencult\/\",\"name\":\"B\u1ed9 M\u00f4i Tr\u01b0\u1eddng Bi\u1ec7t H\u00f3a T\u1ebf B\u00e0o M\u1ee1 MesenCult\u2122 (Ng\u01b0\u1eddi)\",\"isPartOf\":{\"@id\":\"https:\/\/biogroupvietnam.com\/vi\/#website\"},\"primaryImageOfPage\":{\"@id\":\"https:\/\/biogroupvietnam.com\/vi\/san-pham\/moi-truong-biet-hoa-te-bao-mo-mesencult\/#primaryimage\"},\"image\":{\"@id\":\"https:\/\/biogroupvietnam.com\/vi\/san-pham\/moi-truong-biet-hoa-te-bao-mo-mesencult\/#primaryimage\"},\"thumbnailUrl\":\"https:\/\/biogroupvietnam.com\/wp-content\/uploads\/2025\/08\/bo-moi-truong-biet-hoa-te-bao-mo-mesencult-nguoi.jpg\",\"datePublished\":\"2025-08-18T12:51:52+00:00\",\"dateModified\":\"2026-04-06T07:22:00+00:00\",\"description\":\"M\u00f4i tr\u01b0\u1eddng bi\u1ec7t h\u00f3a t\u1ebf b\u00e0o m\u1ee1 (\u1edf ng\u01b0\u1eddi) l\u00e0 b\u1ed9 m\u00f4i\u00a0tr\u01b0\u1eddng d\u00f9ng trong\u00a0in vitro\u00a0\u0111\u1ec3 bi\u1ec7t h\u00f3a c\u00e1c t\u1ebf b\u00e0o\u00a0g\u1ed1c\u00a0trung m\u00f4 c\u1ee7a ng\u01b0\u1eddi (MSCs) th\u00e0nh c\u00e1c\u00a0d\u00f2ng\u00a0t\u1ebf b\u00e0o m\u1ee1.\",\"breadcrumb\":{\"@id\":\"https:\/\/biogroupvietnam.com\/vi\/san-pham\/moi-truong-biet-hoa-te-bao-mo-mesencult\/#breadcrumb\"},\"inLanguage\":\"vi\",\"potentialAction\":[{\"@type\":\"ReadAction\",\"target\":[\"https:\/\/biogroupvietnam.com\/vi\/san-pham\/moi-truong-biet-hoa-te-bao-mo-mesencult\/\"]}]},{\"@type\":\"ImageObject\",\"inLanguage\":\"vi\",\"@id\":\"https:\/\/biogroupvietnam.com\/vi\/san-pham\/moi-truong-biet-hoa-te-bao-mo-mesencult\/#primaryimage\",\"url\":\"https:\/\/biogroupvietnam.com\/wp-content\/uploads\/2025\/08\/bo-moi-truong-biet-hoa-te-bao-mo-mesencult-nguoi.jpg\",\"contentUrl\":\"https:\/\/biogroupvietnam.com\/wp-content\/uploads\/2025\/08\/bo-moi-truong-biet-hoa-te-bao-mo-mesencult-nguoi.jpg\",\"width\":1640,\"height\":1260,\"caption\":\"B\u1ed9 M\u00f4i Tr\u01b0\u1eddng Bi\u1ec7t H\u00f3a T\u1ebf B\u00e0o M\u1ee1 MesenCult\u2122 (Ng\u01b0\u1eddi)\"},{\"@type\":\"BreadcrumbList\",\"@id\":\"https:\/\/biogroupvietnam.com\/vi\/san-pham\/moi-truong-biet-hoa-te-bao-mo-mesencult\/#breadcrumb\",\"itemListElement\":[{\"@type\":\"ListItem\",\"position\":1,\"name\":\"Trang ch\u1ee7\",\"item\":\"https:\/\/biogroupvietnam.com\/vi\/\"},{\"@type\":\"ListItem\",\"position\":2,\"name\":\"S\u1ea3n ph\u1ea9m\",\"item\":\"https:\/\/biogroupvietnam.com\/vi\/san-pham\/\"},{\"@type\":\"ListItem\",\"position\":3,\"name\":\"Nu\u00f4i C\u1ea5y T\u1ebf B\u00e0o\",\"item\":\"https:\/\/biogroupvietnam.com\/vi\/danh-muc-san-pham\/nuoi-cay-te-bao\/\"},{\"@type\":\"ListItem\",\"position\":4,\"name\":\"Bi\u1ec7t H\u00f3a T\u1ebf B\u00e0o\",\"item\":\"https:\/\/biogroupvietnam.com\/vi\/danh-muc-san-pham\/biet-hoa-te-bao\/\"},{\"@type\":\"ListItem\",\"position\":5,\"name\":\"B\u1ed9 M\u00f4i Tr\u01b0\u1eddng Bi\u1ec7t H\u00f3a T\u1ebf B\u00e0o M\u1ee1 MesenCult\u2122 (Ng\u01b0\u1eddi)\"}]},{\"@type\":\"WebSite\",\"@id\":\"https:\/\/biogroupvietnam.com\/vi\/#website\",\"url\":\"https:\/\/biogroupvietnam.com\/vi\/\",\"name\":\"Biogroup Vietnam\",\"description\":\"Biogroup Vietnam cung c\u1ea5p d\u1ecbch v\u1ee5 k\u1ef9 thu\u1eadt c\u00f9ng thi\u1ebft b\u1ecb, v\u1eadt t\u01b0, h\u00f3a ch\u1ea5t v\u00e0 gi\u1ea3i ph\u00e1p sinh h\u1ecdc cho ph\u00f2ng th\u00ed nghi\u1ec7m c\u00f4ng ngh\u1ec7 sinh h\u1ecdc, y sinh v\u00e0 y h\u1ecdc t\u00e1i t\u1ea1o.\",\"potentialAction\":[{\"@type\":\"SearchAction\",\"target\":{\"@type\":\"EntryPoint\",\"urlTemplate\":\"https:\/\/biogroupvietnam.com\/vi\/?s={search_term_string}\"},\"query-input\":{\"@type\":\"PropertyValueSpecification\",\"valueRequired\":true,\"valueName\":\"search_term_string\"}}],\"inLanguage\":\"vi\"}]}<\/script>\n<!-- \/ Yoast SEO plugin. -->","yoast_head_json":{"title":"B\u1ed9 M\u00f4i Tr\u01b0\u1eddng Bi\u1ec7t H\u00f3a T\u1ebf B\u00e0o M\u1ee1 MesenCult\u2122 (Ng\u01b0\u1eddi)","description":"M\u00f4i tr\u01b0\u1eddng bi\u1ec7t h\u00f3a t\u1ebf b\u00e0o m\u1ee1 (\u1edf ng\u01b0\u1eddi) l\u00e0 b\u1ed9 m\u00f4i\u00a0tr\u01b0\u1eddng d\u00f9ng trong\u00a0in vitro\u00a0\u0111\u1ec3 bi\u1ec7t h\u00f3a c\u00e1c t\u1ebf b\u00e0o\u00a0g\u1ed1c\u00a0trung m\u00f4 c\u1ee7a ng\u01b0\u1eddi (MSCs) th\u00e0nh c\u00e1c\u00a0d\u00f2ng\u00a0t\u1ebf b\u00e0o m\u1ee1.","robots":{"index":"index","follow":"follow","max-snippet":"max-snippet:-1","max-image-preview":"max-image-preview:large","max-video-preview":"max-video-preview:-1"},"canonical":"https:\/\/biogroupvietnam.com\/vi\/san-pham\/moi-truong-biet-hoa-te-bao-mo-mesencult\/","og_locale":"vi_VN","og_type":"article","og_title":"B\u1ed9 M\u00f4i Tr\u01b0\u1eddng Bi\u1ec7t H\u00f3a T\u1ebf B\u00e0o M\u1ee1 MesenCult\u2122 (Ng\u01b0\u1eddi)","og_description":"M\u00f4i tr\u01b0\u1eddng bi\u1ec7t h\u00f3a t\u1ebf b\u00e0o m\u1ee1 (\u1edf ng\u01b0\u1eddi) l\u00e0 b\u1ed9 m\u00f4i\u00a0tr\u01b0\u1eddng d\u00f9ng trong\u00a0in vitro\u00a0\u0111\u1ec3 bi\u1ec7t h\u00f3a c\u00e1c t\u1ebf b\u00e0o\u00a0g\u1ed1c\u00a0trung m\u00f4 c\u1ee7a ng\u01b0\u1eddi (MSCs) th\u00e0nh c\u00e1c\u00a0d\u00f2ng\u00a0t\u1ebf b\u00e0o m\u1ee1.","og_url":"https:\/\/biogroupvietnam.com\/vi\/san-pham\/moi-truong-biet-hoa-te-bao-mo-mesencult\/","og_site_name":"Biogroup Vietnam","article_modified_time":"2026-04-06T07:22:00+00:00","og_image":[{"width":1640,"height":1260,"url":"https:\/\/biogroupvietnam.com\/wp-content\/uploads\/2025\/08\/bo-moi-truong-biet-hoa-te-bao-mo-mesencult-nguoi.jpg","type":"image\/jpeg"}],"twitter_card":"summary_large_image","twitter_misc":{"\u01af\u1edbc t\u00ednh th\u1eddi gian \u0111\u1ecdc":"2 ph\u00fat"},"schema":{"@context":"https:\/\/schema.org","@graph":[{"@type":"WebPage","@id":"https:\/\/biogroupvietnam.com\/vi\/san-pham\/moi-truong-biet-hoa-te-bao-mo-mesencult\/","url":"https:\/\/biogroupvietnam.com\/vi\/san-pham\/moi-truong-biet-hoa-te-bao-mo-mesencult\/","name":"B\u1ed9 M\u00f4i Tr\u01b0\u1eddng Bi\u1ec7t H\u00f3a T\u1ebf B\u00e0o M\u1ee1 MesenCult\u2122 (Ng\u01b0\u1eddi)","isPartOf":{"@id":"https:\/\/biogroupvietnam.com\/vi\/#website"},"primaryImageOfPage":{"@id":"https:\/\/biogroupvietnam.com\/vi\/san-pham\/moi-truong-biet-hoa-te-bao-mo-mesencult\/#primaryimage"},"image":{"@id":"https:\/\/biogroupvietnam.com\/vi\/san-pham\/moi-truong-biet-hoa-te-bao-mo-mesencult\/#primaryimage"},"thumbnailUrl":"https:\/\/biogroupvietnam.com\/wp-content\/uploads\/2025\/08\/bo-moi-truong-biet-hoa-te-bao-mo-mesencult-nguoi.jpg","datePublished":"2025-08-18T12:51:52+00:00","dateModified":"2026-04-06T07:22:00+00:00","description":"M\u00f4i tr\u01b0\u1eddng bi\u1ec7t h\u00f3a t\u1ebf b\u00e0o m\u1ee1 (\u1edf ng\u01b0\u1eddi) l\u00e0 b\u1ed9 m\u00f4i\u00a0tr\u01b0\u1eddng d\u00f9ng trong\u00a0in vitro\u00a0\u0111\u1ec3 bi\u1ec7t h\u00f3a c\u00e1c t\u1ebf b\u00e0o\u00a0g\u1ed1c\u00a0trung m\u00f4 c\u1ee7a ng\u01b0\u1eddi (MSCs) th\u00e0nh c\u00e1c\u00a0d\u00f2ng\u00a0t\u1ebf b\u00e0o m\u1ee1.","breadcrumb":{"@id":"https:\/\/biogroupvietnam.com\/vi\/san-pham\/moi-truong-biet-hoa-te-bao-mo-mesencult\/#breadcrumb"},"inLanguage":"vi","potentialAction":[{"@type":"ReadAction","target":["https:\/\/biogroupvietnam.com\/vi\/san-pham\/moi-truong-biet-hoa-te-bao-mo-mesencult\/"]}]},{"@type":"ImageObject","inLanguage":"vi","@id":"https:\/\/biogroupvietnam.com\/vi\/san-pham\/moi-truong-biet-hoa-te-bao-mo-mesencult\/#primaryimage","url":"https:\/\/biogroupvietnam.com\/wp-content\/uploads\/2025\/08\/bo-moi-truong-biet-hoa-te-bao-mo-mesencult-nguoi.jpg","contentUrl":"https:\/\/biogroupvietnam.com\/wp-content\/uploads\/2025\/08\/bo-moi-truong-biet-hoa-te-bao-mo-mesencult-nguoi.jpg","width":1640,"height":1260,"caption":"B\u1ed9 M\u00f4i Tr\u01b0\u1eddng Bi\u1ec7t H\u00f3a T\u1ebf B\u00e0o M\u1ee1 MesenCult\u2122 (Ng\u01b0\u1eddi)"},{"@type":"BreadcrumbList","@id":"https:\/\/biogroupvietnam.com\/vi\/san-pham\/moi-truong-biet-hoa-te-bao-mo-mesencult\/#breadcrumb","itemListElement":[{"@type":"ListItem","position":1,"name":"Trang ch\u1ee7","item":"https:\/\/biogroupvietnam.com\/vi\/"},{"@type":"ListItem","position":2,"name":"S\u1ea3n ph\u1ea9m","item":"https:\/\/biogroupvietnam.com\/vi\/san-pham\/"},{"@type":"ListItem","position":3,"name":"Nu\u00f4i C\u1ea5y T\u1ebf B\u00e0o","item":"https:\/\/biogroupvietnam.com\/vi\/danh-muc-san-pham\/nuoi-cay-te-bao\/"},{"@type":"ListItem","position":4,"name":"Bi\u1ec7t H\u00f3a T\u1ebf B\u00e0o","item":"https:\/\/biogroupvietnam.com\/vi\/danh-muc-san-pham\/biet-hoa-te-bao\/"},{"@type":"ListItem","position":5,"name":"B\u1ed9 M\u00f4i Tr\u01b0\u1eddng Bi\u1ec7t H\u00f3a T\u1ebf B\u00e0o M\u1ee1 MesenCult\u2122 (Ng\u01b0\u1eddi)"}]},{"@type":"WebSite","@id":"https:\/\/biogroupvietnam.com\/vi\/#website","url":"https:\/\/biogroupvietnam.com\/vi\/","name":"Biogroup Vietnam","description":"Biogroup Vietnam cung c\u1ea5p d\u1ecbch v\u1ee5 k\u1ef9 thu\u1eadt c\u00f9ng thi\u1ebft b\u1ecb, v\u1eadt t\u01b0, h\u00f3a ch\u1ea5t v\u00e0 gi\u1ea3i ph\u00e1p sinh h\u1ecdc cho ph\u00f2ng th\u00ed nghi\u1ec7m c\u00f4ng ngh\u1ec7 sinh h\u1ecdc, y sinh v\u00e0 y h\u1ecdc t\u00e1i t\u1ea1o.","potentialAction":[{"@type":"SearchAction","target":{"@type":"EntryPoint","urlTemplate":"https:\/\/biogroupvietnam.com\/vi\/?s={search_term_string}"},"query-input":{"@type":"PropertyValueSpecification","valueRequired":true,"valueName":"search_term_string"}}],"inLanguage":"vi"}]}},"_links":{"self":[{"href":"https:\/\/biogroupvietnam.com\/vi\/wp-json\/wp\/v2\/product\/3647","targetHints":{"allow":["GET"]}}],"collection":[{"href":"https:\/\/biogroupvietnam.com\/vi\/wp-json\/wp\/v2\/product"}],"about":[{"href":"https:\/\/biogroupvietnam.com\/vi\/wp-json\/wp\/v2\/types\/product"}],"replies":[{"embeddable":true,"href":"https:\/\/biogroupvietnam.com\/vi\/wp-json\/wp\/v2\/comments?post=3647"}],"version-history":[{"count":6,"href":"https:\/\/biogroupvietnam.com\/vi\/wp-json\/wp\/v2\/product\/3647\/revisions"}],"predecessor-version":[{"id":9713,"href":"https:\/\/biogroupvietnam.com\/vi\/wp-json\/wp\/v2\/product\/3647\/revisions\/9713"}],"wp:featuredmedia":[{"embeddable":true,"href":"https:\/\/biogroupvietnam.com\/vi\/wp-json\/wp\/v2\/media\/10235"}],"wp:attachment":[{"href":"https:\/\/biogroupvietnam.com\/vi\/wp-json\/wp\/v2\/media?parent=3647"}],"wp:term":[{"taxonomy":"product_brand","embeddable":true,"href":"https:\/\/biogroupvietnam.com\/vi\/wp-json\/wp\/v2\/product_brand?post=3647"},{"taxonomy":"product_cat","embeddable":true,"href":"https:\/\/biogroupvietnam.com\/vi\/wp-json\/wp\/v2\/product_cat?post=3647"},{"taxonomy":"product_tag","embeddable":true,"href":"https:\/\/biogroupvietnam.com\/vi\/wp-json\/wp\/v2\/product_tag?post=3647"}],"curies":[{"name":"wp","href":"https:\/\/api.w.org\/{rel}","templated":true}]}}