{"id":3683,"date":"2025-08-18T19:52:17","date_gmt":"2025-08-18T12:52:17","guid":{"rendered":"http:\/\/biogroupvietnam-worldpress.local\/product\/import-placeholder-for-57\/"},"modified":"2025-11-17T17:00:45","modified_gmt":"2025-11-17T10:00:45","slug":"sedimsure-hes-600","status":"publish","type":"product","link":"https:\/\/biogroupvietnam.com\/vi\/san-pham\/sedimsure-hes-600\/","title":{"rendered":"Dung D\u1ecbch Tr\u1ee3 L\u1eafng T\u1ebf B\u00e0o SedimSure HES 600"},"content":{"rendered":"<h2 style=\"text-align: justify;\">Dung d\u1ecbch tr\u1ee3 l\u1eafng tr\u1ee3 l\u1eafng t\u1ebf b\u00e0o SedimSure HES 600\u00a0(h\u00e3ng s\u1ea3n xu\u1ea5t Wak-Chemie Medical, \u0110\u1ee9c)\u00a0d\u00f9ng trong quy tr\u00ecnh thu nh\u1eadn t\u1ebf b\u00e0o g\u1ed1c t\u1ea1o m\u00e1u. \u0110\u01b0\u1ee3c d\u00f9ng ph\u1ed5 bi\u1ebfn, hi\u1ec7u qu\u1ea3 thu h\u1ed3i t\u1ebf b\u00e0o cao so v\u1edbi HES 200\u00a0trong\u00a0ph\u00e2n t\u00e1ch t\u1ebf b\u00e0o g\u1ed1c\u00a0m\u00e1u cu\u1ed1ng r\u1ed1n th\u1ee7 c\u00f4ng t\u1ea1i\u00a0c\u00e1c ng\u00e2n h\u00e0ng t\u1ebf b\u00e0o g\u1ed1c m\u00e1u cu\u1ed1ng r\u1ed1n.<\/h2>\n<h3 style=\"text-align: justify;\"><strong>\u0110\u1eb7c \u0111i\u1ec3m &amp; ti\u1ec7n \u00edch c\u1ee7a dung d\u1ecbch tr\u1ee3 l\u1eafng t\u1ebf b\u00e0o SedimSure HES 600:<\/strong><\/h3>\n<ul>\n<li>\n<p style=\"text-align: justify;\">SedimSure HES 600 l\u00e0 dung d\u1ecbch pha s\u1eb5n (ready-to-use) c\u00f3 ch\u1ee9c n\u0103ng tr\u1ee3 l\u1eafng t\u1ebf b\u00e0o h\u1ed3ng c\u1ea7u trong qu\u00e1 tr\u00ecnh l\u00e0m gi\u1ea3m th\u1ec3 t\u00edch, gi\u1ea3m l\u01b0\u1ee3ng t\u1ebf b\u00e0o h\u1ed3ng c\u1ea7u trong m\u1eabu t\u1ebf b\u00e0o g\u1ed1c t\u1ea1o m\u00e1u (hematopoietic stem cell) theo ph\u01b0\u01a1ng ph\u00e1p \u0111\u01b0\u1ee3c m\u00f4 t\u1ea3 b\u1edfi Rubinstein v\u00e0 c\u00e1c c\u1ed9ng s\u1ef1 (1) tr\u01b0\u1edbc khi b\u1ea3o qu\u1ea3n l\u1ea1nh.<\/p>\n<\/li>\n<li>\n<p style=\"text-align: justify;\">SedimSure HES 600 l\u00e0 dung d\u1ecbch v\u00f4 tr\u00f9ng, kh\u00f4ng ch\u1ee9a ch\u1ea5t\u00a0g\u00e2y d\u1ecb \u1ee9ng\u00a0(non-pyrogenic), <strong>\u0111\u01b0\u1ee3c s\u1ea3n xu\u1ea5t theo ti\u00eau chu\u1ea9n GMP v\u00e0 \u0111\u00e1p \u1ee9ng ti\u00eau chu\u1ea9n EP (d\u01b0\u1ee3c \u0111i\u1ec3n Ch\u00e2u \u00c2u).<\/strong><\/p>\n<\/li>\n<li>\n<p style=\"text-align: justify;\">SedimSure HES 600 c\u00f3 th\u00e0nh ph\u1ea7n g\u1ed3m\u00a06% HES 600 (HydroxyEthyl Starch) v\u00e0 0,9% Natri Clorua (NaCl), v\u00e0 c\u00f3 kh\u1ed1i l\u01b0\u1ee3ng ph\u00e2n t\u1eed kho\u1ea3ng 600 kDa.<\/p>\n<\/li>\n<li>\n<p style=\"text-align: justify;\">\u0110i\u1ec1u ki\u1ec7n b\u1ea3o qu\u1ea3n:\u00a0\u1edf nhi\u1ec7t \u0111\u1ed9 ph\u00f2ng (25-27\u00b0C) v\u00e0 tr\u00e1nh \u00e1nh s\u00e1ng tr\u1ef1c ti\u1ebfp.<\/p>\n<\/li>\n<li>\n<p style=\"text-align: justify;\">SedimSure HES 600 l\u00e0 m\u1ed9t dung d\u1ecbch trong su\u1ed1t, c\u00f3 m\u00e0u v\u00e0ng nh\u1ea1t \u0111\u1ebfn m\u00e0u h\u1ed5 ph\u00e1ch. Tr\u01b0\u1eddng h\u1ee3p b\u1ea3o qu\u1ea3n kh\u00f4ng \u0111\u00fang \u0111i\u1ec1u ki\u1ec7n, d\u1ee5ng d\u1ecbch c\u00f3 th\u1ec3 chuy\u1ec3n sang m\u00e0u n\u00e2u \u0111\u1ee5c ho\u1eb7c t\u1ea1o th\u00e0nh m\u1ed9t k\u1ebft t\u1ee7a tinh th\u1ec3. <strong>KH\u00d4NG s\u1eed d\u1ee5ng dung d\u1ecbch HES, n\u1ebfu c\u00f3 m\u00e0u s\u1eafc thay \u0111\u1ed5i ho\u1eb7c b\u1ecb k\u1ebft t\u1ee7a<\/strong>.<\/p>\n<\/li>\n<li>\n<p style=\"text-align: justify;\">Quy c\u00e1ch \u0111\u00f3ng g\u00f3i: Dung d\u1ecbch\u00a0SedimSure \u0111\u01b0\u1ee3c \u0111\u00f3ng g\u00f3i trong\u00a0t\u00fai th\u1ec3 t\u00edch 500 ml v\u00e0 \u0111\u01b0\u1ee3c b\u1ea3o v\u1ec7 th\u00eam b\u1eb1ng m\u1ed9t t\u00fai bao ngo\u00e0i.<\/p>\n<\/li>\n<li>\n<p style=\"text-align: justify;\"><a href=\"https:\/\/biogroupvietnam.com\/vi\/services\/quy-trinh-huong-dan-su-dung\/huong-dan-su-dung-dung-dich-tro-lang-sedimsure-hes-600.html\">H\u01b0\u1edbng d\u1eabn s\u1eed d\u1ee5ng<\/a> dung d\u1ecbch SedimSure HES 600.<\/p>\n<\/li>\n<\/ul>\n<p style=\"text-align: justify;\">\n<p>&nbsp;<\/p>\n","protected":false},"excerpt":{"rendered":"<p>Dung d\u1ecbch tr\u1ee3 l\u1eafng tr\u1ee3 l\u1eafng t\u1ebf b\u00e0o SedimSure HES 600\u00a0(h\u00e3ng s\u1ea3n xu\u1ea5t Wak-Chemie Medical, \u0110\u1ee9c)\u00a0d\u00f9ng trong quy tr\u00ecnh thu nh\u1eadn t\u1ebf b\u00e0o g\u1ed1c t\u1ea1o m\u00e1u. \u0110\u01b0\u1ee3c d\u00f9ng ph\u1ed5 bi\u1ebfn, hi\u1ec7u qu\u1ea3 thu h\u1ed3i t\u1ebf b\u00e0o cao so v\u1edbi HES 200\u00a0trong\u00a0ph\u00e2n t\u00e1ch t\u1ebf b\u00e0o g\u1ed1c\u00a0m\u00e1u cu\u1ed1ng r\u1ed1n th\u1ee7 c\u00f4ng t\u1ea1i\u00a0c\u00e1c ng\u00e2n h\u00e0ng t\u1ebf b\u00e0o g\u1ed1c<\/p>\n<div class=\"klb-readmore post-buttons\"><a class=\"button rounded primary\" href=\"https:\/\/biogroupvietnam.com\/vi\/san-pham\/sedimsure-hes-600\/\">Read More <i class=\"klbth-icon-right-arrow\"><\/i><\/a><\/div>\n","protected":false},"featured_media":9019,"comment_status":"closed","ping_status":"closed","template":"","meta":{"_acf_changed":false},"product_brand":[126],"product_cat":[31],"product_tag":[],"class_list":{"0":"post-3683","1":"product","2":"type-product","3":"status-publish","4":"has-post-thumbnail","6":"product_brand-wak-chemie-medical-gmbh","7":"product_cat-xu-ly-mau-cuong-ron-thu-cong","9":"first","10":"outofstock","11":"shipping-taxable","12":"product-type-simple"},"acf":[],"yoast_head":"<!-- This site is optimized with the Yoast SEO plugin v26.8 - https:\/\/yoast.com\/product\/yoast-seo-wordpress\/ -->\n<title>Dung D\u1ecbch Tr\u1ee3 L\u1eafng T\u1ebf B\u00e0o SedimSure HES 600<\/title>\n<meta name=\"description\" content=\"Dung d\u1ecbch tr\u1ee3 l\u1eafng tr\u1ee3 l\u1eafng t\u1ebf b\u00e0o SedimSure HES 600\u00a0(h\u00e3ng s\u1ea3n xu\u1ea5t Wak-Chemie Medical, \u0110\u1ee9c)\u00a0d\u00f9ng trong quy tr\u00ecnh thu nh\u1eadn t\u1ebf b\u00e0o g\u1ed1c t\u1ea1o m\u00e1u.\" \/>\n<meta name=\"robots\" content=\"index, follow, max-snippet:-1, max-image-preview:large, max-video-preview:-1\" \/>\n<link rel=\"canonical\" href=\"https:\/\/biogroupvietnam.com\/vi\/san-pham\/sedimsure-hes-600\/\" \/>\n<meta property=\"og:locale\" content=\"vi_VN\" \/>\n<meta property=\"og:type\" content=\"article\" \/>\n<meta property=\"og:title\" content=\"Dung D\u1ecbch Tr\u1ee3 L\u1eafng T\u1ebf B\u00e0o SedimSure HES 600\" \/>\n<meta property=\"og:description\" content=\"Dung d\u1ecbch tr\u1ee3 l\u1eafng tr\u1ee3 l\u1eafng t\u1ebf b\u00e0o SedimSure HES 600\u00a0(h\u00e3ng s\u1ea3n xu\u1ea5t Wak-Chemie Medical, \u0110\u1ee9c)\u00a0d\u00f9ng trong quy tr\u00ecnh thu nh\u1eadn t\u1ebf b\u00e0o g\u1ed1c t\u1ea1o m\u00e1u.\" \/>\n<meta property=\"og:url\" content=\"https:\/\/biogroupvietnam.com\/vi\/san-pham\/sedimsure-hes-600\/\" \/>\n<meta property=\"og:site_name\" content=\"Biogroup Vietnam\" \/>\n<meta property=\"article:modified_time\" content=\"2025-11-17T10:00:45+00:00\" \/>\n<meta property=\"og:image\" content=\"https:\/\/biogroupvietnam.com\/wp-content\/uploads\/2025\/08\/SedimSure-HES-600.jpg\" \/>\n\t<meta property=\"og:image:width\" content=\"1640\" \/>\n\t<meta property=\"og:image:height\" content=\"1260\" \/>\n\t<meta property=\"og:image:type\" content=\"image\/jpeg\" \/>\n<meta name=\"twitter:card\" content=\"summary_large_image\" \/>\n<meta name=\"twitter:label1\" content=\"\u01af\u1edbc t\u00ednh th\u1eddi gian \u0111\u1ecdc\" \/>\n\t<meta name=\"twitter:data1\" content=\"2 ph\u00fat\" \/>\n<script type=\"application\/ld+json\" class=\"yoast-schema-graph\">{\"@context\":\"https:\/\/schema.org\",\"@graph\":[{\"@type\":\"WebPage\",\"@id\":\"https:\/\/biogroupvietnam.com\/vi\/san-pham\/sedimsure-hes-600\/\",\"url\":\"https:\/\/biogroupvietnam.com\/vi\/san-pham\/sedimsure-hes-600\/\",\"name\":\"Dung D\u1ecbch Tr\u1ee3 L\u1eafng T\u1ebf B\u00e0o SedimSure HES 600\",\"isPartOf\":{\"@id\":\"https:\/\/biogroupvietnam.com\/vi\/#website\"},\"primaryImageOfPage\":{\"@id\":\"https:\/\/biogroupvietnam.com\/vi\/san-pham\/sedimsure-hes-600\/#primaryimage\"},\"image\":{\"@id\":\"https:\/\/biogroupvietnam.com\/vi\/san-pham\/sedimsure-hes-600\/#primaryimage\"},\"thumbnailUrl\":\"https:\/\/biogroupvietnam.com\/wp-content\/uploads\/2025\/08\/SedimSure-HES-600.jpg\",\"datePublished\":\"2025-08-18T12:52:17+00:00\",\"dateModified\":\"2025-11-17T10:00:45+00:00\",\"description\":\"Dung d\u1ecbch tr\u1ee3 l\u1eafng tr\u1ee3 l\u1eafng t\u1ebf b\u00e0o SedimSure HES 600\u00a0(h\u00e3ng s\u1ea3n xu\u1ea5t Wak-Chemie Medical, \u0110\u1ee9c)\u00a0d\u00f9ng trong quy tr\u00ecnh thu nh\u1eadn t\u1ebf b\u00e0o g\u1ed1c t\u1ea1o m\u00e1u.\",\"breadcrumb\":{\"@id\":\"https:\/\/biogroupvietnam.com\/vi\/san-pham\/sedimsure-hes-600\/#breadcrumb\"},\"inLanguage\":\"vi\",\"potentialAction\":[{\"@type\":\"ReadAction\",\"target\":[\"https:\/\/biogroupvietnam.com\/vi\/san-pham\/sedimsure-hes-600\/\"]}]},{\"@type\":\"ImageObject\",\"inLanguage\":\"vi\",\"@id\":\"https:\/\/biogroupvietnam.com\/vi\/san-pham\/sedimsure-hes-600\/#primaryimage\",\"url\":\"https:\/\/biogroupvietnam.com\/wp-content\/uploads\/2025\/08\/SedimSure-HES-600.jpg\",\"contentUrl\":\"https:\/\/biogroupvietnam.com\/wp-content\/uploads\/2025\/08\/SedimSure-HES-600.jpg\",\"width\":1640,\"height\":1260},{\"@type\":\"BreadcrumbList\",\"@id\":\"https:\/\/biogroupvietnam.com\/vi\/san-pham\/sedimsure-hes-600\/#breadcrumb\",\"itemListElement\":[{\"@type\":\"ListItem\",\"position\":1,\"name\":\"Trang ch\u1ee7\",\"item\":\"https:\/\/biogroupvietnam.com\/vi\/\"},{\"@type\":\"ListItem\",\"position\":2,\"name\":\"S\u1ea3n ph\u1ea9m\",\"item\":\"https:\/\/biogroupvietnam.com\/vi\/san-pham\/\"},{\"@type\":\"ListItem\",\"position\":3,\"name\":\"X\u1eed L\u00fd T\u1ebf B\u00e0o\",\"item\":\"https:\/\/biogroupvietnam.com\/vi\/danh-muc-san-pham\/xu-ly-te-bao\/\"},{\"@type\":\"ListItem\",\"position\":4,\"name\":\"X\u1eed L\u00fd M\u00e1u Cu\u1ed1ng R\u1ed1n Th\u1ee7 C\u00f4ng\",\"item\":\"https:\/\/biogroupvietnam.com\/vi\/danh-muc-san-pham\/xu-ly-mau-cuong-ron-thu-cong\/\"},{\"@type\":\"ListItem\",\"position\":5,\"name\":\"Dung D\u1ecbch Tr\u1ee3 L\u1eafng T\u1ebf B\u00e0o SedimSure HES 600\"}]},{\"@type\":\"WebSite\",\"@id\":\"https:\/\/biogroupvietnam.com\/vi\/#website\",\"url\":\"https:\/\/biogroupvietnam.com\/vi\/\",\"name\":\"Biogroup Vietnam\",\"description\":\"Biogroup Vietnam cung c\u1ea5p d\u1ecbch v\u1ee5 k\u1ef9 thu\u1eadt c\u00f9ng thi\u1ebft b\u1ecb, v\u1eadt t\u01b0, h\u00f3a ch\u1ea5t v\u00e0 gi\u1ea3i ph\u00e1p sinh h\u1ecdc cho ph\u00f2ng th\u00ed nghi\u1ec7m c\u00f4ng ngh\u1ec7 sinh h\u1ecdc, y sinh v\u00e0 y h\u1ecdc t\u00e1i t\u1ea1o.\",\"potentialAction\":[{\"@type\":\"SearchAction\",\"target\":{\"@type\":\"EntryPoint\",\"urlTemplate\":\"https:\/\/biogroupvietnam.com\/vi\/?s={search_term_string}\"},\"query-input\":{\"@type\":\"PropertyValueSpecification\",\"valueRequired\":true,\"valueName\":\"search_term_string\"}}],\"inLanguage\":\"vi\"}]}<\/script>\n<!-- \/ Yoast SEO plugin. -->","yoast_head_json":{"title":"Dung D\u1ecbch Tr\u1ee3 L\u1eafng T\u1ebf B\u00e0o SedimSure HES 600","description":"Dung d\u1ecbch tr\u1ee3 l\u1eafng tr\u1ee3 l\u1eafng t\u1ebf b\u00e0o SedimSure HES 600\u00a0(h\u00e3ng s\u1ea3n xu\u1ea5t Wak-Chemie Medical, \u0110\u1ee9c)\u00a0d\u00f9ng trong quy tr\u00ecnh thu nh\u1eadn t\u1ebf b\u00e0o g\u1ed1c t\u1ea1o m\u00e1u.","robots":{"index":"index","follow":"follow","max-snippet":"max-snippet:-1","max-image-preview":"max-image-preview:large","max-video-preview":"max-video-preview:-1"},"canonical":"https:\/\/biogroupvietnam.com\/vi\/san-pham\/sedimsure-hes-600\/","og_locale":"vi_VN","og_type":"article","og_title":"Dung D\u1ecbch Tr\u1ee3 L\u1eafng T\u1ebf B\u00e0o SedimSure HES 600","og_description":"Dung d\u1ecbch tr\u1ee3 l\u1eafng tr\u1ee3 l\u1eafng t\u1ebf b\u00e0o SedimSure HES 600\u00a0(h\u00e3ng s\u1ea3n xu\u1ea5t Wak-Chemie Medical, \u0110\u1ee9c)\u00a0d\u00f9ng trong quy tr\u00ecnh thu nh\u1eadn t\u1ebf b\u00e0o g\u1ed1c t\u1ea1o m\u00e1u.","og_url":"https:\/\/biogroupvietnam.com\/vi\/san-pham\/sedimsure-hes-600\/","og_site_name":"Biogroup Vietnam","article_modified_time":"2025-11-17T10:00:45+00:00","og_image":[{"width":1640,"height":1260,"url":"https:\/\/biogroupvietnam.com\/wp-content\/uploads\/2025\/08\/SedimSure-HES-600.jpg","type":"image\/jpeg"}],"twitter_card":"summary_large_image","twitter_misc":{"\u01af\u1edbc t\u00ednh th\u1eddi gian \u0111\u1ecdc":"2 ph\u00fat"},"schema":{"@context":"https:\/\/schema.org","@graph":[{"@type":"WebPage","@id":"https:\/\/biogroupvietnam.com\/vi\/san-pham\/sedimsure-hes-600\/","url":"https:\/\/biogroupvietnam.com\/vi\/san-pham\/sedimsure-hes-600\/","name":"Dung D\u1ecbch Tr\u1ee3 L\u1eafng T\u1ebf B\u00e0o SedimSure HES 600","isPartOf":{"@id":"https:\/\/biogroupvietnam.com\/vi\/#website"},"primaryImageOfPage":{"@id":"https:\/\/biogroupvietnam.com\/vi\/san-pham\/sedimsure-hes-600\/#primaryimage"},"image":{"@id":"https:\/\/biogroupvietnam.com\/vi\/san-pham\/sedimsure-hes-600\/#primaryimage"},"thumbnailUrl":"https:\/\/biogroupvietnam.com\/wp-content\/uploads\/2025\/08\/SedimSure-HES-600.jpg","datePublished":"2025-08-18T12:52:17+00:00","dateModified":"2025-11-17T10:00:45+00:00","description":"Dung d\u1ecbch tr\u1ee3 l\u1eafng tr\u1ee3 l\u1eafng t\u1ebf b\u00e0o SedimSure HES 600\u00a0(h\u00e3ng s\u1ea3n xu\u1ea5t Wak-Chemie Medical, \u0110\u1ee9c)\u00a0d\u00f9ng trong quy tr\u00ecnh thu nh\u1eadn t\u1ebf b\u00e0o g\u1ed1c t\u1ea1o m\u00e1u.","breadcrumb":{"@id":"https:\/\/biogroupvietnam.com\/vi\/san-pham\/sedimsure-hes-600\/#breadcrumb"},"inLanguage":"vi","potentialAction":[{"@type":"ReadAction","target":["https:\/\/biogroupvietnam.com\/vi\/san-pham\/sedimsure-hes-600\/"]}]},{"@type":"ImageObject","inLanguage":"vi","@id":"https:\/\/biogroupvietnam.com\/vi\/san-pham\/sedimsure-hes-600\/#primaryimage","url":"https:\/\/biogroupvietnam.com\/wp-content\/uploads\/2025\/08\/SedimSure-HES-600.jpg","contentUrl":"https:\/\/biogroupvietnam.com\/wp-content\/uploads\/2025\/08\/SedimSure-HES-600.jpg","width":1640,"height":1260},{"@type":"BreadcrumbList","@id":"https:\/\/biogroupvietnam.com\/vi\/san-pham\/sedimsure-hes-600\/#breadcrumb","itemListElement":[{"@type":"ListItem","position":1,"name":"Trang ch\u1ee7","item":"https:\/\/biogroupvietnam.com\/vi\/"},{"@type":"ListItem","position":2,"name":"S\u1ea3n ph\u1ea9m","item":"https:\/\/biogroupvietnam.com\/vi\/san-pham\/"},{"@type":"ListItem","position":3,"name":"X\u1eed L\u00fd T\u1ebf B\u00e0o","item":"https:\/\/biogroupvietnam.com\/vi\/danh-muc-san-pham\/xu-ly-te-bao\/"},{"@type":"ListItem","position":4,"name":"X\u1eed L\u00fd M\u00e1u Cu\u1ed1ng R\u1ed1n Th\u1ee7 C\u00f4ng","item":"https:\/\/biogroupvietnam.com\/vi\/danh-muc-san-pham\/xu-ly-mau-cuong-ron-thu-cong\/"},{"@type":"ListItem","position":5,"name":"Dung D\u1ecbch Tr\u1ee3 L\u1eafng T\u1ebf B\u00e0o SedimSure HES 600"}]},{"@type":"WebSite","@id":"https:\/\/biogroupvietnam.com\/vi\/#website","url":"https:\/\/biogroupvietnam.com\/vi\/","name":"Biogroup Vietnam","description":"Biogroup Vietnam cung c\u1ea5p d\u1ecbch v\u1ee5 k\u1ef9 thu\u1eadt c\u00f9ng thi\u1ebft b\u1ecb, v\u1eadt t\u01b0, h\u00f3a ch\u1ea5t v\u00e0 gi\u1ea3i ph\u00e1p sinh h\u1ecdc cho ph\u00f2ng th\u00ed nghi\u1ec7m c\u00f4ng ngh\u1ec7 sinh h\u1ecdc, y sinh v\u00e0 y h\u1ecdc t\u00e1i t\u1ea1o.","potentialAction":[{"@type":"SearchAction","target":{"@type":"EntryPoint","urlTemplate":"https:\/\/biogroupvietnam.com\/vi\/?s={search_term_string}"},"query-input":{"@type":"PropertyValueSpecification","valueRequired":true,"valueName":"search_term_string"}}],"inLanguage":"vi"}]}},"_links":{"self":[{"href":"https:\/\/biogroupvietnam.com\/vi\/wp-json\/wp\/v2\/product\/3683","targetHints":{"allow":["GET"]}}],"collection":[{"href":"https:\/\/biogroupvietnam.com\/vi\/wp-json\/wp\/v2\/product"}],"about":[{"href":"https:\/\/biogroupvietnam.com\/vi\/wp-json\/wp\/v2\/types\/product"}],"replies":[{"embeddable":true,"href":"https:\/\/biogroupvietnam.com\/vi\/wp-json\/wp\/v2\/comments?post=3683"}],"version-history":[{"count":5,"href":"https:\/\/biogroupvietnam.com\/vi\/wp-json\/wp\/v2\/product\/3683\/revisions"}],"predecessor-version":[{"id":9022,"href":"https:\/\/biogroupvietnam.com\/vi\/wp-json\/wp\/v2\/product\/3683\/revisions\/9022"}],"wp:featuredmedia":[{"embeddable":true,"href":"https:\/\/biogroupvietnam.com\/vi\/wp-json\/wp\/v2\/media\/9019"}],"wp:attachment":[{"href":"https:\/\/biogroupvietnam.com\/vi\/wp-json\/wp\/v2\/media?parent=3683"}],"wp:term":[{"taxonomy":"product_brand","embeddable":true,"href":"https:\/\/biogroupvietnam.com\/vi\/wp-json\/wp\/v2\/product_brand?post=3683"},{"taxonomy":"product_cat","embeddable":true,"href":"https:\/\/biogroupvietnam.com\/vi\/wp-json\/wp\/v2\/product_cat?post=3683"},{"taxonomy":"product_tag","embeddable":true,"href":"https:\/\/biogroupvietnam.com\/vi\/wp-json\/wp\/v2\/product_tag?post=3683"}],"curies":[{"name":"wp","href":"https:\/\/api.w.org\/{rel}","templated":true}]}}