{"id":3684,"date":"2025-08-18T19:52:18","date_gmt":"2025-08-18T12:52:18","guid":{"rendered":"http:\/\/biogroupvietnam-worldpress.local\/product\/import-placeholder-for-58\/"},"modified":"2026-04-06T14:18:01","modified_gmt":"2026-04-06T07:18:01","slug":"dung-dich-lymphoprep-ly-tam-ty-trong","status":"publish","type":"product","link":"https:\/\/biogroupvietnam.com\/vi\/san-pham\/dung-dich-lymphoprep-ly-tam-ty-trong\/","title":{"rendered":"Dung D\u1ecbch Ph\u00e2n T\u00e1ch Gradient T\u1ef7 Tr\u1ecdng Lymphoprep\u2122"},"content":{"rendered":"<h2>Lymphoprep\u2122 l\u00e0 m\u00f4i tr\u01b0\u1eddng gradient t\u1ef7 tr\u1ecdng pha s\u1eb5n (ready-made), s\u1eed d\u1ee5ng \u0111\u1ec3 ph\u00e2n t\u00e1ch th\u00e0nh ph\u1ea7n c\u00e1c t\u1ebf b\u00e0o \u0111\u01a1n nh\u00e2n t\u1eeb m\u00e1u ngo\u1ea1i vi, m\u00e1u cu\u1ed1ng r\u1ed1n v\u00e0 t\u1ee7y x\u01b0\u01a1ng.<\/h2>\n<p>\u0110\u01b0\u1ee3c l\u01b0u h\u00e0nh r\u1ed9ng r\u00e3i h\u01a1n 40 n\u0103m, Lymphoprep\u2122 s\u1eed d\u1ee5ng cho quy tr\u00ecnh ly t\u00e2m nhanh ph\u00e2n t\u00e1ch t\u1ebf b\u00e0o \u0111\u01b0\u1ee3c ph\u00e1t tri\u1ec3n b\u1edfi B\u00f8yum. D\u1ef1a tr\u00ean s\u1ef1 kh\u00e1c bi\u1ec7t v\u1ec1 t\u1ef7 tr\u1ecdng: c\u00e1c t\u1ebf b\u00e0o b\u1ea1ch c\u1ea7u h\u1ea1t v\u00e0 h\u1ed3ng c\u1ea7u c\u00f3 m\u1eadt \u0111\u1ed9 cao h\u01a1n t\u1ebf b\u00e0o \u0111\u01a1n nh\u00e2n (b\u1ea1ch c\u1ea7u \u0111\u01a1n nh\u00e2n v\u00e0 t\u1ebf b\u00e0o lympho), ch\u00fang d\u1ec5 d\u00e0ng l\u1eafng qua l\u1edbp Lymphoprep\u2122 trong qu\u00e1 tr\u00ecnh ly t\u00e2m.<\/p>\n<h3><strong>T\u1ea1i sao n\u00ean s\u1eed d\u1ee5ng Lymphoprep\u2122?<\/strong><\/h3>\n<p>Lymphoprep l\u00e0 dung d\u1ecbch pha s\u1eb5n (Ready-to-use), \u0111\u00e3 th\u1eed nghi\u1ec7m \u0111\u1ed9c t\u1ed1 (endotoxin), v\u00f4 tr\u00f9ng v\u00e0 s\u1ea3n xu\u1ea5t theo GMP v\u00e0 ISO 13485.<\/p>\n<p>T\u1ef7 tr\u1ecdng (1,077 g\/mL) v\u00e0 l\u00e0 m\u1ed9t gi\u1ea3i ph\u00e1p thay th\u1ebf ngay v\u00e0 \u0111\u00e1ng tin c\u1eady cho c\u00e1c m\u00f4i tr\u01b0\u1eddng gradient t\u1ef7 tr\u1ecdng tr\u00ean th\u1ecb tr\u01b0\u1eddng hi\u1ec7n nay nghi\u1ec7m m\u00e0 kh\u00f4ng thay \u0111\u1ed5i quy tr\u00ecnh l\u00e0m vi\u1ec7c.<\/p>\n<p>Th\u00e0nh ph\u1ea7n, \u0111\u1ed9 tinh khi\u1ebft v\u00e0 s\u1ed1 l\u01b0\u1ee3ng c\u1ee7a c\u00e1c lo\u1ea1i t\u1ebf b\u00e0o thu \u0111\u01b0\u1ee3c t\u1eeb Lymphoprep t\u01b0\u01a1ng \u0111\u01b0\u01a1ng\/t\u1ed1t h\u01a1n v\u1edbi c\u00e1c s\u1ea3n ph\u1ea9m th\u01b0\u01a1ng m\u1ea1i kh\u00e1c.<\/p>\n<p>S\u1eed d\u1ee5ng Lymphoprep\u2122 v\u00e0 <a href=\"https:\/\/biogroupvietnam.com\/vi\/products\/nghien-cuu-sinh-hoc\/phan-lap-te-bao\/ong-sepmate-50-ivd.html\">\u1ed1ng SepMate\u2122<\/a> c\u00f9ng nhau \u0111\u1ec3 c\u00f3 th\u1ec3 t\u0103ng t\u1ed1c \u0111\u1ed9 v\u00e0 hi\u1ec7u qu\u1ea3 c\u1ee7a qu\u00e1 tr\u00ecnh ph\u00e2n t\u00e1ch t\u1ebf b\u00e0o \u0111\u01a1n nh\u00e2n m\u00e1u ngo\u1ea1i vi (PBMC) ch\u1ec9 trong 15 ph\u00fat v\u00e0 c\u00f3 k\u1ebft qu\u1ea3 v\u01b0\u1ee3t tr\u1ed9i h\u01a1n v\u1ec1 kh\u1ea3 n\u0103ng ph\u1ee5c h\u1ed3i t\u1ebf b\u00e0o c\u0169ng nh\u01b0 nh\u1eefng t\u1ebf b\u00e0o ch\u1ee9c n\u0103ng so v\u1edbi k\u1ef9 thu\u1eadt ph\u00e2n t\u00e1ch truy\u1ec1n th\u1ed1ng (kho\u1ea3ng 40 ph\u00fat).<\/p>\n<p style=\"text-align: center;\"><img fetchpriority=\"high\" decoding=\"async\" src=\"https:\/\/biogroupvietnam.com\/assets\/uploads\/image\/product-images\/lymphoprep-vs-ficoll.PNG\" alt=\"lymphoprep vs ficoll\" width=\"627\" height=\"305\" \/><\/p>\n<p style=\"text-align: center;\"><i>H\u00ecnh 1. \u0110\u1ed9 tinh khi\u1ebft v\u00e0 kh\u1ea3 n\u0103ng ph\u1ee5c h\u1ed3i t\u1ebf b\u00e0o t\u1eeb m\u00e1u to\u00e0n ph\u1ea7n khi s\u1eed d\u1ee5ng Lymphoprep\u2122 so s\u00e1nh v\u1edbi s\u1eed d\u1ee5ng Ficoll-Paque\u2122 PLUS(A).<\/i><\/p>\n<p style=\"text-align: justify;\">Ly t\u00e2m gradient t\u1ef7 tr\u1ecdng c\u1ee7a m\u00e1u to\u00e0n ph\u1ea7n b\u1eb1ng Lymphoprep\u2122 cho th\u1ea5y \u0111\u1ed9 tinh khi\u1ebft t\u1ebf b\u00e0o c\u1ee7a c\u00e1c t\u1ebf b\u00e0o \u0111\u01a1n nh\u00e2n (t\u1ebf b\u00e0o T, t\u1ebf b\u00e0o B, t\u1ebf b\u00e0o NK) v\u00e0 b\u1ea1ch c\u1ea7u \u0111\u01a1n nh\u00e2n l\u00e0 t\u01b0\u01a1ng t\u1ef1 so v\u1edbi Ficoll-Paque\u2122 PLUS. (B) T\u1ed5ng s\u1ed1 l\u01b0\u1ee3ng t\u1ebf b\u00e0o \u0111\u01a1n nh\u00e2n v\u00e0 CD45+ thu h\u1ed3i \u0111\u01b0\u1ee3c c\u0169ng cho th\u1ea5y k\u1ebft qu\u1ea3 t\u01b0\u01a1ng t\u1ef1. (n = 5, Trung b\u00ecnh \u00b1 SD).<\/p>\n<p style=\"text-align: justify;\"><i>B\u1ea3ng 1: So s\u00e1nh s\u1ea3n ph\u1ea9m FICOLL-PAQUE\u2122 PLUS, FICOLL-PAQUE\u2122 PREMIUM v\u00e0 Lymphoprep\u2122<\/i><\/p>\n<figure class=\"table\">\n<table>\n<tbody>\n<tr>\n<td><\/td>\n<td>\n<p style=\"text-align: center;\"><strong>FICOLL-PAQUE\u2122 PLUS<\/strong><\/p>\n<\/td>\n<td>\n<p style=\"text-align: center;\"><strong>FICOLL-PAQUE\u2122 PREMIUM<\/strong><\/p>\n<\/td>\n<td>\n<p style=\"text-align: center;\"><strong>LYMPHOPREP\u2122<\/strong><\/p>\n<\/td>\n<\/tr>\n<tr>\n<td>\n<p style=\"text-align: center;\">T\u1ef7 tr\u1ecdng<\/p>\n<\/td>\n<td>\n<p style=\"text-align: center;\">1.077 \u00b10.001 g\/mL<\/p>\n<\/td>\n<td>\n<p style=\"text-align: center;\">1.077 \u00b10.001 g\/mL<\/p>\n<\/td>\n<td>\n<p style=\"text-align: center;\">1.077 \u00b10.001 g\/mL<\/p>\n<\/td>\n<\/tr>\n<tr>\n<td>\n<p style=\"text-align: center;\">Th\u00e0nh ph\u1ea7n<\/p>\n<\/td>\n<td>\u2022 Ficoll\u2122 PM400 (sucrose-polymer)<\/p>\n<p>\u2022 Sodium diatrizoate<\/td>\n<td>\u2022 Ficoll\u2122 PM400 sucrose-polymer (5.7% w\/v)<\/p>\n<p>\u2022 Sodium diatrizoate (9.0% w\/v)<\/td>\n<td>\u2022 Polysaccharide\u00a0 (5.7% w\/v)<\/p>\n<p>\u2022 Sodium diatrizoate 9.1% (w\/v)<\/td>\n<\/tr>\n<tr>\n<td>\n<p style=\"text-align: center;\">M\u1eabu<\/p>\n<\/td>\n<td>\n<p style=\"text-align: center;\">M\u00e1u to\u00e0n ph\u1ea7n, m\u00e1u cu\u1ed1ng r\u1ed1n, m\u00e1u t\u1ee7y x\u01b0\u01a1ng<\/p>\n<\/td>\n<td>\n<p style=\"text-align: center;\">M\u00e1u to\u00e0n ph\u1ea7n, m\u00e1u cu\u1ed1ng r\u1ed1n, m\u00e1u t\u1ee7y x\u01b0\u01a1ng<\/p>\n<\/td>\n<td>\n<p style=\"text-align: center;\">M\u00e1u to\u00e0n ph\u1ea7n, m\u00e1u cu\u1ed1ng r\u1ed1n, m\u00e1u t\u1ee7y x\u01b0\u01a1ng<\/p>\n<\/td>\n<\/tr>\n<tr>\n<td>\n<p style=\"text-align: center;\">Dung dich pha s\u1eb5n v\u00e0 ti\u1ec7t tr\u00f9ng<\/p>\n<\/td>\n<td>\n<p style=\"text-align: center;\">\u2713<\/p>\n<\/td>\n<td>\n<p style=\"text-align: center;\">\u2713<\/p>\n<\/td>\n<td>\n<p style=\"text-align: center;\">\u2713<\/p>\n<\/td>\n<\/tr>\n<tr>\n<td>\n<p style=\"text-align: center;\">Th\u1eed nghi\u1ec7m Endotoxin<\/p>\n<\/td>\n<td>\n<p style=\"text-align: center;\">\u2713<\/p>\n<\/td>\n<td>\n<p style=\"text-align: center;\">&lt; 0.12 EU\/mL<\/p>\n<\/td>\n<td>\n<p style=\"text-align: center;\">\u2264 0.13 EU\/mL<\/p>\n<\/td>\n<\/tr>\n<tr>\n<td>\n<p style=\"text-align: center;\">H\u1ec7 th\u1ed1ng qu\u1ea3n l\u00ed ch\u1ea5t l\u01b0\u1ee3ng<\/p>\n<\/td>\n<td>\n<p style=\"text-align: center;\">\u2718<\/p>\n<\/td>\n<td>\n<p style=\"text-align: center;\">Ch\u1ee9ng nh\u1eadn ISO 13485<\/p>\n<\/td>\n<td>\n<p style=\"text-align: center;\">Ch\u1ee9ng nh\u1eadn <i><strong>GMP<\/strong><\/i> and ISO 13485<\/p>\n<\/td>\n<\/tr>\n<\/tbody>\n<\/table>\n<\/figure>\n<h3><strong>Quy tr\u00ecnh s\u1eed d\u1ee5ng k\u1ebft h\u1ee3p Lymphoprep\u2122 v\u00e0 SepMate\u2122<\/strong><\/h3>\n<p style=\"text-align: center;\"><img decoding=\"async\" src=\"https:\/\/biogroupvietnam.com\/assets\/uploads\/image\/product-images\/lymphoprepsepmate.jpg\" alt=\"lymphoprep d\u00f9ng v\u1edbi \u1ed1ng sepmate\" width=\"708\" height=\"205\" \/><\/p>\n<p style=\"text-align: center;\"><i>H\u00ecnh 2. Lymphoprep\u2122 Density Gradient Medium ho\u00e0n to\u00e0n t\u01b0\u01a1ng th\u00edch v\u1edbi \u1ed1ng SepMate\u2122<\/i><\/p>\n","protected":false},"excerpt":{"rendered":"<p>Lymphoprep\u2122 l\u00e0 m\u00f4i tr\u01b0\u1eddng gradient t\u1ef7 tr\u1ecdng pha s\u1eb5n (ready-made), s\u1eed d\u1ee5ng \u0111\u1ec3 ph\u00e2n t\u00e1ch th\u00e0nh ph\u1ea7n c\u00e1c t\u1ebf b\u00e0o \u0111\u01a1n nh\u00e2n t\u1eeb m\u00e1u ngo\u1ea1i vi, m\u00e1u cu\u1ed1ng r\u1ed1n v\u00e0 t\u1ee7y x\u01b0\u01a1ng. \u0110\u01b0\u1ee3c l\u01b0u h\u00e0nh r\u1ed9ng r\u00e3i h\u01a1n 40 n\u0103m, Lymphoprep\u2122 s\u1eed d\u1ee5ng cho quy tr\u00ecnh ly t\u00e2m nhanh ph\u00e2n t\u00e1ch t\u1ebf b\u00e0o \u0111\u01b0\u1ee3c ph\u00e1t<\/p>\n<div class=\"klb-readmore post-buttons\"><a class=\"button rounded primary\" href=\"https:\/\/biogroupvietnam.com\/vi\/san-pham\/dung-dich-lymphoprep-ly-tam-ty-trong\/\">Read More <i class=\"klbth-icon-right-arrow\"><\/i><\/a><\/div>\n","protected":false},"featured_media":10234,"comment_status":"closed","ping_status":"closed","template":"","meta":{"_acf_changed":false},"product_brand":[127],"product_cat":[115],"product_tag":[],"class_list":{"0":"post-3684","1":"product","2":"type-product","3":"status-publish","4":"has-post-thumbnail","6":"product_brand-stemcell-technologies","7":"product_cat-phan-lap-te-bao","9":"first","10":"outofstock","11":"shipping-taxable","12":"product-type-simple"},"acf":[],"yoast_head":"<!-- This site is optimized with the Yoast SEO plugin v26.8 - https:\/\/yoast.com\/product\/yoast-seo-wordpress\/ -->\n<title>Dung D\u1ecbch Ph\u00e2n T\u00e1ch Gradient T\u1ef7 Tr\u1ecdng Lymphoprep\u2122<\/title>\n<meta name=\"description\" content=\"Lymphoprep\u2122 l\u00e0 m\u00f4i tr\u01b0\u1eddng gradient t\u1ef7 tr\u1ecdng pha s\u1eb5n d\u00f9ng \u0111\u1ec3 ph\u00e2n t\u00e1ch th\u00e0nh ph\u1ea7n c\u00e1c t\u1ebf b\u00e0o \u0111\u01a1n nh\u00e2n t\u1eeb m\u00e1u ngo\u1ea1i vi, m\u00e1u cu\u1ed1ng r\u1ed1n v\u00e0 t\u1ee7y x\u01b0\u01a1ng.\" \/>\n<meta name=\"robots\" content=\"index, follow, max-snippet:-1, max-image-preview:large, max-video-preview:-1\" \/>\n<link rel=\"canonical\" href=\"https:\/\/biogroupvietnam.com\/vi\/san-pham\/dung-dich-lymphoprep-ly-tam-ty-trong\/\" \/>\n<meta property=\"og:locale\" content=\"vi_VN\" \/>\n<meta property=\"og:type\" content=\"article\" \/>\n<meta property=\"og:title\" content=\"Dung D\u1ecbch Ph\u00e2n T\u00e1ch Gradient T\u1ef7 Tr\u1ecdng Lymphoprep\u2122\" \/>\n<meta property=\"og:description\" content=\"Lymphoprep\u2122 l\u00e0 m\u00f4i tr\u01b0\u1eddng gradient t\u1ef7 tr\u1ecdng pha s\u1eb5n d\u00f9ng \u0111\u1ec3 ph\u00e2n t\u00e1ch th\u00e0nh ph\u1ea7n c\u00e1c t\u1ebf b\u00e0o \u0111\u01a1n nh\u00e2n t\u1eeb m\u00e1u ngo\u1ea1i vi, m\u00e1u cu\u1ed1ng r\u1ed1n v\u00e0 t\u1ee7y x\u01b0\u01a1ng.\" \/>\n<meta property=\"og:url\" content=\"https:\/\/biogroupvietnam.com\/vi\/san-pham\/dung-dich-lymphoprep-ly-tam-ty-trong\/\" \/>\n<meta property=\"og:site_name\" content=\"Biogroup Vietnam\" \/>\n<meta property=\"article:modified_time\" content=\"2026-04-06T07:18:01+00:00\" \/>\n<meta property=\"og:image\" content=\"https:\/\/biogroupvietnam.com\/wp-content\/uploads\/2025\/08\/dung-dich-phan-tach-gradient-ty-trong-lymphoprep.jpg\" \/>\n\t<meta property=\"og:image:width\" content=\"1640\" \/>\n\t<meta property=\"og:image:height\" content=\"1260\" \/>\n\t<meta property=\"og:image:type\" content=\"image\/jpeg\" \/>\n<meta name=\"twitter:card\" content=\"summary_large_image\" \/>\n<meta name=\"twitter:label1\" content=\"\u01af\u1edbc t\u00ednh th\u1eddi gian \u0111\u1ecdc\" \/>\n\t<meta name=\"twitter:data1\" content=\"4 ph\u00fat\" \/>\n<script type=\"application\/ld+json\" class=\"yoast-schema-graph\">{\"@context\":\"https:\/\/schema.org\",\"@graph\":[{\"@type\":\"WebPage\",\"@id\":\"https:\/\/biogroupvietnam.com\/vi\/san-pham\/dung-dich-lymphoprep-ly-tam-ty-trong\/\",\"url\":\"https:\/\/biogroupvietnam.com\/vi\/san-pham\/dung-dich-lymphoprep-ly-tam-ty-trong\/\",\"name\":\"Dung D\u1ecbch Ph\u00e2n T\u00e1ch Gradient T\u1ef7 Tr\u1ecdng Lymphoprep\u2122\",\"isPartOf\":{\"@id\":\"https:\/\/biogroupvietnam.com\/vi\/#website\"},\"primaryImageOfPage\":{\"@id\":\"https:\/\/biogroupvietnam.com\/vi\/san-pham\/dung-dich-lymphoprep-ly-tam-ty-trong\/#primaryimage\"},\"image\":{\"@id\":\"https:\/\/biogroupvietnam.com\/vi\/san-pham\/dung-dich-lymphoprep-ly-tam-ty-trong\/#primaryimage\"},\"thumbnailUrl\":\"https:\/\/biogroupvietnam.com\/wp-content\/uploads\/2025\/08\/dung-dich-phan-tach-gradient-ty-trong-lymphoprep.jpg\",\"datePublished\":\"2025-08-18T12:52:18+00:00\",\"dateModified\":\"2026-04-06T07:18:01+00:00\",\"description\":\"Lymphoprep\u2122 l\u00e0 m\u00f4i tr\u01b0\u1eddng gradient t\u1ef7 tr\u1ecdng pha s\u1eb5n d\u00f9ng \u0111\u1ec3 ph\u00e2n t\u00e1ch th\u00e0nh ph\u1ea7n c\u00e1c t\u1ebf b\u00e0o \u0111\u01a1n nh\u00e2n t\u1eeb m\u00e1u ngo\u1ea1i vi, m\u00e1u cu\u1ed1ng r\u1ed1n v\u00e0 t\u1ee7y x\u01b0\u01a1ng.\",\"breadcrumb\":{\"@id\":\"https:\/\/biogroupvietnam.com\/vi\/san-pham\/dung-dich-lymphoprep-ly-tam-ty-trong\/#breadcrumb\"},\"inLanguage\":\"vi\",\"potentialAction\":[{\"@type\":\"ReadAction\",\"target\":[\"https:\/\/biogroupvietnam.com\/vi\/san-pham\/dung-dich-lymphoprep-ly-tam-ty-trong\/\"]}]},{\"@type\":\"ImageObject\",\"inLanguage\":\"vi\",\"@id\":\"https:\/\/biogroupvietnam.com\/vi\/san-pham\/dung-dich-lymphoprep-ly-tam-ty-trong\/#primaryimage\",\"url\":\"https:\/\/biogroupvietnam.com\/wp-content\/uploads\/2025\/08\/dung-dich-phan-tach-gradient-ty-trong-lymphoprep.jpg\",\"contentUrl\":\"https:\/\/biogroupvietnam.com\/wp-content\/uploads\/2025\/08\/dung-dich-phan-tach-gradient-ty-trong-lymphoprep.jpg\",\"width\":1640,\"height\":1260,\"caption\":\"Dung D\u1ecbch Ph\u00e2n T\u00e1ch Gradient T\u1ef7 Tr\u1ecdng Lymphoprep\u2122\"},{\"@type\":\"BreadcrumbList\",\"@id\":\"https:\/\/biogroupvietnam.com\/vi\/san-pham\/dung-dich-lymphoprep-ly-tam-ty-trong\/#breadcrumb\",\"itemListElement\":[{\"@type\":\"ListItem\",\"position\":1,\"name\":\"Trang ch\u1ee7\",\"item\":\"https:\/\/biogroupvietnam.com\/vi\/\"},{\"@type\":\"ListItem\",\"position\":2,\"name\":\"S\u1ea3n ph\u1ea9m\",\"item\":\"https:\/\/biogroupvietnam.com\/vi\/san-pham\/\"},{\"@type\":\"ListItem\",\"position\":3,\"name\":\"X\u1eed L\u00fd T\u1ebf B\u00e0o\",\"item\":\"https:\/\/biogroupvietnam.com\/vi\/danh-muc-san-pham\/xu-ly-te-bao\/\"},{\"@type\":\"ListItem\",\"position\":4,\"name\":\"Ph\u00e2n L\u1eadp T\u1ebf B\u00e0o\",\"item\":\"https:\/\/biogroupvietnam.com\/vi\/danh-muc-san-pham\/phan-lap-te-bao\/\"},{\"@type\":\"ListItem\",\"position\":5,\"name\":\"Dung D\u1ecbch Ph\u00e2n T\u00e1ch Gradient T\u1ef7 Tr\u1ecdng Lymphoprep\u2122\"}]},{\"@type\":\"WebSite\",\"@id\":\"https:\/\/biogroupvietnam.com\/vi\/#website\",\"url\":\"https:\/\/biogroupvietnam.com\/vi\/\",\"name\":\"Biogroup Vietnam\",\"description\":\"Biogroup Vietnam cung c\u1ea5p d\u1ecbch v\u1ee5 k\u1ef9 thu\u1eadt c\u00f9ng thi\u1ebft b\u1ecb, v\u1eadt t\u01b0, h\u00f3a ch\u1ea5t v\u00e0 gi\u1ea3i ph\u00e1p sinh h\u1ecdc cho ph\u00f2ng th\u00ed nghi\u1ec7m c\u00f4ng ngh\u1ec7 sinh h\u1ecdc, y sinh v\u00e0 y h\u1ecdc t\u00e1i t\u1ea1o.\",\"potentialAction\":[{\"@type\":\"SearchAction\",\"target\":{\"@type\":\"EntryPoint\",\"urlTemplate\":\"https:\/\/biogroupvietnam.com\/vi\/?s={search_term_string}\"},\"query-input\":{\"@type\":\"PropertyValueSpecification\",\"valueRequired\":true,\"valueName\":\"search_term_string\"}}],\"inLanguage\":\"vi\"}]}<\/script>\n<!-- \/ Yoast SEO plugin. -->","yoast_head_json":{"title":"Dung D\u1ecbch Ph\u00e2n T\u00e1ch Gradient T\u1ef7 Tr\u1ecdng Lymphoprep\u2122","description":"Lymphoprep\u2122 l\u00e0 m\u00f4i tr\u01b0\u1eddng gradient t\u1ef7 tr\u1ecdng pha s\u1eb5n d\u00f9ng \u0111\u1ec3 ph\u00e2n t\u00e1ch th\u00e0nh ph\u1ea7n c\u00e1c t\u1ebf b\u00e0o \u0111\u01a1n nh\u00e2n t\u1eeb m\u00e1u ngo\u1ea1i vi, m\u00e1u cu\u1ed1ng r\u1ed1n v\u00e0 t\u1ee7y x\u01b0\u01a1ng.","robots":{"index":"index","follow":"follow","max-snippet":"max-snippet:-1","max-image-preview":"max-image-preview:large","max-video-preview":"max-video-preview:-1"},"canonical":"https:\/\/biogroupvietnam.com\/vi\/san-pham\/dung-dich-lymphoprep-ly-tam-ty-trong\/","og_locale":"vi_VN","og_type":"article","og_title":"Dung D\u1ecbch Ph\u00e2n T\u00e1ch Gradient T\u1ef7 Tr\u1ecdng Lymphoprep\u2122","og_description":"Lymphoprep\u2122 l\u00e0 m\u00f4i tr\u01b0\u1eddng gradient t\u1ef7 tr\u1ecdng pha s\u1eb5n d\u00f9ng \u0111\u1ec3 ph\u00e2n t\u00e1ch th\u00e0nh ph\u1ea7n c\u00e1c t\u1ebf b\u00e0o \u0111\u01a1n nh\u00e2n t\u1eeb m\u00e1u ngo\u1ea1i vi, m\u00e1u cu\u1ed1ng r\u1ed1n v\u00e0 t\u1ee7y x\u01b0\u01a1ng.","og_url":"https:\/\/biogroupvietnam.com\/vi\/san-pham\/dung-dich-lymphoprep-ly-tam-ty-trong\/","og_site_name":"Biogroup Vietnam","article_modified_time":"2026-04-06T07:18:01+00:00","og_image":[{"width":1640,"height":1260,"url":"https:\/\/biogroupvietnam.com\/wp-content\/uploads\/2025\/08\/dung-dich-phan-tach-gradient-ty-trong-lymphoprep.jpg","type":"image\/jpeg"}],"twitter_card":"summary_large_image","twitter_misc":{"\u01af\u1edbc t\u00ednh th\u1eddi gian \u0111\u1ecdc":"4 ph\u00fat"},"schema":{"@context":"https:\/\/schema.org","@graph":[{"@type":"WebPage","@id":"https:\/\/biogroupvietnam.com\/vi\/san-pham\/dung-dich-lymphoprep-ly-tam-ty-trong\/","url":"https:\/\/biogroupvietnam.com\/vi\/san-pham\/dung-dich-lymphoprep-ly-tam-ty-trong\/","name":"Dung D\u1ecbch Ph\u00e2n T\u00e1ch Gradient T\u1ef7 Tr\u1ecdng Lymphoprep\u2122","isPartOf":{"@id":"https:\/\/biogroupvietnam.com\/vi\/#website"},"primaryImageOfPage":{"@id":"https:\/\/biogroupvietnam.com\/vi\/san-pham\/dung-dich-lymphoprep-ly-tam-ty-trong\/#primaryimage"},"image":{"@id":"https:\/\/biogroupvietnam.com\/vi\/san-pham\/dung-dich-lymphoprep-ly-tam-ty-trong\/#primaryimage"},"thumbnailUrl":"https:\/\/biogroupvietnam.com\/wp-content\/uploads\/2025\/08\/dung-dich-phan-tach-gradient-ty-trong-lymphoprep.jpg","datePublished":"2025-08-18T12:52:18+00:00","dateModified":"2026-04-06T07:18:01+00:00","description":"Lymphoprep\u2122 l\u00e0 m\u00f4i tr\u01b0\u1eddng gradient t\u1ef7 tr\u1ecdng pha s\u1eb5n d\u00f9ng \u0111\u1ec3 ph\u00e2n t\u00e1ch th\u00e0nh ph\u1ea7n c\u00e1c t\u1ebf b\u00e0o \u0111\u01a1n nh\u00e2n t\u1eeb m\u00e1u ngo\u1ea1i vi, m\u00e1u cu\u1ed1ng r\u1ed1n v\u00e0 t\u1ee7y x\u01b0\u01a1ng.","breadcrumb":{"@id":"https:\/\/biogroupvietnam.com\/vi\/san-pham\/dung-dich-lymphoprep-ly-tam-ty-trong\/#breadcrumb"},"inLanguage":"vi","potentialAction":[{"@type":"ReadAction","target":["https:\/\/biogroupvietnam.com\/vi\/san-pham\/dung-dich-lymphoprep-ly-tam-ty-trong\/"]}]},{"@type":"ImageObject","inLanguage":"vi","@id":"https:\/\/biogroupvietnam.com\/vi\/san-pham\/dung-dich-lymphoprep-ly-tam-ty-trong\/#primaryimage","url":"https:\/\/biogroupvietnam.com\/wp-content\/uploads\/2025\/08\/dung-dich-phan-tach-gradient-ty-trong-lymphoprep.jpg","contentUrl":"https:\/\/biogroupvietnam.com\/wp-content\/uploads\/2025\/08\/dung-dich-phan-tach-gradient-ty-trong-lymphoprep.jpg","width":1640,"height":1260,"caption":"Dung D\u1ecbch Ph\u00e2n T\u00e1ch Gradient T\u1ef7 Tr\u1ecdng Lymphoprep\u2122"},{"@type":"BreadcrumbList","@id":"https:\/\/biogroupvietnam.com\/vi\/san-pham\/dung-dich-lymphoprep-ly-tam-ty-trong\/#breadcrumb","itemListElement":[{"@type":"ListItem","position":1,"name":"Trang ch\u1ee7","item":"https:\/\/biogroupvietnam.com\/vi\/"},{"@type":"ListItem","position":2,"name":"S\u1ea3n ph\u1ea9m","item":"https:\/\/biogroupvietnam.com\/vi\/san-pham\/"},{"@type":"ListItem","position":3,"name":"X\u1eed L\u00fd T\u1ebf B\u00e0o","item":"https:\/\/biogroupvietnam.com\/vi\/danh-muc-san-pham\/xu-ly-te-bao\/"},{"@type":"ListItem","position":4,"name":"Ph\u00e2n L\u1eadp T\u1ebf B\u00e0o","item":"https:\/\/biogroupvietnam.com\/vi\/danh-muc-san-pham\/phan-lap-te-bao\/"},{"@type":"ListItem","position":5,"name":"Dung D\u1ecbch Ph\u00e2n T\u00e1ch Gradient T\u1ef7 Tr\u1ecdng Lymphoprep\u2122"}]},{"@type":"WebSite","@id":"https:\/\/biogroupvietnam.com\/vi\/#website","url":"https:\/\/biogroupvietnam.com\/vi\/","name":"Biogroup Vietnam","description":"Biogroup Vietnam cung c\u1ea5p d\u1ecbch v\u1ee5 k\u1ef9 thu\u1eadt c\u00f9ng thi\u1ebft b\u1ecb, v\u1eadt t\u01b0, h\u00f3a ch\u1ea5t v\u00e0 gi\u1ea3i ph\u00e1p sinh h\u1ecdc cho ph\u00f2ng th\u00ed nghi\u1ec7m c\u00f4ng ngh\u1ec7 sinh h\u1ecdc, y sinh v\u00e0 y h\u1ecdc t\u00e1i t\u1ea1o.","potentialAction":[{"@type":"SearchAction","target":{"@type":"EntryPoint","urlTemplate":"https:\/\/biogroupvietnam.com\/vi\/?s={search_term_string}"},"query-input":{"@type":"PropertyValueSpecification","valueRequired":true,"valueName":"search_term_string"}}],"inLanguage":"vi"}]}},"_links":{"self":[{"href":"https:\/\/biogroupvietnam.com\/vi\/wp-json\/wp\/v2\/product\/3684","targetHints":{"allow":["GET"]}}],"collection":[{"href":"https:\/\/biogroupvietnam.com\/vi\/wp-json\/wp\/v2\/product"}],"about":[{"href":"https:\/\/biogroupvietnam.com\/vi\/wp-json\/wp\/v2\/types\/product"}],"replies":[{"embeddable":true,"href":"https:\/\/biogroupvietnam.com\/vi\/wp-json\/wp\/v2\/comments?post=3684"}],"version-history":[{"count":4,"href":"https:\/\/biogroupvietnam.com\/vi\/wp-json\/wp\/v2\/product\/3684\/revisions"}],"predecessor-version":[{"id":9805,"href":"https:\/\/biogroupvietnam.com\/vi\/wp-json\/wp\/v2\/product\/3684\/revisions\/9805"}],"wp:featuredmedia":[{"embeddable":true,"href":"https:\/\/biogroupvietnam.com\/vi\/wp-json\/wp\/v2\/media\/10234"}],"wp:attachment":[{"href":"https:\/\/biogroupvietnam.com\/vi\/wp-json\/wp\/v2\/media?parent=3684"}],"wp:term":[{"taxonomy":"product_brand","embeddable":true,"href":"https:\/\/biogroupvietnam.com\/vi\/wp-json\/wp\/v2\/product_brand?post=3684"},{"taxonomy":"product_cat","embeddable":true,"href":"https:\/\/biogroupvietnam.com\/vi\/wp-json\/wp\/v2\/product_cat?post=3684"},{"taxonomy":"product_tag","embeddable":true,"href":"https:\/\/biogroupvietnam.com\/vi\/wp-json\/wp\/v2\/product_tag?post=3684"}],"curies":[{"name":"wp","href":"https:\/\/api.w.org\/{rel}","templated":true}]}}