{"id":3685,"date":"2025-08-18T19:52:18","date_gmt":"2025-08-18T12:52:18","guid":{"rendered":"http:\/\/biogroupvietnam-worldpress.local\/product\/import-placeholder-for-59\/"},"modified":"2026-04-06T14:03:41","modified_gmt":"2026-04-06T07:03:41","slug":"moi-truong-optiprep-ly-tam-ty-trong","status":"publish","type":"product","link":"https:\/\/biogroupvietnam.com\/vi\/san-pham\/moi-truong-optiprep-ly-tam-ty-trong\/","title":{"rendered":"M\u00f4i Tr\u01b0\u1eddng OptiPrep\u2122 Ly T\u00e2m T\u1ef7 Tr\u1ecdng"},"content":{"rendered":"<p style=\"text-align: justify;\">M\u00f4i Tr\u01b0\u1eddng OptiPrep\u2122 Ly T\u00e2m T\u1ef7 Tr\u1ecdng l\u00e0 m\u1ed9t dung d\u1ecbch pha s\u1eb5n, v\u00f4 tr\u00f9ng, \u0111\u00e3 ki\u1ec3m tra \u0111\u1ed9c t\u1ed1 v\u00e0 \u0111\u01b0\u1ee3c s\u1eed d\u1ee5ng nh\u01b0 m\u1ed9t m\u00f4i tr\u01b0\u1eddng gradient t\u1ef7 tr\u1ecdng, \u0111\u01b0\u1ee3c khuy\u1ebfn ngh\u1ecb \u0111\u1ec3 ph\u00e2n t\u00e1ch v\u00e0 tinh s\u1ea1ch DNA ho\u1eb7c RNA c\u1ee7a virus, c\u00e1c b\u00e0o quan nh\u01b0 nh\u00e2n, ty th\u1ec3, endosomes ho\u1eb7c exosomes, \u0111\u1ea1i ph\u00e2n t\u1eed, c\u0169ng nh\u01b0 nhi\u1ec1u lo\u1ea1i t\u1ebf b\u00e0o kh\u00e1c.<\/p>\n<p style=\"text-align: justify;\">OptiPrep\u2122 l\u00e0 m\u1ed9t m\u00f4i tr\u01b0\u1eddng ch\u1ee9a iodixanol kh\u00f4ng ion v\u1edbi m\u1eadt \u0111\u1ed9 1.320 \u00b1 0,001 g\/mL. \u0110\u01b0\u1ee3c s\u1eed d\u1ee5ng tr\u00ean l\u00e2m s\u00e0ng trong ch\u1ee5p \u1ea3nh c\u1ea3n quang b\u1eb1ng X-ray v\u00e0 \u0111\u00e3 \u0111\u01b0\u1ee3c ch\u1ee9ng minh l\u00e0 c\u00f3 \u0111\u1ed9c t\u00ednh th\u1ea5p h\u01a1n so v\u1edbi c\u00e1c h\u1ee3p ch\u1ea5t gradient ion nh\u01b0 metrizamide.<\/p>\n<figure class=\"table\">\n<table>\n<tbody>\n<tr>\n<td>\n<p style=\"text-align: justify;\">T\u00ean s\u1ea3n ph\u1ea9m<\/p>\n<\/td>\n<td>\n<p style=\"text-align: justify;\"><strong>OptiPrep\u2122<\/strong><\/p>\n<\/td>\n<\/tr>\n<tr>\n<td>\n<p style=\"text-align: justify;\">\u0110i\u1ec3u ki\u1ec7n v\u1eadn chuy\u1ec3n<\/p>\n<\/td>\n<td>\n<p style=\"text-align: justify;\">Nhi\u1ec7t \u0111\u1ed9 ph\u00f2ng<\/p>\n<\/td>\n<\/tr>\n<tr>\n<td>\n<p style=\"text-align: justify;\">\u0110i\u1ec1u ki\u1ec7n l\u01b0u tr\u1eef<\/p>\n<\/td>\n<td>\n<p style=\"text-align: justify;\"><strong>\u0110i\u1ec1u ki\u1ec7n l\u01b0u tr\u1eef v\u00e0 \u1ed5n \u0111\u1ecbnh c\u1ee7a OptiPrep\u2122<\/strong><\/p>\n<p style=\"text-align: justify;\">N\u00ean \u0111\u01b0\u1ee3c l\u01b0u tr\u1eef trong kho\u1ea3ng 4\u00b0C &#8211; 24\u00b0C trong m\u00f4i tr\u01b0\u1eddng v\u00f4 tr\u00f9ng v\u00e0 t\u1ed1i.<\/p>\n<p style=\"text-align: justify;\">L\u01afU \u00dd: B\u1ea3o v\u1ec7 s\u1ea3n ph\u1ea9m kh\u1ecfi \u00e1nh s\u00e1ng. Ti\u1ebfp x\u00fac l\u00e2u d\u00e0i v\u1edbi \u00e1nh s\u00e1ng m\u1eb7t tr\u1eddi tr\u1ef1c ti\u1ebfp d\u1eabn \u0111\u1ebfn gi\u1ea3i ph\u00f3ng i\u1ed1t t\u1eeb ph\u00e2n t\u1eed iotixanol. \u1ea2nh h\u01b0\u1edfng\u00a0n\u00e0y l\u00e0 kh\u00f4ng \u0111\u00e1ng k\u1ec3 khi l\u00e0m vi\u1ec7c v\u1edbi dung d\u1ecbch n\u00e0y h\u00e0ng ng\u00e0y.<\/p>\n<\/td>\n<\/tr>\n<tr>\n<td>\n<p style=\"text-align: justify;\">\u1ee8ng d\u1ee5ng<\/p>\n<\/td>\n<td>\n<p style=\"text-align: justify;\">Ph\u00e2n t\u00e1ch t\u1ebf b\u00e0o, b\u00e0o quan, \u0111\u1ea1i ph\u00e2n t\u1eed v\u00e0 lipoprotein.<\/p>\n<\/td>\n<\/tr>\n<tr>\n<td>\n<p style=\"text-align: justify;\">Th\u00e0nh ph\u1ea7n<\/p>\n<\/td>\n<td>\n<p style=\"text-align: justify;\">Iodixanol: 60% (w\/v)<\/p>\n<p style=\"text-align: justify;\">T\u1ef7 tr\u1ecdng: 1.320 \u00b1 0.001 g\/mL<\/p>\n<\/td>\n<\/tr>\n<tr>\n<td>\n<p style=\"text-align: justify;\">\u01afu \u0111i\u1ec3m<\/p>\n<\/td>\n<td>\n<p style=\"text-align: justify;\"><strong>\u01afu \u0111i\u1ec3m c\u1ee7a OptiPrep\u2122 v\u1edbi c\u00e1c m\u00f4i tr\u01b0\u1eddng t\u1ec9 tr\u1ecdng kh\u00e1c<\/strong><\/p>\n<p style=\"text-align: justify;\"><strong>OptiPrep\u2122 v\u1edbi Histopaque v\u00e0 Percoll<\/strong><br \/>\nPercoll v\u00e0 Histopaque bao g\u1ed3m m\u1ed9t ho\u1eb7c m\u1ed9t s\u1ed1 b\u01b0\u1edbc r\u1eeda tr\u01b0\u1edbc khi s\u1eed d\u1ee5ng \u0111\u1ec3 tr\u00e1nh s\u1ef1 h\u00ecnh th\u00e0nh \u0111\u1ed9c t\u1ed1 c\u1ee7a c\u00e1c gradient t\u1ef7 tr\u1ecdng, \u0111i\u1ec1u n\u00e0y c\u00f3 th\u1ec3 g\u00e2y h\u1ea1i cho c\u00e1c t\u1ebf b\u00e0o c\u1ee7a \u0111\u1ed9ng v\u1eadt c\u00f3 v\u00fa. Kh\u00f4ng gi\u1ed1ng nh\u01b0 Histopaque v\u00e0 Percoll, OptiPrep\u2122 kh\u00f4ng c\u00f3 ti\u1ec1m n\u0103ng t\u00edch l\u0169y sinh h\u1ecdc, do \u0111\u00f3 kh\u00f4ng \u0111\u1ed9c h\u1ea1i cho t\u1ebf b\u00e0o. N\u0103ng su\u1ea5t, \u0111\u1ed9 tinh khi\u1ebft c\u1ee7a OptiPrep t\u1ed1t h\u01a1n so v\u1edbi Histopaque.<\/p>\n<p style=\"text-align: justify;\"><strong>OptiPrep\u2122 v\u1edbi CsCl (Caesium chloride)<\/strong><\/p>\n<p style=\"text-align: justify;\">T\u1ef7 l\u1ec7 s\u1ed1 virus cao h\u01a1n 100 l\u1ea7n OptiPrep\u2122 \u0111\u01b0\u1ee3c ghi nh\u1eadn t\u1eeb CsCl.<\/p>\n<\/td>\n<\/tr>\n<\/tbody>\n<\/table>\n<\/figure>\n","protected":false},"excerpt":{"rendered":"<p>M\u00f4i Tr\u01b0\u1eddng OptiPrep\u2122 Ly T\u00e2m T\u1ef7 Tr\u1ecdng l\u00e0 m\u1ed9t dung d\u1ecbch pha s\u1eb5n, v\u00f4 tr\u00f9ng, \u0111\u00e3 ki\u1ec3m tra \u0111\u1ed9c t\u1ed1 v\u00e0 \u0111\u01b0\u1ee3c s\u1eed d\u1ee5ng nh\u01b0 m\u1ed9t m\u00f4i tr\u01b0\u1eddng gradient t\u1ef7 tr\u1ecdng, \u0111\u01b0\u1ee3c khuy\u1ebfn ngh\u1ecb \u0111\u1ec3 ph\u00e2n t\u00e1ch v\u00e0 tinh s\u1ea1ch DNA ho\u1eb7c RNA c\u1ee7a virus, c\u00e1c b\u00e0o quan nh\u01b0 nh\u00e2n, ty th\u1ec3, endosomes ho\u1eb7c exosomes,<\/p>\n<div class=\"klb-readmore post-buttons\"><a class=\"button rounded primary\" href=\"https:\/\/biogroupvietnam.com\/vi\/san-pham\/moi-truong-optiprep-ly-tam-ty-trong\/\">Read More <i class=\"klbth-icon-right-arrow\"><\/i><\/a><\/div>\n","protected":false},"featured_media":10232,"comment_status":"closed","ping_status":"closed","template":"","meta":{"_acf_changed":false},"product_brand":[127],"product_cat":[115],"product_tag":[],"class_list":{"0":"post-3685","1":"product","2":"type-product","3":"status-publish","4":"has-post-thumbnail","6":"product_brand-stemcell-technologies","7":"product_cat-phan-lap-te-bao","9":"first","10":"outofstock","11":"shipping-taxable","12":"product-type-simple"},"acf":[],"yoast_head":"<!-- This site is optimized with the Yoast SEO plugin v26.8 - https:\/\/yoast.com\/product\/yoast-seo-wordpress\/ -->\n<title>M\u00f4i Tr\u01b0\u1eddng OptiPrep\u2122 Ly T\u00e2m T\u1ef7 Tr\u1ecdng<\/title>\n<meta name=\"description\" content=\"OptiPrep\u2122 \u0111\u01b0\u1ee3c khuy\u1ebfn ngh\u1ecb \u0111\u1ec3 ph\u00e2n t\u00e1ch v\u00e0 tinh s\u1ea1ch DNA\/ RNA virus, c\u00e1c b\u00e0o quan (nh\u00e2n, ty th\u1ec3, endosomes\/exosomes, \u0111\u1ea1i ph\u00e2n t\u1eed) v\u00e0 nhi\u1ec1u lo\u1ea1i t\u1ebf b\u00e0o kh\u00e1c.\" \/>\n<meta name=\"robots\" content=\"index, follow, max-snippet:-1, max-image-preview:large, max-video-preview:-1\" \/>\n<link rel=\"canonical\" href=\"https:\/\/biogroupvietnam.com\/vi\/san-pham\/moi-truong-optiprep-ly-tam-ty-trong\/\" \/>\n<meta property=\"og:locale\" content=\"vi_VN\" \/>\n<meta property=\"og:type\" content=\"article\" \/>\n<meta property=\"og:title\" content=\"M\u00f4i Tr\u01b0\u1eddng OptiPrep\u2122 Ly T\u00e2m T\u1ef7 Tr\u1ecdng\" \/>\n<meta property=\"og:description\" content=\"OptiPrep\u2122 \u0111\u01b0\u1ee3c khuy\u1ebfn ngh\u1ecb \u0111\u1ec3 ph\u00e2n t\u00e1ch v\u00e0 tinh s\u1ea1ch DNA\/ RNA virus, c\u00e1c b\u00e0o quan (nh\u00e2n, ty th\u1ec3, endosomes\/exosomes, \u0111\u1ea1i ph\u00e2n t\u1eed) v\u00e0 nhi\u1ec1u lo\u1ea1i t\u1ebf b\u00e0o kh\u00e1c.\" \/>\n<meta property=\"og:url\" content=\"https:\/\/biogroupvietnam.com\/vi\/san-pham\/moi-truong-optiprep-ly-tam-ty-trong\/\" \/>\n<meta property=\"og:site_name\" content=\"Biogroup Vietnam\" \/>\n<meta property=\"article:modified_time\" content=\"2026-04-06T07:03:41+00:00\" \/>\n<meta property=\"og:image\" content=\"https:\/\/biogroupvietnam.com\/wp-content\/uploads\/2025\/08\/moi-truong-optiprep-ly-tam-ty-trong.jpg\" \/>\n\t<meta property=\"og:image:width\" content=\"1640\" \/>\n\t<meta property=\"og:image:height\" content=\"1260\" \/>\n\t<meta property=\"og:image:type\" content=\"image\/jpeg\" \/>\n<meta name=\"twitter:card\" content=\"summary_large_image\" \/>\n<meta name=\"twitter:label1\" content=\"\u01af\u1edbc t\u00ednh th\u1eddi gian \u0111\u1ecdc\" \/>\n\t<meta name=\"twitter:data1\" content=\"3 ph\u00fat\" \/>\n<script type=\"application\/ld+json\" class=\"yoast-schema-graph\">{\"@context\":\"https:\/\/schema.org\",\"@graph\":[{\"@type\":\"WebPage\",\"@id\":\"https:\/\/biogroupvietnam.com\/vi\/san-pham\/moi-truong-optiprep-ly-tam-ty-trong\/\",\"url\":\"https:\/\/biogroupvietnam.com\/vi\/san-pham\/moi-truong-optiprep-ly-tam-ty-trong\/\",\"name\":\"M\u00f4i Tr\u01b0\u1eddng OptiPrep\u2122 Ly T\u00e2m T\u1ef7 Tr\u1ecdng\",\"isPartOf\":{\"@id\":\"https:\/\/biogroupvietnam.com\/vi\/#website\"},\"primaryImageOfPage\":{\"@id\":\"https:\/\/biogroupvietnam.com\/vi\/san-pham\/moi-truong-optiprep-ly-tam-ty-trong\/#primaryimage\"},\"image\":{\"@id\":\"https:\/\/biogroupvietnam.com\/vi\/san-pham\/moi-truong-optiprep-ly-tam-ty-trong\/#primaryimage\"},\"thumbnailUrl\":\"https:\/\/biogroupvietnam.com\/wp-content\/uploads\/2025\/08\/moi-truong-optiprep-ly-tam-ty-trong.jpg\",\"datePublished\":\"2025-08-18T12:52:18+00:00\",\"dateModified\":\"2026-04-06T07:03:41+00:00\",\"description\":\"OptiPrep\u2122 \u0111\u01b0\u1ee3c khuy\u1ebfn ngh\u1ecb \u0111\u1ec3 ph\u00e2n t\u00e1ch v\u00e0 tinh s\u1ea1ch DNA\/ RNA virus, c\u00e1c b\u00e0o quan (nh\u00e2n, ty th\u1ec3, endosomes\/exosomes, \u0111\u1ea1i ph\u00e2n t\u1eed) v\u00e0 nhi\u1ec1u lo\u1ea1i t\u1ebf b\u00e0o kh\u00e1c.\",\"breadcrumb\":{\"@id\":\"https:\/\/biogroupvietnam.com\/vi\/san-pham\/moi-truong-optiprep-ly-tam-ty-trong\/#breadcrumb\"},\"inLanguage\":\"vi\",\"potentialAction\":[{\"@type\":\"ReadAction\",\"target\":[\"https:\/\/biogroupvietnam.com\/vi\/san-pham\/moi-truong-optiprep-ly-tam-ty-trong\/\"]}]},{\"@type\":\"ImageObject\",\"inLanguage\":\"vi\",\"@id\":\"https:\/\/biogroupvietnam.com\/vi\/san-pham\/moi-truong-optiprep-ly-tam-ty-trong\/#primaryimage\",\"url\":\"https:\/\/biogroupvietnam.com\/wp-content\/uploads\/2025\/08\/moi-truong-optiprep-ly-tam-ty-trong.jpg\",\"contentUrl\":\"https:\/\/biogroupvietnam.com\/wp-content\/uploads\/2025\/08\/moi-truong-optiprep-ly-tam-ty-trong.jpg\",\"width\":1640,\"height\":1260,\"caption\":\"M\u00f4i Tr\u01b0\u1eddng OptiPrep\u2122 Ly T\u00e2m T\u1ef7 Tr\u1ecdng\"},{\"@type\":\"BreadcrumbList\",\"@id\":\"https:\/\/biogroupvietnam.com\/vi\/san-pham\/moi-truong-optiprep-ly-tam-ty-trong\/#breadcrumb\",\"itemListElement\":[{\"@type\":\"ListItem\",\"position\":1,\"name\":\"Trang ch\u1ee7\",\"item\":\"https:\/\/biogroupvietnam.com\/vi\/\"},{\"@type\":\"ListItem\",\"position\":2,\"name\":\"S\u1ea3n ph\u1ea9m\",\"item\":\"https:\/\/biogroupvietnam.com\/vi\/san-pham\/\"},{\"@type\":\"ListItem\",\"position\":3,\"name\":\"X\u1eed L\u00fd T\u1ebf B\u00e0o\",\"item\":\"https:\/\/biogroupvietnam.com\/vi\/danh-muc-san-pham\/xu-ly-te-bao\/\"},{\"@type\":\"ListItem\",\"position\":4,\"name\":\"Ph\u00e2n L\u1eadp T\u1ebf B\u00e0o\",\"item\":\"https:\/\/biogroupvietnam.com\/vi\/danh-muc-san-pham\/phan-lap-te-bao\/\"},{\"@type\":\"ListItem\",\"position\":5,\"name\":\"M\u00f4i Tr\u01b0\u1eddng OptiPrep\u2122 Ly T\u00e2m T\u1ef7 Tr\u1ecdng\"}]},{\"@type\":\"WebSite\",\"@id\":\"https:\/\/biogroupvietnam.com\/vi\/#website\",\"url\":\"https:\/\/biogroupvietnam.com\/vi\/\",\"name\":\"Biogroup Vietnam\",\"description\":\"Biogroup Vietnam cung c\u1ea5p d\u1ecbch v\u1ee5 k\u1ef9 thu\u1eadt c\u00f9ng thi\u1ebft b\u1ecb, v\u1eadt t\u01b0, h\u00f3a ch\u1ea5t v\u00e0 gi\u1ea3i ph\u00e1p sinh h\u1ecdc cho ph\u00f2ng th\u00ed nghi\u1ec7m c\u00f4ng ngh\u1ec7 sinh h\u1ecdc, y sinh v\u00e0 y h\u1ecdc t\u00e1i t\u1ea1o.\",\"potentialAction\":[{\"@type\":\"SearchAction\",\"target\":{\"@type\":\"EntryPoint\",\"urlTemplate\":\"https:\/\/biogroupvietnam.com\/vi\/?s={search_term_string}\"},\"query-input\":{\"@type\":\"PropertyValueSpecification\",\"valueRequired\":true,\"valueName\":\"search_term_string\"}}],\"inLanguage\":\"vi\"}]}<\/script>\n<!-- \/ Yoast SEO plugin. -->","yoast_head_json":{"title":"M\u00f4i Tr\u01b0\u1eddng OptiPrep\u2122 Ly T\u00e2m T\u1ef7 Tr\u1ecdng","description":"OptiPrep\u2122 \u0111\u01b0\u1ee3c khuy\u1ebfn ngh\u1ecb \u0111\u1ec3 ph\u00e2n t\u00e1ch v\u00e0 tinh s\u1ea1ch DNA\/ RNA virus, c\u00e1c b\u00e0o quan (nh\u00e2n, ty th\u1ec3, endosomes\/exosomes, \u0111\u1ea1i ph\u00e2n t\u1eed) v\u00e0 nhi\u1ec1u lo\u1ea1i t\u1ebf b\u00e0o kh\u00e1c.","robots":{"index":"index","follow":"follow","max-snippet":"max-snippet:-1","max-image-preview":"max-image-preview:large","max-video-preview":"max-video-preview:-1"},"canonical":"https:\/\/biogroupvietnam.com\/vi\/san-pham\/moi-truong-optiprep-ly-tam-ty-trong\/","og_locale":"vi_VN","og_type":"article","og_title":"M\u00f4i Tr\u01b0\u1eddng OptiPrep\u2122 Ly T\u00e2m T\u1ef7 Tr\u1ecdng","og_description":"OptiPrep\u2122 \u0111\u01b0\u1ee3c khuy\u1ebfn ngh\u1ecb \u0111\u1ec3 ph\u00e2n t\u00e1ch v\u00e0 tinh s\u1ea1ch DNA\/ RNA virus, c\u00e1c b\u00e0o quan (nh\u00e2n, ty th\u1ec3, endosomes\/exosomes, \u0111\u1ea1i ph\u00e2n t\u1eed) v\u00e0 nhi\u1ec1u lo\u1ea1i t\u1ebf b\u00e0o kh\u00e1c.","og_url":"https:\/\/biogroupvietnam.com\/vi\/san-pham\/moi-truong-optiprep-ly-tam-ty-trong\/","og_site_name":"Biogroup Vietnam","article_modified_time":"2026-04-06T07:03:41+00:00","og_image":[{"width":1640,"height":1260,"url":"https:\/\/biogroupvietnam.com\/wp-content\/uploads\/2025\/08\/moi-truong-optiprep-ly-tam-ty-trong.jpg","type":"image\/jpeg"}],"twitter_card":"summary_large_image","twitter_misc":{"\u01af\u1edbc t\u00ednh th\u1eddi gian \u0111\u1ecdc":"3 ph\u00fat"},"schema":{"@context":"https:\/\/schema.org","@graph":[{"@type":"WebPage","@id":"https:\/\/biogroupvietnam.com\/vi\/san-pham\/moi-truong-optiprep-ly-tam-ty-trong\/","url":"https:\/\/biogroupvietnam.com\/vi\/san-pham\/moi-truong-optiprep-ly-tam-ty-trong\/","name":"M\u00f4i Tr\u01b0\u1eddng OptiPrep\u2122 Ly T\u00e2m T\u1ef7 Tr\u1ecdng","isPartOf":{"@id":"https:\/\/biogroupvietnam.com\/vi\/#website"},"primaryImageOfPage":{"@id":"https:\/\/biogroupvietnam.com\/vi\/san-pham\/moi-truong-optiprep-ly-tam-ty-trong\/#primaryimage"},"image":{"@id":"https:\/\/biogroupvietnam.com\/vi\/san-pham\/moi-truong-optiprep-ly-tam-ty-trong\/#primaryimage"},"thumbnailUrl":"https:\/\/biogroupvietnam.com\/wp-content\/uploads\/2025\/08\/moi-truong-optiprep-ly-tam-ty-trong.jpg","datePublished":"2025-08-18T12:52:18+00:00","dateModified":"2026-04-06T07:03:41+00:00","description":"OptiPrep\u2122 \u0111\u01b0\u1ee3c khuy\u1ebfn ngh\u1ecb \u0111\u1ec3 ph\u00e2n t\u00e1ch v\u00e0 tinh s\u1ea1ch DNA\/ RNA virus, c\u00e1c b\u00e0o quan (nh\u00e2n, ty th\u1ec3, endosomes\/exosomes, \u0111\u1ea1i ph\u00e2n t\u1eed) v\u00e0 nhi\u1ec1u lo\u1ea1i t\u1ebf b\u00e0o kh\u00e1c.","breadcrumb":{"@id":"https:\/\/biogroupvietnam.com\/vi\/san-pham\/moi-truong-optiprep-ly-tam-ty-trong\/#breadcrumb"},"inLanguage":"vi","potentialAction":[{"@type":"ReadAction","target":["https:\/\/biogroupvietnam.com\/vi\/san-pham\/moi-truong-optiprep-ly-tam-ty-trong\/"]}]},{"@type":"ImageObject","inLanguage":"vi","@id":"https:\/\/biogroupvietnam.com\/vi\/san-pham\/moi-truong-optiprep-ly-tam-ty-trong\/#primaryimage","url":"https:\/\/biogroupvietnam.com\/wp-content\/uploads\/2025\/08\/moi-truong-optiprep-ly-tam-ty-trong.jpg","contentUrl":"https:\/\/biogroupvietnam.com\/wp-content\/uploads\/2025\/08\/moi-truong-optiprep-ly-tam-ty-trong.jpg","width":1640,"height":1260,"caption":"M\u00f4i Tr\u01b0\u1eddng OptiPrep\u2122 Ly T\u00e2m T\u1ef7 Tr\u1ecdng"},{"@type":"BreadcrumbList","@id":"https:\/\/biogroupvietnam.com\/vi\/san-pham\/moi-truong-optiprep-ly-tam-ty-trong\/#breadcrumb","itemListElement":[{"@type":"ListItem","position":1,"name":"Trang ch\u1ee7","item":"https:\/\/biogroupvietnam.com\/vi\/"},{"@type":"ListItem","position":2,"name":"S\u1ea3n ph\u1ea9m","item":"https:\/\/biogroupvietnam.com\/vi\/san-pham\/"},{"@type":"ListItem","position":3,"name":"X\u1eed L\u00fd T\u1ebf B\u00e0o","item":"https:\/\/biogroupvietnam.com\/vi\/danh-muc-san-pham\/xu-ly-te-bao\/"},{"@type":"ListItem","position":4,"name":"Ph\u00e2n L\u1eadp T\u1ebf B\u00e0o","item":"https:\/\/biogroupvietnam.com\/vi\/danh-muc-san-pham\/phan-lap-te-bao\/"},{"@type":"ListItem","position":5,"name":"M\u00f4i Tr\u01b0\u1eddng OptiPrep\u2122 Ly T\u00e2m T\u1ef7 Tr\u1ecdng"}]},{"@type":"WebSite","@id":"https:\/\/biogroupvietnam.com\/vi\/#website","url":"https:\/\/biogroupvietnam.com\/vi\/","name":"Biogroup Vietnam","description":"Biogroup Vietnam cung c\u1ea5p d\u1ecbch v\u1ee5 k\u1ef9 thu\u1eadt c\u00f9ng thi\u1ebft b\u1ecb, v\u1eadt t\u01b0, h\u00f3a ch\u1ea5t v\u00e0 gi\u1ea3i ph\u00e1p sinh h\u1ecdc cho ph\u00f2ng th\u00ed nghi\u1ec7m c\u00f4ng ngh\u1ec7 sinh h\u1ecdc, y sinh v\u00e0 y h\u1ecdc t\u00e1i t\u1ea1o.","potentialAction":[{"@type":"SearchAction","target":{"@type":"EntryPoint","urlTemplate":"https:\/\/biogroupvietnam.com\/vi\/?s={search_term_string}"},"query-input":{"@type":"PropertyValueSpecification","valueRequired":true,"valueName":"search_term_string"}}],"inLanguage":"vi"}]}},"_links":{"self":[{"href":"https:\/\/biogroupvietnam.com\/vi\/wp-json\/wp\/v2\/product\/3685","targetHints":{"allow":["GET"]}}],"collection":[{"href":"https:\/\/biogroupvietnam.com\/vi\/wp-json\/wp\/v2\/product"}],"about":[{"href":"https:\/\/biogroupvietnam.com\/vi\/wp-json\/wp\/v2\/types\/product"}],"replies":[{"embeddable":true,"href":"https:\/\/biogroupvietnam.com\/vi\/wp-json\/wp\/v2\/comments?post=3685"}],"version-history":[{"count":5,"href":"https:\/\/biogroupvietnam.com\/vi\/wp-json\/wp\/v2\/product\/3685\/revisions"}],"predecessor-version":[{"id":10233,"href":"https:\/\/biogroupvietnam.com\/vi\/wp-json\/wp\/v2\/product\/3685\/revisions\/10233"}],"wp:featuredmedia":[{"embeddable":true,"href":"https:\/\/biogroupvietnam.com\/vi\/wp-json\/wp\/v2\/media\/10232"}],"wp:attachment":[{"href":"https:\/\/biogroupvietnam.com\/vi\/wp-json\/wp\/v2\/media?parent=3685"}],"wp:term":[{"taxonomy":"product_brand","embeddable":true,"href":"https:\/\/biogroupvietnam.com\/vi\/wp-json\/wp\/v2\/product_brand?post=3685"},{"taxonomy":"product_cat","embeddable":true,"href":"https:\/\/biogroupvietnam.com\/vi\/wp-json\/wp\/v2\/product_cat?post=3685"},{"taxonomy":"product_tag","embeddable":true,"href":"https:\/\/biogroupvietnam.com\/vi\/wp-json\/wp\/v2\/product_tag?post=3685"}],"curies":[{"name":"wp","href":"https:\/\/api.w.org\/{rel}","templated":true}]}}