{"id":3686,"date":"2025-08-18T19:52:18","date_gmt":"2025-08-18T12:52:18","guid":{"rendered":"http:\/\/biogroupvietnam-worldpress.local\/product\/import-placeholder-for-60\/"},"modified":"2026-04-06T13:57:56","modified_gmt":"2026-04-06T06:57:56","slug":"immunoculttm-xf","status":"publish","type":"product","link":"https:\/\/biogroupvietnam.com\/vi\/san-pham\/immunoculttm-xf\/","title":{"rendered":"M\u00f4i Tr\u01b0\u1eddng Nu\u00f4i C\u1ea5y T\u1ebf B\u00e0o ImmunoCult\u2122-XF"},"content":{"rendered":"<p>M\u00f4i tr\u01b0\u1eddng t\u0103ng sinh t\u1ebf b\u00e0o T c\u1ee7a ng\u01b0\u1eddi, serum-free, xeno-free, cGMP.<\/p>\n<h3>T\u1ed5ng quan v\u1ec1 m\u00f4i tr\u01b0\u1eddng nu\u00f4i c\u1ea5y t\u1ebf b\u00e0o\u00a0ImmunoCult\u2122-XF<\/h3>\n<p>ImmunoCult\u2122-XF l\u00e0 m\u00f4i tr\u01b0\u1eddng kh\u00f4ng ch\u1ee9a huy\u1ebft thanh v\u00e0 c\u00e1c th\u00e0nh ph\u1ea7n c\u00f3 ngu\u1ed3n g\u1ed1c t\u1eeb \u0111\u1ed9ng v\u1eadt (xeno-free, serum-free) \u0111\u01b0\u1ee3c t\u1ed1i \u01b0u \u0111\u1ec3 nu\u00f4i c\u1ea5y v\u00e0 t\u0103ng sinh in vitro t\u1ebf b\u00e0o T c\u1ee7a ng\u01b0\u1eddi \u0111\u01b0\u1ee3c ph\u00e2n l\u1eadp t\u1eeb m\u00e1u ngo\u1ea1i vi. C\u00e1c cytokine t\u00e1i t\u1ed5 h\u1ee3p \u0111\u01b0\u1ee3c s\u1eed d\u1ee5ng \u0111\u1ec3 t\u0103ng sinh v\u00e0 t\u1ed1i \u01b0u s\u1ef1 ph\u00e1t tri\u1ec3n c\u1ee7a t\u1ebf b\u00e0o T ch\u01b0a \u0111\u01b0\u1ee3c b\u1ed5 sung trong m\u00f4i tr\u01b0\u1eddng nu\u00f4i c\u1ea5y ImmunoCult\u2122-XF, cho ph\u00e9p ng\u01b0\u1eddi s\u1eed d\u1ee5ng c\u00f3 th\u1ec3 chu\u1ea9n b\u1ecb m\u00f4i tr\u01b0\u1eddng theo m\u1ee5c \u0111\u00edch s\u1eed d\u1ee5ng m\u1ed9t c\u00e1ch linh ho\u1ea1t.<\/p>\n<h3>\u01afu \u0111i\u1ec3m c\u1ee7a m\u00f4i tr\u01b0\u1eddng nu\u00f4i c\u1ea5y t\u1ebf b\u00e0o ImmunoCult\u2122-XF<\/h3>\n<ul>\n<li>Kh\u00f4ng c\u1ea7n b\u1ed5 sung ch\u1ea5t b\u1ed5 sung v\u1edbi huy\u1ebft thanh<\/li>\n<li>H\u1ed7 tr\u1ee3 t\u0103ng sinh t\u1ebf b\u00e0o T v\u1edbi t\u1ec9 l\u1ec7 t\u1ebf b\u00e0o s\u1ed1ng cao sau 10 \u2013 12 ng\u00e0y nu\u00f4i c\u1ea5y<\/li>\n<li>T\u1ebf b\u00e0o T \u0111\u01b0\u1ee3c t\u0103ng sinh c\u00f3 kh\u1ea3 n\u0103ng s\u1ea3n xu\u1ea5t c\u00e1c cytokine bao g\u1ed3m IFN-gamma v\u00e0 IL-4 khi \u0111\u01b0\u1ee3c k\u00edch th\u00edch<\/li>\n<li>S\u1eed d\u1ee5ng v\u1edbi ImmunoCult\u2122 Human T cell activators (Catalog #10970 v\u00e0 #10971) \u0111\u1ec3 ho\u1ea1t h\u00f3a t\u1ebf b\u00e0o T kh\u00f4ng c\u1ea7n d\u00f9ng h\u1ea1t (bead-free).<\/li>\n<\/ul>\n<p>M\u00f4i tr\u01b0\u1eddng ImmunoCult\u2122 \u2013 XF \u0111\u01b0\u1ee3c s\u1ea3n xu\u1ea5t v\u00e0 ki\u1ec3m tra theo h\u01b0\u1edbng d\u1eabn c\u1ee7a cGMP v\u00e0 h\u1ec7 th\u1ed1ng qu\u1ea3n l\u00fd ch\u1ea5t l\u01b0\u1ee3ng \u0111\u00e3 \u0111\u01b0\u1ee3c ch\u1ee9ng nh\u1eadn.<\/p>\n<h3>B\u1ea3o qu\u1ea3n<\/h3>\n<p>B\u1ea3o qu\u1ea3n \u1edf nhi\u1ec7t \u0111\u1ed9 2 \u2013 8oC, kh\u00f4ng \u0111\u00f4ng l\u1ea1nh.<\/p>\n<h3>\u1ee8ng d\u1ee5ng<\/h3>\n<p>Nghi\u00ean c\u1ee9u li\u1ec7u ph\u00e1p t\u1ebf b\u00e0o, ung th\u01b0, mi\u1ec5n d\u1ecbch, b\u1ec7nh truy\u1ec1n nhi\u1ec5m.<\/p>\n<h3>D\u1eef li\u1ec7u<\/h3>\n<h3 style=\"text-align: center;\"><img fetchpriority=\"high\" decoding=\"async\" src=\"https:\/\/biogroupvietnam.com\/uploads\/M0W3P0o8KCSWh0CkTvqk0pS1JLjc6r9NjSnZqVbT.png\" alt=\"\" width=\"630\" height=\"303\" \/><\/h3>\n<p><em>H\u00ecnh 1. Hi\u1ec7u qu\u1ea3 t\u0103ng sinh t\u1ebf b\u00e0o T c\u1ee7a ImmunoCult\u2122 XF so v\u1edbi c\u00e1c s\u1ea3n ph\u1ea9m th\u01b0\u01a1ng m\u1ea1i kh\u00e1c<\/em><\/p>\n<p>T\u1ebf b\u00e0o T \u0111\u01b0\u1ee3c ph\u00e2n l\u1eadp t\u1eeb ph\u1ea7n leukopak (b\u1ea1ch c\u1ea7u t\u00e1ch t\u1eeb m\u00e1u ngo\u1ea1i vi ng\u01b0\u1eddi) v\u1edbi b\u1ed9 kit EasySep\u2122 Human T Cell Isolation Kit (Catalog #17951), k\u00edch th\u00edch v\u1edbi ImmunoCult\u2122 Human CD3\/CD28\/CD2 T Cell Activator (Catalog #10970) v\u00e0 nu\u00f4i c\u1ea5y b\u1eb1ng m\u00f4i tr\u01b0\u1eddng ImmunoCult\u2122 \u2013 XF b\u1ed5 sung IL-2 c\u1ee7a ng\u01b0\u1eddi t\u00e1i t\u1ed5 h\u1ee3p (rhIL-2), so s\u00e1nh v\u1edbi c\u00e1c m\u00f4i tr\u01b0\u1eddng th\u01b0\u01a1ng m\u1ea1i kh\u00e1c. C\u00e1c m\u00f4i tr\u01b0\u1eddng th\u01b0\u01a1ng m\u1ea1i kh\u00e1c \u0111\u01b0\u1ee3c chu\u1ea9n b\u1ecb theo h\u01b0\u1edbng d\u1eabn c\u1ee7a nh\u00e0 s\u1ea3n xu\u1ea5t v\u00e0 b\u1ed5 sung huy\u1ebft thanh ng\u01b0\u1eddi ho\u1eb7c d\u1eabn xu\u1ea5t huy\u1ebft thanh. T\u1ebf b\u00e0o t\u0103ng sinh \u0111\u01b0\u1ee3c \u0111\u00e1nh gi\u00e1 t\u1ea1i c\u00e1c th\u1eddi \u0111i\u1ec3m kh\u00e1c nhau so v\u1edbi m\u1eadt \u0111\u1ed9 nu\u00f4i c\u1ea5y ban \u0111\u1ea7u. K\u1ebft qu\u1ea3 cho th\u1ea5y ImmunoCult\u2122 \u2013 XF h\u1ed7 tr\u1ee3 t\u0103ng sinh t\u1ebf b\u00e0o T t\u1ed5ng s\u1ed1 b\u1eb1ng v\u00e0 cao h\u01a1n so v\u1edbi c\u00e1c m\u00f4i tr\u01b0\u1eddng th\u01b0\u01a1ng m\u1ea1i. T\u1ebf b\u00e0o T t\u0103ng sinh 13, 106 v\u00e0 876 l\u1ea7n \u1edf ng\u00e0y 5, ng\u00e0y 7 v\u00e0 ng\u00e0y 10 so v\u1edbi th\u1eddi \u0111i\u1ec3m ban \u0111\u1ea7u. K\u1ebft qu\u1ea3 trung b\u00ecnh \u00b1 SEM (n = 3 \u2013 7 ng\u01b0\u1eddi hi\u1ebfn).<\/p>\n<p style=\"text-align: center;\"><img decoding=\"async\" src=\"https:\/\/biogroupvietnam.com\/uploads\/XwSXN0oe27g0XwTc2CtwmqYJ9VtFR3mjlkJmEGLM.png\" alt=\"\" width=\"481\" height=\"289\" \/><\/p>\n<p><em>H\u00ecnh 2. T\u1ed1c \u0111\u1ed9 t\u0103ng sinh v\u00e0 t\u1ec9 l\u1ec7 t\u1ebf b\u00e0o s\u1ed1ng cao sau 10 ng\u00e0y nu\u00f4i c\u1ea5y v\u1edbi ImmunoCult\u2122 \u2013 XF<\/em><\/p>\n<p>Sau 10 ng\u00e0y nu\u00f4i c\u1ea5y, t\u1ed5ng s\u1ed1 t\u1ebf b\u00e0o T t\u0103ng sinh t\u1ed1t h\u01a1n trong m\u00f4i tr\u01b0\u1eddng ImmunoCult\u2122 \u2013 XF, v\u1edbi t\u1ec9 l\u1ec7 s\u1ed1ng h\u01a1n 95%. K\u1ebft qu\u1ea3 trung b\u00ecnh \u00b1 SEM (n = 3 \u2013 7 ng\u01b0\u1eddi hi\u1ebfn). *p &lt;0.05; **p&lt;0.01 (ANOVA Dunnett\u2019s Multiple Comparison post-hoc test).<\/p>\n<p style=\"text-align: center;\"><img decoding=\"async\" src=\"https:\/\/biogroupvietnam.com\/uploads\/T59lJ4o2BnA9Lvz757iNCXMPxHHSlmZFs4dy7RFo.png\" alt=\"\" width=\"510\" height=\"246\" \/><\/p>\n<p><em>H\u00ecnh 3. C\u00e1c t\u1ebf b\u00e0o T t\u0103ng sinh trong ImmunoCult\u2122 \u2013 XF duy tr\u00ec t\u1ec9 l\u1ec7 qu\u1ea7n th\u1ec3 t\u1ebf b\u00e0o CD4+ v\u00e0 CD8+ sau 10 ng\u00e0y t\u0103ng sinh<\/em><\/p>\n<p>T\u1ebf b\u00e0o T sau ph\u00e2n l\u1eadp, ng\u00e0y 0 (h\u00ecnh A) v\u00e0 sau 10 ng\u00e0y nu\u00f4i c\u1ea5y (h\u00ecnh B) \u0111\u01b0\u1ee3c ph\u00e2n t\u00edch s\u1ef1 ph\u00e2n b\u1ed1 qu\u1ea7n th\u1ec3 CD4+ v\u00e0 CD8+ b\u1eb1ng ph\u01b0\u01a1ng ph\u00e1p d\u00f2ng ch\u1ea3y t\u1ebf b\u00e0o.<\/p>\n<p style=\"text-align: center;\"><img loading=\"lazy\" decoding=\"async\" src=\"https:\/\/biogroupvietnam.com\/uploads\/NxhQOGg7ElunZJ0SuLxmff55N2BKTHUU2mVmns0K.png\" alt=\"\" width=\"456\" height=\"315\" \/><\/p>\n<p><em>H\u00ecnh 4. T\u1ebf b\u00e0o T bi\u1ec3u hi\u1ec7n IFN-\u03b3, TNF-\u03b1 v\u00e0 IL-4 n\u1ed9i b\u00e0o sau 10 ng\u00e0y nu\u00f4i c\u1ea5y<\/em><\/p>\n<p>T\u1ebf b\u00e0o T v\u00e0o ng\u00e0y 10 sau khi nu\u00f4i c\u1ea5y \u0111\u01b0\u1ee3c ph\u00e2n t\u00edch IFN-\u03b3, TNF-\u03b1 v\u00e0 IL-4 n\u1ed9i b\u00e0o sau khi \u0111\u01b0\u1ee3c k\u00edch th\u00edch b\u1eb1ng PMA v\u00e0 ionomycin trong 4 gi\u1edd, ti\u1ebfp theo l\u00e0 Brefeldin A \u0111\u01b0\u1ee3c th\u00eam v\u00e0o sau 2 gi\u1edd. K\u1ebft qu\u1ea3 bi\u1ec3u hi\u1ec3n IFN-\u03b3, TNF-\u03b1 v\u00e0 IL-4 trong t\u1ebf b\u00e0o CD4+ \u0111\u01b0\u1ee3c ghi nh\u1eadn (h\u00ecnh A \u2013 C) sau khi k\u00edch th\u00edch; h\u00ecnh D \u2013 E ghi nh\u1eadn bi\u1ec3u hi\u1ec7n IFN-\u03b3 v\u00e0 TNF-\u03b1 trong t\u1ebf b\u00e0o CD8+.<\/p>\n<h3>Th\u00f4ng tin \u0111\u1eb7t h\u00e0ng<\/h3>\n<p>Catalog #100-0956: Chai 500 mL<\/p>\n","protected":false},"excerpt":{"rendered":"<p>M\u00f4i tr\u01b0\u1eddng t\u0103ng sinh t\u1ebf b\u00e0o T c\u1ee7a ng\u01b0\u1eddi, serum-free, xeno-free, cGMP. T\u1ed5ng quan v\u1ec1 m\u00f4i tr\u01b0\u1eddng nu\u00f4i c\u1ea5y t\u1ebf b\u00e0o\u00a0ImmunoCult\u2122-XF ImmunoCult\u2122-XF l\u00e0 m\u00f4i tr\u01b0\u1eddng kh\u00f4ng ch\u1ee9a huy\u1ebft thanh v\u00e0 c\u00e1c th\u00e0nh ph\u1ea7n c\u00f3 ngu\u1ed3n g\u1ed1c t\u1eeb \u0111\u1ed9ng v\u1eadt (xeno-free, serum-free) \u0111\u01b0\u1ee3c t\u1ed1i \u01b0u \u0111\u1ec3 nu\u00f4i c\u1ea5y v\u00e0 t\u0103ng sinh in vitro t\u1ebf b\u00e0o T<\/p>\n<div class=\"klb-readmore post-buttons\"><a class=\"button rounded primary\" href=\"https:\/\/biogroupvietnam.com\/vi\/san-pham\/immunoculttm-xf\/\">Read More <i class=\"klbth-icon-right-arrow\"><\/i><\/a><\/div>\n","protected":false},"featured_media":10231,"comment_status":"closed","ping_status":"closed","template":"","meta":{"_acf_changed":false},"product_brand":[127],"product_cat":[93],"product_tag":[],"class_list":{"0":"post-3686","1":"product","2":"type-product","3":"status-publish","4":"has-post-thumbnail","6":"product_brand-stemcell-technologies","7":"product_cat-te-bao-mien-dich","9":"first","10":"outofstock","11":"shipping-taxable","12":"product-type-simple"},"acf":[],"yoast_head":"<!-- This site is optimized with the Yoast SEO plugin v26.8 - https:\/\/yoast.com\/product\/yoast-seo-wordpress\/ -->\n<title>M\u00f4i Tr\u01b0\u1eddng Nu\u00f4i C\u1ea5y T\u1ebf B\u00e0o ImmunoCult\u2122-XF<\/title>\n<meta name=\"description\" content=\"M\u00f4i tr\u01b0\u1eddng t\u0103ng sinh t\u1ebf b\u00e0o T c\u1ee7a ng\u01b0\u1eddi - ImmunoCult\u2122-XF kh\u00f4ng ch\u1ee9a huy\u1ebft thanh v\u00e0 c\u00e1c th\u00e0nh ph\u1ea7n c\u00f3 ngu\u1ed3n g\u1ed1c t\u1eeb \u0111\u1ed9ng v\u1eadt (xeno-free, serum-free), cGMP.\" \/>\n<meta name=\"robots\" content=\"index, follow, max-snippet:-1, max-image-preview:large, max-video-preview:-1\" \/>\n<link rel=\"canonical\" href=\"https:\/\/biogroupvietnam.com\/vi\/san-pham\/immunoculttm-xf\/\" \/>\n<meta property=\"og:locale\" content=\"vi_VN\" \/>\n<meta property=\"og:type\" content=\"article\" \/>\n<meta property=\"og:title\" content=\"M\u00f4i Tr\u01b0\u1eddng Nu\u00f4i C\u1ea5y T\u1ebf B\u00e0o ImmunoCult\u2122-XF\" \/>\n<meta property=\"og:description\" content=\"M\u00f4i tr\u01b0\u1eddng t\u0103ng sinh t\u1ebf b\u00e0o T c\u1ee7a ng\u01b0\u1eddi - ImmunoCult\u2122-XF kh\u00f4ng ch\u1ee9a huy\u1ebft thanh v\u00e0 c\u00e1c th\u00e0nh ph\u1ea7n c\u00f3 ngu\u1ed3n g\u1ed1c t\u1eeb \u0111\u1ed9ng v\u1eadt (xeno-free, serum-free), cGMP.\" \/>\n<meta property=\"og:url\" content=\"https:\/\/biogroupvietnam.com\/vi\/san-pham\/immunoculttm-xf\/\" \/>\n<meta property=\"og:site_name\" content=\"Biogroup Vietnam\" \/>\n<meta property=\"article:modified_time\" content=\"2026-04-06T06:57:56+00:00\" \/>\n<meta property=\"og:image\" content=\"https:\/\/biogroupvietnam.com\/wp-content\/uploads\/2025\/08\/moi-truong-nuoi-cay-te-bao-immunocult-xf.jpg\" \/>\n\t<meta property=\"og:image:width\" content=\"1640\" \/>\n\t<meta property=\"og:image:height\" content=\"1260\" \/>\n\t<meta property=\"og:image:type\" content=\"image\/jpeg\" \/>\n<meta name=\"twitter:card\" content=\"summary_large_image\" \/>\n<meta name=\"twitter:label1\" content=\"\u01af\u1edbc t\u00ednh th\u1eddi gian \u0111\u1ecdc\" \/>\n\t<meta name=\"twitter:data1\" content=\"5 ph\u00fat\" \/>\n<script type=\"application\/ld+json\" class=\"yoast-schema-graph\">{\"@context\":\"https:\/\/schema.org\",\"@graph\":[{\"@type\":\"WebPage\",\"@id\":\"https:\/\/biogroupvietnam.com\/vi\/san-pham\/immunoculttm-xf\/\",\"url\":\"https:\/\/biogroupvietnam.com\/vi\/san-pham\/immunoculttm-xf\/\",\"name\":\"M\u00f4i Tr\u01b0\u1eddng Nu\u00f4i C\u1ea5y T\u1ebf B\u00e0o ImmunoCult\u2122-XF\",\"isPartOf\":{\"@id\":\"https:\/\/biogroupvietnam.com\/vi\/#website\"},\"primaryImageOfPage\":{\"@id\":\"https:\/\/biogroupvietnam.com\/vi\/san-pham\/immunoculttm-xf\/#primaryimage\"},\"image\":{\"@id\":\"https:\/\/biogroupvietnam.com\/vi\/san-pham\/immunoculttm-xf\/#primaryimage\"},\"thumbnailUrl\":\"https:\/\/biogroupvietnam.com\/wp-content\/uploads\/2025\/08\/moi-truong-nuoi-cay-te-bao-immunocult-xf.jpg\",\"datePublished\":\"2025-08-18T12:52:18+00:00\",\"dateModified\":\"2026-04-06T06:57:56+00:00\",\"description\":\"M\u00f4i tr\u01b0\u1eddng t\u0103ng sinh t\u1ebf b\u00e0o T c\u1ee7a ng\u01b0\u1eddi - ImmunoCult\u2122-XF kh\u00f4ng ch\u1ee9a huy\u1ebft thanh v\u00e0 c\u00e1c th\u00e0nh ph\u1ea7n c\u00f3 ngu\u1ed3n g\u1ed1c t\u1eeb \u0111\u1ed9ng v\u1eadt (xeno-free, serum-free), cGMP.\",\"breadcrumb\":{\"@id\":\"https:\/\/biogroupvietnam.com\/vi\/san-pham\/immunoculttm-xf\/#breadcrumb\"},\"inLanguage\":\"vi\",\"potentialAction\":[{\"@type\":\"ReadAction\",\"target\":[\"https:\/\/biogroupvietnam.com\/vi\/san-pham\/immunoculttm-xf\/\"]}]},{\"@type\":\"ImageObject\",\"inLanguage\":\"vi\",\"@id\":\"https:\/\/biogroupvietnam.com\/vi\/san-pham\/immunoculttm-xf\/#primaryimage\",\"url\":\"https:\/\/biogroupvietnam.com\/wp-content\/uploads\/2025\/08\/moi-truong-nuoi-cay-te-bao-immunocult-xf.jpg\",\"contentUrl\":\"https:\/\/biogroupvietnam.com\/wp-content\/uploads\/2025\/08\/moi-truong-nuoi-cay-te-bao-immunocult-xf.jpg\",\"width\":1640,\"height\":1260,\"caption\":\"M\u00f4i Tr\u01b0\u1eddng Nu\u00f4i C\u1ea5y T\u1ebf B\u00e0o ImmunoCult\u2122-XF\"},{\"@type\":\"BreadcrumbList\",\"@id\":\"https:\/\/biogroupvietnam.com\/vi\/san-pham\/immunoculttm-xf\/#breadcrumb\",\"itemListElement\":[{\"@type\":\"ListItem\",\"position\":1,\"name\":\"Trang ch\u1ee7\",\"item\":\"https:\/\/biogroupvietnam.com\/vi\/\"},{\"@type\":\"ListItem\",\"position\":2,\"name\":\"S\u1ea3n ph\u1ea9m\",\"item\":\"https:\/\/biogroupvietnam.com\/vi\/san-pham\/\"},{\"@type\":\"ListItem\",\"position\":3,\"name\":\"Nu\u00f4i C\u1ea5y T\u1ebf B\u00e0o\",\"item\":\"https:\/\/biogroupvietnam.com\/vi\/danh-muc-san-pham\/nuoi-cay-te-bao\/\"},{\"@type\":\"ListItem\",\"position\":4,\"name\":\"T\u1ebf B\u00e0o Mi\u1ec5n D\u1ecbch\",\"item\":\"https:\/\/biogroupvietnam.com\/vi\/danh-muc-san-pham\/te-bao-mien-dich\/\"},{\"@type\":\"ListItem\",\"position\":5,\"name\":\"M\u00f4i Tr\u01b0\u1eddng Nu\u00f4i C\u1ea5y T\u1ebf B\u00e0o ImmunoCult\u2122-XF\"}]},{\"@type\":\"WebSite\",\"@id\":\"https:\/\/biogroupvietnam.com\/vi\/#website\",\"url\":\"https:\/\/biogroupvietnam.com\/vi\/\",\"name\":\"Biogroup Vietnam\",\"description\":\"Biogroup Vietnam cung c\u1ea5p d\u1ecbch v\u1ee5 k\u1ef9 thu\u1eadt c\u00f9ng thi\u1ebft b\u1ecb, v\u1eadt t\u01b0, h\u00f3a ch\u1ea5t v\u00e0 gi\u1ea3i ph\u00e1p sinh h\u1ecdc cho ph\u00f2ng th\u00ed nghi\u1ec7m c\u00f4ng ngh\u1ec7 sinh h\u1ecdc, y sinh v\u00e0 y h\u1ecdc t\u00e1i t\u1ea1o.\",\"potentialAction\":[{\"@type\":\"SearchAction\",\"target\":{\"@type\":\"EntryPoint\",\"urlTemplate\":\"https:\/\/biogroupvietnam.com\/vi\/?s={search_term_string}\"},\"query-input\":{\"@type\":\"PropertyValueSpecification\",\"valueRequired\":true,\"valueName\":\"search_term_string\"}}],\"inLanguage\":\"vi\"}]}<\/script>\n<!-- \/ Yoast SEO plugin. -->","yoast_head_json":{"title":"M\u00f4i Tr\u01b0\u1eddng Nu\u00f4i C\u1ea5y T\u1ebf B\u00e0o ImmunoCult\u2122-XF","description":"M\u00f4i tr\u01b0\u1eddng t\u0103ng sinh t\u1ebf b\u00e0o T c\u1ee7a ng\u01b0\u1eddi - ImmunoCult\u2122-XF kh\u00f4ng ch\u1ee9a huy\u1ebft thanh v\u00e0 c\u00e1c th\u00e0nh ph\u1ea7n c\u00f3 ngu\u1ed3n g\u1ed1c t\u1eeb \u0111\u1ed9ng v\u1eadt (xeno-free, serum-free), cGMP.","robots":{"index":"index","follow":"follow","max-snippet":"max-snippet:-1","max-image-preview":"max-image-preview:large","max-video-preview":"max-video-preview:-1"},"canonical":"https:\/\/biogroupvietnam.com\/vi\/san-pham\/immunoculttm-xf\/","og_locale":"vi_VN","og_type":"article","og_title":"M\u00f4i Tr\u01b0\u1eddng Nu\u00f4i C\u1ea5y T\u1ebf B\u00e0o ImmunoCult\u2122-XF","og_description":"M\u00f4i tr\u01b0\u1eddng t\u0103ng sinh t\u1ebf b\u00e0o T c\u1ee7a ng\u01b0\u1eddi - ImmunoCult\u2122-XF kh\u00f4ng ch\u1ee9a huy\u1ebft thanh v\u00e0 c\u00e1c th\u00e0nh ph\u1ea7n c\u00f3 ngu\u1ed3n g\u1ed1c t\u1eeb \u0111\u1ed9ng v\u1eadt (xeno-free, serum-free), cGMP.","og_url":"https:\/\/biogroupvietnam.com\/vi\/san-pham\/immunoculttm-xf\/","og_site_name":"Biogroup Vietnam","article_modified_time":"2026-04-06T06:57:56+00:00","og_image":[{"width":1640,"height":1260,"url":"https:\/\/biogroupvietnam.com\/wp-content\/uploads\/2025\/08\/moi-truong-nuoi-cay-te-bao-immunocult-xf.jpg","type":"image\/jpeg"}],"twitter_card":"summary_large_image","twitter_misc":{"\u01af\u1edbc t\u00ednh th\u1eddi gian \u0111\u1ecdc":"5 ph\u00fat"},"schema":{"@context":"https:\/\/schema.org","@graph":[{"@type":"WebPage","@id":"https:\/\/biogroupvietnam.com\/vi\/san-pham\/immunoculttm-xf\/","url":"https:\/\/biogroupvietnam.com\/vi\/san-pham\/immunoculttm-xf\/","name":"M\u00f4i Tr\u01b0\u1eddng Nu\u00f4i C\u1ea5y T\u1ebf B\u00e0o ImmunoCult\u2122-XF","isPartOf":{"@id":"https:\/\/biogroupvietnam.com\/vi\/#website"},"primaryImageOfPage":{"@id":"https:\/\/biogroupvietnam.com\/vi\/san-pham\/immunoculttm-xf\/#primaryimage"},"image":{"@id":"https:\/\/biogroupvietnam.com\/vi\/san-pham\/immunoculttm-xf\/#primaryimage"},"thumbnailUrl":"https:\/\/biogroupvietnam.com\/wp-content\/uploads\/2025\/08\/moi-truong-nuoi-cay-te-bao-immunocult-xf.jpg","datePublished":"2025-08-18T12:52:18+00:00","dateModified":"2026-04-06T06:57:56+00:00","description":"M\u00f4i tr\u01b0\u1eddng t\u0103ng sinh t\u1ebf b\u00e0o T c\u1ee7a ng\u01b0\u1eddi - ImmunoCult\u2122-XF kh\u00f4ng ch\u1ee9a huy\u1ebft thanh v\u00e0 c\u00e1c th\u00e0nh ph\u1ea7n c\u00f3 ngu\u1ed3n g\u1ed1c t\u1eeb \u0111\u1ed9ng v\u1eadt (xeno-free, serum-free), cGMP.","breadcrumb":{"@id":"https:\/\/biogroupvietnam.com\/vi\/san-pham\/immunoculttm-xf\/#breadcrumb"},"inLanguage":"vi","potentialAction":[{"@type":"ReadAction","target":["https:\/\/biogroupvietnam.com\/vi\/san-pham\/immunoculttm-xf\/"]}]},{"@type":"ImageObject","inLanguage":"vi","@id":"https:\/\/biogroupvietnam.com\/vi\/san-pham\/immunoculttm-xf\/#primaryimage","url":"https:\/\/biogroupvietnam.com\/wp-content\/uploads\/2025\/08\/moi-truong-nuoi-cay-te-bao-immunocult-xf.jpg","contentUrl":"https:\/\/biogroupvietnam.com\/wp-content\/uploads\/2025\/08\/moi-truong-nuoi-cay-te-bao-immunocult-xf.jpg","width":1640,"height":1260,"caption":"M\u00f4i Tr\u01b0\u1eddng Nu\u00f4i C\u1ea5y T\u1ebf B\u00e0o ImmunoCult\u2122-XF"},{"@type":"BreadcrumbList","@id":"https:\/\/biogroupvietnam.com\/vi\/san-pham\/immunoculttm-xf\/#breadcrumb","itemListElement":[{"@type":"ListItem","position":1,"name":"Trang ch\u1ee7","item":"https:\/\/biogroupvietnam.com\/vi\/"},{"@type":"ListItem","position":2,"name":"S\u1ea3n ph\u1ea9m","item":"https:\/\/biogroupvietnam.com\/vi\/san-pham\/"},{"@type":"ListItem","position":3,"name":"Nu\u00f4i C\u1ea5y T\u1ebf B\u00e0o","item":"https:\/\/biogroupvietnam.com\/vi\/danh-muc-san-pham\/nuoi-cay-te-bao\/"},{"@type":"ListItem","position":4,"name":"T\u1ebf B\u00e0o Mi\u1ec5n D\u1ecbch","item":"https:\/\/biogroupvietnam.com\/vi\/danh-muc-san-pham\/te-bao-mien-dich\/"},{"@type":"ListItem","position":5,"name":"M\u00f4i Tr\u01b0\u1eddng Nu\u00f4i C\u1ea5y T\u1ebf B\u00e0o ImmunoCult\u2122-XF"}]},{"@type":"WebSite","@id":"https:\/\/biogroupvietnam.com\/vi\/#website","url":"https:\/\/biogroupvietnam.com\/vi\/","name":"Biogroup Vietnam","description":"Biogroup Vietnam cung c\u1ea5p d\u1ecbch v\u1ee5 k\u1ef9 thu\u1eadt c\u00f9ng thi\u1ebft b\u1ecb, v\u1eadt t\u01b0, h\u00f3a ch\u1ea5t v\u00e0 gi\u1ea3i ph\u00e1p sinh h\u1ecdc cho ph\u00f2ng th\u00ed nghi\u1ec7m c\u00f4ng ngh\u1ec7 sinh h\u1ecdc, y sinh v\u00e0 y h\u1ecdc t\u00e1i t\u1ea1o.","potentialAction":[{"@type":"SearchAction","target":{"@type":"EntryPoint","urlTemplate":"https:\/\/biogroupvietnam.com\/vi\/?s={search_term_string}"},"query-input":{"@type":"PropertyValueSpecification","valueRequired":true,"valueName":"search_term_string"}}],"inLanguage":"vi"}]}},"_links":{"self":[{"href":"https:\/\/biogroupvietnam.com\/vi\/wp-json\/wp\/v2\/product\/3686","targetHints":{"allow":["GET"]}}],"collection":[{"href":"https:\/\/biogroupvietnam.com\/vi\/wp-json\/wp\/v2\/product"}],"about":[{"href":"https:\/\/biogroupvietnam.com\/vi\/wp-json\/wp\/v2\/types\/product"}],"replies":[{"embeddable":true,"href":"https:\/\/biogroupvietnam.com\/vi\/wp-json\/wp\/v2\/comments?post=3686"}],"version-history":[{"count":6,"href":"https:\/\/biogroupvietnam.com\/vi\/wp-json\/wp\/v2\/product\/3686\/revisions"}],"predecessor-version":[{"id":9818,"href":"https:\/\/biogroupvietnam.com\/vi\/wp-json\/wp\/v2\/product\/3686\/revisions\/9818"}],"wp:featuredmedia":[{"embeddable":true,"href":"https:\/\/biogroupvietnam.com\/vi\/wp-json\/wp\/v2\/media\/10231"}],"wp:attachment":[{"href":"https:\/\/biogroupvietnam.com\/vi\/wp-json\/wp\/v2\/media?parent=3686"}],"wp:term":[{"taxonomy":"product_brand","embeddable":true,"href":"https:\/\/biogroupvietnam.com\/vi\/wp-json\/wp\/v2\/product_brand?post=3686"},{"taxonomy":"product_cat","embeddable":true,"href":"https:\/\/biogroupvietnam.com\/vi\/wp-json\/wp\/v2\/product_cat?post=3686"},{"taxonomy":"product_tag","embeddable":true,"href":"https:\/\/biogroupvietnam.com\/vi\/wp-json\/wp\/v2\/product_tag?post=3686"}],"curies":[{"name":"wp","href":"https:\/\/api.w.org\/{rel}","templated":true}]}}