{"id":3687,"date":"2025-08-18T19:52:19","date_gmt":"2025-08-18T12:52:19","guid":{"rendered":"http:\/\/biogroupvietnam-worldpress.local\/product\/import-placeholder-for-61\/"},"modified":"2026-04-06T13:54:01","modified_gmt":"2026-04-06T06:54:01","slug":"hetasep","status":"publish","type":"product","link":"https:\/\/biogroupvietnam.com\/vi\/san-pham\/hetasep\/","title":{"rendered":"HetaSep\u2122 Dung D\u1ecbch L\u00e0m L\u1eafng \u0110\u1ecdng T\u1ebf B\u00e0o H\u1ed3ng C\u1ea7u"},"content":{"rendered":"<p>Dung d\u1ecbch l\u00e0m l\u1eafng \u0111\u1ecdng t\u1ebf b\u00e0o h\u1ed3ng c\u1ea7u t\u1eeb c\u00e1c m\u1eabu m\u00e1u t\u01b0\u01a1i \u0111\u1ec3 ph\u00e2n l\u1eadp c\u00e1c t\u1ebf b\u00e0o c\u00f3 nh\u00e2n.<\/p>\n<h3><strong>T\u1ed5ng quan<\/strong><\/h3>\n<p>HetaSep \u2122 l\u00e0 m\u1ed9t ch\u1ea5t k\u1ebft t\u1ee7a h\u1ed3ng c\u1ea7u \u0111\u01b0\u1ee3c s\u1eed d\u1ee5ng \u0111\u1ec3 t\u00e1ch c\u00e1c t\u1ebf b\u00e0o c\u00f3 nh\u00e2n ra kh\u1ecfi c\u00e1c t\u1ebf b\u00e0o h\u1ed3ng c\u1ea7u (RBC) trong m\u00e1u to\u00e0n ph\u1ea7n. H\u1ed3ng c\u1ea7u c\u00f3 t\u1ed1c \u0111\u1ed9 l\u1eafng nhanh h\u01a1n c\u00e1c t\u1ebf b\u00e0o c\u00f3 nh\u00e2n. B\u1eb1ng c\u00e1ch ki\u1ec3m so\u00e1t t\u1ed1c \u0111\u1ed9 l\u1eafng b\u1eb1ng tr\u1ecdng l\u1ef1c ho\u1eb7c ly t\u00e2m, ph\u1ea7n l\u1edbn c\u00e1c t\u1ebf b\u00e0o c\u00f3 nh\u00e2n \u0111\u01b0\u1ee3c thu nh\u1eadn \u1edf ph\u1ea7n d\u1ecbch n\u1ed5i. Kho\u1ea3ng 95-99% h\u1ed3ng c\u1ea7u b\u1ecb lo\u1ea1i b\u1ecf sau khi thu nh\u1eadn ph\u1ea7n d\u1ecbch n\u1ed5i gi\u00e0u t\u1ebf b\u00e0o c\u00f3 nh\u00e2n.<\/p>\n<h3><strong>Th\u00e0nh ph\u1ea7n<\/strong><\/h3>\n<p>HetaSep \u2122 ch\u1ee9a 6% w \/ v hetastarch.<\/p>\n<h3><strong>B\u1ea3o qu\u1ea3n<\/strong><\/h3>\n<ul>\n<li>Nhi\u1ec7t \u0111\u1ed9 b\u1ea3o qu\u1ea3n: 2 \u2013 8oC<\/li>\n<li>Tr\u00e1nh \u00e1nh s\u00e1ng tr\u1ef1c ti\u1ebfp<\/li>\n<\/ul>\n<h3><strong>\u1ee8ng d\u1ee5ng<\/strong><\/h3>\n<p>Ph\u00e2n l\u1eadp c\u00e1c t\u1ebf b\u00e0o m\u00e1u<\/p>\n<h3><strong>Th\u00f4ng tin \u0111\u1eb7t h\u00e0ng<\/strong><\/h3>\n<p>Catalog #07806: 20 mL<\/p>\n<p>Catalog #07906: 100 mL<\/p>\n","protected":false},"excerpt":{"rendered":"<p>Dung d\u1ecbch l\u00e0m l\u1eafng \u0111\u1ecdng t\u1ebf b\u00e0o h\u1ed3ng c\u1ea7u t\u1eeb c\u00e1c m\u1eabu m\u00e1u t\u01b0\u01a1i \u0111\u1ec3 ph\u00e2n l\u1eadp c\u00e1c t\u1ebf b\u00e0o c\u00f3 nh\u00e2n. T\u1ed5ng quan HetaSep \u2122 l\u00e0 m\u1ed9t ch\u1ea5t k\u1ebft t\u1ee7a h\u1ed3ng c\u1ea7u \u0111\u01b0\u1ee3c s\u1eed d\u1ee5ng \u0111\u1ec3 t\u00e1ch c\u00e1c t\u1ebf b\u00e0o c\u00f3 nh\u00e2n ra kh\u1ecfi c\u00e1c t\u1ebf b\u00e0o h\u1ed3ng c\u1ea7u (RBC) trong m\u00e1u to\u00e0n ph\u1ea7n.<\/p>\n<div class=\"klb-readmore post-buttons\"><a class=\"button rounded primary\" href=\"https:\/\/biogroupvietnam.com\/vi\/san-pham\/hetasep\/\">Read More <i class=\"klbth-icon-right-arrow\"><\/i><\/a><\/div>\n","protected":false},"featured_media":10230,"comment_status":"closed","ping_status":"closed","template":"","meta":{"_acf_changed":false},"product_brand":[127],"product_cat":[92],"product_tag":[],"class_list":{"0":"post-3687","1":"product","2":"type-product","3":"status-publish","4":"has-post-thumbnail","6":"product_brand-stemcell-technologies","7":"product_cat-te-bao-goc-tao-mau-hsc","9":"first","10":"outofstock","11":"shipping-taxable","12":"product-type-simple"},"acf":[],"yoast_head":"<!-- This site is optimized with the Yoast SEO plugin v26.8 - https:\/\/yoast.com\/product\/yoast-seo-wordpress\/ -->\n<title>HetaSep\u2122 Dung D\u1ecbch L\u00e0m L\u1eafng \u0110\u1ecdng T\u1ebf B\u00e0o H\u1ed3ng C\u1ea7u<\/title>\n<meta name=\"description\" content=\"HetaSep\u2122 l\u00e0 dung d\u1ecbch l\u00e0m l\u1eafng \u0111\u1ecdng t\u1ebf b\u00e0o h\u1ed3ng c\u1ea7u t\u1eeb c\u00e1c m\u1eabu m\u00e1u t\u01b0\u01a1i \u0111\u1ec3 ph\u00e2n l\u1eadp c\u00e1c t\u1ebf b\u00e0o c\u00f3 nh\u00e2n.\" \/>\n<meta name=\"robots\" content=\"index, follow, max-snippet:-1, max-image-preview:large, max-video-preview:-1\" \/>\n<link rel=\"canonical\" href=\"https:\/\/biogroupvietnam.com\/vi\/san-pham\/hetasep\/\" \/>\n<meta property=\"og:locale\" content=\"vi_VN\" \/>\n<meta property=\"og:type\" content=\"article\" \/>\n<meta property=\"og:title\" content=\"HetaSep\u2122 Dung D\u1ecbch L\u00e0m L\u1eafng \u0110\u1ecdng T\u1ebf B\u00e0o H\u1ed3ng C\u1ea7u\" \/>\n<meta property=\"og:description\" content=\"HetaSep\u2122 l\u00e0 dung d\u1ecbch l\u00e0m l\u1eafng \u0111\u1ecdng t\u1ebf b\u00e0o h\u1ed3ng c\u1ea7u t\u1eeb c\u00e1c m\u1eabu m\u00e1u t\u01b0\u01a1i \u0111\u1ec3 ph\u00e2n l\u1eadp c\u00e1c t\u1ebf b\u00e0o c\u00f3 nh\u00e2n.\" \/>\n<meta property=\"og:url\" content=\"https:\/\/biogroupvietnam.com\/vi\/san-pham\/hetasep\/\" \/>\n<meta property=\"og:site_name\" content=\"Biogroup Vietnam\" \/>\n<meta property=\"article:modified_time\" content=\"2026-04-06T06:54:01+00:00\" \/>\n<meta property=\"og:image\" content=\"https:\/\/biogroupvietnam.com\/wp-content\/uploads\/2025\/08\/hetasep-dung-dich-lam-lang-dong-te-bao-hong-cau.jpg\" \/>\n\t<meta property=\"og:image:width\" content=\"1640\" \/>\n\t<meta property=\"og:image:height\" content=\"1260\" \/>\n\t<meta property=\"og:image:type\" content=\"image\/jpeg\" \/>\n<meta name=\"twitter:card\" content=\"summary_large_image\" \/>\n<meta name=\"twitter:label1\" content=\"\u01af\u1edbc t\u00ednh th\u1eddi gian \u0111\u1ecdc\" \/>\n\t<meta name=\"twitter:data1\" content=\"2 ph\u00fat\" \/>\n<script type=\"application\/ld+json\" class=\"yoast-schema-graph\">{\"@context\":\"https:\/\/schema.org\",\"@graph\":[{\"@type\":\"WebPage\",\"@id\":\"https:\/\/biogroupvietnam.com\/vi\/san-pham\/hetasep\/\",\"url\":\"https:\/\/biogroupvietnam.com\/vi\/san-pham\/hetasep\/\",\"name\":\"HetaSep\u2122 Dung D\u1ecbch L\u00e0m L\u1eafng \u0110\u1ecdng T\u1ebf B\u00e0o H\u1ed3ng C\u1ea7u\",\"isPartOf\":{\"@id\":\"https:\/\/biogroupvietnam.com\/vi\/#website\"},\"primaryImageOfPage\":{\"@id\":\"https:\/\/biogroupvietnam.com\/vi\/san-pham\/hetasep\/#primaryimage\"},\"image\":{\"@id\":\"https:\/\/biogroupvietnam.com\/vi\/san-pham\/hetasep\/#primaryimage\"},\"thumbnailUrl\":\"https:\/\/biogroupvietnam.com\/wp-content\/uploads\/2025\/08\/hetasep-dung-dich-lam-lang-dong-te-bao-hong-cau.jpg\",\"datePublished\":\"2025-08-18T12:52:19+00:00\",\"dateModified\":\"2026-04-06T06:54:01+00:00\",\"description\":\"HetaSep\u2122 l\u00e0 dung d\u1ecbch l\u00e0m l\u1eafng \u0111\u1ecdng t\u1ebf b\u00e0o h\u1ed3ng c\u1ea7u t\u1eeb c\u00e1c m\u1eabu m\u00e1u t\u01b0\u01a1i \u0111\u1ec3 ph\u00e2n l\u1eadp c\u00e1c t\u1ebf b\u00e0o c\u00f3 nh\u00e2n.\",\"breadcrumb\":{\"@id\":\"https:\/\/biogroupvietnam.com\/vi\/san-pham\/hetasep\/#breadcrumb\"},\"inLanguage\":\"vi\",\"potentialAction\":[{\"@type\":\"ReadAction\",\"target\":[\"https:\/\/biogroupvietnam.com\/vi\/san-pham\/hetasep\/\"]}]},{\"@type\":\"ImageObject\",\"inLanguage\":\"vi\",\"@id\":\"https:\/\/biogroupvietnam.com\/vi\/san-pham\/hetasep\/#primaryimage\",\"url\":\"https:\/\/biogroupvietnam.com\/wp-content\/uploads\/2025\/08\/hetasep-dung-dich-lam-lang-dong-te-bao-hong-cau.jpg\",\"contentUrl\":\"https:\/\/biogroupvietnam.com\/wp-content\/uploads\/2025\/08\/hetasep-dung-dich-lam-lang-dong-te-bao-hong-cau.jpg\",\"width\":1640,\"height\":1260,\"caption\":\"HetaSep\u2122 Dung D\u1ecbch L\u00e0m L\u1eafng \u0110\u1ecdng T\u1ebf B\u00e0o H\u1ed3ng C\u1ea7u\"},{\"@type\":\"BreadcrumbList\",\"@id\":\"https:\/\/biogroupvietnam.com\/vi\/san-pham\/hetasep\/#breadcrumb\",\"itemListElement\":[{\"@type\":\"ListItem\",\"position\":1,\"name\":\"Trang ch\u1ee7\",\"item\":\"https:\/\/biogroupvietnam.com\/vi\/\"},{\"@type\":\"ListItem\",\"position\":2,\"name\":\"S\u1ea3n ph\u1ea9m\",\"item\":\"https:\/\/biogroupvietnam.com\/vi\/san-pham\/\"},{\"@type\":\"ListItem\",\"position\":3,\"name\":\"Nu\u00f4i C\u1ea5y T\u1ebf B\u00e0o\",\"item\":\"https:\/\/biogroupvietnam.com\/vi\/danh-muc-san-pham\/nuoi-cay-te-bao\/\"},{\"@type\":\"ListItem\",\"position\":4,\"name\":\"T\u1ebf B\u00e0o G\u1ed1c T\u1ea1o M\u00e1u (HSC)\",\"item\":\"https:\/\/biogroupvietnam.com\/vi\/danh-muc-san-pham\/te-bao-goc-tao-mau-hsc\/\"},{\"@type\":\"ListItem\",\"position\":5,\"name\":\"HetaSep\u2122 Dung D\u1ecbch L\u00e0m L\u1eafng \u0110\u1ecdng T\u1ebf B\u00e0o H\u1ed3ng C\u1ea7u\"}]},{\"@type\":\"WebSite\",\"@id\":\"https:\/\/biogroupvietnam.com\/vi\/#website\",\"url\":\"https:\/\/biogroupvietnam.com\/vi\/\",\"name\":\"Biogroup Vietnam\",\"description\":\"Biogroup Vietnam cung c\u1ea5p d\u1ecbch v\u1ee5 k\u1ef9 thu\u1eadt c\u00f9ng thi\u1ebft b\u1ecb, v\u1eadt t\u01b0, h\u00f3a ch\u1ea5t v\u00e0 gi\u1ea3i ph\u00e1p sinh h\u1ecdc cho ph\u00f2ng th\u00ed nghi\u1ec7m c\u00f4ng ngh\u1ec7 sinh h\u1ecdc, y sinh v\u00e0 y h\u1ecdc t\u00e1i t\u1ea1o.\",\"potentialAction\":[{\"@type\":\"SearchAction\",\"target\":{\"@type\":\"EntryPoint\",\"urlTemplate\":\"https:\/\/biogroupvietnam.com\/vi\/?s={search_term_string}\"},\"query-input\":{\"@type\":\"PropertyValueSpecification\",\"valueRequired\":true,\"valueName\":\"search_term_string\"}}],\"inLanguage\":\"vi\"}]}<\/script>\n<!-- \/ Yoast SEO plugin. -->","yoast_head_json":{"title":"HetaSep\u2122 Dung D\u1ecbch L\u00e0m L\u1eafng \u0110\u1ecdng T\u1ebf B\u00e0o H\u1ed3ng C\u1ea7u","description":"HetaSep\u2122 l\u00e0 dung d\u1ecbch l\u00e0m l\u1eafng \u0111\u1ecdng t\u1ebf b\u00e0o h\u1ed3ng c\u1ea7u t\u1eeb c\u00e1c m\u1eabu m\u00e1u t\u01b0\u01a1i \u0111\u1ec3 ph\u00e2n l\u1eadp c\u00e1c t\u1ebf b\u00e0o c\u00f3 nh\u00e2n.","robots":{"index":"index","follow":"follow","max-snippet":"max-snippet:-1","max-image-preview":"max-image-preview:large","max-video-preview":"max-video-preview:-1"},"canonical":"https:\/\/biogroupvietnam.com\/vi\/san-pham\/hetasep\/","og_locale":"vi_VN","og_type":"article","og_title":"HetaSep\u2122 Dung D\u1ecbch L\u00e0m L\u1eafng \u0110\u1ecdng T\u1ebf B\u00e0o H\u1ed3ng C\u1ea7u","og_description":"HetaSep\u2122 l\u00e0 dung d\u1ecbch l\u00e0m l\u1eafng \u0111\u1ecdng t\u1ebf b\u00e0o h\u1ed3ng c\u1ea7u t\u1eeb c\u00e1c m\u1eabu m\u00e1u t\u01b0\u01a1i \u0111\u1ec3 ph\u00e2n l\u1eadp c\u00e1c t\u1ebf b\u00e0o c\u00f3 nh\u00e2n.","og_url":"https:\/\/biogroupvietnam.com\/vi\/san-pham\/hetasep\/","og_site_name":"Biogroup Vietnam","article_modified_time":"2026-04-06T06:54:01+00:00","og_image":[{"width":1640,"height":1260,"url":"https:\/\/biogroupvietnam.com\/wp-content\/uploads\/2025\/08\/hetasep-dung-dich-lam-lang-dong-te-bao-hong-cau.jpg","type":"image\/jpeg"}],"twitter_card":"summary_large_image","twitter_misc":{"\u01af\u1edbc t\u00ednh th\u1eddi gian \u0111\u1ecdc":"2 ph\u00fat"},"schema":{"@context":"https:\/\/schema.org","@graph":[{"@type":"WebPage","@id":"https:\/\/biogroupvietnam.com\/vi\/san-pham\/hetasep\/","url":"https:\/\/biogroupvietnam.com\/vi\/san-pham\/hetasep\/","name":"HetaSep\u2122 Dung D\u1ecbch L\u00e0m L\u1eafng \u0110\u1ecdng T\u1ebf B\u00e0o H\u1ed3ng C\u1ea7u","isPartOf":{"@id":"https:\/\/biogroupvietnam.com\/vi\/#website"},"primaryImageOfPage":{"@id":"https:\/\/biogroupvietnam.com\/vi\/san-pham\/hetasep\/#primaryimage"},"image":{"@id":"https:\/\/biogroupvietnam.com\/vi\/san-pham\/hetasep\/#primaryimage"},"thumbnailUrl":"https:\/\/biogroupvietnam.com\/wp-content\/uploads\/2025\/08\/hetasep-dung-dich-lam-lang-dong-te-bao-hong-cau.jpg","datePublished":"2025-08-18T12:52:19+00:00","dateModified":"2026-04-06T06:54:01+00:00","description":"HetaSep\u2122 l\u00e0 dung d\u1ecbch l\u00e0m l\u1eafng \u0111\u1ecdng t\u1ebf b\u00e0o h\u1ed3ng c\u1ea7u t\u1eeb c\u00e1c m\u1eabu m\u00e1u t\u01b0\u01a1i \u0111\u1ec3 ph\u00e2n l\u1eadp c\u00e1c t\u1ebf b\u00e0o c\u00f3 nh\u00e2n.","breadcrumb":{"@id":"https:\/\/biogroupvietnam.com\/vi\/san-pham\/hetasep\/#breadcrumb"},"inLanguage":"vi","potentialAction":[{"@type":"ReadAction","target":["https:\/\/biogroupvietnam.com\/vi\/san-pham\/hetasep\/"]}]},{"@type":"ImageObject","inLanguage":"vi","@id":"https:\/\/biogroupvietnam.com\/vi\/san-pham\/hetasep\/#primaryimage","url":"https:\/\/biogroupvietnam.com\/wp-content\/uploads\/2025\/08\/hetasep-dung-dich-lam-lang-dong-te-bao-hong-cau.jpg","contentUrl":"https:\/\/biogroupvietnam.com\/wp-content\/uploads\/2025\/08\/hetasep-dung-dich-lam-lang-dong-te-bao-hong-cau.jpg","width":1640,"height":1260,"caption":"HetaSep\u2122 Dung D\u1ecbch L\u00e0m L\u1eafng \u0110\u1ecdng T\u1ebf B\u00e0o H\u1ed3ng C\u1ea7u"},{"@type":"BreadcrumbList","@id":"https:\/\/biogroupvietnam.com\/vi\/san-pham\/hetasep\/#breadcrumb","itemListElement":[{"@type":"ListItem","position":1,"name":"Trang ch\u1ee7","item":"https:\/\/biogroupvietnam.com\/vi\/"},{"@type":"ListItem","position":2,"name":"S\u1ea3n ph\u1ea9m","item":"https:\/\/biogroupvietnam.com\/vi\/san-pham\/"},{"@type":"ListItem","position":3,"name":"Nu\u00f4i C\u1ea5y T\u1ebf B\u00e0o","item":"https:\/\/biogroupvietnam.com\/vi\/danh-muc-san-pham\/nuoi-cay-te-bao\/"},{"@type":"ListItem","position":4,"name":"T\u1ebf B\u00e0o G\u1ed1c T\u1ea1o M\u00e1u (HSC)","item":"https:\/\/biogroupvietnam.com\/vi\/danh-muc-san-pham\/te-bao-goc-tao-mau-hsc\/"},{"@type":"ListItem","position":5,"name":"HetaSep\u2122 Dung D\u1ecbch L\u00e0m L\u1eafng \u0110\u1ecdng T\u1ebf B\u00e0o H\u1ed3ng C\u1ea7u"}]},{"@type":"WebSite","@id":"https:\/\/biogroupvietnam.com\/vi\/#website","url":"https:\/\/biogroupvietnam.com\/vi\/","name":"Biogroup Vietnam","description":"Biogroup Vietnam cung c\u1ea5p d\u1ecbch v\u1ee5 k\u1ef9 thu\u1eadt c\u00f9ng thi\u1ebft b\u1ecb, v\u1eadt t\u01b0, h\u00f3a ch\u1ea5t v\u00e0 gi\u1ea3i ph\u00e1p sinh h\u1ecdc cho ph\u00f2ng th\u00ed nghi\u1ec7m c\u00f4ng ngh\u1ec7 sinh h\u1ecdc, y sinh v\u00e0 y h\u1ecdc t\u00e1i t\u1ea1o.","potentialAction":[{"@type":"SearchAction","target":{"@type":"EntryPoint","urlTemplate":"https:\/\/biogroupvietnam.com\/vi\/?s={search_term_string}"},"query-input":{"@type":"PropertyValueSpecification","valueRequired":true,"valueName":"search_term_string"}}],"inLanguage":"vi"}]}},"_links":{"self":[{"href":"https:\/\/biogroupvietnam.com\/vi\/wp-json\/wp\/v2\/product\/3687","targetHints":{"allow":["GET"]}}],"collection":[{"href":"https:\/\/biogroupvietnam.com\/vi\/wp-json\/wp\/v2\/product"}],"about":[{"href":"https:\/\/biogroupvietnam.com\/vi\/wp-json\/wp\/v2\/types\/product"}],"replies":[{"embeddable":true,"href":"https:\/\/biogroupvietnam.com\/vi\/wp-json\/wp\/v2\/comments?post=3687"}],"version-history":[{"count":5,"href":"https:\/\/biogroupvietnam.com\/vi\/wp-json\/wp\/v2\/product\/3687\/revisions"}],"predecessor-version":[{"id":9812,"href":"https:\/\/biogroupvietnam.com\/vi\/wp-json\/wp\/v2\/product\/3687\/revisions\/9812"}],"wp:featuredmedia":[{"embeddable":true,"href":"https:\/\/biogroupvietnam.com\/vi\/wp-json\/wp\/v2\/media\/10230"}],"wp:attachment":[{"href":"https:\/\/biogroupvietnam.com\/vi\/wp-json\/wp\/v2\/media?parent=3687"}],"wp:term":[{"taxonomy":"product_brand","embeddable":true,"href":"https:\/\/biogroupvietnam.com\/vi\/wp-json\/wp\/v2\/product_brand?post=3687"},{"taxonomy":"product_cat","embeddable":true,"href":"https:\/\/biogroupvietnam.com\/vi\/wp-json\/wp\/v2\/product_cat?post=3687"},{"taxonomy":"product_tag","embeddable":true,"href":"https:\/\/biogroupvietnam.com\/vi\/wp-json\/wp\/v2\/product_tag?post=3687"}],"curies":[{"name":"wp","href":"https:\/\/api.w.org\/{rel}","templated":true}]}}