{"id":3688,"date":"2025-08-18T19:52:19","date_gmt":"2025-08-18T12:52:19","guid":{"rendered":"http:\/\/biogroupvietnam-worldpress.local\/product\/import-placeholder-for-62\/"},"modified":"2026-04-06T13:49:05","modified_gmt":"2026-04-06T06:49:05","slug":"mesencult-acf-plus","status":"publish","type":"product","link":"https:\/\/biogroupvietnam.com\/vi\/san-pham\/mesencult-acf-plus\/","title":{"rendered":"M\u00f4i Tr\u01b0\u1eddng MesenCult\u2122-ACF Plus T\u0103ng Sinh &#038; C\u1ea5y Chuy\u1ec1n T\u1ebf B\u00e0o MSC"},"content":{"rendered":"<p>M\u00f4i tr\u01b0\u1eddng MesenCult\u2122-ACF Plus\u00a0kh\u00f4ng ch\u1ee9a th\u00e0nh ph\u1ea7n \u0111\u1ed9ng v\u1eadt d\u00f9ng \u0111\u1ec3 t\u0103ng sinh v\u00e0 c\u1ea5y chuy\u1ec1n t\u1ebf b\u00e0o g\u1ed1c trung m\u00f4 ng\u01b0\u1eddi.<\/p>\n<h3><strong>Quy tr\u00ecnh nu\u00f4i c\u1ea5y t\u1ebf b\u00e0o trung m\u00f4 ng\u01b0\u1eddi (MSC)<\/strong><\/h3>\n<p style=\"text-align: center;\"><img fetchpriority=\"high\" decoding=\"async\" src=\"https:\/\/biogroupvietnam.com\/uploads\/rUfJuE8QcI4sZNwrvvcGgz3inJwNxlCNHVmv8nNt.png\" alt=\"MesenCult\" width=\"756\" height=\"309\" \/><\/p>\n<h3><strong>T\u1ed5ng quan v\u1ec1 m\u00f4i tr\u01b0\u1eddng MesenCult\u2122-ACF Plus<\/strong><\/h3>\n<p>Nh\u1eb1m gi\u1ea3m s\u1ef1 thay \u0111\u1ed5i trong nu\u00f4i c\u1ea5y t\u1ebf b\u00e0o trung m\u00f4 ng\u01b0\u1eddi (MSC; c\u00f2n \u0111\u01b0\u1ee3c g\u1ecdi l\u00e0 t\u1ebf b\u00e0o g\u1ed1c trung m\u00f4) v\u00e0 c\u1ea3i thi\u1ec7n kh\u1ea3 n\u0103ng t\u00e1i t\u1ea1o b\u1eb1ng s\u1eed d\u1ee5ng m\u00f4i tr\u01b0\u1eddng kh\u00f4ng ch\u1ee9a th\u00e0nh ph\u1ea7n \u0111\u1ed9ng v\u1eadt (ACF), kh\u00f4ng ch\u1ee9a th\u00e0nh ph\u1ea7n ngo\u1ea1i b\u00e0o (EV). M\u00f4i tr\u01b0\u1eddng MesenCult\u2122 -ACF Plus \u0111\u01b0\u1ee3c t\u1ed1i \u01b0u h\u00f3a \u0111\u1ec3 ng\u01b0\u1eddi d\u00f9ng c\u00f3 th\u1ec3 thu t\u1ebf b\u00e0o MSC ng\u01b0\u1eddi t\u1eeb nhi\u1ec1u ngu\u1ed3n, ch\u1eb3ng h\u1ea1n nh\u01b0 t\u1ee7y x\u01b0\u01a1ng ho\u1eb7c m\u00f4 m\u1ee1 m\u00e0 kh\u00f4ng d\u00f9ng huy\u1ebft thanh trong nu\u00f4i c\u1ea5y.<\/p>\n<p>So v\u1edbi m\u00f4i tr\u01b0\u1eddng ch\u1ee9a huy\u1ebft thanh ho\u1eb7c m\u00f4i tr\u01b0\u1eddng ch\u1ee9a huy\u1ebft thanh \u0111\u00e3 lo\u1ea1i b\u1ecf th\u00e0nh ph\u1ea7n ngo\u1ea1i b\u00e0o (EV), t\u1ebf b\u00e0o MSC \u0111\u01b0\u1ee3c nu\u00f4i c\u1ea5y b\u1eb1ng b\u1ed9 kit MesenCult\u2122-ACF Plus Medium n\u00e0y cho t\u00e1c d\u1ee5ng hi\u1ec7u qu\u1ea3 h\u01a1n (v\u1ec1 t\u1ef7 l\u1ec7 v\u00e0 t\u1ed5ng s\u1ed1 t\u1ebf b\u00e0o t\u00edch l\u0169y) v\u00e0 kh\u00f4ng \u1ea3nh h\u01b0\u1edfng \u0111\u1ebfn ch\u1ee9c n\u0103ng. C\u00e1c t\u1ebf b\u00e0o \u0111\u01b0\u1ee3c nu\u00f4i c\u1ea5y c\u00f3 bi\u1ec3u hi\u1ec7n \u0111\u1eb7c tr\u01b0ng c\u1ee7a d\u1ea5u hi\u1ec7u b\u1ec1 m\u1eb7t MSC v\u00e0 duy tr\u00ec h\u1ec7 s\u1ed1 t\u0103ng sinh cao v\u00e0 kh\u1ea3 n\u0103ng bi\u1ec7t h\u00f3a ba d\u00f2ng.<\/p>\n<p>B\u1ed9 kit n\u00e0y l\u00e0 m\u1ed9t ph\u1ea7n c\u1ee7a quy tr\u00ecnh ACF ho\u00e0n ch\u1ec9nh &#8211; \u0111\u1ec3 t\u1ea1o, t\u0103ng sinh v\u00e0 b\u1ea3o qu\u1ea3n l\u1ea1nh t\u1ebf b\u00e0o MSC, c\u0169ng nh\u01b0 ph\u00e2n bi\u1ec7t c\u00e1c t\u1ebf b\u00e0o g\u1ed1c v\u1ea1n n\u0103ng c\u1ee7a con ng\u01b0\u1eddi th\u00e0nh c\u00e1c ti\u1ec1n th\u00e2n trung m\u00f4 &#8211;\u00a0\u0111\u01b0\u1ee3c t\u1ed1i \u01b0u h\u00f3a \u0111\u1ec3 nu\u00f4i c\u1ea5y t\u1ebf b\u00e0o MSC hi\u1ec7u qu\u1ea3 v\u00e0 \u1ed5n \u0111\u1ecbnh.<\/p>\n<p>\u0110\u1ec3 b\u1ea3o qu\u1ea3n l\u1ea1nh t\u1ed1i \u01b0u v\u00e0 lo\u1ea1i b\u1ecf th\u00e0nh ph\u1ea7n \u0111\u1ed9ng v\u1eadt, m\u00f4i tr\u01b0\u1eddng MesenCult\u2122-ACF Freezing (Catalog # 05490) \u0111\u01b0\u1ee3c khuy\u1ebfn ngh\u1ecb d\u00f9ng cho t\u1ebf MSC ng\u01b0\u1eddi \u0111\u00e3 \u0111\u01b0\u1ee3c nu\u00f4i c\u1ea5y tr\u01b0\u1edbc \u0111\u00f3 trong m\u00f4i tr\u01b0\u1eddng MesenCult\u2122, bao g\u1ed3m MesenCult\u2122-ACF Plus.<\/p>\n<p><i><strong>L\u01b0u \u00fd:<\/strong> m\u00f4i tr\u01b0\u1eddng MesenCult\u2122-ACF Plus ho\u00e0n ch\u1ec9nh ph\u1ea3i \u0111\u01b0\u1ee3c b\u1ed5 sung L-Glutamine (Catalog # 07100).<\/i><\/p>\n<h3><strong>\u1ee8ng d\u1ee5ng c\u1ee7a m\u00f4i tr\u01b0\u1eddng MesenCult\u2122-ACF Plus<\/strong><\/h3>\n<p>T\u0103ng sinh v\u00e0 c\u1ea5y chuy\u1ec1n t\u1ebf b\u00e0o g\u1ed1c trung m\u00f4 ng\u01b0\u1eddi.<\/p>\n<h3><strong>C\u00e1c \u0111\u1eb7c \u0111i\u1ec3m n\u1ed5i b\u1eadt c\u1ee7a m\u00f4i tr\u01b0\u1eddng MesenCult\u2122-ACF Plus<\/strong><\/h3>\n<ul>\n<li>Kh\u00f4ng ch\u1ee9a th\u00e0nh ph\u1ea7n \u0111\u1ed9ng v\u1eadt gi\u00fap c\u1ea3i thi\u1ec7n kh\u1ea3 n\u0103ng t\u00e1i t\u1ea1o<\/li>\n<li>T\u1ef7 l\u1ec7 t\u0103ng sinh t\u1ebf b\u00e0o v\u01b0\u1ee3t tr\u1ed9i so v\u1edbi m\u00f4i tr\u01b0\u1eddng ch\u1ee9a huy\u1ebft thanh.<\/li>\n<li>T\u1ebf b\u00e0o MSC \u0111\u01b0\u1ee3c nu\u00f4i c\u1ea5y nh\u1eb1m duy tr\u00ec kh\u1ea3 n\u0103ng t\u0103ng sinh cao v\u00e0 bi\u1ec7t h\u00f3a ba d\u00f2ng \u1edf c\u00e1c giai \u0111o\u1ea1n c\u1ea5y chuy\u1ec1n tr\u01b0\u1edbc v\u00e0 sau.<\/li>\n<li>H\u1ed7 tr\u1ee3 t\u1ea1o t\u1ebf b\u00e0o MSC tr\u1ef1c ti\u1ebfp t\u1eeb m\u00f4 ng\u01b0\u1eddi s\u01a1 c\u1ea5p.<\/li>\n<\/ul>\n<h3><strong>Th\u00f4ng tin \u0111\u1eb7t h\u00e0ng<\/strong><\/h3>\n<p>1. B\u1ed9 m\u00f4i tr\u01b0\u1eddng MesenCult\u2122-ACF Plus (Catalog # 05448), bao g\u1ed3m:<\/p>\n<ul>\n<li>500 mL m\u00f4i tr\u01b0\u1eddng MesenCult\u2122-ACF Plus.<\/li>\n<li>1 mL (500X) ch\u1ea5t b\u1ed5 sung MesenCult\u2122-ACF Plus.<\/li>\n<li>1 mL dung d\u1ecbch ch\u1ea5t n\u1ec1n b\u00e1m d\u00ednh t\u1ebf b\u00e0o kh\u00f4ng c\u00f3 th\u00e0nh ph\u1ea7n \u0111\u1ed9ng v\u1eadt.<\/li>\n<\/ul>\n<p>2. B\u1ed9 m\u00f4i Tr\u01b0\u1eddng MesenCult \u2122 -ACF Plus (Catalog # 05445), bao g\u1ed3m:<\/p>\n<ul>\n<li>500 mL m\u00f4i tr\u01b0\u1eddng MesenCult\u2122-ACF Plus.<\/li>\n<li>1 mL ch\u1ea5t b\u1ed5 sung (500X) MesenCult\u2122-ACF Plus.<\/li>\n<\/ul>\n","protected":false},"excerpt":{"rendered":"<p>M\u00f4i tr\u01b0\u1eddng MesenCult\u2122-ACF Plus\u00a0kh\u00f4ng ch\u1ee9a th\u00e0nh ph\u1ea7n \u0111\u1ed9ng v\u1eadt d\u00f9ng \u0111\u1ec3 t\u0103ng sinh v\u00e0 c\u1ea5y chuy\u1ec1n t\u1ebf b\u00e0o g\u1ed1c trung m\u00f4 ng\u01b0\u1eddi. Quy tr\u00ecnh nu\u00f4i c\u1ea5y t\u1ebf b\u00e0o trung m\u00f4 ng\u01b0\u1eddi (MSC) T\u1ed5ng quan v\u1ec1 m\u00f4i tr\u01b0\u1eddng MesenCult\u2122-ACF Plus Nh\u1eb1m gi\u1ea3m s\u1ef1 thay \u0111\u1ed5i trong nu\u00f4i c\u1ea5y t\u1ebf b\u00e0o trung m\u00f4 ng\u01b0\u1eddi (MSC; c\u00f2n \u0111\u01b0\u1ee3c<\/p>\n<div class=\"klb-readmore post-buttons\"><a class=\"button rounded primary\" href=\"https:\/\/biogroupvietnam.com\/vi\/san-pham\/mesencult-acf-plus\/\">Read More <i class=\"klbth-icon-right-arrow\"><\/i><\/a><\/div>\n","protected":false},"featured_media":10229,"comment_status":"closed","ping_status":"closed","template":"","meta":{"_acf_changed":false},"product_brand":[127],"product_cat":[91],"product_tag":[],"class_list":{"0":"post-3688","1":"product","2":"type-product","3":"status-publish","4":"has-post-thumbnail","6":"product_brand-stemcell-technologies","7":"product_cat-te-bao-goc-trung-mo","9":"first","10":"outofstock","11":"shipping-taxable","12":"product-type-simple"},"acf":[],"yoast_head":"<!-- This site is optimized with the Yoast SEO plugin v26.8 - https:\/\/yoast.com\/product\/yoast-seo-wordpress\/ -->\n<title>M\u00f4i Tr\u01b0\u1eddng MesenCult\u2122-ACF Plus T\u0103ng Sinh &amp; C\u1ea5y Chuy\u1ec1n T\u1ebf B\u00e0o MSC<\/title>\n<meta name=\"description\" content=\"MesenCult\u2122-ACF Plus m\u00f4i tr\u01b0\u1eddng t\u0103ng sinh v\u00e0 c\u1ea5y chuy\u1ec1n t\u1ebf b\u00e0o MSC\u00a0kh\u00f4ng ch\u1ee9a th\u00e0nh ph\u1ea7n \u0111\u1ed9ng v\u1eadt d\u00f9ng \u0111\u1ec3 t\u0103ng sinh v\u00e0 c\u1ea5y chuy\u1ec1n t\u1ebf b\u00e0o g\u1ed1c trung m\u00f4 ng\u01b0\u1eddi.\" \/>\n<meta name=\"robots\" content=\"index, follow, max-snippet:-1, max-image-preview:large, max-video-preview:-1\" \/>\n<link rel=\"canonical\" href=\"https:\/\/biogroupvietnam.com\/vi\/san-pham\/mesencult-acf-plus\/\" \/>\n<meta property=\"og:locale\" content=\"vi_VN\" \/>\n<meta property=\"og:type\" content=\"article\" \/>\n<meta property=\"og:title\" content=\"M\u00f4i Tr\u01b0\u1eddng MesenCult\u2122-ACF Plus T\u0103ng Sinh &amp; C\u1ea5y Chuy\u1ec1n T\u1ebf B\u00e0o MSC\" \/>\n<meta property=\"og:description\" content=\"MesenCult\u2122-ACF Plus m\u00f4i tr\u01b0\u1eddng t\u0103ng sinh v\u00e0 c\u1ea5y chuy\u1ec1n t\u1ebf b\u00e0o MSC\u00a0kh\u00f4ng ch\u1ee9a th\u00e0nh ph\u1ea7n \u0111\u1ed9ng v\u1eadt d\u00f9ng \u0111\u1ec3 t\u0103ng sinh v\u00e0 c\u1ea5y chuy\u1ec1n t\u1ebf b\u00e0o g\u1ed1c trung m\u00f4 ng\u01b0\u1eddi.\" \/>\n<meta property=\"og:url\" content=\"https:\/\/biogroupvietnam.com\/vi\/san-pham\/mesencult-acf-plus\/\" \/>\n<meta property=\"og:site_name\" content=\"Biogroup Vietnam\" \/>\n<meta property=\"article:modified_time\" content=\"2026-04-06T06:49:05+00:00\" \/>\n<meta property=\"og:image\" content=\"https:\/\/biogroupvietnam.com\/wp-content\/uploads\/2025\/08\/moi-truong-mesencult-acf-plus-tang-sinh-cay-chuyen-te-bao-msc.jpg\" \/>\n\t<meta property=\"og:image:width\" content=\"1640\" \/>\n\t<meta property=\"og:image:height\" content=\"1260\" \/>\n\t<meta property=\"og:image:type\" content=\"image\/jpeg\" \/>\n<meta name=\"twitter:card\" content=\"summary_large_image\" \/>\n<meta name=\"twitter:label1\" content=\"\u01af\u1edbc t\u00ednh th\u1eddi gian \u0111\u1ecdc\" \/>\n\t<meta name=\"twitter:data1\" content=\"4 ph\u00fat\" \/>\n<script type=\"application\/ld+json\" class=\"yoast-schema-graph\">{\"@context\":\"https:\/\/schema.org\",\"@graph\":[{\"@type\":\"WebPage\",\"@id\":\"https:\/\/biogroupvietnam.com\/vi\/san-pham\/mesencult-acf-plus\/\",\"url\":\"https:\/\/biogroupvietnam.com\/vi\/san-pham\/mesencult-acf-plus\/\",\"name\":\"M\u00f4i Tr\u01b0\u1eddng MesenCult\u2122-ACF Plus T\u0103ng Sinh & C\u1ea5y Chuy\u1ec1n T\u1ebf B\u00e0o MSC\",\"isPartOf\":{\"@id\":\"https:\/\/biogroupvietnam.com\/vi\/#website\"},\"primaryImageOfPage\":{\"@id\":\"https:\/\/biogroupvietnam.com\/vi\/san-pham\/mesencult-acf-plus\/#primaryimage\"},\"image\":{\"@id\":\"https:\/\/biogroupvietnam.com\/vi\/san-pham\/mesencult-acf-plus\/#primaryimage\"},\"thumbnailUrl\":\"https:\/\/biogroupvietnam.com\/wp-content\/uploads\/2025\/08\/moi-truong-mesencult-acf-plus-tang-sinh-cay-chuyen-te-bao-msc.jpg\",\"datePublished\":\"2025-08-18T12:52:19+00:00\",\"dateModified\":\"2026-04-06T06:49:05+00:00\",\"description\":\"MesenCult\u2122-ACF Plus m\u00f4i tr\u01b0\u1eddng t\u0103ng sinh v\u00e0 c\u1ea5y chuy\u1ec1n t\u1ebf b\u00e0o MSC\u00a0kh\u00f4ng ch\u1ee9a th\u00e0nh ph\u1ea7n \u0111\u1ed9ng v\u1eadt d\u00f9ng \u0111\u1ec3 t\u0103ng sinh v\u00e0 c\u1ea5y chuy\u1ec1n t\u1ebf b\u00e0o g\u1ed1c trung m\u00f4 ng\u01b0\u1eddi.\",\"breadcrumb\":{\"@id\":\"https:\/\/biogroupvietnam.com\/vi\/san-pham\/mesencult-acf-plus\/#breadcrumb\"},\"inLanguage\":\"vi\",\"potentialAction\":[{\"@type\":\"ReadAction\",\"target\":[\"https:\/\/biogroupvietnam.com\/vi\/san-pham\/mesencult-acf-plus\/\"]}]},{\"@type\":\"ImageObject\",\"inLanguage\":\"vi\",\"@id\":\"https:\/\/biogroupvietnam.com\/vi\/san-pham\/mesencult-acf-plus\/#primaryimage\",\"url\":\"https:\/\/biogroupvietnam.com\/wp-content\/uploads\/2025\/08\/moi-truong-mesencult-acf-plus-tang-sinh-cay-chuyen-te-bao-msc.jpg\",\"contentUrl\":\"https:\/\/biogroupvietnam.com\/wp-content\/uploads\/2025\/08\/moi-truong-mesencult-acf-plus-tang-sinh-cay-chuyen-te-bao-msc.jpg\",\"width\":1640,\"height\":1260},{\"@type\":\"BreadcrumbList\",\"@id\":\"https:\/\/biogroupvietnam.com\/vi\/san-pham\/mesencult-acf-plus\/#breadcrumb\",\"itemListElement\":[{\"@type\":\"ListItem\",\"position\":1,\"name\":\"Trang ch\u1ee7\",\"item\":\"https:\/\/biogroupvietnam.com\/vi\/\"},{\"@type\":\"ListItem\",\"position\":2,\"name\":\"S\u1ea3n ph\u1ea9m\",\"item\":\"https:\/\/biogroupvietnam.com\/vi\/san-pham\/\"},{\"@type\":\"ListItem\",\"position\":3,\"name\":\"Nu\u00f4i C\u1ea5y T\u1ebf B\u00e0o\",\"item\":\"https:\/\/biogroupvietnam.com\/vi\/danh-muc-san-pham\/nuoi-cay-te-bao\/\"},{\"@type\":\"ListItem\",\"position\":4,\"name\":\"T\u1ebf B\u00e0o G\u1ed1c Trung M\u00f4\",\"item\":\"https:\/\/biogroupvietnam.com\/vi\/danh-muc-san-pham\/te-bao-goc-trung-mo\/\"},{\"@type\":\"ListItem\",\"position\":5,\"name\":\"M\u00f4i Tr\u01b0\u1eddng MesenCult\u2122-ACF Plus T\u0103ng Sinh &#038; C\u1ea5y Chuy\u1ec1n T\u1ebf B\u00e0o MSC\"}]},{\"@type\":\"WebSite\",\"@id\":\"https:\/\/biogroupvietnam.com\/vi\/#website\",\"url\":\"https:\/\/biogroupvietnam.com\/vi\/\",\"name\":\"Biogroup Vietnam\",\"description\":\"Biogroup Vietnam cung c\u1ea5p d\u1ecbch v\u1ee5 k\u1ef9 thu\u1eadt c\u00f9ng thi\u1ebft b\u1ecb, v\u1eadt t\u01b0, h\u00f3a ch\u1ea5t v\u00e0 gi\u1ea3i ph\u00e1p sinh h\u1ecdc cho ph\u00f2ng th\u00ed nghi\u1ec7m c\u00f4ng ngh\u1ec7 sinh h\u1ecdc, y sinh v\u00e0 y h\u1ecdc t\u00e1i t\u1ea1o.\",\"potentialAction\":[{\"@type\":\"SearchAction\",\"target\":{\"@type\":\"EntryPoint\",\"urlTemplate\":\"https:\/\/biogroupvietnam.com\/vi\/?s={search_term_string}\"},\"query-input\":{\"@type\":\"PropertyValueSpecification\",\"valueRequired\":true,\"valueName\":\"search_term_string\"}}],\"inLanguage\":\"vi\"}]}<\/script>\n<!-- \/ Yoast SEO plugin. -->","yoast_head_json":{"title":"M\u00f4i Tr\u01b0\u1eddng MesenCult\u2122-ACF Plus T\u0103ng Sinh & C\u1ea5y Chuy\u1ec1n T\u1ebf B\u00e0o MSC","description":"MesenCult\u2122-ACF Plus m\u00f4i tr\u01b0\u1eddng t\u0103ng sinh v\u00e0 c\u1ea5y chuy\u1ec1n t\u1ebf b\u00e0o MSC\u00a0kh\u00f4ng ch\u1ee9a th\u00e0nh ph\u1ea7n \u0111\u1ed9ng v\u1eadt d\u00f9ng \u0111\u1ec3 t\u0103ng sinh v\u00e0 c\u1ea5y chuy\u1ec1n t\u1ebf b\u00e0o g\u1ed1c trung m\u00f4 ng\u01b0\u1eddi.","robots":{"index":"index","follow":"follow","max-snippet":"max-snippet:-1","max-image-preview":"max-image-preview:large","max-video-preview":"max-video-preview:-1"},"canonical":"https:\/\/biogroupvietnam.com\/vi\/san-pham\/mesencult-acf-plus\/","og_locale":"vi_VN","og_type":"article","og_title":"M\u00f4i Tr\u01b0\u1eddng MesenCult\u2122-ACF Plus T\u0103ng Sinh & C\u1ea5y Chuy\u1ec1n T\u1ebf B\u00e0o MSC","og_description":"MesenCult\u2122-ACF Plus m\u00f4i tr\u01b0\u1eddng t\u0103ng sinh v\u00e0 c\u1ea5y chuy\u1ec1n t\u1ebf b\u00e0o MSC\u00a0kh\u00f4ng ch\u1ee9a th\u00e0nh ph\u1ea7n \u0111\u1ed9ng v\u1eadt d\u00f9ng \u0111\u1ec3 t\u0103ng sinh v\u00e0 c\u1ea5y chuy\u1ec1n t\u1ebf b\u00e0o g\u1ed1c trung m\u00f4 ng\u01b0\u1eddi.","og_url":"https:\/\/biogroupvietnam.com\/vi\/san-pham\/mesencult-acf-plus\/","og_site_name":"Biogroup Vietnam","article_modified_time":"2026-04-06T06:49:05+00:00","og_image":[{"width":1640,"height":1260,"url":"https:\/\/biogroupvietnam.com\/wp-content\/uploads\/2025\/08\/moi-truong-mesencult-acf-plus-tang-sinh-cay-chuyen-te-bao-msc.jpg","type":"image\/jpeg"}],"twitter_card":"summary_large_image","twitter_misc":{"\u01af\u1edbc t\u00ednh th\u1eddi gian \u0111\u1ecdc":"4 ph\u00fat"},"schema":{"@context":"https:\/\/schema.org","@graph":[{"@type":"WebPage","@id":"https:\/\/biogroupvietnam.com\/vi\/san-pham\/mesencult-acf-plus\/","url":"https:\/\/biogroupvietnam.com\/vi\/san-pham\/mesencult-acf-plus\/","name":"M\u00f4i Tr\u01b0\u1eddng MesenCult\u2122-ACF Plus T\u0103ng Sinh & C\u1ea5y Chuy\u1ec1n T\u1ebf B\u00e0o MSC","isPartOf":{"@id":"https:\/\/biogroupvietnam.com\/vi\/#website"},"primaryImageOfPage":{"@id":"https:\/\/biogroupvietnam.com\/vi\/san-pham\/mesencult-acf-plus\/#primaryimage"},"image":{"@id":"https:\/\/biogroupvietnam.com\/vi\/san-pham\/mesencult-acf-plus\/#primaryimage"},"thumbnailUrl":"https:\/\/biogroupvietnam.com\/wp-content\/uploads\/2025\/08\/moi-truong-mesencult-acf-plus-tang-sinh-cay-chuyen-te-bao-msc.jpg","datePublished":"2025-08-18T12:52:19+00:00","dateModified":"2026-04-06T06:49:05+00:00","description":"MesenCult\u2122-ACF Plus m\u00f4i tr\u01b0\u1eddng t\u0103ng sinh v\u00e0 c\u1ea5y chuy\u1ec1n t\u1ebf b\u00e0o MSC\u00a0kh\u00f4ng ch\u1ee9a th\u00e0nh ph\u1ea7n \u0111\u1ed9ng v\u1eadt d\u00f9ng \u0111\u1ec3 t\u0103ng sinh v\u00e0 c\u1ea5y chuy\u1ec1n t\u1ebf b\u00e0o g\u1ed1c trung m\u00f4 ng\u01b0\u1eddi.","breadcrumb":{"@id":"https:\/\/biogroupvietnam.com\/vi\/san-pham\/mesencult-acf-plus\/#breadcrumb"},"inLanguage":"vi","potentialAction":[{"@type":"ReadAction","target":["https:\/\/biogroupvietnam.com\/vi\/san-pham\/mesencult-acf-plus\/"]}]},{"@type":"ImageObject","inLanguage":"vi","@id":"https:\/\/biogroupvietnam.com\/vi\/san-pham\/mesencult-acf-plus\/#primaryimage","url":"https:\/\/biogroupvietnam.com\/wp-content\/uploads\/2025\/08\/moi-truong-mesencult-acf-plus-tang-sinh-cay-chuyen-te-bao-msc.jpg","contentUrl":"https:\/\/biogroupvietnam.com\/wp-content\/uploads\/2025\/08\/moi-truong-mesencult-acf-plus-tang-sinh-cay-chuyen-te-bao-msc.jpg","width":1640,"height":1260},{"@type":"BreadcrumbList","@id":"https:\/\/biogroupvietnam.com\/vi\/san-pham\/mesencult-acf-plus\/#breadcrumb","itemListElement":[{"@type":"ListItem","position":1,"name":"Trang ch\u1ee7","item":"https:\/\/biogroupvietnam.com\/vi\/"},{"@type":"ListItem","position":2,"name":"S\u1ea3n ph\u1ea9m","item":"https:\/\/biogroupvietnam.com\/vi\/san-pham\/"},{"@type":"ListItem","position":3,"name":"Nu\u00f4i C\u1ea5y T\u1ebf B\u00e0o","item":"https:\/\/biogroupvietnam.com\/vi\/danh-muc-san-pham\/nuoi-cay-te-bao\/"},{"@type":"ListItem","position":4,"name":"T\u1ebf B\u00e0o G\u1ed1c Trung M\u00f4","item":"https:\/\/biogroupvietnam.com\/vi\/danh-muc-san-pham\/te-bao-goc-trung-mo\/"},{"@type":"ListItem","position":5,"name":"M\u00f4i Tr\u01b0\u1eddng MesenCult\u2122-ACF Plus T\u0103ng Sinh &#038; C\u1ea5y Chuy\u1ec1n T\u1ebf B\u00e0o MSC"}]},{"@type":"WebSite","@id":"https:\/\/biogroupvietnam.com\/vi\/#website","url":"https:\/\/biogroupvietnam.com\/vi\/","name":"Biogroup Vietnam","description":"Biogroup Vietnam cung c\u1ea5p d\u1ecbch v\u1ee5 k\u1ef9 thu\u1eadt c\u00f9ng thi\u1ebft b\u1ecb, v\u1eadt t\u01b0, h\u00f3a ch\u1ea5t v\u00e0 gi\u1ea3i ph\u00e1p sinh h\u1ecdc cho ph\u00f2ng th\u00ed nghi\u1ec7m c\u00f4ng ngh\u1ec7 sinh h\u1ecdc, y sinh v\u00e0 y h\u1ecdc t\u00e1i t\u1ea1o.","potentialAction":[{"@type":"SearchAction","target":{"@type":"EntryPoint","urlTemplate":"https:\/\/biogroupvietnam.com\/vi\/?s={search_term_string}"},"query-input":{"@type":"PropertyValueSpecification","valueRequired":true,"valueName":"search_term_string"}}],"inLanguage":"vi"}]}},"_links":{"self":[{"href":"https:\/\/biogroupvietnam.com\/vi\/wp-json\/wp\/v2\/product\/3688","targetHints":{"allow":["GET"]}}],"collection":[{"href":"https:\/\/biogroupvietnam.com\/vi\/wp-json\/wp\/v2\/product"}],"about":[{"href":"https:\/\/biogroupvietnam.com\/vi\/wp-json\/wp\/v2\/types\/product"}],"replies":[{"embeddable":true,"href":"https:\/\/biogroupvietnam.com\/vi\/wp-json\/wp\/v2\/comments?post=3688"}],"version-history":[{"count":5,"href":"https:\/\/biogroupvietnam.com\/vi\/wp-json\/wp\/v2\/product\/3688\/revisions"}],"predecessor-version":[{"id":9754,"href":"https:\/\/biogroupvietnam.com\/vi\/wp-json\/wp\/v2\/product\/3688\/revisions\/9754"}],"wp:featuredmedia":[{"embeddable":true,"href":"https:\/\/biogroupvietnam.com\/vi\/wp-json\/wp\/v2\/media\/10229"}],"wp:attachment":[{"href":"https:\/\/biogroupvietnam.com\/vi\/wp-json\/wp\/v2\/media?parent=3688"}],"wp:term":[{"taxonomy":"product_brand","embeddable":true,"href":"https:\/\/biogroupvietnam.com\/vi\/wp-json\/wp\/v2\/product_brand?post=3688"},{"taxonomy":"product_cat","embeddable":true,"href":"https:\/\/biogroupvietnam.com\/vi\/wp-json\/wp\/v2\/product_cat?post=3688"},{"taxonomy":"product_tag","embeddable":true,"href":"https:\/\/biogroupvietnam.com\/vi\/wp-json\/wp\/v2\/product_tag?post=3688"}],"curies":[{"name":"wp","href":"https:\/\/api.w.org\/{rel}","templated":true}]}}