{"id":3689,"date":"2025-08-18T19:52:19","date_gmt":"2025-08-18T12:52:19","guid":{"rendered":"http:\/\/biogroupvietnam-worldpress.local\/product\/import-placeholder-for-63\/"},"modified":"2026-04-06T13:40:13","modified_gmt":"2026-04-06T06:40:13","slug":"stemspan-sfem-ii","status":"publish","type":"product","link":"https:\/\/biogroupvietnam.com\/vi\/san-pham\/stemspan-sfem-ii\/","title":{"rendered":"M\u00f4i Tr\u01b0\u1eddng StemSpan\u2122 SFEM II T\u0103ng Sinh T\u1ebf B\u00e0o G\u1ed1c T\u1ea1o M\u00e1u"},"content":{"rendered":"<p>M\u00f4i tr\u01b0\u1eddng StemSpan\u2122 SFEM II kh\u00f4ng ch\u1ee9a huy\u1ebft thanh d\u00f9ng nu\u00f4i c\u1ea5y v\u00e0 t\u0103ng sinh t\u1ebf b\u00e0o g\u1ed1c t\u1ea1o m\u00e1u (TNC v\u00e0 t\u1ebf b\u00e0o CD34+) t\u1eeb m\u00e1u d\u00e2y r\u1ed1n, t\u1ee7y x\u01b0\u01a1ng ho\u1eb7c t\u1ebf b\u00e0o t\u1eeb c\u00e1c ngu\u1ed3n kh\u00e1c.<\/p>\n<h3><strong>T\u1ed5ng quan<\/strong><\/h3>\n<p>M\u00f4i tr\u01b0\u1eddng StemSpan\u2122 SFEM II kh\u00f4ng ch\u1ee9a huy\u1ebft thanh (SFEM II) l\u00e0 phi\u00ean b\u1ea3n c\u1ea3i ti\u1ebfn c\u1ee7a StemSpan\u2122 SFEM.\u00a0S\u1ea3n ph\u1ea9m \u0111\u01b0\u1ee3c ph\u00e1t tri\u1ec3n \u0111\u1ec3 nu\u00f4i c\u1ea5y v\u00e0 t\u0103ng sinh t\u1ebf b\u00e0o g\u1ed1c t\u1ea1o m\u00e1u c\u1ee7a ng\u01b0\u1eddi trong \u1ed1ng nghi\u1ec7m. Th\u00e0nh ph\u1ea7n c\u1ee7a m\u00f4i tr\u01b0\u1eddng n\u00e0y ch\u1ee9a c\u00e1c protein t\u00e1i t\u1ed5 h\u1ee3p \u0111\u00e3 \u0111\u01b0\u1ee3c ki\u1ec3m \u0111\u1ecbnh nh\u01b0 albumin huy\u1ebft thanh b\u00f2, insulin, transferrin v\u00e0 c\u00e1c th\u00e0nh ph\u1ea7n trong m\u00f4i tr\u01b0\u1eddng Iscove&#8217;s modified dulbecco&#8217;s medium (IMDM).<\/p>\n<p>StemSpan\u2122 SFEM II l\u00e0 m\u1ed9t m\u00f4i tr\u01b0\u1eddng ch\u01b0a ho\u00e0n ch\u1ec9nh, ch\u01b0a \u0111\u01b0\u1ee3c b\u1ed5 sung c\u00e1c y\u1ebfu t\u1ed1 t\u0103ng tr\u01b0\u1edfng t\u1ea1o m\u00e1u c\u1ea7n thi\u1ebft.\u00a0\u0110i\u1ec1u n\u00e0y cho ph\u00e9p ng\u01b0\u1eddi d\u00f9ng c\u00f3 th\u1ec3 \u0111i\u1ec1u ch\u1ec9nh c\u00e1c th\u00e0nh ph\u1ea7n trong qu\u00e1 tr\u00ecnh chu\u1ea9n b\u1ecb m\u00f4i tr\u01b0\u1eddng nu\u00f4i c\u1ea5y \u0111\u1ec3 ph\u00f9 h\u1ee3p y\u00eau c\u1ea7u c\u1ee7a h\u1ecd.<\/p>\n<p>Khi \u0111\u01b0\u1ee3c b\u1ed5 sung c\u00e1c cytokine th\u00edch h\u1ee3p (v\u00ed d\u1ee5: StemSpan\u2122 CC100, StemSpan\u2122 CC110 ho\u1eb7c StemSpan\u2122 CD34+ Expansion Supplement), StemSpan\u2122 SFEM II c\u00f3 th\u1ec3 s\u1eed d\u1ee5ng \u0111\u1ec3 t\u0103ng sinh t\u1ebf b\u00e0o \u0111\u01a1n nh\u00e2n t\u1ed5ng s\u1ed1 (TNC) v\u00e0 t\u1ebf b\u00e0o CD34+ t\u1eeb m\u00e1u d\u00e2y r\u1ed1n, t\u1ee7y x\u01b0\u01a1ng ho\u1eb7c t\u1ebf b\u00e0o t\u1eeb c\u00e1c ngu\u1ed3n kh\u00e1c.<\/p>\n<h3><strong>\u1ee8ng d\u1ee5ng\u00a0c\u1ee7a m\u00f4i tr\u01b0\u1eddng StemSpan\u2122 SFEM II<\/strong><\/h3>\n<ul>\n<li>Nu\u00f4i c\u1ea5y v\u00e0 t\u0103ng sinh t\u1ebf b\u00e0o g\u1ed1c t\u1ea1o m\u00e1u ng\u01b0\u1eddi (HSPC).<\/li>\n<\/ul>\n<h3><strong>\u0110\u1eb7c \u0111i\u1ec3m n\u1ed5i b\u1eadt c\u1ee7a m\u00f4i tr\u01b0\u1eddng StemSpan\u2122 SFEM II<\/strong><\/h3>\n<ul>\n<li>M\u00f4i tr\u01b0\u1eddng kh\u00f4ng ch\u1ee9a huy\u1ebft thanh.<\/li>\n<li>StemSpan\u2122 SFEM II c\u00f3 th\u1ec3 \u0111\u01b0\u1ee3c s\u1eed d\u1ee5ng \u0111\u1ec3 t\u0103ng sinh v\u00e0 bi\u1ec7t h\u00f3a c\u00e1c d\u00f2ng t\u1ebf b\u00e0o ti\u1ec1n th\u00e2n th\u00e0nh nguy\u00ean b\u00e0o h\u1ed3ng c\u1ea7u, b\u1ea1ch c\u1ea7u h\u1ea1t, b\u1ea1ch c\u1ea7u \u0111\u01a1n nh\u00e2n ho\u1eb7c t\u1ebf b\u00e0o megakaryocytes khi \u0111\u01b0\u1ee3c s\u1eed d\u1ee5ng v\u1edbi dung d\u1ecbch ch\u1ee9a ch\u1ea5t t\u0103ng sinh h\u1ed3ng c\u1ea7u (StemSpan\u2122 Erythroid Expansion Supplement, #02692), ch\u1ea5t t\u0103ng sinh d\u00f2ng t\u1ee7y (StemSpan\u2122 Myeloid Expansion Supplement, #02693), ch\u1ea5t t\u0103ng sinh d\u00f2ng t\u1ee7y II (StemSpan\u2122 Myeloid Expansion Supplement II, #02694), ho\u1eb7c ch\u1ea5t t\u0103ng sinh t\u1ebf b\u00e0o Megakaryocyte (StemSpan\u2122 Megakaryocyte Expansion Supplement, #02696), t\u01b0\u01a1ng \u1ee9ng.<\/li>\n<\/ul>\n<h3><strong>Th\u00e0nh ph\u1ea7n<\/strong><\/h3>\n<ul>\n<li>Iscove\u2019s MDM <i>(M\u00f4i tr\u01b0\u1eddng \u201cIscove&#8217;s Modified Dulbecco&#8217;s Media\u201d<\/i>)<\/li>\n<li>Albumin huy\u1ebft thanh b\u00f2.<\/li>\n<li>Insulin t\u00e1i t\u1ed5 h\u1ee3p c\u1ee7a ng\u01b0\u1eddi.<\/li>\n<li>Transferrin ng\u01b0\u1eddi (b\u00e3o h\u00f2a ion)<\/li>\n<li>2-Mercaptoethanol<\/li>\n<li>Th\u00e0nh ph\u1ea7n kh\u00e1c<\/li>\n<\/ul>\n<p><i><strong>L\u01b0u \u00fd:<\/strong> S\u1ea3n ph\u1ea9m n\u00e0y ch\u1ee9a th\u00e0nh ph\u1ea7n c\u00f3 ngu\u1ed3n g\u1ed1c t\u1eeb huy\u1ebft t\u01b0\u01a1ng ng\u01b0\u1eddi. Ng\u01b0\u1eddi hi\u1ebfn t\u1eb7ng \u0111\u00e3 \u0111\u01b0\u1ee3c x\u00e9t nghi\u1ec7m v\u00e0 ph\u00e1t hi\u1ec7n \u00e2m t\u00ednh v\u1edbi HIV-1, HIV-2, vi\u00eam gan B v\u00e0 vi\u00eam gan C tr\u01b0\u1edbc khi hi\u1ebfn t\u1eb7ng. Tuy nhi\u00ean, s\u1ea3n ph\u1ea9m n\u00e0y n\u00ean \u0111\u01b0\u1ee3c coi l\u00e0 c\u00f3 kh\u1ea3 n\u0103ng l\u00e2y nhi\u1ec5m. S\u1eed d\u1ee5ng c\u00e1c bi\u1ec7n ph\u00e1p ki\u1ec3m so\u00e1t v\u00e0 b\u1ea3o v\u1ec7 c\u00e1 nh\u00e2n th\u00edch h\u1ee3p cho c\u00e1c v\u1eadt li\u1ec7u c\u00f3 nguy c\u01a1 l\u00e2y nhi\u1ec5m sinh h\u1ecdc, \u0111\u01b0\u1ee3c m\u00f4 t\u1ea3 trong: C\u00e1c ti\u00eau chu\u1ea9n v\u00e0 h\u01b0\u1edbng d\u1eabn v\u1ec1 an to\u00e0n sinh h\u1ecdc c\u1ee7a Canada (CBSG), t\u00e1i b\u1ea3n l\u1ea7n 2.<\/i><\/p>\n<h3><strong>\u0110i\u1ec1u ki\u1ec7n b\u1ea3o qu\u1ea3n<\/strong><\/h3>\n<ul>\n<li>Nhi\u1ec7t \u0111\u1ed9 b\u1ea3o qu\u1ea3n: -20oC<\/li>\n<\/ul>\n<h3><strong>Th\u00f4ng tin \u0111\u1eb7t h\u00e0ng<\/strong><\/h3>\n<ul>\n<li>M\u00f4i tr\u01b0\u1eddng StemSpan\u2122 SFEM II chai 100 mL (Catalog #\u00a009605).<\/li>\n<li>M\u00f4i tr\u01b0\u1eddng StemSpan\u2122 SFEM II chai 500 mL (Catalog #\u00a009655).<\/li>\n<\/ul>\n","protected":false},"excerpt":{"rendered":"<p>M\u00f4i tr\u01b0\u1eddng StemSpan\u2122 SFEM II kh\u00f4ng ch\u1ee9a huy\u1ebft thanh d\u00f9ng nu\u00f4i c\u1ea5y v\u00e0 t\u0103ng sinh t\u1ebf b\u00e0o g\u1ed1c t\u1ea1o m\u00e1u (TNC v\u00e0 t\u1ebf b\u00e0o CD34+) t\u1eeb m\u00e1u d\u00e2y r\u1ed1n, t\u1ee7y x\u01b0\u01a1ng ho\u1eb7c t\u1ebf b\u00e0o t\u1eeb c\u00e1c ngu\u1ed3n kh\u00e1c. T\u1ed5ng quan M\u00f4i tr\u01b0\u1eddng StemSpan\u2122 SFEM II kh\u00f4ng ch\u1ee9a huy\u1ebft thanh (SFEM II) l\u00e0 phi\u00ean b\u1ea3n c\u1ea3i<\/p>\n<div class=\"klb-readmore post-buttons\"><a class=\"button rounded primary\" href=\"https:\/\/biogroupvietnam.com\/vi\/san-pham\/stemspan-sfem-ii\/\">Read More <i class=\"klbth-icon-right-arrow\"><\/i><\/a><\/div>\n","protected":false},"featured_media":10228,"comment_status":"closed","ping_status":"closed","template":"","meta":{"_acf_changed":false},"product_brand":[127],"product_cat":[92],"product_tag":[],"class_list":{"0":"post-3689","1":"product","2":"type-product","3":"status-publish","4":"has-post-thumbnail","6":"product_brand-stemcell-technologies","7":"product_cat-te-bao-goc-tao-mau-hsc","9":"first","10":"outofstock","11":"shipping-taxable","12":"product-type-simple"},"acf":[],"yoast_head":"<!-- This site is optimized with the Yoast SEO plugin v26.8 - https:\/\/yoast.com\/product\/yoast-seo-wordpress\/ -->\n<title>M\u00f4i Tr\u01b0\u1eddng StemSpan\u2122 SFEM II T\u0103ng Sinh T\u1ebf B\u00e0o G\u1ed1c T\u1ea1o M\u00e1u<\/title>\n<meta name=\"description\" content=\"M\u00f4i tr\u01b0\u1eddng StemSpan\u2122 SFEM II kh\u00f4ng ch\u1ee9a huy\u1ebft thanh d\u00f9ng nu\u00f4i c\u1ea5y v\u00e0 t\u0103ng sinh t\u1ebf b\u00e0o g\u1ed1c t\u1ea1o m\u00e1u (TNC v\u00e0 t\u1ebf b\u00e0o CD34+) t\u1eeb m\u00e1u d\u00e2y r\u1ed1n, t\u1ee7y x\u01b0\u01a1ng ho\u1eb7c t\u1ebf b\u00e0o t\u1eeb c\u00e1c ngu\u1ed3n kh\u00e1c.\" \/>\n<meta name=\"robots\" content=\"index, follow, max-snippet:-1, max-image-preview:large, max-video-preview:-1\" \/>\n<link rel=\"canonical\" href=\"https:\/\/biogroupvietnam.com\/vi\/san-pham\/stemspan-sfem-ii\/\" \/>\n<meta property=\"og:locale\" content=\"vi_VN\" \/>\n<meta property=\"og:type\" content=\"article\" \/>\n<meta property=\"og:title\" content=\"M\u00f4i Tr\u01b0\u1eddng StemSpan\u2122 SFEM II T\u0103ng Sinh T\u1ebf B\u00e0o G\u1ed1c T\u1ea1o M\u00e1u\" \/>\n<meta property=\"og:description\" content=\"M\u00f4i tr\u01b0\u1eddng StemSpan\u2122 SFEM II kh\u00f4ng ch\u1ee9a huy\u1ebft thanh d\u00f9ng nu\u00f4i c\u1ea5y v\u00e0 t\u0103ng sinh t\u1ebf b\u00e0o g\u1ed1c t\u1ea1o m\u00e1u (TNC v\u00e0 t\u1ebf b\u00e0o CD34+) t\u1eeb m\u00e1u d\u00e2y r\u1ed1n, t\u1ee7y x\u01b0\u01a1ng ho\u1eb7c t\u1ebf b\u00e0o t\u1eeb c\u00e1c ngu\u1ed3n kh\u00e1c.\" \/>\n<meta property=\"og:url\" content=\"https:\/\/biogroupvietnam.com\/vi\/san-pham\/stemspan-sfem-ii\/\" \/>\n<meta property=\"og:site_name\" content=\"Biogroup Vietnam\" \/>\n<meta property=\"article:modified_time\" content=\"2026-04-06T06:40:13+00:00\" \/>\n<meta property=\"og:image\" content=\"https:\/\/biogroupvietnam.com\/wp-content\/uploads\/2025\/08\/moi-truong-stemspan-sfem-ii-tang-sinh-te-bao-goc-tao-mau.jpg\" \/>\n\t<meta property=\"og:image:width\" content=\"1640\" \/>\n\t<meta property=\"og:image:height\" content=\"1260\" \/>\n\t<meta property=\"og:image:type\" content=\"image\/jpeg\" \/>\n<meta name=\"twitter:card\" content=\"summary_large_image\" \/>\n<meta name=\"twitter:label1\" content=\"\u01af\u1edbc t\u00ednh th\u1eddi gian \u0111\u1ecdc\" \/>\n\t<meta name=\"twitter:data1\" content=\"3 ph\u00fat\" \/>\n<script type=\"application\/ld+json\" class=\"yoast-schema-graph\">{\"@context\":\"https:\/\/schema.org\",\"@graph\":[{\"@type\":\"WebPage\",\"@id\":\"https:\/\/biogroupvietnam.com\/vi\/san-pham\/stemspan-sfem-ii\/\",\"url\":\"https:\/\/biogroupvietnam.com\/vi\/san-pham\/stemspan-sfem-ii\/\",\"name\":\"M\u00f4i Tr\u01b0\u1eddng StemSpan\u2122 SFEM II T\u0103ng Sinh T\u1ebf B\u00e0o G\u1ed1c T\u1ea1o M\u00e1u\",\"isPartOf\":{\"@id\":\"https:\/\/biogroupvietnam.com\/vi\/#website\"},\"primaryImageOfPage\":{\"@id\":\"https:\/\/biogroupvietnam.com\/vi\/san-pham\/stemspan-sfem-ii\/#primaryimage\"},\"image\":{\"@id\":\"https:\/\/biogroupvietnam.com\/vi\/san-pham\/stemspan-sfem-ii\/#primaryimage\"},\"thumbnailUrl\":\"https:\/\/biogroupvietnam.com\/wp-content\/uploads\/2025\/08\/moi-truong-stemspan-sfem-ii-tang-sinh-te-bao-goc-tao-mau.jpg\",\"datePublished\":\"2025-08-18T12:52:19+00:00\",\"dateModified\":\"2026-04-06T06:40:13+00:00\",\"description\":\"M\u00f4i tr\u01b0\u1eddng StemSpan\u2122 SFEM II kh\u00f4ng ch\u1ee9a huy\u1ebft thanh d\u00f9ng nu\u00f4i c\u1ea5y v\u00e0 t\u0103ng sinh t\u1ebf b\u00e0o g\u1ed1c t\u1ea1o m\u00e1u (TNC v\u00e0 t\u1ebf b\u00e0o CD34+) t\u1eeb m\u00e1u d\u00e2y r\u1ed1n, t\u1ee7y x\u01b0\u01a1ng ho\u1eb7c t\u1ebf b\u00e0o t\u1eeb c\u00e1c ngu\u1ed3n kh\u00e1c.\",\"breadcrumb\":{\"@id\":\"https:\/\/biogroupvietnam.com\/vi\/san-pham\/stemspan-sfem-ii\/#breadcrumb\"},\"inLanguage\":\"vi\",\"potentialAction\":[{\"@type\":\"ReadAction\",\"target\":[\"https:\/\/biogroupvietnam.com\/vi\/san-pham\/stemspan-sfem-ii\/\"]}]},{\"@type\":\"ImageObject\",\"inLanguage\":\"vi\",\"@id\":\"https:\/\/biogroupvietnam.com\/vi\/san-pham\/stemspan-sfem-ii\/#primaryimage\",\"url\":\"https:\/\/biogroupvietnam.com\/wp-content\/uploads\/2025\/08\/moi-truong-stemspan-sfem-ii-tang-sinh-te-bao-goc-tao-mau.jpg\",\"contentUrl\":\"https:\/\/biogroupvietnam.com\/wp-content\/uploads\/2025\/08\/moi-truong-stemspan-sfem-ii-tang-sinh-te-bao-goc-tao-mau.jpg\",\"width\":1640,\"height\":1260,\"caption\":\"M\u00f4i Tr\u01b0\u1eddng StemSpan\u2122 SFEM II T\u0103ng Sinh T\u1ebf B\u00e0o G\u1ed1c T\u1ea1o M\u00e1u\"},{\"@type\":\"BreadcrumbList\",\"@id\":\"https:\/\/biogroupvietnam.com\/vi\/san-pham\/stemspan-sfem-ii\/#breadcrumb\",\"itemListElement\":[{\"@type\":\"ListItem\",\"position\":1,\"name\":\"Trang ch\u1ee7\",\"item\":\"https:\/\/biogroupvietnam.com\/vi\/\"},{\"@type\":\"ListItem\",\"position\":2,\"name\":\"S\u1ea3n ph\u1ea9m\",\"item\":\"https:\/\/biogroupvietnam.com\/vi\/san-pham\/\"},{\"@type\":\"ListItem\",\"position\":3,\"name\":\"Nu\u00f4i C\u1ea5y T\u1ebf B\u00e0o\",\"item\":\"https:\/\/biogroupvietnam.com\/vi\/danh-muc-san-pham\/nuoi-cay-te-bao\/\"},{\"@type\":\"ListItem\",\"position\":4,\"name\":\"T\u1ebf B\u00e0o G\u1ed1c T\u1ea1o M\u00e1u (HSC)\",\"item\":\"https:\/\/biogroupvietnam.com\/vi\/danh-muc-san-pham\/te-bao-goc-tao-mau-hsc\/\"},{\"@type\":\"ListItem\",\"position\":5,\"name\":\"M\u00f4i Tr\u01b0\u1eddng StemSpan\u2122 SFEM II T\u0103ng Sinh T\u1ebf B\u00e0o G\u1ed1c T\u1ea1o M\u00e1u\"}]},{\"@type\":\"WebSite\",\"@id\":\"https:\/\/biogroupvietnam.com\/vi\/#website\",\"url\":\"https:\/\/biogroupvietnam.com\/vi\/\",\"name\":\"Biogroup Vietnam\",\"description\":\"Biogroup Vietnam cung c\u1ea5p d\u1ecbch v\u1ee5 k\u1ef9 thu\u1eadt c\u00f9ng thi\u1ebft b\u1ecb, v\u1eadt t\u01b0, h\u00f3a ch\u1ea5t v\u00e0 gi\u1ea3i ph\u00e1p sinh h\u1ecdc cho ph\u00f2ng th\u00ed nghi\u1ec7m c\u00f4ng ngh\u1ec7 sinh h\u1ecdc, y sinh v\u00e0 y h\u1ecdc t\u00e1i t\u1ea1o.\",\"potentialAction\":[{\"@type\":\"SearchAction\",\"target\":{\"@type\":\"EntryPoint\",\"urlTemplate\":\"https:\/\/biogroupvietnam.com\/vi\/?s={search_term_string}\"},\"query-input\":{\"@type\":\"PropertyValueSpecification\",\"valueRequired\":true,\"valueName\":\"search_term_string\"}}],\"inLanguage\":\"vi\"}]}<\/script>\n<!-- \/ Yoast SEO plugin. -->","yoast_head_json":{"title":"M\u00f4i Tr\u01b0\u1eddng StemSpan\u2122 SFEM II T\u0103ng Sinh T\u1ebf B\u00e0o G\u1ed1c T\u1ea1o M\u00e1u","description":"M\u00f4i tr\u01b0\u1eddng StemSpan\u2122 SFEM II kh\u00f4ng ch\u1ee9a huy\u1ebft thanh d\u00f9ng nu\u00f4i c\u1ea5y v\u00e0 t\u0103ng sinh t\u1ebf b\u00e0o g\u1ed1c t\u1ea1o m\u00e1u (TNC v\u00e0 t\u1ebf b\u00e0o CD34+) t\u1eeb m\u00e1u d\u00e2y r\u1ed1n, t\u1ee7y x\u01b0\u01a1ng ho\u1eb7c t\u1ebf b\u00e0o t\u1eeb c\u00e1c ngu\u1ed3n kh\u00e1c.","robots":{"index":"index","follow":"follow","max-snippet":"max-snippet:-1","max-image-preview":"max-image-preview:large","max-video-preview":"max-video-preview:-1"},"canonical":"https:\/\/biogroupvietnam.com\/vi\/san-pham\/stemspan-sfem-ii\/","og_locale":"vi_VN","og_type":"article","og_title":"M\u00f4i Tr\u01b0\u1eddng StemSpan\u2122 SFEM II T\u0103ng Sinh T\u1ebf B\u00e0o G\u1ed1c T\u1ea1o M\u00e1u","og_description":"M\u00f4i tr\u01b0\u1eddng StemSpan\u2122 SFEM II kh\u00f4ng ch\u1ee9a huy\u1ebft thanh d\u00f9ng nu\u00f4i c\u1ea5y v\u00e0 t\u0103ng sinh t\u1ebf b\u00e0o g\u1ed1c t\u1ea1o m\u00e1u (TNC v\u00e0 t\u1ebf b\u00e0o CD34+) t\u1eeb m\u00e1u d\u00e2y r\u1ed1n, t\u1ee7y x\u01b0\u01a1ng ho\u1eb7c t\u1ebf b\u00e0o t\u1eeb c\u00e1c ngu\u1ed3n kh\u00e1c.","og_url":"https:\/\/biogroupvietnam.com\/vi\/san-pham\/stemspan-sfem-ii\/","og_site_name":"Biogroup Vietnam","article_modified_time":"2026-04-06T06:40:13+00:00","og_image":[{"width":1640,"height":1260,"url":"https:\/\/biogroupvietnam.com\/wp-content\/uploads\/2025\/08\/moi-truong-stemspan-sfem-ii-tang-sinh-te-bao-goc-tao-mau.jpg","type":"image\/jpeg"}],"twitter_card":"summary_large_image","twitter_misc":{"\u01af\u1edbc t\u00ednh th\u1eddi gian \u0111\u1ecdc":"3 ph\u00fat"},"schema":{"@context":"https:\/\/schema.org","@graph":[{"@type":"WebPage","@id":"https:\/\/biogroupvietnam.com\/vi\/san-pham\/stemspan-sfem-ii\/","url":"https:\/\/biogroupvietnam.com\/vi\/san-pham\/stemspan-sfem-ii\/","name":"M\u00f4i Tr\u01b0\u1eddng StemSpan\u2122 SFEM II T\u0103ng Sinh T\u1ebf B\u00e0o G\u1ed1c T\u1ea1o M\u00e1u","isPartOf":{"@id":"https:\/\/biogroupvietnam.com\/vi\/#website"},"primaryImageOfPage":{"@id":"https:\/\/biogroupvietnam.com\/vi\/san-pham\/stemspan-sfem-ii\/#primaryimage"},"image":{"@id":"https:\/\/biogroupvietnam.com\/vi\/san-pham\/stemspan-sfem-ii\/#primaryimage"},"thumbnailUrl":"https:\/\/biogroupvietnam.com\/wp-content\/uploads\/2025\/08\/moi-truong-stemspan-sfem-ii-tang-sinh-te-bao-goc-tao-mau.jpg","datePublished":"2025-08-18T12:52:19+00:00","dateModified":"2026-04-06T06:40:13+00:00","description":"M\u00f4i tr\u01b0\u1eddng StemSpan\u2122 SFEM II kh\u00f4ng ch\u1ee9a huy\u1ebft thanh d\u00f9ng nu\u00f4i c\u1ea5y v\u00e0 t\u0103ng sinh t\u1ebf b\u00e0o g\u1ed1c t\u1ea1o m\u00e1u (TNC v\u00e0 t\u1ebf b\u00e0o CD34+) t\u1eeb m\u00e1u d\u00e2y r\u1ed1n, t\u1ee7y x\u01b0\u01a1ng ho\u1eb7c t\u1ebf b\u00e0o t\u1eeb c\u00e1c ngu\u1ed3n kh\u00e1c.","breadcrumb":{"@id":"https:\/\/biogroupvietnam.com\/vi\/san-pham\/stemspan-sfem-ii\/#breadcrumb"},"inLanguage":"vi","potentialAction":[{"@type":"ReadAction","target":["https:\/\/biogroupvietnam.com\/vi\/san-pham\/stemspan-sfem-ii\/"]}]},{"@type":"ImageObject","inLanguage":"vi","@id":"https:\/\/biogroupvietnam.com\/vi\/san-pham\/stemspan-sfem-ii\/#primaryimage","url":"https:\/\/biogroupvietnam.com\/wp-content\/uploads\/2025\/08\/moi-truong-stemspan-sfem-ii-tang-sinh-te-bao-goc-tao-mau.jpg","contentUrl":"https:\/\/biogroupvietnam.com\/wp-content\/uploads\/2025\/08\/moi-truong-stemspan-sfem-ii-tang-sinh-te-bao-goc-tao-mau.jpg","width":1640,"height":1260,"caption":"M\u00f4i Tr\u01b0\u1eddng StemSpan\u2122 SFEM II T\u0103ng Sinh T\u1ebf B\u00e0o G\u1ed1c T\u1ea1o M\u00e1u"},{"@type":"BreadcrumbList","@id":"https:\/\/biogroupvietnam.com\/vi\/san-pham\/stemspan-sfem-ii\/#breadcrumb","itemListElement":[{"@type":"ListItem","position":1,"name":"Trang ch\u1ee7","item":"https:\/\/biogroupvietnam.com\/vi\/"},{"@type":"ListItem","position":2,"name":"S\u1ea3n ph\u1ea9m","item":"https:\/\/biogroupvietnam.com\/vi\/san-pham\/"},{"@type":"ListItem","position":3,"name":"Nu\u00f4i C\u1ea5y T\u1ebf B\u00e0o","item":"https:\/\/biogroupvietnam.com\/vi\/danh-muc-san-pham\/nuoi-cay-te-bao\/"},{"@type":"ListItem","position":4,"name":"T\u1ebf B\u00e0o G\u1ed1c T\u1ea1o M\u00e1u (HSC)","item":"https:\/\/biogroupvietnam.com\/vi\/danh-muc-san-pham\/te-bao-goc-tao-mau-hsc\/"},{"@type":"ListItem","position":5,"name":"M\u00f4i Tr\u01b0\u1eddng StemSpan\u2122 SFEM II T\u0103ng Sinh T\u1ebf B\u00e0o G\u1ed1c T\u1ea1o M\u00e1u"}]},{"@type":"WebSite","@id":"https:\/\/biogroupvietnam.com\/vi\/#website","url":"https:\/\/biogroupvietnam.com\/vi\/","name":"Biogroup Vietnam","description":"Biogroup Vietnam cung c\u1ea5p d\u1ecbch v\u1ee5 k\u1ef9 thu\u1eadt c\u00f9ng thi\u1ebft b\u1ecb, v\u1eadt t\u01b0, h\u00f3a ch\u1ea5t v\u00e0 gi\u1ea3i ph\u00e1p sinh h\u1ecdc cho ph\u00f2ng th\u00ed nghi\u1ec7m c\u00f4ng ngh\u1ec7 sinh h\u1ecdc, y sinh v\u00e0 y h\u1ecdc t\u00e1i t\u1ea1o.","potentialAction":[{"@type":"SearchAction","target":{"@type":"EntryPoint","urlTemplate":"https:\/\/biogroupvietnam.com\/vi\/?s={search_term_string}"},"query-input":{"@type":"PropertyValueSpecification","valueRequired":true,"valueName":"search_term_string"}}],"inLanguage":"vi"}]}},"_links":{"self":[{"href":"https:\/\/biogroupvietnam.com\/vi\/wp-json\/wp\/v2\/product\/3689","targetHints":{"allow":["GET"]}}],"collection":[{"href":"https:\/\/biogroupvietnam.com\/vi\/wp-json\/wp\/v2\/product"}],"about":[{"href":"https:\/\/biogroupvietnam.com\/vi\/wp-json\/wp\/v2\/types\/product"}],"replies":[{"embeddable":true,"href":"https:\/\/biogroupvietnam.com\/vi\/wp-json\/wp\/v2\/comments?post=3689"}],"version-history":[{"count":4,"href":"https:\/\/biogroupvietnam.com\/vi\/wp-json\/wp\/v2\/product\/3689\/revisions"}],"predecessor-version":[{"id":9810,"href":"https:\/\/biogroupvietnam.com\/vi\/wp-json\/wp\/v2\/product\/3689\/revisions\/9810"}],"wp:featuredmedia":[{"embeddable":true,"href":"https:\/\/biogroupvietnam.com\/vi\/wp-json\/wp\/v2\/media\/10228"}],"wp:attachment":[{"href":"https:\/\/biogroupvietnam.com\/vi\/wp-json\/wp\/v2\/media?parent=3689"}],"wp:term":[{"taxonomy":"product_brand","embeddable":true,"href":"https:\/\/biogroupvietnam.com\/vi\/wp-json\/wp\/v2\/product_brand?post=3689"},{"taxonomy":"product_cat","embeddable":true,"href":"https:\/\/biogroupvietnam.com\/vi\/wp-json\/wp\/v2\/product_cat?post=3689"},{"taxonomy":"product_tag","embeddable":true,"href":"https:\/\/biogroupvietnam.com\/vi\/wp-json\/wp\/v2\/product_tag?post=3689"}],"curies":[{"name":"wp","href":"https:\/\/api.w.org\/{rel}","templated":true}]}}