{"id":3690,"date":"2025-08-18T19:52:19","date_gmt":"2025-08-18T12:52:19","guid":{"rendered":"http:\/\/biogroupvietnam-worldpress.local\/product\/import-placeholder-for-64\/"},"modified":"2026-02-04T17:45:05","modified_gmt":"2026-02-04T10:45:05","slug":"may-han-tui-overwrap","status":"publish","type":"product","link":"https:\/\/biogroupvietnam.com\/vi\/san-pham\/may-han-tui-overwrap\/","title":{"rendered":"M\u00e1y H\u00e0n T\u00fai Overwrap"},"content":{"rendered":"<h2>M\u00e1y h\u00e0n t\u00fai Overwrap \u0111\u01b0\u1ee3c h\u00e3ng Fuji Impulse (Nh\u1eadt) gia c\u00f4ng, sau \u0111\u00f3 h\u00e3ng Thermogenesis (M\u1ef9) s\u1eeda \u0111\u1ed5i \u0111\u1ec3 t\u1ed1i \u01b0u h\u00f3a hi\u1ec7u qu\u1ea3 c\u1ee7a h\u1ec7 th\u1ed1ng n\u00e0y trong vi\u1ec7c h\u00e0n t\u00fai bao ngo\u00e0i overwrap (t\u00fai overwrap l\u00e0m b\u1eb1ng nh\u1ef1a Teflon FEP film, ch\u1ecbu \u0111\u01b0\u1ee3c nhi\u1ec7t \u0111\u1ed9 d\u01b0\u1edbi -195oC). <strong>B\u00e0n ph\u1eb3ng c\u1ee7a m\u00e1y h\u00e0n xung l\u1ef1c \u0111\u00e3 \u0111\u01b0\u1ee3c thay th\u1ebf b\u1eb1ng b\u00e0n m\u00e1y c\u00f3 ch\u1ee9c n\u0103ng \u0111\u1ea9y nhanh kh\u00ed ra ngo\u00e0i v\u00e0 h\u00e0n k\u00edn t\u00fai overwrap.<\/strong><\/h2>\n<p style=\"text-align: center;\"><img fetchpriority=\"high\" decoding=\"async\" src=\"https:\/\/biogroupvietnam.com\/uploads\/5TeGvGsyINVV9G8SY8WRi1T85sciu5gchWxAeLPj.png\" alt=\"\" width=\"406\" height=\"302\" \/><\/p>\n<p>M\u00e1y h\u00e0n t\u00fai overwrap \u0111\u01b0\u1ee3c thi\u1ebft k\u1ebf \u0111\u1ec3 h\u00e0n k\u00edn <a href=\"https:\/\/biogroupvietnam.com\/vi\/products\/xu-ly-bao-quan-te-bao-goc\/giai-phap-han-day-tui-te-bao-goc-mau-cuong-ron\/tui-bao-ngoai-overwrap.html\">t\u00fai bao ngo\u00e0i ovewrap<\/a> nh\u1eb1m ni\u00eam phong b\u1ea3o v\u1ec7 t\u00fai b\u1ea3o qu\u1ea3n \u0111\u00f4ng l\u1ea1nh t\u1ebf b\u00e0o tr\u01b0\u1edbc khi ch\u00fang \u0111\u01b0\u1ee3c \u0111\u01b0a v\u00e0o h\u1ed9p canister v\u00e0 l\u01b0u tr\u1eef trong b\u00ecnh nit\u01a1 l\u1ecfng.<\/p>\n<p style=\"text-align: center;\"><img decoding=\"async\" src=\"https:\/\/biogroupvietnam.com\/uploads\/lrcFobicInFvxVagzbogFVBiZ3SJWi7OOMxJx1Be.png\" alt=\"\" \/><\/p>\n<h3><strong>\u0110\u1eb7c \u0111i\u1ec3m ch\u00ednh c\u1ee7a m\u00e1y h\u00e0n t\u00fai Overwrap:<\/strong><\/h3>\n<ul>\n<li>V\u1eadn h\u00e0nh d\u1ec5 d\u00e0ng: T\u00fai bao ngo\u00e0i overwrap c\u00f3 th\u1ec3 \u0111\u01b0\u1ee3c ni\u00eam phong m\u1ed9t c\u00e1ch d\u1ec5 d\u00e0ng v\u00e0 nhanh ch\u00f3ng m\u00e0 kh\u00f4ng c\u1ea7n b\u1ea5t k\u1ef3 k\u1ef9 n\u0103ng \u0111\u1eb7c bi\u1ec7t n\u00e0o.<\/li>\n<li>Gi\u1ea3m c\u0103ng th\u1eb3ng c\u1ee7a thao t\u00e1c: Ch\u1ec9 c\u1ea7n m\u1ed9t \u00e1p l\u1ef1c nh\u1eb9 l\u00e0 ni\u00eam phong ch\u1eafc ch\u1eafn.<\/li>\n<li>\u0110\u1ed3ng nh\u1ea5t: M\u1ed9t nguy\u00ean l\u00fd v\u1eadn h\u00e0nh m\u1edbi c\u1ee7a m\u00e1y \u0111u\u1ed5i kh\u00ed v\u00e0 h\u00e0n gi\u00fap kh\u1ea3 n\u0103ng h\u00e0n k\u00edn t\u00fai overwrap \u0111\u1ed3ng \u0111\u1ec1u h\u01a1n.<\/li>\n<li>T\u00ednh linh ho\u1ea1t: \u00c1p su\u1ea5t h\u00e0n c\u00f3 th\u1ec3 \u0111\u01b0\u1ee3c \u0111i\u1ec1u ch\u1ec9nh \u0111\u1ec3 ni\u00eam phong t\u1ed1i \u01b0u.<\/li>\n<li>T\u00ednh nh\u1ea5t qu\u00e1n: Nh\u1ecf g\u1ecdn, nh\u1eb9 v\u00e0 di \u0111\u1ed9ng. B\u1ed9 h\u1eb9n gi\u1edd \u0111i\u1ec7n t\u1eed ki\u1ec3m so\u00e1t nhi\u1ec7t \u0111\u1ed9 ni\u00eam phong.<\/li>\n<\/ul>\n<h3><strong>T\u00ednh n\u0103ng k\u1ef9 thu\u1eadt m\u00e1y h\u00e0n t\u00fai Overwrap:<\/strong><\/h3>\n<ul>\n<li>Th\u1eddi gian h\u00e0n nhanh: &lt; 10 gi\u00e2y\/ t\u00fai (bao g\u1ed3m th\u1eddi gian \u0111\u1ea9y kh\u00ed, h\u00e0n v\u00e0 l\u00e0m ngu\u1ed9i m\u1ed1i h\u00e0n).<\/li>\n<li>C\u00f3 ch\u1ebf \u0111\u1ed9 ch\u1ecdn th\u1eddi gian gia nhi\u1ec7t.<\/li>\n<li>M\u00f4i tr\u01b0\u1eddng ho\u1ea1t \u0111\u1ed9ng c\u1ee7a m\u00e1y: Nhi\u1ec7t \u0111\u1ed9 v\u1eadn h\u00e0nh khuy\u1ebfn ngh\u1ecb trong kho\u1ea3ng 15\u00b0C &#8211; 27\u00b0C. \u0110\u1ed9 \u1ea9m m\u00f4i tr\u01b0\u1eddng ho\u1ea1t \u0111\u1ed9ng &lt;60%.<\/li>\n<li>K\u00edch th\u01b0\u1edbc (D x H x W): 31,7 x 19,8 x 36,3 cm<\/li>\n<li>Kh\u1ed1i l\u01b0\u1ee3ng m\u00e1y: 6.6 Kg.<\/li>\n<\/ul>\n","protected":false},"excerpt":{"rendered":"<p>M\u00e1y h\u00e0n t\u00fai Overwrap \u0111\u01b0\u1ee3c h\u00e3ng Fuji Impulse (Nh\u1eadt) gia c\u00f4ng, sau \u0111\u00f3 h\u00e3ng Thermogenesis (M\u1ef9) s\u1eeda \u0111\u1ed5i \u0111\u1ec3 t\u1ed1i \u01b0u h\u00f3a hi\u1ec7u qu\u1ea3 c\u1ee7a h\u1ec7 th\u1ed1ng n\u00e0y trong vi\u1ec7c h\u00e0n t\u00fai bao ngo\u00e0i overwrap (t\u00fai overwrap l\u00e0m b\u1eb1ng nh\u1ef1a Teflon FEP film, ch\u1ecbu \u0111\u01b0\u1ee3c nhi\u1ec7t \u0111\u1ed9 d\u01b0\u1edbi -195oC). B\u00e0n ph\u1eb3ng c\u1ee7a m\u00e1y h\u00e0n xung<\/p>\n<div class=\"klb-readmore post-buttons\"><a class=\"button rounded primary\" href=\"https:\/\/biogroupvietnam.com\/vi\/san-pham\/may-han-tui-overwrap\/\">Read More <i class=\"klbth-icon-right-arrow\"><\/i><\/a><\/div>\n","protected":false},"featured_media":9031,"comment_status":"closed","ping_status":"closed","template":"","meta":{"_acf_changed":false},"product_brand":[80],"product_cat":[84],"product_tag":[],"class_list":{"0":"post-3690","1":"product","2":"type-product","3":"status-publish","4":"has-post-thumbnail","6":"product_brand-thermogenesis","7":"product_cat-thiet-bi-vat-tu-ho-tro","9":"first","10":"outofstock","11":"shipping-taxable","12":"product-type-simple"},"acf":[],"yoast_head":"<!-- This site is optimized with the Yoast SEO plugin v26.8 - https:\/\/yoast.com\/product\/yoast-seo-wordpress\/ -->\n<title>M\u00e1y H\u00e0n T\u00fai Overwrap<\/title>\n<meta name=\"description\" content=\"M\u00e1y h\u00e0n t\u00fai Overwrap h\u00e0n t\u00fai bao ngo\u00e0i overwrap (t\u00fai overwrap l\u00e0m b\u1eb1ng nh\u1ef1a Teflon FEP film, ch\u1ecbu \u0111\u01b0\u1ee3c nhi\u1ec7t \u0111\u1ed9 d\u01b0\u1edbi -195\u00b0C).\" \/>\n<meta name=\"robots\" content=\"index, follow, max-snippet:-1, max-image-preview:large, max-video-preview:-1\" \/>\n<link rel=\"canonical\" href=\"https:\/\/biogroupvietnam.com\/vi\/san-pham\/may-han-tui-overwrap\/\" \/>\n<meta property=\"og:locale\" content=\"vi_VN\" \/>\n<meta property=\"og:type\" content=\"article\" \/>\n<meta property=\"og:title\" content=\"M\u00e1y H\u00e0n T\u00fai Overwrap\" \/>\n<meta property=\"og:description\" content=\"M\u00e1y h\u00e0n t\u00fai Overwrap h\u00e0n t\u00fai bao ngo\u00e0i overwrap (t\u00fai overwrap l\u00e0m b\u1eb1ng nh\u1ef1a Teflon FEP film, ch\u1ecbu \u0111\u01b0\u1ee3c nhi\u1ec7t \u0111\u1ed9 d\u01b0\u1edbi -195\u00b0C).\" \/>\n<meta property=\"og:url\" content=\"https:\/\/biogroupvietnam.com\/vi\/san-pham\/may-han-tui-overwrap\/\" \/>\n<meta property=\"og:site_name\" content=\"Biogroup Vietnam\" \/>\n<meta property=\"article:modified_time\" content=\"2026-02-04T10:45:05+00:00\" \/>\n<meta property=\"og:image\" content=\"https:\/\/biogroupvietnam.com\/wp-content\/uploads\/2025\/08\/Overwrap-Sealing-System.jpg\" \/>\n\t<meta property=\"og:image:width\" content=\"1640\" \/>\n\t<meta property=\"og:image:height\" content=\"1260\" \/>\n\t<meta property=\"og:image:type\" content=\"image\/jpeg\" \/>\n<meta name=\"twitter:card\" content=\"summary_large_image\" \/>\n<meta name=\"twitter:label1\" content=\"\u01af\u1edbc t\u00ednh th\u1eddi gian \u0111\u1ecdc\" \/>\n\t<meta name=\"twitter:data1\" content=\"3 ph\u00fat\" \/>\n<script type=\"application\/ld+json\" class=\"yoast-schema-graph\">{\"@context\":\"https:\/\/schema.org\",\"@graph\":[{\"@type\":\"WebPage\",\"@id\":\"https:\/\/biogroupvietnam.com\/vi\/san-pham\/may-han-tui-overwrap\/\",\"url\":\"https:\/\/biogroupvietnam.com\/vi\/san-pham\/may-han-tui-overwrap\/\",\"name\":\"M\u00e1y H\u00e0n T\u00fai Overwrap\",\"isPartOf\":{\"@id\":\"https:\/\/biogroupvietnam.com\/vi\/#website\"},\"primaryImageOfPage\":{\"@id\":\"https:\/\/biogroupvietnam.com\/vi\/san-pham\/may-han-tui-overwrap\/#primaryimage\"},\"image\":{\"@id\":\"https:\/\/biogroupvietnam.com\/vi\/san-pham\/may-han-tui-overwrap\/#primaryimage\"},\"thumbnailUrl\":\"https:\/\/biogroupvietnam.com\/wp-content\/uploads\/2025\/08\/Overwrap-Sealing-System.jpg\",\"datePublished\":\"2025-08-18T12:52:19+00:00\",\"dateModified\":\"2026-02-04T10:45:05+00:00\",\"description\":\"M\u00e1y h\u00e0n t\u00fai Overwrap h\u00e0n t\u00fai bao ngo\u00e0i overwrap (t\u00fai overwrap l\u00e0m b\u1eb1ng nh\u1ef1a Teflon FEP film, ch\u1ecbu \u0111\u01b0\u1ee3c nhi\u1ec7t \u0111\u1ed9 d\u01b0\u1edbi -195\u00b0C).\",\"breadcrumb\":{\"@id\":\"https:\/\/biogroupvietnam.com\/vi\/san-pham\/may-han-tui-overwrap\/#breadcrumb\"},\"inLanguage\":\"vi\",\"potentialAction\":[{\"@type\":\"ReadAction\",\"target\":[\"https:\/\/biogroupvietnam.com\/vi\/san-pham\/may-han-tui-overwrap\/\"]}]},{\"@type\":\"ImageObject\",\"inLanguage\":\"vi\",\"@id\":\"https:\/\/biogroupvietnam.com\/vi\/san-pham\/may-han-tui-overwrap\/#primaryimage\",\"url\":\"https:\/\/biogroupvietnam.com\/wp-content\/uploads\/2025\/08\/Overwrap-Sealing-System.jpg\",\"contentUrl\":\"https:\/\/biogroupvietnam.com\/wp-content\/uploads\/2025\/08\/Overwrap-Sealing-System.jpg\",\"width\":1640,\"height\":1260},{\"@type\":\"BreadcrumbList\",\"@id\":\"https:\/\/biogroupvietnam.com\/vi\/san-pham\/may-han-tui-overwrap\/#breadcrumb\",\"itemListElement\":[{\"@type\":\"ListItem\",\"position\":1,\"name\":\"Trang ch\u1ee7\",\"item\":\"https:\/\/biogroupvietnam.com\/vi\/\"},{\"@type\":\"ListItem\",\"position\":2,\"name\":\"S\u1ea3n ph\u1ea9m\",\"item\":\"https:\/\/biogroupvietnam.com\/vi\/san-pham\/\"},{\"@type\":\"ListItem\",\"position\":3,\"name\":\"X\u1eed L\u00fd T\u1ebf B\u00e0o\",\"item\":\"https:\/\/biogroupvietnam.com\/vi\/danh-muc-san-pham\/xu-ly-te-bao\/\"},{\"@type\":\"ListItem\",\"position\":4,\"name\":\"Thi\u1ebft B\u1ecb &amp; V\u1eadt T\u01b0 H\u1ed7 Tr\u1ee3\",\"item\":\"https:\/\/biogroupvietnam.com\/vi\/danh-muc-san-pham\/thiet-bi-vat-tu-ho-tro\/\"},{\"@type\":\"ListItem\",\"position\":5,\"name\":\"M\u00e1y H\u00e0n T\u00fai Overwrap\"}]},{\"@type\":\"WebSite\",\"@id\":\"https:\/\/biogroupvietnam.com\/vi\/#website\",\"url\":\"https:\/\/biogroupvietnam.com\/vi\/\",\"name\":\"Biogroup Vietnam\",\"description\":\"Biogroup Vietnam cung c\u1ea5p d\u1ecbch v\u1ee5 k\u1ef9 thu\u1eadt c\u00f9ng thi\u1ebft b\u1ecb, v\u1eadt t\u01b0, h\u00f3a ch\u1ea5t v\u00e0 gi\u1ea3i ph\u00e1p sinh h\u1ecdc cho ph\u00f2ng th\u00ed nghi\u1ec7m c\u00f4ng ngh\u1ec7 sinh h\u1ecdc, y sinh v\u00e0 y h\u1ecdc t\u00e1i t\u1ea1o.\",\"potentialAction\":[{\"@type\":\"SearchAction\",\"target\":{\"@type\":\"EntryPoint\",\"urlTemplate\":\"https:\/\/biogroupvietnam.com\/vi\/?s={search_term_string}\"},\"query-input\":{\"@type\":\"PropertyValueSpecification\",\"valueRequired\":true,\"valueName\":\"search_term_string\"}}],\"inLanguage\":\"vi\"}]}<\/script>\n<!-- \/ Yoast SEO plugin. -->","yoast_head_json":{"title":"M\u00e1y H\u00e0n T\u00fai Overwrap","description":"M\u00e1y h\u00e0n t\u00fai Overwrap h\u00e0n t\u00fai bao ngo\u00e0i overwrap (t\u00fai overwrap l\u00e0m b\u1eb1ng nh\u1ef1a Teflon FEP film, ch\u1ecbu \u0111\u01b0\u1ee3c nhi\u1ec7t \u0111\u1ed9 d\u01b0\u1edbi -195\u00b0C).","robots":{"index":"index","follow":"follow","max-snippet":"max-snippet:-1","max-image-preview":"max-image-preview:large","max-video-preview":"max-video-preview:-1"},"canonical":"https:\/\/biogroupvietnam.com\/vi\/san-pham\/may-han-tui-overwrap\/","og_locale":"vi_VN","og_type":"article","og_title":"M\u00e1y H\u00e0n T\u00fai Overwrap","og_description":"M\u00e1y h\u00e0n t\u00fai Overwrap h\u00e0n t\u00fai bao ngo\u00e0i overwrap (t\u00fai overwrap l\u00e0m b\u1eb1ng nh\u1ef1a Teflon FEP film, ch\u1ecbu \u0111\u01b0\u1ee3c nhi\u1ec7t \u0111\u1ed9 d\u01b0\u1edbi -195\u00b0C).","og_url":"https:\/\/biogroupvietnam.com\/vi\/san-pham\/may-han-tui-overwrap\/","og_site_name":"Biogroup Vietnam","article_modified_time":"2026-02-04T10:45:05+00:00","og_image":[{"width":1640,"height":1260,"url":"https:\/\/biogroupvietnam.com\/wp-content\/uploads\/2025\/08\/Overwrap-Sealing-System.jpg","type":"image\/jpeg"}],"twitter_card":"summary_large_image","twitter_misc":{"\u01af\u1edbc t\u00ednh th\u1eddi gian \u0111\u1ecdc":"3 ph\u00fat"},"schema":{"@context":"https:\/\/schema.org","@graph":[{"@type":"WebPage","@id":"https:\/\/biogroupvietnam.com\/vi\/san-pham\/may-han-tui-overwrap\/","url":"https:\/\/biogroupvietnam.com\/vi\/san-pham\/may-han-tui-overwrap\/","name":"M\u00e1y H\u00e0n T\u00fai Overwrap","isPartOf":{"@id":"https:\/\/biogroupvietnam.com\/vi\/#website"},"primaryImageOfPage":{"@id":"https:\/\/biogroupvietnam.com\/vi\/san-pham\/may-han-tui-overwrap\/#primaryimage"},"image":{"@id":"https:\/\/biogroupvietnam.com\/vi\/san-pham\/may-han-tui-overwrap\/#primaryimage"},"thumbnailUrl":"https:\/\/biogroupvietnam.com\/wp-content\/uploads\/2025\/08\/Overwrap-Sealing-System.jpg","datePublished":"2025-08-18T12:52:19+00:00","dateModified":"2026-02-04T10:45:05+00:00","description":"M\u00e1y h\u00e0n t\u00fai Overwrap h\u00e0n t\u00fai bao ngo\u00e0i overwrap (t\u00fai overwrap l\u00e0m b\u1eb1ng nh\u1ef1a Teflon FEP film, ch\u1ecbu \u0111\u01b0\u1ee3c nhi\u1ec7t \u0111\u1ed9 d\u01b0\u1edbi -195\u00b0C).","breadcrumb":{"@id":"https:\/\/biogroupvietnam.com\/vi\/san-pham\/may-han-tui-overwrap\/#breadcrumb"},"inLanguage":"vi","potentialAction":[{"@type":"ReadAction","target":["https:\/\/biogroupvietnam.com\/vi\/san-pham\/may-han-tui-overwrap\/"]}]},{"@type":"ImageObject","inLanguage":"vi","@id":"https:\/\/biogroupvietnam.com\/vi\/san-pham\/may-han-tui-overwrap\/#primaryimage","url":"https:\/\/biogroupvietnam.com\/wp-content\/uploads\/2025\/08\/Overwrap-Sealing-System.jpg","contentUrl":"https:\/\/biogroupvietnam.com\/wp-content\/uploads\/2025\/08\/Overwrap-Sealing-System.jpg","width":1640,"height":1260},{"@type":"BreadcrumbList","@id":"https:\/\/biogroupvietnam.com\/vi\/san-pham\/may-han-tui-overwrap\/#breadcrumb","itemListElement":[{"@type":"ListItem","position":1,"name":"Trang ch\u1ee7","item":"https:\/\/biogroupvietnam.com\/vi\/"},{"@type":"ListItem","position":2,"name":"S\u1ea3n ph\u1ea9m","item":"https:\/\/biogroupvietnam.com\/vi\/san-pham\/"},{"@type":"ListItem","position":3,"name":"X\u1eed L\u00fd T\u1ebf B\u00e0o","item":"https:\/\/biogroupvietnam.com\/vi\/danh-muc-san-pham\/xu-ly-te-bao\/"},{"@type":"ListItem","position":4,"name":"Thi\u1ebft B\u1ecb &amp; V\u1eadt T\u01b0 H\u1ed7 Tr\u1ee3","item":"https:\/\/biogroupvietnam.com\/vi\/danh-muc-san-pham\/thiet-bi-vat-tu-ho-tro\/"},{"@type":"ListItem","position":5,"name":"M\u00e1y H\u00e0n T\u00fai Overwrap"}]},{"@type":"WebSite","@id":"https:\/\/biogroupvietnam.com\/vi\/#website","url":"https:\/\/biogroupvietnam.com\/vi\/","name":"Biogroup Vietnam","description":"Biogroup Vietnam cung c\u1ea5p d\u1ecbch v\u1ee5 k\u1ef9 thu\u1eadt c\u00f9ng thi\u1ebft b\u1ecb, v\u1eadt t\u01b0, h\u00f3a ch\u1ea5t v\u00e0 gi\u1ea3i ph\u00e1p sinh h\u1ecdc cho ph\u00f2ng th\u00ed nghi\u1ec7m c\u00f4ng ngh\u1ec7 sinh h\u1ecdc, y sinh v\u00e0 y h\u1ecdc t\u00e1i t\u1ea1o.","potentialAction":[{"@type":"SearchAction","target":{"@type":"EntryPoint","urlTemplate":"https:\/\/biogroupvietnam.com\/vi\/?s={search_term_string}"},"query-input":{"@type":"PropertyValueSpecification","valueRequired":true,"valueName":"search_term_string"}}],"inLanguage":"vi"}]}},"_links":{"self":[{"href":"https:\/\/biogroupvietnam.com\/vi\/wp-json\/wp\/v2\/product\/3690","targetHints":{"allow":["GET"]}}],"collection":[{"href":"https:\/\/biogroupvietnam.com\/vi\/wp-json\/wp\/v2\/product"}],"about":[{"href":"https:\/\/biogroupvietnam.com\/vi\/wp-json\/wp\/v2\/types\/product"}],"replies":[{"embeddable":true,"href":"https:\/\/biogroupvietnam.com\/vi\/wp-json\/wp\/v2\/comments?post=3690"}],"version-history":[{"count":6,"href":"https:\/\/biogroupvietnam.com\/vi\/wp-json\/wp\/v2\/product\/3690\/revisions"}],"predecessor-version":[{"id":9768,"href":"https:\/\/biogroupvietnam.com\/vi\/wp-json\/wp\/v2\/product\/3690\/revisions\/9768"}],"wp:featuredmedia":[{"embeddable":true,"href":"https:\/\/biogroupvietnam.com\/vi\/wp-json\/wp\/v2\/media\/9031"}],"wp:attachment":[{"href":"https:\/\/biogroupvietnam.com\/vi\/wp-json\/wp\/v2\/media?parent=3690"}],"wp:term":[{"taxonomy":"product_brand","embeddable":true,"href":"https:\/\/biogroupvietnam.com\/vi\/wp-json\/wp\/v2\/product_brand?post=3690"},{"taxonomy":"product_cat","embeddable":true,"href":"https:\/\/biogroupvietnam.com\/vi\/wp-json\/wp\/v2\/product_cat?post=3690"},{"taxonomy":"product_tag","embeddable":true,"href":"https:\/\/biogroupvietnam.com\/vi\/wp-json\/wp\/v2\/product_tag?post=3690"}],"curies":[{"name":"wp","href":"https:\/\/api.w.org\/{rel}","templated":true}]}}