{"id":3693,"date":"2025-08-18T19:52:20","date_gmt":"2025-08-18T12:52:20","guid":{"rendered":"http:\/\/biogroupvietnam-worldpress.local\/product\/import-placeholder-for-67\/"},"modified":"2025-11-12T18:41:39","modified_gmt":"2025-11-12T11:41:39","slug":"may-do-quang-pho-vi-the-tich-dung-cuvette-ezdrop-1000c","status":"publish","type":"product","link":"https:\/\/biogroupvietnam.com\/vi\/san-pham\/may-do-quang-pho-vi-the-tich-dung-cuvette-ezdrop-1000c\/","title":{"rendered":"M\u00e1y \u0110o Quang Ph\u1ed5 Vi Th\u1ec3 T\u00edch\/ D\u00f9ng Cuvette EzDrop 1000C"},"content":{"rendered":"<p><a href=\"https:\/\/www.blue-raybio.com\/en\/category\/product\/EzDrop-1000C-Micro-Volume-Cuvette-Spectrophotometer\" target=\"_blank\" rel=\"noopener noreferrer\"><span style=\"background-color: transparent; color: #1155cc; font-family: Arial,sans-serif; font-size: 12pt;\">M\u00e1y \u0111o quang ph\u1ed5 EzDrop 1000C<\/span><\/a><span style=\"background-color: transparent; color: #000000; font-family: Arial,sans-serif; font-size: 12pt;\"> \u00a0cung c\u1ea5p hai ch\u1ebf \u0111\u1ed9 \u0111o m\u1eabu vi th\u1ec3 t\u00edch v\u00e0 cuvettes.<\/span><\/p>\n<figure class=\"image image-style-block-align-left image_resized\" style=\"width: 65%;\"><img fetchpriority=\"high\" decoding=\"async\" style=\"aspect-ratio: 506\/304;\" src=\"https:\/\/biogroupvietnam.com\/uploads\/yaIDKXYvfYvojzTg41BhtHlJ2O4XoB4rkid4QSiU.png\" width=\"506\" height=\"304\" \/><\/figure>\n<h3><span style=\"background-color: transparent; color: #000000; font-family: Arial,sans-serif; font-size: 16pt;\"><strong>\u0110\u1eb7c \u0111i\u1ec3m n\u1ed5i b\u1eadt<\/strong><\/span><\/h3>\n<ul>\n<li><span style=\"background-color: transparent; color: #000000; font-family: Arial,sans-serif; font-size: 12pt;\">M\u00e1y \u0111o cung c\u1ea5p hai ch\u1ebf \u0111\u1ed9 cho ph\u00e9p \u0111o m\u1eabu vi th\u1ec3 t\u00edch v\u00e0 cuvettes, c\u00f9ng v\u1edbi m\u00e0n h\u00ecnh c\u1ea3m \u1ee9ng d\u1ec5 s\u1eed d\u1ee5ng. Nh\u1eefng t\u00ednh n\u0103ng n\u00e0y c\u1ed9ng l\u1ea1i \u0111\u1ec3 \u0111\u00e1p \u1ee9ng nhi\u1ec1u y\u00eau c\u1ea7u kh\u00e1c nhau trong \u0111\u1ecbnh l\u01b0\u1ee3ng axit nucleic v\u00e0 protein.<\/span><\/li>\n<li><span style=\"background-color: transparent; color: #000000; font-family: Arial,sans-serif; font-size: 12pt;\">EzDrop 1000C c\u00f3 th\u1ec3 s\u1eed d\u1ee5ng \u0111\u1ed9c l\u1eadp ho\u1eb7c k\u1ebft n\u1ed1i v\u1edbi PC \u0111\u1ec3 t\u0103ng t\u00ednh linh ho\u1ea1t trong qu\u00e1 tr\u00ecnh x\u1eed l\u00fd d\u1eef li\u1ec7u m\u1eabu.<\/span><\/li>\n<li><span style=\"background-color: transparent; color: #000000; font-family: Arial,sans-serif; font-size: 12pt;\">M\u00e0n h\u00ecnh c\u1ea3m \u1ee9ng 7 inch r\u1ea5t d\u1ec5 s\u1eed d\u1ee5ng v\u00e0 cho ph\u00e9p ph\u00e2n t\u00edch c\u00e1c m\u1eabu kh\u00e1c nhau ch\u1ec9 b\u1eb1ng m\u1ed9t n\u00fat ch\u1ea1m.<\/span><\/li>\n<li><span style=\"background-color: transparent; color: #000000; font-family: Arial,sans-serif; font-size: 12pt;\">Ph\u00e1t hi\u1ec7n to\u00e0n ph\u1ed5 \u0111\u1ed9ng 190-1000 nm.<\/span><\/li>\n<li><span style=\"background-color: transparent; color: #000000; font-family: Arial,sans-serif; font-size: 12pt;\">Ch\u1ebf \u0111\u1ed9 microvolume: ch\u1ec9 c\u1ea7n 1ul m\u1eabu. L\u1edbp ph\u1ee7 Nano ch\u1ed1ng th\u1ea5m n\u01b0\u1edbc tr\u00ean c\u1eeda s\u1ed5 m\u1eabu \u0111\u1ea3m b\u1ea3o vi\u1ec7c t\u1ea1o th\u00e0nh c\u1ed9t m\u1eabu, cho k\u1ebft qu\u1ea3 ch\u00ednh x\u00e1c cao.<\/span><\/li>\n<li><span style=\"background-color: transparent; color: #000000; font-family: Arial,sans-serif; font-size: 12pt;\">Ch\u1ebf \u0111\u1ed9 Cuvette: EZDrop 1000C c\u00f3 ch\u1ebf \u0111\u1ed9 ki\u1ec3m so\u00e1t nhi\u1ec7t \u0111\u1ed9 37 &#8211; 45\u00b0C v\u00e0 c\u00e1c ch\u1ee9c n\u0103ng khu\u1ea5y \u0111\u1ec3 \u0111\u00e1p \u1ee9ng c\u00e1c \u1ee9ng d\u1ee5ng chuy\u00ean bi\u1ec7t.<\/span><\/li>\n<\/ul>\n<h3><span style=\"background-color: transparent; color: #000000; font-family: Arial,sans-serif; font-size: 16pt;\"><strong>\u1ee8ng d\u1ee5ng<\/strong><\/span><\/h3>\n<ul>\n<li><span style=\"background-color: transparent; color: #000000; font-family: Arial,sans-serif; font-size: 12pt;\">\u0110\u1ecbnh l\u01b0\u1ee3ng m\u1eabu g\u1ed3m:\u00a0<\/span>\n<ul>\n<li><span style=\"background-color: transparent; color: #000000; font-family: Arial,sans-serif; font-size: 12pt;\">Ph\u00e2n t\u00edch axit nucleic v\u00e0 protein<\/span><\/li>\n<li><span style=\"background-color: transparent; color: #000000; font-family: Arial,sans-serif; font-size: 12pt;\">\u0110o OD600<\/span><\/li>\n<li><span style=\"background-color: transparent; color: #000000; font-family: Arial,sans-serif; font-size: 12pt;\">Ph\u00e2n t\u00edch microarray v\u00e0 protein \u0111\u01b0\u1ee3c \u0111\u00e1nh d\u1ea5u<\/span><\/li>\n<li><span style=\"background-color: transparent; color: #000000; font-family: Arial,sans-serif; font-size: 12pt;\">\u0110\u1ed9ng h\u1ecdc<\/span><\/li>\n<li><span style=\"background-color: transparent; color: #000000; font-family: Arial,sans-serif; font-size: 12pt;\">Qu\u00e9t to\u00e0n b\u1ed9 ph\u1ed5<\/span><\/li>\n<\/ul>\n<\/li>\n<\/ul>\n","protected":false},"excerpt":{"rendered":"<p>M\u00e1y \u0111o quang ph\u1ed5 EzDrop 1000C \u00a0cung c\u1ea5p hai ch\u1ebf \u0111\u1ed9 \u0111o m\u1eabu vi th\u1ec3 t\u00edch v\u00e0 cuvettes. \u0110\u1eb7c \u0111i\u1ec3m n\u1ed5i b\u1eadt M\u00e1y \u0111o cung c\u1ea5p hai ch\u1ebf \u0111\u1ed9 cho ph\u00e9p \u0111o m\u1eabu vi th\u1ec3 t\u00edch v\u00e0 cuvettes, c\u00f9ng v\u1edbi m\u00e0n h\u00ecnh c\u1ea3m \u1ee9ng d\u1ec5 s\u1eed d\u1ee5ng. Nh\u1eefng t\u00ednh n\u0103ng n\u00e0y c\u1ed9ng l\u1ea1i \u0111\u1ec3 \u0111\u00e1p<\/p>\n<div class=\"klb-readmore post-buttons\"><a class=\"button rounded primary\" href=\"https:\/\/biogroupvietnam.com\/vi\/san-pham\/may-do-quang-pho-vi-the-tich-dung-cuvette-ezdrop-1000c\/\">Read More <i class=\"klbth-icon-right-arrow\"><\/i><\/a><\/div>\n","protected":false},"featured_media":8915,"comment_status":"closed","ping_status":"closed","template":"","meta":{"_acf_changed":false},"product_brand":[135],"product_cat":[116],"product_tag":[],"class_list":{"0":"post-3693","1":"product","2":"type-product","3":"status-publish","4":"has-post-thumbnail","6":"product_brand-blue-ray-biotech","7":"product_cat-sinh-hoc-phan-tu","9":"first","10":"outofstock","11":"shipping-taxable","12":"product-type-simple"},"acf":[],"yoast_head":"<!-- This site is optimized with the Yoast SEO plugin v26.8 - https:\/\/yoast.com\/product\/yoast-seo-wordpress\/ -->\n<title>M\u00e1y \u0110o Quang Ph\u1ed5 Vi Th\u1ec3 T\u00edch\/ D\u00f9ng Cuvette EzDrop 1000C<\/title>\n<meta name=\"description\" content=\"M\u00e1y \u0111o quang ph\u1ed5 EzDrop 1000C cung c\u1ea5p hai ch\u1ebf \u0111\u1ed9 \u0111o m\u1eabu vi th\u1ec3 t\u00edch v\u00e0\u00a0cuvettes.\" \/>\n<meta name=\"robots\" content=\"index, follow, max-snippet:-1, max-image-preview:large, max-video-preview:-1\" \/>\n<link rel=\"canonical\" href=\"https:\/\/biogroupvietnam.com\/vi\/san-pham\/may-do-quang-pho-vi-the-tich-dung-cuvette-ezdrop-1000c\/\" \/>\n<meta property=\"og:locale\" content=\"vi_VN\" \/>\n<meta property=\"og:type\" content=\"article\" \/>\n<meta property=\"og:title\" content=\"M\u00e1y \u0110o Quang Ph\u1ed5 Vi Th\u1ec3 T\u00edch\/ D\u00f9ng Cuvette EzDrop 1000C\" \/>\n<meta property=\"og:description\" content=\"M\u00e1y \u0111o quang ph\u1ed5 EzDrop 1000C cung c\u1ea5p hai ch\u1ebf \u0111\u1ed9 \u0111o m\u1eabu vi th\u1ec3 t\u00edch v\u00e0\u00a0cuvettes.\" \/>\n<meta property=\"og:url\" content=\"https:\/\/biogroupvietnam.com\/vi\/san-pham\/may-do-quang-pho-vi-the-tich-dung-cuvette-ezdrop-1000c\/\" \/>\n<meta property=\"og:site_name\" content=\"Biogroup Vietnam\" \/>\n<meta property=\"article:modified_time\" content=\"2025-11-12T11:41:39+00:00\" \/>\n<meta property=\"og:image\" content=\"https:\/\/biogroupvietnam.com\/wp-content\/uploads\/2025\/08\/EzDrop-1000C.jpg\" \/>\n\t<meta property=\"og:image:width\" content=\"1640\" \/>\n\t<meta property=\"og:image:height\" content=\"1260\" \/>\n\t<meta property=\"og:image:type\" content=\"image\/jpeg\" \/>\n<meta name=\"twitter:card\" content=\"summary_large_image\" \/>\n<meta name=\"twitter:label1\" content=\"\u01af\u1edbc t\u00ednh th\u1eddi gian \u0111\u1ecdc\" \/>\n\t<meta name=\"twitter:data1\" content=\"2 ph\u00fat\" \/>\n<script type=\"application\/ld+json\" class=\"yoast-schema-graph\">{\"@context\":\"https:\/\/schema.org\",\"@graph\":[{\"@type\":\"WebPage\",\"@id\":\"https:\/\/biogroupvietnam.com\/vi\/san-pham\/may-do-quang-pho-vi-the-tich-dung-cuvette-ezdrop-1000c\/\",\"url\":\"https:\/\/biogroupvietnam.com\/vi\/san-pham\/may-do-quang-pho-vi-the-tich-dung-cuvette-ezdrop-1000c\/\",\"name\":\"M\u00e1y \u0110o Quang Ph\u1ed5 Vi Th\u1ec3 T\u00edch\/ D\u00f9ng Cuvette EzDrop 1000C\",\"isPartOf\":{\"@id\":\"https:\/\/biogroupvietnam.com\/vi\/#website\"},\"primaryImageOfPage\":{\"@id\":\"https:\/\/biogroupvietnam.com\/vi\/san-pham\/may-do-quang-pho-vi-the-tich-dung-cuvette-ezdrop-1000c\/#primaryimage\"},\"image\":{\"@id\":\"https:\/\/biogroupvietnam.com\/vi\/san-pham\/may-do-quang-pho-vi-the-tich-dung-cuvette-ezdrop-1000c\/#primaryimage\"},\"thumbnailUrl\":\"https:\/\/biogroupvietnam.com\/wp-content\/uploads\/2025\/08\/EzDrop-1000C.jpg\",\"datePublished\":\"2025-08-18T12:52:20+00:00\",\"dateModified\":\"2025-11-12T11:41:39+00:00\",\"description\":\"M\u00e1y \u0111o quang ph\u1ed5 EzDrop 1000C cung c\u1ea5p hai ch\u1ebf \u0111\u1ed9 \u0111o m\u1eabu vi th\u1ec3 t\u00edch v\u00e0\u00a0cuvettes.\",\"breadcrumb\":{\"@id\":\"https:\/\/biogroupvietnam.com\/vi\/san-pham\/may-do-quang-pho-vi-the-tich-dung-cuvette-ezdrop-1000c\/#breadcrumb\"},\"inLanguage\":\"vi\",\"potentialAction\":[{\"@type\":\"ReadAction\",\"target\":[\"https:\/\/biogroupvietnam.com\/vi\/san-pham\/may-do-quang-pho-vi-the-tich-dung-cuvette-ezdrop-1000c\/\"]}]},{\"@type\":\"ImageObject\",\"inLanguage\":\"vi\",\"@id\":\"https:\/\/biogroupvietnam.com\/vi\/san-pham\/may-do-quang-pho-vi-the-tich-dung-cuvette-ezdrop-1000c\/#primaryimage\",\"url\":\"https:\/\/biogroupvietnam.com\/wp-content\/uploads\/2025\/08\/EzDrop-1000C.jpg\",\"contentUrl\":\"https:\/\/biogroupvietnam.com\/wp-content\/uploads\/2025\/08\/EzDrop-1000C.jpg\",\"width\":1640,\"height\":1260},{\"@type\":\"BreadcrumbList\",\"@id\":\"https:\/\/biogroupvietnam.com\/vi\/san-pham\/may-do-quang-pho-vi-the-tich-dung-cuvette-ezdrop-1000c\/#breadcrumb\",\"itemListElement\":[{\"@type\":\"ListItem\",\"position\":1,\"name\":\"Trang ch\u1ee7\",\"item\":\"https:\/\/biogroupvietnam.com\/vi\/\"},{\"@type\":\"ListItem\",\"position\":2,\"name\":\"S\u1ea3n ph\u1ea9m\",\"item\":\"https:\/\/biogroupvietnam.com\/vi\/san-pham\/\"},{\"@type\":\"ListItem\",\"position\":3,\"name\":\"R&amp;D Sinh H\u1ecdc\",\"item\":\"https:\/\/biogroupvietnam.com\/vi\/danh-muc-san-pham\/rd-sinh-hoc\/\"},{\"@type\":\"ListItem\",\"position\":4,\"name\":\"Sinh H\u1ecdc Ph\u00e2n T\u1eed\",\"item\":\"https:\/\/biogroupvietnam.com\/vi\/danh-muc-san-pham\/sinh-hoc-phan-tu\/\"},{\"@type\":\"ListItem\",\"position\":5,\"name\":\"M\u00e1y \u0110o Quang Ph\u1ed5 Vi Th\u1ec3 T\u00edch\/ D\u00f9ng Cuvette EzDrop 1000C\"}]},{\"@type\":\"WebSite\",\"@id\":\"https:\/\/biogroupvietnam.com\/vi\/#website\",\"url\":\"https:\/\/biogroupvietnam.com\/vi\/\",\"name\":\"Biogroup Vietnam\",\"description\":\"Biogroup Vietnam cung c\u1ea5p d\u1ecbch v\u1ee5 k\u1ef9 thu\u1eadt c\u00f9ng thi\u1ebft b\u1ecb, v\u1eadt t\u01b0, h\u00f3a ch\u1ea5t v\u00e0 gi\u1ea3i ph\u00e1p sinh h\u1ecdc cho ph\u00f2ng th\u00ed nghi\u1ec7m c\u00f4ng ngh\u1ec7 sinh h\u1ecdc, y sinh v\u00e0 y h\u1ecdc t\u00e1i t\u1ea1o.\",\"potentialAction\":[{\"@type\":\"SearchAction\",\"target\":{\"@type\":\"EntryPoint\",\"urlTemplate\":\"https:\/\/biogroupvietnam.com\/vi\/?s={search_term_string}\"},\"query-input\":{\"@type\":\"PropertyValueSpecification\",\"valueRequired\":true,\"valueName\":\"search_term_string\"}}],\"inLanguage\":\"vi\"}]}<\/script>\n<!-- \/ Yoast SEO plugin. -->","yoast_head_json":{"title":"M\u00e1y \u0110o Quang Ph\u1ed5 Vi Th\u1ec3 T\u00edch\/ D\u00f9ng Cuvette EzDrop 1000C","description":"M\u00e1y \u0111o quang ph\u1ed5 EzDrop 1000C cung c\u1ea5p hai ch\u1ebf \u0111\u1ed9 \u0111o m\u1eabu vi th\u1ec3 t\u00edch v\u00e0\u00a0cuvettes.","robots":{"index":"index","follow":"follow","max-snippet":"max-snippet:-1","max-image-preview":"max-image-preview:large","max-video-preview":"max-video-preview:-1"},"canonical":"https:\/\/biogroupvietnam.com\/vi\/san-pham\/may-do-quang-pho-vi-the-tich-dung-cuvette-ezdrop-1000c\/","og_locale":"vi_VN","og_type":"article","og_title":"M\u00e1y \u0110o Quang Ph\u1ed5 Vi Th\u1ec3 T\u00edch\/ D\u00f9ng Cuvette EzDrop 1000C","og_description":"M\u00e1y \u0111o quang ph\u1ed5 EzDrop 1000C cung c\u1ea5p hai ch\u1ebf \u0111\u1ed9 \u0111o m\u1eabu vi th\u1ec3 t\u00edch v\u00e0\u00a0cuvettes.","og_url":"https:\/\/biogroupvietnam.com\/vi\/san-pham\/may-do-quang-pho-vi-the-tich-dung-cuvette-ezdrop-1000c\/","og_site_name":"Biogroup Vietnam","article_modified_time":"2025-11-12T11:41:39+00:00","og_image":[{"width":1640,"height":1260,"url":"https:\/\/biogroupvietnam.com\/wp-content\/uploads\/2025\/08\/EzDrop-1000C.jpg","type":"image\/jpeg"}],"twitter_card":"summary_large_image","twitter_misc":{"\u01af\u1edbc t\u00ednh th\u1eddi gian \u0111\u1ecdc":"2 ph\u00fat"},"schema":{"@context":"https:\/\/schema.org","@graph":[{"@type":"WebPage","@id":"https:\/\/biogroupvietnam.com\/vi\/san-pham\/may-do-quang-pho-vi-the-tich-dung-cuvette-ezdrop-1000c\/","url":"https:\/\/biogroupvietnam.com\/vi\/san-pham\/may-do-quang-pho-vi-the-tich-dung-cuvette-ezdrop-1000c\/","name":"M\u00e1y \u0110o Quang Ph\u1ed5 Vi Th\u1ec3 T\u00edch\/ D\u00f9ng Cuvette EzDrop 1000C","isPartOf":{"@id":"https:\/\/biogroupvietnam.com\/vi\/#website"},"primaryImageOfPage":{"@id":"https:\/\/biogroupvietnam.com\/vi\/san-pham\/may-do-quang-pho-vi-the-tich-dung-cuvette-ezdrop-1000c\/#primaryimage"},"image":{"@id":"https:\/\/biogroupvietnam.com\/vi\/san-pham\/may-do-quang-pho-vi-the-tich-dung-cuvette-ezdrop-1000c\/#primaryimage"},"thumbnailUrl":"https:\/\/biogroupvietnam.com\/wp-content\/uploads\/2025\/08\/EzDrop-1000C.jpg","datePublished":"2025-08-18T12:52:20+00:00","dateModified":"2025-11-12T11:41:39+00:00","description":"M\u00e1y \u0111o quang ph\u1ed5 EzDrop 1000C cung c\u1ea5p hai ch\u1ebf \u0111\u1ed9 \u0111o m\u1eabu vi th\u1ec3 t\u00edch v\u00e0\u00a0cuvettes.","breadcrumb":{"@id":"https:\/\/biogroupvietnam.com\/vi\/san-pham\/may-do-quang-pho-vi-the-tich-dung-cuvette-ezdrop-1000c\/#breadcrumb"},"inLanguage":"vi","potentialAction":[{"@type":"ReadAction","target":["https:\/\/biogroupvietnam.com\/vi\/san-pham\/may-do-quang-pho-vi-the-tich-dung-cuvette-ezdrop-1000c\/"]}]},{"@type":"ImageObject","inLanguage":"vi","@id":"https:\/\/biogroupvietnam.com\/vi\/san-pham\/may-do-quang-pho-vi-the-tich-dung-cuvette-ezdrop-1000c\/#primaryimage","url":"https:\/\/biogroupvietnam.com\/wp-content\/uploads\/2025\/08\/EzDrop-1000C.jpg","contentUrl":"https:\/\/biogroupvietnam.com\/wp-content\/uploads\/2025\/08\/EzDrop-1000C.jpg","width":1640,"height":1260},{"@type":"BreadcrumbList","@id":"https:\/\/biogroupvietnam.com\/vi\/san-pham\/may-do-quang-pho-vi-the-tich-dung-cuvette-ezdrop-1000c\/#breadcrumb","itemListElement":[{"@type":"ListItem","position":1,"name":"Trang ch\u1ee7","item":"https:\/\/biogroupvietnam.com\/vi\/"},{"@type":"ListItem","position":2,"name":"S\u1ea3n ph\u1ea9m","item":"https:\/\/biogroupvietnam.com\/vi\/san-pham\/"},{"@type":"ListItem","position":3,"name":"R&amp;D Sinh H\u1ecdc","item":"https:\/\/biogroupvietnam.com\/vi\/danh-muc-san-pham\/rd-sinh-hoc\/"},{"@type":"ListItem","position":4,"name":"Sinh H\u1ecdc Ph\u00e2n T\u1eed","item":"https:\/\/biogroupvietnam.com\/vi\/danh-muc-san-pham\/sinh-hoc-phan-tu\/"},{"@type":"ListItem","position":5,"name":"M\u00e1y \u0110o Quang Ph\u1ed5 Vi Th\u1ec3 T\u00edch\/ D\u00f9ng Cuvette EzDrop 1000C"}]},{"@type":"WebSite","@id":"https:\/\/biogroupvietnam.com\/vi\/#website","url":"https:\/\/biogroupvietnam.com\/vi\/","name":"Biogroup Vietnam","description":"Biogroup Vietnam cung c\u1ea5p d\u1ecbch v\u1ee5 k\u1ef9 thu\u1eadt c\u00f9ng thi\u1ebft b\u1ecb, v\u1eadt t\u01b0, h\u00f3a ch\u1ea5t v\u00e0 gi\u1ea3i ph\u00e1p sinh h\u1ecdc cho ph\u00f2ng th\u00ed nghi\u1ec7m c\u00f4ng ngh\u1ec7 sinh h\u1ecdc, y sinh v\u00e0 y h\u1ecdc t\u00e1i t\u1ea1o.","potentialAction":[{"@type":"SearchAction","target":{"@type":"EntryPoint","urlTemplate":"https:\/\/biogroupvietnam.com\/vi\/?s={search_term_string}"},"query-input":{"@type":"PropertyValueSpecification","valueRequired":true,"valueName":"search_term_string"}}],"inLanguage":"vi"}]}},"_links":{"self":[{"href":"https:\/\/biogroupvietnam.com\/vi\/wp-json\/wp\/v2\/product\/3693","targetHints":{"allow":["GET"]}}],"collection":[{"href":"https:\/\/biogroupvietnam.com\/vi\/wp-json\/wp\/v2\/product"}],"about":[{"href":"https:\/\/biogroupvietnam.com\/vi\/wp-json\/wp\/v2\/types\/product"}],"replies":[{"embeddable":true,"href":"https:\/\/biogroupvietnam.com\/vi\/wp-json\/wp\/v2\/comments?post=3693"}],"version-history":[{"count":4,"href":"https:\/\/biogroupvietnam.com\/vi\/wp-json\/wp\/v2\/product\/3693\/revisions"}],"predecessor-version":[{"id":8924,"href":"https:\/\/biogroupvietnam.com\/vi\/wp-json\/wp\/v2\/product\/3693\/revisions\/8924"}],"wp:featuredmedia":[{"embeddable":true,"href":"https:\/\/biogroupvietnam.com\/vi\/wp-json\/wp\/v2\/media\/8915"}],"wp:attachment":[{"href":"https:\/\/biogroupvietnam.com\/vi\/wp-json\/wp\/v2\/media?parent=3693"}],"wp:term":[{"taxonomy":"product_brand","embeddable":true,"href":"https:\/\/biogroupvietnam.com\/vi\/wp-json\/wp\/v2\/product_brand?post=3693"},{"taxonomy":"product_cat","embeddable":true,"href":"https:\/\/biogroupvietnam.com\/vi\/wp-json\/wp\/v2\/product_cat?post=3693"},{"taxonomy":"product_tag","embeddable":true,"href":"https:\/\/biogroupvietnam.com\/vi\/wp-json\/wp\/v2\/product_tag?post=3693"}],"curies":[{"name":"wp","href":"https:\/\/api.w.org\/{rel}","templated":true}]}}