{"id":3694,"date":"2025-08-18T19:52:20","date_gmt":"2025-08-18T12:52:20","guid":{"rendered":"http:\/\/biogroupvietnam-worldpress.local\/product\/import-placeholder-for-68\/"},"modified":"2025-11-18T09:24:14","modified_gmt":"2025-11-18T02:24:14","slug":"mo-dun-ha-nhiet-theo-chuong-trinh","status":"publish","type":"product","link":"https:\/\/biogroupvietnam.com\/vi\/san-pham\/mo-dun-ha-nhiet-theo-chuong-trinh\/","title":{"rendered":"M\u00f4-\u0111un H\u1ea1 Nhi\u1ec7t \u0110\u1ed9 Theo Ch\u01b0\u01a1ng Tr\u00ecnh (CRF)"},"content":{"rendered":"<h2>M\u00f4-\u0111un h\u1ea1 nhi\u1ec7t \u0111\u1ed9 theo ch\u01b0\u01a1ng tr\u00ecnh (CRF &#8211; Controlled-Rate Freezer)\u00a0\u0111\u01b0\u1ee3c thi\u1ebft k\u1ebf b\u1edfi h\u00e3ng Thermogenesis (M\u1ef9) \u0111\u1ec3\u00a0d\u00f9ng chung (t\u00edch h\u1ee3p) v\u1edbi h\u1ec7 th\u1ed1ng BioArchive\u00ae\u00a0l\u01b0u tr\u1eef t\u1ebf b\u00e0o g\u1ed1c t\u1ef1 \u0111\u1ed9ng ho\u00e0n to\u00e0n.<\/h2>\n<h3><strong>\u0110\u1eb7c \u0111i\u1ec3m c\u1ee7a m\u00f4-\u0111un h\u1ea1 nhi\u1ec7t \u0111\u1ed9 theo ch\u01b0\u01a1ng tr\u00ecnh:<\/strong><\/h3>\n<ul>\n<li>\u0110\u01b0\u1ee3c t\u00edch h\u1ee3p b\u00ean trong h\u1ec7 th\u1ed1ng BioArchive.<\/li>\n<li>M\u1ed7i m\u00f4-\u0111un\u00a0CRF ch\u1ec9 th\u1ef1c hi\u1ec7n h\u1ea1 nhi\u1ec7t \u0111\u1ed9 theo ch\u01b0\u01a1ng tr\u00ecnh 1 m\u1eabu t\u1ebf b\u00e0o g\u1ed1c\/l\u1ea7n.<\/li>\n<li>C\u00f3 th\u1ec3 s\u1eed d\u1ee5ng 2 m\u00f4-\u0111un\u00a0CRF \u0111i\u1ec1u khi\u1ec3n h\u1ea1 nhi\u1ec7t \u0111\u1ed9 m\u1eabu t\u1ebf b\u00e0o g\u1ed1c c\u00f9ng l\u00fac trong h\u1ec7 th\u1ed1ng BioArchive.<\/li>\n<\/ul>\n<h3><strong>Quy tr\u00ecnh h\u1ea1 nhi\u1ec7t \u0111\u1ed9 m\u1eabu\u00a0tu\u00e2n theo l\u1eadp tr\u00ecnh h\u1ea1 nhi\u1ec7t \u0111\u1ed9 \u0111\u00e3 \u0111\u01b0\u1ee3c x\u00e1c \u0111\u1ecbnh tr\u01b0\u1edbc b\u1edfi ng\u01b0\u1eddi s\u1eed d\u1ee5ng<\/strong><\/h3>\n<p>M\u1ed9t l\u1eadp tr\u00ecnh \u0111\u00f4ng l\u1ea1nh m\u1eabu bao g\u1ed3m ba pha (h\u00ecnh 1):<\/p>\n<ul>\n<li><strong>Pha ti\u1ec1n \u0111\u00f4ng l\u1ea1nh (Pre-freeze region)<\/strong>: Pha ti\u1ec1n \u0111\u00f4ng l\u1ea1nh l\u00e0 pha m\u00e0 nhi\u1ec7t \u0111\u1ed9 c\u1ee7a m\u1eabu (specimen) tr\u00ean \u0111i\u1ec3m \u0111\u00f4ng (freezing point) (kho\u1ea3ng -10 \u00b0C, t\u00f9y thu\u1ed9c v\u00e0o l\u01b0\u1ee3ng v\u00e0 lo\u1ea1i dung d\u1ecbch b\u1ea3o qu\u1ea3n l\u1ea1nh \u0111\u01b0\u1ee3c d\u00f9ng).<\/li>\n<li><strong>Pha \u0111\u00f4ng l\u1ea1nh (Freeze region)<\/strong>: Pha \u0111\u00f4ng l\u1ea1nh l\u00e0 pha m\u00e0 m\u1eabu t\u1ebf b\u00e0o gi\u1ea3i ph\u00f3ng nhi\u1ec7t ti\u1ec1m \u1ea9n (latent heat) (\u0111\u00f4ng l\u1ea1nh). \u1ede pha n\u00e0y, nhi\u1ec7t \u0111\u1ed9 c\u1ee7a m\u1eabu \u00edt thay \u0111\u1ed5i ho\u1eb7c nhi\u1ec7t \u0111\u1ed9 c\u00f3 th\u1ec3 gi\u1ea3m v\u00e0 sau \u0111\u00f3 t\u0103ng l\u00ean tr\u01b0\u1edbc khi gi\u1ea3m tr\u1edf l\u1ea1i (do l\u00e0m l\u1ea1nh si\u00eau t\u1ed1c). V\u00ec nhi\u1ec7t \u0111\u1ed9 c\u1ee7a m\u1eabu v\u1eadt trong qu\u00e1 tr\u00ecnh \u0111\u00f4ng l\u1ea1nh l\u00e0 t\u01b0\u01a1ng \u0111\u1ed1i \u1ed5n \u0111\u1ecbnh, t\u1ed1c \u0111\u1ed9 lo\u1ea1i b\u1ecf nhi\u1ec7t trong qu\u00e1 tr\u00ecnh \u0111\u00f4ng l\u1ea1nh c\u1ee7a h\u1ec7 th\u1ed1ng BioArchive \u0111\u01b0\u1ee3c bi\u1ec3u th\u1ecb l\u00e0 t\u1ef7 l\u1ec7 ph\u1ea7n tr\u0103m c\u1ee7a c\u00f4ng su\u1ea5t qu\u1ea1t t\u1ed1i \u0111a, ho\u1eb7c &#8220;% c\u00f4ng su\u1ea5t&#8221;.<\/li>\n<li><strong>Pha sau \u0111\u00f4ng l\u1ea1nh (Post-freeze region):<\/strong> Pha sau \u0111\u00f4ng l\u1ea1nh l\u00e0 pha c\u00f3 nhi\u1ec7t \u0111\u1ed9 c\u1ee7a m\u1eabu d\u01b0\u1edbi \u0111i\u1ec3m \u0111\u00f4ng (freezing point). L\u1eadp tr\u00ecnh \u0111\u00f4ng l\u1ea1nh m\u1eabu (\u0111\u00f4ng l\u1ea1nh m\u1eabu) \u0111\u01b0\u1ee3c th\u1ec3 hi\u1ec7n \u1edf h\u00ecnh 3. \u1ede pha tr\u01b0\u1edbc v\u00e0 sau \u0111\u00f4ng l\u1ea1nh, nhi\u1ec7t \u0111\u1ed9 th\u1ef1c t\u1ebf c\u1ee7a m\u1eabu \u0111\u01b0\u1ee3c so s\u00e1nh v\u1edbi nhi\u1ec7t \u0111\u1ed9 d\u1ef1 ki\u1ebfn t\u1ea1i th\u1eddi \u0111i\u1ec3m tr\u00ean l\u1eadp tr\u00ecnh \u0111\u00f4ng l\u1ea1nh m\u1eabu. Qu\u1ea1t \u0111\u01b0\u1ee3c c\u1ea5p \u0111i\u1ec7n v\u1edbi t\u1ed1c \u0111\u1ed9 cao h\u01a1n \u0111\u1ec3 l\u00e0m l\u1ea1nh m\u1eabu b\u1ea5t c\u1ee9 khi n\u00e0o nhi\u1ec7t \u0111\u1ed9 th\u1ef1c t\u1ebf cao h\u01a1n nhi\u1ec7t \u0111\u1ed9 d\u1ef1 ki\u1ebfn. \u1ede pha \u0111\u00f4ng l\u1ea1nh, qu\u1ea1t \u0111\u01b0\u1ee3c k\u00edch ho\u1ea1t \u1edf c\u00e0i \u0111\u1eb7t \u201c% c\u00f4ng su\u1ea5t\u201d \u0111\u01b0\u1ee3c bi\u1ec3u th\u1ecb trong l\u1eadp tr\u00ecnh \u0111\u00f4ng l\u1ea1nh m\u1eabu (freeze profile).<\/li>\n<\/ul>\n<p style=\"text-align: center;\"><img fetchpriority=\"high\" decoding=\"async\" src=\"https:\/\/biogroupvietnam.com\/uploads\/XCzGjVPzoO3fYtzb32phkJkCdnflFWhyrcnQWm4B.png\" alt=\"\" width=\"610\" height=\"447\" \/><\/p>\n<p><i>H\u00ecnh 1: V\u00ed d\u1ee5 v\u1ec1 bi\u1ec3u \u0111\u1ed3 h\u1ea1 nhi\u1ec7t theo ch\u01b0\u01a1ng tr\u00ecnh (Freeze profile).<\/i><\/p>\n<h3><strong>L\u1eadp tr\u00ecnh m\u1eabu h\u1ea1 nhi\u1ec7t theo ch\u01b0\u01a1ng tr\u00ecnh\u00a0s\u1eed d\u1ee5ng m\u00f4-\u0111un CRF (Recommended Freezing Profile) \u0111\u01b0\u1ee3c khuy\u1ebfn ngh\u1ecb b\u1edfi Thermogenesis (M\u1ef9)<\/strong><\/h3>\n<h3 style=\"text-align: center;\"><img decoding=\"async\" src=\"https:\/\/biogroupvietnam.com\/uploads\/UD5bDPLIXlJAKAi3ih89JVBP9miK9N7mFg4fgmIE.png\" alt=\"\" width=\"611\" height=\"97\" \/><\/h3>\n<p><i>H\u00ecnh 2: L\u1eadp tr\u00ecnh \u0111\u00f4ng l\u1ea1nh m\u1eabu s\u1eed d\u1ee5ng m\u00f4-\u0111un CRF (Recommended Freezing Profile) \u0111\u01b0\u1ee3c th\u1ef1c hi\u1ec7n b\u1edfi \u201cTS. Ludy Dobrila, Ph\u00f3 gi\u00e1m \u0111\u1ed1c ch\u01b0\u01a1ng tr\u00ecnh \u201cNational Cord Blood Program\u201d t\u1ea1i trung t\u00e2m huy\u1ebft h\u1ecdc New York v\u00e0 \u0111\u01b0\u1ee3c khuy\u1ebfn c\u00e1o b\u1edfi Thermogenesis (M\u1ef9).<\/i><\/p>\n","protected":false},"excerpt":{"rendered":"<p>M\u00f4-\u0111un h\u1ea1 nhi\u1ec7t \u0111\u1ed9 theo ch\u01b0\u01a1ng tr\u00ecnh (CRF &#8211; Controlled-Rate Freezer)\u00a0\u0111\u01b0\u1ee3c thi\u1ebft k\u1ebf b\u1edfi h\u00e3ng Thermogenesis (M\u1ef9) \u0111\u1ec3\u00a0d\u00f9ng chung (t\u00edch h\u1ee3p) v\u1edbi h\u1ec7 th\u1ed1ng BioArchive\u00ae\u00a0l\u01b0u tr\u1eef t\u1ebf b\u00e0o g\u1ed1c t\u1ef1 \u0111\u1ed9ng ho\u00e0n to\u00e0n. \u0110\u1eb7c \u0111i\u1ec3m c\u1ee7a m\u00f4-\u0111un h\u1ea1 nhi\u1ec7t \u0111\u1ed9 theo ch\u01b0\u01a1ng tr\u00ecnh: \u0110\u01b0\u1ee3c t\u00edch h\u1ee3p b\u00ean trong h\u1ec7 th\u1ed1ng BioArchive. M\u1ed7i m\u00f4-\u0111un\u00a0CRF ch\u1ec9 th\u1ef1c<\/p>\n<div class=\"klb-readmore post-buttons\"><a class=\"button rounded primary\" href=\"https:\/\/biogroupvietnam.com\/vi\/san-pham\/mo-dun-ha-nhiet-theo-chuong-trinh\/\">Read More <i class=\"klbth-icon-right-arrow\"><\/i><\/a><\/div>\n","protected":false},"featured_media":9032,"comment_status":"closed","ping_status":"closed","template":"","meta":{"_acf_changed":false},"product_brand":[80],"product_cat":[99],"product_tag":[],"class_list":{"0":"post-3694","1":"product","2":"type-product","3":"status-publish","4":"has-post-thumbnail","6":"product_brand-thermogenesis","7":"product_cat-he-thong-bioarchive","9":"first","10":"outofstock","11":"shipping-taxable","12":"product-type-simple"},"acf":[],"yoast_head":"<!-- This site is optimized with the Yoast SEO plugin v26.8 - https:\/\/yoast.com\/product\/yoast-seo-wordpress\/ -->\n<title>M\u00f4-\u0111un H\u1ea1 Nhi\u1ec7t \u0110\u1ed9 Theo Ch\u01b0\u01a1ng Tr\u00ecnh (CRF)<\/title>\n<meta name=\"description\" content=\"M\u00f4-\u0111un h\u1ea1 nhi\u1ec7t \u0111\u1ed9 theo ch\u01b0\u01a1ng tr\u00ecnh (CRF - Controlled-Rate Freezer)\u00a0\u0111\u01b0\u1ee3c thi\u1ebft k\u1ebf b\u1edfi h\u00e3ng Thermogenesis (M\u1ef9) \u0111\u1ec3\u00a0d\u00f9ng chung (t\u00edch h\u1ee3p) v\u1edbi h\u1ec7 th\u1ed1ng BioArchive\u00ae\u00a0l\u01b0u tr\u1eef t\u1ebf b\u00e0o g\u1ed1c t\u1ef1 \u0111\u1ed9ng ho\u00e0n to\u00e0n.\" \/>\n<meta name=\"robots\" content=\"index, follow, max-snippet:-1, max-image-preview:large, max-video-preview:-1\" \/>\n<link rel=\"canonical\" href=\"https:\/\/biogroupvietnam.com\/vi\/san-pham\/mo-dun-ha-nhiet-theo-chuong-trinh\/\" \/>\n<meta property=\"og:locale\" content=\"vi_VN\" \/>\n<meta property=\"og:type\" content=\"article\" \/>\n<meta property=\"og:title\" content=\"M\u00f4-\u0111un H\u1ea1 Nhi\u1ec7t \u0110\u1ed9 Theo Ch\u01b0\u01a1ng Tr\u00ecnh (CRF)\" \/>\n<meta property=\"og:description\" content=\"M\u00f4-\u0111un h\u1ea1 nhi\u1ec7t \u0111\u1ed9 theo ch\u01b0\u01a1ng tr\u00ecnh (CRF - Controlled-Rate Freezer)\u00a0\u0111\u01b0\u1ee3c thi\u1ebft k\u1ebf b\u1edfi h\u00e3ng Thermogenesis (M\u1ef9) \u0111\u1ec3\u00a0d\u00f9ng chung (t\u00edch h\u1ee3p) v\u1edbi h\u1ec7 th\u1ed1ng BioArchive\u00ae\u00a0l\u01b0u tr\u1eef t\u1ebf b\u00e0o g\u1ed1c t\u1ef1 \u0111\u1ed9ng ho\u00e0n to\u00e0n.\" \/>\n<meta property=\"og:url\" content=\"https:\/\/biogroupvietnam.com\/vi\/san-pham\/mo-dun-ha-nhiet-theo-chuong-trinh\/\" \/>\n<meta property=\"og:site_name\" content=\"Biogroup Vietnam\" \/>\n<meta property=\"article:modified_time\" content=\"2025-11-18T02:24:14+00:00\" \/>\n<meta property=\"og:image\" content=\"https:\/\/biogroupvietnam.com\/wp-content\/uploads\/2025\/08\/CRF-Module.jpg\" \/>\n\t<meta property=\"og:image:width\" content=\"1640\" \/>\n\t<meta property=\"og:image:height\" content=\"1260\" \/>\n\t<meta property=\"og:image:type\" content=\"image\/jpeg\" \/>\n<meta name=\"twitter:card\" content=\"summary_large_image\" \/>\n<meta name=\"twitter:label1\" content=\"\u01af\u1edbc t\u00ednh th\u1eddi gian \u0111\u1ecdc\" \/>\n\t<meta name=\"twitter:data1\" content=\"4 ph\u00fat\" \/>\n<script type=\"application\/ld+json\" class=\"yoast-schema-graph\">{\"@context\":\"https:\/\/schema.org\",\"@graph\":[{\"@type\":\"WebPage\",\"@id\":\"https:\/\/biogroupvietnam.com\/vi\/san-pham\/mo-dun-ha-nhiet-theo-chuong-trinh\/\",\"url\":\"https:\/\/biogroupvietnam.com\/vi\/san-pham\/mo-dun-ha-nhiet-theo-chuong-trinh\/\",\"name\":\"M\u00f4-\u0111un H\u1ea1 Nhi\u1ec7t \u0110\u1ed9 Theo Ch\u01b0\u01a1ng Tr\u00ecnh (CRF)\",\"isPartOf\":{\"@id\":\"https:\/\/biogroupvietnam.com\/vi\/#website\"},\"primaryImageOfPage\":{\"@id\":\"https:\/\/biogroupvietnam.com\/vi\/san-pham\/mo-dun-ha-nhiet-theo-chuong-trinh\/#primaryimage\"},\"image\":{\"@id\":\"https:\/\/biogroupvietnam.com\/vi\/san-pham\/mo-dun-ha-nhiet-theo-chuong-trinh\/#primaryimage\"},\"thumbnailUrl\":\"https:\/\/biogroupvietnam.com\/wp-content\/uploads\/2025\/08\/CRF-Module.jpg\",\"datePublished\":\"2025-08-18T12:52:20+00:00\",\"dateModified\":\"2025-11-18T02:24:14+00:00\",\"description\":\"M\u00f4-\u0111un h\u1ea1 nhi\u1ec7t \u0111\u1ed9 theo ch\u01b0\u01a1ng tr\u00ecnh (CRF - Controlled-Rate Freezer)\u00a0\u0111\u01b0\u1ee3c thi\u1ebft k\u1ebf b\u1edfi h\u00e3ng Thermogenesis (M\u1ef9) \u0111\u1ec3\u00a0d\u00f9ng chung (t\u00edch h\u1ee3p) v\u1edbi h\u1ec7 th\u1ed1ng BioArchive\u00ae\u00a0l\u01b0u tr\u1eef t\u1ebf b\u00e0o g\u1ed1c t\u1ef1 \u0111\u1ed9ng ho\u00e0n to\u00e0n.\",\"breadcrumb\":{\"@id\":\"https:\/\/biogroupvietnam.com\/vi\/san-pham\/mo-dun-ha-nhiet-theo-chuong-trinh\/#breadcrumb\"},\"inLanguage\":\"vi\",\"potentialAction\":[{\"@type\":\"ReadAction\",\"target\":[\"https:\/\/biogroupvietnam.com\/vi\/san-pham\/mo-dun-ha-nhiet-theo-chuong-trinh\/\"]}]},{\"@type\":\"ImageObject\",\"inLanguage\":\"vi\",\"@id\":\"https:\/\/biogroupvietnam.com\/vi\/san-pham\/mo-dun-ha-nhiet-theo-chuong-trinh\/#primaryimage\",\"url\":\"https:\/\/biogroupvietnam.com\/wp-content\/uploads\/2025\/08\/CRF-Module.jpg\",\"contentUrl\":\"https:\/\/biogroupvietnam.com\/wp-content\/uploads\/2025\/08\/CRF-Module.jpg\",\"width\":1640,\"height\":1260},{\"@type\":\"BreadcrumbList\",\"@id\":\"https:\/\/biogroupvietnam.com\/vi\/san-pham\/mo-dun-ha-nhiet-theo-chuong-trinh\/#breadcrumb\",\"itemListElement\":[{\"@type\":\"ListItem\",\"position\":1,\"name\":\"Trang ch\u1ee7\",\"item\":\"https:\/\/biogroupvietnam.com\/vi\/\"},{\"@type\":\"ListItem\",\"position\":2,\"name\":\"S\u1ea3n ph\u1ea9m\",\"item\":\"https:\/\/biogroupvietnam.com\/vi\/san-pham\/\"},{\"@type\":\"ListItem\",\"position\":3,\"name\":\"B\u1ea3o Qu\u1ea3n L\u1ea1nh T\u1ebf B\u00e0o\",\"item\":\"https:\/\/biogroupvietnam.com\/vi\/danh-muc-san-pham\/bao-quan-lanh-te-bao\/\"},{\"@type\":\"ListItem\",\"position\":4,\"name\":\"H\u1ec7 th\u1ed1ng BioArchive\u00ae\",\"item\":\"https:\/\/biogroupvietnam.com\/vi\/danh-muc-san-pham\/he-thong-bioarchive\/\"},{\"@type\":\"ListItem\",\"position\":5,\"name\":\"M\u00f4-\u0111un H\u1ea1 Nhi\u1ec7t \u0110\u1ed9 Theo Ch\u01b0\u01a1ng Tr\u00ecnh (CRF)\"}]},{\"@type\":\"WebSite\",\"@id\":\"https:\/\/biogroupvietnam.com\/vi\/#website\",\"url\":\"https:\/\/biogroupvietnam.com\/vi\/\",\"name\":\"Biogroup Vietnam\",\"description\":\"Biogroup Vietnam cung c\u1ea5p d\u1ecbch v\u1ee5 k\u1ef9 thu\u1eadt c\u00f9ng thi\u1ebft b\u1ecb, v\u1eadt t\u01b0, h\u00f3a ch\u1ea5t v\u00e0 gi\u1ea3i ph\u00e1p sinh h\u1ecdc cho ph\u00f2ng th\u00ed nghi\u1ec7m c\u00f4ng ngh\u1ec7 sinh h\u1ecdc, y sinh v\u00e0 y h\u1ecdc t\u00e1i t\u1ea1o.\",\"potentialAction\":[{\"@type\":\"SearchAction\",\"target\":{\"@type\":\"EntryPoint\",\"urlTemplate\":\"https:\/\/biogroupvietnam.com\/vi\/?s={search_term_string}\"},\"query-input\":{\"@type\":\"PropertyValueSpecification\",\"valueRequired\":true,\"valueName\":\"search_term_string\"}}],\"inLanguage\":\"vi\"}]}<\/script>\n<!-- \/ Yoast SEO plugin. -->","yoast_head_json":{"title":"M\u00f4-\u0111un H\u1ea1 Nhi\u1ec7t \u0110\u1ed9 Theo Ch\u01b0\u01a1ng Tr\u00ecnh (CRF)","description":"M\u00f4-\u0111un h\u1ea1 nhi\u1ec7t \u0111\u1ed9 theo ch\u01b0\u01a1ng tr\u00ecnh (CRF - Controlled-Rate Freezer)\u00a0\u0111\u01b0\u1ee3c thi\u1ebft k\u1ebf b\u1edfi h\u00e3ng Thermogenesis (M\u1ef9) \u0111\u1ec3\u00a0d\u00f9ng chung (t\u00edch h\u1ee3p) v\u1edbi h\u1ec7 th\u1ed1ng BioArchive\u00ae\u00a0l\u01b0u tr\u1eef t\u1ebf b\u00e0o g\u1ed1c t\u1ef1 \u0111\u1ed9ng ho\u00e0n to\u00e0n.","robots":{"index":"index","follow":"follow","max-snippet":"max-snippet:-1","max-image-preview":"max-image-preview:large","max-video-preview":"max-video-preview:-1"},"canonical":"https:\/\/biogroupvietnam.com\/vi\/san-pham\/mo-dun-ha-nhiet-theo-chuong-trinh\/","og_locale":"vi_VN","og_type":"article","og_title":"M\u00f4-\u0111un H\u1ea1 Nhi\u1ec7t \u0110\u1ed9 Theo Ch\u01b0\u01a1ng Tr\u00ecnh (CRF)","og_description":"M\u00f4-\u0111un h\u1ea1 nhi\u1ec7t \u0111\u1ed9 theo ch\u01b0\u01a1ng tr\u00ecnh (CRF - Controlled-Rate Freezer)\u00a0\u0111\u01b0\u1ee3c thi\u1ebft k\u1ebf b\u1edfi h\u00e3ng Thermogenesis (M\u1ef9) \u0111\u1ec3\u00a0d\u00f9ng chung (t\u00edch h\u1ee3p) v\u1edbi h\u1ec7 th\u1ed1ng BioArchive\u00ae\u00a0l\u01b0u tr\u1eef t\u1ebf b\u00e0o g\u1ed1c t\u1ef1 \u0111\u1ed9ng ho\u00e0n to\u00e0n.","og_url":"https:\/\/biogroupvietnam.com\/vi\/san-pham\/mo-dun-ha-nhiet-theo-chuong-trinh\/","og_site_name":"Biogroup Vietnam","article_modified_time":"2025-11-18T02:24:14+00:00","og_image":[{"width":1640,"height":1260,"url":"https:\/\/biogroupvietnam.com\/wp-content\/uploads\/2025\/08\/CRF-Module.jpg","type":"image\/jpeg"}],"twitter_card":"summary_large_image","twitter_misc":{"\u01af\u1edbc t\u00ednh th\u1eddi gian \u0111\u1ecdc":"4 ph\u00fat"},"schema":{"@context":"https:\/\/schema.org","@graph":[{"@type":"WebPage","@id":"https:\/\/biogroupvietnam.com\/vi\/san-pham\/mo-dun-ha-nhiet-theo-chuong-trinh\/","url":"https:\/\/biogroupvietnam.com\/vi\/san-pham\/mo-dun-ha-nhiet-theo-chuong-trinh\/","name":"M\u00f4-\u0111un H\u1ea1 Nhi\u1ec7t \u0110\u1ed9 Theo Ch\u01b0\u01a1ng Tr\u00ecnh (CRF)","isPartOf":{"@id":"https:\/\/biogroupvietnam.com\/vi\/#website"},"primaryImageOfPage":{"@id":"https:\/\/biogroupvietnam.com\/vi\/san-pham\/mo-dun-ha-nhiet-theo-chuong-trinh\/#primaryimage"},"image":{"@id":"https:\/\/biogroupvietnam.com\/vi\/san-pham\/mo-dun-ha-nhiet-theo-chuong-trinh\/#primaryimage"},"thumbnailUrl":"https:\/\/biogroupvietnam.com\/wp-content\/uploads\/2025\/08\/CRF-Module.jpg","datePublished":"2025-08-18T12:52:20+00:00","dateModified":"2025-11-18T02:24:14+00:00","description":"M\u00f4-\u0111un h\u1ea1 nhi\u1ec7t \u0111\u1ed9 theo ch\u01b0\u01a1ng tr\u00ecnh (CRF - Controlled-Rate Freezer)\u00a0\u0111\u01b0\u1ee3c thi\u1ebft k\u1ebf b\u1edfi h\u00e3ng Thermogenesis (M\u1ef9) \u0111\u1ec3\u00a0d\u00f9ng chung (t\u00edch h\u1ee3p) v\u1edbi h\u1ec7 th\u1ed1ng BioArchive\u00ae\u00a0l\u01b0u tr\u1eef t\u1ebf b\u00e0o g\u1ed1c t\u1ef1 \u0111\u1ed9ng ho\u00e0n to\u00e0n.","breadcrumb":{"@id":"https:\/\/biogroupvietnam.com\/vi\/san-pham\/mo-dun-ha-nhiet-theo-chuong-trinh\/#breadcrumb"},"inLanguage":"vi","potentialAction":[{"@type":"ReadAction","target":["https:\/\/biogroupvietnam.com\/vi\/san-pham\/mo-dun-ha-nhiet-theo-chuong-trinh\/"]}]},{"@type":"ImageObject","inLanguage":"vi","@id":"https:\/\/biogroupvietnam.com\/vi\/san-pham\/mo-dun-ha-nhiet-theo-chuong-trinh\/#primaryimage","url":"https:\/\/biogroupvietnam.com\/wp-content\/uploads\/2025\/08\/CRF-Module.jpg","contentUrl":"https:\/\/biogroupvietnam.com\/wp-content\/uploads\/2025\/08\/CRF-Module.jpg","width":1640,"height":1260},{"@type":"BreadcrumbList","@id":"https:\/\/biogroupvietnam.com\/vi\/san-pham\/mo-dun-ha-nhiet-theo-chuong-trinh\/#breadcrumb","itemListElement":[{"@type":"ListItem","position":1,"name":"Trang ch\u1ee7","item":"https:\/\/biogroupvietnam.com\/vi\/"},{"@type":"ListItem","position":2,"name":"S\u1ea3n ph\u1ea9m","item":"https:\/\/biogroupvietnam.com\/vi\/san-pham\/"},{"@type":"ListItem","position":3,"name":"B\u1ea3o Qu\u1ea3n L\u1ea1nh T\u1ebf B\u00e0o","item":"https:\/\/biogroupvietnam.com\/vi\/danh-muc-san-pham\/bao-quan-lanh-te-bao\/"},{"@type":"ListItem","position":4,"name":"H\u1ec7 th\u1ed1ng BioArchive\u00ae","item":"https:\/\/biogroupvietnam.com\/vi\/danh-muc-san-pham\/he-thong-bioarchive\/"},{"@type":"ListItem","position":5,"name":"M\u00f4-\u0111un H\u1ea1 Nhi\u1ec7t \u0110\u1ed9 Theo Ch\u01b0\u01a1ng Tr\u00ecnh (CRF)"}]},{"@type":"WebSite","@id":"https:\/\/biogroupvietnam.com\/vi\/#website","url":"https:\/\/biogroupvietnam.com\/vi\/","name":"Biogroup Vietnam","description":"Biogroup Vietnam cung c\u1ea5p d\u1ecbch v\u1ee5 k\u1ef9 thu\u1eadt c\u00f9ng thi\u1ebft b\u1ecb, v\u1eadt t\u01b0, h\u00f3a ch\u1ea5t v\u00e0 gi\u1ea3i ph\u00e1p sinh h\u1ecdc cho ph\u00f2ng th\u00ed nghi\u1ec7m c\u00f4ng ngh\u1ec7 sinh h\u1ecdc, y sinh v\u00e0 y h\u1ecdc t\u00e1i t\u1ea1o.","potentialAction":[{"@type":"SearchAction","target":{"@type":"EntryPoint","urlTemplate":"https:\/\/biogroupvietnam.com\/vi\/?s={search_term_string}"},"query-input":{"@type":"PropertyValueSpecification","valueRequired":true,"valueName":"search_term_string"}}],"inLanguage":"vi"}]}},"_links":{"self":[{"href":"https:\/\/biogroupvietnam.com\/vi\/wp-json\/wp\/v2\/product\/3694","targetHints":{"allow":["GET"]}}],"collection":[{"href":"https:\/\/biogroupvietnam.com\/vi\/wp-json\/wp\/v2\/product"}],"about":[{"href":"https:\/\/biogroupvietnam.com\/vi\/wp-json\/wp\/v2\/types\/product"}],"replies":[{"embeddable":true,"href":"https:\/\/biogroupvietnam.com\/vi\/wp-json\/wp\/v2\/comments?post=3694"}],"version-history":[{"count":4,"href":"https:\/\/biogroupvietnam.com\/vi\/wp-json\/wp\/v2\/product\/3694\/revisions"}],"predecessor-version":[{"id":9040,"href":"https:\/\/biogroupvietnam.com\/vi\/wp-json\/wp\/v2\/product\/3694\/revisions\/9040"}],"wp:featuredmedia":[{"embeddable":true,"href":"https:\/\/biogroupvietnam.com\/vi\/wp-json\/wp\/v2\/media\/9032"}],"wp:attachment":[{"href":"https:\/\/biogroupvietnam.com\/vi\/wp-json\/wp\/v2\/media?parent=3694"}],"wp:term":[{"taxonomy":"product_brand","embeddable":true,"href":"https:\/\/biogroupvietnam.com\/vi\/wp-json\/wp\/v2\/product_brand?post=3694"},{"taxonomy":"product_cat","embeddable":true,"href":"https:\/\/biogroupvietnam.com\/vi\/wp-json\/wp\/v2\/product_cat?post=3694"},{"taxonomy":"product_tag","embeddable":true,"href":"https:\/\/biogroupvietnam.com\/vi\/wp-json\/wp\/v2\/product_tag?post=3694"}],"curies":[{"name":"wp","href":"https:\/\/api.w.org\/{rel}","templated":true}]}}