{"id":3695,"date":"2025-08-18T19:52:21","date_gmt":"2025-08-18T12:52:21","guid":{"rendered":"http:\/\/biogroupvietnam-worldpress.local\/product\/import-placeholder-for-69\/"},"modified":"2025-11-18T09:24:47","modified_gmt":"2025-11-18T02:24:47","slug":"hop-canister","status":"publish","type":"product","link":"https:\/\/biogroupvietnam.com\/vi\/san-pham\/hop-canister\/","title":{"rendered":"H\u1ed9p Canister Ch\u1ee9a \u0110\u01a1n V\u1ecb T\u1ebf B\u00e0o G\u1ed1c"},"content":{"rendered":"<p>H\u1ed9p canister l\u00e0 h\u1ed9p ch\u1ee9a \u0111\u01a1n v\u1ecb t\u1ebf b\u00e0o g\u1ed1c b\u1eb1ng th\u00e9p kh\u00f4ng g\u1ec9, b\u1ea3o v\u1ec7, n\u01a1i \u0111\u1eb7t t\u00fai l\u01b0u tr\u1eef \u0111\u00f4ng l\u1ea1nh (freezing bag) v\u00e0o \u0111\u00f3. Ngo\u00e0i ch\u1ee9c n\u0103ng b\u1ea3o v\u1ec7 c\u01a1 h\u1ecdc cho t\u00fai \u0111\u00f4ng l\u1ea1nh, h\u1ed9p c\u00f3 c\u00e1c ng\u0103n ch\u1ee9a \u1edf ph\u00eda tr\u00ean v\u00e0 b\u00ean c\u1ea1nh, \u0111\u00f3ng vai tr\u00f2 nh\u01b0 c\u00e1c \u0111\u1ea7u n\u1ed1i v\u1edbi m\u00f3c k\u00ednh ti\u1ec1m v\u1ecdng (periscope hook) v\u00e0 m\u00f3c v\u00e0o v\u1ecb tr\u00ed l\u01b0u m\u1eabu (rack address hook) trong h\u1ec7 th\u1ed1ng l\u01b0u tr\u1eef t\u1ef1 \u0111\u1ed9ng BioArchive\u00ae. H\u01a1n n\u1eefa, c\u00e1c \u0111\u1eb7c t\u00ednh nhi\u1ec7t c\u1ee7a h\u1ed9p canister gi\u00fap t\u0103ng c\u01b0\u1eddng truy\u1ec1n nhi\u1ec7t trong qu\u00e1 tr\u00ecnh \u0111\u00f3ng \u0111\u00f4ng l\u1ea1nh v\u00e0 b\u1ea3o v\u1ec7 \u0111\u01a1n v\u1ecb t\u1ebf b\u00e0o g\u1ed1c kh\u1ecfi b\u1ecb n\u00f3ng l\u00ean kh\u00f4ng ki\u1ec3m so\u00e1t khi n\u00f3 \u0111\u01b0\u1ee3c l\u1ea5y ra kh\u1ecfi h\u1ec7 th\u1ed1ng l\u01b0u tr\u1eef t\u1ef1 \u0111\u1ed9ng BioArchive\u00ae.<\/p>\n<p style=\"text-align: center;\"><img fetchpriority=\"high\" decoding=\"async\" src=\"https:\/\/biogroupvietnam.com\/uploads\/Q8liMBeLxuQITa2JOJrAiwmLuCMR8xnYqbDYW3Rj.png\" alt=\"\" width=\"409\" height=\"180\" \/><\/p>\n<p>T\u00fai l\u01b0u tr\u1eef \u0111\u00f4ng l\u1ea1nh (ch\u1ee9a \u0111\u01a1n v\u1ecb t\u1ebf b\u00e0o g\u1ed1c) \u0111\u01b0\u1ee3c \u0111\u1eb7t trong h\u1ed9p canister tr\u01b0\u1edbc khi n\u00f3 \u0111\u01b0\u1ee3c h\u1ea1 nhi\u1ec7t theo ch\u01b0\u01a1ng tr\u00ecnh v\u00e0 \u0111\u00f4ng l\u1ea1nh. T\u00fai l\u01b0u tr\u1eef \u0111\u00f4ng l\u1ea1nh v\u1eabn c\u00f2n trong h\u1ed9p canister khi \u0111\u01b0\u1ee3c l\u01b0u tr\u1eef trong nit\u01a1 l\u1ecfng v\u00e0 khi n\u00f3 \u0111\u01b0\u1ee3c v\u1eadn chuy\u1ec3n \u0111\u1ec3 s\u1eed d\u1ee5ng.<\/p>\n<p><i><strong>TH\u1eacN TR\u1eccNG<\/strong>: \u0110\u1ec3 \u0111\u1ea3m b\u1ea3o kh\u1ea3 n\u0103ng t\u01b0\u01a1ng th\u00edch v\u1edbi h\u1ec7 th\u1ed1ng BioArchive v\u00e0 m\u00f4-\u0111un CRF (m\u00f4-\u0111un CRF ki\u1ec3m so\u00e1t h\u1ea1 nhi\u1ec7t \u0111\u1ed9 theo ch\u01b0\u01a1ng tr\u00ecnh), h\u00e3ng s\u1ea3n xu\u1ea5t Thermogenesis (M\u1ef9) khuy\u00ean b\u1ea1n ch\u1ec9 n\u00ean h\u1ed9p canister do h\u00e3ng cung c\u1ea5p (m\u00e3 s\u1ed1 8-4360). Vi\u1ec7c s\u1eed d\u1ee5ng c\u00e1c s\u1ea3n ph\u1ea9m t\u01b0\u01a1ng t\u1ef1 kh\u00e1c c\u00f3 th\u1ec3 g\u00e2y qu\u00e1 tr\u00ecnh h\u1ea1 nhi\u1ec7t theo ch\u01b0\u01a1ng tr\u00ecnh v\u00e0 \u0111\u00f4ng l\u1ea1nh kh\u00f4ng ch\u00ednh x\u00e1c v\u00e0 \u1ea3nh h\u01b0\u1edfng \u0111\u1ebfn t\u00ednh to\u00e0n v\u1eb9n c\u1ee7a m\u1eabu (\u0111\u01a1n v\u1ecb t\u1ebf b\u00e0o g\u1ed1c).<\/i><\/p>\n","protected":false},"excerpt":{"rendered":"<p>H\u1ed9p canister l\u00e0 h\u1ed9p ch\u1ee9a \u0111\u01a1n v\u1ecb t\u1ebf b\u00e0o g\u1ed1c b\u1eb1ng th\u00e9p kh\u00f4ng g\u1ec9, b\u1ea3o v\u1ec7, n\u01a1i \u0111\u1eb7t t\u00fai l\u01b0u tr\u1eef \u0111\u00f4ng l\u1ea1nh (freezing bag) v\u00e0o \u0111\u00f3. Ngo\u00e0i ch\u1ee9c n\u0103ng b\u1ea3o v\u1ec7 c\u01a1 h\u1ecdc cho t\u00fai \u0111\u00f4ng l\u1ea1nh, h\u1ed9p c\u00f3 c\u00e1c ng\u0103n ch\u1ee9a \u1edf ph\u00eda tr\u00ean v\u00e0 b\u00ean c\u1ea1nh, \u0111\u00f3ng vai tr\u00f2 nh\u01b0 c\u00e1c \u0111\u1ea7u<\/p>\n<div class=\"klb-readmore post-buttons\"><a class=\"button rounded primary\" href=\"https:\/\/biogroupvietnam.com\/vi\/san-pham\/hop-canister\/\">Read More <i class=\"klbth-icon-right-arrow\"><\/i><\/a><\/div>\n","protected":false},"featured_media":9035,"comment_status":"closed","ping_status":"closed","template":"","meta":{"_acf_changed":false},"product_brand":[80],"product_cat":[99],"product_tag":[],"class_list":{"0":"post-3695","1":"product","2":"type-product","3":"status-publish","4":"has-post-thumbnail","6":"product_brand-thermogenesis","7":"product_cat-he-thong-bioarchive","9":"first","10":"outofstock","11":"shipping-taxable","12":"product-type-simple"},"acf":[],"yoast_head":"<!-- This site is optimized with the Yoast SEO plugin v26.8 - https:\/\/yoast.com\/product\/yoast-seo-wordpress\/ -->\n<title>H\u1ed9p Canister Ch\u1ee9a \u0110\u01a1n V\u1ecb T\u1ebf B\u00e0o G\u1ed1c<\/title>\n<meta name=\"description\" content=\"H\u1ed9p canister l\u00e0 h\u1ed9p ch\u1ee9a \u0111\u01a1n v\u1ecb t\u1ebf b\u00e0o g\u1ed1c b\u1eb1ng th\u00e9p kh\u00f4ng g\u1ec9, b\u1ea3o v\u1ec7, n\u01a1i \u0111\u1eb7t t\u00fai l\u01b0u tr\u1eef \u0111\u00f4ng l\u1ea1nh (freezing bag) v\u00e0o \u0111\u00f3.\" \/>\n<meta name=\"robots\" content=\"index, follow, max-snippet:-1, max-image-preview:large, max-video-preview:-1\" \/>\n<link rel=\"canonical\" href=\"https:\/\/biogroupvietnam.com\/vi\/san-pham\/hop-canister\/\" \/>\n<meta property=\"og:locale\" content=\"vi_VN\" \/>\n<meta property=\"og:type\" content=\"article\" \/>\n<meta property=\"og:title\" content=\"H\u1ed9p Canister Ch\u1ee9a \u0110\u01a1n V\u1ecb T\u1ebf B\u00e0o G\u1ed1c\" \/>\n<meta property=\"og:description\" content=\"H\u1ed9p canister l\u00e0 h\u1ed9p ch\u1ee9a \u0111\u01a1n v\u1ecb t\u1ebf b\u00e0o g\u1ed1c b\u1eb1ng th\u00e9p kh\u00f4ng g\u1ec9, b\u1ea3o v\u1ec7, n\u01a1i \u0111\u1eb7t t\u00fai l\u01b0u tr\u1eef \u0111\u00f4ng l\u1ea1nh (freezing bag) v\u00e0o \u0111\u00f3.\" \/>\n<meta property=\"og:url\" content=\"https:\/\/biogroupvietnam.com\/vi\/san-pham\/hop-canister\/\" \/>\n<meta property=\"og:site_name\" content=\"Biogroup Vietnam\" \/>\n<meta property=\"article:modified_time\" content=\"2025-11-18T02:24:47+00:00\" \/>\n<meta property=\"og:image\" content=\"https:\/\/biogroupvietnam.com\/wp-content\/uploads\/2025\/08\/Canisters.jpg\" \/>\n\t<meta property=\"og:image:width\" content=\"1640\" \/>\n\t<meta property=\"og:image:height\" content=\"1260\" \/>\n\t<meta property=\"og:image:type\" content=\"image\/jpeg\" \/>\n<meta name=\"twitter:card\" content=\"summary_large_image\" \/>\n<meta name=\"twitter:label1\" content=\"\u01af\u1edbc t\u00ednh th\u1eddi gian \u0111\u1ecdc\" \/>\n\t<meta name=\"twitter:data1\" content=\"2 ph\u00fat\" \/>\n<script type=\"application\/ld+json\" class=\"yoast-schema-graph\">{\"@context\":\"https:\/\/schema.org\",\"@graph\":[{\"@type\":\"WebPage\",\"@id\":\"https:\/\/biogroupvietnam.com\/vi\/san-pham\/hop-canister\/\",\"url\":\"https:\/\/biogroupvietnam.com\/vi\/san-pham\/hop-canister\/\",\"name\":\"H\u1ed9p Canister Ch\u1ee9a \u0110\u01a1n V\u1ecb T\u1ebf B\u00e0o G\u1ed1c\",\"isPartOf\":{\"@id\":\"https:\/\/biogroupvietnam.com\/vi\/#website\"},\"primaryImageOfPage\":{\"@id\":\"https:\/\/biogroupvietnam.com\/vi\/san-pham\/hop-canister\/#primaryimage\"},\"image\":{\"@id\":\"https:\/\/biogroupvietnam.com\/vi\/san-pham\/hop-canister\/#primaryimage\"},\"thumbnailUrl\":\"https:\/\/biogroupvietnam.com\/wp-content\/uploads\/2025\/08\/Canisters.jpg\",\"datePublished\":\"2025-08-18T12:52:21+00:00\",\"dateModified\":\"2025-11-18T02:24:47+00:00\",\"description\":\"H\u1ed9p canister l\u00e0 h\u1ed9p ch\u1ee9a \u0111\u01a1n v\u1ecb t\u1ebf b\u00e0o g\u1ed1c b\u1eb1ng th\u00e9p kh\u00f4ng g\u1ec9, b\u1ea3o v\u1ec7, n\u01a1i \u0111\u1eb7t t\u00fai l\u01b0u tr\u1eef \u0111\u00f4ng l\u1ea1nh (freezing bag) v\u00e0o \u0111\u00f3.\",\"breadcrumb\":{\"@id\":\"https:\/\/biogroupvietnam.com\/vi\/san-pham\/hop-canister\/#breadcrumb\"},\"inLanguage\":\"vi\",\"potentialAction\":[{\"@type\":\"ReadAction\",\"target\":[\"https:\/\/biogroupvietnam.com\/vi\/san-pham\/hop-canister\/\"]}]},{\"@type\":\"ImageObject\",\"inLanguage\":\"vi\",\"@id\":\"https:\/\/biogroupvietnam.com\/vi\/san-pham\/hop-canister\/#primaryimage\",\"url\":\"https:\/\/biogroupvietnam.com\/wp-content\/uploads\/2025\/08\/Canisters.jpg\",\"contentUrl\":\"https:\/\/biogroupvietnam.com\/wp-content\/uploads\/2025\/08\/Canisters.jpg\",\"width\":1640,\"height\":1260},{\"@type\":\"BreadcrumbList\",\"@id\":\"https:\/\/biogroupvietnam.com\/vi\/san-pham\/hop-canister\/#breadcrumb\",\"itemListElement\":[{\"@type\":\"ListItem\",\"position\":1,\"name\":\"Trang ch\u1ee7\",\"item\":\"https:\/\/biogroupvietnam.com\/vi\/\"},{\"@type\":\"ListItem\",\"position\":2,\"name\":\"S\u1ea3n ph\u1ea9m\",\"item\":\"https:\/\/biogroupvietnam.com\/vi\/san-pham\/\"},{\"@type\":\"ListItem\",\"position\":3,\"name\":\"B\u1ea3o Qu\u1ea3n L\u1ea1nh T\u1ebf B\u00e0o\",\"item\":\"https:\/\/biogroupvietnam.com\/vi\/danh-muc-san-pham\/bao-quan-lanh-te-bao\/\"},{\"@type\":\"ListItem\",\"position\":4,\"name\":\"H\u1ec7 th\u1ed1ng BioArchive\u00ae\",\"item\":\"https:\/\/biogroupvietnam.com\/vi\/danh-muc-san-pham\/he-thong-bioarchive\/\"},{\"@type\":\"ListItem\",\"position\":5,\"name\":\"H\u1ed9p Canister Ch\u1ee9a \u0110\u01a1n V\u1ecb T\u1ebf B\u00e0o G\u1ed1c\"}]},{\"@type\":\"WebSite\",\"@id\":\"https:\/\/biogroupvietnam.com\/vi\/#website\",\"url\":\"https:\/\/biogroupvietnam.com\/vi\/\",\"name\":\"Biogroup Vietnam\",\"description\":\"Biogroup Vietnam cung c\u1ea5p d\u1ecbch v\u1ee5 k\u1ef9 thu\u1eadt c\u00f9ng thi\u1ebft b\u1ecb, v\u1eadt t\u01b0, h\u00f3a ch\u1ea5t v\u00e0 gi\u1ea3i ph\u00e1p sinh h\u1ecdc cho ph\u00f2ng th\u00ed nghi\u1ec7m c\u00f4ng ngh\u1ec7 sinh h\u1ecdc, y sinh v\u00e0 y h\u1ecdc t\u00e1i t\u1ea1o.\",\"potentialAction\":[{\"@type\":\"SearchAction\",\"target\":{\"@type\":\"EntryPoint\",\"urlTemplate\":\"https:\/\/biogroupvietnam.com\/vi\/?s={search_term_string}\"},\"query-input\":{\"@type\":\"PropertyValueSpecification\",\"valueRequired\":true,\"valueName\":\"search_term_string\"}}],\"inLanguage\":\"vi\"}]}<\/script>\n<!-- \/ Yoast SEO plugin. -->","yoast_head_json":{"title":"H\u1ed9p Canister Ch\u1ee9a \u0110\u01a1n V\u1ecb T\u1ebf B\u00e0o G\u1ed1c","description":"H\u1ed9p canister l\u00e0 h\u1ed9p ch\u1ee9a \u0111\u01a1n v\u1ecb t\u1ebf b\u00e0o g\u1ed1c b\u1eb1ng th\u00e9p kh\u00f4ng g\u1ec9, b\u1ea3o v\u1ec7, n\u01a1i \u0111\u1eb7t t\u00fai l\u01b0u tr\u1eef \u0111\u00f4ng l\u1ea1nh (freezing bag) v\u00e0o \u0111\u00f3.","robots":{"index":"index","follow":"follow","max-snippet":"max-snippet:-1","max-image-preview":"max-image-preview:large","max-video-preview":"max-video-preview:-1"},"canonical":"https:\/\/biogroupvietnam.com\/vi\/san-pham\/hop-canister\/","og_locale":"vi_VN","og_type":"article","og_title":"H\u1ed9p Canister Ch\u1ee9a \u0110\u01a1n V\u1ecb T\u1ebf B\u00e0o G\u1ed1c","og_description":"H\u1ed9p canister l\u00e0 h\u1ed9p ch\u1ee9a \u0111\u01a1n v\u1ecb t\u1ebf b\u00e0o g\u1ed1c b\u1eb1ng th\u00e9p kh\u00f4ng g\u1ec9, b\u1ea3o v\u1ec7, n\u01a1i \u0111\u1eb7t t\u00fai l\u01b0u tr\u1eef \u0111\u00f4ng l\u1ea1nh (freezing bag) v\u00e0o \u0111\u00f3.","og_url":"https:\/\/biogroupvietnam.com\/vi\/san-pham\/hop-canister\/","og_site_name":"Biogroup Vietnam","article_modified_time":"2025-11-18T02:24:47+00:00","og_image":[{"width":1640,"height":1260,"url":"https:\/\/biogroupvietnam.com\/wp-content\/uploads\/2025\/08\/Canisters.jpg","type":"image\/jpeg"}],"twitter_card":"summary_large_image","twitter_misc":{"\u01af\u1edbc t\u00ednh th\u1eddi gian \u0111\u1ecdc":"2 ph\u00fat"},"schema":{"@context":"https:\/\/schema.org","@graph":[{"@type":"WebPage","@id":"https:\/\/biogroupvietnam.com\/vi\/san-pham\/hop-canister\/","url":"https:\/\/biogroupvietnam.com\/vi\/san-pham\/hop-canister\/","name":"H\u1ed9p Canister Ch\u1ee9a \u0110\u01a1n V\u1ecb T\u1ebf B\u00e0o G\u1ed1c","isPartOf":{"@id":"https:\/\/biogroupvietnam.com\/vi\/#website"},"primaryImageOfPage":{"@id":"https:\/\/biogroupvietnam.com\/vi\/san-pham\/hop-canister\/#primaryimage"},"image":{"@id":"https:\/\/biogroupvietnam.com\/vi\/san-pham\/hop-canister\/#primaryimage"},"thumbnailUrl":"https:\/\/biogroupvietnam.com\/wp-content\/uploads\/2025\/08\/Canisters.jpg","datePublished":"2025-08-18T12:52:21+00:00","dateModified":"2025-11-18T02:24:47+00:00","description":"H\u1ed9p canister l\u00e0 h\u1ed9p ch\u1ee9a \u0111\u01a1n v\u1ecb t\u1ebf b\u00e0o g\u1ed1c b\u1eb1ng th\u00e9p kh\u00f4ng g\u1ec9, b\u1ea3o v\u1ec7, n\u01a1i \u0111\u1eb7t t\u00fai l\u01b0u tr\u1eef \u0111\u00f4ng l\u1ea1nh (freezing bag) v\u00e0o \u0111\u00f3.","breadcrumb":{"@id":"https:\/\/biogroupvietnam.com\/vi\/san-pham\/hop-canister\/#breadcrumb"},"inLanguage":"vi","potentialAction":[{"@type":"ReadAction","target":["https:\/\/biogroupvietnam.com\/vi\/san-pham\/hop-canister\/"]}]},{"@type":"ImageObject","inLanguage":"vi","@id":"https:\/\/biogroupvietnam.com\/vi\/san-pham\/hop-canister\/#primaryimage","url":"https:\/\/biogroupvietnam.com\/wp-content\/uploads\/2025\/08\/Canisters.jpg","contentUrl":"https:\/\/biogroupvietnam.com\/wp-content\/uploads\/2025\/08\/Canisters.jpg","width":1640,"height":1260},{"@type":"BreadcrumbList","@id":"https:\/\/biogroupvietnam.com\/vi\/san-pham\/hop-canister\/#breadcrumb","itemListElement":[{"@type":"ListItem","position":1,"name":"Trang ch\u1ee7","item":"https:\/\/biogroupvietnam.com\/vi\/"},{"@type":"ListItem","position":2,"name":"S\u1ea3n ph\u1ea9m","item":"https:\/\/biogroupvietnam.com\/vi\/san-pham\/"},{"@type":"ListItem","position":3,"name":"B\u1ea3o Qu\u1ea3n L\u1ea1nh T\u1ebf B\u00e0o","item":"https:\/\/biogroupvietnam.com\/vi\/danh-muc-san-pham\/bao-quan-lanh-te-bao\/"},{"@type":"ListItem","position":4,"name":"H\u1ec7 th\u1ed1ng BioArchive\u00ae","item":"https:\/\/biogroupvietnam.com\/vi\/danh-muc-san-pham\/he-thong-bioarchive\/"},{"@type":"ListItem","position":5,"name":"H\u1ed9p Canister Ch\u1ee9a \u0110\u01a1n V\u1ecb T\u1ebf B\u00e0o G\u1ed1c"}]},{"@type":"WebSite","@id":"https:\/\/biogroupvietnam.com\/vi\/#website","url":"https:\/\/biogroupvietnam.com\/vi\/","name":"Biogroup Vietnam","description":"Biogroup Vietnam cung c\u1ea5p d\u1ecbch v\u1ee5 k\u1ef9 thu\u1eadt c\u00f9ng thi\u1ebft b\u1ecb, v\u1eadt t\u01b0, h\u00f3a ch\u1ea5t v\u00e0 gi\u1ea3i ph\u00e1p sinh h\u1ecdc cho ph\u00f2ng th\u00ed nghi\u1ec7m c\u00f4ng ngh\u1ec7 sinh h\u1ecdc, y sinh v\u00e0 y h\u1ecdc t\u00e1i t\u1ea1o.","potentialAction":[{"@type":"SearchAction","target":{"@type":"EntryPoint","urlTemplate":"https:\/\/biogroupvietnam.com\/vi\/?s={search_term_string}"},"query-input":{"@type":"PropertyValueSpecification","valueRequired":true,"valueName":"search_term_string"}}],"inLanguage":"vi"}]}},"_links":{"self":[{"href":"https:\/\/biogroupvietnam.com\/vi\/wp-json\/wp\/v2\/product\/3695","targetHints":{"allow":["GET"]}}],"collection":[{"href":"https:\/\/biogroupvietnam.com\/vi\/wp-json\/wp\/v2\/product"}],"about":[{"href":"https:\/\/biogroupvietnam.com\/vi\/wp-json\/wp\/v2\/types\/product"}],"replies":[{"embeddable":true,"href":"https:\/\/biogroupvietnam.com\/vi\/wp-json\/wp\/v2\/comments?post=3695"}],"version-history":[{"count":4,"href":"https:\/\/biogroupvietnam.com\/vi\/wp-json\/wp\/v2\/product\/3695\/revisions"}],"predecessor-version":[{"id":9043,"href":"https:\/\/biogroupvietnam.com\/vi\/wp-json\/wp\/v2\/product\/3695\/revisions\/9043"}],"wp:featuredmedia":[{"embeddable":true,"href":"https:\/\/biogroupvietnam.com\/vi\/wp-json\/wp\/v2\/media\/9035"}],"wp:attachment":[{"href":"https:\/\/biogroupvietnam.com\/vi\/wp-json\/wp\/v2\/media?parent=3695"}],"wp:term":[{"taxonomy":"product_brand","embeddable":true,"href":"https:\/\/biogroupvietnam.com\/vi\/wp-json\/wp\/v2\/product_brand?post=3695"},{"taxonomy":"product_cat","embeddable":true,"href":"https:\/\/biogroupvietnam.com\/vi\/wp-json\/wp\/v2\/product_cat?post=3695"},{"taxonomy":"product_tag","embeddable":true,"href":"https:\/\/biogroupvietnam.com\/vi\/wp-json\/wp\/v2\/product_tag?post=3695"}],"curies":[{"name":"wp","href":"https:\/\/api.w.org\/{rel}","templated":true}]}}