{"id":3696,"date":"2025-08-18T19:52:21","date_gmt":"2025-08-18T12:52:21","guid":{"rendered":"http:\/\/biogroupvietnam-worldpress.local\/product\/import-placeholder-for-70\/"},"modified":"2025-11-18T09:24:23","modified_gmt":"2025-11-18T02:24:23","slug":"bo-tui-qc-thiet-bi-axp","status":"publish","type":"product","link":"https:\/\/biogroupvietnam.com\/vi\/san-pham\/bo-tui-qc-thiet-bi-axp\/","title":{"rendered":"B\u1ed9 T\u00fai QC Thi\u1ebft B\u1ecb AXP"},"content":{"rendered":"<h2>B\u1ed9 t\u00fai QC <a href=\"https:\/\/biogroupvietnam.com\/vi\/products\/xu-ly-te-bao\/xu-ly-mau-cuong-ron-tu-dong\/he-thong-axp-ii.html\">thi\u1ebft b\u1ecb AXP<\/a> h\u1ed7 tr\u1ee3 th\u1ef1c hi\u1ec7n t\u1ef1 ki\u1ec3m tra (self-test) thi\u1ebft b\u1ecb x\u1eed l\u00fd m\u00e1u cu\u1ed1ng r\u1ed1n.<\/h2>\n<ul>\n<li>H\u1ec7 th\u1ed1ng AXP c\u00f3 c\u00e0i \u0111\u1eb7t ch\u01b0\u01a1ng tr\u00ecnh t\u1ef1 ki\u1ec3m tra (device self-test) v\u1edbi s\u1ef1 h\u1ed5 tr\u1ee3 c\u1ee7a b\u1ed9 t\u00fai QC nh\u1eb1m \u0111\u1ea3m b\u1ea3o qu\u00e1 tr\u00ecnh t\u1ef1 \u0111\u1ed9ng\u00a0gi\u1ea3m th\u1ec3 t\u00edch m\u00e1u cu\u1ed1ng r\u1ed1n lu\u00f4n \u0111\u1ea1t ch\u00ednh x\u00e1c.<\/li>\n<li>H\u00e3ng Thermogenesis khuy\u1ebfn ngh\u1ecb th\u1ef1c hi\u1ec7n ch\u01b0\u01a1ng tr\u00ecnh QC sau m\u1ed7i 25\u00a0l\u1ea7n x\u1eed l\u00fd m\u1eabu m\u00e1u cu\u1ed1ng r\u1ed1n (m\u1eb7c \u0111\u1ecbnh).<\/li>\n<\/ul>\n","protected":false},"excerpt":{"rendered":"<p>B\u1ed9 t\u00fai QC thi\u1ebft b\u1ecb AXP h\u1ed7 tr\u1ee3 th\u1ef1c hi\u1ec7n t\u1ef1 ki\u1ec3m tra (self-test) thi\u1ebft b\u1ecb x\u1eed l\u00fd m\u00e1u cu\u1ed1ng r\u1ed1n. H\u1ec7 th\u1ed1ng AXP c\u00f3 c\u00e0i \u0111\u1eb7t ch\u01b0\u01a1ng tr\u00ecnh t\u1ef1 ki\u1ec3m tra (device self-test) v\u1edbi s\u1ef1 h\u1ed5 tr\u1ee3 c\u1ee7a b\u1ed9 t\u00fai QC nh\u1eb1m \u0111\u1ea3m b\u1ea3o qu\u00e1 tr\u00ecnh t\u1ef1 \u0111\u1ed9ng\u00a0gi\u1ea3m th\u1ec3 t\u00edch m\u00e1u cu\u1ed1ng r\u1ed1n lu\u00f4n<\/p>\n<div class=\"klb-readmore post-buttons\"><a class=\"button rounded primary\" href=\"https:\/\/biogroupvietnam.com\/vi\/san-pham\/bo-tui-qc-thiet-bi-axp\/\">Read More <i class=\"klbth-icon-right-arrow\"><\/i><\/a><\/div>\n","protected":false},"featured_media":9033,"comment_status":"closed","ping_status":"closed","template":"","meta":{"_acf_changed":false},"product_brand":[80],"product_cat":[81],"product_tag":[],"class_list":{"0":"post-3696","1":"product","2":"type-product","3":"status-publish","4":"has-post-thumbnail","6":"product_brand-thermogenesis","7":"product_cat-xu-ly-mau-cuong-ron-tu-dong","9":"first","10":"outofstock","11":"shipping-taxable","12":"product-type-simple"},"acf":[],"yoast_head":"<!-- This site is optimized with the Yoast SEO plugin v26.8 - https:\/\/yoast.com\/product\/yoast-seo-wordpress\/ -->\n<title>B\u1ed9 T\u00fai QC Thi\u1ebft B\u1ecb AXP<\/title>\n<meta name=\"description\" content=\"B\u1ed9 t\u00fai QC thi\u1ebft b\u1ecb AXP h\u1ed7 tr\u1ee3 th\u1ef1c hi\u1ec7n t\u1ef1 ki\u1ec3m tra (self-test) thi\u1ebft b\u1ecb x\u1eed l\u00fd m\u00e1u cu\u1ed1ng r\u1ed1n.\" \/>\n<meta name=\"robots\" content=\"index, follow, max-snippet:-1, max-image-preview:large, max-video-preview:-1\" \/>\n<link rel=\"canonical\" href=\"https:\/\/biogroupvietnam.com\/vi\/san-pham\/bo-tui-qc-thiet-bi-axp\/\" \/>\n<meta property=\"og:locale\" content=\"vi_VN\" \/>\n<meta property=\"og:type\" content=\"article\" \/>\n<meta property=\"og:title\" content=\"B\u1ed9 T\u00fai QC Thi\u1ebft B\u1ecb AXP\" \/>\n<meta property=\"og:description\" content=\"B\u1ed9 t\u00fai QC thi\u1ebft b\u1ecb AXP h\u1ed7 tr\u1ee3 th\u1ef1c hi\u1ec7n t\u1ef1 ki\u1ec3m tra (self-test) thi\u1ebft b\u1ecb x\u1eed l\u00fd m\u00e1u cu\u1ed1ng r\u1ed1n.\" \/>\n<meta property=\"og:url\" content=\"https:\/\/biogroupvietnam.com\/vi\/san-pham\/bo-tui-qc-thiet-bi-axp\/\" \/>\n<meta property=\"og:site_name\" content=\"Biogroup Vietnam\" \/>\n<meta property=\"article:modified_time\" content=\"2025-11-18T02:24:23+00:00\" \/>\n<meta property=\"og:image\" content=\"https:\/\/biogroupvietnam.com\/wp-content\/uploads\/2025\/08\/AXP-QC-Bag-Set.jpg\" \/>\n\t<meta property=\"og:image:width\" content=\"1640\" \/>\n\t<meta property=\"og:image:height\" content=\"1260\" \/>\n\t<meta property=\"og:image:type\" content=\"image\/jpeg\" \/>\n<meta name=\"twitter:card\" content=\"summary_large_image\" \/>\n<meta name=\"twitter:label1\" content=\"\u01af\u1edbc t\u00ednh th\u1eddi gian \u0111\u1ecdc\" \/>\n\t<meta name=\"twitter:data1\" content=\"1 ph\u00fat\" \/>\n<script type=\"application\/ld+json\" class=\"yoast-schema-graph\">{\"@context\":\"https:\/\/schema.org\",\"@graph\":[{\"@type\":\"WebPage\",\"@id\":\"https:\/\/biogroupvietnam.com\/vi\/san-pham\/bo-tui-qc-thiet-bi-axp\/\",\"url\":\"https:\/\/biogroupvietnam.com\/vi\/san-pham\/bo-tui-qc-thiet-bi-axp\/\",\"name\":\"B\u1ed9 T\u00fai QC Thi\u1ebft B\u1ecb AXP\",\"isPartOf\":{\"@id\":\"https:\/\/biogroupvietnam.com\/vi\/#website\"},\"primaryImageOfPage\":{\"@id\":\"https:\/\/biogroupvietnam.com\/vi\/san-pham\/bo-tui-qc-thiet-bi-axp\/#primaryimage\"},\"image\":{\"@id\":\"https:\/\/biogroupvietnam.com\/vi\/san-pham\/bo-tui-qc-thiet-bi-axp\/#primaryimage\"},\"thumbnailUrl\":\"https:\/\/biogroupvietnam.com\/wp-content\/uploads\/2025\/08\/AXP-QC-Bag-Set.jpg\",\"datePublished\":\"2025-08-18T12:52:21+00:00\",\"dateModified\":\"2025-11-18T02:24:23+00:00\",\"description\":\"B\u1ed9 t\u00fai QC thi\u1ebft b\u1ecb AXP h\u1ed7 tr\u1ee3 th\u1ef1c hi\u1ec7n t\u1ef1 ki\u1ec3m tra (self-test) thi\u1ebft b\u1ecb x\u1eed l\u00fd m\u00e1u cu\u1ed1ng r\u1ed1n.\",\"breadcrumb\":{\"@id\":\"https:\/\/biogroupvietnam.com\/vi\/san-pham\/bo-tui-qc-thiet-bi-axp\/#breadcrumb\"},\"inLanguage\":\"vi\",\"potentialAction\":[{\"@type\":\"ReadAction\",\"target\":[\"https:\/\/biogroupvietnam.com\/vi\/san-pham\/bo-tui-qc-thiet-bi-axp\/\"]}]},{\"@type\":\"ImageObject\",\"inLanguage\":\"vi\",\"@id\":\"https:\/\/biogroupvietnam.com\/vi\/san-pham\/bo-tui-qc-thiet-bi-axp\/#primaryimage\",\"url\":\"https:\/\/biogroupvietnam.com\/wp-content\/uploads\/2025\/08\/AXP-QC-Bag-Set.jpg\",\"contentUrl\":\"https:\/\/biogroupvietnam.com\/wp-content\/uploads\/2025\/08\/AXP-QC-Bag-Set.jpg\",\"width\":1640,\"height\":1260},{\"@type\":\"BreadcrumbList\",\"@id\":\"https:\/\/biogroupvietnam.com\/vi\/san-pham\/bo-tui-qc-thiet-bi-axp\/#breadcrumb\",\"itemListElement\":[{\"@type\":\"ListItem\",\"position\":1,\"name\":\"Trang ch\u1ee7\",\"item\":\"https:\/\/biogroupvietnam.com\/vi\/\"},{\"@type\":\"ListItem\",\"position\":2,\"name\":\"S\u1ea3n ph\u1ea9m\",\"item\":\"https:\/\/biogroupvietnam.com\/vi\/san-pham\/\"},{\"@type\":\"ListItem\",\"position\":3,\"name\":\"X\u1eed L\u00fd T\u1ebf B\u00e0o\",\"item\":\"https:\/\/biogroupvietnam.com\/vi\/danh-muc-san-pham\/xu-ly-te-bao\/\"},{\"@type\":\"ListItem\",\"position\":4,\"name\":\"X\u1eed L\u00fd M\u00e1u Cu\u1ed1ng R\u1ed1n T\u1ef1 \u0110\u1ed9ng\",\"item\":\"https:\/\/biogroupvietnam.com\/vi\/danh-muc-san-pham\/xu-ly-mau-cuong-ron-tu-dong\/\"},{\"@type\":\"ListItem\",\"position\":5,\"name\":\"B\u1ed9 T\u00fai QC Thi\u1ebft B\u1ecb AXP\"}]},{\"@type\":\"WebSite\",\"@id\":\"https:\/\/biogroupvietnam.com\/vi\/#website\",\"url\":\"https:\/\/biogroupvietnam.com\/vi\/\",\"name\":\"Biogroup Vietnam\",\"description\":\"Biogroup Vietnam cung c\u1ea5p d\u1ecbch v\u1ee5 k\u1ef9 thu\u1eadt c\u00f9ng thi\u1ebft b\u1ecb, v\u1eadt t\u01b0, h\u00f3a ch\u1ea5t v\u00e0 gi\u1ea3i ph\u00e1p sinh h\u1ecdc cho ph\u00f2ng th\u00ed nghi\u1ec7m c\u00f4ng ngh\u1ec7 sinh h\u1ecdc, y sinh v\u00e0 y h\u1ecdc t\u00e1i t\u1ea1o.\",\"potentialAction\":[{\"@type\":\"SearchAction\",\"target\":{\"@type\":\"EntryPoint\",\"urlTemplate\":\"https:\/\/biogroupvietnam.com\/vi\/?s={search_term_string}\"},\"query-input\":{\"@type\":\"PropertyValueSpecification\",\"valueRequired\":true,\"valueName\":\"search_term_string\"}}],\"inLanguage\":\"vi\"}]}<\/script>\n<!-- \/ Yoast SEO plugin. -->","yoast_head_json":{"title":"B\u1ed9 T\u00fai QC Thi\u1ebft B\u1ecb AXP","description":"B\u1ed9 t\u00fai QC thi\u1ebft b\u1ecb AXP h\u1ed7 tr\u1ee3 th\u1ef1c hi\u1ec7n t\u1ef1 ki\u1ec3m tra (self-test) thi\u1ebft b\u1ecb x\u1eed l\u00fd m\u00e1u cu\u1ed1ng r\u1ed1n.","robots":{"index":"index","follow":"follow","max-snippet":"max-snippet:-1","max-image-preview":"max-image-preview:large","max-video-preview":"max-video-preview:-1"},"canonical":"https:\/\/biogroupvietnam.com\/vi\/san-pham\/bo-tui-qc-thiet-bi-axp\/","og_locale":"vi_VN","og_type":"article","og_title":"B\u1ed9 T\u00fai QC Thi\u1ebft B\u1ecb AXP","og_description":"B\u1ed9 t\u00fai QC thi\u1ebft b\u1ecb AXP h\u1ed7 tr\u1ee3 th\u1ef1c hi\u1ec7n t\u1ef1 ki\u1ec3m tra (self-test) thi\u1ebft b\u1ecb x\u1eed l\u00fd m\u00e1u cu\u1ed1ng r\u1ed1n.","og_url":"https:\/\/biogroupvietnam.com\/vi\/san-pham\/bo-tui-qc-thiet-bi-axp\/","og_site_name":"Biogroup Vietnam","article_modified_time":"2025-11-18T02:24:23+00:00","og_image":[{"width":1640,"height":1260,"url":"https:\/\/biogroupvietnam.com\/wp-content\/uploads\/2025\/08\/AXP-QC-Bag-Set.jpg","type":"image\/jpeg"}],"twitter_card":"summary_large_image","twitter_misc":{"\u01af\u1edbc t\u00ednh th\u1eddi gian \u0111\u1ecdc":"1 ph\u00fat"},"schema":{"@context":"https:\/\/schema.org","@graph":[{"@type":"WebPage","@id":"https:\/\/biogroupvietnam.com\/vi\/san-pham\/bo-tui-qc-thiet-bi-axp\/","url":"https:\/\/biogroupvietnam.com\/vi\/san-pham\/bo-tui-qc-thiet-bi-axp\/","name":"B\u1ed9 T\u00fai QC Thi\u1ebft B\u1ecb AXP","isPartOf":{"@id":"https:\/\/biogroupvietnam.com\/vi\/#website"},"primaryImageOfPage":{"@id":"https:\/\/biogroupvietnam.com\/vi\/san-pham\/bo-tui-qc-thiet-bi-axp\/#primaryimage"},"image":{"@id":"https:\/\/biogroupvietnam.com\/vi\/san-pham\/bo-tui-qc-thiet-bi-axp\/#primaryimage"},"thumbnailUrl":"https:\/\/biogroupvietnam.com\/wp-content\/uploads\/2025\/08\/AXP-QC-Bag-Set.jpg","datePublished":"2025-08-18T12:52:21+00:00","dateModified":"2025-11-18T02:24:23+00:00","description":"B\u1ed9 t\u00fai QC thi\u1ebft b\u1ecb AXP h\u1ed7 tr\u1ee3 th\u1ef1c hi\u1ec7n t\u1ef1 ki\u1ec3m tra (self-test) thi\u1ebft b\u1ecb x\u1eed l\u00fd m\u00e1u cu\u1ed1ng r\u1ed1n.","breadcrumb":{"@id":"https:\/\/biogroupvietnam.com\/vi\/san-pham\/bo-tui-qc-thiet-bi-axp\/#breadcrumb"},"inLanguage":"vi","potentialAction":[{"@type":"ReadAction","target":["https:\/\/biogroupvietnam.com\/vi\/san-pham\/bo-tui-qc-thiet-bi-axp\/"]}]},{"@type":"ImageObject","inLanguage":"vi","@id":"https:\/\/biogroupvietnam.com\/vi\/san-pham\/bo-tui-qc-thiet-bi-axp\/#primaryimage","url":"https:\/\/biogroupvietnam.com\/wp-content\/uploads\/2025\/08\/AXP-QC-Bag-Set.jpg","contentUrl":"https:\/\/biogroupvietnam.com\/wp-content\/uploads\/2025\/08\/AXP-QC-Bag-Set.jpg","width":1640,"height":1260},{"@type":"BreadcrumbList","@id":"https:\/\/biogroupvietnam.com\/vi\/san-pham\/bo-tui-qc-thiet-bi-axp\/#breadcrumb","itemListElement":[{"@type":"ListItem","position":1,"name":"Trang ch\u1ee7","item":"https:\/\/biogroupvietnam.com\/vi\/"},{"@type":"ListItem","position":2,"name":"S\u1ea3n ph\u1ea9m","item":"https:\/\/biogroupvietnam.com\/vi\/san-pham\/"},{"@type":"ListItem","position":3,"name":"X\u1eed L\u00fd T\u1ebf B\u00e0o","item":"https:\/\/biogroupvietnam.com\/vi\/danh-muc-san-pham\/xu-ly-te-bao\/"},{"@type":"ListItem","position":4,"name":"X\u1eed L\u00fd M\u00e1u Cu\u1ed1ng R\u1ed1n T\u1ef1 \u0110\u1ed9ng","item":"https:\/\/biogroupvietnam.com\/vi\/danh-muc-san-pham\/xu-ly-mau-cuong-ron-tu-dong\/"},{"@type":"ListItem","position":5,"name":"B\u1ed9 T\u00fai QC Thi\u1ebft B\u1ecb AXP"}]},{"@type":"WebSite","@id":"https:\/\/biogroupvietnam.com\/vi\/#website","url":"https:\/\/biogroupvietnam.com\/vi\/","name":"Biogroup Vietnam","description":"Biogroup Vietnam cung c\u1ea5p d\u1ecbch v\u1ee5 k\u1ef9 thu\u1eadt c\u00f9ng thi\u1ebft b\u1ecb, v\u1eadt t\u01b0, h\u00f3a ch\u1ea5t v\u00e0 gi\u1ea3i ph\u00e1p sinh h\u1ecdc cho ph\u00f2ng th\u00ed nghi\u1ec7m c\u00f4ng ngh\u1ec7 sinh h\u1ecdc, y sinh v\u00e0 y h\u1ecdc t\u00e1i t\u1ea1o.","potentialAction":[{"@type":"SearchAction","target":{"@type":"EntryPoint","urlTemplate":"https:\/\/biogroupvietnam.com\/vi\/?s={search_term_string}"},"query-input":{"@type":"PropertyValueSpecification","valueRequired":true,"valueName":"search_term_string"}}],"inLanguage":"vi"}]}},"_links":{"self":[{"href":"https:\/\/biogroupvietnam.com\/vi\/wp-json\/wp\/v2\/product\/3696","targetHints":{"allow":["GET"]}}],"collection":[{"href":"https:\/\/biogroupvietnam.com\/vi\/wp-json\/wp\/v2\/product"}],"about":[{"href":"https:\/\/biogroupvietnam.com\/vi\/wp-json\/wp\/v2\/types\/product"}],"replies":[{"embeddable":true,"href":"https:\/\/biogroupvietnam.com\/vi\/wp-json\/wp\/v2\/comments?post=3696"}],"version-history":[{"count":5,"href":"https:\/\/biogroupvietnam.com\/vi\/wp-json\/wp\/v2\/product\/3696\/revisions"}],"predecessor-version":[{"id":9748,"href":"https:\/\/biogroupvietnam.com\/vi\/wp-json\/wp\/v2\/product\/3696\/revisions\/9748"}],"wp:featuredmedia":[{"embeddable":true,"href":"https:\/\/biogroupvietnam.com\/vi\/wp-json\/wp\/v2\/media\/9033"}],"wp:attachment":[{"href":"https:\/\/biogroupvietnam.com\/vi\/wp-json\/wp\/v2\/media?parent=3696"}],"wp:term":[{"taxonomy":"product_brand","embeddable":true,"href":"https:\/\/biogroupvietnam.com\/vi\/wp-json\/wp\/v2\/product_brand?post=3696"},{"taxonomy":"product_cat","embeddable":true,"href":"https:\/\/biogroupvietnam.com\/vi\/wp-json\/wp\/v2\/product_cat?post=3696"},{"taxonomy":"product_tag","embeddable":true,"href":"https:\/\/biogroupvietnam.com\/vi\/wp-json\/wp\/v2\/product_tag?post=3696"}],"curies":[{"name":"wp","href":"https:\/\/api.w.org\/{rel}","templated":true}]}}