{"id":3697,"date":"2025-08-18T19:52:21","date_gmt":"2025-08-18T12:52:21","guid":{"rendered":"http:\/\/biogroupvietnam-worldpress.local\/product\/import-placeholder-for-71\/"},"modified":"2025-11-12T18:34:54","modified_gmt":"2025-11-12T11:34:54","slug":"may-u-lac-1","status":"publish","type":"product","link":"https:\/\/biogroupvietnam.com\/vi\/san-pham\/may-u-lac-1\/","title":{"rendered":"M\u00e1y \u1ee7 l\u1eafc"},"content":{"rendered":"<p>Incu-Shaker Mini l\u00e0 m\u00e1y c\u00f3 thi\u1ebft k\u1ebf nh\u1ecf g\u1ecdn nh\u1ea5t, kh\u00f4ng gian l\u00e0m vi\u1ec7c l\u1edbn 11,5 x 9,5 cm ch\u1ee9a c\u00e1c b\u00ecnh, \u1ed1ng th\u00f4ng th\u01b0\u1eddng kh\u00e1c.<\/p>\n<p>B\u1ec1 m\u1eb7t ch\u1ed1ng tr\u01b0\u1ee3t, b\u1ecdc cao su, l\u00fd t\u01b0\u1edfng cho c\u00e1c b\u00ecnh nu\u00f4i c\u1ea5y m\u00f4, \u0111\u0129a Petri v\u00e0 khay nhu\u1ed9m m\u00e0u.<\/p>\n<p>K\u1eb9p MAGic ti\u1ec7n l\u1ee3i c\u0169ng \u0111\u1ec3 s\u1eed d\u1ee5ng v\u1edbi b\u00ecnh Erlenmeyer v\u00e0 gi\u00e1 \u0111\u1ee1 \u1ed1ng nghi\u1ec7m. Ph\u01b0\u01a1ng ph\u00e1p g\u1eafn t\u1eeb t\u00ednh \u0111\u1ed9c \u0111\u00e1o l\u00e0 c\u00e1ch d\u1ec5 nh\u1ea5t \u0111\u1ec3 thay \u0111\u1ed5i t\u1ee9c th\u1eddi gi\u1eefa c\u00e1c k\u1eb9p b\u00ecnh c\u00f3 k\u00edch c\u1ee1 kh\u00e1c nhau.<\/p>\n","protected":false},"excerpt":{"rendered":"<p>Incu-Shaker Mini l\u00e0 m\u00e1y c\u00f3 thi\u1ebft k\u1ebf nh\u1ecf g\u1ecdn nh\u1ea5t, kh\u00f4ng gian l\u00e0m vi\u1ec7c l\u1edbn 11,5 x 9,5 cm ch\u1ee9a c\u00e1c b\u00ecnh, \u1ed1ng th\u00f4ng th\u01b0\u1eddng kh\u00e1c. B\u1ec1 m\u1eb7t ch\u1ed1ng tr\u01b0\u1ee3t, b\u1ecdc cao su, l\u00fd t\u01b0\u1edfng cho c\u00e1c b\u00ecnh nu\u00f4i c\u1ea5y m\u00f4, \u0111\u0129a Petri v\u00e0 khay nhu\u1ed9m m\u00e0u. K\u1eb9p MAGic ti\u1ec7n l\u1ee3i c\u0169ng \u0111\u1ec3 s\u1eed d\u1ee5ng<\/p>\n<div class=\"klb-readmore post-buttons\"><a class=\"button rounded primary\" href=\"https:\/\/biogroupvietnam.com\/vi\/san-pham\/may-u-lac-1\/\">Read More <i class=\"klbth-icon-right-arrow\"><\/i><\/a><\/div>\n","protected":false},"featured_media":8903,"comment_status":"closed","ping_status":"closed","template":"","meta":{"_acf_changed":false},"product_brand":[138],"product_cat":[121],"product_tag":[],"class_list":{"0":"post-3697","1":"product","2":"type-product","3":"status-publish","4":"has-post-thumbnail","6":"product_brand-benchmark-scientific","7":"product_cat-tu-an-toan-sinh-hoc","9":"first","10":"outofstock","11":"shipping-taxable","12":"product-type-simple"},"acf":[],"yoast_head":"<!-- This site is optimized with the Yoast SEO plugin v26.8 - https:\/\/yoast.com\/product\/yoast-seo-wordpress\/ -->\n<title>M\u00e1y \u1ee7 l\u1eafc<\/title>\n<meta name=\"description\" content=\"Incu-Shaker Mini l\u00e0 m\u00e1y c\u00f3 thi\u1ebft k\u1ebf nh\u1ecf g\u1ecdn nh\u1ea5t, kh\u00f4ng gian l\u00e0m vi\u1ec7c l\u1edbn 11,5 x 9,5 cm ch\u1ee9a c\u00e1c b\u00ecnh, \u1ed1ng th\u00f4ng th\u01b0\u1eddng kh\u00e1c.\" \/>\n<meta name=\"robots\" content=\"index, follow, max-snippet:-1, max-image-preview:large, max-video-preview:-1\" \/>\n<link rel=\"canonical\" href=\"https:\/\/biogroupvietnam.com\/vi\/san-pham\/may-u-lac-1\/\" \/>\n<meta property=\"og:locale\" content=\"vi_VN\" \/>\n<meta property=\"og:type\" content=\"article\" \/>\n<meta property=\"og:title\" content=\"M\u00e1y \u1ee7 l\u1eafc\" \/>\n<meta property=\"og:description\" content=\"Incu-Shaker Mini l\u00e0 m\u00e1y c\u00f3 thi\u1ebft k\u1ebf nh\u1ecf g\u1ecdn nh\u1ea5t, kh\u00f4ng gian l\u00e0m vi\u1ec7c l\u1edbn 11,5 x 9,5 cm ch\u1ee9a c\u00e1c b\u00ecnh, \u1ed1ng th\u00f4ng th\u01b0\u1eddng kh\u00e1c.\" \/>\n<meta property=\"og:url\" content=\"https:\/\/biogroupvietnam.com\/vi\/san-pham\/may-u-lac-1\/\" \/>\n<meta property=\"og:site_name\" content=\"Biogroup Vietnam\" \/>\n<meta property=\"article:modified_time\" content=\"2025-11-12T11:34:54+00:00\" \/>\n<meta property=\"og:image\" content=\"https:\/\/biogroupvietnam.com\/wp-content\/uploads\/2025\/08\/Incu-Shaker\u2122-Mini-with-non-slip-rubber-mat.jpg\" \/>\n\t<meta property=\"og:image:width\" content=\"1640\" \/>\n\t<meta property=\"og:image:height\" content=\"1260\" \/>\n\t<meta property=\"og:image:type\" content=\"image\/jpeg\" \/>\n<meta name=\"twitter:card\" content=\"summary_large_image\" \/>\n<meta name=\"twitter:label1\" content=\"\u01af\u1edbc t\u00ednh th\u1eddi gian \u0111\u1ecdc\" \/>\n\t<meta name=\"twitter:data1\" content=\"1 ph\u00fat\" \/>\n<script type=\"application\/ld+json\" class=\"yoast-schema-graph\">{\"@context\":\"https:\/\/schema.org\",\"@graph\":[{\"@type\":\"WebPage\",\"@id\":\"https:\/\/biogroupvietnam.com\/vi\/san-pham\/may-u-lac-1\/\",\"url\":\"https:\/\/biogroupvietnam.com\/vi\/san-pham\/may-u-lac-1\/\",\"name\":\"M\u00e1y \u1ee7 l\u1eafc\",\"isPartOf\":{\"@id\":\"https:\/\/biogroupvietnam.com\/vi\/#website\"},\"primaryImageOfPage\":{\"@id\":\"https:\/\/biogroupvietnam.com\/vi\/san-pham\/may-u-lac-1\/#primaryimage\"},\"image\":{\"@id\":\"https:\/\/biogroupvietnam.com\/vi\/san-pham\/may-u-lac-1\/#primaryimage\"},\"thumbnailUrl\":\"https:\/\/biogroupvietnam.com\/wp-content\/uploads\/2025\/08\/Incu-Shaker\u2122-Mini-with-non-slip-rubber-mat.jpg\",\"datePublished\":\"2025-08-18T12:52:21+00:00\",\"dateModified\":\"2025-11-12T11:34:54+00:00\",\"description\":\"Incu-Shaker Mini l\u00e0 m\u00e1y c\u00f3 thi\u1ebft k\u1ebf nh\u1ecf g\u1ecdn nh\u1ea5t, kh\u00f4ng gian l\u00e0m vi\u1ec7c l\u1edbn 11,5 x 9,5 cm ch\u1ee9a c\u00e1c b\u00ecnh, \u1ed1ng th\u00f4ng th\u01b0\u1eddng kh\u00e1c.\",\"breadcrumb\":{\"@id\":\"https:\/\/biogroupvietnam.com\/vi\/san-pham\/may-u-lac-1\/#breadcrumb\"},\"inLanguage\":\"vi\",\"potentialAction\":[{\"@type\":\"ReadAction\",\"target\":[\"https:\/\/biogroupvietnam.com\/vi\/san-pham\/may-u-lac-1\/\"]}]},{\"@type\":\"ImageObject\",\"inLanguage\":\"vi\",\"@id\":\"https:\/\/biogroupvietnam.com\/vi\/san-pham\/may-u-lac-1\/#primaryimage\",\"url\":\"https:\/\/biogroupvietnam.com\/wp-content\/uploads\/2025\/08\/Incu-Shaker\u2122-Mini-with-non-slip-rubber-mat.jpg\",\"contentUrl\":\"https:\/\/biogroupvietnam.com\/wp-content\/uploads\/2025\/08\/Incu-Shaker\u2122-Mini-with-non-slip-rubber-mat.jpg\",\"width\":1640,\"height\":1260},{\"@type\":\"BreadcrumbList\",\"@id\":\"https:\/\/biogroupvietnam.com\/vi\/san-pham\/may-u-lac-1\/#breadcrumb\",\"itemListElement\":[{\"@type\":\"ListItem\",\"position\":1,\"name\":\"Trang ch\u1ee7\",\"item\":\"https:\/\/biogroupvietnam.com\/vi\/\"},{\"@type\":\"ListItem\",\"position\":2,\"name\":\"S\u1ea3n ph\u1ea9m\",\"item\":\"https:\/\/biogroupvietnam.com\/vi\/san-pham\/\"},{\"@type\":\"ListItem\",\"position\":3,\"name\":\"R&amp;D Sinh H\u1ecdc\",\"item\":\"https:\/\/biogroupvietnam.com\/vi\/danh-muc-san-pham\/rd-sinh-hoc\/\"},{\"@type\":\"ListItem\",\"position\":4,\"name\":\"T\u1ee7 an to\u00e0n sinh h\u1ecdc\",\"item\":\"https:\/\/biogroupvietnam.com\/vi\/danh-muc-san-pham\/tu-an-toan-sinh-hoc\/\"},{\"@type\":\"ListItem\",\"position\":5,\"name\":\"M\u00e1y \u1ee7 l\u1eafc\"}]},{\"@type\":\"WebSite\",\"@id\":\"https:\/\/biogroupvietnam.com\/vi\/#website\",\"url\":\"https:\/\/biogroupvietnam.com\/vi\/\",\"name\":\"Biogroup Vietnam\",\"description\":\"Biogroup Vietnam cung c\u1ea5p d\u1ecbch v\u1ee5 k\u1ef9 thu\u1eadt c\u00f9ng thi\u1ebft b\u1ecb, v\u1eadt t\u01b0, h\u00f3a ch\u1ea5t v\u00e0 gi\u1ea3i ph\u00e1p sinh h\u1ecdc cho ph\u00f2ng th\u00ed nghi\u1ec7m c\u00f4ng ngh\u1ec7 sinh h\u1ecdc, y sinh v\u00e0 y h\u1ecdc t\u00e1i t\u1ea1o.\",\"potentialAction\":[{\"@type\":\"SearchAction\",\"target\":{\"@type\":\"EntryPoint\",\"urlTemplate\":\"https:\/\/biogroupvietnam.com\/vi\/?s={search_term_string}\"},\"query-input\":{\"@type\":\"PropertyValueSpecification\",\"valueRequired\":true,\"valueName\":\"search_term_string\"}}],\"inLanguage\":\"vi\"}]}<\/script>\n<!-- \/ Yoast SEO plugin. -->","yoast_head_json":{"title":"M\u00e1y \u1ee7 l\u1eafc","description":"Incu-Shaker Mini l\u00e0 m\u00e1y c\u00f3 thi\u1ebft k\u1ebf nh\u1ecf g\u1ecdn nh\u1ea5t, kh\u00f4ng gian l\u00e0m vi\u1ec7c l\u1edbn 11,5 x 9,5 cm ch\u1ee9a c\u00e1c b\u00ecnh, \u1ed1ng th\u00f4ng th\u01b0\u1eddng kh\u00e1c.","robots":{"index":"index","follow":"follow","max-snippet":"max-snippet:-1","max-image-preview":"max-image-preview:large","max-video-preview":"max-video-preview:-1"},"canonical":"https:\/\/biogroupvietnam.com\/vi\/san-pham\/may-u-lac-1\/","og_locale":"vi_VN","og_type":"article","og_title":"M\u00e1y \u1ee7 l\u1eafc","og_description":"Incu-Shaker Mini l\u00e0 m\u00e1y c\u00f3 thi\u1ebft k\u1ebf nh\u1ecf g\u1ecdn nh\u1ea5t, kh\u00f4ng gian l\u00e0m vi\u1ec7c l\u1edbn 11,5 x 9,5 cm ch\u1ee9a c\u00e1c b\u00ecnh, \u1ed1ng th\u00f4ng th\u01b0\u1eddng kh\u00e1c.","og_url":"https:\/\/biogroupvietnam.com\/vi\/san-pham\/may-u-lac-1\/","og_site_name":"Biogroup Vietnam","article_modified_time":"2025-11-12T11:34:54+00:00","og_image":[{"width":1640,"height":1260,"url":"https:\/\/biogroupvietnam.com\/wp-content\/uploads\/2025\/08\/Incu-Shaker\u2122-Mini-with-non-slip-rubber-mat.jpg","type":"image\/jpeg"}],"twitter_card":"summary_large_image","twitter_misc":{"\u01af\u1edbc t\u00ednh th\u1eddi gian \u0111\u1ecdc":"1 ph\u00fat"},"schema":{"@context":"https:\/\/schema.org","@graph":[{"@type":"WebPage","@id":"https:\/\/biogroupvietnam.com\/vi\/san-pham\/may-u-lac-1\/","url":"https:\/\/biogroupvietnam.com\/vi\/san-pham\/may-u-lac-1\/","name":"M\u00e1y \u1ee7 l\u1eafc","isPartOf":{"@id":"https:\/\/biogroupvietnam.com\/vi\/#website"},"primaryImageOfPage":{"@id":"https:\/\/biogroupvietnam.com\/vi\/san-pham\/may-u-lac-1\/#primaryimage"},"image":{"@id":"https:\/\/biogroupvietnam.com\/vi\/san-pham\/may-u-lac-1\/#primaryimage"},"thumbnailUrl":"https:\/\/biogroupvietnam.com\/wp-content\/uploads\/2025\/08\/Incu-Shaker\u2122-Mini-with-non-slip-rubber-mat.jpg","datePublished":"2025-08-18T12:52:21+00:00","dateModified":"2025-11-12T11:34:54+00:00","description":"Incu-Shaker Mini l\u00e0 m\u00e1y c\u00f3 thi\u1ebft k\u1ebf nh\u1ecf g\u1ecdn nh\u1ea5t, kh\u00f4ng gian l\u00e0m vi\u1ec7c l\u1edbn 11,5 x 9,5 cm ch\u1ee9a c\u00e1c b\u00ecnh, \u1ed1ng th\u00f4ng th\u01b0\u1eddng kh\u00e1c.","breadcrumb":{"@id":"https:\/\/biogroupvietnam.com\/vi\/san-pham\/may-u-lac-1\/#breadcrumb"},"inLanguage":"vi","potentialAction":[{"@type":"ReadAction","target":["https:\/\/biogroupvietnam.com\/vi\/san-pham\/may-u-lac-1\/"]}]},{"@type":"ImageObject","inLanguage":"vi","@id":"https:\/\/biogroupvietnam.com\/vi\/san-pham\/may-u-lac-1\/#primaryimage","url":"https:\/\/biogroupvietnam.com\/wp-content\/uploads\/2025\/08\/Incu-Shaker\u2122-Mini-with-non-slip-rubber-mat.jpg","contentUrl":"https:\/\/biogroupvietnam.com\/wp-content\/uploads\/2025\/08\/Incu-Shaker\u2122-Mini-with-non-slip-rubber-mat.jpg","width":1640,"height":1260},{"@type":"BreadcrumbList","@id":"https:\/\/biogroupvietnam.com\/vi\/san-pham\/may-u-lac-1\/#breadcrumb","itemListElement":[{"@type":"ListItem","position":1,"name":"Trang ch\u1ee7","item":"https:\/\/biogroupvietnam.com\/vi\/"},{"@type":"ListItem","position":2,"name":"S\u1ea3n ph\u1ea9m","item":"https:\/\/biogroupvietnam.com\/vi\/san-pham\/"},{"@type":"ListItem","position":3,"name":"R&amp;D Sinh H\u1ecdc","item":"https:\/\/biogroupvietnam.com\/vi\/danh-muc-san-pham\/rd-sinh-hoc\/"},{"@type":"ListItem","position":4,"name":"T\u1ee7 an to\u00e0n sinh h\u1ecdc","item":"https:\/\/biogroupvietnam.com\/vi\/danh-muc-san-pham\/tu-an-toan-sinh-hoc\/"},{"@type":"ListItem","position":5,"name":"M\u00e1y \u1ee7 l\u1eafc"}]},{"@type":"WebSite","@id":"https:\/\/biogroupvietnam.com\/vi\/#website","url":"https:\/\/biogroupvietnam.com\/vi\/","name":"Biogroup Vietnam","description":"Biogroup Vietnam cung c\u1ea5p d\u1ecbch v\u1ee5 k\u1ef9 thu\u1eadt c\u00f9ng thi\u1ebft b\u1ecb, v\u1eadt t\u01b0, h\u00f3a ch\u1ea5t v\u00e0 gi\u1ea3i ph\u00e1p sinh h\u1ecdc cho ph\u00f2ng th\u00ed nghi\u1ec7m c\u00f4ng ngh\u1ec7 sinh h\u1ecdc, y sinh v\u00e0 y h\u1ecdc t\u00e1i t\u1ea1o.","potentialAction":[{"@type":"SearchAction","target":{"@type":"EntryPoint","urlTemplate":"https:\/\/biogroupvietnam.com\/vi\/?s={search_term_string}"},"query-input":{"@type":"PropertyValueSpecification","valueRequired":true,"valueName":"search_term_string"}}],"inLanguage":"vi"}]}},"_links":{"self":[{"href":"https:\/\/biogroupvietnam.com\/vi\/wp-json\/wp\/v2\/product\/3697","targetHints":{"allow":["GET"]}}],"collection":[{"href":"https:\/\/biogroupvietnam.com\/vi\/wp-json\/wp\/v2\/product"}],"about":[{"href":"https:\/\/biogroupvietnam.com\/vi\/wp-json\/wp\/v2\/types\/product"}],"replies":[{"embeddable":true,"href":"https:\/\/biogroupvietnam.com\/vi\/wp-json\/wp\/v2\/comments?post=3697"}],"version-history":[{"count":5,"href":"https:\/\/biogroupvietnam.com\/vi\/wp-json\/wp\/v2\/product\/3697\/revisions"}],"predecessor-version":[{"id":8904,"href":"https:\/\/biogroupvietnam.com\/vi\/wp-json\/wp\/v2\/product\/3697\/revisions\/8904"}],"wp:featuredmedia":[{"embeddable":true,"href":"https:\/\/biogroupvietnam.com\/vi\/wp-json\/wp\/v2\/media\/8903"}],"wp:attachment":[{"href":"https:\/\/biogroupvietnam.com\/vi\/wp-json\/wp\/v2\/media?parent=3697"}],"wp:term":[{"taxonomy":"product_brand","embeddable":true,"href":"https:\/\/biogroupvietnam.com\/vi\/wp-json\/wp\/v2\/product_brand?post=3697"},{"taxonomy":"product_cat","embeddable":true,"href":"https:\/\/biogroupvietnam.com\/vi\/wp-json\/wp\/v2\/product_cat?post=3697"},{"taxonomy":"product_tag","embeddable":true,"href":"https:\/\/biogroupvietnam.com\/vi\/wp-json\/wp\/v2\/product_tag?post=3697"}],"curies":[{"name":"wp","href":"https:\/\/api.w.org\/{rel}","templated":true}]}}