{"id":3698,"date":"2025-08-18T19:52:22","date_gmt":"2025-08-18T12:52:22","guid":{"rendered":"http:\/\/biogroupvietnam-worldpress.local\/product\/import-placeholder-for-72\/"},"modified":"2025-11-12T18:33:39","modified_gmt":"2025-11-12T11:33:39","slug":"may-spindown-mini-1","status":"publish","type":"product","link":"https:\/\/biogroupvietnam.com\/vi\/san-pham\/may-spindown-mini-1\/","title":{"rendered":"M\u00e1y ly t\u00e2m mini (Spindown)"},"content":{"rendered":"<h2 style=\"text-align: justify;\">MyFuge Mini l\u00e0 m\u1ed9t m\u00e1y ly t\u00e2m c\u00e1 nh\u00e2n g\u1ea7n nh\u01b0 v\u1eeba v\u1eb7n trong l\u00f2ng b\u00e0n tay c\u1ee7a b\u1ea1n.<\/h2>\n<p style=\"text-align: justify;\">L\u00fd t\u01b0\u1edfng cho vi\u1ec7c quay nhanh c\u00e1c microtubes v\u00e0 \u1ed1ng PCR.<\/p>\n<p style=\"text-align: justify;\">MyFuge c\u1ef1c k\u1ef3 d\u1ec5 s\u1eed d\u1ee5ng. Ch\u1ec9 c\u1ea7n \u0111\u00f3ng n\u1eafp v\u00e0 c\u00e1nh qu\u1ea1t ngay l\u1eadp t\u1ee9c \u0111\u1ea1t 6.000 v\u00f2ng \/ ph\u00fat. M\u1edf n\u1eafp v\u00e0 r\u00f4to nhanh ch\u00f3ng gi\u1ea3m t\u1ed1c \u0111\u1ebfn \u0111i\u1ec3m d\u1eebng \u0111\u1ec3 l\u1ea5y m\u1eabu.<\/p>\n<p style=\"text-align: justify;\">Rotor microtube 8 v\u1ecb tr\u00ed, k\u00e8m rotor cho c\u00e1c \u1ed1ng v\u00e0 strip PCR 0,2ml \u0111\u01b0\u1ee3c l\u01b0u tr\u1eef (c\u00f9ng v\u1edbi ph\u00edm l\u1ea5y rotor) trong m\u1ed9t ng\u0103n ti\u1ec7n l\u1ee3i \u1edf d\u01b0\u1edbi c\u00f9ng c\u1ee7a m\u00e1y ly t\u00e2m. Khi rotor kh\u00f4ng \u0111\u01b0\u1ee3c s\u1eed d\u1ee5ng, vi\u1ec7c l\u01b0u tr\u1eef trong ng\u0103n n\u00e0y s\u1ebd ng\u0103n ng\u1eeba vi\u1ec7c m\u1ea5t ho\u1eb7c \u0111\u1eb7t sai v\u1ecb tr\u00ed c\u1ee7a rotor.<\/p>\n","protected":false},"excerpt":{"rendered":"<p>MyFuge Mini l\u00e0 m\u1ed9t m\u00e1y ly t\u00e2m c\u00e1 nh\u00e2n g\u1ea7n nh\u01b0 v\u1eeba v\u1eb7n trong l\u00f2ng b\u00e0n tay c\u1ee7a b\u1ea1n. L\u00fd t\u01b0\u1edfng cho vi\u1ec7c quay nhanh c\u00e1c microtubes v\u00e0 \u1ed1ng PCR. MyFuge c\u1ef1c k\u1ef3 d\u1ec5 s\u1eed d\u1ee5ng. Ch\u1ec9 c\u1ea7n \u0111\u00f3ng n\u1eafp v\u00e0 c\u00e1nh qu\u1ea1t ngay l\u1eadp t\u1ee9c \u0111\u1ea1t 6.000 v\u00f2ng \/ ph\u00fat. M\u1edf n\u1eafp v\u00e0 r\u00f4to<\/p>\n<div class=\"klb-readmore post-buttons\"><a class=\"button rounded primary\" href=\"https:\/\/biogroupvietnam.com\/vi\/san-pham\/may-spindown-mini-1\/\">Read More <i class=\"klbth-icon-right-arrow\"><\/i><\/a><\/div>\n","protected":false},"featured_media":8900,"comment_status":"closed","ping_status":"closed","template":"","meta":{"_acf_changed":false},"product_brand":[138],"product_cat":[121],"product_tag":[],"class_list":{"0":"post-3698","1":"product","2":"type-product","3":"status-publish","4":"has-post-thumbnail","6":"product_brand-benchmark-scientific","7":"product_cat-tu-an-toan-sinh-hoc","9":"first","10":"outofstock","11":"shipping-taxable","12":"product-type-simple"},"acf":[],"yoast_head":"<!-- This site is optimized with the Yoast SEO plugin v26.8 - https:\/\/yoast.com\/product\/yoast-seo-wordpress\/ -->\n<title>M\u00e1y ly t\u00e2m mini (Spindown)<\/title>\n<meta name=\"description\" content=\"MyFuge Mini l\u00e0 m\u1ed9t m\u00e1y ly t\u00e2m c\u00e1 nh\u00e2n g\u1ea7n nh\u01b0 v\u1eeba v\u1eb7n trong l\u00f2ng b\u00e0n tay c\u1ee7a b\u1ea1n.\" \/>\n<meta name=\"robots\" content=\"index, follow, max-snippet:-1, max-image-preview:large, max-video-preview:-1\" \/>\n<link rel=\"canonical\" href=\"https:\/\/biogroupvietnam.com\/vi\/san-pham\/may-spindown-mini-1\/\" \/>\n<meta property=\"og:locale\" content=\"vi_VN\" \/>\n<meta property=\"og:type\" content=\"article\" \/>\n<meta property=\"og:title\" content=\"M\u00e1y ly t\u00e2m mini (Spindown)\" \/>\n<meta property=\"og:description\" content=\"MyFuge Mini l\u00e0 m\u1ed9t m\u00e1y ly t\u00e2m c\u00e1 nh\u00e2n g\u1ea7n nh\u01b0 v\u1eeba v\u1eb7n trong l\u00f2ng b\u00e0n tay c\u1ee7a b\u1ea1n.\" \/>\n<meta property=\"og:url\" content=\"https:\/\/biogroupvietnam.com\/vi\/san-pham\/may-spindown-mini-1\/\" \/>\n<meta property=\"og:site_name\" content=\"Biogroup Vietnam\" \/>\n<meta property=\"article:modified_time\" content=\"2025-11-12T11:33:39+00:00\" \/>\n<meta property=\"og:image\" content=\"https:\/\/biogroupvietnam.com\/wp-content\/uploads\/2025\/08\/MyFuge\u2122-Mini-Centrifuge-with-2-rotors.jpg\" \/>\n\t<meta property=\"og:image:width\" content=\"1640\" \/>\n\t<meta property=\"og:image:height\" content=\"1260\" \/>\n\t<meta property=\"og:image:type\" content=\"image\/jpeg\" \/>\n<meta name=\"twitter:card\" content=\"summary_large_image\" \/>\n<meta name=\"twitter:label1\" content=\"\u01af\u1edbc t\u00ednh th\u1eddi gian \u0111\u1ecdc\" \/>\n\t<meta name=\"twitter:data1\" content=\"1 ph\u00fat\" \/>\n<script type=\"application\/ld+json\" class=\"yoast-schema-graph\">{\"@context\":\"https:\/\/schema.org\",\"@graph\":[{\"@type\":\"WebPage\",\"@id\":\"https:\/\/biogroupvietnam.com\/vi\/san-pham\/may-spindown-mini-1\/\",\"url\":\"https:\/\/biogroupvietnam.com\/vi\/san-pham\/may-spindown-mini-1\/\",\"name\":\"M\u00e1y ly t\u00e2m mini (Spindown)\",\"isPartOf\":{\"@id\":\"https:\/\/biogroupvietnam.com\/vi\/#website\"},\"primaryImageOfPage\":{\"@id\":\"https:\/\/biogroupvietnam.com\/vi\/san-pham\/may-spindown-mini-1\/#primaryimage\"},\"image\":{\"@id\":\"https:\/\/biogroupvietnam.com\/vi\/san-pham\/may-spindown-mini-1\/#primaryimage\"},\"thumbnailUrl\":\"https:\/\/biogroupvietnam.com\/wp-content\/uploads\/2025\/08\/MyFuge\u2122-Mini-Centrifuge-with-2-rotors.jpg\",\"datePublished\":\"2025-08-18T12:52:22+00:00\",\"dateModified\":\"2025-11-12T11:33:39+00:00\",\"description\":\"MyFuge Mini l\u00e0 m\u1ed9t m\u00e1y ly t\u00e2m c\u00e1 nh\u00e2n g\u1ea7n nh\u01b0 v\u1eeba v\u1eb7n trong l\u00f2ng b\u00e0n tay c\u1ee7a b\u1ea1n.\",\"breadcrumb\":{\"@id\":\"https:\/\/biogroupvietnam.com\/vi\/san-pham\/may-spindown-mini-1\/#breadcrumb\"},\"inLanguage\":\"vi\",\"potentialAction\":[{\"@type\":\"ReadAction\",\"target\":[\"https:\/\/biogroupvietnam.com\/vi\/san-pham\/may-spindown-mini-1\/\"]}]},{\"@type\":\"ImageObject\",\"inLanguage\":\"vi\",\"@id\":\"https:\/\/biogroupvietnam.com\/vi\/san-pham\/may-spindown-mini-1\/#primaryimage\",\"url\":\"https:\/\/biogroupvietnam.com\/wp-content\/uploads\/2025\/08\/MyFuge\u2122-Mini-Centrifuge-with-2-rotors.jpg\",\"contentUrl\":\"https:\/\/biogroupvietnam.com\/wp-content\/uploads\/2025\/08\/MyFuge\u2122-Mini-Centrifuge-with-2-rotors.jpg\",\"width\":1640,\"height\":1260},{\"@type\":\"BreadcrumbList\",\"@id\":\"https:\/\/biogroupvietnam.com\/vi\/san-pham\/may-spindown-mini-1\/#breadcrumb\",\"itemListElement\":[{\"@type\":\"ListItem\",\"position\":1,\"name\":\"Trang ch\u1ee7\",\"item\":\"https:\/\/biogroupvietnam.com\/vi\/\"},{\"@type\":\"ListItem\",\"position\":2,\"name\":\"S\u1ea3n ph\u1ea9m\",\"item\":\"https:\/\/biogroupvietnam.com\/vi\/san-pham\/\"},{\"@type\":\"ListItem\",\"position\":3,\"name\":\"R&amp;D Sinh H\u1ecdc\",\"item\":\"https:\/\/biogroupvietnam.com\/vi\/danh-muc-san-pham\/rd-sinh-hoc\/\"},{\"@type\":\"ListItem\",\"position\":4,\"name\":\"T\u1ee7 an to\u00e0n sinh h\u1ecdc\",\"item\":\"https:\/\/biogroupvietnam.com\/vi\/danh-muc-san-pham\/tu-an-toan-sinh-hoc\/\"},{\"@type\":\"ListItem\",\"position\":5,\"name\":\"M\u00e1y ly t\u00e2m mini (Spindown)\"}]},{\"@type\":\"WebSite\",\"@id\":\"https:\/\/biogroupvietnam.com\/vi\/#website\",\"url\":\"https:\/\/biogroupvietnam.com\/vi\/\",\"name\":\"Biogroup Vietnam\",\"description\":\"Biogroup Vietnam cung c\u1ea5p d\u1ecbch v\u1ee5 k\u1ef9 thu\u1eadt c\u00f9ng thi\u1ebft b\u1ecb, v\u1eadt t\u01b0, h\u00f3a ch\u1ea5t v\u00e0 gi\u1ea3i ph\u00e1p sinh h\u1ecdc cho ph\u00f2ng th\u00ed nghi\u1ec7m c\u00f4ng ngh\u1ec7 sinh h\u1ecdc, y sinh v\u00e0 y h\u1ecdc t\u00e1i t\u1ea1o.\",\"potentialAction\":[{\"@type\":\"SearchAction\",\"target\":{\"@type\":\"EntryPoint\",\"urlTemplate\":\"https:\/\/biogroupvietnam.com\/vi\/?s={search_term_string}\"},\"query-input\":{\"@type\":\"PropertyValueSpecification\",\"valueRequired\":true,\"valueName\":\"search_term_string\"}}],\"inLanguage\":\"vi\"}]}<\/script>\n<!-- \/ Yoast SEO plugin. -->","yoast_head_json":{"title":"M\u00e1y ly t\u00e2m mini (Spindown)","description":"MyFuge Mini l\u00e0 m\u1ed9t m\u00e1y ly t\u00e2m c\u00e1 nh\u00e2n g\u1ea7n nh\u01b0 v\u1eeba v\u1eb7n trong l\u00f2ng b\u00e0n tay c\u1ee7a b\u1ea1n.","robots":{"index":"index","follow":"follow","max-snippet":"max-snippet:-1","max-image-preview":"max-image-preview:large","max-video-preview":"max-video-preview:-1"},"canonical":"https:\/\/biogroupvietnam.com\/vi\/san-pham\/may-spindown-mini-1\/","og_locale":"vi_VN","og_type":"article","og_title":"M\u00e1y ly t\u00e2m mini (Spindown)","og_description":"MyFuge Mini l\u00e0 m\u1ed9t m\u00e1y ly t\u00e2m c\u00e1 nh\u00e2n g\u1ea7n nh\u01b0 v\u1eeba v\u1eb7n trong l\u00f2ng b\u00e0n tay c\u1ee7a b\u1ea1n.","og_url":"https:\/\/biogroupvietnam.com\/vi\/san-pham\/may-spindown-mini-1\/","og_site_name":"Biogroup Vietnam","article_modified_time":"2025-11-12T11:33:39+00:00","og_image":[{"width":1640,"height":1260,"url":"https:\/\/biogroupvietnam.com\/wp-content\/uploads\/2025\/08\/MyFuge\u2122-Mini-Centrifuge-with-2-rotors.jpg","type":"image\/jpeg"}],"twitter_card":"summary_large_image","twitter_misc":{"\u01af\u1edbc t\u00ednh th\u1eddi gian \u0111\u1ecdc":"1 ph\u00fat"},"schema":{"@context":"https:\/\/schema.org","@graph":[{"@type":"WebPage","@id":"https:\/\/biogroupvietnam.com\/vi\/san-pham\/may-spindown-mini-1\/","url":"https:\/\/biogroupvietnam.com\/vi\/san-pham\/may-spindown-mini-1\/","name":"M\u00e1y ly t\u00e2m mini (Spindown)","isPartOf":{"@id":"https:\/\/biogroupvietnam.com\/vi\/#website"},"primaryImageOfPage":{"@id":"https:\/\/biogroupvietnam.com\/vi\/san-pham\/may-spindown-mini-1\/#primaryimage"},"image":{"@id":"https:\/\/biogroupvietnam.com\/vi\/san-pham\/may-spindown-mini-1\/#primaryimage"},"thumbnailUrl":"https:\/\/biogroupvietnam.com\/wp-content\/uploads\/2025\/08\/MyFuge\u2122-Mini-Centrifuge-with-2-rotors.jpg","datePublished":"2025-08-18T12:52:22+00:00","dateModified":"2025-11-12T11:33:39+00:00","description":"MyFuge Mini l\u00e0 m\u1ed9t m\u00e1y ly t\u00e2m c\u00e1 nh\u00e2n g\u1ea7n nh\u01b0 v\u1eeba v\u1eb7n trong l\u00f2ng b\u00e0n tay c\u1ee7a b\u1ea1n.","breadcrumb":{"@id":"https:\/\/biogroupvietnam.com\/vi\/san-pham\/may-spindown-mini-1\/#breadcrumb"},"inLanguage":"vi","potentialAction":[{"@type":"ReadAction","target":["https:\/\/biogroupvietnam.com\/vi\/san-pham\/may-spindown-mini-1\/"]}]},{"@type":"ImageObject","inLanguage":"vi","@id":"https:\/\/biogroupvietnam.com\/vi\/san-pham\/may-spindown-mini-1\/#primaryimage","url":"https:\/\/biogroupvietnam.com\/wp-content\/uploads\/2025\/08\/MyFuge\u2122-Mini-Centrifuge-with-2-rotors.jpg","contentUrl":"https:\/\/biogroupvietnam.com\/wp-content\/uploads\/2025\/08\/MyFuge\u2122-Mini-Centrifuge-with-2-rotors.jpg","width":1640,"height":1260},{"@type":"BreadcrumbList","@id":"https:\/\/biogroupvietnam.com\/vi\/san-pham\/may-spindown-mini-1\/#breadcrumb","itemListElement":[{"@type":"ListItem","position":1,"name":"Trang ch\u1ee7","item":"https:\/\/biogroupvietnam.com\/vi\/"},{"@type":"ListItem","position":2,"name":"S\u1ea3n ph\u1ea9m","item":"https:\/\/biogroupvietnam.com\/vi\/san-pham\/"},{"@type":"ListItem","position":3,"name":"R&amp;D Sinh H\u1ecdc","item":"https:\/\/biogroupvietnam.com\/vi\/danh-muc-san-pham\/rd-sinh-hoc\/"},{"@type":"ListItem","position":4,"name":"T\u1ee7 an to\u00e0n sinh h\u1ecdc","item":"https:\/\/biogroupvietnam.com\/vi\/danh-muc-san-pham\/tu-an-toan-sinh-hoc\/"},{"@type":"ListItem","position":5,"name":"M\u00e1y ly t\u00e2m mini (Spindown)"}]},{"@type":"WebSite","@id":"https:\/\/biogroupvietnam.com\/vi\/#website","url":"https:\/\/biogroupvietnam.com\/vi\/","name":"Biogroup Vietnam","description":"Biogroup Vietnam cung c\u1ea5p d\u1ecbch v\u1ee5 k\u1ef9 thu\u1eadt c\u00f9ng thi\u1ebft b\u1ecb, v\u1eadt t\u01b0, h\u00f3a ch\u1ea5t v\u00e0 gi\u1ea3i ph\u00e1p sinh h\u1ecdc cho ph\u00f2ng th\u00ed nghi\u1ec7m c\u00f4ng ngh\u1ec7 sinh h\u1ecdc, y sinh v\u00e0 y h\u1ecdc t\u00e1i t\u1ea1o.","potentialAction":[{"@type":"SearchAction","target":{"@type":"EntryPoint","urlTemplate":"https:\/\/biogroupvietnam.com\/vi\/?s={search_term_string}"},"query-input":{"@type":"PropertyValueSpecification","valueRequired":true,"valueName":"search_term_string"}}],"inLanguage":"vi"}]}},"_links":{"self":[{"href":"https:\/\/biogroupvietnam.com\/vi\/wp-json\/wp\/v2\/product\/3698","targetHints":{"allow":["GET"]}}],"collection":[{"href":"https:\/\/biogroupvietnam.com\/vi\/wp-json\/wp\/v2\/product"}],"about":[{"href":"https:\/\/biogroupvietnam.com\/vi\/wp-json\/wp\/v2\/types\/product"}],"replies":[{"embeddable":true,"href":"https:\/\/biogroupvietnam.com\/vi\/wp-json\/wp\/v2\/comments?post=3698"}],"version-history":[{"count":4,"href":"https:\/\/biogroupvietnam.com\/vi\/wp-json\/wp\/v2\/product\/3698\/revisions"}],"predecessor-version":[{"id":8901,"href":"https:\/\/biogroupvietnam.com\/vi\/wp-json\/wp\/v2\/product\/3698\/revisions\/8901"}],"wp:featuredmedia":[{"embeddable":true,"href":"https:\/\/biogroupvietnam.com\/vi\/wp-json\/wp\/v2\/media\/8900"}],"wp:attachment":[{"href":"https:\/\/biogroupvietnam.com\/vi\/wp-json\/wp\/v2\/media?parent=3698"}],"wp:term":[{"taxonomy":"product_brand","embeddable":true,"href":"https:\/\/biogroupvietnam.com\/vi\/wp-json\/wp\/v2\/product_brand?post=3698"},{"taxonomy":"product_cat","embeddable":true,"href":"https:\/\/biogroupvietnam.com\/vi\/wp-json\/wp\/v2\/product_cat?post=3698"},{"taxonomy":"product_tag","embeddable":true,"href":"https:\/\/biogroupvietnam.com\/vi\/wp-json\/wp\/v2\/product_tag?post=3698"}],"curies":[{"name":"wp","href":"https:\/\/api.w.org\/{rel}","templated":true}]}}