{"id":3699,"date":"2025-08-18T19:52:22","date_gmt":"2025-08-18T12:52:22","guid":{"rendered":"http:\/\/biogroupvietnam-worldpress.local\/product\/import-placeholder-for-73\/"},"modified":"2025-11-12T18:41:23","modified_gmt":"2025-11-12T11:41:23","slug":"may-do-quang-pho-vi-the-tich-uvvis-ezdrop-1000","status":"publish","type":"product","link":"https:\/\/biogroupvietnam.com\/vi\/san-pham\/may-do-quang-pho-vi-the-tich-uvvis-ezdrop-1000\/","title":{"rendered":"M\u00e1y \u0110o Quang Ph\u1ed5 Vi Th\u1ec3 T\u00edch UV\/Vis EzDrop 1000"},"content":{"rendered":"<p><span style=\"background-color: transparent; color: #000000; font-family: Arial,sans-serif; font-size: 12pt;\"><i><strong>UV\/Vis EzDrop 1000 gi\u00fap t\u0103ng t\u1ed1c hi\u1ec7u qu\u1ea3 nghi\u00ean c\u1ee9u<\/strong><\/i><\/span><\/p>\n<p><span style=\"background-color: transparent; color: #000000; font-family: Arial,sans-serif; font-size: 12pt;\">M\u00e1y quang ph\u1ed5 UV\/Vis th\u1ec3 t\u00edch nh\u1ecf EzDrop 1000 l\u00e0 tr\u1ee3 th\u1ee7 \u0111\u1eafc l\u1ef1c cho c\u00e1c ph\u00f2ng th\u00ed nghi\u1ec7m hi\u1ec7n \u0111\u1ea1i, gi\u00fap b\u1ea1n ho\u00e0n th\u00e0nh ph\u00e9p \u0111o n\u1ed3ng \u0111\u1ed9 m\u1eabu ch\u1ec9 trong 3 gi\u00e2y. V\u1edbi kh\u1ea3 n\u0103ng ph\u00e1t hi\u1ec7n to\u00e0n ph\u1ed5 \u0111\u1ed9ng t\u1eeb 190\u20131000 nm, thi\u1ebft b\u1ecb \u0111\u00e1p \u1ee9ng linh ho\u1ea1t \u0111o n\u1ed3ng \u0111\u1ed9 v\u00e0 \u0111\u1ecbnh l\u01b0\u1ee3ng axit nucleic, protein, t\u1ebf b\u00e0o m\u00e0 kh\u00f4ng c\u1ea7n pha lo\u00e3ng m\u1eabu tr\u01b0\u1edbc khi \u0111o. B\u1ec1 m\u1eb7t c\u1eeda s\u1ed5 m\u1eabu \u0111\u01b0\u1ee3c ph\u1ee7 l\u1edbp Nano k\u1ef5 n\u01b0\u1edbc gi\u00fap h\u1ea1n ch\u1ebf l\u1eabn t\u1ea1p v\u00e0 t\u0103ng \u0111\u1ed9 tin c\u1eady c\u1ee7a k\u1ebft qu\u1ea3. Giao di\u1ec7n c\u1ea3m \u1ee9ng tr\u1ef1c quan, th\u00e2n thi\u1ec7n v\u1edbi ng\u01b0\u1eddi d\u00f9ng, cho ph\u00e9p thao t\u00e1c d\u1ec5 d\u00e0ng ngay c\u1ea3 v\u1edbi ng\u01b0\u1eddi m\u1edbi.<\/span><\/p>\n<h3><span style=\"background-color: transparent; color: #000000; font-family: Arial,sans-serif; font-size: 16pt;\"><strong>\u0110\u1eb7c \u0111i\u1ec3m n\u1ed5i b\u1eadt &amp; t\u00ednh n\u0103ng k\u1ef9 thu\u1eadt<\/strong><\/span><\/h3>\n<ul>\n<li><span style=\"background-color: transparent; color: #000000; font-family: Arial,sans-serif; font-size: 12pt;\">\u0110\u0129a &amp; n\u1eafp \u0111o m\u1eabu \u0111\u01b0\u1ee3c ph\u1ee7 l\u1edbp nano k\u1ef5 n\u01b0\u1edbc nh\u1eb1m \u0111\u1ea3m b\u1ea3o k\u1ebft qu\u1ea3 \u0111o ch\u00ednh x\u00e1c cao.<\/span><\/li>\n<li><span style=\"background-color: transparent; color: #000000; font-family: Arial,sans-serif; font-size: 12pt;\">\u0110o m\u1eabu nhanh trong 3 gi\u00e2y, kh\u00f4ng s\u1eed d\u1ee5ng cuvet.<\/span><\/li>\n<li><span style=\"background-color: transparent; color: #000000; font-family: Arial,sans-serif; font-size: 12pt;\">Th\u1ec3 t\u00edch m\u1eabu \u0111o si\u00eau nh\u1ecf: t\u1eeb 1 \u00b5L.<\/span><\/li>\n<li><span style=\"background-color: transparent; color: #000000; font-family: Arial,sans-serif; font-size: 12pt;\">Kho\u1ea3ng b\u01b0\u1edbc s\u00f3ng \u0111o m\u1eabu t\u1eeb 190-1000 nm.<\/span><\/li>\n<li><span style=\"background-color: transparent; color: #000000; font-family: Arial,sans-serif; font-size: 12pt;\">B\u0103ng th\u00f4ng (Bandwidth): 1,3 nm.<\/span><\/li>\n<li><span style=\"background-color: transparent; color: #000000; font-family: Arial,sans-serif; font-size: 12pt;\">\u0110\u1ed9 ch\u00ednh x\u00e1c b\u01b0\u1edbc s\u00f3ng: 1nm<\/span><\/li>\n<li><span style=\"background-color: transparent; color: #000000; font-family: Arial,sans-serif; font-size: 12pt;\">Ph\u1ea1m vi h\u1ea5p th\u1ee5: 0 (0,02) &#8211; 300 A<\/span><\/li>\n<li><span style=\"background-color: transparent; color: #000000; font-family: Arial,sans-serif; font-size: 12pt;\">\u0110\u1ed9 ch\u00ednh x\u00e1c h\u1ea5p th\u1ee5 (th\u00f4): 0,0015 0,001 A (0,5 mm)<\/span><\/li>\n<li><span style=\"background-color: transparent; color: #000000; font-family: Arial,sans-serif; font-size: 12pt;\">\u0110\u1ed9 ch\u00ednh x\u00e1c h\u1ea5p th\u1ee5: 0,03 A (t\u01b0\u01a1ng \u0111\u01b0\u01a1ng 1 cm)<\/span><\/li>\n<li><span style=\"background-color: transparent; color: #000000; font-family: Arial,sans-serif; font-size: 12pt;\">\u0110\u1ed9 l\u1eb7p l\u1ea1i (Absorbance Accuracy): 3.0% \u1edf 0.75 A \u1edf 300 nm<\/span><\/li>\n<li><span style=\"background-color: transparent; color: #000000; font-family: Arial,sans-serif; font-size: 12pt;\">Kho\u1ea3ng \u0111o: 2 &#8211; 20000 ng\/\u00b5L (dsDNA) ho\u1eb7c 0.06- 600 mg\/mL (BSA).<\/span><\/li>\n<li><span style=\"background-color: transparent; color: #000000; font-family: Arial,sans-serif; font-size: 12pt;\">Thi\u1ebft b\u1ecb \u0111\u1ea1t ch\u1ee9ng nh\u1eadn: CE, RoHS.<\/span><\/li>\n<\/ul>\n<h3><span style=\"background-color: transparent; color: #000000; font-family: Arial,sans-serif; font-size: 16pt;\"><strong>\u1ee8ng d\u1ee5ng UV\/Vis EzDrop 1000<\/strong><\/span><\/h3>\n<ul>\n<li><span style=\"background-color: transparent; color: #000000; font-family: Arial,sans-serif; font-size: 12pt;\">X\u00e1c \u0111\u1ecbnh n\u1ed3ng \u0111\u1ed9, \u0111\u1ecbnh l\u01b0\u1ee3ng nucleic acid (DNA, RNA), s\u1ea3n ph\u1ea9m PCR, chu\u1ea9n b\u1ecb plasmid v\u00e0 c\u00e1c probe lai).<\/span><\/li>\n<li><span style=\"background-color: transparent; color: #000000; font-family: Arial,sans-serif; font-size: 12pt;\">X\u00e1c \u0111\u1ecbnh \u0111\u1ed9 tinh s\u1ea1ch c\u1ee7a nucleic acid (DNA\/ RNA) sau khi ly tr\u00edch m\u1eabu (Video h\u01b0\u1edbng d\u1eabn \u0111o n\u1ed3ng \u0111\u1ed9 nucleic acid).<\/span><\/li>\n<li><span style=\"background-color: transparent; color: #000000; font-family: Arial,sans-serif; font-size: 12pt;\">\u0110o n\u1ed3ng \u0111\u1ed9 v\u00e0 \u0111\u1ecbnh l\u01b0\u1ee3ng protein theo c\u00e1c ph\u01b0\u01a1ng ph\u00e1p Bradford, BCA, Lowry (Video h\u01b0\u1edbng d\u1eabn \u0111o n\u1ed3ng \u0111\u1ed9 protein).<\/span><\/li>\n<li><span style=\"background-color: transparent; color: #000000; font-family: Arial,sans-serif; font-size: 12pt;\">\u0110o m\u1eabu t\u1ebf b\u00e0o vi khu\u1ea9n h\u1ea5p th\u1ee5 \u1edf b\u01b0\u1edbc s\u00f3ng 600 nm.<\/span><\/li>\n<\/ul>\n<h3><span style=\"background-color: transparent; color: #000000; font-family: Arial,sans-serif; font-size: 16pt;\"><strong>Ch\u00ednh s\u00e1ch h\u1ed7 tr\u1ee3 kh\u00e1ch h\u00e0ng (t\u1eeb Blue-Ray Biotech v\u00e0 Biogroup Vietnam)<\/strong><\/span><\/h3>\n<ul>\n<li><span style=\"background-color: transparent; color: #000000; font-family: Arial,sans-serif; font-size: 12pt;\">B\u1ea3o h\u00e0nh ch\u00ednh h\u00e3ng: 24 th\u00e1ng.<\/span><\/li>\n<li><span style=\"background-color: transparent; color: #000000; font-family: Arial,sans-serif; font-size: 12pt;\">C\u00f3 s\u1eb5n m\u00e1y demo \u0111\u1ec3 kh\u00e1ch h\u00e0ng d\u00f9ng th\u1eed, tr\u1ea3i nghi\u1ec7m.<\/span><\/li>\n<li><span style=\"background-color: transparent; color: #000000; font-family: Arial,sans-serif; font-size: 12pt;\">Gi\u00e1 r\u1ea5t c\u1ea1nh tranh (m\u1eb7c d\u00f9 Ezdrop c\u00f3 nhi\u1ec1u t\u00ednh n\u0103ng v\u01b0\u1ee3t tr\u1ed9i so v\u1edbi s\u1ea3n ph\u1ea9m c\u00f9ng lo\u1ea1i c\u1ee7a h\u00e3ng kh\u00e1c, nh\u01b0ng c\u00f3 gi\u00e1 \u0111\u1ea7u t\u01b0 ti\u1ebft ki\u1ec7m h\u01a1n).<\/span><\/li>\n<\/ul>\n<h3><span style=\"background-color: transparent; color: #000000; font-family: Arial,sans-serif; font-size: 16pt;\"><strong>T\u00e0i li\u1ec7u<\/strong><\/span><\/h3>\n<p><a href=\"https:\/\/biogroupvietnam.com\/dich-vu\/video-huong-dan-do-nong-do-nucleic-acid-tren-may-do-quang-pho-the-tich-sieu-nho-ezdrop-1000\" target=\"_blank\" rel=\"noopener noreferrer\"><span style=\"background-color: #ffffff; color: #1155cc; font-family: Arial,sans-serif; font-size: 12pt;\">Video h\u01b0\u1edbng d\u1eabn \u0111o n\u1ed3ng \u0111\u1ed9 nucleic acid<\/span><\/a><\/p>\n<p><a href=\"https:\/\/biogroupvietnam.com\/dich-vu\/video-huong-dan-do-nong-do-protein-tren-may-do-quang-pho-the-tich-sieu-nho-ezdrop-1000\" target=\"_blank\" rel=\"noopener noreferrer\"><span style=\"background-color: #ffffff; color: #1155cc; font-family: Arial,sans-serif; font-size: 12pt;\">Video h\u01b0\u1edbng d\u1eabn \u0111o n\u1ed3ng \u0111\u1ed9 protein<\/span><\/a><\/p>\n<h3><span style=\"background-color: transparent; color: #000000; font-family: Arial,sans-serif; font-size: 16pt;\"><strong>L\u00fd do n\u00ean ch\u1ecdn thi\u1ebft b\u1ecb t\u1eeb Blue-ray Biotech<\/strong><\/span><\/h3>\n<ul>\n<li><span style=\"background-color: transparent; color: #000000; font-family: Arial,sans-serif; font-size: 12pt;\">Ng\u00e0nh \u0111i\u1ec7n t\u1eed l\u00e0 th\u1ebf m\u1ea1nh c\u1ee7a ng\u00e0nh c\u00f4ng nghi\u1ec7p t\u1ea1i \u0110\u00e0i Loan v\u00e0 \u0111\u01b0\u1ee3c th\u1ec3 hi\u1ec7n qua h\u00e0ng lo\u1ea1t h\u1ee3p \u0111\u1ed3ng gia c\u00f4ng \u0111i\u1ec7n t\u1eed v\u1edbi c\u00e1c t\u1eadp \u0111o\u00e0n \u0111a qu\u1ed1c gia n\u1ed5i ti\u1ebfng tr\u00ean th\u1ebf gi\u1edbi.<\/span><\/li>\n<li><span style=\"background-color: transparent; color: #000000; font-family: Arial,sans-serif; font-size: 12pt;\">Blue-Ray Biotech tr\u1ef1c thu\u1ed9c c\u00f4ng ty Arise Biotech (\u0110\u00e0i Loan) c\u00f3 h\u01a1n 20 n\u0103m kinh nghi\u1ec7m v\u00e0 n\u0103ng l\u1ef1c s\u1ea3n xu\u1ea5t OEM c\u00e1c thi\u1ebft b\u1ecb c\u00f4ng ngh\u1ec7 sinh h\u1ecdc cho c\u00e1c nh\u00e0 cung c\u1ea5p thi\u1ebft b\u1ecb n\u1ed5i ti\u1ebfng tr\u00ean th\u1ebf gi\u1edbi nh\u01b0: Corning, VWR (USA), Labnet, Capp (Denmark), Nichiryo, A&amp;D (Japan), 4titude (UK).<\/span><\/li>\n<li><span style=\"background-color: transparent; color: #000000; font-family: Arial,sans-serif; font-size: 12pt;\">Thi\u1ebft b\u1ecb h\u00e3ng Blue-ray Biotech l\u00e0 s\u1ef1 k\u1ebft h\u1ee3p th\u1ebf m\u1ea1nh gi\u1eefa ng\u00e0nh \u0111i\u1ec7n t\u1eed v\u00e0 c\u00f4ng ngh\u1ec7 sinh h\u1ecdc trong s\u1ea3n xu\u1ea5t c\u00e1c thi\u1ebft b\u1ecb c\u00f4ng ngh\u1ec7 sinh h\u1ecdc ph\u1ee5c v\u1ee5 ng\u00e0nh R&amp;D, x\u00e9t nghi\u1ec7m SHPT &amp; vi sinh. C\u00e1c thi\u1ebft b\u1ecb cung c\u1ea5p bao g\u1ed3m: m\u00e1y realtime-PCR (TurboQ), m\u00e1y PCR (TurboCycler 2, TurboCycler Lite), m\u00e1y quang ph\u1ed5 UV-VIS (Ezdrop 1000), m\u00e1y ly t\u00e2m (TurboFuge), thi\u1ebft b\u1ecb\/ c\u00f4ng c\u1ee5 qu\u1ea3n l\u00fd ch\u1ea5t l\u1ecfng (BlueSwan, EzMate, BluePette), thi\u1ebft b\u1ecb quan s\u00e1t t\u1ebf b\u00e0o nu\u00f4i c\u1ea5y tr\u1ef1c tuy\u1ebfn (Ezscope).<\/span><\/li>\n<li><span style=\"background-color: transparent; color: #000000; font-family: Arial,sans-serif; font-size: 12pt;\">C\u00e1c thi\u1ebft b\u1ecb \u0111\u01b0\u1ee3c s\u1ea3n xu\u1ea5t theo ti\u00eau chu\u1ea9n ISO 9001, ISO 13485, CE, RoHS.<\/span><\/li>\n<li><span style=\"background-color: transparent; color: #000000; font-family: Arial,sans-serif; font-size: 12pt;\">C\u00e1c thi\u1ebft b\u1ecb \u0111\u01b0\u1ee3c s\u1eed d\u1ee5ng v\u00e0 th\u1ec3 hi\u1ec7n \u0111\u1ed9 b\u1ec1n, \u1ed5n \u0111\u1ecbnh t\u1ea1i Vi\u1ec7t Nam t\u1eeb n\u0103m 2017 \u0111\u1ebfn nay.\u00a0<\/span><\/li>\n<li><span style=\"background-color: transparent; color: #000000; font-family: Arial,sans-serif; font-size: 12pt;\">Th\u1eddi gian b\u1ea3o h\u00e0nh ch\u00ednh h\u00e3ng: 18-30 th\u00e1ng.<\/span><\/li>\n<li><span style=\"background-color: transparent; color: #000000; font-family: Arial,sans-serif; font-size: 12pt;\">Gi\u00e1 cung c\u1ea5p r\u1ea5t h\u1ee3p l\u00fd, ph\u00f9 h\u1ee3p v\u1edbi c\u00e1c ph\u00f2ng th\u00ed nghi\u1ec7m t\u01b0 nh\u00e2n, c\u00f4ng ty s\u1ea3n xu\u1ea5t v\u00e0 c\u00e1c Lab nghi\u00ean c\u1ee9u, gi\u1ea3ng d\u1ea1y.<\/span><\/li>\n<\/ul>\n<h3><span style=\"background-color: transparent; color: #000000; font-family: Arial,sans-serif; font-size: 12pt;\">\u00a0<\/span><span style=\"background-color: transparent; color: #000000; font-family: Arial,sans-serif; font-size: 16pt;\"><strong>FAQs<\/strong><\/span><\/h3>\n<p><span style=\"background-color: transparent; color: #000000; font-family: Arial,sans-serif; font-size: 12pt;\">Tham kh\u1ea3o\u00a0<\/span><a href=\"https:\/\/biogroupvietnam.com\/dich-vu\/faq---may-do-quang-pho-ezdrop-1000\" target=\"_blank\" rel=\"noopener noreferrer\"><span style=\"background-color: transparent; color: #1155cc; font-family: Arial,sans-serif; font-size: 12pt;\">m\u1ed9t s\u1ed1 c\u00e2u h\u1ecfi th\u01b0\u1eddng \u0111\u01b0\u1ee3c quan t\u00e2m b\u1edfi c\u00e1c kh\u00e1ch h\u00e0ng<\/span><\/a><span style=\"background-color: transparent; color: #000000; font-family: Arial,sans-serif; font-size: 12pt;\">.<\/span><\/p>\n","protected":false},"excerpt":{"rendered":"<p>UV\/Vis EzDrop 1000 gi\u00fap t\u0103ng t\u1ed1c hi\u1ec7u qu\u1ea3 nghi\u00ean c\u1ee9u M\u00e1y quang ph\u1ed5 UV\/Vis th\u1ec3 t\u00edch nh\u1ecf EzDrop 1000 l\u00e0 tr\u1ee3 th\u1ee7 \u0111\u1eafc l\u1ef1c cho c\u00e1c ph\u00f2ng th\u00ed nghi\u1ec7m hi\u1ec7n \u0111\u1ea1i, gi\u00fap b\u1ea1n ho\u00e0n th\u00e0nh ph\u00e9p \u0111o n\u1ed3ng \u0111\u1ed9 m\u1eabu ch\u1ec9 trong 3 gi\u00e2y. V\u1edbi kh\u1ea3 n\u0103ng ph\u00e1t hi\u1ec7n to\u00e0n ph\u1ed5 \u0111\u1ed9ng t\u1eeb 190\u20131000 nm,<\/p>\n<div class=\"klb-readmore post-buttons\"><a class=\"button rounded primary\" href=\"https:\/\/biogroupvietnam.com\/vi\/san-pham\/may-do-quang-pho-vi-the-tich-uvvis-ezdrop-1000\/\">Read More <i class=\"klbth-icon-right-arrow\"><\/i><\/a><\/div>\n","protected":false},"featured_media":8914,"comment_status":"closed","ping_status":"closed","template":"","meta":{"_acf_changed":false},"product_brand":[135],"product_cat":[116],"product_tag":[],"class_list":{"0":"post-3699","1":"product","2":"type-product","3":"status-publish","4":"has-post-thumbnail","6":"product_brand-blue-ray-biotech","7":"product_cat-sinh-hoc-phan-tu","9":"first","10":"outofstock","11":"shipping-taxable","12":"product-type-simple"},"acf":[],"yoast_head":"<!-- This site is optimized with the Yoast SEO plugin v26.8 - https:\/\/yoast.com\/product\/yoast-seo-wordpress\/ -->\n<title>M\u00e1y \u0110o Quang Ph\u1ed5 Vi Th\u1ec3 T\u00edch UV\/Vis EzDrop 1000<\/title>\n<meta name=\"description\" content=\"M\u00e1y \u0111o quang ph\u1ed5 vi th\u1ec3 t\u00edch Ezdrop 1000 d\u00f9ng \u0111\u1ec3 \u0111o n\u1ed3ng \u0111\u1ed9 v\u00e0 \u0111\u1ecbnh l\u01b0\u1ee3ng axit nucleic, protein, t\u1ebf b\u00e0o m\u00e0 kh\u00f4ng c\u1ea7n pha lo\u00e3ng m\u1eabu tr\u01b0\u1edbc khi \u0111o.\" \/>\n<meta name=\"robots\" content=\"index, follow, max-snippet:-1, max-image-preview:large, max-video-preview:-1\" \/>\n<link rel=\"canonical\" href=\"https:\/\/biogroupvietnam.com\/vi\/san-pham\/may-do-quang-pho-vi-the-tich-uvvis-ezdrop-1000\/\" \/>\n<meta property=\"og:locale\" content=\"vi_VN\" \/>\n<meta property=\"og:type\" content=\"article\" \/>\n<meta property=\"og:title\" content=\"M\u00e1y \u0110o Quang Ph\u1ed5 Vi Th\u1ec3 T\u00edch UV\/Vis EzDrop 1000\" \/>\n<meta property=\"og:description\" content=\"M\u00e1y \u0111o quang ph\u1ed5 vi th\u1ec3 t\u00edch Ezdrop 1000 d\u00f9ng \u0111\u1ec3 \u0111o n\u1ed3ng \u0111\u1ed9 v\u00e0 \u0111\u1ecbnh l\u01b0\u1ee3ng axit nucleic, protein, t\u1ebf b\u00e0o m\u00e0 kh\u00f4ng c\u1ea7n pha lo\u00e3ng m\u1eabu tr\u01b0\u1edbc khi \u0111o.\" \/>\n<meta property=\"og:url\" content=\"https:\/\/biogroupvietnam.com\/vi\/san-pham\/may-do-quang-pho-vi-the-tich-uvvis-ezdrop-1000\/\" \/>\n<meta property=\"og:site_name\" content=\"Biogroup Vietnam\" \/>\n<meta property=\"article:modified_time\" content=\"2025-11-12T11:41:23+00:00\" \/>\n<meta property=\"og:image\" content=\"https:\/\/biogroupvietnam.com\/wp-content\/uploads\/2025\/08\/EzDrop-1000.jpg\" \/>\n\t<meta property=\"og:image:width\" content=\"1640\" \/>\n\t<meta property=\"og:image:height\" content=\"1260\" \/>\n\t<meta property=\"og:image:type\" content=\"image\/jpeg\" \/>\n<meta name=\"twitter:card\" content=\"summary_large_image\" \/>\n<meta name=\"twitter:label1\" content=\"\u01af\u1edbc t\u00ednh th\u1eddi gian \u0111\u1ecdc\" \/>\n\t<meta name=\"twitter:data1\" content=\"4 ph\u00fat\" \/>\n<script type=\"application\/ld+json\" class=\"yoast-schema-graph\">{\"@context\":\"https:\/\/schema.org\",\"@graph\":[{\"@type\":\"WebPage\",\"@id\":\"https:\/\/biogroupvietnam.com\/vi\/san-pham\/may-do-quang-pho-vi-the-tich-uvvis-ezdrop-1000\/\",\"url\":\"https:\/\/biogroupvietnam.com\/vi\/san-pham\/may-do-quang-pho-vi-the-tich-uvvis-ezdrop-1000\/\",\"name\":\"M\u00e1y \u0110o Quang Ph\u1ed5 Vi Th\u1ec3 T\u00edch UV\/Vis EzDrop 1000\",\"isPartOf\":{\"@id\":\"https:\/\/biogroupvietnam.com\/vi\/#website\"},\"primaryImageOfPage\":{\"@id\":\"https:\/\/biogroupvietnam.com\/vi\/san-pham\/may-do-quang-pho-vi-the-tich-uvvis-ezdrop-1000\/#primaryimage\"},\"image\":{\"@id\":\"https:\/\/biogroupvietnam.com\/vi\/san-pham\/may-do-quang-pho-vi-the-tich-uvvis-ezdrop-1000\/#primaryimage\"},\"thumbnailUrl\":\"https:\/\/biogroupvietnam.com\/wp-content\/uploads\/2025\/08\/EzDrop-1000.jpg\",\"datePublished\":\"2025-08-18T12:52:22+00:00\",\"dateModified\":\"2025-11-12T11:41:23+00:00\",\"description\":\"M\u00e1y \u0111o quang ph\u1ed5 vi th\u1ec3 t\u00edch Ezdrop 1000 d\u00f9ng \u0111\u1ec3 \u0111o n\u1ed3ng \u0111\u1ed9 v\u00e0 \u0111\u1ecbnh l\u01b0\u1ee3ng axit nucleic, protein, t\u1ebf b\u00e0o m\u00e0 kh\u00f4ng c\u1ea7n pha lo\u00e3ng m\u1eabu tr\u01b0\u1edbc khi \u0111o.\",\"breadcrumb\":{\"@id\":\"https:\/\/biogroupvietnam.com\/vi\/san-pham\/may-do-quang-pho-vi-the-tich-uvvis-ezdrop-1000\/#breadcrumb\"},\"inLanguage\":\"vi\",\"potentialAction\":[{\"@type\":\"ReadAction\",\"target\":[\"https:\/\/biogroupvietnam.com\/vi\/san-pham\/may-do-quang-pho-vi-the-tich-uvvis-ezdrop-1000\/\"]}]},{\"@type\":\"ImageObject\",\"inLanguage\":\"vi\",\"@id\":\"https:\/\/biogroupvietnam.com\/vi\/san-pham\/may-do-quang-pho-vi-the-tich-uvvis-ezdrop-1000\/#primaryimage\",\"url\":\"https:\/\/biogroupvietnam.com\/wp-content\/uploads\/2025\/08\/EzDrop-1000.jpg\",\"contentUrl\":\"https:\/\/biogroupvietnam.com\/wp-content\/uploads\/2025\/08\/EzDrop-1000.jpg\",\"width\":1640,\"height\":1260},{\"@type\":\"BreadcrumbList\",\"@id\":\"https:\/\/biogroupvietnam.com\/vi\/san-pham\/may-do-quang-pho-vi-the-tich-uvvis-ezdrop-1000\/#breadcrumb\",\"itemListElement\":[{\"@type\":\"ListItem\",\"position\":1,\"name\":\"Trang ch\u1ee7\",\"item\":\"https:\/\/biogroupvietnam.com\/vi\/\"},{\"@type\":\"ListItem\",\"position\":2,\"name\":\"S\u1ea3n ph\u1ea9m\",\"item\":\"https:\/\/biogroupvietnam.com\/vi\/san-pham\/\"},{\"@type\":\"ListItem\",\"position\":3,\"name\":\"R&amp;D Sinh H\u1ecdc\",\"item\":\"https:\/\/biogroupvietnam.com\/vi\/danh-muc-san-pham\/rd-sinh-hoc\/\"},{\"@type\":\"ListItem\",\"position\":4,\"name\":\"Sinh H\u1ecdc Ph\u00e2n T\u1eed\",\"item\":\"https:\/\/biogroupvietnam.com\/vi\/danh-muc-san-pham\/sinh-hoc-phan-tu\/\"},{\"@type\":\"ListItem\",\"position\":5,\"name\":\"M\u00e1y \u0110o Quang Ph\u1ed5 Vi Th\u1ec3 T\u00edch UV\/Vis EzDrop 1000\"}]},{\"@type\":\"WebSite\",\"@id\":\"https:\/\/biogroupvietnam.com\/vi\/#website\",\"url\":\"https:\/\/biogroupvietnam.com\/vi\/\",\"name\":\"Biogroup Vietnam\",\"description\":\"Biogroup Vietnam cung c\u1ea5p d\u1ecbch v\u1ee5 k\u1ef9 thu\u1eadt c\u00f9ng thi\u1ebft b\u1ecb, v\u1eadt t\u01b0, h\u00f3a ch\u1ea5t v\u00e0 gi\u1ea3i ph\u00e1p sinh h\u1ecdc cho ph\u00f2ng th\u00ed nghi\u1ec7m c\u00f4ng ngh\u1ec7 sinh h\u1ecdc, y sinh v\u00e0 y h\u1ecdc t\u00e1i t\u1ea1o.\",\"potentialAction\":[{\"@type\":\"SearchAction\",\"target\":{\"@type\":\"EntryPoint\",\"urlTemplate\":\"https:\/\/biogroupvietnam.com\/vi\/?s={search_term_string}\"},\"query-input\":{\"@type\":\"PropertyValueSpecification\",\"valueRequired\":true,\"valueName\":\"search_term_string\"}}],\"inLanguage\":\"vi\"}]}<\/script>\n<!-- \/ Yoast SEO plugin. -->","yoast_head_json":{"title":"M\u00e1y \u0110o Quang Ph\u1ed5 Vi Th\u1ec3 T\u00edch UV\/Vis EzDrop 1000","description":"M\u00e1y \u0111o quang ph\u1ed5 vi th\u1ec3 t\u00edch Ezdrop 1000 d\u00f9ng \u0111\u1ec3 \u0111o n\u1ed3ng \u0111\u1ed9 v\u00e0 \u0111\u1ecbnh l\u01b0\u1ee3ng axit nucleic, protein, t\u1ebf b\u00e0o m\u00e0 kh\u00f4ng c\u1ea7n pha lo\u00e3ng m\u1eabu tr\u01b0\u1edbc khi \u0111o.","robots":{"index":"index","follow":"follow","max-snippet":"max-snippet:-1","max-image-preview":"max-image-preview:large","max-video-preview":"max-video-preview:-1"},"canonical":"https:\/\/biogroupvietnam.com\/vi\/san-pham\/may-do-quang-pho-vi-the-tich-uvvis-ezdrop-1000\/","og_locale":"vi_VN","og_type":"article","og_title":"M\u00e1y \u0110o Quang Ph\u1ed5 Vi Th\u1ec3 T\u00edch UV\/Vis EzDrop 1000","og_description":"M\u00e1y \u0111o quang ph\u1ed5 vi th\u1ec3 t\u00edch Ezdrop 1000 d\u00f9ng \u0111\u1ec3 \u0111o n\u1ed3ng \u0111\u1ed9 v\u00e0 \u0111\u1ecbnh l\u01b0\u1ee3ng axit nucleic, protein, t\u1ebf b\u00e0o m\u00e0 kh\u00f4ng c\u1ea7n pha lo\u00e3ng m\u1eabu tr\u01b0\u1edbc khi \u0111o.","og_url":"https:\/\/biogroupvietnam.com\/vi\/san-pham\/may-do-quang-pho-vi-the-tich-uvvis-ezdrop-1000\/","og_site_name":"Biogroup Vietnam","article_modified_time":"2025-11-12T11:41:23+00:00","og_image":[{"width":1640,"height":1260,"url":"https:\/\/biogroupvietnam.com\/wp-content\/uploads\/2025\/08\/EzDrop-1000.jpg","type":"image\/jpeg"}],"twitter_card":"summary_large_image","twitter_misc":{"\u01af\u1edbc t\u00ednh th\u1eddi gian \u0111\u1ecdc":"4 ph\u00fat"},"schema":{"@context":"https:\/\/schema.org","@graph":[{"@type":"WebPage","@id":"https:\/\/biogroupvietnam.com\/vi\/san-pham\/may-do-quang-pho-vi-the-tich-uvvis-ezdrop-1000\/","url":"https:\/\/biogroupvietnam.com\/vi\/san-pham\/may-do-quang-pho-vi-the-tich-uvvis-ezdrop-1000\/","name":"M\u00e1y \u0110o Quang Ph\u1ed5 Vi Th\u1ec3 T\u00edch UV\/Vis EzDrop 1000","isPartOf":{"@id":"https:\/\/biogroupvietnam.com\/vi\/#website"},"primaryImageOfPage":{"@id":"https:\/\/biogroupvietnam.com\/vi\/san-pham\/may-do-quang-pho-vi-the-tich-uvvis-ezdrop-1000\/#primaryimage"},"image":{"@id":"https:\/\/biogroupvietnam.com\/vi\/san-pham\/may-do-quang-pho-vi-the-tich-uvvis-ezdrop-1000\/#primaryimage"},"thumbnailUrl":"https:\/\/biogroupvietnam.com\/wp-content\/uploads\/2025\/08\/EzDrop-1000.jpg","datePublished":"2025-08-18T12:52:22+00:00","dateModified":"2025-11-12T11:41:23+00:00","description":"M\u00e1y \u0111o quang ph\u1ed5 vi th\u1ec3 t\u00edch Ezdrop 1000 d\u00f9ng \u0111\u1ec3 \u0111o n\u1ed3ng \u0111\u1ed9 v\u00e0 \u0111\u1ecbnh l\u01b0\u1ee3ng axit nucleic, protein, t\u1ebf b\u00e0o m\u00e0 kh\u00f4ng c\u1ea7n pha lo\u00e3ng m\u1eabu tr\u01b0\u1edbc khi \u0111o.","breadcrumb":{"@id":"https:\/\/biogroupvietnam.com\/vi\/san-pham\/may-do-quang-pho-vi-the-tich-uvvis-ezdrop-1000\/#breadcrumb"},"inLanguage":"vi","potentialAction":[{"@type":"ReadAction","target":["https:\/\/biogroupvietnam.com\/vi\/san-pham\/may-do-quang-pho-vi-the-tich-uvvis-ezdrop-1000\/"]}]},{"@type":"ImageObject","inLanguage":"vi","@id":"https:\/\/biogroupvietnam.com\/vi\/san-pham\/may-do-quang-pho-vi-the-tich-uvvis-ezdrop-1000\/#primaryimage","url":"https:\/\/biogroupvietnam.com\/wp-content\/uploads\/2025\/08\/EzDrop-1000.jpg","contentUrl":"https:\/\/biogroupvietnam.com\/wp-content\/uploads\/2025\/08\/EzDrop-1000.jpg","width":1640,"height":1260},{"@type":"BreadcrumbList","@id":"https:\/\/biogroupvietnam.com\/vi\/san-pham\/may-do-quang-pho-vi-the-tich-uvvis-ezdrop-1000\/#breadcrumb","itemListElement":[{"@type":"ListItem","position":1,"name":"Trang ch\u1ee7","item":"https:\/\/biogroupvietnam.com\/vi\/"},{"@type":"ListItem","position":2,"name":"S\u1ea3n ph\u1ea9m","item":"https:\/\/biogroupvietnam.com\/vi\/san-pham\/"},{"@type":"ListItem","position":3,"name":"R&amp;D Sinh H\u1ecdc","item":"https:\/\/biogroupvietnam.com\/vi\/danh-muc-san-pham\/rd-sinh-hoc\/"},{"@type":"ListItem","position":4,"name":"Sinh H\u1ecdc Ph\u00e2n T\u1eed","item":"https:\/\/biogroupvietnam.com\/vi\/danh-muc-san-pham\/sinh-hoc-phan-tu\/"},{"@type":"ListItem","position":5,"name":"M\u00e1y \u0110o Quang Ph\u1ed5 Vi Th\u1ec3 T\u00edch UV\/Vis EzDrop 1000"}]},{"@type":"WebSite","@id":"https:\/\/biogroupvietnam.com\/vi\/#website","url":"https:\/\/biogroupvietnam.com\/vi\/","name":"Biogroup Vietnam","description":"Biogroup Vietnam cung c\u1ea5p d\u1ecbch v\u1ee5 k\u1ef9 thu\u1eadt c\u00f9ng thi\u1ebft b\u1ecb, v\u1eadt t\u01b0, h\u00f3a ch\u1ea5t v\u00e0 gi\u1ea3i ph\u00e1p sinh h\u1ecdc cho ph\u00f2ng th\u00ed nghi\u1ec7m c\u00f4ng ngh\u1ec7 sinh h\u1ecdc, y sinh v\u00e0 y h\u1ecdc t\u00e1i t\u1ea1o.","potentialAction":[{"@type":"SearchAction","target":{"@type":"EntryPoint","urlTemplate":"https:\/\/biogroupvietnam.com\/vi\/?s={search_term_string}"},"query-input":{"@type":"PropertyValueSpecification","valueRequired":true,"valueName":"search_term_string"}}],"inLanguage":"vi"}]}},"_links":{"self":[{"href":"https:\/\/biogroupvietnam.com\/vi\/wp-json\/wp\/v2\/product\/3699","targetHints":{"allow":["GET"]}}],"collection":[{"href":"https:\/\/biogroupvietnam.com\/vi\/wp-json\/wp\/v2\/product"}],"about":[{"href":"https:\/\/biogroupvietnam.com\/vi\/wp-json\/wp\/v2\/types\/product"}],"replies":[{"embeddable":true,"href":"https:\/\/biogroupvietnam.com\/vi\/wp-json\/wp\/v2\/comments?post=3699"}],"version-history":[{"count":4,"href":"https:\/\/biogroupvietnam.com\/vi\/wp-json\/wp\/v2\/product\/3699\/revisions"}],"predecessor-version":[{"id":8923,"href":"https:\/\/biogroupvietnam.com\/vi\/wp-json\/wp\/v2\/product\/3699\/revisions\/8923"}],"wp:featuredmedia":[{"embeddable":true,"href":"https:\/\/biogroupvietnam.com\/vi\/wp-json\/wp\/v2\/media\/8914"}],"wp:attachment":[{"href":"https:\/\/biogroupvietnam.com\/vi\/wp-json\/wp\/v2\/media?parent=3699"}],"wp:term":[{"taxonomy":"product_brand","embeddable":true,"href":"https:\/\/biogroupvietnam.com\/vi\/wp-json\/wp\/v2\/product_brand?post=3699"},{"taxonomy":"product_cat","embeddable":true,"href":"https:\/\/biogroupvietnam.com\/vi\/wp-json\/wp\/v2\/product_cat?post=3699"},{"taxonomy":"product_tag","embeddable":true,"href":"https:\/\/biogroupvietnam.com\/vi\/wp-json\/wp\/v2\/product_tag?post=3699"}],"curies":[{"name":"wp","href":"https:\/\/api.w.org\/{rel}","templated":true}]}}