{"id":3702,"date":"2025-08-18T19:52:23","date_gmt":"2025-08-18T12:52:23","guid":{"rendered":"http:\/\/biogroupvietnam-worldpress.local\/product\/import-placeholder-for-76\/"},"modified":"2025-11-12T18:35:28","modified_gmt":"2025-11-12T11:35:28","slug":"may-doc-dia-elisa","status":"publish","type":"product","link":"https:\/\/biogroupvietnam.com\/vi\/san-pham\/may-doc-dia-elisa\/","title":{"rendered":"M\u00e1y \u0110\u1ecdc \u0110\u0129a ELISA &#8211; SmartReader 96"},"content":{"rendered":"<p><strong>M\u00e1y \u0111\u1ecdc \u0111\u0129a ELISA 96 gi\u1ebfng (MR-9600)<\/strong><\/p>\n<ul>\n<li>Th\u00edch h\u1ee3p v\u1edbi c\u00e1c ph\u00f2ng th\u00ed nghi\u1ec7m th\u01b0\u1eddng xuy\u00ean \u0111o n\u1ed3ng \u0111\u1ed9 ho\u1eb7c \u0111\u1ed9 h\u1ea5p th\u1ee5 trong \u0111\u0129a 96 gi\u1ebfng.<\/li>\n<li>Thao t\u00e1c d\u1ec5 d\u00e0ng tr\u00ean m\u00e0n h\u00ecnh c\u1ea3m \u1ee9ng 7 inch k\u1ebft h\u1ee3p v\u1edbi 3 n\u00fat b\u1ea5m, kh\u00f4ng c\u1ea7n k\u1ebft n\u1ed1i v\u1edbi m\u00e1y t\u00ednh.<\/li>\n<li>C\u00f3 th\u1ec3 s\u1eed d\u1ee5ng m\u00e0n h\u00ecnh c\u1ea3m \u1ee9ng ho\u1eb7c k\u1ebft n\u1ed1i chu\u1ed9t qua c\u1ed5ng USB \u0111\u1ec3 \u0111i\u1ec1u khi\u1ec3n thi\u1ebft b\u1ecb.<\/li>\n<li>M\u1eb7c \u0111\u1ecbnh \u0111o m\u1eabu \u1edf 4 gi\u00e1 tr\u1ecb b\u01b0\u1edbc s\u00f3ng th\u00f4ng d\u1ee5ng (405, 450, 492, 630 nm), c\u00f3 th\u1ec3 l\u1eafp th\u00eam 4 gi\u00e1 tr\u1ecb b\u01b0\u1edbc s\u00f3ng kh\u00e1c trong d\u1ea3i b\u01b0\u1edbc s\u00f3ng 340 \u2013 750 nm.<\/li>\n<li>C\u00f3 th\u1ec3 c\u00e0i \u0111\u1eb7t ch\u1ebf \u0111\u1ed9 l\u1eafc \u0111\u0129a tr\u01b0\u1edbc khi \u0111o m\u1eabu.<\/li>\n<li>C\u00f3 th\u1ec3 \u0111o m\u1eabu t\u1ed1i \u0111a t\u1ea1i 2 b\u1ed9 l\u1ecdc b\u01b0\u1edbc s\u00f3ng, cho ph\u00e9p t\u00ednh to\u00e1n v\u00e0 ph\u00e2n t\u00edch k\u1ebft qu\u1ea3 ch\u00ednh x\u00e1c.<\/li>\n<li>Ph\u1ea7n m\u1ec1m v\u00e0 h\u1ec7 th\u1ed1ng l\u1eadp tr\u00ecnh t\u00edch h\u1ee3p s\u1eb5n trong thi\u1ebft b\u1ecb gi\u00fap l\u1ef1a ch\u1ecdn ch\u01b0\u01a1ng tr\u00ecnh \u0111o linh ho\u1ea1t, \u0111\u1ecdc v\u00e0 ph\u00e2n t\u00edch k\u1ebft qu\u1ea3 d\u1ec5 d\u00e0ng.<\/li>\n<li>D\u1eef li\u1ec7u sau khi \u0111o v\u00e0 ph\u00e2n t\u00edch tr\u00ean thi\u1ebft b\u1ecb, c\u00f3 th\u1ec3 xu\u1ea5t ra USB ho\u1eb7c k\u1ebft n\u1ed1i m\u00e1y t\u00ednh ho\u1eb7c m\u00e1y in.<\/li>\n<li>Ngu\u1ed3n s\u00e1ng halogen \u2013 th\u1ea1ch anh, ti\u1ebft ki\u1ec7m \u0111i\u1ec7n n\u0103ng, d\u1ec5 d\u00e0ng b\u1ea3o tr\u00ec v\u00e0 thay th\u1ebf.<\/li>\n<\/ul>\n","protected":false},"excerpt":{"rendered":"<p>M\u00e1y \u0111\u1ecdc \u0111\u0129a ELISA 96 gi\u1ebfng (MR-9600) Th\u00edch h\u1ee3p v\u1edbi c\u00e1c ph\u00f2ng th\u00ed nghi\u1ec7m th\u01b0\u1eddng xuy\u00ean \u0111o n\u1ed3ng \u0111\u1ed9 ho\u1eb7c \u0111\u1ed9 h\u1ea5p th\u1ee5 trong \u0111\u0129a 96 gi\u1ebfng. Thao t\u00e1c d\u1ec5 d\u00e0ng tr\u00ean m\u00e0n h\u00ecnh c\u1ea3m \u1ee9ng 7 inch k\u1ebft h\u1ee3p v\u1edbi 3 n\u00fat b\u1ea5m, kh\u00f4ng c\u1ea7n k\u1ebft n\u1ed1i v\u1edbi m\u00e1y t\u00ednh. C\u00f3 th\u1ec3 s\u1eed d\u1ee5ng<\/p>\n<div class=\"klb-readmore post-buttons\"><a class=\"button rounded primary\" href=\"https:\/\/biogroupvietnam.com\/vi\/san-pham\/may-doc-dia-elisa\/\">Read More <i class=\"klbth-icon-right-arrow\"><\/i><\/a><\/div>\n","protected":false},"featured_media":8905,"comment_status":"closed","ping_status":"closed","template":"","meta":{"_acf_changed":false},"product_brand":[138],"product_cat":[109],"product_tag":[],"class_list":{"0":"post-3702","1":"product","2":"type-product","3":"status-publish","4":"has-post-thumbnail","6":"product_brand-benchmark-scientific","7":"product_cat-he-thong-elisa","9":"first","10":"outofstock","11":"shipping-taxable","12":"product-type-simple"},"acf":[],"yoast_head":"<!-- This site is optimized with the Yoast SEO plugin v26.8 - https:\/\/yoast.com\/product\/yoast-seo-wordpress\/ -->\n<title>M\u00e1y \u0110\u1ecdc \u0110\u0129a ELISA - SmartReader 96<\/title>\n<meta name=\"description\" content=\"SmartReader 96 th\u00edch h\u1ee3p v\u1edbi c\u00e1c ph\u00f2ng th\u00ed nghi\u1ec7m th\u01b0\u1eddng xuy\u00ean \u0111o n\u1ed3ng \u0111\u1ed9 ho\u1eb7c \u0111\u1ed9 h\u1ea5p th\u1ee5 trong \u0111\u0129a 96 gi\u1ebfng.\" \/>\n<meta name=\"robots\" content=\"index, follow, max-snippet:-1, max-image-preview:large, max-video-preview:-1\" \/>\n<link rel=\"canonical\" href=\"https:\/\/biogroupvietnam.com\/vi\/san-pham\/may-doc-dia-elisa\/\" \/>\n<meta property=\"og:locale\" content=\"vi_VN\" \/>\n<meta property=\"og:type\" content=\"article\" \/>\n<meta property=\"og:title\" content=\"M\u00e1y \u0110\u1ecdc \u0110\u0129a ELISA - SmartReader 96\" \/>\n<meta property=\"og:description\" content=\"SmartReader 96 th\u00edch h\u1ee3p v\u1edbi c\u00e1c ph\u00f2ng th\u00ed nghi\u1ec7m th\u01b0\u1eddng xuy\u00ean \u0111o n\u1ed3ng \u0111\u1ed9 ho\u1eb7c \u0111\u1ed9 h\u1ea5p th\u1ee5 trong \u0111\u0129a 96 gi\u1ebfng.\" \/>\n<meta property=\"og:url\" content=\"https:\/\/biogroupvietnam.com\/vi\/san-pham\/may-doc-dia-elisa\/\" \/>\n<meta property=\"og:site_name\" content=\"Biogroup Vietnam\" \/>\n<meta property=\"article:modified_time\" content=\"2025-11-12T11:35:28+00:00\" \/>\n<meta property=\"og:image\" content=\"https:\/\/biogroupvietnam.com\/wp-content\/uploads\/2025\/08\/SmartReader-96.jpg\" \/>\n\t<meta property=\"og:image:width\" content=\"1640\" \/>\n\t<meta property=\"og:image:height\" content=\"1260\" \/>\n\t<meta property=\"og:image:type\" content=\"image\/jpeg\" \/>\n<meta name=\"twitter:card\" content=\"summary_large_image\" \/>\n<meta name=\"twitter:label1\" content=\"\u01af\u1edbc t\u00ednh th\u1eddi gian \u0111\u1ecdc\" \/>\n\t<meta name=\"twitter:data1\" content=\"2 ph\u00fat\" \/>\n<script type=\"application\/ld+json\" class=\"yoast-schema-graph\">{\"@context\":\"https:\/\/schema.org\",\"@graph\":[{\"@type\":\"WebPage\",\"@id\":\"https:\/\/biogroupvietnam.com\/vi\/san-pham\/may-doc-dia-elisa\/\",\"url\":\"https:\/\/biogroupvietnam.com\/vi\/san-pham\/may-doc-dia-elisa\/\",\"name\":\"M\u00e1y \u0110\u1ecdc \u0110\u0129a ELISA - SmartReader 96\",\"isPartOf\":{\"@id\":\"https:\/\/biogroupvietnam.com\/vi\/#website\"},\"primaryImageOfPage\":{\"@id\":\"https:\/\/biogroupvietnam.com\/vi\/san-pham\/may-doc-dia-elisa\/#primaryimage\"},\"image\":{\"@id\":\"https:\/\/biogroupvietnam.com\/vi\/san-pham\/may-doc-dia-elisa\/#primaryimage\"},\"thumbnailUrl\":\"https:\/\/biogroupvietnam.com\/wp-content\/uploads\/2025\/08\/SmartReader-96.jpg\",\"datePublished\":\"2025-08-18T12:52:23+00:00\",\"dateModified\":\"2025-11-12T11:35:28+00:00\",\"description\":\"SmartReader 96 th\u00edch h\u1ee3p v\u1edbi c\u00e1c ph\u00f2ng th\u00ed nghi\u1ec7m th\u01b0\u1eddng xuy\u00ean \u0111o n\u1ed3ng \u0111\u1ed9 ho\u1eb7c \u0111\u1ed9 h\u1ea5p th\u1ee5 trong \u0111\u0129a 96 gi\u1ebfng.\",\"breadcrumb\":{\"@id\":\"https:\/\/biogroupvietnam.com\/vi\/san-pham\/may-doc-dia-elisa\/#breadcrumb\"},\"inLanguage\":\"vi\",\"potentialAction\":[{\"@type\":\"ReadAction\",\"target\":[\"https:\/\/biogroupvietnam.com\/vi\/san-pham\/may-doc-dia-elisa\/\"]}]},{\"@type\":\"ImageObject\",\"inLanguage\":\"vi\",\"@id\":\"https:\/\/biogroupvietnam.com\/vi\/san-pham\/may-doc-dia-elisa\/#primaryimage\",\"url\":\"https:\/\/biogroupvietnam.com\/wp-content\/uploads\/2025\/08\/SmartReader-96.jpg\",\"contentUrl\":\"https:\/\/biogroupvietnam.com\/wp-content\/uploads\/2025\/08\/SmartReader-96.jpg\",\"width\":1640,\"height\":1260},{\"@type\":\"BreadcrumbList\",\"@id\":\"https:\/\/biogroupvietnam.com\/vi\/san-pham\/may-doc-dia-elisa\/#breadcrumb\",\"itemListElement\":[{\"@type\":\"ListItem\",\"position\":1,\"name\":\"Trang ch\u1ee7\",\"item\":\"https:\/\/biogroupvietnam.com\/vi\/\"},{\"@type\":\"ListItem\",\"position\":2,\"name\":\"S\u1ea3n ph\u1ea9m\",\"item\":\"https:\/\/biogroupvietnam.com\/vi\/san-pham\/\"},{\"@type\":\"ListItem\",\"position\":3,\"name\":\"R&amp;D Sinh H\u1ecdc\",\"item\":\"https:\/\/biogroupvietnam.com\/vi\/danh-muc-san-pham\/rd-sinh-hoc\/\"},{\"@type\":\"ListItem\",\"position\":4,\"name\":\"H\u1ec7 Th\u1ed1ng ELISA\",\"item\":\"https:\/\/biogroupvietnam.com\/vi\/danh-muc-san-pham\/he-thong-elisa\/\"},{\"@type\":\"ListItem\",\"position\":5,\"name\":\"M\u00e1y \u0110\u1ecdc \u0110\u0129a ELISA &#8211; SmartReader 96\"}]},{\"@type\":\"WebSite\",\"@id\":\"https:\/\/biogroupvietnam.com\/vi\/#website\",\"url\":\"https:\/\/biogroupvietnam.com\/vi\/\",\"name\":\"Biogroup Vietnam\",\"description\":\"Biogroup Vietnam cung c\u1ea5p d\u1ecbch v\u1ee5 k\u1ef9 thu\u1eadt c\u00f9ng thi\u1ebft b\u1ecb, v\u1eadt t\u01b0, h\u00f3a ch\u1ea5t v\u00e0 gi\u1ea3i ph\u00e1p sinh h\u1ecdc cho ph\u00f2ng th\u00ed nghi\u1ec7m c\u00f4ng ngh\u1ec7 sinh h\u1ecdc, y sinh v\u00e0 y h\u1ecdc t\u00e1i t\u1ea1o.\",\"potentialAction\":[{\"@type\":\"SearchAction\",\"target\":{\"@type\":\"EntryPoint\",\"urlTemplate\":\"https:\/\/biogroupvietnam.com\/vi\/?s={search_term_string}\"},\"query-input\":{\"@type\":\"PropertyValueSpecification\",\"valueRequired\":true,\"valueName\":\"search_term_string\"}}],\"inLanguage\":\"vi\"}]}<\/script>\n<!-- \/ Yoast SEO plugin. -->","yoast_head_json":{"title":"M\u00e1y \u0110\u1ecdc \u0110\u0129a ELISA - SmartReader 96","description":"SmartReader 96 th\u00edch h\u1ee3p v\u1edbi c\u00e1c ph\u00f2ng th\u00ed nghi\u1ec7m th\u01b0\u1eddng xuy\u00ean \u0111o n\u1ed3ng \u0111\u1ed9 ho\u1eb7c \u0111\u1ed9 h\u1ea5p th\u1ee5 trong \u0111\u0129a 96 gi\u1ebfng.","robots":{"index":"index","follow":"follow","max-snippet":"max-snippet:-1","max-image-preview":"max-image-preview:large","max-video-preview":"max-video-preview:-1"},"canonical":"https:\/\/biogroupvietnam.com\/vi\/san-pham\/may-doc-dia-elisa\/","og_locale":"vi_VN","og_type":"article","og_title":"M\u00e1y \u0110\u1ecdc \u0110\u0129a ELISA - SmartReader 96","og_description":"SmartReader 96 th\u00edch h\u1ee3p v\u1edbi c\u00e1c ph\u00f2ng th\u00ed nghi\u1ec7m th\u01b0\u1eddng xuy\u00ean \u0111o n\u1ed3ng \u0111\u1ed9 ho\u1eb7c \u0111\u1ed9 h\u1ea5p th\u1ee5 trong \u0111\u0129a 96 gi\u1ebfng.","og_url":"https:\/\/biogroupvietnam.com\/vi\/san-pham\/may-doc-dia-elisa\/","og_site_name":"Biogroup Vietnam","article_modified_time":"2025-11-12T11:35:28+00:00","og_image":[{"width":1640,"height":1260,"url":"https:\/\/biogroupvietnam.com\/wp-content\/uploads\/2025\/08\/SmartReader-96.jpg","type":"image\/jpeg"}],"twitter_card":"summary_large_image","twitter_misc":{"\u01af\u1edbc t\u00ednh th\u1eddi gian \u0111\u1ecdc":"2 ph\u00fat"},"schema":{"@context":"https:\/\/schema.org","@graph":[{"@type":"WebPage","@id":"https:\/\/biogroupvietnam.com\/vi\/san-pham\/may-doc-dia-elisa\/","url":"https:\/\/biogroupvietnam.com\/vi\/san-pham\/may-doc-dia-elisa\/","name":"M\u00e1y \u0110\u1ecdc \u0110\u0129a ELISA - SmartReader 96","isPartOf":{"@id":"https:\/\/biogroupvietnam.com\/vi\/#website"},"primaryImageOfPage":{"@id":"https:\/\/biogroupvietnam.com\/vi\/san-pham\/may-doc-dia-elisa\/#primaryimage"},"image":{"@id":"https:\/\/biogroupvietnam.com\/vi\/san-pham\/may-doc-dia-elisa\/#primaryimage"},"thumbnailUrl":"https:\/\/biogroupvietnam.com\/wp-content\/uploads\/2025\/08\/SmartReader-96.jpg","datePublished":"2025-08-18T12:52:23+00:00","dateModified":"2025-11-12T11:35:28+00:00","description":"SmartReader 96 th\u00edch h\u1ee3p v\u1edbi c\u00e1c ph\u00f2ng th\u00ed nghi\u1ec7m th\u01b0\u1eddng xuy\u00ean \u0111o n\u1ed3ng \u0111\u1ed9 ho\u1eb7c \u0111\u1ed9 h\u1ea5p th\u1ee5 trong \u0111\u0129a 96 gi\u1ebfng.","breadcrumb":{"@id":"https:\/\/biogroupvietnam.com\/vi\/san-pham\/may-doc-dia-elisa\/#breadcrumb"},"inLanguage":"vi","potentialAction":[{"@type":"ReadAction","target":["https:\/\/biogroupvietnam.com\/vi\/san-pham\/may-doc-dia-elisa\/"]}]},{"@type":"ImageObject","inLanguage":"vi","@id":"https:\/\/biogroupvietnam.com\/vi\/san-pham\/may-doc-dia-elisa\/#primaryimage","url":"https:\/\/biogroupvietnam.com\/wp-content\/uploads\/2025\/08\/SmartReader-96.jpg","contentUrl":"https:\/\/biogroupvietnam.com\/wp-content\/uploads\/2025\/08\/SmartReader-96.jpg","width":1640,"height":1260},{"@type":"BreadcrumbList","@id":"https:\/\/biogroupvietnam.com\/vi\/san-pham\/may-doc-dia-elisa\/#breadcrumb","itemListElement":[{"@type":"ListItem","position":1,"name":"Trang ch\u1ee7","item":"https:\/\/biogroupvietnam.com\/vi\/"},{"@type":"ListItem","position":2,"name":"S\u1ea3n ph\u1ea9m","item":"https:\/\/biogroupvietnam.com\/vi\/san-pham\/"},{"@type":"ListItem","position":3,"name":"R&amp;D Sinh H\u1ecdc","item":"https:\/\/biogroupvietnam.com\/vi\/danh-muc-san-pham\/rd-sinh-hoc\/"},{"@type":"ListItem","position":4,"name":"H\u1ec7 Th\u1ed1ng ELISA","item":"https:\/\/biogroupvietnam.com\/vi\/danh-muc-san-pham\/he-thong-elisa\/"},{"@type":"ListItem","position":5,"name":"M\u00e1y \u0110\u1ecdc \u0110\u0129a ELISA &#8211; SmartReader 96"}]},{"@type":"WebSite","@id":"https:\/\/biogroupvietnam.com\/vi\/#website","url":"https:\/\/biogroupvietnam.com\/vi\/","name":"Biogroup Vietnam","description":"Biogroup Vietnam cung c\u1ea5p d\u1ecbch v\u1ee5 k\u1ef9 thu\u1eadt c\u00f9ng thi\u1ebft b\u1ecb, v\u1eadt t\u01b0, h\u00f3a ch\u1ea5t v\u00e0 gi\u1ea3i ph\u00e1p sinh h\u1ecdc cho ph\u00f2ng th\u00ed nghi\u1ec7m c\u00f4ng ngh\u1ec7 sinh h\u1ecdc, y sinh v\u00e0 y h\u1ecdc t\u00e1i t\u1ea1o.","potentialAction":[{"@type":"SearchAction","target":{"@type":"EntryPoint","urlTemplate":"https:\/\/biogroupvietnam.com\/vi\/?s={search_term_string}"},"query-input":{"@type":"PropertyValueSpecification","valueRequired":true,"valueName":"search_term_string"}}],"inLanguage":"vi"}]}},"_links":{"self":[{"href":"https:\/\/biogroupvietnam.com\/vi\/wp-json\/wp\/v2\/product\/3702","targetHints":{"allow":["GET"]}}],"collection":[{"href":"https:\/\/biogroupvietnam.com\/vi\/wp-json\/wp\/v2\/product"}],"about":[{"href":"https:\/\/biogroupvietnam.com\/vi\/wp-json\/wp\/v2\/types\/product"}],"replies":[{"embeddable":true,"href":"https:\/\/biogroupvietnam.com\/vi\/wp-json\/wp\/v2\/comments?post=3702"}],"version-history":[{"count":5,"href":"https:\/\/biogroupvietnam.com\/vi\/wp-json\/wp\/v2\/product\/3702\/revisions"}],"predecessor-version":[{"id":8906,"href":"https:\/\/biogroupvietnam.com\/vi\/wp-json\/wp\/v2\/product\/3702\/revisions\/8906"}],"wp:featuredmedia":[{"embeddable":true,"href":"https:\/\/biogroupvietnam.com\/vi\/wp-json\/wp\/v2\/media\/8905"}],"wp:attachment":[{"href":"https:\/\/biogroupvietnam.com\/vi\/wp-json\/wp\/v2\/media?parent=3702"}],"wp:term":[{"taxonomy":"product_brand","embeddable":true,"href":"https:\/\/biogroupvietnam.com\/vi\/wp-json\/wp\/v2\/product_brand?post=3702"},{"taxonomy":"product_cat","embeddable":true,"href":"https:\/\/biogroupvietnam.com\/vi\/wp-json\/wp\/v2\/product_cat?post=3702"},{"taxonomy":"product_tag","embeddable":true,"href":"https:\/\/biogroupvietnam.com\/vi\/wp-json\/wp\/v2\/product_tag?post=3702"}],"curies":[{"name":"wp","href":"https:\/\/api.w.org\/{rel}","templated":true}]}}