{"id":3730,"date":"2025-08-18T19:52:45","date_gmt":"2025-08-18T12:52:45","guid":{"rendered":"http:\/\/biogroupvietnam-worldpress.local\/product\/import-placeholder-for-80\/"},"modified":"2025-11-17T09:22:42","modified_gmt":"2025-11-17T02:22:42","slug":"thiet-bi-dien-di-ngang","status":"publish","type":"product","link":"https:\/\/biogroupvietnam.com\/vi\/san-pham\/thiet-bi-dien-di-ngang\/","title":{"rendered":"B\u1ed9 \u0110i\u1ec7n Di Ngang L\u1edbn SUB15"},"content":{"rendered":"<h2><strong>\u0110i\u1ec7n di SUB15\u00a0\u0111\u01b0\u1ee3c \u1ee9ng\u00a0d\u1ee5ng s\u00e0ng l\u1ecdc t\u1eeb c\u00e1c \u0111o\u1ea1n DNA nh\u1ecf \u0111\u1ebfn c\u00e1c s\u1ea3n ph\u1ea9m PCR.\u00a0<\/strong><\/h2>\n<ul>\n<li>Ph\u00f9 h\u1ee3p cho ph\u00f2ng Lab nghi\u00ean c\u1ee9u, x\u00e9t nghi\u1ec7m sinh h\u1ecdc ph\u00e2n t\u1eed.<\/li>\n<li>S\u1ed1 m\u1eabu \u0111i\u1ec7n di t\u1ed1i \u0111a: \u0111\u1ebfn 120 m\u1eabu\/ gel (t\u00f9y ch\u1ecdn lo\u1ea1i l\u01b0\u1ee3c).<\/li>\n<li>K\u00edch th\u01b0\u1edbc gel 15 x 20 cm.<\/li>\n<li>L\u01b0\u1ee3c t\u1ea1o gi\u1ebfng \u0111i\u1ec7n di ph\u00f9 h\u1ee3p\u00a0v\u1edbi vi\u1ec7c s\u1eed d\u1ee5ng pipette \u0111a k\u00eanh \u0111\u1ec3 n\u1ea1p m\u1eabu \u0111i\u1ec7n di.<\/li>\n<li>C\u00f3 c\u1ed5ng chuy\u1ec3n tu\u1ea7n ho\u00e0n dung d\u1ecbch \u0111\u1ec7m \u0111\u1ec3 l\u00e0m m\u00e1t gel \u0111i\u1ec7n di (khi c\u1ea7n k\u1ebft n\u1ed1i v\u1edbi b\u1ec3 \u0111i\u1ec1u nhi\u1ec7t tu\u1ea7n ho\u00e0n).<\/li>\n<li>C\u00f3 nhi\u1ec1u\u00a0lo\u1ea1i l\u01b0\u1ee3c c\u00f3\u00a0k\u00edch c\u1ee1 kh\u00e1c nhau theo nhu c\u1ea7u s\u1eed d\u1ee5ng.<\/li>\n<li>C\u00f3 th\u1ec3 \u0111i\u1ec1u ch\u1ec9nh chi\u1ec1u cao c\u1ee7a l\u01b0\u1ee3c trong l\u00fac \u0111\u1ed5 gel.<\/li>\n<li>Khay \u0111\u1ec3\u00a0gel c\u00f3 ch\u1ee9c n\u0103ng UV trong su\u1ed1t (UV-transparent running tray) cho ph\u00e9p ng\u01b0\u1eddi s\u1eed d\u1ee5ng\u00a0nh\u00ecn h\u00ecnh \u1ea3nh gel \u0111\u1ec3 v\u1eadn h\u00e0nh d\u1ec5 d\u00e0ng.<\/li>\n<\/ul>\n","protected":false},"excerpt":{"rendered":"<p>\u0110i\u1ec7n di SUB15\u00a0\u0111\u01b0\u1ee3c \u1ee9ng\u00a0d\u1ee5ng s\u00e0ng l\u1ecdc t\u1eeb c\u00e1c \u0111o\u1ea1n DNA nh\u1ecf \u0111\u1ebfn c\u00e1c s\u1ea3n ph\u1ea9m PCR.\u00a0 Ph\u00f9 h\u1ee3p cho ph\u00f2ng Lab nghi\u00ean c\u1ee9u, x\u00e9t nghi\u1ec7m sinh h\u1ecdc ph\u00e2n t\u1eed. S\u1ed1 m\u1eabu \u0111i\u1ec7n di t\u1ed1i \u0111a: \u0111\u1ebfn 120 m\u1eabu\/ gel (t\u00f9y ch\u1ecdn lo\u1ea1i l\u01b0\u1ee3c). K\u00edch th\u01b0\u1edbc gel 15 x 20 cm. L\u01b0\u1ee3c t\u1ea1o gi\u1ebfng \u0111i\u1ec7n di<\/p>\n<div class=\"klb-readmore post-buttons\"><a class=\"button rounded primary\" href=\"https:\/\/biogroupvietnam.com\/vi\/san-pham\/thiet-bi-dien-di-ngang\/\">Read More <i class=\"klbth-icon-right-arrow\"><\/i><\/a><\/div>\n","protected":false},"featured_media":8954,"comment_status":"closed","ping_status":"closed","template":"","meta":{"_acf_changed":false},"product_brand":[140],"product_cat":[116],"product_tag":[],"class_list":{"0":"post-3730","1":"product","2":"type-product","3":"status-publish","4":"has-post-thumbnail","6":"product_brand-hoefer-inc","7":"product_cat-sinh-hoc-phan-tu","9":"first","10":"outofstock","11":"shipping-taxable","12":"product-type-simple"},"acf":[],"yoast_head":"<!-- This site is optimized with the Yoast SEO plugin v26.8 - https:\/\/yoast.com\/product\/yoast-seo-wordpress\/ -->\n<title>B\u1ed9 \u0110i\u1ec7n Di Ngang L\u1edbn SUB15<\/title>\n<meta name=\"description\" content=\"\u0110i\u1ec7n di SUB15\u00a0\u0111\u01b0\u1ee3c \u1ee9ng\u00a0d\u1ee5ng s\u00e0ng l\u1ecdc t\u1eeb c\u00e1c \u0111o\u1ea1n DNA nh\u1ecf \u0111\u1ebfn c\u00e1c s\u1ea3n ph\u1ea9m PCR.\" \/>\n<meta name=\"robots\" content=\"index, follow, max-snippet:-1, max-image-preview:large, max-video-preview:-1\" \/>\n<link rel=\"canonical\" href=\"https:\/\/biogroupvietnam.com\/vi\/san-pham\/thiet-bi-dien-di-ngang\/\" \/>\n<meta property=\"og:locale\" content=\"vi_VN\" \/>\n<meta property=\"og:type\" content=\"article\" \/>\n<meta property=\"og:title\" content=\"B\u1ed9 \u0110i\u1ec7n Di Ngang L\u1edbn SUB15\" \/>\n<meta property=\"og:description\" content=\"\u0110i\u1ec7n di SUB15\u00a0\u0111\u01b0\u1ee3c \u1ee9ng\u00a0d\u1ee5ng s\u00e0ng l\u1ecdc t\u1eeb c\u00e1c \u0111o\u1ea1n DNA nh\u1ecf \u0111\u1ebfn c\u00e1c s\u1ea3n ph\u1ea9m PCR.\" \/>\n<meta property=\"og:url\" content=\"https:\/\/biogroupvietnam.com\/vi\/san-pham\/thiet-bi-dien-di-ngang\/\" \/>\n<meta property=\"og:site_name\" content=\"Biogroup Vietnam\" \/>\n<meta property=\"article:modified_time\" content=\"2025-11-17T02:22:42+00:00\" \/>\n<meta property=\"og:image\" content=\"https:\/\/biogroupvietnam.com\/wp-content\/uploads\/2025\/08\/SUB15.jpg\" \/>\n\t<meta property=\"og:image:width\" content=\"1640\" \/>\n\t<meta property=\"og:image:height\" content=\"1260\" \/>\n\t<meta property=\"og:image:type\" content=\"image\/jpeg\" \/>\n<meta name=\"twitter:card\" content=\"summary_large_image\" \/>\n<meta name=\"twitter:label1\" content=\"\u01af\u1edbc t\u00ednh th\u1eddi gian \u0111\u1ecdc\" \/>\n\t<meta name=\"twitter:data1\" content=\"2 ph\u00fat\" \/>\n<script type=\"application\/ld+json\" class=\"yoast-schema-graph\">{\"@context\":\"https:\/\/schema.org\",\"@graph\":[{\"@type\":\"WebPage\",\"@id\":\"https:\/\/biogroupvietnam.com\/vi\/san-pham\/thiet-bi-dien-di-ngang\/\",\"url\":\"https:\/\/biogroupvietnam.com\/vi\/san-pham\/thiet-bi-dien-di-ngang\/\",\"name\":\"B\u1ed9 \u0110i\u1ec7n Di Ngang L\u1edbn SUB15\",\"isPartOf\":{\"@id\":\"https:\/\/biogroupvietnam.com\/vi\/#website\"},\"primaryImageOfPage\":{\"@id\":\"https:\/\/biogroupvietnam.com\/vi\/san-pham\/thiet-bi-dien-di-ngang\/#primaryimage\"},\"image\":{\"@id\":\"https:\/\/biogroupvietnam.com\/vi\/san-pham\/thiet-bi-dien-di-ngang\/#primaryimage\"},\"thumbnailUrl\":\"https:\/\/biogroupvietnam.com\/wp-content\/uploads\/2025\/08\/SUB15.jpg\",\"datePublished\":\"2025-08-18T12:52:45+00:00\",\"dateModified\":\"2025-11-17T02:22:42+00:00\",\"description\":\"\u0110i\u1ec7n di SUB15\u00a0\u0111\u01b0\u1ee3c \u1ee9ng\u00a0d\u1ee5ng s\u00e0ng l\u1ecdc t\u1eeb c\u00e1c \u0111o\u1ea1n DNA nh\u1ecf \u0111\u1ebfn c\u00e1c s\u1ea3n ph\u1ea9m PCR.\",\"breadcrumb\":{\"@id\":\"https:\/\/biogroupvietnam.com\/vi\/san-pham\/thiet-bi-dien-di-ngang\/#breadcrumb\"},\"inLanguage\":\"vi\",\"potentialAction\":[{\"@type\":\"ReadAction\",\"target\":[\"https:\/\/biogroupvietnam.com\/vi\/san-pham\/thiet-bi-dien-di-ngang\/\"]}]},{\"@type\":\"ImageObject\",\"inLanguage\":\"vi\",\"@id\":\"https:\/\/biogroupvietnam.com\/vi\/san-pham\/thiet-bi-dien-di-ngang\/#primaryimage\",\"url\":\"https:\/\/biogroupvietnam.com\/wp-content\/uploads\/2025\/08\/SUB15.jpg\",\"contentUrl\":\"https:\/\/biogroupvietnam.com\/wp-content\/uploads\/2025\/08\/SUB15.jpg\",\"width\":1640,\"height\":1260},{\"@type\":\"BreadcrumbList\",\"@id\":\"https:\/\/biogroupvietnam.com\/vi\/san-pham\/thiet-bi-dien-di-ngang\/#breadcrumb\",\"itemListElement\":[{\"@type\":\"ListItem\",\"position\":1,\"name\":\"Trang ch\u1ee7\",\"item\":\"https:\/\/biogroupvietnam.com\/vi\/\"},{\"@type\":\"ListItem\",\"position\":2,\"name\":\"S\u1ea3n ph\u1ea9m\",\"item\":\"https:\/\/biogroupvietnam.com\/vi\/san-pham\/\"},{\"@type\":\"ListItem\",\"position\":3,\"name\":\"R&amp;D Sinh H\u1ecdc\",\"item\":\"https:\/\/biogroupvietnam.com\/vi\/danh-muc-san-pham\/rd-sinh-hoc\/\"},{\"@type\":\"ListItem\",\"position\":4,\"name\":\"Sinh H\u1ecdc Ph\u00e2n T\u1eed\",\"item\":\"https:\/\/biogroupvietnam.com\/vi\/danh-muc-san-pham\/sinh-hoc-phan-tu\/\"},{\"@type\":\"ListItem\",\"position\":5,\"name\":\"B\u1ed9 \u0110i\u1ec7n Di Ngang L\u1edbn SUB15\"}]},{\"@type\":\"WebSite\",\"@id\":\"https:\/\/biogroupvietnam.com\/vi\/#website\",\"url\":\"https:\/\/biogroupvietnam.com\/vi\/\",\"name\":\"Biogroup Vietnam\",\"description\":\"Biogroup Vietnam cung c\u1ea5p d\u1ecbch v\u1ee5 k\u1ef9 thu\u1eadt c\u00f9ng thi\u1ebft b\u1ecb, v\u1eadt t\u01b0, h\u00f3a ch\u1ea5t v\u00e0 gi\u1ea3i ph\u00e1p sinh h\u1ecdc cho ph\u00f2ng th\u00ed nghi\u1ec7m c\u00f4ng ngh\u1ec7 sinh h\u1ecdc, y sinh v\u00e0 y h\u1ecdc t\u00e1i t\u1ea1o.\",\"potentialAction\":[{\"@type\":\"SearchAction\",\"target\":{\"@type\":\"EntryPoint\",\"urlTemplate\":\"https:\/\/biogroupvietnam.com\/vi\/?s={search_term_string}\"},\"query-input\":{\"@type\":\"PropertyValueSpecification\",\"valueRequired\":true,\"valueName\":\"search_term_string\"}}],\"inLanguage\":\"vi\"}]}<\/script>\n<!-- \/ Yoast SEO plugin. -->","yoast_head_json":{"title":"B\u1ed9 \u0110i\u1ec7n Di Ngang L\u1edbn SUB15","description":"\u0110i\u1ec7n di SUB15\u00a0\u0111\u01b0\u1ee3c \u1ee9ng\u00a0d\u1ee5ng s\u00e0ng l\u1ecdc t\u1eeb c\u00e1c \u0111o\u1ea1n DNA nh\u1ecf \u0111\u1ebfn c\u00e1c s\u1ea3n ph\u1ea9m PCR.","robots":{"index":"index","follow":"follow","max-snippet":"max-snippet:-1","max-image-preview":"max-image-preview:large","max-video-preview":"max-video-preview:-1"},"canonical":"https:\/\/biogroupvietnam.com\/vi\/san-pham\/thiet-bi-dien-di-ngang\/","og_locale":"vi_VN","og_type":"article","og_title":"B\u1ed9 \u0110i\u1ec7n Di Ngang L\u1edbn SUB15","og_description":"\u0110i\u1ec7n di SUB15\u00a0\u0111\u01b0\u1ee3c \u1ee9ng\u00a0d\u1ee5ng s\u00e0ng l\u1ecdc t\u1eeb c\u00e1c \u0111o\u1ea1n DNA nh\u1ecf \u0111\u1ebfn c\u00e1c s\u1ea3n ph\u1ea9m PCR.","og_url":"https:\/\/biogroupvietnam.com\/vi\/san-pham\/thiet-bi-dien-di-ngang\/","og_site_name":"Biogroup Vietnam","article_modified_time":"2025-11-17T02:22:42+00:00","og_image":[{"width":1640,"height":1260,"url":"https:\/\/biogroupvietnam.com\/wp-content\/uploads\/2025\/08\/SUB15.jpg","type":"image\/jpeg"}],"twitter_card":"summary_large_image","twitter_misc":{"\u01af\u1edbc t\u00ednh th\u1eddi gian \u0111\u1ecdc":"2 ph\u00fat"},"schema":{"@context":"https:\/\/schema.org","@graph":[{"@type":"WebPage","@id":"https:\/\/biogroupvietnam.com\/vi\/san-pham\/thiet-bi-dien-di-ngang\/","url":"https:\/\/biogroupvietnam.com\/vi\/san-pham\/thiet-bi-dien-di-ngang\/","name":"B\u1ed9 \u0110i\u1ec7n Di Ngang L\u1edbn SUB15","isPartOf":{"@id":"https:\/\/biogroupvietnam.com\/vi\/#website"},"primaryImageOfPage":{"@id":"https:\/\/biogroupvietnam.com\/vi\/san-pham\/thiet-bi-dien-di-ngang\/#primaryimage"},"image":{"@id":"https:\/\/biogroupvietnam.com\/vi\/san-pham\/thiet-bi-dien-di-ngang\/#primaryimage"},"thumbnailUrl":"https:\/\/biogroupvietnam.com\/wp-content\/uploads\/2025\/08\/SUB15.jpg","datePublished":"2025-08-18T12:52:45+00:00","dateModified":"2025-11-17T02:22:42+00:00","description":"\u0110i\u1ec7n di SUB15\u00a0\u0111\u01b0\u1ee3c \u1ee9ng\u00a0d\u1ee5ng s\u00e0ng l\u1ecdc t\u1eeb c\u00e1c \u0111o\u1ea1n DNA nh\u1ecf \u0111\u1ebfn c\u00e1c s\u1ea3n ph\u1ea9m PCR.","breadcrumb":{"@id":"https:\/\/biogroupvietnam.com\/vi\/san-pham\/thiet-bi-dien-di-ngang\/#breadcrumb"},"inLanguage":"vi","potentialAction":[{"@type":"ReadAction","target":["https:\/\/biogroupvietnam.com\/vi\/san-pham\/thiet-bi-dien-di-ngang\/"]}]},{"@type":"ImageObject","inLanguage":"vi","@id":"https:\/\/biogroupvietnam.com\/vi\/san-pham\/thiet-bi-dien-di-ngang\/#primaryimage","url":"https:\/\/biogroupvietnam.com\/wp-content\/uploads\/2025\/08\/SUB15.jpg","contentUrl":"https:\/\/biogroupvietnam.com\/wp-content\/uploads\/2025\/08\/SUB15.jpg","width":1640,"height":1260},{"@type":"BreadcrumbList","@id":"https:\/\/biogroupvietnam.com\/vi\/san-pham\/thiet-bi-dien-di-ngang\/#breadcrumb","itemListElement":[{"@type":"ListItem","position":1,"name":"Trang ch\u1ee7","item":"https:\/\/biogroupvietnam.com\/vi\/"},{"@type":"ListItem","position":2,"name":"S\u1ea3n ph\u1ea9m","item":"https:\/\/biogroupvietnam.com\/vi\/san-pham\/"},{"@type":"ListItem","position":3,"name":"R&amp;D Sinh H\u1ecdc","item":"https:\/\/biogroupvietnam.com\/vi\/danh-muc-san-pham\/rd-sinh-hoc\/"},{"@type":"ListItem","position":4,"name":"Sinh H\u1ecdc Ph\u00e2n T\u1eed","item":"https:\/\/biogroupvietnam.com\/vi\/danh-muc-san-pham\/sinh-hoc-phan-tu\/"},{"@type":"ListItem","position":5,"name":"B\u1ed9 \u0110i\u1ec7n Di Ngang L\u1edbn SUB15"}]},{"@type":"WebSite","@id":"https:\/\/biogroupvietnam.com\/vi\/#website","url":"https:\/\/biogroupvietnam.com\/vi\/","name":"Biogroup Vietnam","description":"Biogroup Vietnam cung c\u1ea5p d\u1ecbch v\u1ee5 k\u1ef9 thu\u1eadt c\u00f9ng thi\u1ebft b\u1ecb, v\u1eadt t\u01b0, h\u00f3a ch\u1ea5t v\u00e0 gi\u1ea3i ph\u00e1p sinh h\u1ecdc cho ph\u00f2ng th\u00ed nghi\u1ec7m c\u00f4ng ngh\u1ec7 sinh h\u1ecdc, y sinh v\u00e0 y h\u1ecdc t\u00e1i t\u1ea1o.","potentialAction":[{"@type":"SearchAction","target":{"@type":"EntryPoint","urlTemplate":"https:\/\/biogroupvietnam.com\/vi\/?s={search_term_string}"},"query-input":{"@type":"PropertyValueSpecification","valueRequired":true,"valueName":"search_term_string"}}],"inLanguage":"vi"}]}},"_links":{"self":[{"href":"https:\/\/biogroupvietnam.com\/vi\/wp-json\/wp\/v2\/product\/3730","targetHints":{"allow":["GET"]}}],"collection":[{"href":"https:\/\/biogroupvietnam.com\/vi\/wp-json\/wp\/v2\/product"}],"about":[{"href":"https:\/\/biogroupvietnam.com\/vi\/wp-json\/wp\/v2\/types\/product"}],"replies":[{"embeddable":true,"href":"https:\/\/biogroupvietnam.com\/vi\/wp-json\/wp\/v2\/comments?post=3730"}],"version-history":[{"count":3,"href":"https:\/\/biogroupvietnam.com\/vi\/wp-json\/wp\/v2\/product\/3730\/revisions"}],"predecessor-version":[{"id":8956,"href":"https:\/\/biogroupvietnam.com\/vi\/wp-json\/wp\/v2\/product\/3730\/revisions\/8956"}],"wp:featuredmedia":[{"embeddable":true,"href":"https:\/\/biogroupvietnam.com\/vi\/wp-json\/wp\/v2\/media\/8954"}],"wp:attachment":[{"href":"https:\/\/biogroupvietnam.com\/vi\/wp-json\/wp\/v2\/media?parent=3730"}],"wp:term":[{"taxonomy":"product_brand","embeddable":true,"href":"https:\/\/biogroupvietnam.com\/vi\/wp-json\/wp\/v2\/product_brand?post=3730"},{"taxonomy":"product_cat","embeddable":true,"href":"https:\/\/biogroupvietnam.com\/vi\/wp-json\/wp\/v2\/product_cat?post=3730"},{"taxonomy":"product_tag","embeddable":true,"href":"https:\/\/biogroupvietnam.com\/vi\/wp-json\/wp\/v2\/product_tag?post=3730"}],"curies":[{"name":"wp","href":"https:\/\/api.w.org\/{rel}","templated":true}]}}