{"id":3731,"date":"2025-08-18T19:52:46","date_gmt":"2025-08-18T12:52:46","guid":{"rendered":"http:\/\/biogroupvietnam-worldpress.local\/product\/import-placeholder-for-81\/"},"modified":"2026-04-06T13:29:58","modified_gmt":"2026-04-06T06:29:58","slug":"moi-truong-clonacell-cho-cd","status":"publish","type":"product","link":"https:\/\/biogroupvietnam.com\/vi\/san-pham\/moi-truong-clonacell-cho-cd\/","title":{"rendered":"M\u00f4i Tr\u01b0\u1eddng ClonaCell\u2122-CHO CD"},"content":{"rendered":"<p>M\u00f4i tr\u01b0\u1eddng ClonaCell\u2122-CHO CD l\u00e0 m\u1ed9t m\u00f4i tr\u01b0\u1eddng b\u00e1n r\u1eafn g\u1ed1c methylcellulose \u0111\u01b0\u1ee3c x\u00e1c \u0111\u1ecbnh v\u1ec1 m\u1eb7t h\u00f3a h\u1ecdc, kh\u00f4ng c\u00f3 c\u00e1c th\u00e0nh ph\u1ea7n \u0111\u1ed9ng v\u1eadt, kh\u00f4ng ch\u1ee9a huy\u1ebft thanh, protein v\u00e0 glutamine. M\u00f4i tr\u01b0\u1eddng n\u00e0y d\u00f9ng trong ch\u1ecdn l\u1ecdc v\u00e0 nh\u00e2n b\u1ea3n c\u00e1c t\u1ebf b\u00e0o CHO.<\/p>\n<h3>T\u1ed5ng quan<\/h3>\n<p>M\u00f4i tr\u01b0\u1eddng ClonaCell\u2122-CHO CD l\u00e0 m\u1ed9t m\u00f4i tr\u01b0\u1eddng b\u00e1n r\u1eafn g\u1ed1c methylcellulose \u0111\u01b0\u1ee3c khuy\u1ebfn ngh\u1ecb \u0111\u1ec3 ch\u1ecdn l\u1ecdc v\u00e0 nh\u00e2n b\u1ea3n t\u1ebf b\u00e0o bu\u1ed3ng tr\u1ee9ng chu\u1ed9t Hamster Trung Qu\u1ed1c (<i>Chinese hamster ovary-CHO<\/i>). \u0110\u00e2y l\u00e0 m\u00f4i tr\u01b0\u1eddng \u0111\u00e3 \u0111\u01b0\u1ee3c x\u00e1c \u0111\u1ecbnh v\u1ec1 m\u1eb7t h\u00f3a h\u1ecdc v\u00e0\u00a0kh\u00f4ng c\u00f3 c\u00e1c th\u00e0nh ph\u1ea7n c\u00f3 ngu\u1ed3n g\u1ed1c t\u1eeb \u0111\u1ed9ng v\u1eadt, kh\u00f4ng ch\u1ee9a: protein, L-glutamine, c\u00e1c ch\u1ea5t ch\u1ecdn l\u1ecdc ho\u1eb7c\u00a0 phenol red.<\/p>\n<p>M\u00f4i tr\u01b0\u1eddng n\u00e0y t\u01b0\u01a1ng th\u00edch v\u1edbi c\u00e1c ph\u01b0\u01a1ng ph\u00e1p ch\u1ecdn l\u1ecdc nh\u01b0 dihydrofolate reductase (DHFR) v\u00e0 glutamine synthetase (GS).<\/p>\n<h3>Th\u00e0nh ph\u1ea7n c\u1ee7a m\u00f4i tr\u01b0\u1eddng ClonaCell\u2122-CHO CD<\/h3>\n<ul>\n<li>Methylcellulose<\/li>\n<li>Kolliphor\u00ae P188<\/li>\n<li>C\u00e1c th\u00e0nh ph\u1ea7n kh\u00e1c.<\/li>\n<\/ul>\n<h3>L\u1ee3i \u00edch c\u1ee7a nh\u00e2n b\u1ea3n tr\u00ean m\u00f4i tr\u01b0\u1eddng b\u00e1n r\u1eafn<\/h3>\n<ul>\n<li>C\u00e1c d\u00f2ng t\u1ebf b\u00e0o v\u00f4 t\u00ednh ri\u00eang l\u1ebb v\u00e0 th\u1ebf h\u1ec7 con ch\u00e1u c\u1ee7a ch\u00fang khu tr\u00fa trong m\u1ed9t ch\u1ea5t n\u1ec1n b\u00e1n r\u1eafn khi ch\u00fang ph\u00e1t tri\u1ec3n th\u00e0nh khu\u1ea9n l\u1ea1c. \u0110i\u1ec1u n\u00e0y ng\u0103n ng\u1eeba vi\u1ec7c m\u1ea5t c\u00e1c d\u00f2ng v\u00f4 t\u00ednh hi\u1ebfm, d\u00f2ng c\u00f3 n\u0103ng su\u1ea5t cao do s\u1ef1 t\u0103ng sinh qu\u00e1 m\u1ee9c t\u1eeb c\u00e1c t\u1ebf b\u00e0o c\u00f3 kh\u1ea3 n\u0103ng ph\u00e1t tri\u1ec3n nhanh, t\u01b0\u01a1ng t\u1ef1 nh\u01b0 s\u1ef1 ch\u1ecdn l\u1ecdc x\u1ea3y ra trong m\u00f4i tr\u01b0\u1eddng l\u1ecfng, t\u1ea1o \u0111i\u1ec1u ki\u1ec7n \u0111\u1ec3 ph\u00e2n l\u1eadp c\u00e1c d\u00f2ng t\u1ebf b\u00e0o v\u00f4 t\u00ednh c\u00f3 t\u1ed1c \u0111\u1ed9 t\u0103ng tr\u01b0\u1edfng v\u00e0 n\u0103ng su\u1ea5t \u0111a d\u1ea1ng, s\u1eed d\u1ee5ng cho m\u1ee5c \u0111\u00edch ch\u1ecdn l\u1ecdc <i>downstream<\/i>.<\/li>\n<li>C\u00e1c khu\u1ea9n l\u1ea1c thu \u0111\u01b0\u1ee3c t\u1eeb m\u00f4i tr\u01b0\u1eddng b\u00e1n r\u1eafn c\u00f3 x\u00e1c su\u1ea5t \u0111\u01a1n d\u00f2ng cao, th\u1eddi gian ph\u00e2n l\u1eadp c\u00e1c d\u00f2ng t\u1ebf b\u00e0o v\u00f4 t\u00ednh ng\u1eafn h\u01a1n v\u00e0 \u00edt t\u1ed1n k\u00e9m h\u01a1n so v\u1edbi vi\u1ec7c nh\u00e2n b\u1ea3n v\u00f4 t\u00ednh b\u1eb1ng ph\u01b0\u01a1ng ph\u00e1p pha lo\u00e3ng.<\/li>\n<li>C\u00e1c khu\u1ea9n l\u1ea1c c\u00f3 th\u1ec3 d\u1ec5 d\u00e0ng l\u1ea5y ra t\u1eeb m\u00f4i tr\u01b0\u1eddng b\u00e1n r\u1eafn b\u1eb1ng ph\u01b0\u01a1ng ph\u00e1p th\u1ee7 c\u00f4ng ho\u1eb7c robot, v\u00e0 sau \u0111\u00f3 c\u00e1c d\u00f2ng t\u1ebf b\u00e0o \u0111\u01b0\u1ee3c huy\u1ec1n ph\u00f9 v\u00e0o m\u1ed9t m\u00f4i tr\u01b0\u1eddng t\u0103ng sinh l\u1ecfng \u0111\u1ec3 s\u00e0ng l\u1ecdc v\u00e0 m\u1edf r\u1ed9ng.<\/li>\n<\/ul>\n<h3>\u0110i\u1ec1u ki\u1ec7n b\u1ea3o qu\u1ea3n\u00a0m\u00f4i tr\u01b0\u1eddng ClonaCell\u2122-CHO CD<\/h3>\n<ul>\n<li>Tr\u00e1nh s\u00e1ng.<\/li>\n<li>Nhi\u1ec7t \u0111\u1ed9 b\u1ea3o qu\u1ea3n: -20oC<\/li>\n<\/ul>\n<h3>\u1ee8ng d\u1ee5ng<\/h3>\n<p>Ch\u1ecdn l\u1ecdc v\u00e0 nh\u00e2n b\u1ea3n c\u00e1c t\u1ebf b\u00e0o CHO.<\/p>\n<h3>Th\u00f4ng tin \u0111\u1eb7t h\u00e0ng<\/h3>\n<p>M\u00f4i tr\u01b0\u1eddng ClonaCell\u2122-CHO CD (Catalog #03815). Chai 90 mL.<\/p>\n<h3>C\u00e1c s\u1ea3n ph\u1ea9m y\u00eau c\u1ea7u k\u00e8m theo (kh\u00f4ng bao g\u1ed3m trong Catalog# 03815)<\/h3>\n<ul>\n<li>M\u00f4i tr\u01b0\u1eddng ClonaCell\u2122-CHO CD d\u1ea1ng l\u1ecfng (Catalog# 03817)<\/li>\n<li>Blunt-End Needles, 16 Gauge (Catalog# 28110)<\/li>\n<li>12 mL Syringe Luer Lock Tip (Catalog# Covidien 8881512878)<\/li>\n<li>100 mm Culture Dishes, Non-Treated (Catalog# 38045)<\/li>\n<\/ul>\n","protected":false},"excerpt":{"rendered":"<p>M\u00f4i tr\u01b0\u1eddng ClonaCell\u2122-CHO CD l\u00e0 m\u1ed9t m\u00f4i tr\u01b0\u1eddng b\u00e1n r\u1eafn g\u1ed1c methylcellulose \u0111\u01b0\u1ee3c x\u00e1c \u0111\u1ecbnh v\u1ec1 m\u1eb7t h\u00f3a h\u1ecdc, kh\u00f4ng c\u00f3 c\u00e1c th\u00e0nh ph\u1ea7n \u0111\u1ed9ng v\u1eadt, kh\u00f4ng ch\u1ee9a huy\u1ebft thanh, protein v\u00e0 glutamine. M\u00f4i tr\u01b0\u1eddng n\u00e0y d\u00f9ng trong ch\u1ecdn l\u1ecdc v\u00e0 nh\u00e2n b\u1ea3n c\u00e1c t\u1ebf b\u00e0o CHO. T\u1ed5ng quan M\u00f4i tr\u01b0\u1eddng ClonaCell\u2122-CHO CD l\u00e0 m\u1ed9t<\/p>\n<div class=\"klb-readmore post-buttons\"><a class=\"button rounded primary\" href=\"https:\/\/biogroupvietnam.com\/vi\/san-pham\/moi-truong-clonacell-cho-cd\/\">Read More <i class=\"klbth-icon-right-arrow\"><\/i><\/a><\/div>\n","protected":false},"featured_media":10227,"comment_status":"closed","ping_status":"closed","template":"","meta":{"_acf_changed":false},"product_brand":[127],"product_cat":[89],"product_tag":[],"class_list":{"0":"post-3731","1":"product","2":"type-product","3":"status-publish","4":"has-post-thumbnail","6":"product_brand-stemcell-technologies","7":"product_cat-te-bao-cho","9":"first","10":"outofstock","11":"shipping-taxable","12":"product-type-simple"},"acf":[],"yoast_head":"<!-- This site is optimized with the Yoast SEO plugin v26.8 - https:\/\/yoast.com\/product\/yoast-seo-wordpress\/ -->\n<title>M\u00f4i tr\u01b0\u1eddng ClonaCell\u2122-CHO CD<\/title>\n<meta name=\"description\" content=\"M\u00f4i tr\u01b0\u1eddng ClonaCell\u2122-CHO CD l\u00e0 m\u1ed9t m\u00f4i tr\u01b0\u1eddng b\u00e1n r\u1eafn g\u1ed1c methylcellulose \u0111\u01b0\u1ee3c x\u00e1c \u0111\u1ecbnh v\u1ec1 m\u1eb7t h\u00f3a h\u1ecdc, kh\u00f4ng c\u00f3 c\u00e1c th\u00e0nh ph\u1ea7n \u0111\u1ed9ng v\u1eadt, kh\u00f4ng ch\u1ee9a huy\u1ebft thanh, protein v\u00e0 glutamine. M\u00f4i tr\u01b0\u1eddng n\u00e0y d\u00f9ng trong ch\u1ecdn l\u1ecdc v\u00e0 nh\u00e2n b\u1ea3n c\u00e1c t\u1ebf b\u00e0o CHO.\" \/>\n<meta name=\"robots\" content=\"index, follow, max-snippet:-1, max-image-preview:large, max-video-preview:-1\" \/>\n<link rel=\"canonical\" href=\"https:\/\/biogroupvietnam.com\/vi\/san-pham\/moi-truong-clonacell-cho-cd\/\" \/>\n<meta property=\"og:locale\" content=\"vi_VN\" \/>\n<meta property=\"og:type\" content=\"article\" \/>\n<meta property=\"og:title\" content=\"M\u00f4i tr\u01b0\u1eddng ClonaCell\u2122-CHO CD\" \/>\n<meta property=\"og:description\" content=\"M\u00f4i tr\u01b0\u1eddng ClonaCell\u2122-CHO CD l\u00e0 m\u1ed9t m\u00f4i tr\u01b0\u1eddng b\u00e1n r\u1eafn g\u1ed1c methylcellulose \u0111\u01b0\u1ee3c x\u00e1c \u0111\u1ecbnh v\u1ec1 m\u1eb7t h\u00f3a h\u1ecdc, kh\u00f4ng c\u00f3 c\u00e1c th\u00e0nh ph\u1ea7n \u0111\u1ed9ng v\u1eadt, kh\u00f4ng ch\u1ee9a huy\u1ebft thanh, protein v\u00e0 glutamine. M\u00f4i tr\u01b0\u1eddng n\u00e0y d\u00f9ng trong ch\u1ecdn l\u1ecdc v\u00e0 nh\u00e2n b\u1ea3n c\u00e1c t\u1ebf b\u00e0o CHO.\" \/>\n<meta property=\"og:url\" content=\"https:\/\/biogroupvietnam.com\/vi\/san-pham\/moi-truong-clonacell-cho-cd\/\" \/>\n<meta property=\"og:site_name\" content=\"Biogroup Vietnam\" \/>\n<meta property=\"article:modified_time\" content=\"2026-04-06T06:29:58+00:00\" \/>\n<meta property=\"og:image\" content=\"https:\/\/biogroupvietnam.com\/wp-content\/uploads\/2025\/08\/moi-truong-clonacell-cho-cd.jpg\" \/>\n\t<meta property=\"og:image:width\" content=\"1640\" \/>\n\t<meta property=\"og:image:height\" content=\"1260\" \/>\n\t<meta property=\"og:image:type\" content=\"image\/jpeg\" \/>\n<meta name=\"twitter:card\" content=\"summary_large_image\" \/>\n<meta name=\"twitter:label1\" content=\"\u01af\u1edbc t\u00ednh th\u1eddi gian \u0111\u1ecdc\" \/>\n\t<meta name=\"twitter:data1\" content=\"3 ph\u00fat\" \/>\n<script type=\"application\/ld+json\" class=\"yoast-schema-graph\">{\"@context\":\"https:\/\/schema.org\",\"@graph\":[{\"@type\":\"WebPage\",\"@id\":\"https:\/\/biogroupvietnam.com\/vi\/san-pham\/moi-truong-clonacell-cho-cd\/\",\"url\":\"https:\/\/biogroupvietnam.com\/vi\/san-pham\/moi-truong-clonacell-cho-cd\/\",\"name\":\"M\u00f4i tr\u01b0\u1eddng ClonaCell\u2122-CHO CD\",\"isPartOf\":{\"@id\":\"https:\/\/biogroupvietnam.com\/vi\/#website\"},\"primaryImageOfPage\":{\"@id\":\"https:\/\/biogroupvietnam.com\/vi\/san-pham\/moi-truong-clonacell-cho-cd\/#primaryimage\"},\"image\":{\"@id\":\"https:\/\/biogroupvietnam.com\/vi\/san-pham\/moi-truong-clonacell-cho-cd\/#primaryimage\"},\"thumbnailUrl\":\"https:\/\/biogroupvietnam.com\/wp-content\/uploads\/2025\/08\/moi-truong-clonacell-cho-cd.jpg\",\"datePublished\":\"2025-08-18T12:52:46+00:00\",\"dateModified\":\"2026-04-06T06:29:58+00:00\",\"description\":\"M\u00f4i tr\u01b0\u1eddng ClonaCell\u2122-CHO CD l\u00e0 m\u1ed9t m\u00f4i tr\u01b0\u1eddng b\u00e1n r\u1eafn g\u1ed1c methylcellulose \u0111\u01b0\u1ee3c x\u00e1c \u0111\u1ecbnh v\u1ec1 m\u1eb7t h\u00f3a h\u1ecdc, kh\u00f4ng c\u00f3 c\u00e1c th\u00e0nh ph\u1ea7n \u0111\u1ed9ng v\u1eadt, kh\u00f4ng ch\u1ee9a huy\u1ebft thanh, protein v\u00e0 glutamine. M\u00f4i tr\u01b0\u1eddng n\u00e0y d\u00f9ng trong ch\u1ecdn l\u1ecdc v\u00e0 nh\u00e2n b\u1ea3n c\u00e1c t\u1ebf b\u00e0o CHO.\",\"breadcrumb\":{\"@id\":\"https:\/\/biogroupvietnam.com\/vi\/san-pham\/moi-truong-clonacell-cho-cd\/#breadcrumb\"},\"inLanguage\":\"vi\",\"potentialAction\":[{\"@type\":\"ReadAction\",\"target\":[\"https:\/\/biogroupvietnam.com\/vi\/san-pham\/moi-truong-clonacell-cho-cd\/\"]}]},{\"@type\":\"ImageObject\",\"inLanguage\":\"vi\",\"@id\":\"https:\/\/biogroupvietnam.com\/vi\/san-pham\/moi-truong-clonacell-cho-cd\/#primaryimage\",\"url\":\"https:\/\/biogroupvietnam.com\/wp-content\/uploads\/2025\/08\/moi-truong-clonacell-cho-cd.jpg\",\"contentUrl\":\"https:\/\/biogroupvietnam.com\/wp-content\/uploads\/2025\/08\/moi-truong-clonacell-cho-cd.jpg\",\"width\":1640,\"height\":1260,\"caption\":\"M\u00f4i Tr\u01b0\u1eddng ClonaCell\u2122-CHO CD\"},{\"@type\":\"BreadcrumbList\",\"@id\":\"https:\/\/biogroupvietnam.com\/vi\/san-pham\/moi-truong-clonacell-cho-cd\/#breadcrumb\",\"itemListElement\":[{\"@type\":\"ListItem\",\"position\":1,\"name\":\"Trang ch\u1ee7\",\"item\":\"https:\/\/biogroupvietnam.com\/vi\/\"},{\"@type\":\"ListItem\",\"position\":2,\"name\":\"S\u1ea3n ph\u1ea9m\",\"item\":\"https:\/\/biogroupvietnam.com\/vi\/san-pham\/\"},{\"@type\":\"ListItem\",\"position\":3,\"name\":\"Nu\u00f4i C\u1ea5y T\u1ebf B\u00e0o\",\"item\":\"https:\/\/biogroupvietnam.com\/vi\/danh-muc-san-pham\/nuoi-cay-te-bao\/\"},{\"@type\":\"ListItem\",\"position\":4,\"name\":\"T\u1ebf B\u00e0o CHO\",\"item\":\"https:\/\/biogroupvietnam.com\/vi\/danh-muc-san-pham\/te-bao-cho\/\"},{\"@type\":\"ListItem\",\"position\":5,\"name\":\"M\u00f4i Tr\u01b0\u1eddng ClonaCell\u2122-CHO CD\"}]},{\"@type\":\"WebSite\",\"@id\":\"https:\/\/biogroupvietnam.com\/vi\/#website\",\"url\":\"https:\/\/biogroupvietnam.com\/vi\/\",\"name\":\"Biogroup Vietnam\",\"description\":\"Biogroup Vietnam cung c\u1ea5p d\u1ecbch v\u1ee5 k\u1ef9 thu\u1eadt c\u00f9ng thi\u1ebft b\u1ecb, v\u1eadt t\u01b0, h\u00f3a ch\u1ea5t v\u00e0 gi\u1ea3i ph\u00e1p sinh h\u1ecdc cho ph\u00f2ng th\u00ed nghi\u1ec7m c\u00f4ng ngh\u1ec7 sinh h\u1ecdc, y sinh v\u00e0 y h\u1ecdc t\u00e1i t\u1ea1o.\",\"potentialAction\":[{\"@type\":\"SearchAction\",\"target\":{\"@type\":\"EntryPoint\",\"urlTemplate\":\"https:\/\/biogroupvietnam.com\/vi\/?s={search_term_string}\"},\"query-input\":{\"@type\":\"PropertyValueSpecification\",\"valueRequired\":true,\"valueName\":\"search_term_string\"}}],\"inLanguage\":\"vi\"}]}<\/script>\n<!-- \/ Yoast SEO plugin. -->","yoast_head_json":{"title":"M\u00f4i tr\u01b0\u1eddng ClonaCell\u2122-CHO CD","description":"M\u00f4i tr\u01b0\u1eddng ClonaCell\u2122-CHO CD l\u00e0 m\u1ed9t m\u00f4i tr\u01b0\u1eddng b\u00e1n r\u1eafn g\u1ed1c methylcellulose \u0111\u01b0\u1ee3c x\u00e1c \u0111\u1ecbnh v\u1ec1 m\u1eb7t h\u00f3a h\u1ecdc, kh\u00f4ng c\u00f3 c\u00e1c th\u00e0nh ph\u1ea7n \u0111\u1ed9ng v\u1eadt, kh\u00f4ng ch\u1ee9a huy\u1ebft thanh, protein v\u00e0 glutamine. M\u00f4i tr\u01b0\u1eddng n\u00e0y d\u00f9ng trong ch\u1ecdn l\u1ecdc v\u00e0 nh\u00e2n b\u1ea3n c\u00e1c t\u1ebf b\u00e0o CHO.","robots":{"index":"index","follow":"follow","max-snippet":"max-snippet:-1","max-image-preview":"max-image-preview:large","max-video-preview":"max-video-preview:-1"},"canonical":"https:\/\/biogroupvietnam.com\/vi\/san-pham\/moi-truong-clonacell-cho-cd\/","og_locale":"vi_VN","og_type":"article","og_title":"M\u00f4i tr\u01b0\u1eddng ClonaCell\u2122-CHO CD","og_description":"M\u00f4i tr\u01b0\u1eddng ClonaCell\u2122-CHO CD l\u00e0 m\u1ed9t m\u00f4i tr\u01b0\u1eddng b\u00e1n r\u1eafn g\u1ed1c methylcellulose \u0111\u01b0\u1ee3c x\u00e1c \u0111\u1ecbnh v\u1ec1 m\u1eb7t h\u00f3a h\u1ecdc, kh\u00f4ng c\u00f3 c\u00e1c th\u00e0nh ph\u1ea7n \u0111\u1ed9ng v\u1eadt, kh\u00f4ng ch\u1ee9a huy\u1ebft thanh, protein v\u00e0 glutamine. M\u00f4i tr\u01b0\u1eddng n\u00e0y d\u00f9ng trong ch\u1ecdn l\u1ecdc v\u00e0 nh\u00e2n b\u1ea3n c\u00e1c t\u1ebf b\u00e0o CHO.","og_url":"https:\/\/biogroupvietnam.com\/vi\/san-pham\/moi-truong-clonacell-cho-cd\/","og_site_name":"Biogroup Vietnam","article_modified_time":"2026-04-06T06:29:58+00:00","og_image":[{"width":1640,"height":1260,"url":"https:\/\/biogroupvietnam.com\/wp-content\/uploads\/2025\/08\/moi-truong-clonacell-cho-cd.jpg","type":"image\/jpeg"}],"twitter_card":"summary_large_image","twitter_misc":{"\u01af\u1edbc t\u00ednh th\u1eddi gian \u0111\u1ecdc":"3 ph\u00fat"},"schema":{"@context":"https:\/\/schema.org","@graph":[{"@type":"WebPage","@id":"https:\/\/biogroupvietnam.com\/vi\/san-pham\/moi-truong-clonacell-cho-cd\/","url":"https:\/\/biogroupvietnam.com\/vi\/san-pham\/moi-truong-clonacell-cho-cd\/","name":"M\u00f4i tr\u01b0\u1eddng ClonaCell\u2122-CHO CD","isPartOf":{"@id":"https:\/\/biogroupvietnam.com\/vi\/#website"},"primaryImageOfPage":{"@id":"https:\/\/biogroupvietnam.com\/vi\/san-pham\/moi-truong-clonacell-cho-cd\/#primaryimage"},"image":{"@id":"https:\/\/biogroupvietnam.com\/vi\/san-pham\/moi-truong-clonacell-cho-cd\/#primaryimage"},"thumbnailUrl":"https:\/\/biogroupvietnam.com\/wp-content\/uploads\/2025\/08\/moi-truong-clonacell-cho-cd.jpg","datePublished":"2025-08-18T12:52:46+00:00","dateModified":"2026-04-06T06:29:58+00:00","description":"M\u00f4i tr\u01b0\u1eddng ClonaCell\u2122-CHO CD l\u00e0 m\u1ed9t m\u00f4i tr\u01b0\u1eddng b\u00e1n r\u1eafn g\u1ed1c methylcellulose \u0111\u01b0\u1ee3c x\u00e1c \u0111\u1ecbnh v\u1ec1 m\u1eb7t h\u00f3a h\u1ecdc, kh\u00f4ng c\u00f3 c\u00e1c th\u00e0nh ph\u1ea7n \u0111\u1ed9ng v\u1eadt, kh\u00f4ng ch\u1ee9a huy\u1ebft thanh, protein v\u00e0 glutamine. M\u00f4i tr\u01b0\u1eddng n\u00e0y d\u00f9ng trong ch\u1ecdn l\u1ecdc v\u00e0 nh\u00e2n b\u1ea3n c\u00e1c t\u1ebf b\u00e0o CHO.","breadcrumb":{"@id":"https:\/\/biogroupvietnam.com\/vi\/san-pham\/moi-truong-clonacell-cho-cd\/#breadcrumb"},"inLanguage":"vi","potentialAction":[{"@type":"ReadAction","target":["https:\/\/biogroupvietnam.com\/vi\/san-pham\/moi-truong-clonacell-cho-cd\/"]}]},{"@type":"ImageObject","inLanguage":"vi","@id":"https:\/\/biogroupvietnam.com\/vi\/san-pham\/moi-truong-clonacell-cho-cd\/#primaryimage","url":"https:\/\/biogroupvietnam.com\/wp-content\/uploads\/2025\/08\/moi-truong-clonacell-cho-cd.jpg","contentUrl":"https:\/\/biogroupvietnam.com\/wp-content\/uploads\/2025\/08\/moi-truong-clonacell-cho-cd.jpg","width":1640,"height":1260,"caption":"M\u00f4i Tr\u01b0\u1eddng ClonaCell\u2122-CHO CD"},{"@type":"BreadcrumbList","@id":"https:\/\/biogroupvietnam.com\/vi\/san-pham\/moi-truong-clonacell-cho-cd\/#breadcrumb","itemListElement":[{"@type":"ListItem","position":1,"name":"Trang ch\u1ee7","item":"https:\/\/biogroupvietnam.com\/vi\/"},{"@type":"ListItem","position":2,"name":"S\u1ea3n ph\u1ea9m","item":"https:\/\/biogroupvietnam.com\/vi\/san-pham\/"},{"@type":"ListItem","position":3,"name":"Nu\u00f4i C\u1ea5y T\u1ebf B\u00e0o","item":"https:\/\/biogroupvietnam.com\/vi\/danh-muc-san-pham\/nuoi-cay-te-bao\/"},{"@type":"ListItem","position":4,"name":"T\u1ebf B\u00e0o CHO","item":"https:\/\/biogroupvietnam.com\/vi\/danh-muc-san-pham\/te-bao-cho\/"},{"@type":"ListItem","position":5,"name":"M\u00f4i Tr\u01b0\u1eddng ClonaCell\u2122-CHO CD"}]},{"@type":"WebSite","@id":"https:\/\/biogroupvietnam.com\/vi\/#website","url":"https:\/\/biogroupvietnam.com\/vi\/","name":"Biogroup Vietnam","description":"Biogroup Vietnam cung c\u1ea5p d\u1ecbch v\u1ee5 k\u1ef9 thu\u1eadt c\u00f9ng thi\u1ebft b\u1ecb, v\u1eadt t\u01b0, h\u00f3a ch\u1ea5t v\u00e0 gi\u1ea3i ph\u00e1p sinh h\u1ecdc cho ph\u00f2ng th\u00ed nghi\u1ec7m c\u00f4ng ngh\u1ec7 sinh h\u1ecdc, y sinh v\u00e0 y h\u1ecdc t\u00e1i t\u1ea1o.","potentialAction":[{"@type":"SearchAction","target":{"@type":"EntryPoint","urlTemplate":"https:\/\/biogroupvietnam.com\/vi\/?s={search_term_string}"},"query-input":{"@type":"PropertyValueSpecification","valueRequired":true,"valueName":"search_term_string"}}],"inLanguage":"vi"}]}},"_links":{"self":[{"href":"https:\/\/biogroupvietnam.com\/vi\/wp-json\/wp\/v2\/product\/3731","targetHints":{"allow":["GET"]}}],"collection":[{"href":"https:\/\/biogroupvietnam.com\/vi\/wp-json\/wp\/v2\/product"}],"about":[{"href":"https:\/\/biogroupvietnam.com\/vi\/wp-json\/wp\/v2\/types\/product"}],"replies":[{"embeddable":true,"href":"https:\/\/biogroupvietnam.com\/vi\/wp-json\/wp\/v2\/comments?post=3731"}],"version-history":[{"count":4,"href":"https:\/\/biogroupvietnam.com\/vi\/wp-json\/wp\/v2\/product\/3731\/revisions"}],"predecessor-version":[{"id":9727,"href":"https:\/\/biogroupvietnam.com\/vi\/wp-json\/wp\/v2\/product\/3731\/revisions\/9727"}],"wp:featuredmedia":[{"embeddable":true,"href":"https:\/\/biogroupvietnam.com\/vi\/wp-json\/wp\/v2\/media\/10227"}],"wp:attachment":[{"href":"https:\/\/biogroupvietnam.com\/vi\/wp-json\/wp\/v2\/media?parent=3731"}],"wp:term":[{"taxonomy":"product_brand","embeddable":true,"href":"https:\/\/biogroupvietnam.com\/vi\/wp-json\/wp\/v2\/product_brand?post=3731"},{"taxonomy":"product_cat","embeddable":true,"href":"https:\/\/biogroupvietnam.com\/vi\/wp-json\/wp\/v2\/product_cat?post=3731"},{"taxonomy":"product_tag","embeddable":true,"href":"https:\/\/biogroupvietnam.com\/vi\/wp-json\/wp\/v2\/product_tag?post=3731"}],"curies":[{"name":"wp","href":"https:\/\/api.w.org\/{rel}","templated":true}]}}