{"id":3732,"date":"2025-08-18T19:52:46","date_gmt":"2025-08-18T12:52:46","guid":{"rendered":"http:\/\/biogroupvietnam-worldpress.local\/product\/import-placeholder-for-82\/"},"modified":"2026-04-06T13:22:59","modified_gmt":"2026-04-06T06:22:59","slug":"moi-truong-clonacell-cho-cd-dang-long","status":"publish","type":"product","link":"https:\/\/biogroupvietnam.com\/vi\/san-pham\/moi-truong-clonacell-cho-cd-dang-long\/","title":{"rendered":"M\u00f4i Tr\u01b0\u1eddng ClonaCell\u2122-CHO CD D\u1ea1ng L\u1ecfng"},"content":{"rendered":"<p>M\u00f4i tr\u01b0\u1eddng ClonaCell\u2122-CHO CD d\u1ea1ng l\u1ecfng \u0111\u00e3 \u0111\u01b0\u1ee3c x\u00e1c \u0111\u1ecbnh v\u1ec1 m\u1eb7t h\u00f3a h\u1ecdc, kh\u00f4ng c\u00f3 c\u00e1c th\u00e0nh ph\u1ea7n \u0111\u1ed9ng v\u1eadt, kh\u00f4ng ch\u1ee9a huy\u1ebft thanh, protein v\u00e0 glutamine, d\u00f9ng trong nu\u00f4i c\u1ea5y t\u1ebf b\u00e0o CHO.<\/p>\n<h3>T\u1ed5ng quan<\/h3>\n<p>M\u00f4i tr\u01b0\u1eddng ClonaCell\u2122-CHO CD d\u1ea1ng l\u1ecfng l\u00e0 m\u00f4i tr\u01b0\u1eddng l\u1ecfng c\u00f3 m\u1ee5c \u0111\u00edch chung \u0111\u1ec3 nu\u00f4i c\u1ea5y c\u00e1c t\u1ebf b\u00e0o CHO th\u00edch nghi v\u1edbi \u0111i\u1ec1u ki\u1ec7n nu\u00f4i c\u1ea5y huy\u1ec1n ph\u00f9. \u0110\u00e2y l\u00e0 m\u00f4i tr\u01b0\u1eddng \u0111\u00e3 \u0111\u01b0\u1ee3c x\u00e1c \u0111\u1ecbnh v\u1ec1 m\u1eb7t h\u00f3a h\u1ecdc, kh\u00f4ng c\u00f3 th\u00e0nh ph\u1ea7n \u0111\u1ed9ng v\u1eadt, kh\u00f4ng ch\u1ee9a protein, L-glutamine, c\u00e1c ch\u1ea5t ch\u1ecdn l\u1ecdc, thu\u1ed1c kh\u00e1ng sinh ho\u1eb7c phenol red.<\/p>\n<p>M\u00f4i tr\u01b0\u1eddng n\u00e0y t\u01b0\u01a1ng th\u00edch v\u1edbi nhi\u1ec1u h\u1ec7 th\u1ed1ng ch\u1ecdn l\u1ecdc kh\u00e1c nhau, bao g\u1ed3m dihydrofolate reductase (DHFR) v\u00e0 glutamine synthetase (GS).<\/p>\n<h3>Th\u00e0nh ph\u1ea7n m\u00f4i tr\u01b0\u1eddng ClonaCell\u2122-CHO CD<\/h3>\n<ul>\n<li>Kolliphor\u00ae P188<\/li>\n<li>C\u00e1c th\u00e0nh ph\u1ea7n kh\u00e1c.<\/li>\n<\/ul>\n<h3>L\u1ee3i \u00edch c\u1ee7a nh\u00e2n b\u1ea3n tr\u00ean m\u00f4i tr\u01b0\u1eddng b\u00e1n r\u1eafn<\/h3>\n<ul>\n<li>H\u1ed7 tr\u1ee3 t\u0103ng sinh t\u1ebf b\u00e0o CHO \u0111\u1ec3 \u0111\u00e1nh gi\u00e1 bi\u1ec3u hi\u1ec7n protein v\u00e0 c\u00e1c \u1ee9ng d\u1ee5ng kh\u00e1c trong m\u00f4i tr\u01b0\u1eddng kh\u00f4ng ch\u1ee9a th\u00e0nh ph\u1ea7n \u0111\u1ed9ng v\u1eadt v\u00e0 protein \u0111\u00e3 \u0111\u01b0\u1ee3c x\u00e1c \u0111\u1ecbnh v\u1ec1 m\u1eb7t h\u00f3a h\u1ecdc.<\/li>\n<li>T\u01b0\u01a1ng th\u00edch v\u1edbi m\u00f4i tr\u01b0\u1eddng ClonaCell\u2122-CHO CD (Catalog #03815), ch\u1ea5t b\u1ed5 sung ClonaCell\u2122-CHO ACF (Catalog#03820), m\u00f4i tr\u01b0\u1eddng ClonaCell\u2122-TCS (Catalog #03814), v\u00e0 ClonaCell\u2122 FLEX (Catalog #03818).<\/li>\n<\/ul>\n<h3>\u0110i\u1ec1u ki\u1ec7n b\u1ea3o qu\u1ea3n<\/h3>\n<ul>\n<li>Nhi\u1ec7t \u0111\u1ed9 b\u1ea3o qu\u1ea3n: 2-8oC<\/li>\n<li>Tr\u00e1nh s\u00e1ng.<\/li>\n<\/ul>\n<h3>\u1ee8ng d\u1ee5ng<\/h3>\n<p>Nu\u00f4i c\u1ea5y c\u00e1c d\u00f2ng t\u1ebf b\u00e0o CHO.<\/p>\n<h3>Th\u00f4ng tin \u0111\u1eb7t h\u00e0ng<\/h3>\n<p>M\u00f4i tr\u01b0\u1eddng ClonaCell\u2122-CHO CD d\u1ea1ng l\u1ecfng (Catalog #03817), chai 500 mL.<\/p>\n","protected":false},"excerpt":{"rendered":"<p>M\u00f4i tr\u01b0\u1eddng ClonaCell\u2122-CHO CD d\u1ea1ng l\u1ecfng \u0111\u00e3 \u0111\u01b0\u1ee3c x\u00e1c \u0111\u1ecbnh v\u1ec1 m\u1eb7t h\u00f3a h\u1ecdc, kh\u00f4ng c\u00f3 c\u00e1c th\u00e0nh ph\u1ea7n \u0111\u1ed9ng v\u1eadt, kh\u00f4ng ch\u1ee9a huy\u1ebft thanh, protein v\u00e0 glutamine, d\u00f9ng trong nu\u00f4i c\u1ea5y t\u1ebf b\u00e0o CHO. T\u1ed5ng quan M\u00f4i tr\u01b0\u1eddng ClonaCell\u2122-CHO CD d\u1ea1ng l\u1ecfng l\u00e0 m\u00f4i tr\u01b0\u1eddng l\u1ecfng c\u00f3 m\u1ee5c \u0111\u00edch chung \u0111\u1ec3 nu\u00f4i c\u1ea5y c\u00e1c<\/p>\n<div class=\"klb-readmore post-buttons\"><a class=\"button rounded primary\" href=\"https:\/\/biogroupvietnam.com\/vi\/san-pham\/moi-truong-clonacell-cho-cd-dang-long\/\">Read More <i class=\"klbth-icon-right-arrow\"><\/i><\/a><\/div>\n","protected":false},"featured_media":10226,"comment_status":"closed","ping_status":"closed","template":"","meta":{"_acf_changed":false},"product_brand":[127],"product_cat":[89],"product_tag":[],"class_list":{"0":"post-3732","1":"product","2":"type-product","3":"status-publish","4":"has-post-thumbnail","6":"product_brand-stemcell-technologies","7":"product_cat-te-bao-cho","9":"first","10":"outofstock","11":"shipping-taxable","12":"product-type-simple"},"acf":[],"yoast_head":"<!-- This site is optimized with the Yoast SEO plugin v26.8 - https:\/\/yoast.com\/product\/yoast-seo-wordpress\/ -->\n<title>M\u00f4i Tr\u01b0\u1eddng ClonaCell\u2122-CHO CD D\u1ea1ng L\u1ecfng<\/title>\n<meta name=\"description\" content=\"M\u00f4i Tr\u01b0\u1eddng ClonaCell\u2122-CHO CD d\u1ea1ng l\u1ecfng \u0111\u00e3 \u0111\u01b0\u1ee3c x\u00e1c \u0111\u1ecbnh v\u1ec1 m\u1eb7t h\u00f3a h\u1ecdc, kh\u00f4ng c\u00f3 c\u00e1c th\u00e0nh ph\u1ea7n \u0111\u1ed9ng v\u1eadt, kh\u00f4ng ch\u1ee9a huy\u1ebft thanh, protein v\u00e0 glutamine, d\u00f9ng trong nu\u00f4i c\u1ea5y t\u1ebf b\u00e0o CHO.\" \/>\n<meta name=\"robots\" content=\"index, follow, max-snippet:-1, max-image-preview:large, max-video-preview:-1\" \/>\n<link rel=\"canonical\" href=\"https:\/\/biogroupvietnam.com\/vi\/san-pham\/moi-truong-clonacell-cho-cd-dang-long\/\" \/>\n<meta property=\"og:locale\" content=\"vi_VN\" \/>\n<meta property=\"og:type\" content=\"article\" \/>\n<meta property=\"og:title\" content=\"M\u00f4i Tr\u01b0\u1eddng ClonaCell\u2122-CHO CD D\u1ea1ng L\u1ecfng\" \/>\n<meta property=\"og:description\" content=\"M\u00f4i Tr\u01b0\u1eddng ClonaCell\u2122-CHO CD d\u1ea1ng l\u1ecfng \u0111\u00e3 \u0111\u01b0\u1ee3c x\u00e1c \u0111\u1ecbnh v\u1ec1 m\u1eb7t h\u00f3a h\u1ecdc, kh\u00f4ng c\u00f3 c\u00e1c th\u00e0nh ph\u1ea7n \u0111\u1ed9ng v\u1eadt, kh\u00f4ng ch\u1ee9a huy\u1ebft thanh, protein v\u00e0 glutamine, d\u00f9ng trong nu\u00f4i c\u1ea5y t\u1ebf b\u00e0o CHO.\" \/>\n<meta property=\"og:url\" content=\"https:\/\/biogroupvietnam.com\/vi\/san-pham\/moi-truong-clonacell-cho-cd-dang-long\/\" \/>\n<meta property=\"og:site_name\" content=\"Biogroup Vietnam\" \/>\n<meta property=\"article:modified_time\" content=\"2026-04-06T06:22:59+00:00\" \/>\n<meta property=\"og:image\" content=\"https:\/\/biogroupvietnam.com\/wp-content\/uploads\/2025\/08\/moi-truong-clonacell-cho-cd-dang-long.jpg\" \/>\n\t<meta property=\"og:image:width\" content=\"1640\" \/>\n\t<meta property=\"og:image:height\" content=\"1260\" \/>\n\t<meta property=\"og:image:type\" content=\"image\/jpeg\" \/>\n<meta name=\"twitter:card\" content=\"summary_large_image\" \/>\n<meta name=\"twitter:label1\" content=\"\u01af\u1edbc t\u00ednh th\u1eddi gian \u0111\u1ecdc\" \/>\n\t<meta name=\"twitter:data1\" content=\"2 ph\u00fat\" \/>\n<script type=\"application\/ld+json\" class=\"yoast-schema-graph\">{\"@context\":\"https:\/\/schema.org\",\"@graph\":[{\"@type\":\"WebPage\",\"@id\":\"https:\/\/biogroupvietnam.com\/vi\/san-pham\/moi-truong-clonacell-cho-cd-dang-long\/\",\"url\":\"https:\/\/biogroupvietnam.com\/vi\/san-pham\/moi-truong-clonacell-cho-cd-dang-long\/\",\"name\":\"M\u00f4i Tr\u01b0\u1eddng ClonaCell\u2122-CHO CD D\u1ea1ng L\u1ecfng\",\"isPartOf\":{\"@id\":\"https:\/\/biogroupvietnam.com\/vi\/#website\"},\"primaryImageOfPage\":{\"@id\":\"https:\/\/biogroupvietnam.com\/vi\/san-pham\/moi-truong-clonacell-cho-cd-dang-long\/#primaryimage\"},\"image\":{\"@id\":\"https:\/\/biogroupvietnam.com\/vi\/san-pham\/moi-truong-clonacell-cho-cd-dang-long\/#primaryimage\"},\"thumbnailUrl\":\"https:\/\/biogroupvietnam.com\/wp-content\/uploads\/2025\/08\/moi-truong-clonacell-cho-cd-dang-long.jpg\",\"datePublished\":\"2025-08-18T12:52:46+00:00\",\"dateModified\":\"2026-04-06T06:22:59+00:00\",\"description\":\"M\u00f4i Tr\u01b0\u1eddng ClonaCell\u2122-CHO CD d\u1ea1ng l\u1ecfng \u0111\u00e3 \u0111\u01b0\u1ee3c x\u00e1c \u0111\u1ecbnh v\u1ec1 m\u1eb7t h\u00f3a h\u1ecdc, kh\u00f4ng c\u00f3 c\u00e1c th\u00e0nh ph\u1ea7n \u0111\u1ed9ng v\u1eadt, kh\u00f4ng ch\u1ee9a huy\u1ebft thanh, protein v\u00e0 glutamine, d\u00f9ng trong nu\u00f4i c\u1ea5y t\u1ebf b\u00e0o CHO.\",\"breadcrumb\":{\"@id\":\"https:\/\/biogroupvietnam.com\/vi\/san-pham\/moi-truong-clonacell-cho-cd-dang-long\/#breadcrumb\"},\"inLanguage\":\"vi\",\"potentialAction\":[{\"@type\":\"ReadAction\",\"target\":[\"https:\/\/biogroupvietnam.com\/vi\/san-pham\/moi-truong-clonacell-cho-cd-dang-long\/\"]}]},{\"@type\":\"ImageObject\",\"inLanguage\":\"vi\",\"@id\":\"https:\/\/biogroupvietnam.com\/vi\/san-pham\/moi-truong-clonacell-cho-cd-dang-long\/#primaryimage\",\"url\":\"https:\/\/biogroupvietnam.com\/wp-content\/uploads\/2025\/08\/moi-truong-clonacell-cho-cd-dang-long.jpg\",\"contentUrl\":\"https:\/\/biogroupvietnam.com\/wp-content\/uploads\/2025\/08\/moi-truong-clonacell-cho-cd-dang-long.jpg\",\"width\":1640,\"height\":1260,\"caption\":\"M\u00f4i Tr\u01b0\u1eddng ClonaCell\u2122-CHO CD D\u1ea1ng L\u1ecfng\"},{\"@type\":\"BreadcrumbList\",\"@id\":\"https:\/\/biogroupvietnam.com\/vi\/san-pham\/moi-truong-clonacell-cho-cd-dang-long\/#breadcrumb\",\"itemListElement\":[{\"@type\":\"ListItem\",\"position\":1,\"name\":\"Trang ch\u1ee7\",\"item\":\"https:\/\/biogroupvietnam.com\/vi\/\"},{\"@type\":\"ListItem\",\"position\":2,\"name\":\"S\u1ea3n ph\u1ea9m\",\"item\":\"https:\/\/biogroupvietnam.com\/vi\/san-pham\/\"},{\"@type\":\"ListItem\",\"position\":3,\"name\":\"Nu\u00f4i C\u1ea5y T\u1ebf B\u00e0o\",\"item\":\"https:\/\/biogroupvietnam.com\/vi\/danh-muc-san-pham\/nuoi-cay-te-bao\/\"},{\"@type\":\"ListItem\",\"position\":4,\"name\":\"T\u1ebf B\u00e0o CHO\",\"item\":\"https:\/\/biogroupvietnam.com\/vi\/danh-muc-san-pham\/te-bao-cho\/\"},{\"@type\":\"ListItem\",\"position\":5,\"name\":\"M\u00f4i Tr\u01b0\u1eddng ClonaCell\u2122-CHO CD D\u1ea1ng L\u1ecfng\"}]},{\"@type\":\"WebSite\",\"@id\":\"https:\/\/biogroupvietnam.com\/vi\/#website\",\"url\":\"https:\/\/biogroupvietnam.com\/vi\/\",\"name\":\"Biogroup Vietnam\",\"description\":\"Biogroup Vietnam cung c\u1ea5p d\u1ecbch v\u1ee5 k\u1ef9 thu\u1eadt c\u00f9ng thi\u1ebft b\u1ecb, v\u1eadt t\u01b0, h\u00f3a ch\u1ea5t v\u00e0 gi\u1ea3i ph\u00e1p sinh h\u1ecdc cho ph\u00f2ng th\u00ed nghi\u1ec7m c\u00f4ng ngh\u1ec7 sinh h\u1ecdc, y sinh v\u00e0 y h\u1ecdc t\u00e1i t\u1ea1o.\",\"potentialAction\":[{\"@type\":\"SearchAction\",\"target\":{\"@type\":\"EntryPoint\",\"urlTemplate\":\"https:\/\/biogroupvietnam.com\/vi\/?s={search_term_string}\"},\"query-input\":{\"@type\":\"PropertyValueSpecification\",\"valueRequired\":true,\"valueName\":\"search_term_string\"}}],\"inLanguage\":\"vi\"}]}<\/script>\n<!-- \/ Yoast SEO plugin. -->","yoast_head_json":{"title":"M\u00f4i Tr\u01b0\u1eddng ClonaCell\u2122-CHO CD D\u1ea1ng L\u1ecfng","description":"M\u00f4i Tr\u01b0\u1eddng ClonaCell\u2122-CHO CD d\u1ea1ng l\u1ecfng \u0111\u00e3 \u0111\u01b0\u1ee3c x\u00e1c \u0111\u1ecbnh v\u1ec1 m\u1eb7t h\u00f3a h\u1ecdc, kh\u00f4ng c\u00f3 c\u00e1c th\u00e0nh ph\u1ea7n \u0111\u1ed9ng v\u1eadt, kh\u00f4ng ch\u1ee9a huy\u1ebft thanh, protein v\u00e0 glutamine, d\u00f9ng trong nu\u00f4i c\u1ea5y t\u1ebf b\u00e0o CHO.","robots":{"index":"index","follow":"follow","max-snippet":"max-snippet:-1","max-image-preview":"max-image-preview:large","max-video-preview":"max-video-preview:-1"},"canonical":"https:\/\/biogroupvietnam.com\/vi\/san-pham\/moi-truong-clonacell-cho-cd-dang-long\/","og_locale":"vi_VN","og_type":"article","og_title":"M\u00f4i Tr\u01b0\u1eddng ClonaCell\u2122-CHO CD D\u1ea1ng L\u1ecfng","og_description":"M\u00f4i Tr\u01b0\u1eddng ClonaCell\u2122-CHO CD d\u1ea1ng l\u1ecfng \u0111\u00e3 \u0111\u01b0\u1ee3c x\u00e1c \u0111\u1ecbnh v\u1ec1 m\u1eb7t h\u00f3a h\u1ecdc, kh\u00f4ng c\u00f3 c\u00e1c th\u00e0nh ph\u1ea7n \u0111\u1ed9ng v\u1eadt, kh\u00f4ng ch\u1ee9a huy\u1ebft thanh, protein v\u00e0 glutamine, d\u00f9ng trong nu\u00f4i c\u1ea5y t\u1ebf b\u00e0o CHO.","og_url":"https:\/\/biogroupvietnam.com\/vi\/san-pham\/moi-truong-clonacell-cho-cd-dang-long\/","og_site_name":"Biogroup Vietnam","article_modified_time":"2026-04-06T06:22:59+00:00","og_image":[{"width":1640,"height":1260,"url":"https:\/\/biogroupvietnam.com\/wp-content\/uploads\/2025\/08\/moi-truong-clonacell-cho-cd-dang-long.jpg","type":"image\/jpeg"}],"twitter_card":"summary_large_image","twitter_misc":{"\u01af\u1edbc t\u00ednh th\u1eddi gian \u0111\u1ecdc":"2 ph\u00fat"},"schema":{"@context":"https:\/\/schema.org","@graph":[{"@type":"WebPage","@id":"https:\/\/biogroupvietnam.com\/vi\/san-pham\/moi-truong-clonacell-cho-cd-dang-long\/","url":"https:\/\/biogroupvietnam.com\/vi\/san-pham\/moi-truong-clonacell-cho-cd-dang-long\/","name":"M\u00f4i Tr\u01b0\u1eddng ClonaCell\u2122-CHO CD D\u1ea1ng L\u1ecfng","isPartOf":{"@id":"https:\/\/biogroupvietnam.com\/vi\/#website"},"primaryImageOfPage":{"@id":"https:\/\/biogroupvietnam.com\/vi\/san-pham\/moi-truong-clonacell-cho-cd-dang-long\/#primaryimage"},"image":{"@id":"https:\/\/biogroupvietnam.com\/vi\/san-pham\/moi-truong-clonacell-cho-cd-dang-long\/#primaryimage"},"thumbnailUrl":"https:\/\/biogroupvietnam.com\/wp-content\/uploads\/2025\/08\/moi-truong-clonacell-cho-cd-dang-long.jpg","datePublished":"2025-08-18T12:52:46+00:00","dateModified":"2026-04-06T06:22:59+00:00","description":"M\u00f4i Tr\u01b0\u1eddng ClonaCell\u2122-CHO CD d\u1ea1ng l\u1ecfng \u0111\u00e3 \u0111\u01b0\u1ee3c x\u00e1c \u0111\u1ecbnh v\u1ec1 m\u1eb7t h\u00f3a h\u1ecdc, kh\u00f4ng c\u00f3 c\u00e1c th\u00e0nh ph\u1ea7n \u0111\u1ed9ng v\u1eadt, kh\u00f4ng ch\u1ee9a huy\u1ebft thanh, protein v\u00e0 glutamine, d\u00f9ng trong nu\u00f4i c\u1ea5y t\u1ebf b\u00e0o CHO.","breadcrumb":{"@id":"https:\/\/biogroupvietnam.com\/vi\/san-pham\/moi-truong-clonacell-cho-cd-dang-long\/#breadcrumb"},"inLanguage":"vi","potentialAction":[{"@type":"ReadAction","target":["https:\/\/biogroupvietnam.com\/vi\/san-pham\/moi-truong-clonacell-cho-cd-dang-long\/"]}]},{"@type":"ImageObject","inLanguage":"vi","@id":"https:\/\/biogroupvietnam.com\/vi\/san-pham\/moi-truong-clonacell-cho-cd-dang-long\/#primaryimage","url":"https:\/\/biogroupvietnam.com\/wp-content\/uploads\/2025\/08\/moi-truong-clonacell-cho-cd-dang-long.jpg","contentUrl":"https:\/\/biogroupvietnam.com\/wp-content\/uploads\/2025\/08\/moi-truong-clonacell-cho-cd-dang-long.jpg","width":1640,"height":1260,"caption":"M\u00f4i Tr\u01b0\u1eddng ClonaCell\u2122-CHO CD D\u1ea1ng L\u1ecfng"},{"@type":"BreadcrumbList","@id":"https:\/\/biogroupvietnam.com\/vi\/san-pham\/moi-truong-clonacell-cho-cd-dang-long\/#breadcrumb","itemListElement":[{"@type":"ListItem","position":1,"name":"Trang ch\u1ee7","item":"https:\/\/biogroupvietnam.com\/vi\/"},{"@type":"ListItem","position":2,"name":"S\u1ea3n ph\u1ea9m","item":"https:\/\/biogroupvietnam.com\/vi\/san-pham\/"},{"@type":"ListItem","position":3,"name":"Nu\u00f4i C\u1ea5y T\u1ebf B\u00e0o","item":"https:\/\/biogroupvietnam.com\/vi\/danh-muc-san-pham\/nuoi-cay-te-bao\/"},{"@type":"ListItem","position":4,"name":"T\u1ebf B\u00e0o CHO","item":"https:\/\/biogroupvietnam.com\/vi\/danh-muc-san-pham\/te-bao-cho\/"},{"@type":"ListItem","position":5,"name":"M\u00f4i Tr\u01b0\u1eddng ClonaCell\u2122-CHO CD D\u1ea1ng L\u1ecfng"}]},{"@type":"WebSite","@id":"https:\/\/biogroupvietnam.com\/vi\/#website","url":"https:\/\/biogroupvietnam.com\/vi\/","name":"Biogroup Vietnam","description":"Biogroup Vietnam cung c\u1ea5p d\u1ecbch v\u1ee5 k\u1ef9 thu\u1eadt c\u00f9ng thi\u1ebft b\u1ecb, v\u1eadt t\u01b0, h\u00f3a ch\u1ea5t v\u00e0 gi\u1ea3i ph\u00e1p sinh h\u1ecdc cho ph\u00f2ng th\u00ed nghi\u1ec7m c\u00f4ng ngh\u1ec7 sinh h\u1ecdc, y sinh v\u00e0 y h\u1ecdc t\u00e1i t\u1ea1o.","potentialAction":[{"@type":"SearchAction","target":{"@type":"EntryPoint","urlTemplate":"https:\/\/biogroupvietnam.com\/vi\/?s={search_term_string}"},"query-input":{"@type":"PropertyValueSpecification","valueRequired":true,"valueName":"search_term_string"}}],"inLanguage":"vi"}]}},"_links":{"self":[{"href":"https:\/\/biogroupvietnam.com\/vi\/wp-json\/wp\/v2\/product\/3732","targetHints":{"allow":["GET"]}}],"collection":[{"href":"https:\/\/biogroupvietnam.com\/vi\/wp-json\/wp\/v2\/product"}],"about":[{"href":"https:\/\/biogroupvietnam.com\/vi\/wp-json\/wp\/v2\/types\/product"}],"replies":[{"embeddable":true,"href":"https:\/\/biogroupvietnam.com\/vi\/wp-json\/wp\/v2\/comments?post=3732"}],"version-history":[{"count":4,"href":"https:\/\/biogroupvietnam.com\/vi\/wp-json\/wp\/v2\/product\/3732\/revisions"}],"predecessor-version":[{"id":9725,"href":"https:\/\/biogroupvietnam.com\/vi\/wp-json\/wp\/v2\/product\/3732\/revisions\/9725"}],"wp:featuredmedia":[{"embeddable":true,"href":"https:\/\/biogroupvietnam.com\/vi\/wp-json\/wp\/v2\/media\/10226"}],"wp:attachment":[{"href":"https:\/\/biogroupvietnam.com\/vi\/wp-json\/wp\/v2\/media?parent=3732"}],"wp:term":[{"taxonomy":"product_brand","embeddable":true,"href":"https:\/\/biogroupvietnam.com\/vi\/wp-json\/wp\/v2\/product_brand?post=3732"},{"taxonomy":"product_cat","embeddable":true,"href":"https:\/\/biogroupvietnam.com\/vi\/wp-json\/wp\/v2\/product_cat?post=3732"},{"taxonomy":"product_tag","embeddable":true,"href":"https:\/\/biogroupvietnam.com\/vi\/wp-json\/wp\/v2\/product_tag?post=3732"}],"curies":[{"name":"wp","href":"https:\/\/api.w.org\/{rel}","templated":true}]}}