{"id":3733,"date":"2025-08-18T19:52:46","date_gmt":"2025-08-18T12:52:46","guid":{"rendered":"http:\/\/biogroupvietnam-worldpress.local\/product\/import-placeholder-for-83\/"},"modified":"2026-04-06T13:19:24","modified_gmt":"2026-04-06T06:19:24","slug":"chat-bo-sung-clonacell-cho-acf","status":"publish","type":"product","link":"https:\/\/biogroupvietnam.com\/vi\/san-pham\/chat-bo-sung-clonacell-cho-acf\/","title":{"rendered":"Ch\u1ea5t B\u1ed5 Sung ClonaCell\u2122-CHO ACF"},"content":{"rendered":"<h3>T\u1ed5ng quan<\/h3>\n<p>Ch\u1ea5t b\u1ed5 sung ClonaCell\u2122-CHO ACF l\u00e0 ch\u1ea5t b\u1ed5 sung kh\u00f4ng ch\u1ee9a huy\u1ebft thanh v\u00e0 kh\u00f4ng c\u00f3 th\u00e0nh ph\u1ea7n \u0111\u1ed9ng v\u1eadt, \u0111\u01b0\u1ee3c th\u00eam v\u00e0o m\u00f4i tr\u01b0\u1eddng kh\u00f4ng ch\u1ee9a protein \u0111\u1ec3 t\u0103ng hi\u1ec7u qu\u1ea3 nh\u00e2n b\u1ea3n v\u00e0 th\u00fac \u0111\u1ea9y s\u1ef1 ph\u00e1t tri\u1ec3n c\u1ee7a t\u1ebf b\u00e0o CHO.<\/p>\n<p>Ch\u1ea5t b\u1ed5 sung n\u1ed3ng \u0111\u1ed9 40X n\u00e0y c\u00f3 th\u1ec3 \u0111\u01b0\u1ee3c th\u00eam v\u00e0o nhi\u1ec1u lo\u1ea1i m\u00f4i tr\u01b0\u1eddng nu\u00f4i c\u1ea5y t\u1ebf b\u00e0o d\u1ea1ng l\u1ecfng ho\u1eb7c b\u00e1n r\u1eafn kh\u00f4ng ch\u1ee9a protein \u0111\u1ec3 th\u00fac \u0111\u1ea9y s\u1ef1 ph\u00e1t tri\u1ec3n v\u00e0 t\u0103ng hi\u1ec7u su\u1ea5t nh\u00e2n b\u1ea3n \u0111\u01a1n b\u00e0o c\u1ee7a c\u00e1c t\u1ebf b\u00e0o CHO th\u00edch nghi v\u1edbi \u0111i\u1ec1u ki\u1ec7n nu\u00f4i c\u1ea5y huy\u1ec1n ph\u00f9. Ch\u1ea5t b\u1ed5 sung ch\u1ee9a c\u00e1c protein t\u00e1i t\u1ed5 h\u1ee3p v\u00e0 phenol red, v\u00e0 kh\u00f4ng ch\u1ee9a c\u00e1c th\u00e0nh ph\u1ea7n \u0111\u1ed9ng v\u1eadt, huy\u1ebft thanh, ch\u1ea5t th\u1ee7y ph\u00e2n (hydrolysates), L-glutamine ho\u1eb7c c\u00e1c ch\u1ea5t ch\u1ecdn l\u1ecdc.<\/p>\n<h3>Th\u00e0nh ph\u1ea7n ch\u1ea5t b\u1ed5 sung ClonaCell\u2122-CHO ACF<\/h3>\n<ul>\n<li>C\u00e1c protein t\u00e1i t\u1ed5 h\u1ee3p<\/li>\n<li>Phenol red<\/li>\n<li>C\u00e1c th\u00e0nh ph\u1ea7n \u0111\u01b0\u1ee3c x\u00e1c \u0111\u1ecbnh v\u1ec1 m\u1eb7t h\u00f3a h\u1ecdc.<\/li>\n<\/ul>\n<h3>L\u1ee3i \u00edch c\u1ee7a ch\u1ea5t b\u1ed5 sung ClonaCell\u2122-CHO ACF<\/h3>\n<ul>\n<li>T\u0103ng \u0111\u00e1ng k\u1ec3 hi\u1ec7u su\u1ea5t nh\u00e2n b\u1ea3n \u0111\u01a1n b\u00e0o (<i>nh\u00e2n b\u1ea3n v\u00f4 t\u00ednh th\u00e0nh c\u00e1c t\u1ebf b\u00e0o \u0111\u01a1n<\/i>) c\u1ee7a c\u00e1c t\u1ebf b\u00e0o CHO trong m\u00f4i tr\u01b0\u1eddng nu\u00f4i c\u1ea5y d\u1ea1ng l\u1ecfng ho\u1eb7c b\u00e1n r\u1eafn kh\u00f4ng ch\u1ee9a protein.<\/li>\n<li>T\u01b0\u01a1ng th\u00edch v\u1edbi nhi\u1ec1u lo\u1ea1i m\u00f4i tr\u01b0\u1eddng d\u1ea1n l\u1ecfng ho\u1eb7c b\u00e1n r\u1eafn kh\u00f4ng ch\u1ee9a protein c\u00f3 s\u1eb5n tr\u00ean th\u1ecb tr\u01b0\u1eddng.<\/li>\n<li>Cho ph\u00e9p ng\u01b0\u1eddi d\u00f9ng duy tr\u00ec quy tr\u00ecnh nu\u00f4i c\u1ea5y t\u1ebf b\u00e0o <i>upstream<\/i> v\u00e0 <i>downstream<\/i> hi\u1ec7n c\u00f3.<\/li>\n<\/ul>\n<h3>\u0110i\u1ec1u ki\u1ec7n b\u1ea3o qu\u1ea3n<\/h3>\n<ul>\n<li>Nhi\u1ec7t \u0111\u1ed9 b\u1ea3o qu\u1ea3n: 2 &#8211; 8\u00b0C<\/li>\n<li>S\u1ea3n ph\u1ea9m nh\u1ea1y c\u1ea3m v\u1edbi \u00e1nh s\u00e1ng v\u00e0 n\u00ean h\u1ea1n ch\u1ebf ti\u1ebfp x\u00fac v\u1edbi \u00e1nh s\u00e1ng.<\/li>\n<\/ul>\n<p><strong>L\u01b0u \u00fd<\/strong>:\u00a0 Vi\u1ec7c k\u1ebft t\u1ee7a c\u00f3 th\u1ec3 xu\u1ea5t hi\u1ec7n theo th\u1eddi gian; \u0111i\u1ec1u n\u00e0y s\u1ebd kh\u00f4ng \u1ea3nh h\u01b0\u1edfng \u0111\u1ebfn hi\u1ec7u n\u0103ng c\u1ee7a s\u1ea3n ph\u1ea9m. N\u1ebfu mu\u1ed1n, ng\u01b0\u1eddi s\u1eed d\u1ee5ng c\u00f3 th\u1ec3 lo\u1ea1i b\u1ecf k\u1ebft t\u1ee7a b\u1eb1ng ly t\u00e2m nhanh ho\u1eb7c l\u1ecdc tr\u01b0\u1edbc khi s\u1eed d\u1ee5ng. M\u00e0u s\u1ea3n ph\u1ea9m gi\u1eefa c\u00e1c l\u00f4 s\u1ea3n xu\u1ea5t c\u00f3 th\u1ec3 kh\u00e1c nhau t\u1eeb cam \u0111\u1ebfn h\u1ed3ng; \u0111i\u1ec1u n\u00e0y s\u1ebd kh\u00f4ng \u1ea3nh h\u01b0\u1edfng \u0111\u1ebfn hi\u1ec7u n\u0103ng s\u1ea3n ph\u1ea9m.<\/p>\n<h3>\u1ee8ng d\u1ee5ng<\/h3>\n<ul>\n<li>Ph\u00e1t tri\u1ec3n kh\u00e1ng th\u1ec3<\/li>\n<li>Ph\u00e1t tri\u1ec3n d\u00f2ng t\u1ebf b\u00e0o<\/li>\n<li>Nghi\u00ean c\u1ee9u ch\u1ebf t\u1ea1o thu\u1ed1c v\u00e0 ki\u1ec3m tra \u0111\u1ed9c t\u00ednh.<\/li>\n<\/ul>\n<h3>Th\u00f4ng tin \u0111\u1eb7t h\u00e0ng<\/h3>\n<ul>\n<li>Ch\u1ea5t b\u1ed5 sung ClonaCell\u2122-CHO ACF (Catalog #03820), l\u1ecd 2,5 mL<\/li>\n<\/ul>\n","protected":false},"excerpt":{"rendered":"<p>T\u1ed5ng quan Ch\u1ea5t b\u1ed5 sung ClonaCell\u2122-CHO ACF l\u00e0 ch\u1ea5t b\u1ed5 sung kh\u00f4ng ch\u1ee9a huy\u1ebft thanh v\u00e0 kh\u00f4ng c\u00f3 th\u00e0nh ph\u1ea7n \u0111\u1ed9ng v\u1eadt, \u0111\u01b0\u1ee3c th\u00eam v\u00e0o m\u00f4i tr\u01b0\u1eddng kh\u00f4ng ch\u1ee9a protein \u0111\u1ec3 t\u0103ng hi\u1ec7u qu\u1ea3 nh\u00e2n b\u1ea3n v\u00e0 th\u00fac \u0111\u1ea9y s\u1ef1 ph\u00e1t tri\u1ec3n c\u1ee7a t\u1ebf b\u00e0o CHO. Ch\u1ea5t b\u1ed5 sung n\u1ed3ng \u0111\u1ed9 40X n\u00e0y c\u00f3 th\u1ec3<\/p>\n<div class=\"klb-readmore post-buttons\"><a class=\"button rounded primary\" href=\"https:\/\/biogroupvietnam.com\/vi\/san-pham\/chat-bo-sung-clonacell-cho-acf\/\">Read More <i class=\"klbth-icon-right-arrow\"><\/i><\/a><\/div>\n","protected":false},"featured_media":10225,"comment_status":"closed","ping_status":"closed","template":"","meta":{"_acf_changed":false},"product_brand":[127],"product_cat":[89],"product_tag":[],"class_list":{"0":"post-3733","1":"product","2":"type-product","3":"status-publish","4":"has-post-thumbnail","6":"product_brand-stemcell-technologies","7":"product_cat-te-bao-cho","9":"first","10":"outofstock","11":"shipping-taxable","12":"product-type-simple"},"acf":[],"yoast_head":"<!-- This site is optimized with the Yoast SEO plugin v26.8 - https:\/\/yoast.com\/product\/yoast-seo-wordpress\/ -->\n<title>Ch\u1ea5t B\u1ed5 Sung ClonaCell\u2122-CHO ACF<\/title>\n<meta name=\"description\" content=\"Ch\u1ea5t b\u1ed5 sung ClonaCell\u2122-CHO ACF n\u1ed3ng \u0111\u1ed9 40X, kh\u00f4ng ch\u1ee9a th\u00e0nh ph\u1ea7n \u0111\u1ed9ng v\u1eadt, kh\u00f4ng c\u00f3 huy\u1ebft thanh v\u00e0 glutamine, d\u00f9ng \u0111\u1ec3 nh\u00e2n b\u1ea3n c\u00e1c d\u00f2ng t\u1ebf b\u00e0o CHO trong qu\u00e1 tr\u00ecnh ph\u00e1t tri\u1ec3n.\" \/>\n<meta name=\"robots\" content=\"index, follow, max-snippet:-1, max-image-preview:large, max-video-preview:-1\" \/>\n<link rel=\"canonical\" href=\"https:\/\/biogroupvietnam.com\/vi\/san-pham\/chat-bo-sung-clonacell-cho-acf\/\" \/>\n<meta property=\"og:locale\" content=\"vi_VN\" \/>\n<meta property=\"og:type\" content=\"article\" \/>\n<meta property=\"og:title\" content=\"Ch\u1ea5t B\u1ed5 Sung ClonaCell\u2122-CHO ACF\" \/>\n<meta property=\"og:description\" content=\"Ch\u1ea5t b\u1ed5 sung ClonaCell\u2122-CHO ACF n\u1ed3ng \u0111\u1ed9 40X, kh\u00f4ng ch\u1ee9a th\u00e0nh ph\u1ea7n \u0111\u1ed9ng v\u1eadt, kh\u00f4ng c\u00f3 huy\u1ebft thanh v\u00e0 glutamine, d\u00f9ng \u0111\u1ec3 nh\u00e2n b\u1ea3n c\u00e1c d\u00f2ng t\u1ebf b\u00e0o CHO trong qu\u00e1 tr\u00ecnh ph\u00e1t tri\u1ec3n.\" \/>\n<meta property=\"og:url\" content=\"https:\/\/biogroupvietnam.com\/vi\/san-pham\/chat-bo-sung-clonacell-cho-acf\/\" \/>\n<meta property=\"og:site_name\" content=\"Biogroup Vietnam\" \/>\n<meta property=\"article:modified_time\" content=\"2026-04-06T06:19:24+00:00\" \/>\n<meta property=\"og:image\" content=\"https:\/\/biogroupvietnam.com\/wp-content\/uploads\/2025\/08\/dung-dich-ammonium-chloride-ly-giai-hong-cau-1.jpg\" \/>\n\t<meta property=\"og:image:width\" content=\"1640\" \/>\n\t<meta property=\"og:image:height\" content=\"1260\" \/>\n\t<meta property=\"og:image:type\" content=\"image\/jpeg\" \/>\n<meta name=\"twitter:card\" content=\"summary_large_image\" \/>\n<meta name=\"twitter:label1\" content=\"\u01af\u1edbc t\u00ednh th\u1eddi gian \u0111\u1ecdc\" \/>\n\t<meta name=\"twitter:data1\" content=\"3 ph\u00fat\" \/>\n<script type=\"application\/ld+json\" class=\"yoast-schema-graph\">{\"@context\":\"https:\/\/schema.org\",\"@graph\":[{\"@type\":\"WebPage\",\"@id\":\"https:\/\/biogroupvietnam.com\/vi\/san-pham\/chat-bo-sung-clonacell-cho-acf\/\",\"url\":\"https:\/\/biogroupvietnam.com\/vi\/san-pham\/chat-bo-sung-clonacell-cho-acf\/\",\"name\":\"Ch\u1ea5t B\u1ed5 Sung ClonaCell\u2122-CHO ACF\",\"isPartOf\":{\"@id\":\"https:\/\/biogroupvietnam.com\/vi\/#website\"},\"primaryImageOfPage\":{\"@id\":\"https:\/\/biogroupvietnam.com\/vi\/san-pham\/chat-bo-sung-clonacell-cho-acf\/#primaryimage\"},\"image\":{\"@id\":\"https:\/\/biogroupvietnam.com\/vi\/san-pham\/chat-bo-sung-clonacell-cho-acf\/#primaryimage\"},\"thumbnailUrl\":\"https:\/\/biogroupvietnam.com\/wp-content\/uploads\/2025\/08\/dung-dich-ammonium-chloride-ly-giai-hong-cau-1.jpg\",\"datePublished\":\"2025-08-18T12:52:46+00:00\",\"dateModified\":\"2026-04-06T06:19:24+00:00\",\"description\":\"Ch\u1ea5t b\u1ed5 sung ClonaCell\u2122-CHO ACF n\u1ed3ng \u0111\u1ed9 40X, kh\u00f4ng ch\u1ee9a th\u00e0nh ph\u1ea7n \u0111\u1ed9ng v\u1eadt, kh\u00f4ng c\u00f3 huy\u1ebft thanh v\u00e0 glutamine, d\u00f9ng \u0111\u1ec3 nh\u00e2n b\u1ea3n c\u00e1c d\u00f2ng t\u1ebf b\u00e0o CHO trong qu\u00e1 tr\u00ecnh ph\u00e1t tri\u1ec3n.\",\"breadcrumb\":{\"@id\":\"https:\/\/biogroupvietnam.com\/vi\/san-pham\/chat-bo-sung-clonacell-cho-acf\/#breadcrumb\"},\"inLanguage\":\"vi\",\"potentialAction\":[{\"@type\":\"ReadAction\",\"target\":[\"https:\/\/biogroupvietnam.com\/vi\/san-pham\/chat-bo-sung-clonacell-cho-acf\/\"]}]},{\"@type\":\"ImageObject\",\"inLanguage\":\"vi\",\"@id\":\"https:\/\/biogroupvietnam.com\/vi\/san-pham\/chat-bo-sung-clonacell-cho-acf\/#primaryimage\",\"url\":\"https:\/\/biogroupvietnam.com\/wp-content\/uploads\/2025\/08\/dung-dich-ammonium-chloride-ly-giai-hong-cau-1.jpg\",\"contentUrl\":\"https:\/\/biogroupvietnam.com\/wp-content\/uploads\/2025\/08\/dung-dich-ammonium-chloride-ly-giai-hong-cau-1.jpg\",\"width\":1640,\"height\":1260,\"caption\":\"Dung D\u1ecbch Ammonium Chloride Ly Gi\u1ea3i H\u1ed3ng C\u1ea7u\"},{\"@type\":\"BreadcrumbList\",\"@id\":\"https:\/\/biogroupvietnam.com\/vi\/san-pham\/chat-bo-sung-clonacell-cho-acf\/#breadcrumb\",\"itemListElement\":[{\"@type\":\"ListItem\",\"position\":1,\"name\":\"Trang ch\u1ee7\",\"item\":\"https:\/\/biogroupvietnam.com\/vi\/\"},{\"@type\":\"ListItem\",\"position\":2,\"name\":\"S\u1ea3n ph\u1ea9m\",\"item\":\"https:\/\/biogroupvietnam.com\/vi\/san-pham\/\"},{\"@type\":\"ListItem\",\"position\":3,\"name\":\"Nu\u00f4i C\u1ea5y T\u1ebf B\u00e0o\",\"item\":\"https:\/\/biogroupvietnam.com\/vi\/danh-muc-san-pham\/nuoi-cay-te-bao\/\"},{\"@type\":\"ListItem\",\"position\":4,\"name\":\"T\u1ebf B\u00e0o CHO\",\"item\":\"https:\/\/biogroupvietnam.com\/vi\/danh-muc-san-pham\/te-bao-cho\/\"},{\"@type\":\"ListItem\",\"position\":5,\"name\":\"Ch\u1ea5t B\u1ed5 Sung ClonaCell\u2122-CHO ACF\"}]},{\"@type\":\"WebSite\",\"@id\":\"https:\/\/biogroupvietnam.com\/vi\/#website\",\"url\":\"https:\/\/biogroupvietnam.com\/vi\/\",\"name\":\"Biogroup Vietnam\",\"description\":\"Biogroup Vietnam cung c\u1ea5p d\u1ecbch v\u1ee5 k\u1ef9 thu\u1eadt c\u00f9ng thi\u1ebft b\u1ecb, v\u1eadt t\u01b0, h\u00f3a ch\u1ea5t v\u00e0 gi\u1ea3i ph\u00e1p sinh h\u1ecdc cho ph\u00f2ng th\u00ed nghi\u1ec7m c\u00f4ng ngh\u1ec7 sinh h\u1ecdc, y sinh v\u00e0 y h\u1ecdc t\u00e1i t\u1ea1o.\",\"potentialAction\":[{\"@type\":\"SearchAction\",\"target\":{\"@type\":\"EntryPoint\",\"urlTemplate\":\"https:\/\/biogroupvietnam.com\/vi\/?s={search_term_string}\"},\"query-input\":{\"@type\":\"PropertyValueSpecification\",\"valueRequired\":true,\"valueName\":\"search_term_string\"}}],\"inLanguage\":\"vi\"}]}<\/script>\n<!-- \/ Yoast SEO plugin. -->","yoast_head_json":{"title":"Ch\u1ea5t B\u1ed5 Sung ClonaCell\u2122-CHO ACF","description":"Ch\u1ea5t b\u1ed5 sung ClonaCell\u2122-CHO ACF n\u1ed3ng \u0111\u1ed9 40X, kh\u00f4ng ch\u1ee9a th\u00e0nh ph\u1ea7n \u0111\u1ed9ng v\u1eadt, kh\u00f4ng c\u00f3 huy\u1ebft thanh v\u00e0 glutamine, d\u00f9ng \u0111\u1ec3 nh\u00e2n b\u1ea3n c\u00e1c d\u00f2ng t\u1ebf b\u00e0o CHO trong qu\u00e1 tr\u00ecnh ph\u00e1t tri\u1ec3n.","robots":{"index":"index","follow":"follow","max-snippet":"max-snippet:-1","max-image-preview":"max-image-preview:large","max-video-preview":"max-video-preview:-1"},"canonical":"https:\/\/biogroupvietnam.com\/vi\/san-pham\/chat-bo-sung-clonacell-cho-acf\/","og_locale":"vi_VN","og_type":"article","og_title":"Ch\u1ea5t B\u1ed5 Sung ClonaCell\u2122-CHO ACF","og_description":"Ch\u1ea5t b\u1ed5 sung ClonaCell\u2122-CHO ACF n\u1ed3ng \u0111\u1ed9 40X, kh\u00f4ng ch\u1ee9a th\u00e0nh ph\u1ea7n \u0111\u1ed9ng v\u1eadt, kh\u00f4ng c\u00f3 huy\u1ebft thanh v\u00e0 glutamine, d\u00f9ng \u0111\u1ec3 nh\u00e2n b\u1ea3n c\u00e1c d\u00f2ng t\u1ebf b\u00e0o CHO trong qu\u00e1 tr\u00ecnh ph\u00e1t tri\u1ec3n.","og_url":"https:\/\/biogroupvietnam.com\/vi\/san-pham\/chat-bo-sung-clonacell-cho-acf\/","og_site_name":"Biogroup Vietnam","article_modified_time":"2026-04-06T06:19:24+00:00","og_image":[{"width":1640,"height":1260,"url":"https:\/\/biogroupvietnam.com\/wp-content\/uploads\/2025\/08\/dung-dich-ammonium-chloride-ly-giai-hong-cau-1.jpg","type":"image\/jpeg"}],"twitter_card":"summary_large_image","twitter_misc":{"\u01af\u1edbc t\u00ednh th\u1eddi gian \u0111\u1ecdc":"3 ph\u00fat"},"schema":{"@context":"https:\/\/schema.org","@graph":[{"@type":"WebPage","@id":"https:\/\/biogroupvietnam.com\/vi\/san-pham\/chat-bo-sung-clonacell-cho-acf\/","url":"https:\/\/biogroupvietnam.com\/vi\/san-pham\/chat-bo-sung-clonacell-cho-acf\/","name":"Ch\u1ea5t B\u1ed5 Sung ClonaCell\u2122-CHO ACF","isPartOf":{"@id":"https:\/\/biogroupvietnam.com\/vi\/#website"},"primaryImageOfPage":{"@id":"https:\/\/biogroupvietnam.com\/vi\/san-pham\/chat-bo-sung-clonacell-cho-acf\/#primaryimage"},"image":{"@id":"https:\/\/biogroupvietnam.com\/vi\/san-pham\/chat-bo-sung-clonacell-cho-acf\/#primaryimage"},"thumbnailUrl":"https:\/\/biogroupvietnam.com\/wp-content\/uploads\/2025\/08\/dung-dich-ammonium-chloride-ly-giai-hong-cau-1.jpg","datePublished":"2025-08-18T12:52:46+00:00","dateModified":"2026-04-06T06:19:24+00:00","description":"Ch\u1ea5t b\u1ed5 sung ClonaCell\u2122-CHO ACF n\u1ed3ng \u0111\u1ed9 40X, kh\u00f4ng ch\u1ee9a th\u00e0nh ph\u1ea7n \u0111\u1ed9ng v\u1eadt, kh\u00f4ng c\u00f3 huy\u1ebft thanh v\u00e0 glutamine, d\u00f9ng \u0111\u1ec3 nh\u00e2n b\u1ea3n c\u00e1c d\u00f2ng t\u1ebf b\u00e0o CHO trong qu\u00e1 tr\u00ecnh ph\u00e1t tri\u1ec3n.","breadcrumb":{"@id":"https:\/\/biogroupvietnam.com\/vi\/san-pham\/chat-bo-sung-clonacell-cho-acf\/#breadcrumb"},"inLanguage":"vi","potentialAction":[{"@type":"ReadAction","target":["https:\/\/biogroupvietnam.com\/vi\/san-pham\/chat-bo-sung-clonacell-cho-acf\/"]}]},{"@type":"ImageObject","inLanguage":"vi","@id":"https:\/\/biogroupvietnam.com\/vi\/san-pham\/chat-bo-sung-clonacell-cho-acf\/#primaryimage","url":"https:\/\/biogroupvietnam.com\/wp-content\/uploads\/2025\/08\/dung-dich-ammonium-chloride-ly-giai-hong-cau-1.jpg","contentUrl":"https:\/\/biogroupvietnam.com\/wp-content\/uploads\/2025\/08\/dung-dich-ammonium-chloride-ly-giai-hong-cau-1.jpg","width":1640,"height":1260,"caption":"Dung D\u1ecbch Ammonium Chloride Ly Gi\u1ea3i H\u1ed3ng C\u1ea7u"},{"@type":"BreadcrumbList","@id":"https:\/\/biogroupvietnam.com\/vi\/san-pham\/chat-bo-sung-clonacell-cho-acf\/#breadcrumb","itemListElement":[{"@type":"ListItem","position":1,"name":"Trang ch\u1ee7","item":"https:\/\/biogroupvietnam.com\/vi\/"},{"@type":"ListItem","position":2,"name":"S\u1ea3n ph\u1ea9m","item":"https:\/\/biogroupvietnam.com\/vi\/san-pham\/"},{"@type":"ListItem","position":3,"name":"Nu\u00f4i C\u1ea5y T\u1ebf B\u00e0o","item":"https:\/\/biogroupvietnam.com\/vi\/danh-muc-san-pham\/nuoi-cay-te-bao\/"},{"@type":"ListItem","position":4,"name":"T\u1ebf B\u00e0o CHO","item":"https:\/\/biogroupvietnam.com\/vi\/danh-muc-san-pham\/te-bao-cho\/"},{"@type":"ListItem","position":5,"name":"Ch\u1ea5t B\u1ed5 Sung ClonaCell\u2122-CHO ACF"}]},{"@type":"WebSite","@id":"https:\/\/biogroupvietnam.com\/vi\/#website","url":"https:\/\/biogroupvietnam.com\/vi\/","name":"Biogroup Vietnam","description":"Biogroup Vietnam cung c\u1ea5p d\u1ecbch v\u1ee5 k\u1ef9 thu\u1eadt c\u00f9ng thi\u1ebft b\u1ecb, v\u1eadt t\u01b0, h\u00f3a ch\u1ea5t v\u00e0 gi\u1ea3i ph\u00e1p sinh h\u1ecdc cho ph\u00f2ng th\u00ed nghi\u1ec7m c\u00f4ng ngh\u1ec7 sinh h\u1ecdc, y sinh v\u00e0 y h\u1ecdc t\u00e1i t\u1ea1o.","potentialAction":[{"@type":"SearchAction","target":{"@type":"EntryPoint","urlTemplate":"https:\/\/biogroupvietnam.com\/vi\/?s={search_term_string}"},"query-input":{"@type":"PropertyValueSpecification","valueRequired":true,"valueName":"search_term_string"}}],"inLanguage":"vi"}]}},"_links":{"self":[{"href":"https:\/\/biogroupvietnam.com\/vi\/wp-json\/wp\/v2\/product\/3733","targetHints":{"allow":["GET"]}}],"collection":[{"href":"https:\/\/biogroupvietnam.com\/vi\/wp-json\/wp\/v2\/product"}],"about":[{"href":"https:\/\/biogroupvietnam.com\/vi\/wp-json\/wp\/v2\/types\/product"}],"replies":[{"embeddable":true,"href":"https:\/\/biogroupvietnam.com\/vi\/wp-json\/wp\/v2\/comments?post=3733"}],"version-history":[{"count":6,"href":"https:\/\/biogroupvietnam.com\/vi\/wp-json\/wp\/v2\/product\/3733\/revisions"}],"predecessor-version":[{"id":9726,"href":"https:\/\/biogroupvietnam.com\/vi\/wp-json\/wp\/v2\/product\/3733\/revisions\/9726"}],"wp:featuredmedia":[{"embeddable":true,"href":"https:\/\/biogroupvietnam.com\/vi\/wp-json\/wp\/v2\/media\/10225"}],"wp:attachment":[{"href":"https:\/\/biogroupvietnam.com\/vi\/wp-json\/wp\/v2\/media?parent=3733"}],"wp:term":[{"taxonomy":"product_brand","embeddable":true,"href":"https:\/\/biogroupvietnam.com\/vi\/wp-json\/wp\/v2\/product_brand?post=3733"},{"taxonomy":"product_cat","embeddable":true,"href":"https:\/\/biogroupvietnam.com\/vi\/wp-json\/wp\/v2\/product_cat?post=3733"},{"taxonomy":"product_tag","embeddable":true,"href":"https:\/\/biogroupvietnam.com\/vi\/wp-json\/wp\/v2\/product_tag?post=3733"}],"curies":[{"name":"wp","href":"https:\/\/api.w.org\/{rel}","templated":true}]}}