{"id":3734,"date":"2025-08-18T19:52:46","date_gmt":"2025-08-18T12:52:46","guid":{"rendered":"http:\/\/biogroupvietnam-worldpress.local\/product\/import-placeholder-for-84\/"},"modified":"2026-01-12T16:53:23","modified_gmt":"2026-01-12T09:53:23","slug":"binh-mve-heco-1500","status":"publish","type":"product","link":"https:\/\/biogroupvietnam.com\/vi\/san-pham\/binh-mve-heco-1500\/","title":{"rendered":"B\u00ecnh L\u01b0u Tr\u1eef M\u1eabu MVE HEco\u2122 1500"},"content":{"rendered":"<p><strong><em>D\u00f2ng b\u00ecnh MVE HEco\u2122 1500 ti\u1ebft ki\u1ec7m nit\u01a1 l\u1ecfng, \u0111\u01b0\u1ee3c d\u00f9ng \u0111\u1ec3 l\u01b0u tr\u1eef m\u1eabu sinh h\u1ecdc trong pha h\u01a1i nit\u01a1 l\u1ecfng \u1edf nhi\u1ec7t \u0111\u1ed9 -190\u00b0C, c\u00f3 kh\u1ea3 n\u0103ng l\u01b0u tr\u1eef \u1ed1ng vial ho\u1eb7c t\u00fai \u0111\u00f4ng l\u1ea1nh t\u1ebf b\u00e0o\/ m\u00e1u \u1edf c\u00e1c th\u1ec3 t\u00edch kh\u00e1c nhau.<\/em><\/strong><\/p>\n<p>D\u00f2ng b\u00ecnh MVE HEco\u2122 1500 ti\u1ebft ki\u1ec7m nit\u01a1 l\u1ecfng, \u0111\u01b0\u1ee3c d\u00f9ng l\u01b0u tr\u1eef t\u1ebf b\u00e0o \u0111\u00f4ng l\u1ea1nh hi\u1ec7u qu\u1ea3 nh\u1ea5t hi\u1ec7n c\u00f3. MVE HEco\u2122 1500 l\u00e0 d\u00f2ng b\u00ecnh thu\u1ed9c th\u1ebf h\u1ec7 t\u01b0\u01a1ng lai l\u00e0 s\u1ef1 k\u1ebft h\u1ee3p khu l\u01b0u tr\u1eef m\u1eabu v\u1edbi h\u1ec7 th\u1ed1ng \u0111i\u1ec7n v\u00e0 d\u1eabn nit\u01a1 l\u1ecfng \u0111i k\u00e8m ho\u00e0n thi\u1ec7n \u0111\u1ec3 n\u00e2ng cao t\u00ednh an to\u00e0n v\u00e0 kh\u1ea3 n\u0103ng s\u1eed d\u1ee5ng t\u1ed5ng th\u1ec3. C\u00e1c c\u1ea3i ti\u1ebfn k\u1ef9 thu\u1eadt v\u00e0 h\u00ecnh \u1ea3nh k\u1ebft h\u1ee3p \u0111\u1ec3 t\u1ea1o ra m\u1ed9t b\u00ecnh nit\u01a1 l\u01b0u tr\u1eef t\u1ebf b\u00e0o \u0111\u00f4ng l\u1ea1nh \u0111\u1eb9p h\u01a1n v\u1ec1 m\u1eb7t th\u1ea9m m\u1ef9, cung c\u1ea5p nhi\u1ec1u ch\u1ee9c n\u0103ng h\u01a1n. Gi\u1ed1ng nh\u01b0 t\u1ea5t c\u1ea3 c\u00e1c b\u00ecnh l\u01b0u tr\u1eef m\u1eabu c\u1ee7a MVE, d\u00f2ng b\u00ecnh MVE HEco 1500 c\u00f3 s\u1eb5n v\u1edbi ba k\u00edch th\u01b0\u1edbc \u0111\u1ed9c \u0111\u00e1o v\u00e0 cung c\u1ea5p m\u1eadt \u0111\u1ed9 l\u01b0u tr\u1eef t\u1ed1i \u0111a c\u0169ng nh\u01b0 th\u1eddi gian l\u01b0u gi\u1eef l\u00e2u nh\u1ea5t v\u00e0 b\u1ea3o m\u1eadt m\u1eabu cao nh\u1ea5t trong ng\u00e0nh.<\/p>\n<h3>C\u00e1c t\u00ednh n\u0103ng ch\u00ednh c\u1ee7a d\u00f2ng b\u00ecnh l\u01b0u tr\u1eef m\u1eabu MVE HEco\u2122 1500<\/h3>\n<ul>\n<li>Ti\u1ebft ki\u1ec7m nit\u01a1 l\u1ecfng.<\/li>\n<li>Cung c\u1ea5p bao g\u1ed3m h\u1ec7 th\u1ed1ng \u0111i\u1ec7n v\u00e0 h\u1ec7 th\u1ed1ng d\u1eabn ch\u1ea5t l\u1ecfng (nit\u01a1 l\u1ecfng).<\/li>\n<li>C\u00f3 \u1ed1ng n\u1ed1i v\u1edbi b\u00ecnh c\u1ea5p nit\u01a1 l\u1ecfng v\u1edbi l\u1edbp \u00e1o ch\u00e2n kh\u00f4ng.<\/li>\n<li>B\u1ea3o qu\u1ea3n m\u1eabu kh\u00f4 (l\u01b0u tr\u1eef m\u1eabu \u1edf pha h\u01a1i nit\u01a1 l\u1ecfng).<\/li>\n<li>\u0110\u1ea1t nhi\u1ec7t \u0111\u1ed9 -190\u00b0C cho c\u00e1c h\u1ed9p m\u1eabu tr\u00ean c\u00f9ng c\u1ee7a d\u00f2ng b\u00ecnh MVE HEco\u2122 1500.<\/li>\n<li>Chi\u1ec1u cao c\u1ee7a b\u00ecnh khi m\u1edf n\u1eafp \u0111\u1eady l\u00e0 th\u1ea5p nh\u1ea5t.<\/li>\n<li>C\u00f3 m\u1ed9t b\u1eadc thang \u0111\u00f4i, h\u1ed7 tr\u1ee3 l\u1ea5y m\u1eabu d\u1ec5 d\u00e0ng h\u01a1n.<\/li>\n<li>C\u00f3 pin d\u1ef1 ph\u00f2ng (t\u00f9y ch\u1ecdn).<\/li>\n<li>C\u00f3 \u0111\u01b0\u1eddng \u1ed1ng \u201cgas bypass\u201d ti\u00eau chu\u1ea9n ng\u0103n ngu\u1ed3n khi \u1ea5m (d\u1ea1ng h\u01a1i) v\u00e0o b\u00ecnh nit\u01a1 l\u01b0u tr\u1eef t\u1ebf b\u00e0o trong qu\u00e1 tr\u00ecnh n\u1ea1p nit\u01a1 l\u1ecfng.<\/li>\n<li>C\u00f4ng ngh\u1ec7 MVE TS\u2122 m\u00e0n h\u00ecnh c\u1ea3m \u1ee9ng ho\u1eb7c TEC 3000\/TEC 3000 MDD \u0111i\u1ec1u khi\u1ec3n b\u00ecnh l\u01b0u tr\u1eef m\u1eabu \u1edf pha h\u01a1i nit\u01a1 l\u1ecfng.<\/li>\n<li>B\u1ea3o h\u00e0nh 2 n\u0103m cho c\u00e1c ph\u1ee5 ki\u1ec7n c\u1ee7a b\u00ecnh.<\/li>\n<li>B\u1ea3o h\u00e0nh 5 n\u0103m l\u1edbp ch\u00e2n kh\u00f4ng c\u1ee7a b\u00ecnh.<\/li>\n<li>T\u01b0\u01a1ng th\u00edch v\u1edbi b\u00ecnh c\u1ea5p nit\u01a1 l\u1ecfng <a href=\"https:\/\/biogroupvietnam.com\/vi\/products\/xu-ly-va-luu-tru-te-bao\/luu-tru-mau-trong-nito-long\/binh-chua-nito-long.html\">Dura-Cyl\u00ae 230<\/a>.<\/li>\n<\/ul>\n<p style=\"text-align: center;\"><img fetchpriority=\"high\" decoding=\"async\" src=\"https:\/\/biogroupvietnam.com\/uploads\/Je5tPDiwUD9nM7rGZDbmpJdVdrLS6mFha0INBUGb.png\" alt=\"\u0110\u1ed3 th\u1ecb ki\u1ec3m tra nhi\u1ec7t \u0111\u1ed9 b\u00ecnh HEco Series\" width=\"464\" height=\"344\" \/><\/p>\n<p>\u0110\u1ed3 th\u1ecb ki\u1ec3m tra nhi\u1ec7t \u0111\u1ed9 b\u00ecnh HEco Series<\/p>\n<p>*<i>Ghi ch\u00fa: Ki\u1ec3m tra nhi\u1ec7t \u0111\u1ed9 cho bi\u1ebft hi\u1ec7u su\u1ea5t \u0111i\u1ec3n h\u00ecnh c\u1ee7a b\u00ecnh HEco Series v\u1edbi h\u1ec7 th\u1ed1ng l\u01b0u m\u1eabu \u0111\u1ea7y v\u00e0 c\u00e0i \u0111\u1eb7t m\u1ee9c khuy\u1ebfn ngh\u1ecb c\u1ee7a nh\u00e0 m\u00e1y MVE Biological Solutions. Hi\u1ec7u su\u1ea5t th\u1ef1c t\u1ebf c\u00f3 th\u1ec3 thay \u0111\u1ed5i t\u00f9y theo \u0111i\u1ec1u ki\u1ec7n m\u00f4i tr\u01b0\u1eddng ph\u00f2ng l\u01b0u tr\u1eef v\u00e0 c\u00e1ch s\u1eed d\u1ee5ng.<\/i><\/p>\n<h3>Kh\u1ea3 n\u0103ng l\u01b0u tr\u1eef m\u1eabu c\u1ee7a 3 d\u00f2ng b\u00ecnh l\u01b0u tr\u1eef m\u1eabu MVE HEco\u2122 1500<\/h3>\n<figure class=\"table\">\n<table>\n<tbody>\n<tr>\n<td>\n<p style=\"text-align: center;\">\n<\/td>\n<td>\n<p style=\"text-align: center;\"><strong>MVE HEco 1536P-190<\/strong><\/p>\n<\/td>\n<td>\n<p style=\"text-align: center;\"><strong>MVE HEco 1539P-190<\/strong><\/p>\n<\/td>\n<td>\n<p style=\"text-align: center;\"><strong>MVE HEco 1542R-190<\/strong><\/p>\n<\/td>\n<\/tr>\n<tr>\n<td colspan=\"4\"><strong>Kh\u1ea3 n\u0103ng tr\u1eef m\u1eabu t\u1ed1i \u0111a<\/strong><\/td>\n<\/tr>\n<tr>\n<td>S\u1ed1 \u1ed1ng vial 1,2 ho\u1eb7c 2 ml \u0111\u01b0\u1ee3c l\u01b0u tr\u1eef t\u1ed1i \u0111a<\/td>\n<td>\n<p style=\"text-align: center;\">36.400<\/p>\n<\/td>\n<td>\n<p style=\"text-align: center;\">39.200<\/p>\n<\/td>\n<td>\n<p style=\"text-align: center;\">42.000<\/p>\n<\/td>\n<\/tr>\n<tr>\n<td>*S\u1ed1 gi\u00e1 \u0111\u1ee1 cho lo\u1ea1i h\u1ed9p 100 v\u1ecb tr\u00ed ch\u1ee9a \u1ed1ng vial<\/td>\n<td>\n<p style=\"text-align: center;\">24<\/p>\n<\/td>\n<td>\n<p style=\"text-align: center;\">24<\/p>\n<\/td>\n<td>\n<p style=\"text-align: center;\">26<\/p>\n<\/td>\n<\/tr>\n<tr>\n<td>*S\u1ed1 gi\u00e1 \u0111\u1ee1 cho lo\u1ea1i h\u1ed9p 25 v\u1ecb tr\u00ed ch\u1ee9a \u1ed1ng vial<\/td>\n<td>\n<p style=\"text-align: center;\">16<\/p>\n<\/td>\n<td>\n<p style=\"text-align: center;\">16<\/p>\n<\/td>\n<td>\n<p style=\"text-align: center;\">16<\/p>\n<\/td>\n<\/tr>\n<tr>\n<td>*S\u1ed1 t\u1ea7ng c\u1ee7a m\u1ed7i gi\u00e1 \u0111\u1ee1<\/td>\n<td>\n<p style=\"text-align: center;\">13<\/p>\n<\/td>\n<td>\n<p style=\"text-align: center;\">14<\/p>\n<\/td>\n<td>\n<p style=\"text-align: center;\">14<\/p>\n<\/td>\n<\/tr>\n<tr>\n<td>S\u1ed1 t\u00fai m\u00e1u\/ t\u1ebf b\u00e0o 25 mL \u0111\u01b0\u1ee3c l\u01b0u tr\u1eef t\u1ed1i \u0111a<\/td>\n<td>\n<p style=\"text-align: center;\">2.905<\/p>\n<\/td>\n<td>\n<p style=\"text-align: center;\">3.320<\/p>\n<\/td>\n<td>\n<p style=\"text-align: center;\">3.184<\/p>\n<\/td>\n<\/tr>\n<tr>\n<td>S\u1ed1 t\u00fai m\u00e1u\/ t\u1ebf b\u00e0o 50 mL \u0111\u01b0\u1ee3c l\u01b0u tr\u1eef t\u1ed1i \u0111a<\/td>\n<td>\n<p style=\"text-align: center;\">1.488<\/p>\n<\/td>\n<td>\n<p style=\"text-align: center;\">1.736<\/p>\n<\/td>\n<td>\n<p style=\"text-align: center;\">1.687<\/p>\n<\/td>\n<\/tr>\n<tr>\n<td>S\u1ed1 t\u00fai m\u00e1u\/ t\u1ebf b\u00e0o 500 mL \u0111\u01b0\u1ee3c l\u01b0u tr\u1eef t\u1ed1i \u0111a<\/td>\n<td>\n<p style=\"text-align: center;\">812<\/p>\n<\/td>\n<td>\n<p style=\"text-align: center;\">812<\/p>\n<\/td>\n<td>\n<p style=\"text-align: center;\">768<\/p>\n<\/td>\n<\/tr>\n<tr>\n<td colspan=\"4\"><strong>Kh\u1ea3 n\u0103ng ch\u1ee9a nit\u01a1 l\u1ecfng<\/strong><\/td>\n<\/tr>\n<tr>\n<td>Th\u1ec3 t\u00edch ch\u1ee9a nit\u01a1 l\u1ecfng khi ch\u01b0a ch\u1ee9a m\u1eabu (\u01b0\u1edbc t\u00ednh, L)<\/td>\n<td>\n<p style=\"text-align: center;\">756<\/p>\n<\/td>\n<td>\n<p style=\"text-align: center;\">797<\/p>\n<\/td>\n<td>\n<p style=\"text-align: center;\">797<\/p>\n<\/td>\n<\/tr>\n<tr>\n<td>Th\u1ec3 t\u00edch ch\u1ee9a nit\u01a1 l\u1ecfng b\u00ean d\u01b0\u1edbi khay l\u01b0u tr\u1eef pha h\u01a1i (\u01b0\u1edbc t\u00ednh, L)<\/td>\n<td>\n<p style=\"text-align: center;\">133<\/p>\n<\/td>\n<td>\n<p style=\"text-align: center;\">133<\/p>\n<\/td>\n<td>\n<p style=\"text-align: center;\">133<\/p>\n<\/td>\n<\/tr>\n<tr>\n<td colspan=\"4\"><strong>K\u00edch th\u01b0\u1edbc c\u00e1c d\u00f2ng b\u00ecnh MVE HEco\u2122 1500<\/strong><\/td>\n<\/tr>\n<tr>\n<td>\u0110\u01b0\u1eddng k\u00ednh c\u1ed5 b\u00ecnh (mm)<\/td>\n<td>\n<p style=\"text-align: center;\">442<\/p>\n<\/td>\n<td>\n<p style=\"text-align: center;\">442<\/p>\n<\/td>\n<td>\n<p style=\"text-align: center;\">442<\/p>\n<\/td>\n<\/tr>\n<tr>\n<td>Chi\u1ec1u cao b\u00ean trong c\u00f3 th\u1ec3 s\u1eed d\u1ee5ng c\u1ee7a b\u00ecnh (mm)<\/td>\n<td>\n<p style=\"text-align: center;\">730<\/p>\n<\/td>\n<td>\n<p style=\"text-align: center;\">767<\/p>\n<\/td>\n<td>\n<p style=\"text-align: center;\">782<\/p>\n<\/td>\n<\/tr>\n<tr>\n<td>\u0110\u01b0\u1eddng k\u00ednh trong c\u1ee7a b\u00ecnh (mm)<\/td>\n<td>\n<p style=\"text-align: center;\">978<\/p>\n<\/td>\n<td>\n<p style=\"text-align: center;\">978<\/p>\n<\/td>\n<td>\n<p style=\"text-align: center;\">978<\/p>\n<\/td>\n<\/tr>\n<tr>\n<td>Chi\u1ec1u cao c\u1ee7a b\u00ecnh (mm)<\/td>\n<td>\n<p style=\"text-align: center;\">1.389<\/p>\n<\/td>\n<td>\n<p style=\"text-align: center;\">1.442<\/p>\n<\/td>\n<td>\n<p style=\"text-align: center;\">1.442<\/p>\n<\/td>\n<\/tr>\n<tr>\n<td>Chi\u1ec1u cao c\u1ee7a b\u00ecnh khi m\u1edf n\u1eafp \u0111\u1eady (mm)<\/td>\n<td>\n<p style=\"text-align: center;\">947<\/p>\n<\/td>\n<td>\n<p style=\"text-align: center;\">999<\/p>\n<\/td>\n<td>\n<p style=\"text-align: center;\">999<\/p>\n<\/td>\n<\/tr>\n<tr>\n<td>\u0110\u1ed9 r\u1ed9ng t\u1ed1i thi\u1ec3u c\u1ee7a c\u1eeda ph\u00f2ng \u0111\u1eb7t b\u00ecnh MVE HEco\u2122 1500 Series<\/td>\n<td>\n<p style=\"text-align: center;\">1.067<\/p>\n<\/td>\n<td>\n<p style=\"text-align: center;\">1.067<\/p>\n<\/td>\n<td>\n<p style=\"text-align: center;\">1.067<\/p>\n<\/td>\n<\/tr>\n<tr>\n<td>Tr\u1ecdng l\u01b0\u1ee3ng b\u00ecnh r\u1ed7ng (Kg)<\/td>\n<td>\n<p style=\"text-align: center;\">318<\/p>\n<\/td>\n<td>\n<p style=\"text-align: center;\">318<\/p>\n<\/td>\n<td>\n<p style=\"text-align: center;\">318<\/p>\n<\/td>\n<\/tr>\n<tr>\n<td>Tr\u1ecdng l\u01b0\u1ee3ng b\u00ecnh \u0111\u1ea7y (Kg)<\/td>\n<td>\n<p style=\"text-align: center;\">907<\/p>\n<\/td>\n<td>\n<p style=\"text-align: center;\">953<\/p>\n<\/td>\n<td>\n<p style=\"text-align: center;\">953<\/p>\n<\/td>\n<\/tr>\n<\/tbody>\n<\/table>\n<\/figure>\n<p>&nbsp;<\/p>\n","protected":false},"excerpt":{"rendered":"<p>D\u00f2ng b\u00ecnh MVE HEco\u2122 1500 ti\u1ebft ki\u1ec7m nit\u01a1 l\u1ecfng, \u0111\u01b0\u1ee3c d\u00f9ng \u0111\u1ec3 l\u01b0u tr\u1eef m\u1eabu sinh h\u1ecdc trong pha h\u01a1i nit\u01a1 l\u1ecfng \u1edf nhi\u1ec7t \u0111\u1ed9 -190\u00b0C, c\u00f3 kh\u1ea3 n\u0103ng l\u01b0u tr\u1eef \u1ed1ng vial ho\u1eb7c t\u00fai \u0111\u00f4ng l\u1ea1nh t\u1ebf b\u00e0o\/ m\u00e1u \u1edf c\u00e1c th\u1ec3 t\u00edch kh\u00e1c nhau. D\u00f2ng b\u00ecnh MVE HEco\u2122 1500 ti\u1ebft ki\u1ec7m nit\u01a1 l\u1ecfng,<\/p>\n<div class=\"klb-readmore post-buttons\"><a class=\"button rounded primary\" href=\"https:\/\/biogroupvietnam.com\/vi\/san-pham\/binh-mve-heco-1500\/\">Read More <i class=\"klbth-icon-right-arrow\"><\/i><\/a><\/div>\n","protected":false},"featured_media":9062,"comment_status":"closed","ping_status":"closed","template":"","meta":{"_acf_changed":false},"product_brand":[128],"product_cat":[95],"product_tag":[],"class_list":{"0":"post-3734","1":"product","2":"type-product","3":"status-publish","4":"has-post-thumbnail","6":"product_brand-mve-biological-solutions","7":"product_cat-binh-inox-tru-mau-trong-nito-long","9":"first","10":"outofstock","11":"shipping-taxable","12":"product-type-simple"},"acf":[],"yoast_head":"<!-- This site is optimized with the Yoast SEO plugin v26.8 - https:\/\/yoast.com\/product\/yoast-seo-wordpress\/ -->\n<title>B\u00ecnh L\u01b0u Tr\u1eef M\u1eabu MVE HEco\u2122 1500<\/title>\n<meta name=\"description\" content=\"D\u00f2ng b\u00ecnh MVE HEco\u2122 1500 ti\u1ebft ki\u1ec7m nit\u01a1 l\u1ecfng, \u0111\u01b0\u1ee3c d\u00f9ng \u0111\u1ec3 l\u01b0u tr\u1eef m\u1eabu sinh h\u1ecdc trong pha h\u01a1i nit\u01a1 l\u1ecfng \u1edf nhi\u1ec7t \u0111\u1ed9 -190\u00b0C, c\u00f3 kh\u1ea3 n\u0103ng l\u01b0u tr\u1eef \u1ed1ng vial ho\u1eb7c t\u00fai \u0111\u00f4ng l\u1ea1nh t\u1ebf b\u00e0o\/ m\u00e1u \u1edf c\u00e1c th\u1ec3 t\u00edch kh\u00e1c nhau.\" \/>\n<meta name=\"robots\" content=\"index, follow, max-snippet:-1, max-image-preview:large, max-video-preview:-1\" \/>\n<link rel=\"canonical\" href=\"https:\/\/biogroupvietnam.com\/vi\/san-pham\/binh-mve-heco-1500\/\" \/>\n<meta property=\"og:locale\" content=\"vi_VN\" \/>\n<meta property=\"og:type\" content=\"article\" \/>\n<meta property=\"og:title\" content=\"B\u00ecnh L\u01b0u Tr\u1eef M\u1eabu MVE HEco\u2122 1500\" \/>\n<meta property=\"og:description\" content=\"D\u00f2ng b\u00ecnh MVE HEco\u2122 1500 ti\u1ebft ki\u1ec7m nit\u01a1 l\u1ecfng, \u0111\u01b0\u1ee3c d\u00f9ng \u0111\u1ec3 l\u01b0u tr\u1eef m\u1eabu sinh h\u1ecdc trong pha h\u01a1i nit\u01a1 l\u1ecfng \u1edf nhi\u1ec7t \u0111\u1ed9 -190\u00b0C, c\u00f3 kh\u1ea3 n\u0103ng l\u01b0u tr\u1eef \u1ed1ng vial ho\u1eb7c t\u00fai \u0111\u00f4ng l\u1ea1nh t\u1ebf b\u00e0o\/ m\u00e1u \u1edf c\u00e1c th\u1ec3 t\u00edch kh\u00e1c nhau.\" \/>\n<meta property=\"og:url\" content=\"https:\/\/biogroupvietnam.com\/vi\/san-pham\/binh-mve-heco-1500\/\" \/>\n<meta property=\"og:site_name\" content=\"Biogroup Vietnam\" \/>\n<meta property=\"article:modified_time\" content=\"2026-01-12T09:53:23+00:00\" \/>\n<meta property=\"og:image\" content=\"https:\/\/biogroupvietnam.com\/wp-content\/uploads\/2025\/08\/MVE-HEco\u2122-1500-Series.jpg\" \/>\n\t<meta property=\"og:image:width\" content=\"1640\" \/>\n\t<meta property=\"og:image:height\" content=\"1260\" \/>\n\t<meta property=\"og:image:type\" content=\"image\/jpeg\" \/>\n<meta name=\"twitter:card\" content=\"summary_large_image\" \/>\n<meta name=\"twitter:label1\" content=\"\u01af\u1edbc t\u00ednh th\u1eddi gian \u0111\u1ecdc\" \/>\n\t<meta name=\"twitter:data1\" content=\"5 ph\u00fat\" \/>\n<script type=\"application\/ld+json\" class=\"yoast-schema-graph\">{\"@context\":\"https:\/\/schema.org\",\"@graph\":[{\"@type\":\"WebPage\",\"@id\":\"https:\/\/biogroupvietnam.com\/vi\/san-pham\/binh-mve-heco-1500\/\",\"url\":\"https:\/\/biogroupvietnam.com\/vi\/san-pham\/binh-mve-heco-1500\/\",\"name\":\"B\u00ecnh L\u01b0u Tr\u1eef M\u1eabu MVE HEco\u2122 1500\",\"isPartOf\":{\"@id\":\"https:\/\/biogroupvietnam.com\/vi\/#website\"},\"primaryImageOfPage\":{\"@id\":\"https:\/\/biogroupvietnam.com\/vi\/san-pham\/binh-mve-heco-1500\/#primaryimage\"},\"image\":{\"@id\":\"https:\/\/biogroupvietnam.com\/vi\/san-pham\/binh-mve-heco-1500\/#primaryimage\"},\"thumbnailUrl\":\"https:\/\/biogroupvietnam.com\/wp-content\/uploads\/2025\/08\/MVE-HEco\u2122-1500-Series.jpg\",\"datePublished\":\"2025-08-18T12:52:46+00:00\",\"dateModified\":\"2026-01-12T09:53:23+00:00\",\"description\":\"D\u00f2ng b\u00ecnh MVE HEco\u2122 1500 ti\u1ebft ki\u1ec7m nit\u01a1 l\u1ecfng, \u0111\u01b0\u1ee3c d\u00f9ng \u0111\u1ec3 l\u01b0u tr\u1eef m\u1eabu sinh h\u1ecdc trong pha h\u01a1i nit\u01a1 l\u1ecfng \u1edf nhi\u1ec7t \u0111\u1ed9 -190\u00b0C, c\u00f3 kh\u1ea3 n\u0103ng l\u01b0u tr\u1eef \u1ed1ng vial ho\u1eb7c t\u00fai \u0111\u00f4ng l\u1ea1nh t\u1ebf b\u00e0o\/ m\u00e1u \u1edf c\u00e1c th\u1ec3 t\u00edch kh\u00e1c nhau.\",\"breadcrumb\":{\"@id\":\"https:\/\/biogroupvietnam.com\/vi\/san-pham\/binh-mve-heco-1500\/#breadcrumb\"},\"inLanguage\":\"vi\",\"potentialAction\":[{\"@type\":\"ReadAction\",\"target\":[\"https:\/\/biogroupvietnam.com\/vi\/san-pham\/binh-mve-heco-1500\/\"]}]},{\"@type\":\"ImageObject\",\"inLanguage\":\"vi\",\"@id\":\"https:\/\/biogroupvietnam.com\/vi\/san-pham\/binh-mve-heco-1500\/#primaryimage\",\"url\":\"https:\/\/biogroupvietnam.com\/wp-content\/uploads\/2025\/08\/MVE-HEco\u2122-1500-Series.jpg\",\"contentUrl\":\"https:\/\/biogroupvietnam.com\/wp-content\/uploads\/2025\/08\/MVE-HEco\u2122-1500-Series.jpg\",\"width\":1640,\"height\":1260},{\"@type\":\"BreadcrumbList\",\"@id\":\"https:\/\/biogroupvietnam.com\/vi\/san-pham\/binh-mve-heco-1500\/#breadcrumb\",\"itemListElement\":[{\"@type\":\"ListItem\",\"position\":1,\"name\":\"Trang ch\u1ee7\",\"item\":\"https:\/\/biogroupvietnam.com\/vi\/\"},{\"@type\":\"ListItem\",\"position\":2,\"name\":\"S\u1ea3n ph\u1ea9m\",\"item\":\"https:\/\/biogroupvietnam.com\/vi\/san-pham\/\"},{\"@type\":\"ListItem\",\"position\":3,\"name\":\"B\u1ea3o Qu\u1ea3n L\u1ea1nh T\u1ebf B\u00e0o\",\"item\":\"https:\/\/biogroupvietnam.com\/vi\/danh-muc-san-pham\/bao-quan-lanh-te-bao\/\"},{\"@type\":\"ListItem\",\"position\":4,\"name\":\"B\u00ecnh Inox Tr\u1eef M\u1eabu Trong Nit\u01a1 L\u1ecfng\",\"item\":\"https:\/\/biogroupvietnam.com\/vi\/danh-muc-san-pham\/binh-inox-tru-mau-trong-nito-long\/\"},{\"@type\":\"ListItem\",\"position\":5,\"name\":\"B\u00ecnh L\u01b0u Tr\u1eef M\u1eabu MVE HEco\u2122 1500\"}]},{\"@type\":\"WebSite\",\"@id\":\"https:\/\/biogroupvietnam.com\/vi\/#website\",\"url\":\"https:\/\/biogroupvietnam.com\/vi\/\",\"name\":\"Biogroup Vietnam\",\"description\":\"Biogroup Vietnam cung c\u1ea5p d\u1ecbch v\u1ee5 k\u1ef9 thu\u1eadt c\u00f9ng thi\u1ebft b\u1ecb, v\u1eadt t\u01b0, h\u00f3a ch\u1ea5t v\u00e0 gi\u1ea3i ph\u00e1p sinh h\u1ecdc cho ph\u00f2ng th\u00ed nghi\u1ec7m c\u00f4ng ngh\u1ec7 sinh h\u1ecdc, y sinh v\u00e0 y h\u1ecdc t\u00e1i t\u1ea1o.\",\"potentialAction\":[{\"@type\":\"SearchAction\",\"target\":{\"@type\":\"EntryPoint\",\"urlTemplate\":\"https:\/\/biogroupvietnam.com\/vi\/?s={search_term_string}\"},\"query-input\":{\"@type\":\"PropertyValueSpecification\",\"valueRequired\":true,\"valueName\":\"search_term_string\"}}],\"inLanguage\":\"vi\"}]}<\/script>\n<!-- \/ Yoast SEO plugin. -->","yoast_head_json":{"title":"B\u00ecnh L\u01b0u Tr\u1eef M\u1eabu MVE HEco\u2122 1500","description":"D\u00f2ng b\u00ecnh MVE HEco\u2122 1500 ti\u1ebft ki\u1ec7m nit\u01a1 l\u1ecfng, \u0111\u01b0\u1ee3c d\u00f9ng \u0111\u1ec3 l\u01b0u tr\u1eef m\u1eabu sinh h\u1ecdc trong pha h\u01a1i nit\u01a1 l\u1ecfng \u1edf nhi\u1ec7t \u0111\u1ed9 -190\u00b0C, c\u00f3 kh\u1ea3 n\u0103ng l\u01b0u tr\u1eef \u1ed1ng vial ho\u1eb7c t\u00fai \u0111\u00f4ng l\u1ea1nh t\u1ebf b\u00e0o\/ m\u00e1u \u1edf c\u00e1c th\u1ec3 t\u00edch kh\u00e1c nhau.","robots":{"index":"index","follow":"follow","max-snippet":"max-snippet:-1","max-image-preview":"max-image-preview:large","max-video-preview":"max-video-preview:-1"},"canonical":"https:\/\/biogroupvietnam.com\/vi\/san-pham\/binh-mve-heco-1500\/","og_locale":"vi_VN","og_type":"article","og_title":"B\u00ecnh L\u01b0u Tr\u1eef M\u1eabu MVE HEco\u2122 1500","og_description":"D\u00f2ng b\u00ecnh MVE HEco\u2122 1500 ti\u1ebft ki\u1ec7m nit\u01a1 l\u1ecfng, \u0111\u01b0\u1ee3c d\u00f9ng \u0111\u1ec3 l\u01b0u tr\u1eef m\u1eabu sinh h\u1ecdc trong pha h\u01a1i nit\u01a1 l\u1ecfng \u1edf nhi\u1ec7t \u0111\u1ed9 -190\u00b0C, c\u00f3 kh\u1ea3 n\u0103ng l\u01b0u tr\u1eef \u1ed1ng vial ho\u1eb7c t\u00fai \u0111\u00f4ng l\u1ea1nh t\u1ebf b\u00e0o\/ m\u00e1u \u1edf c\u00e1c th\u1ec3 t\u00edch kh\u00e1c nhau.","og_url":"https:\/\/biogroupvietnam.com\/vi\/san-pham\/binh-mve-heco-1500\/","og_site_name":"Biogroup Vietnam","article_modified_time":"2026-01-12T09:53:23+00:00","og_image":[{"width":1640,"height":1260,"url":"https:\/\/biogroupvietnam.com\/wp-content\/uploads\/2025\/08\/MVE-HEco\u2122-1500-Series.jpg","type":"image\/jpeg"}],"twitter_card":"summary_large_image","twitter_misc":{"\u01af\u1edbc t\u00ednh th\u1eddi gian \u0111\u1ecdc":"5 ph\u00fat"},"schema":{"@context":"https:\/\/schema.org","@graph":[{"@type":"WebPage","@id":"https:\/\/biogroupvietnam.com\/vi\/san-pham\/binh-mve-heco-1500\/","url":"https:\/\/biogroupvietnam.com\/vi\/san-pham\/binh-mve-heco-1500\/","name":"B\u00ecnh L\u01b0u Tr\u1eef M\u1eabu MVE HEco\u2122 1500","isPartOf":{"@id":"https:\/\/biogroupvietnam.com\/vi\/#website"},"primaryImageOfPage":{"@id":"https:\/\/biogroupvietnam.com\/vi\/san-pham\/binh-mve-heco-1500\/#primaryimage"},"image":{"@id":"https:\/\/biogroupvietnam.com\/vi\/san-pham\/binh-mve-heco-1500\/#primaryimage"},"thumbnailUrl":"https:\/\/biogroupvietnam.com\/wp-content\/uploads\/2025\/08\/MVE-HEco\u2122-1500-Series.jpg","datePublished":"2025-08-18T12:52:46+00:00","dateModified":"2026-01-12T09:53:23+00:00","description":"D\u00f2ng b\u00ecnh MVE HEco\u2122 1500 ti\u1ebft ki\u1ec7m nit\u01a1 l\u1ecfng, \u0111\u01b0\u1ee3c d\u00f9ng \u0111\u1ec3 l\u01b0u tr\u1eef m\u1eabu sinh h\u1ecdc trong pha h\u01a1i nit\u01a1 l\u1ecfng \u1edf nhi\u1ec7t \u0111\u1ed9 -190\u00b0C, c\u00f3 kh\u1ea3 n\u0103ng l\u01b0u tr\u1eef \u1ed1ng vial ho\u1eb7c t\u00fai \u0111\u00f4ng l\u1ea1nh t\u1ebf b\u00e0o\/ m\u00e1u \u1edf c\u00e1c th\u1ec3 t\u00edch kh\u00e1c nhau.","breadcrumb":{"@id":"https:\/\/biogroupvietnam.com\/vi\/san-pham\/binh-mve-heco-1500\/#breadcrumb"},"inLanguage":"vi","potentialAction":[{"@type":"ReadAction","target":["https:\/\/biogroupvietnam.com\/vi\/san-pham\/binh-mve-heco-1500\/"]}]},{"@type":"ImageObject","inLanguage":"vi","@id":"https:\/\/biogroupvietnam.com\/vi\/san-pham\/binh-mve-heco-1500\/#primaryimage","url":"https:\/\/biogroupvietnam.com\/wp-content\/uploads\/2025\/08\/MVE-HEco\u2122-1500-Series.jpg","contentUrl":"https:\/\/biogroupvietnam.com\/wp-content\/uploads\/2025\/08\/MVE-HEco\u2122-1500-Series.jpg","width":1640,"height":1260},{"@type":"BreadcrumbList","@id":"https:\/\/biogroupvietnam.com\/vi\/san-pham\/binh-mve-heco-1500\/#breadcrumb","itemListElement":[{"@type":"ListItem","position":1,"name":"Trang ch\u1ee7","item":"https:\/\/biogroupvietnam.com\/vi\/"},{"@type":"ListItem","position":2,"name":"S\u1ea3n ph\u1ea9m","item":"https:\/\/biogroupvietnam.com\/vi\/san-pham\/"},{"@type":"ListItem","position":3,"name":"B\u1ea3o Qu\u1ea3n L\u1ea1nh T\u1ebf B\u00e0o","item":"https:\/\/biogroupvietnam.com\/vi\/danh-muc-san-pham\/bao-quan-lanh-te-bao\/"},{"@type":"ListItem","position":4,"name":"B\u00ecnh Inox Tr\u1eef M\u1eabu Trong Nit\u01a1 L\u1ecfng","item":"https:\/\/biogroupvietnam.com\/vi\/danh-muc-san-pham\/binh-inox-tru-mau-trong-nito-long\/"},{"@type":"ListItem","position":5,"name":"B\u00ecnh L\u01b0u Tr\u1eef M\u1eabu MVE HEco\u2122 1500"}]},{"@type":"WebSite","@id":"https:\/\/biogroupvietnam.com\/vi\/#website","url":"https:\/\/biogroupvietnam.com\/vi\/","name":"Biogroup Vietnam","description":"Biogroup Vietnam cung c\u1ea5p d\u1ecbch v\u1ee5 k\u1ef9 thu\u1eadt c\u00f9ng thi\u1ebft b\u1ecb, v\u1eadt t\u01b0, h\u00f3a ch\u1ea5t v\u00e0 gi\u1ea3i ph\u00e1p sinh h\u1ecdc cho ph\u00f2ng th\u00ed nghi\u1ec7m c\u00f4ng ngh\u1ec7 sinh h\u1ecdc, y sinh v\u00e0 y h\u1ecdc t\u00e1i t\u1ea1o.","potentialAction":[{"@type":"SearchAction","target":{"@type":"EntryPoint","urlTemplate":"https:\/\/biogroupvietnam.com\/vi\/?s={search_term_string}"},"query-input":{"@type":"PropertyValueSpecification","valueRequired":true,"valueName":"search_term_string"}}],"inLanguage":"vi"}]}},"_links":{"self":[{"href":"https:\/\/biogroupvietnam.com\/vi\/wp-json\/wp\/v2\/product\/3734","targetHints":{"allow":["GET"]}}],"collection":[{"href":"https:\/\/biogroupvietnam.com\/vi\/wp-json\/wp\/v2\/product"}],"about":[{"href":"https:\/\/biogroupvietnam.com\/vi\/wp-json\/wp\/v2\/types\/product"}],"replies":[{"embeddable":true,"href":"https:\/\/biogroupvietnam.com\/vi\/wp-json\/wp\/v2\/comments?post=3734"}],"version-history":[{"count":4,"href":"https:\/\/biogroupvietnam.com\/vi\/wp-json\/wp\/v2\/product\/3734\/revisions"}],"predecessor-version":[{"id":9519,"href":"https:\/\/biogroupvietnam.com\/vi\/wp-json\/wp\/v2\/product\/3734\/revisions\/9519"}],"wp:featuredmedia":[{"embeddable":true,"href":"https:\/\/biogroupvietnam.com\/vi\/wp-json\/wp\/v2\/media\/9062"}],"wp:attachment":[{"href":"https:\/\/biogroupvietnam.com\/vi\/wp-json\/wp\/v2\/media?parent=3734"}],"wp:term":[{"taxonomy":"product_brand","embeddable":true,"href":"https:\/\/biogroupvietnam.com\/vi\/wp-json\/wp\/v2\/product_brand?post=3734"},{"taxonomy":"product_cat","embeddable":true,"href":"https:\/\/biogroupvietnam.com\/vi\/wp-json\/wp\/v2\/product_cat?post=3734"},{"taxonomy":"product_tag","embeddable":true,"href":"https:\/\/biogroupvietnam.com\/vi\/wp-json\/wp\/v2\/product_tag?post=3734"}],"curies":[{"name":"wp","href":"https:\/\/api.w.org\/{rel}","templated":true}]}}