{"id":3736,"date":"2025-08-18T19:52:47","date_gmt":"2025-08-18T12:52:47","guid":{"rendered":"http:\/\/biogroupvietnam-worldpress.local\/product\/import-placeholder-for-86\/"},"modified":"2026-04-06T13:13:48","modified_gmt":"2026-04-06T06:13:48","slug":"moi-truong-methocult-express","status":"publish","type":"product","link":"https:\/\/biogroupvietnam.com\/vi\/san-pham\/moi-truong-methocult-express\/","title":{"rendered":"M\u00f4i Tr\u01b0\u1eddng MethoCult\u2122 Express"},"content":{"rendered":"<h2 style=\"text-align: justify;\"><strong>MethoCult\u2122 Express \u0111\u01b0\u1ee3c s\u1eed d\u1ee5ng trong c\u00e1c x\u00e9t nghi\u1ec7m nu\u00f4i c\u1ea5y c\u1ee5m t\u1ebf b\u00e0o (CFU) t\u1eeb c\u00e1c m\u1eabu m\u00e1u cu\u1ed1ng r\u1ed1n ng\u01b0\u1eddi (Human cord blood), sau th\u1eddi gian nu\u00f4i c\u1ea5y t\u1ed1i thi\u1ec3u l\u00e0 7 ng\u00e0y.<\/strong><\/h2>\n<p style=\"text-align: justify;\">N\u00f3 \u0111\u01b0\u1ee3c khuy\u1ebfn ngh\u1ecb s\u1eed d\u1ee5ng v\u1edbi c\u00e1c m\u1eabu CB \u0111\u00e3 suy gi\u1ea3m h\u1ed3ng c\u1ea7u, c\u00e1c m\u1eabu CB \u0111\u00e3 \u0111\u01b0\u1ee3c b\u1ea3o qu\u1ea3n l\u1ea1nh v\u00e0 r\u00e3 \u0111\u00f4ng, v\u00e0 c\u00e1c t\u1ebf b\u00e0o \u0111\u01a1n nh\u00e2n CB. MethoCult \u2122 Express \u0111\u01b0\u1ee3c t\u1ed1i \u01b0u h\u00f3a \u0111\u1ec3 t\u0103ng tr\u01b0\u1edfng v\u00e0 \u0111\u1ecbnh l\u01b0\u1ee3ng s\u1ed1 l\u01b0\u1ee3ng t\u1ebf b\u00e0o ti\u1ec1n th\u00e2n t\u1ea1o m\u00e1u ng\u01b0\u1eddi sau th\u1eddi gian ng\u1eafn h\u01a1n nhi\u1ec1u so v\u1edbi 14-16 ng\u00e0y c\u1ee7a c\u00e1c x\u00e9t nghi\u1ec7m CFU ti\u00eau chu\u1ea9n. Trong MethoCult \u2122 Express, c\u00e1c c\u1ee5m t\u1ebf b\u00e0o ch\u1ee9a \u00edt nh\u1ea5t 20 t\u1ebf b\u00e0o c\u00f3 th\u1ec3 \u0111\u01b0\u1ee3c \u0111\u1ebfm s\u1edbm nh\u1ea5t l\u00e0 sau 7 ng\u00e0y nu\u00f4i c\u1ea5y. T\u1ea1i th\u1eddi \u0111i\u1ec3m n\u00e0y, h\u1ea7u h\u1ebft c\u00e1c c\u1ee5m t\u1ebf b\u00e0o ch\u01b0a tr\u01b0\u1edfng th\u00e0nh v\u00e0 ch\u01b0a bi\u1ec7t h\u00f3a th\u00e0nh c\u00e1c lo\u1ea1i c\u1ee5m t\u1ebf b\u00e0o c\u00f3 th\u1ec3 ph\u00e2n bi\u1ec7t \u0111\u01b0\u1ee3c v\u1ec1 m\u1eb7t h\u00ecnh th\u00e1i. Do \u0111\u00f3, c\u00e1c c\u1ee5m t\u1ebf b\u00e0o \u0111\u1ebfm \u0111\u01b0\u1ee3c sau 7 ng\u00e0y nu\u00f4i c\u1ea5y cung c\u1ea5p th\u00f4ng tin v\u1ec1 t\u1ed5ng t\u1ea7n s\u1ed1 c\u1ee7a c\u00e1c t\u1ebf b\u00e0o ti\u1ec1n th\u00e2n t\u1ea1o m\u00e1u hi\u1ec7n di\u1ec7n trong m\u1eabu m\u00e0 kh\u00f4ng c\u00f3 s\u1ef1 ph\u00e2n bi\u1ec7t gi\u1eefa c\u00e1c lo\u1ea1i t\u1ebf b\u00e0o ti\u1ec1n th\u00e2n kh\u00e1c nhau. N\u1ebfu nu\u00f4i c\u1ea5y MethoCult \u2122 Express \u0111\u01b0\u1ee3c duy tr\u00ec trong 14 &#8211; 16 ng\u00e0y, ch\u00fang s\u1ebd \u0111\u01b0\u1ee3c bi\u1ec7t h\u00f3a th\u00e0nh c\u00e1c t\u1ebf b\u00e0o c\u00f3 ngu\u1ed3n g\u1ed1c t\u1eeb t\u1ebf b\u00e0o ti\u1ec1n th\u00e2n h\u1ed3ng c\u1ea7u (BFU-E), t\u1ebf b\u00e0o ti\u1ec1n th\u00e2n b\u1ea1ch c\u1ea7u h\u1ea1t-\u0111\u1ea1i th\u1ef1c b\u00e0o (CFU-GM, CFU-G, CFU-M) v\u00e0 megakaryocyte (CFU-GEMM).<\/p>\n<h3><strong>Th\u00e0nh ph\u1ea7n bao g\u1ed3m:<\/strong><\/h3>\n<ul>\n<li>Methylcellulose in Iscove&#8217;s MDM<\/li>\n<li>Fetal bovine serum<\/li>\n<li>Bovine serum albumin<\/li>\n<li>Cytokines, including erythropoietin (EPO)<\/li>\n<li>Supplements<\/li>\n<\/ul>\n<p>Tham kh\u1ea3o th\u00eam b\u00e0i vi\u1ebft <a href=\"https:\/\/biogroupvietnam.com\/vi\/services\/cac-cau-hoi-thuong-gap-ve-viec-thuc-hien-nuoi-cay-cum-te-bao-cfu-assay.html\">&#8220;C\u00e1c c\u00e2u h\u1ecfi th\u01b0\u1eddng g\u1eb7p v\u1ec1 vi\u1ec7c th\u1ef1c hi\u1ec7n nu\u00f4i c\u1ea5y c\u1ee5m t\u1ebf b\u00e0o (CFU Assay)&#8221;<\/a><\/p>\n","protected":false},"excerpt":{"rendered":"<p>MethoCult\u2122 Express \u0111\u01b0\u1ee3c s\u1eed d\u1ee5ng trong c\u00e1c x\u00e9t nghi\u1ec7m nu\u00f4i c\u1ea5y c\u1ee5m t\u1ebf b\u00e0o (CFU) t\u1eeb c\u00e1c m\u1eabu m\u00e1u cu\u1ed1ng r\u1ed1n ng\u01b0\u1eddi (Human cord blood), sau th\u1eddi gian nu\u00f4i c\u1ea5y t\u1ed1i thi\u1ec3u l\u00e0 7 ng\u00e0y. N\u00f3 \u0111\u01b0\u1ee3c khuy\u1ebfn ngh\u1ecb s\u1eed d\u1ee5ng v\u1edbi c\u00e1c m\u1eabu CB \u0111\u00e3 suy gi\u1ea3m h\u1ed3ng c\u1ea7u, c\u00e1c m\u1eabu CB \u0111\u00e3 \u0111\u01b0\u1ee3c<\/p>\n<div class=\"klb-readmore post-buttons\"><a class=\"button rounded primary\" href=\"https:\/\/biogroupvietnam.com\/vi\/san-pham\/moi-truong-methocult-express\/\">Read More <i class=\"klbth-icon-right-arrow\"><\/i><\/a><\/div>\n","protected":false},"featured_media":10222,"comment_status":"closed","ping_status":"closed","template":"","meta":{"_acf_changed":false},"product_brand":[127],"product_cat":[105],"product_tag":[],"class_list":{"0":"post-3736","1":"product","2":"type-product","3":"status-publish","4":"has-post-thumbnail","6":"product_brand-stemcell-technologies","7":"product_cat-thu-nghiem-cfu","9":"first","10":"outofstock","11":"shipping-taxable","12":"product-type-simple"},"acf":[],"yoast_head":"<!-- This site is optimized with the Yoast SEO plugin v26.8 - https:\/\/yoast.com\/product\/yoast-seo-wordpress\/ -->\n<title>M\u00f4i Tr\u01b0\u1eddng MethoCult\u2122 Express<\/title>\n<meta name=\"description\" content=\"MethoCult\u2122 Express \u0111\u01b0\u1ee3c s\u1eed d\u1ee5ng trong c\u00e1c x\u00e9t nghi\u1ec7m nu\u00f4i c\u1ea5y c\u1ee5m t\u1ebf b\u00e0o (CFU) t\u1eeb c\u00e1c m\u1eabu m\u00e1u cu\u1ed1ng r\u1ed1n ng\u01b0\u1eddi (Human cord blood), sau th\u1eddi gian nu\u00f4i c\u1ea5y t\u1ed1i thi\u1ec3u l\u00e0 7 ng\u00e0y.\" \/>\n<meta name=\"robots\" content=\"index, follow, max-snippet:-1, max-image-preview:large, max-video-preview:-1\" \/>\n<link rel=\"canonical\" href=\"https:\/\/biogroupvietnam.com\/vi\/san-pham\/moi-truong-methocult-express\/\" \/>\n<meta property=\"og:locale\" content=\"vi_VN\" \/>\n<meta property=\"og:type\" content=\"article\" \/>\n<meta property=\"og:title\" content=\"M\u00f4i Tr\u01b0\u1eddng MethoCult\u2122 Express\" \/>\n<meta property=\"og:description\" content=\"MethoCult\u2122 Express \u0111\u01b0\u1ee3c s\u1eed d\u1ee5ng trong c\u00e1c x\u00e9t nghi\u1ec7m nu\u00f4i c\u1ea5y c\u1ee5m t\u1ebf b\u00e0o (CFU) t\u1eeb c\u00e1c m\u1eabu m\u00e1u cu\u1ed1ng r\u1ed1n ng\u01b0\u1eddi (Human cord blood), sau th\u1eddi gian nu\u00f4i c\u1ea5y t\u1ed1i thi\u1ec3u l\u00e0 7 ng\u00e0y.\" \/>\n<meta property=\"og:url\" content=\"https:\/\/biogroupvietnam.com\/vi\/san-pham\/moi-truong-methocult-express\/\" \/>\n<meta property=\"og:site_name\" content=\"Biogroup Vietnam\" \/>\n<meta property=\"article:modified_time\" content=\"2026-04-06T06:13:48+00:00\" \/>\n<meta property=\"og:image\" content=\"https:\/\/biogroupvietnam.com\/wp-content\/uploads\/2025\/08\/moi-truong-methocult-express.jpg\" \/>\n\t<meta property=\"og:image:width\" content=\"1640\" \/>\n\t<meta property=\"og:image:height\" content=\"1260\" \/>\n\t<meta property=\"og:image:type\" content=\"image\/jpeg\" \/>\n<meta name=\"twitter:card\" content=\"summary_large_image\" \/>\n<meta name=\"twitter:label1\" content=\"\u01af\u1edbc t\u00ednh th\u1eddi gian \u0111\u1ecdc\" \/>\n\t<meta name=\"twitter:data1\" content=\"2 ph\u00fat\" \/>\n<script type=\"application\/ld+json\" class=\"yoast-schema-graph\">{\"@context\":\"https:\/\/schema.org\",\"@graph\":[{\"@type\":\"WebPage\",\"@id\":\"https:\/\/biogroupvietnam.com\/vi\/san-pham\/moi-truong-methocult-express\/\",\"url\":\"https:\/\/biogroupvietnam.com\/vi\/san-pham\/moi-truong-methocult-express\/\",\"name\":\"M\u00f4i Tr\u01b0\u1eddng MethoCult\u2122 Express\",\"isPartOf\":{\"@id\":\"https:\/\/biogroupvietnam.com\/vi\/#website\"},\"primaryImageOfPage\":{\"@id\":\"https:\/\/biogroupvietnam.com\/vi\/san-pham\/moi-truong-methocult-express\/#primaryimage\"},\"image\":{\"@id\":\"https:\/\/biogroupvietnam.com\/vi\/san-pham\/moi-truong-methocult-express\/#primaryimage\"},\"thumbnailUrl\":\"https:\/\/biogroupvietnam.com\/wp-content\/uploads\/2025\/08\/moi-truong-methocult-express.jpg\",\"datePublished\":\"2025-08-18T12:52:47+00:00\",\"dateModified\":\"2026-04-06T06:13:48+00:00\",\"description\":\"MethoCult\u2122 Express \u0111\u01b0\u1ee3c s\u1eed d\u1ee5ng trong c\u00e1c x\u00e9t nghi\u1ec7m nu\u00f4i c\u1ea5y c\u1ee5m t\u1ebf b\u00e0o (CFU) t\u1eeb c\u00e1c m\u1eabu m\u00e1u cu\u1ed1ng r\u1ed1n ng\u01b0\u1eddi (Human cord blood), sau th\u1eddi gian nu\u00f4i c\u1ea5y t\u1ed1i thi\u1ec3u l\u00e0 7 ng\u00e0y.\",\"breadcrumb\":{\"@id\":\"https:\/\/biogroupvietnam.com\/vi\/san-pham\/moi-truong-methocult-express\/#breadcrumb\"},\"inLanguage\":\"vi\",\"potentialAction\":[{\"@type\":\"ReadAction\",\"target\":[\"https:\/\/biogroupvietnam.com\/vi\/san-pham\/moi-truong-methocult-express\/\"]}]},{\"@type\":\"ImageObject\",\"inLanguage\":\"vi\",\"@id\":\"https:\/\/biogroupvietnam.com\/vi\/san-pham\/moi-truong-methocult-express\/#primaryimage\",\"url\":\"https:\/\/biogroupvietnam.com\/wp-content\/uploads\/2025\/08\/moi-truong-methocult-express.jpg\",\"contentUrl\":\"https:\/\/biogroupvietnam.com\/wp-content\/uploads\/2025\/08\/moi-truong-methocult-express.jpg\",\"width\":1640,\"height\":1260,\"caption\":\"M\u00f4i Tr\u01b0\u1eddng MethoCult\u2122 Express\"},{\"@type\":\"BreadcrumbList\",\"@id\":\"https:\/\/biogroupvietnam.com\/vi\/san-pham\/moi-truong-methocult-express\/#breadcrumb\",\"itemListElement\":[{\"@type\":\"ListItem\",\"position\":1,\"name\":\"Trang ch\u1ee7\",\"item\":\"https:\/\/biogroupvietnam.com\/vi\/\"},{\"@type\":\"ListItem\",\"position\":2,\"name\":\"S\u1ea3n ph\u1ea9m\",\"item\":\"https:\/\/biogroupvietnam.com\/vi\/san-pham\/\"},{\"@type\":\"ListItem\",\"position\":3,\"name\":\"X\u00e9t Nghi\u1ec7m Sinh H\u1ecdc\",\"item\":\"https:\/\/biogroupvietnam.com\/vi\/danh-muc-san-pham\/xet-nghiem-sinh-hoc\/\"},{\"@type\":\"ListItem\",\"position\":4,\"name\":\"Th\u1eed Nghi\u1ec7m CFU\",\"item\":\"https:\/\/biogroupvietnam.com\/vi\/danh-muc-san-pham\/thu-nghiem-cfu\/\"},{\"@type\":\"ListItem\",\"position\":5,\"name\":\"M\u00f4i Tr\u01b0\u1eddng MethoCult\u2122 Express\"}]},{\"@type\":\"WebSite\",\"@id\":\"https:\/\/biogroupvietnam.com\/vi\/#website\",\"url\":\"https:\/\/biogroupvietnam.com\/vi\/\",\"name\":\"Biogroup Vietnam\",\"description\":\"Biogroup Vietnam cung c\u1ea5p d\u1ecbch v\u1ee5 k\u1ef9 thu\u1eadt c\u00f9ng thi\u1ebft b\u1ecb, v\u1eadt t\u01b0, h\u00f3a ch\u1ea5t v\u00e0 gi\u1ea3i ph\u00e1p sinh h\u1ecdc cho ph\u00f2ng th\u00ed nghi\u1ec7m c\u00f4ng ngh\u1ec7 sinh h\u1ecdc, y sinh v\u00e0 y h\u1ecdc t\u00e1i t\u1ea1o.\",\"potentialAction\":[{\"@type\":\"SearchAction\",\"target\":{\"@type\":\"EntryPoint\",\"urlTemplate\":\"https:\/\/biogroupvietnam.com\/vi\/?s={search_term_string}\"},\"query-input\":{\"@type\":\"PropertyValueSpecification\",\"valueRequired\":true,\"valueName\":\"search_term_string\"}}],\"inLanguage\":\"vi\"}]}<\/script>\n<!-- \/ Yoast SEO plugin. -->","yoast_head_json":{"title":"M\u00f4i Tr\u01b0\u1eddng MethoCult\u2122 Express","description":"MethoCult\u2122 Express \u0111\u01b0\u1ee3c s\u1eed d\u1ee5ng trong c\u00e1c x\u00e9t nghi\u1ec7m nu\u00f4i c\u1ea5y c\u1ee5m t\u1ebf b\u00e0o (CFU) t\u1eeb c\u00e1c m\u1eabu m\u00e1u cu\u1ed1ng r\u1ed1n ng\u01b0\u1eddi (Human cord blood), sau th\u1eddi gian nu\u00f4i c\u1ea5y t\u1ed1i thi\u1ec3u l\u00e0 7 ng\u00e0y.","robots":{"index":"index","follow":"follow","max-snippet":"max-snippet:-1","max-image-preview":"max-image-preview:large","max-video-preview":"max-video-preview:-1"},"canonical":"https:\/\/biogroupvietnam.com\/vi\/san-pham\/moi-truong-methocult-express\/","og_locale":"vi_VN","og_type":"article","og_title":"M\u00f4i Tr\u01b0\u1eddng MethoCult\u2122 Express","og_description":"MethoCult\u2122 Express \u0111\u01b0\u1ee3c s\u1eed d\u1ee5ng trong c\u00e1c x\u00e9t nghi\u1ec7m nu\u00f4i c\u1ea5y c\u1ee5m t\u1ebf b\u00e0o (CFU) t\u1eeb c\u00e1c m\u1eabu m\u00e1u cu\u1ed1ng r\u1ed1n ng\u01b0\u1eddi (Human cord blood), sau th\u1eddi gian nu\u00f4i c\u1ea5y t\u1ed1i thi\u1ec3u l\u00e0 7 ng\u00e0y.","og_url":"https:\/\/biogroupvietnam.com\/vi\/san-pham\/moi-truong-methocult-express\/","og_site_name":"Biogroup Vietnam","article_modified_time":"2026-04-06T06:13:48+00:00","og_image":[{"width":1640,"height":1260,"url":"https:\/\/biogroupvietnam.com\/wp-content\/uploads\/2025\/08\/moi-truong-methocult-express.jpg","type":"image\/jpeg"}],"twitter_card":"summary_large_image","twitter_misc":{"\u01af\u1edbc t\u00ednh th\u1eddi gian \u0111\u1ecdc":"2 ph\u00fat"},"schema":{"@context":"https:\/\/schema.org","@graph":[{"@type":"WebPage","@id":"https:\/\/biogroupvietnam.com\/vi\/san-pham\/moi-truong-methocult-express\/","url":"https:\/\/biogroupvietnam.com\/vi\/san-pham\/moi-truong-methocult-express\/","name":"M\u00f4i Tr\u01b0\u1eddng MethoCult\u2122 Express","isPartOf":{"@id":"https:\/\/biogroupvietnam.com\/vi\/#website"},"primaryImageOfPage":{"@id":"https:\/\/biogroupvietnam.com\/vi\/san-pham\/moi-truong-methocult-express\/#primaryimage"},"image":{"@id":"https:\/\/biogroupvietnam.com\/vi\/san-pham\/moi-truong-methocult-express\/#primaryimage"},"thumbnailUrl":"https:\/\/biogroupvietnam.com\/wp-content\/uploads\/2025\/08\/moi-truong-methocult-express.jpg","datePublished":"2025-08-18T12:52:47+00:00","dateModified":"2026-04-06T06:13:48+00:00","description":"MethoCult\u2122 Express \u0111\u01b0\u1ee3c s\u1eed d\u1ee5ng trong c\u00e1c x\u00e9t nghi\u1ec7m nu\u00f4i c\u1ea5y c\u1ee5m t\u1ebf b\u00e0o (CFU) t\u1eeb c\u00e1c m\u1eabu m\u00e1u cu\u1ed1ng r\u1ed1n ng\u01b0\u1eddi (Human cord blood), sau th\u1eddi gian nu\u00f4i c\u1ea5y t\u1ed1i thi\u1ec3u l\u00e0 7 ng\u00e0y.","breadcrumb":{"@id":"https:\/\/biogroupvietnam.com\/vi\/san-pham\/moi-truong-methocult-express\/#breadcrumb"},"inLanguage":"vi","potentialAction":[{"@type":"ReadAction","target":["https:\/\/biogroupvietnam.com\/vi\/san-pham\/moi-truong-methocult-express\/"]}]},{"@type":"ImageObject","inLanguage":"vi","@id":"https:\/\/biogroupvietnam.com\/vi\/san-pham\/moi-truong-methocult-express\/#primaryimage","url":"https:\/\/biogroupvietnam.com\/wp-content\/uploads\/2025\/08\/moi-truong-methocult-express.jpg","contentUrl":"https:\/\/biogroupvietnam.com\/wp-content\/uploads\/2025\/08\/moi-truong-methocult-express.jpg","width":1640,"height":1260,"caption":"M\u00f4i Tr\u01b0\u1eddng MethoCult\u2122 Express"},{"@type":"BreadcrumbList","@id":"https:\/\/biogroupvietnam.com\/vi\/san-pham\/moi-truong-methocult-express\/#breadcrumb","itemListElement":[{"@type":"ListItem","position":1,"name":"Trang ch\u1ee7","item":"https:\/\/biogroupvietnam.com\/vi\/"},{"@type":"ListItem","position":2,"name":"S\u1ea3n ph\u1ea9m","item":"https:\/\/biogroupvietnam.com\/vi\/san-pham\/"},{"@type":"ListItem","position":3,"name":"X\u00e9t Nghi\u1ec7m Sinh H\u1ecdc","item":"https:\/\/biogroupvietnam.com\/vi\/danh-muc-san-pham\/xet-nghiem-sinh-hoc\/"},{"@type":"ListItem","position":4,"name":"Th\u1eed Nghi\u1ec7m CFU","item":"https:\/\/biogroupvietnam.com\/vi\/danh-muc-san-pham\/thu-nghiem-cfu\/"},{"@type":"ListItem","position":5,"name":"M\u00f4i Tr\u01b0\u1eddng MethoCult\u2122 Express"}]},{"@type":"WebSite","@id":"https:\/\/biogroupvietnam.com\/vi\/#website","url":"https:\/\/biogroupvietnam.com\/vi\/","name":"Biogroup Vietnam","description":"Biogroup Vietnam cung c\u1ea5p d\u1ecbch v\u1ee5 k\u1ef9 thu\u1eadt c\u00f9ng thi\u1ebft b\u1ecb, v\u1eadt t\u01b0, h\u00f3a ch\u1ea5t v\u00e0 gi\u1ea3i ph\u00e1p sinh h\u1ecdc cho ph\u00f2ng th\u00ed nghi\u1ec7m c\u00f4ng ngh\u1ec7 sinh h\u1ecdc, y sinh v\u00e0 y h\u1ecdc t\u00e1i t\u1ea1o.","potentialAction":[{"@type":"SearchAction","target":{"@type":"EntryPoint","urlTemplate":"https:\/\/biogroupvietnam.com\/vi\/?s={search_term_string}"},"query-input":{"@type":"PropertyValueSpecification","valueRequired":true,"valueName":"search_term_string"}}],"inLanguage":"vi"}]}},"_links":{"self":[{"href":"https:\/\/biogroupvietnam.com\/vi\/wp-json\/wp\/v2\/product\/3736","targetHints":{"allow":["GET"]}}],"collection":[{"href":"https:\/\/biogroupvietnam.com\/vi\/wp-json\/wp\/v2\/product"}],"about":[{"href":"https:\/\/biogroupvietnam.com\/vi\/wp-json\/wp\/v2\/types\/product"}],"replies":[{"embeddable":true,"href":"https:\/\/biogroupvietnam.com\/vi\/wp-json\/wp\/v2\/comments?post=3736"}],"version-history":[{"count":3,"href":"https:\/\/biogroupvietnam.com\/vi\/wp-json\/wp\/v2\/product\/3736\/revisions"}],"predecessor-version":[{"id":10223,"href":"https:\/\/biogroupvietnam.com\/vi\/wp-json\/wp\/v2\/product\/3736\/revisions\/10223"}],"wp:featuredmedia":[{"embeddable":true,"href":"https:\/\/biogroupvietnam.com\/vi\/wp-json\/wp\/v2\/media\/10222"}],"wp:attachment":[{"href":"https:\/\/biogroupvietnam.com\/vi\/wp-json\/wp\/v2\/media?parent=3736"}],"wp:term":[{"taxonomy":"product_brand","embeddable":true,"href":"https:\/\/biogroupvietnam.com\/vi\/wp-json\/wp\/v2\/product_brand?post=3736"},{"taxonomy":"product_cat","embeddable":true,"href":"https:\/\/biogroupvietnam.com\/vi\/wp-json\/wp\/v2\/product_cat?post=3736"},{"taxonomy":"product_tag","embeddable":true,"href":"https:\/\/biogroupvietnam.com\/vi\/wp-json\/wp\/v2\/product_tag?post=3736"}],"curies":[{"name":"wp","href":"https:\/\/api.w.org\/{rel}","templated":true}]}}