{"id":3737,"date":"2025-08-18T19:52:47","date_gmt":"2025-08-18T12:52:47","guid":{"rendered":"http:\/\/biogroupvietnam-worldpress.local\/product\/import-placeholder-for-87\/"},"modified":"2026-04-06T13:09:53","modified_gmt":"2026-04-06T06:09:53","slug":"stemvision","status":"publish","type":"product","link":"https:\/\/biogroupvietnam.com\/vi\/san-pham\/stemvision\/","title":{"rendered":"STEMvision\u2122 \u2013 Gi\u1ea3i ph\u00e1p t\u1ef1 \u0111\u1ed9ng h\u00f3a v\u00e0 chu\u1ea9n h\u00f3a CFU Assay"},"content":{"rendered":"<h3><strong>STEMvision\u2122 &#8211; Gi\u1ea3i ph\u00e1p t\u1ef1 \u0111\u1ed9ng h\u00f3a v\u00e0 chu\u1ea9n h\u00f3a CFU Assay cho ng\u00e2n h\u00e0ng m\u00e1u cu\u1ed1ng r\u1ed1n<\/strong><\/h3>\n<h4><strong>Gi\u1edbi thi\u1ec7u t\u1ed5ng quan h\u1ec7 th\u1ed1ng STEMvision\u2122<\/strong><\/h4>\n<p><strong>STEMvision\u2122<\/strong> l\u00e0 h\u1ec7 th\u1ed1ng <strong>t\u1ef1 \u0111\u1ed9ng ch\u1ee5p \u1ea3nh v\u00e0 \u0111\u1ebfm khu\u1ea9n l\u1ea1c (colony)<\/strong> \u0111\u01b0\u1ee3c ph\u00e1t tri\u1ec3n b\u1edfi <strong>STEMCELL Technologies (Canada)<\/strong> \u2013 nh\u00e0 s\u1ea3n xu\u1ea5t h\u00e0ng \u0111\u1ea7u th\u1ebf gi\u1edbi trong l\u0129nh v\u1ef1c nu\u00f4i c\u1ea5y v\u00e0 ph\u00e2n t\u00edch t\u1ebf b\u00e0o g\u1ed1c.<br \/>\nT\u1ea1i Vi\u1ec7t Nam, <strong>Biogroup Vietnam<\/strong> l\u00e0 <strong>nh\u00e0 ph\u00e2n ph\u1ed1i ch\u00ednh th\u1ee9c<\/strong> c\u1ee7a d\u00f2ng s\u1ea3n ph\u1ea9m <strong>STEMvision\u2122<\/strong>, mang \u0111\u1ebfn gi\u1ea3i ph\u00e1p <strong>chu\u1ea9n h\u00f3a, kh\u00e1ch quan v\u00e0 nhanh ch\u00f3ng<\/strong> trong \u0111\u00e1nh gi\u00e1 <strong>n\u0103ng l\u1ef1c t\u1ea1o khu\u1ea9n l\u1ea1c (CFU \u2013 Colony Forming Unit)<\/strong> c\u1ee7a t\u1ebf b\u00e0o g\u1ed1c m\u00e1u cu\u1ed1ng r\u1ed1n.<\/p>\n<h4><strong>CFU Assay &#8211; Chu\u1ea9n v\u00e0ng trong \u0111\u00e1nh gi\u00e1 t\u1ebf b\u00e0o g\u1ed1c<\/strong><\/h4>\n<p>Ph\u00e9p th\u1eed <strong>Colony-Forming Unit (CFU)<\/strong> l\u00e0 ti\u00eau chu\u1ea9n v\u00e0ng \u0111\u1ec3 x\u00e1c \u0111\u1ecbnh <strong>s\u1ed1 l\u01b0\u1ee3ng v\u00e0 kh\u1ea3 n\u0103ng bi\u1ec7t h\u00f3a c\u1ee7a t\u1ebf b\u00e0o g\u1ed1c \u2013 ti\u1ec1n th\u00e2n t\u1ea1o m\u00e1u (HSPCs)<\/strong>.<br \/>\n\u0110\u00e2y l\u00e0 ch\u1ec9 ti\u00eau quan tr\u1ecdng \u0111\u01b0\u1ee3c <strong>FDA, AABB, NetCord-FACT<\/strong> khuy\u1ebfn ngh\u1ecb th\u1ef1c hi\u1ec7n trong <strong>ki\u1ec3m so\u00e1t ch\u1ea5t l\u01b0\u1ee3ng (QC)<\/strong> c\u1ee7a c\u00e1c ng\u00e2n h\u00e0ng m\u00e1u cu\u1ed1ng r\u1ed1n v\u00e0 c\u01a1 s\u1edf s\u1ea3n xu\u1ea5t t\u1ebf b\u00e0o g\u1ed1c.<\/p>\n<p>C\u00e1c nghi\u00ean c\u1ee9u l\u00e2m s\u00e0ng \u0111\u00e3 ch\u1ee9ng minh r\u1eb1ng:<\/p>\n<p><strong>S\u1ed1 l\u01b0\u1ee3ng CFU trong \u0111\u01a1n v\u1ecb m\u00e1u cu\u1ed1ng r\u1ed1n c\u00f3 t\u01b0\u01a1ng quan m\u1ea1nh m\u1ebd v\u1edbi kh\u1ea3 n\u0103ng gh\u00e9p t\u1ebf b\u00e0o, th\u1eddi gian h\u1ed3i ph\u1ee5c b\u1ea1ch c\u1ea7u h\u1ea1t v\u00e0 ti\u1ec3u c\u1ea7u, c\u0169ng nh\u01b0 t\u1ef7 l\u1ec7 s\u1ed1ng s\u00f3t c\u1ee7a b\u1ec7nh nh\u00e2n sau gh\u00e9p.<\/strong><\/p>\n<h4><strong>STEMvision\u2122 \u2013 T\u1ef1 \u0111\u1ed9ng h\u00f3a &amp; chu\u1ea9n h\u00f3a ph\u00e9p th\u1eed CFU<\/strong><\/h4>\n<p><strong>STEMvision\u2122<\/strong> l\u00e0 h\u1ec7 th\u1ed1ng \u0111\u1ec3 b\u00e0n t\u00edch h\u1ee3p m\u00e1y ch\u1ee5p \u1ea3nh \u0111\u1ed9 ph\u00e2n gi\u1ea3i cao v\u00e0 ph\u1ea7n m\u1ec1m ph\u00e2n t\u00edch ti\u00ean ti\u1ebfn, cho ph\u00e9p:<\/p>\n<ul>\n<li><strong>T\u1ef1 \u0111\u1ed9ng nh\u1eadn di\u1ec7n, ph\u00e2n lo\u1ea1i v\u00e0 \u0111\u1ebfm khu\u1ea9n l\u1ea1c<\/strong> BFU-E, CFU-G\/M\/GM v\u00e0 CFU-GEMM ch\u1ec9 trong ~1 ph\u00fat m\u1ed7i gi\u1ebfng.<\/li>\n<li><strong>Hi\u1ec3n th\u1ecb h\u00ecnh \u1ea3nh m\u00e0u th\u1eadt<\/strong> gi\u00fap nh\u1eadn bi\u1ebft r\u00f5 c\u00e1c khu\u1ea9n l\u1ea1c ch\u1ee9a hemoglobin.<\/li>\n<li><strong>Gi\u1ea3m sai s\u1ed1 gi\u1eefa ng\u01b0\u1eddi \u0111\u1ebfm (inter\/intra-operator variability)<\/strong>, \u0111\u1ea3m b\u1ea3o k\u1ebft qu\u1ea3 <strong>\u0111\u1ed3ng nh\u1ea5t v\u00e0 c\u00f3 th\u1ec3 so s\u00e1nh gi\u1eefa c\u00e1c ph\u00f2ng th\u00ed nghi\u1ec7m<\/strong>.<\/li>\n<li><strong>L\u01b0u tr\u1eef h\u00ecnh \u1ea3nh k\u1ef9 thu\u1eadt s\u1ed1<\/strong> v\u00e0 <strong>xu\u1ea5t b\u00e1o c\u00e1o t\u1ef1 \u0111\u1ed9ng<\/strong>, gi\u00fap truy xu\u1ea5t d\u1eef li\u1ec7u d\u1ec5 d\u00e0ng.<\/li>\n<\/ul>\n<p>\ud83d\udc49 Theo d\u1eef li\u1ec7u hi\u1ec7u n\u0103ng, k\u1ebft qu\u1ea3 \u0111\u1ebfm t\u1ef1 \u0111\u1ed9ng b\u1eb1ng <strong>STEMvision\u2122 c\u00f3 h\u1ec7 s\u1ed1 t\u01b0\u01a1ng quan R\u00b2 &gt; 0.9<\/strong> so v\u1edbi ph\u01b0\u01a1ng ph\u00e1p th\u1ee7 c\u00f4ng b\u1eb1ng k\u00ednh hi\u1ec3n vi \u0111\u1ea3o ng\u01b0\u1ee3c, \u0111\u1ed3ng th\u1eddi <strong>gi\u1ea3m \u0111\u1ed9 sai l\u1ec7ch (CV) t\u1eeb 13% xu\u1ed1ng ch\u1ec9 c\u00f2n 5%<\/strong> gi\u1eefa c\u00e1c l\u1ea7n \u0111\u1ebfm l\u1eb7p l\u1ea1i.<\/p>\n<h4><strong>Quy tr\u00ecnh l\u00e0m vi\u1ec7c kh\u00e9p k\u00edn cho CFU Assay<\/strong><\/h4>\n<p>Khi k\u1ebft h\u1ee3p v\u1edbi c\u00e1c s\u1ea3n ph\u1ea9m h\u1ed7 tr\u1ee3 \u0111\u1ed3ng b\u1ed9 t\u1eeb STEMCELL Technologies, <strong>STEMvision\u2122<\/strong> t\u1ea1o th\u00e0nh <strong>quy tr\u00ecnh ho\u00e0n ch\u1ec9nh v\u00e0 chu\u1ea9n h\u00f3a cho ng\u00e2n h\u00e0ng m\u00e1u cu\u1ed1ng r\u1ed1n<\/strong>:<\/p>\n<table>\n<thead>\n<tr>\n<td><strong>B\u01b0\u1edbc<\/strong><\/td>\n<td><strong>S\u1ea3n ph\u1ea9m h\u1ed7 tr\u1ee3<\/strong><\/td>\n<td><strong>Ch\u1ee9c n\u0103ng<\/strong><\/td>\n<\/tr>\n<\/thead>\n<tbody>\n<tr>\n<td>1\ufe0f\u20e3<\/td>\n<td><strong>HetaSep\u2122<\/strong><\/td>\n<td>Lo\u1ea1i b\u1ecf h\u1ed3ng c\u1ea7u nhanh ch\u00f3ng, gi\u1eef l\u1ea1i &gt;97% t\u1ebf b\u00e0o ti\u1ec1n th\u00e2n<\/td>\n<\/tr>\n<tr>\n<td>2\ufe0f\u20e3<\/td>\n<td><strong>SmartDish\u2122<\/strong><\/td>\n<td>\u0110\u0129a nu\u00f4i c\u1ea5y 6 gi\u1ebfng kh\u00f4ng t\u1ea1o meniscus, gi\u00fap khu\u1ea9n l\u1ea1c ph\u00e2n b\u1ed1 \u0111\u1ec1u v\u00e0 d\u1ec5 \u0111\u1ebfm<\/td>\n<\/tr>\n<tr>\n<td>3\ufe0f\u20e3<\/td>\n<td><strong>MethoCult\u2122 Express \/ Optimum<\/strong><\/td>\n<td>M\u00f4i tr\u01b0\u1eddng methylcellulose chuy\u00ean bi\u1ec7t cho ph\u00e9p th\u1eed CFU 7 ng\u00e0y ho\u1eb7c 14 ng\u00e0y<\/td>\n<\/tr>\n<tr>\n<td>4\ufe0f\u20e3<\/td>\n<td><strong>STEMvision\u2122<\/strong><\/td>\n<td>Ch\u1ee5p \u1ea3nh, ph\u00e2n t\u00edch v\u00e0 t\u1ea1o b\u00e1o c\u00e1o t\u1ef1 \u0111\u1ed9ng<\/td>\n<\/tr>\n<\/tbody>\n<\/table>\n<p>T\u1ea5t c\u1ea3 c\u00e1c s\u1ea3n ph\u1ea9m tr\u00ean \u0111\u1ec1u \u0111\u01b0\u1ee3c <strong>ch\u1ee9ng nh\u1eadn ISO 13485<\/strong> v\u00e0 <strong>CE IVD Mark<\/strong>, \u0111\u1ea3m b\u1ea3o <strong>t\u00ednh tu\u00e2n th\u1ee7 qu\u1ed1c t\u1ebf<\/strong> cho c\u00e1c ph\u00f2ng lab \u0111\u1ea1t chu\u1ea9n GMP.<\/p>\n<h4><strong>\u1ee8ng d\u1ee5ng th\u1ef1c t\u1ebf h\u1ec7 th\u1ed1ng STEMvision\u2122<\/strong><\/h4>\n<ul>\n<li><strong>Ng\u00e2n h\u00e0ng m\u00e1u cu\u1ed1ng r\u1ed1n (public &amp; private):<\/strong> Ki\u1ec3m \u0111\u1ecbnh ch\u1ea5t l\u01b0\u1ee3ng, theo d\u00f5i CFU tr\u01b0\u1edbc v\u00e0 sau b\u1ea3o qu\u1ea3n l\u1ea1nh.<\/li>\n<li><strong>Trung t\u00e2m nghi\u00ean c\u1ee9u t\u1ebf b\u00e0o g\u1ed1c:<\/strong> Chu\u1ea9n h\u00f3a ph\u00e9p th\u1eed CFU trong c\u00e1c nghi\u00ean c\u1ee9u v\u1ec1 hematopoiesis.<\/li>\n<li><strong>Ph\u00f2ng th\u00ed nghi\u1ec7m QC:<\/strong> Ki\u1ec3m tra hi\u1ec7u qu\u1ea3 t\u00e1ch CD34\u207a v\u00e0 \u0111\u00e1nh gi\u00e1 kh\u1ea3 n\u0103ng bi\u1ec7t h\u00f3a t\u1ebf b\u00e0o trong s\u1ea3n xu\u1ea5t li\u1ec7u ph\u00e1p t\u1ebf b\u00e0o.<\/li>\n<\/ul>\n<h4><strong>Th\u00f4ng s\u1ed1 k\u1ef9 thu\u1eadt ch\u00ednh c\u1ee7a h\u1ec7 th\u1ed1ng STEMvision\u2122<\/strong><\/h4>\n<table>\n<thead>\n<tr>\n<td><strong>Th\u00f4ng s\u1ed1<\/strong><\/td>\n<td><strong>Gi\u00e1 tr\u1ecb<\/strong><\/td>\n<\/tr>\n<\/thead>\n<tbody>\n<tr>\n<td>K\u00edch th\u01b0\u1edbc<\/td>\n<td>478 \u00d7 335 \u00d7 347 mm<\/td>\n<\/tr>\n<tr>\n<td>Tr\u1ecdng l\u01b0\u1ee3ng<\/td>\n<td>27 kg (m\u00e1y ch\u00ednh), 12 kg (m\u00e1y t\u00ednh)<\/td>\n<\/tr>\n<tr>\n<td>Ngu\u1ed3n \u0111i\u1ec7n<\/td>\n<td>100\u2013240 V~, 50\/60 Hz<\/td>\n<\/tr>\n<tr>\n<td>Nhi\u1ec7t \u0111\u1ed9 ho\u1ea1t \u0111\u1ed9ng<\/td>\n<td>15\u201330\u00b0C<\/td>\n<\/tr>\n<tr>\n<td>Ph\u1ea7n m\u1ec1m<\/td>\n<td>STEMvision\u2122 Analysis (7-day ho\u1eb7c 14-day package)<\/td>\n<\/tr>\n<tr>\n<td>B\u00e1o c\u00e1o \u0111\u1ea7u ra<\/td>\n<td>T\u1ef1 \u0111\u1ed9ng t\u1ea1o \u201cLab Report\u201d &amp; \u201cParent Report\u201d hi\u1ec3n th\u1ecb h\u00ecnh \u1ea3nh, s\u1ed1 l\u01b0\u1ee3ng CFU, th\u00f4ng tin m\u1eabu<\/td>\n<\/tr>\n<\/tbody>\n<\/table>\n<h4><strong>L\u1ee3i \u00edch n\u1ed5i b\u1eadt khi s\u1eed d\u1ee5ng h\u1ec7 th\u1ed1ng STEMvision\u2122<\/strong><\/h4>\n<ul>\n<li><strong>T\u0103ng \u0111\u1ed9 ch\u00ednh x\u00e1c &amp; gi\u1ea3m th\u1eddi gian thao t\u00e1c<\/strong><\/li>\n<li><strong>\u0110\u1ea3m b\u1ea3o t\u00ednh l\u1eb7p l\u1ea1i v\u00e0 t\u00e1i hi\u1ec7n gi\u1eefa c\u00e1c k\u1ef9 thu\u1eadt vi\u00ean\/lab<\/strong><\/li>\n<li><strong>D\u1ec5 d\u00e0ng l\u01b0u tr\u1eef &amp; truy xu\u1ea5t d\u1eef li\u1ec7u \u0111i\u1ec7n t\u1eed<\/strong><\/li>\n<li><strong>Chu\u1ea9n h\u00f3a quy tr\u00ecnh QC theo khuy\u1ebfn c\u00e1o AABB \u2013 NetCord \u2013 FACT<\/strong><\/li>\n<li><strong>N\u00e2ng cao uy t\u00edn v\u00e0 gi\u00e1 tr\u1ecb c\u1ee7a ng\u00e2n h\u00e0ng m\u00e1u cu\u1ed1ng r\u1ed1n<\/strong><\/li>\n<\/ul>\n","protected":false},"excerpt":{"rendered":"<p><strong>STEMvision\u2122<\/strong> l\u00e0 h\u1ec7 th\u1ed1ng <strong>t\u1ef1 \u0111\u1ed9ng ch\u1ee5p \u1ea3nh v\u00e0 \u0111\u1ebfm khu\u1ea9n l\u1ea1c CFU<\/strong>, \u0111\u01b0\u1ee3c thi\u1ebft k\u1ebf cho <strong>ng\u00e2n h\u00e0ng m\u00e1u cu\u1ed1ng r\u1ed1n v\u00e0 ph\u00f2ng QC t\u1ebf b\u00e0o g\u1ed1c<\/strong>. Thi\u1ebft b\u1ecb gi\u00fap <strong>chu\u1ea9n h\u00f3a quy tr\u00ecnh \u0111\u1ebfm khu\u1ea9n l\u1ea1c<\/strong>, gi\u1ea3m sai l\u1ec7ch th\u1ee7 c\u00f4ng v\u00e0 n\u00e2ng cao \u0111\u1ed9 ch\u00ednh x\u00e1c, t\u00e1i l\u1eadp d\u1eef li\u1ec7u. Khi k\u1ebft h\u1ee3p v\u1edbi <strong>MethoCult\u2122, SmartDish\u2122 v\u00e0 HetaSep\u2122<\/strong>, STEMvision\u2122 t\u1ea1o th\u00e0nh <strong>quy tr\u00ecnh \u0111\u00e1nh gi\u00e1 n\u0103ng l\u1ef1c t\u1ebf b\u00e0o g\u1ed1c \u0111\u1ea1t chu\u1ea9n GMP<\/strong>, \u0111\u01b0\u1ee3c <strong>ch\u1ee9ng nh\u1eadn ISO 13485<\/strong> v\u00e0 <strong>ph\u00e2n ph\u1ed1i \u0111\u1ed9c quy\u1ec1n t\u1ea1i Vi\u1ec7t Nam b\u1edfi Biogroup Vietnam<\/strong>.<\/p>\n","protected":false},"featured_media":10221,"comment_status":"closed","ping_status":"closed","template":"","meta":{"_acf_changed":false},"product_brand":[127],"product_cat":[105],"product_tag":[],"class_list":{"0":"post-3737","1":"product","2":"type-product","3":"status-publish","4":"has-post-thumbnail","6":"product_brand-stemcell-technologies","7":"product_cat-thu-nghiem-cfu","9":"first","10":"outofstock","11":"shipping-taxable","12":"product-type-simple"},"acf":[],"yoast_head":"<!-- This site is optimized with the Yoast SEO plugin v26.8 - https:\/\/yoast.com\/product\/yoast-seo-wordpress\/ -->\n<title>STEMvision\u2122 \u2013 Gi\u1ea3i ph\u00e1p t\u1ef1 \u0111\u1ed9ng h\u00f3a v\u00e0 chu\u1ea9n h\u00f3a CFU Assay | Biogroup Vietnam<\/title>\n<meta name=\"description\" content=\"Kh\u00e1m ph\u00e1 STEMvision\u2122 \u2013 thi\u1ebft b\u1ecb t\u1ef1 \u0111\u1ed9ng \u0111\u1ebfm v\u00e0 ph\u00e2n t\u00edch CFU Assay chu\u1ea9n v\u00e0ng cho ng\u00e2n h\u00e0ng m\u00e1u cu\u1ed1ng r\u1ed1n. Gi\u1ea3i ph\u00e1p c\u1ee7a STEMCELL Technologies \u0111\u01b0\u1ee3c Biogroup Vietnam ph\u00e2n ph\u1ed1i ch\u00ednh th\u1ee9c, \u0111\u1ea3m b\u1ea3o k\u1ebft qu\u1ea3 ch\u00ednh x\u00e1c, t\u00e1i l\u1eb7p v\u00e0 \u0111\u1ea1t chu\u1ea9n GMP.\" \/>\n<meta name=\"robots\" content=\"index, follow, max-snippet:-1, max-image-preview:large, max-video-preview:-1\" \/>\n<link rel=\"canonical\" href=\"https:\/\/biogroupvietnam.com\/vi\/san-pham\/stemvision\/\" \/>\n<meta property=\"og:locale\" content=\"vi_VN\" \/>\n<meta property=\"og:type\" content=\"article\" \/>\n<meta property=\"og:title\" content=\"STEMvision\u2122 \u2013 Gi\u1ea3i ph\u00e1p t\u1ef1 \u0111\u1ed9ng h\u00f3a v\u00e0 chu\u1ea9n h\u00f3a CFU Assay | Biogroup Vietnam\" \/>\n<meta property=\"og:description\" content=\"Kh\u00e1m ph\u00e1 STEMvision\u2122 \u2013 thi\u1ebft b\u1ecb t\u1ef1 \u0111\u1ed9ng \u0111\u1ebfm v\u00e0 ph\u00e2n t\u00edch CFU Assay chu\u1ea9n v\u00e0ng cho ng\u00e2n h\u00e0ng m\u00e1u cu\u1ed1ng r\u1ed1n. Gi\u1ea3i ph\u00e1p c\u1ee7a STEMCELL Technologies \u0111\u01b0\u1ee3c Biogroup Vietnam ph\u00e2n ph\u1ed1i ch\u00ednh th\u1ee9c, \u0111\u1ea3m b\u1ea3o k\u1ebft qu\u1ea3 ch\u00ednh x\u00e1c, t\u00e1i l\u1eb7p v\u00e0 \u0111\u1ea1t chu\u1ea9n GMP.\" \/>\n<meta property=\"og:url\" content=\"https:\/\/biogroupvietnam.com\/vi\/san-pham\/stemvision\/\" \/>\n<meta property=\"og:site_name\" content=\"Biogroup Vietnam\" \/>\n<meta property=\"article:modified_time\" content=\"2026-04-06T06:09:53+00:00\" \/>\n<meta property=\"og:image\" content=\"https:\/\/biogroupvietnam.com\/wp-content\/uploads\/2025\/08\/stemvision-giai-phap-tu-dong-hoa-va-chuan-hoa-cfu-assay.jpg\" \/>\n\t<meta property=\"og:image:width\" content=\"1640\" \/>\n\t<meta property=\"og:image:height\" content=\"1260\" \/>\n\t<meta property=\"og:image:type\" content=\"image\/jpeg\" \/>\n<meta name=\"twitter:card\" content=\"summary_large_image\" \/>\n<meta name=\"twitter:label1\" content=\"\u01af\u1edbc t\u00ednh th\u1eddi gian \u0111\u1ecdc\" \/>\n\t<meta name=\"twitter:data1\" content=\"5 ph\u00fat\" \/>\n<script type=\"application\/ld+json\" class=\"yoast-schema-graph\">{\"@context\":\"https:\/\/schema.org\",\"@graph\":[{\"@type\":\"WebPage\",\"@id\":\"https:\/\/biogroupvietnam.com\/vi\/san-pham\/stemvision\/\",\"url\":\"https:\/\/biogroupvietnam.com\/vi\/san-pham\/stemvision\/\",\"name\":\"STEMvision\u2122 \u2013 Gi\u1ea3i ph\u00e1p t\u1ef1 \u0111\u1ed9ng h\u00f3a v\u00e0 chu\u1ea9n h\u00f3a CFU Assay | Biogroup Vietnam\",\"isPartOf\":{\"@id\":\"https:\/\/biogroupvietnam.com\/vi\/#website\"},\"primaryImageOfPage\":{\"@id\":\"https:\/\/biogroupvietnam.com\/vi\/san-pham\/stemvision\/#primaryimage\"},\"image\":{\"@id\":\"https:\/\/biogroupvietnam.com\/vi\/san-pham\/stemvision\/#primaryimage\"},\"thumbnailUrl\":\"https:\/\/biogroupvietnam.com\/wp-content\/uploads\/2025\/08\/stemvision-giai-phap-tu-dong-hoa-va-chuan-hoa-cfu-assay.jpg\",\"datePublished\":\"2025-08-18T12:52:47+00:00\",\"dateModified\":\"2026-04-06T06:09:53+00:00\",\"description\":\"Kh\u00e1m ph\u00e1 STEMvision\u2122 \u2013 thi\u1ebft b\u1ecb t\u1ef1 \u0111\u1ed9ng \u0111\u1ebfm v\u00e0 ph\u00e2n t\u00edch CFU Assay chu\u1ea9n v\u00e0ng cho ng\u00e2n h\u00e0ng m\u00e1u cu\u1ed1ng r\u1ed1n. Gi\u1ea3i ph\u00e1p c\u1ee7a STEMCELL Technologies \u0111\u01b0\u1ee3c Biogroup Vietnam ph\u00e2n ph\u1ed1i ch\u00ednh th\u1ee9c, \u0111\u1ea3m b\u1ea3o k\u1ebft qu\u1ea3 ch\u00ednh x\u00e1c, t\u00e1i l\u1eb7p v\u00e0 \u0111\u1ea1t chu\u1ea9n GMP.\",\"breadcrumb\":{\"@id\":\"https:\/\/biogroupvietnam.com\/vi\/san-pham\/stemvision\/#breadcrumb\"},\"inLanguage\":\"vi\",\"potentialAction\":[{\"@type\":\"ReadAction\",\"target\":[\"https:\/\/biogroupvietnam.com\/vi\/san-pham\/stemvision\/\"]}]},{\"@type\":\"ImageObject\",\"inLanguage\":\"vi\",\"@id\":\"https:\/\/biogroupvietnam.com\/vi\/san-pham\/stemvision\/#primaryimage\",\"url\":\"https:\/\/biogroupvietnam.com\/wp-content\/uploads\/2025\/08\/stemvision-giai-phap-tu-dong-hoa-va-chuan-hoa-cfu-assay.jpg\",\"contentUrl\":\"https:\/\/biogroupvietnam.com\/wp-content\/uploads\/2025\/08\/stemvision-giai-phap-tu-dong-hoa-va-chuan-hoa-cfu-assay.jpg\",\"width\":1640,\"height\":1260,\"caption\":\"STEMvision\u2122 \u2013 Gi\u1ea3i ph\u00e1p t\u1ef1 \u0111\u1ed9ng h\u00f3a v\u00e0 chu\u1ea9n h\u00f3a CFU Assay\"},{\"@type\":\"BreadcrumbList\",\"@id\":\"https:\/\/biogroupvietnam.com\/vi\/san-pham\/stemvision\/#breadcrumb\",\"itemListElement\":[{\"@type\":\"ListItem\",\"position\":1,\"name\":\"Trang ch\u1ee7\",\"item\":\"https:\/\/biogroupvietnam.com\/vi\/\"},{\"@type\":\"ListItem\",\"position\":2,\"name\":\"S\u1ea3n ph\u1ea9m\",\"item\":\"https:\/\/biogroupvietnam.com\/vi\/san-pham\/\"},{\"@type\":\"ListItem\",\"position\":3,\"name\":\"X\u00e9t Nghi\u1ec7m Sinh H\u1ecdc\",\"item\":\"https:\/\/biogroupvietnam.com\/vi\/danh-muc-san-pham\/xet-nghiem-sinh-hoc\/\"},{\"@type\":\"ListItem\",\"position\":4,\"name\":\"Th\u1eed Nghi\u1ec7m CFU\",\"item\":\"https:\/\/biogroupvietnam.com\/vi\/danh-muc-san-pham\/thu-nghiem-cfu\/\"},{\"@type\":\"ListItem\",\"position\":5,\"name\":\"STEMvision\u2122 \u2013 Gi\u1ea3i ph\u00e1p t\u1ef1 \u0111\u1ed9ng h\u00f3a v\u00e0 chu\u1ea9n h\u00f3a CFU Assay\"}]},{\"@type\":\"WebSite\",\"@id\":\"https:\/\/biogroupvietnam.com\/vi\/#website\",\"url\":\"https:\/\/biogroupvietnam.com\/vi\/\",\"name\":\"Biogroup Vietnam\",\"description\":\"Biogroup Vietnam cung c\u1ea5p d\u1ecbch v\u1ee5 k\u1ef9 thu\u1eadt c\u00f9ng thi\u1ebft b\u1ecb, v\u1eadt t\u01b0, h\u00f3a ch\u1ea5t v\u00e0 gi\u1ea3i ph\u00e1p sinh h\u1ecdc cho ph\u00f2ng th\u00ed nghi\u1ec7m c\u00f4ng ngh\u1ec7 sinh h\u1ecdc, y sinh v\u00e0 y h\u1ecdc t\u00e1i t\u1ea1o.\",\"potentialAction\":[{\"@type\":\"SearchAction\",\"target\":{\"@type\":\"EntryPoint\",\"urlTemplate\":\"https:\/\/biogroupvietnam.com\/vi\/?s={search_term_string}\"},\"query-input\":{\"@type\":\"PropertyValueSpecification\",\"valueRequired\":true,\"valueName\":\"search_term_string\"}}],\"inLanguage\":\"vi\"}]}<\/script>\n<!-- \/ Yoast SEO plugin. -->","yoast_head_json":{"title":"STEMvision\u2122 \u2013 Gi\u1ea3i ph\u00e1p t\u1ef1 \u0111\u1ed9ng h\u00f3a v\u00e0 chu\u1ea9n h\u00f3a CFU Assay | Biogroup Vietnam","description":"Kh\u00e1m ph\u00e1 STEMvision\u2122 \u2013 thi\u1ebft b\u1ecb t\u1ef1 \u0111\u1ed9ng \u0111\u1ebfm v\u00e0 ph\u00e2n t\u00edch CFU Assay chu\u1ea9n v\u00e0ng cho ng\u00e2n h\u00e0ng m\u00e1u cu\u1ed1ng r\u1ed1n. Gi\u1ea3i ph\u00e1p c\u1ee7a STEMCELL Technologies \u0111\u01b0\u1ee3c Biogroup Vietnam ph\u00e2n ph\u1ed1i ch\u00ednh th\u1ee9c, \u0111\u1ea3m b\u1ea3o k\u1ebft qu\u1ea3 ch\u00ednh x\u00e1c, t\u00e1i l\u1eb7p v\u00e0 \u0111\u1ea1t chu\u1ea9n GMP.","robots":{"index":"index","follow":"follow","max-snippet":"max-snippet:-1","max-image-preview":"max-image-preview:large","max-video-preview":"max-video-preview:-1"},"canonical":"https:\/\/biogroupvietnam.com\/vi\/san-pham\/stemvision\/","og_locale":"vi_VN","og_type":"article","og_title":"STEMvision\u2122 \u2013 Gi\u1ea3i ph\u00e1p t\u1ef1 \u0111\u1ed9ng h\u00f3a v\u00e0 chu\u1ea9n h\u00f3a CFU Assay | Biogroup Vietnam","og_description":"Kh\u00e1m ph\u00e1 STEMvision\u2122 \u2013 thi\u1ebft b\u1ecb t\u1ef1 \u0111\u1ed9ng \u0111\u1ebfm v\u00e0 ph\u00e2n t\u00edch CFU Assay chu\u1ea9n v\u00e0ng cho ng\u00e2n h\u00e0ng m\u00e1u cu\u1ed1ng r\u1ed1n. Gi\u1ea3i ph\u00e1p c\u1ee7a STEMCELL Technologies \u0111\u01b0\u1ee3c Biogroup Vietnam ph\u00e2n ph\u1ed1i ch\u00ednh th\u1ee9c, \u0111\u1ea3m b\u1ea3o k\u1ebft qu\u1ea3 ch\u00ednh x\u00e1c, t\u00e1i l\u1eb7p v\u00e0 \u0111\u1ea1t chu\u1ea9n GMP.","og_url":"https:\/\/biogroupvietnam.com\/vi\/san-pham\/stemvision\/","og_site_name":"Biogroup Vietnam","article_modified_time":"2026-04-06T06:09:53+00:00","og_image":[{"width":1640,"height":1260,"url":"https:\/\/biogroupvietnam.com\/wp-content\/uploads\/2025\/08\/stemvision-giai-phap-tu-dong-hoa-va-chuan-hoa-cfu-assay.jpg","type":"image\/jpeg"}],"twitter_card":"summary_large_image","twitter_misc":{"\u01af\u1edbc t\u00ednh th\u1eddi gian \u0111\u1ecdc":"5 ph\u00fat"},"schema":{"@context":"https:\/\/schema.org","@graph":[{"@type":"WebPage","@id":"https:\/\/biogroupvietnam.com\/vi\/san-pham\/stemvision\/","url":"https:\/\/biogroupvietnam.com\/vi\/san-pham\/stemvision\/","name":"STEMvision\u2122 \u2013 Gi\u1ea3i ph\u00e1p t\u1ef1 \u0111\u1ed9ng h\u00f3a v\u00e0 chu\u1ea9n h\u00f3a CFU Assay | Biogroup Vietnam","isPartOf":{"@id":"https:\/\/biogroupvietnam.com\/vi\/#website"},"primaryImageOfPage":{"@id":"https:\/\/biogroupvietnam.com\/vi\/san-pham\/stemvision\/#primaryimage"},"image":{"@id":"https:\/\/biogroupvietnam.com\/vi\/san-pham\/stemvision\/#primaryimage"},"thumbnailUrl":"https:\/\/biogroupvietnam.com\/wp-content\/uploads\/2025\/08\/stemvision-giai-phap-tu-dong-hoa-va-chuan-hoa-cfu-assay.jpg","datePublished":"2025-08-18T12:52:47+00:00","dateModified":"2026-04-06T06:09:53+00:00","description":"Kh\u00e1m ph\u00e1 STEMvision\u2122 \u2013 thi\u1ebft b\u1ecb t\u1ef1 \u0111\u1ed9ng \u0111\u1ebfm v\u00e0 ph\u00e2n t\u00edch CFU Assay chu\u1ea9n v\u00e0ng cho ng\u00e2n h\u00e0ng m\u00e1u cu\u1ed1ng r\u1ed1n. Gi\u1ea3i ph\u00e1p c\u1ee7a STEMCELL Technologies \u0111\u01b0\u1ee3c Biogroup Vietnam ph\u00e2n ph\u1ed1i ch\u00ednh th\u1ee9c, \u0111\u1ea3m b\u1ea3o k\u1ebft qu\u1ea3 ch\u00ednh x\u00e1c, t\u00e1i l\u1eb7p v\u00e0 \u0111\u1ea1t chu\u1ea9n GMP.","breadcrumb":{"@id":"https:\/\/biogroupvietnam.com\/vi\/san-pham\/stemvision\/#breadcrumb"},"inLanguage":"vi","potentialAction":[{"@type":"ReadAction","target":["https:\/\/biogroupvietnam.com\/vi\/san-pham\/stemvision\/"]}]},{"@type":"ImageObject","inLanguage":"vi","@id":"https:\/\/biogroupvietnam.com\/vi\/san-pham\/stemvision\/#primaryimage","url":"https:\/\/biogroupvietnam.com\/wp-content\/uploads\/2025\/08\/stemvision-giai-phap-tu-dong-hoa-va-chuan-hoa-cfu-assay.jpg","contentUrl":"https:\/\/biogroupvietnam.com\/wp-content\/uploads\/2025\/08\/stemvision-giai-phap-tu-dong-hoa-va-chuan-hoa-cfu-assay.jpg","width":1640,"height":1260,"caption":"STEMvision\u2122 \u2013 Gi\u1ea3i ph\u00e1p t\u1ef1 \u0111\u1ed9ng h\u00f3a v\u00e0 chu\u1ea9n h\u00f3a CFU Assay"},{"@type":"BreadcrumbList","@id":"https:\/\/biogroupvietnam.com\/vi\/san-pham\/stemvision\/#breadcrumb","itemListElement":[{"@type":"ListItem","position":1,"name":"Trang ch\u1ee7","item":"https:\/\/biogroupvietnam.com\/vi\/"},{"@type":"ListItem","position":2,"name":"S\u1ea3n ph\u1ea9m","item":"https:\/\/biogroupvietnam.com\/vi\/san-pham\/"},{"@type":"ListItem","position":3,"name":"X\u00e9t Nghi\u1ec7m Sinh H\u1ecdc","item":"https:\/\/biogroupvietnam.com\/vi\/danh-muc-san-pham\/xet-nghiem-sinh-hoc\/"},{"@type":"ListItem","position":4,"name":"Th\u1eed Nghi\u1ec7m CFU","item":"https:\/\/biogroupvietnam.com\/vi\/danh-muc-san-pham\/thu-nghiem-cfu\/"},{"@type":"ListItem","position":5,"name":"STEMvision\u2122 \u2013 Gi\u1ea3i ph\u00e1p t\u1ef1 \u0111\u1ed9ng h\u00f3a v\u00e0 chu\u1ea9n h\u00f3a CFU Assay"}]},{"@type":"WebSite","@id":"https:\/\/biogroupvietnam.com\/vi\/#website","url":"https:\/\/biogroupvietnam.com\/vi\/","name":"Biogroup Vietnam","description":"Biogroup Vietnam cung c\u1ea5p d\u1ecbch v\u1ee5 k\u1ef9 thu\u1eadt c\u00f9ng thi\u1ebft b\u1ecb, v\u1eadt t\u01b0, h\u00f3a ch\u1ea5t v\u00e0 gi\u1ea3i ph\u00e1p sinh h\u1ecdc cho ph\u00f2ng th\u00ed nghi\u1ec7m c\u00f4ng ngh\u1ec7 sinh h\u1ecdc, y sinh v\u00e0 y h\u1ecdc t\u00e1i t\u1ea1o.","potentialAction":[{"@type":"SearchAction","target":{"@type":"EntryPoint","urlTemplate":"https:\/\/biogroupvietnam.com\/vi\/?s={search_term_string}"},"query-input":{"@type":"PropertyValueSpecification","valueRequired":true,"valueName":"search_term_string"}}],"inLanguage":"vi"}]}},"_links":{"self":[{"href":"https:\/\/biogroupvietnam.com\/vi\/wp-json\/wp\/v2\/product\/3737","targetHints":{"allow":["GET"]}}],"collection":[{"href":"https:\/\/biogroupvietnam.com\/vi\/wp-json\/wp\/v2\/product"}],"about":[{"href":"https:\/\/biogroupvietnam.com\/vi\/wp-json\/wp\/v2\/types\/product"}],"replies":[{"embeddable":true,"href":"https:\/\/biogroupvietnam.com\/vi\/wp-json\/wp\/v2\/comments?post=3737"}],"version-history":[{"count":5,"href":"https:\/\/biogroupvietnam.com\/vi\/wp-json\/wp\/v2\/product\/3737\/revisions"}],"predecessor-version":[{"id":8653,"href":"https:\/\/biogroupvietnam.com\/vi\/wp-json\/wp\/v2\/product\/3737\/revisions\/8653"}],"wp:featuredmedia":[{"embeddable":true,"href":"https:\/\/biogroupvietnam.com\/vi\/wp-json\/wp\/v2\/media\/10221"}],"wp:attachment":[{"href":"https:\/\/biogroupvietnam.com\/vi\/wp-json\/wp\/v2\/media?parent=3737"}],"wp:term":[{"taxonomy":"product_brand","embeddable":true,"href":"https:\/\/biogroupvietnam.com\/vi\/wp-json\/wp\/v2\/product_brand?post=3737"},{"taxonomy":"product_cat","embeddable":true,"href":"https:\/\/biogroupvietnam.com\/vi\/wp-json\/wp\/v2\/product_cat?post=3737"},{"taxonomy":"product_tag","embeddable":true,"href":"https:\/\/biogroupvietnam.com\/vi\/wp-json\/wp\/v2\/product_tag?post=3737"}],"curies":[{"name":"wp","href":"https:\/\/api.w.org\/{rel}","templated":true}]}}