{"id":3738,"date":"2025-08-18T19:52:47","date_gmt":"2025-08-18T12:52:47","guid":{"rendered":"http:\/\/biogroupvietnam-worldpress.local\/product\/import-placeholder-for-88\/"},"modified":"2026-03-12T17:41:40","modified_gmt":"2026-03-12T10:41:40","slug":"hat-sac-ky-ai-luc-sepapure-tag-affinity","status":"publish","type":"product","link":"https:\/\/biogroupvietnam.com\/vi\/san-pham\/hat-sac-ky-ai-luc-sepapure-tag-affinity\/","title":{"rendered":"H\u1ea1t S\u1eafc K\u00fd \u00c1i L\u1ef1c Sepapure\u00ae Tag-Affinity"},"content":{"rendered":"<p>M\u00f4i tr\u01b0\u1eddng s\u1eafc k\u00fd FPLC cho ph\u01b0\u01a1ng ph\u00e1p s\u1eafc k\u00fd \u0111u\u00f4i \u00e1i l\u1ef1c (Tag-Affinity) d\u1ef1a tr\u00ean c\u00e1c h\u1ea1t agarose li\u00ean k\u1ebft ch\u00e9o, v\u1edbi \u0111\u01b0\u1eddng k\u00ednh trung b\u00ecnh 100 \u03bcm. H\u1ea1t s\u1eafc k\u00fd \u0111\u01b0\u1ee3c g\u1eafn c\u00e1c ligand ch\u1ee9c n\u0103ng \u00e1i l\u1ef1c NTA ligands cho His-Tag ho\u1eb7c glutathione ligands cho GST-Tag.<\/p>\n<h3><strong>\u0110\u1eb7c t\u00ednh<\/strong><\/h3>\n<p>M\u00f4i tr\u01b0\u1eddng s\u1eafc k\u00fd Sepapure\u00ae Tag-Affinity \u1ee9ng d\u1ee5ng tinh s\u1ea1ch c\u00e1c protein t\u00e1i t\u1ed5 h\u1ee3p \u0111\u01b0\u1ee3c g\u1eafn \u0111u\u00f4i, \u0111\u01b0\u1ee3c s\u1ea3n xu\u1ea5t \u0111\u1ec3 d\u00f9ng v\u1edbi nhi\u1ec1u lo\u1ea1i dung d\u1ecbch \u0111\u1ec7m. M\u00f4i tr\u01b0\u1eddng s\u1eafc k\u00fd Sepapure\u00ae Tag-Affinity c\u00f3 h\u1ea1n s\u1eed d\u1ee5ng l\u00e2u d\u00e0i khi \u0111\u01b0\u1ee3c thao t\u00e1c v\u00e0 b\u1ea3o qu\u1ea3n \u0111\u00fang c\u00e1ch v\u00e0 t\u01b0\u01a1ng th\u00edch v\u1edbi h\u1ea7u h\u1ebft ph\u01b0\u01a1ng ph\u00e1p ti\u1ec7t tr\u00f9ng CIP. T\u1ea5t c\u1ea3 m\u00f4i tr\u01b0\u1eddng Sepapure\u00ae \u0111\u01b0\u1ee3c b\u1ea3o qu\u1ea3n \u1edf dung d\u1ecbch ethanol 20%.<\/p>\n<h3><strong>Th\u00f4ng s\u1ed1 k\u1ef9 thu\u1eadt<\/strong><\/h3>\n<p>H\u1ea1t s\u1eafc k\u00fd Sepapure\u00ae Tag-Affinity c\u00f3 kh\u1ea3 n\u0103ng b\u00e1m (b\u1eaft protein) t\u1eeb 1-40 mg\/l (\u0111\u1ed1i v\u1edbi h\u1ea1t s\u1eafc k\u00fd Ni-NTA) ho\u1eb7c 1-10 mg\/ml (\u0111\u1ed1i v\u1edbi h\u1ea1t s\u1eafc k\u00fd Glutathione). \u00c1p su\u1ea5t v\u1eadn h\u00e0nh t\u1ed1i \u0111a cho c\u1ed9t Sepapure\u00ae n\u00ean s\u1eed d\u1ee5ng \u1edf \u00e1p su\u1ea5t 3 bar, t\u1ed1c \u0111\u1ed9 d\u00f2ng ch\u1ea3y khuy\u1ebfn ngh\u1ecb l\u00e0 1 CV\/ml.<\/p>\n<h3><strong>\u1ee8ng d\u1ee5ng<\/strong><\/h3>\n<p>H\u1ea1t s\u1eafc k\u00fd Sepapure\u00ae Tag-Affinity th\u01b0\u1eddng \u0111\u01b0\u1ee3c s\u1eed d\u1ee5ng \u1edf b\u01b0\u1edbc \u201ccapture\u201d trong quy tr\u00ecnh tinh s\u1ea1ch protein.<\/p>\n<h3><strong>Th\u00f4ng tin \u0111\u1eb7t h\u00e0ng<\/strong><\/h3>\n<ul>\n<li>C\u1ed9t s\u1eafc k\u00fd Sepapure FF Ni-NTA. \u0110\u01b0\u1ee3c nh\u1ed3i s\u1eb5n \u0111\u1ec3 s\u1eed d\u1ee5ng \u1edf th\u1ec3 t\u00edch 1 mL, 5 mL.<\/li>\n<li>C\u1ed9t s\u1eafc k\u00fd Sepapure FF4 Glutathione. \u0110\u01b0\u1ee3c nh\u1ed3i s\u1eb5n \u0111\u1ec3 s\u1eed d\u1ee5ng \u1edf th\u1ec3 t\u00edch 1 mL, 5 mL.<\/li>\n<li>D\u1ea1ng h\u1ea1t s\u1eafc k\u00fd \u0111\u00f3ng g\u00f3i trong chai\/ th\u00f9ng \u1edf th\u1ec3 t\u00edch kh\u00e1c nhau: 25 mL, 100 mL, 250 mL, 500 mL v\u00e0 1000 mL.<\/li>\n<\/ul>\n","protected":false},"excerpt":{"rendered":"<p>M\u00f4i tr\u01b0\u1eddng s\u1eafc k\u00fd FPLC cho ph\u01b0\u01a1ng ph\u00e1p s\u1eafc k\u00fd \u0111u\u00f4i \u00e1i l\u1ef1c (Tag-Affinity) d\u1ef1a tr\u00ean c\u00e1c h\u1ea1t agarose li\u00ean k\u1ebft ch\u00e9o, v\u1edbi \u0111\u01b0\u1eddng k\u00ednh trung b\u00ecnh 100 \u03bcm. H\u1ea1t s\u1eafc k\u00fd \u0111\u01b0\u1ee3c g\u1eafn c\u00e1c ligand ch\u1ee9c n\u0103ng \u00e1i l\u1ef1c NTA ligands cho His-Tag ho\u1eb7c glutathione ligands cho GST-Tag. \u0110\u1eb7c t\u00ednh M\u00f4i tr\u01b0\u1eddng s\u1eafc k\u00fd<\/p>\n<div class=\"klb-readmore post-buttons\"><a class=\"button rounded primary\" href=\"https:\/\/biogroupvietnam.com\/vi\/san-pham\/hat-sac-ky-ai-luc-sepapure-tag-affinity\/\">Read More <i class=\"klbth-icon-right-arrow\"><\/i><\/a><\/div>\n","protected":false},"featured_media":9975,"comment_status":"closed","ping_status":"closed","template":"","meta":{"_acf_changed":false},"product_brand":[137],"product_cat":[119],"product_tag":[],"class_list":{"0":"post-3738","1":"product","2":"type-product","3":"status-publish","4":"has-post-thumbnail","6":"product_brand-knauer","7":"product_cat-tinh-che-protein","9":"first","10":"outofstock","11":"shipping-taxable","12":"product-type-simple"},"acf":[],"yoast_head":"<!-- This site is optimized with the Yoast SEO plugin v26.8 - https:\/\/yoast.com\/product\/yoast-seo-wordpress\/ -->\n<title>H\u1ea1t S\u1eafc K\u00fd \u00c1i L\u1ef1c Sepapure\u00ae Tag-Affinity<\/title>\n<meta name=\"description\" content=\"M\u00f4i tr\u01b0\u1eddng s\u1eafc k\u00fd FPLC cho ph\u01b0\u01a1ng ph\u00e1p s\u1eafc k\u00fd \u0111u\u00f4i \u00e1i l\u1ef1c (Tag-Affinity) d\u1ef1a tr\u00ean c\u00e1c h\u1ea1t agarose li\u00ean k\u1ebft ch\u00e9o, v\u1edbi \u0111\u01b0\u1eddng k\u00ednh trung b\u00ecnh 100 \u03bcm.\" \/>\n<meta name=\"robots\" content=\"index, follow, max-snippet:-1, max-image-preview:large, max-video-preview:-1\" \/>\n<link rel=\"canonical\" href=\"https:\/\/biogroupvietnam.com\/vi\/san-pham\/hat-sac-ky-ai-luc-sepapure-tag-affinity\/\" \/>\n<meta property=\"og:locale\" content=\"vi_VN\" \/>\n<meta property=\"og:type\" content=\"article\" \/>\n<meta property=\"og:title\" content=\"H\u1ea1t S\u1eafc K\u00fd \u00c1i L\u1ef1c Sepapure\u00ae Tag-Affinity\" \/>\n<meta property=\"og:description\" content=\"M\u00f4i tr\u01b0\u1eddng s\u1eafc k\u00fd FPLC cho ph\u01b0\u01a1ng ph\u00e1p s\u1eafc k\u00fd \u0111u\u00f4i \u00e1i l\u1ef1c (Tag-Affinity) d\u1ef1a tr\u00ean c\u00e1c h\u1ea1t agarose li\u00ean k\u1ebft ch\u00e9o, v\u1edbi \u0111\u01b0\u1eddng k\u00ednh trung b\u00ecnh 100 \u03bcm.\" \/>\n<meta property=\"og:url\" content=\"https:\/\/biogroupvietnam.com\/vi\/san-pham\/hat-sac-ky-ai-luc-sepapure-tag-affinity\/\" \/>\n<meta property=\"og:site_name\" content=\"Biogroup Vietnam\" \/>\n<meta property=\"article:modified_time\" content=\"2026-03-12T10:41:40+00:00\" \/>\n<meta property=\"og:image\" content=\"https:\/\/biogroupvietnam.com\/wp-content\/uploads\/2025\/08\/hat-sac-ky-ai-luc-sepapure-tag-affinity.jpg\" \/>\n\t<meta property=\"og:image:width\" content=\"1640\" \/>\n\t<meta property=\"og:image:height\" content=\"1260\" \/>\n\t<meta property=\"og:image:type\" content=\"image\/jpeg\" \/>\n<meta name=\"twitter:card\" content=\"summary_large_image\" \/>\n<meta name=\"twitter:label1\" content=\"\u01af\u1edbc t\u00ednh th\u1eddi gian \u0111\u1ecdc\" \/>\n\t<meta name=\"twitter:data1\" content=\"2 ph\u00fat\" \/>\n<script type=\"application\/ld+json\" class=\"yoast-schema-graph\">{\"@context\":\"https:\/\/schema.org\",\"@graph\":[{\"@type\":\"WebPage\",\"@id\":\"https:\/\/biogroupvietnam.com\/vi\/san-pham\/hat-sac-ky-ai-luc-sepapure-tag-affinity\/\",\"url\":\"https:\/\/biogroupvietnam.com\/vi\/san-pham\/hat-sac-ky-ai-luc-sepapure-tag-affinity\/\",\"name\":\"H\u1ea1t S\u1eafc K\u00fd \u00c1i L\u1ef1c Sepapure\u00ae Tag-Affinity\",\"isPartOf\":{\"@id\":\"https:\/\/biogroupvietnam.com\/vi\/#website\"},\"primaryImageOfPage\":{\"@id\":\"https:\/\/biogroupvietnam.com\/vi\/san-pham\/hat-sac-ky-ai-luc-sepapure-tag-affinity\/#primaryimage\"},\"image\":{\"@id\":\"https:\/\/biogroupvietnam.com\/vi\/san-pham\/hat-sac-ky-ai-luc-sepapure-tag-affinity\/#primaryimage\"},\"thumbnailUrl\":\"https:\/\/biogroupvietnam.com\/wp-content\/uploads\/2025\/08\/hat-sac-ky-ai-luc-sepapure-tag-affinity.jpg\",\"datePublished\":\"2025-08-18T12:52:47+00:00\",\"dateModified\":\"2026-03-12T10:41:40+00:00\",\"description\":\"M\u00f4i tr\u01b0\u1eddng s\u1eafc k\u00fd FPLC cho ph\u01b0\u01a1ng ph\u00e1p s\u1eafc k\u00fd \u0111u\u00f4i \u00e1i l\u1ef1c (Tag-Affinity) d\u1ef1a tr\u00ean c\u00e1c h\u1ea1t agarose li\u00ean k\u1ebft ch\u00e9o, v\u1edbi \u0111\u01b0\u1eddng k\u00ednh trung b\u00ecnh 100 \u03bcm.\",\"breadcrumb\":{\"@id\":\"https:\/\/biogroupvietnam.com\/vi\/san-pham\/hat-sac-ky-ai-luc-sepapure-tag-affinity\/#breadcrumb\"},\"inLanguage\":\"vi\",\"potentialAction\":[{\"@type\":\"ReadAction\",\"target\":[\"https:\/\/biogroupvietnam.com\/vi\/san-pham\/hat-sac-ky-ai-luc-sepapure-tag-affinity\/\"]}]},{\"@type\":\"ImageObject\",\"inLanguage\":\"vi\",\"@id\":\"https:\/\/biogroupvietnam.com\/vi\/san-pham\/hat-sac-ky-ai-luc-sepapure-tag-affinity\/#primaryimage\",\"url\":\"https:\/\/biogroupvietnam.com\/wp-content\/uploads\/2025\/08\/hat-sac-ky-ai-luc-sepapure-tag-affinity.jpg\",\"contentUrl\":\"https:\/\/biogroupvietnam.com\/wp-content\/uploads\/2025\/08\/hat-sac-ky-ai-luc-sepapure-tag-affinity.jpg\",\"width\":1640,\"height\":1260,\"caption\":\"H\u1ea1t S\u1eafc K\u00fd \u00c1i L\u1ef1c Sepapure\u00ae Tag-Affinity\"},{\"@type\":\"BreadcrumbList\",\"@id\":\"https:\/\/biogroupvietnam.com\/vi\/san-pham\/hat-sac-ky-ai-luc-sepapure-tag-affinity\/#breadcrumb\",\"itemListElement\":[{\"@type\":\"ListItem\",\"position\":1,\"name\":\"Trang ch\u1ee7\",\"item\":\"https:\/\/biogroupvietnam.com\/vi\/\"},{\"@type\":\"ListItem\",\"position\":2,\"name\":\"S\u1ea3n ph\u1ea9m\",\"item\":\"https:\/\/biogroupvietnam.com\/vi\/san-pham\/\"},{\"@type\":\"ListItem\",\"position\":3,\"name\":\"R&amp;D Sinh H\u1ecdc\",\"item\":\"https:\/\/biogroupvietnam.com\/vi\/danh-muc-san-pham\/rd-sinh-hoc\/\"},{\"@type\":\"ListItem\",\"position\":4,\"name\":\"Tinh Ch\u1ebf Protein\",\"item\":\"https:\/\/biogroupvietnam.com\/vi\/danh-muc-san-pham\/tinh-che-protein\/\"},{\"@type\":\"ListItem\",\"position\":5,\"name\":\"H\u1ea1t S\u1eafc K\u00fd \u00c1i L\u1ef1c Sepapure\u00ae Tag-Affinity\"}]},{\"@type\":\"WebSite\",\"@id\":\"https:\/\/biogroupvietnam.com\/vi\/#website\",\"url\":\"https:\/\/biogroupvietnam.com\/vi\/\",\"name\":\"Biogroup Vietnam\",\"description\":\"Biogroup Vietnam cung c\u1ea5p d\u1ecbch v\u1ee5 k\u1ef9 thu\u1eadt c\u00f9ng thi\u1ebft b\u1ecb, v\u1eadt t\u01b0, h\u00f3a ch\u1ea5t v\u00e0 gi\u1ea3i ph\u00e1p sinh h\u1ecdc cho ph\u00f2ng th\u00ed nghi\u1ec7m c\u00f4ng ngh\u1ec7 sinh h\u1ecdc, y sinh v\u00e0 y h\u1ecdc t\u00e1i t\u1ea1o.\",\"potentialAction\":[{\"@type\":\"SearchAction\",\"target\":{\"@type\":\"EntryPoint\",\"urlTemplate\":\"https:\/\/biogroupvietnam.com\/vi\/?s={search_term_string}\"},\"query-input\":{\"@type\":\"PropertyValueSpecification\",\"valueRequired\":true,\"valueName\":\"search_term_string\"}}],\"inLanguage\":\"vi\"}]}<\/script>\n<!-- \/ Yoast SEO plugin. -->","yoast_head_json":{"title":"H\u1ea1t S\u1eafc K\u00fd \u00c1i L\u1ef1c Sepapure\u00ae Tag-Affinity","description":"M\u00f4i tr\u01b0\u1eddng s\u1eafc k\u00fd FPLC cho ph\u01b0\u01a1ng ph\u00e1p s\u1eafc k\u00fd \u0111u\u00f4i \u00e1i l\u1ef1c (Tag-Affinity) d\u1ef1a tr\u00ean c\u00e1c h\u1ea1t agarose li\u00ean k\u1ebft ch\u00e9o, v\u1edbi \u0111\u01b0\u1eddng k\u00ednh trung b\u00ecnh 100 \u03bcm.","robots":{"index":"index","follow":"follow","max-snippet":"max-snippet:-1","max-image-preview":"max-image-preview:large","max-video-preview":"max-video-preview:-1"},"canonical":"https:\/\/biogroupvietnam.com\/vi\/san-pham\/hat-sac-ky-ai-luc-sepapure-tag-affinity\/","og_locale":"vi_VN","og_type":"article","og_title":"H\u1ea1t S\u1eafc K\u00fd \u00c1i L\u1ef1c Sepapure\u00ae Tag-Affinity","og_description":"M\u00f4i tr\u01b0\u1eddng s\u1eafc k\u00fd FPLC cho ph\u01b0\u01a1ng ph\u00e1p s\u1eafc k\u00fd \u0111u\u00f4i \u00e1i l\u1ef1c (Tag-Affinity) d\u1ef1a tr\u00ean c\u00e1c h\u1ea1t agarose li\u00ean k\u1ebft ch\u00e9o, v\u1edbi \u0111\u01b0\u1eddng k\u00ednh trung b\u00ecnh 100 \u03bcm.","og_url":"https:\/\/biogroupvietnam.com\/vi\/san-pham\/hat-sac-ky-ai-luc-sepapure-tag-affinity\/","og_site_name":"Biogroup Vietnam","article_modified_time":"2026-03-12T10:41:40+00:00","og_image":[{"width":1640,"height":1260,"url":"https:\/\/biogroupvietnam.com\/wp-content\/uploads\/2025\/08\/hat-sac-ky-ai-luc-sepapure-tag-affinity.jpg","type":"image\/jpeg"}],"twitter_card":"summary_large_image","twitter_misc":{"\u01af\u1edbc t\u00ednh th\u1eddi gian \u0111\u1ecdc":"2 ph\u00fat"},"schema":{"@context":"https:\/\/schema.org","@graph":[{"@type":"WebPage","@id":"https:\/\/biogroupvietnam.com\/vi\/san-pham\/hat-sac-ky-ai-luc-sepapure-tag-affinity\/","url":"https:\/\/biogroupvietnam.com\/vi\/san-pham\/hat-sac-ky-ai-luc-sepapure-tag-affinity\/","name":"H\u1ea1t S\u1eafc K\u00fd \u00c1i L\u1ef1c Sepapure\u00ae Tag-Affinity","isPartOf":{"@id":"https:\/\/biogroupvietnam.com\/vi\/#website"},"primaryImageOfPage":{"@id":"https:\/\/biogroupvietnam.com\/vi\/san-pham\/hat-sac-ky-ai-luc-sepapure-tag-affinity\/#primaryimage"},"image":{"@id":"https:\/\/biogroupvietnam.com\/vi\/san-pham\/hat-sac-ky-ai-luc-sepapure-tag-affinity\/#primaryimage"},"thumbnailUrl":"https:\/\/biogroupvietnam.com\/wp-content\/uploads\/2025\/08\/hat-sac-ky-ai-luc-sepapure-tag-affinity.jpg","datePublished":"2025-08-18T12:52:47+00:00","dateModified":"2026-03-12T10:41:40+00:00","description":"M\u00f4i tr\u01b0\u1eddng s\u1eafc k\u00fd FPLC cho ph\u01b0\u01a1ng ph\u00e1p s\u1eafc k\u00fd \u0111u\u00f4i \u00e1i l\u1ef1c (Tag-Affinity) d\u1ef1a tr\u00ean c\u00e1c h\u1ea1t agarose li\u00ean k\u1ebft ch\u00e9o, v\u1edbi \u0111\u01b0\u1eddng k\u00ednh trung b\u00ecnh 100 \u03bcm.","breadcrumb":{"@id":"https:\/\/biogroupvietnam.com\/vi\/san-pham\/hat-sac-ky-ai-luc-sepapure-tag-affinity\/#breadcrumb"},"inLanguage":"vi","potentialAction":[{"@type":"ReadAction","target":["https:\/\/biogroupvietnam.com\/vi\/san-pham\/hat-sac-ky-ai-luc-sepapure-tag-affinity\/"]}]},{"@type":"ImageObject","inLanguage":"vi","@id":"https:\/\/biogroupvietnam.com\/vi\/san-pham\/hat-sac-ky-ai-luc-sepapure-tag-affinity\/#primaryimage","url":"https:\/\/biogroupvietnam.com\/wp-content\/uploads\/2025\/08\/hat-sac-ky-ai-luc-sepapure-tag-affinity.jpg","contentUrl":"https:\/\/biogroupvietnam.com\/wp-content\/uploads\/2025\/08\/hat-sac-ky-ai-luc-sepapure-tag-affinity.jpg","width":1640,"height":1260,"caption":"H\u1ea1t S\u1eafc K\u00fd \u00c1i L\u1ef1c Sepapure\u00ae Tag-Affinity"},{"@type":"BreadcrumbList","@id":"https:\/\/biogroupvietnam.com\/vi\/san-pham\/hat-sac-ky-ai-luc-sepapure-tag-affinity\/#breadcrumb","itemListElement":[{"@type":"ListItem","position":1,"name":"Trang ch\u1ee7","item":"https:\/\/biogroupvietnam.com\/vi\/"},{"@type":"ListItem","position":2,"name":"S\u1ea3n ph\u1ea9m","item":"https:\/\/biogroupvietnam.com\/vi\/san-pham\/"},{"@type":"ListItem","position":3,"name":"R&amp;D Sinh H\u1ecdc","item":"https:\/\/biogroupvietnam.com\/vi\/danh-muc-san-pham\/rd-sinh-hoc\/"},{"@type":"ListItem","position":4,"name":"Tinh Ch\u1ebf Protein","item":"https:\/\/biogroupvietnam.com\/vi\/danh-muc-san-pham\/tinh-che-protein\/"},{"@type":"ListItem","position":5,"name":"H\u1ea1t S\u1eafc K\u00fd \u00c1i L\u1ef1c Sepapure\u00ae Tag-Affinity"}]},{"@type":"WebSite","@id":"https:\/\/biogroupvietnam.com\/vi\/#website","url":"https:\/\/biogroupvietnam.com\/vi\/","name":"Biogroup Vietnam","description":"Biogroup Vietnam cung c\u1ea5p d\u1ecbch v\u1ee5 k\u1ef9 thu\u1eadt c\u00f9ng thi\u1ebft b\u1ecb, v\u1eadt t\u01b0, h\u00f3a ch\u1ea5t v\u00e0 gi\u1ea3i ph\u00e1p sinh h\u1ecdc cho ph\u00f2ng th\u00ed nghi\u1ec7m c\u00f4ng ngh\u1ec7 sinh h\u1ecdc, y sinh v\u00e0 y h\u1ecdc t\u00e1i t\u1ea1o.","potentialAction":[{"@type":"SearchAction","target":{"@type":"EntryPoint","urlTemplate":"https:\/\/biogroupvietnam.com\/vi\/?s={search_term_string}"},"query-input":{"@type":"PropertyValueSpecification","valueRequired":true,"valueName":"search_term_string"}}],"inLanguage":"vi"}]}},"_links":{"self":[{"href":"https:\/\/biogroupvietnam.com\/vi\/wp-json\/wp\/v2\/product\/3738","targetHints":{"allow":["GET"]}}],"collection":[{"href":"https:\/\/biogroupvietnam.com\/vi\/wp-json\/wp\/v2\/product"}],"about":[{"href":"https:\/\/biogroupvietnam.com\/vi\/wp-json\/wp\/v2\/types\/product"}],"replies":[{"embeddable":true,"href":"https:\/\/biogroupvietnam.com\/vi\/wp-json\/wp\/v2\/comments?post=3738"}],"version-history":[{"count":4,"href":"https:\/\/biogroupvietnam.com\/vi\/wp-json\/wp\/v2\/product\/3738\/revisions"}],"predecessor-version":[{"id":9976,"href":"https:\/\/biogroupvietnam.com\/vi\/wp-json\/wp\/v2\/product\/3738\/revisions\/9976"}],"wp:featuredmedia":[{"embeddable":true,"href":"https:\/\/biogroupvietnam.com\/vi\/wp-json\/wp\/v2\/media\/9975"}],"wp:attachment":[{"href":"https:\/\/biogroupvietnam.com\/vi\/wp-json\/wp\/v2\/media?parent=3738"}],"wp:term":[{"taxonomy":"product_brand","embeddable":true,"href":"https:\/\/biogroupvietnam.com\/vi\/wp-json\/wp\/v2\/product_brand?post=3738"},{"taxonomy":"product_cat","embeddable":true,"href":"https:\/\/biogroupvietnam.com\/vi\/wp-json\/wp\/v2\/product_cat?post=3738"},{"taxonomy":"product_tag","embeddable":true,"href":"https:\/\/biogroupvietnam.com\/vi\/wp-json\/wp\/v2\/product_tag?post=3738"}],"curies":[{"name":"wp","href":"https:\/\/api.w.org\/{rel}","templated":true}]}}