{"id":3741,"date":"2025-08-18T19:52:48","date_gmt":"2025-08-18T12:52:48","guid":{"rendered":"http:\/\/biogroupvietnam-worldpress.local\/product\/import-placeholder-for-91\/"},"modified":"2026-01-12T16:36:59","modified_gmt":"2026-01-12T09:36:59","slug":"binh-mve-cryoshipper","status":"publish","type":"product","link":"https:\/\/biogroupvietnam.com\/vi\/san-pham\/binh-mve-cryoshipper\/","title":{"rendered":"B\u00ecnh V\u1eadn Chuy\u1ec3n M\u1eabu MVE CryoShipper"},"content":{"rendered":"<p>C\u00e1c d\u00f2ng b\u00ecnh MVE Cryoshipper \u0111\u01b0\u1ee3c thi\u1ebft k\u1ebf \u0111\u1ec3 v\u1eadn chuy\u1ec3n an to\u00e0n c\u00e1c m\u1eabu sinh h\u1ecdc trong nit\u01a1 l\u1ecfng \u1edf pha h\u01a1i (nhi\u1ec7t \u0111\u1ed9 \u0111\u00f4ng l\u1ea1nh \u0111\u1ea1t -150\u00b0C ho\u1eb7c l\u1ea1nh h\u01a1n). C\u00f3 th\u1ec3 l\u1ef1a ch\u1ecdn nhi\u1ec1u d\u00f2ng b\u00ecnh MVE Cryoshipper \u0111\u1ec3 v\u1eadn chuy\u1ec3n an to\u00e0n trong n\u1ed9i \u0111\u1ecba v\u00e0 qu\u1ed1c t\u1ebf \u0111\u1ed1i v\u1edbi c\u00e1c m\u1eabu sinh h\u1ecdc (t\u1ebf b\u00e0o, t\u1ebf b\u00e0o g\u1ed1c, m\u00f4) v\u00e0 t\u00fai m\u00e1u.<\/p>\n<h3>C\u00e1c t\u00ednh n\u0103ng b\u00ecnh MVE CryoShipper bao g\u1ed3m<\/h3>\n<ul>\n<li>Th\u00f9ng v\u1eadn chuy\u1ec3n b\u1ea3o v\u1ec7 b\u00ecnh MVE CryoShipper \u0111\u01b0\u1ee3c khuy\u1ebfn c\u00e1o s\u1eed d\u1ee5ng.<\/li>\n<li>Th\u00f9ng v\u1eadn chuy\u1ec3n b\u1ea3o v\u1ec7 b\u00ecnh MVE CryoShipper \u0111\u1ea3m b\u1ea3o v\u1eadn chuy\u1ec3n th\u1eb3ng \u0111\u1ee9ng.<\/li>\n<li>M\u1ee9c ti\u00eau hao nit\u01a1 l\u1ecfng th\u1ea5p.<\/li>\n<li>G\u00f3i g\u1ecdn nh\u1eb9 ti\u1ec7n l\u1ee3i.<\/li>\n<li>N\u1ea1p \u0111\u1ea7y (s\u1ea1c) nit\u01a1 l\u1ecfng trong 2 gi\u1edd.<\/li>\n<\/ul>\n<h3>T\u00ednh n\u0103ng c\u00f4ng ngh\u1ec7 Advanced QWick\u2122 Charge<\/h3>\n<p>D\u00f2ng b\u00ecnh MVE CryoShipper \u0111\u01b0\u1ee3c thi\u1ebft k\u1ebf \u0111\u1ec3 v\u1eadn chuy\u1ec3n an to\u00e0n c\u00e1c m\u1eabu sinh h\u1ecdc \u1edf nhi\u1ec7t \u0111\u1ed9 \u0111\u00f4ng l\u1ea1nh (-150\u00b0C ho\u1eb7c l\u1ea1nh h\u01a1n). D\u00f2ng b\u00ecnh MVE CryoShipper s\u1eed d\u1ee5ng c\u00f4ng ngh\u1ec7 n\u1ea1p nit\u01a1 l\u1ecfng Advanced QWick\u2122 s\u1ebd s\u1ea1c \u0111\u1ea7y trong 2 gi\u1edd \u0111\u1ec3 \u0111\u1ea1t \u0111\u01b0\u1ee3c th\u1eddi gian gi\u1eef l\u1ea1nh t\u1ed1i \u0111a.<\/p>\n<p>*\u0110\u1ed1i v\u1edbi b\u00ecnh MVE CryoShipper m\u1edbi ho\u1eb7c b\u1ecb \u1ea5m v\u1eabn c\u1ea7n \u0111\u01b0\u1ee3c \u0111\u1ed5 \u0111\u1ea7y nit\u01a1 l\u1ecfng v\u00e0 \u0111\u1ec3 trong 24 gi\u1edd \u0111\u1ec3 \u0111\u1ea1t \u0111\u01b0\u1ee3c th\u1eddi gian gi\u1eef l\u1ea1nh t\u1ed1i \u0111a.<\/p>\n<p>Khi b\u00ecnh MVE CryoShipper \u0111\u00e3 l\u1ea1nh, c\u00f4ng ngh\u1ec7 Advanced QWick Charge s\u1ebd \u0111\u01b0\u1ee3c \u00e1p d\u1ee5ng, mang l\u1ea1i l\u1ee3i \u00edch cho vi\u1ec7c v\u1eadn chuy\u1ec3n h\u01a1i trong ng\u00e0y. \u0110\u01b0\u1ee3c s\u1ea3n xu\u1ea5t b\u1eb1ng v\u1eadt li\u1ec7u nh\u00f4m nh\u1eb9, b\u1ec1n, b\u00ecnh v\u1eadn chuy\u1ec3n \u1edf pha h\u01a1i nit\u01a1 l\u1ecfng s\u1eed d\u1ee5ng h\u1ee3p ch\u1ea5t k\u1ef5 n\u01b0\u1edbc h\u1ea5p th\u1ee5 nit\u01a1 l\u1ecfng \u0111\u1ec3 \u0111\u1ea3m b\u1ea3o v\u1eadn chuy\u1ec3n pha h\u01a1i kh\u00f4, kh\u00f4ng tr\u00e0n.<\/p>\n<p>Th\u00f9ng v\u1eadn chuy\u1ec3n b\u1ea3o v\u1ec7 b\u00ecnh MVE CryoShipper \u0111\u01b0\u1ee3c khuy\u1ebfn c\u00e1o s\u1eed d\u1ee5ng. Th\u00f9ng v\u1eadn chuy\u1ec3n b\u1ea3o v\u1ec7 c\u00f3 th\u1ec3 \u0111\u01b0\u1ee3c s\u1eed d\u1ee5ng \u0111\u1ec3 v\u1eadn chuy\u1ec3n m\u1eabu c\u1ee7a b\u1ea1n v\u1edbi ph\u00e2n lo\u1ea1i &#8220;kh\u00f4ng nguy hi\u1ec3m&#8221; tr\u00ean to\u00e0n th\u1ebf gi\u1edbi, do \u0111\u00f3 gi\u1ea3m chi ph\u00ed v\u00e0 gi\u00fap \u0111\u1ea3m b\u1ea3o kh\u1ea3 n\u0103ng s\u1ed1ng c\u1ee7a m\u1eabu sinh h\u1ecdc.<\/p>\n<p style=\"text-align: center;\"><img fetchpriority=\"high\" decoding=\"async\" src=\"https:\/\/biogroupvietnam.com\/uploads\/zwGLvodNc43b8BwS8Zrz8PeUfBmswBocLARD3i72.png\" alt=\"\" width=\"535\" height=\"363\" \/><\/p>\n<h3><strong>Th\u00f4ng s\u1ed1 k\u1ef9 thu\u1eadt b\u00ecnh MVE CryoShipper<\/strong><\/h3>\n<figure class=\"table\">\n<table>\n<tbody>\n<tr>\n<td>\n<p style=\"text-align: center;\"><strong>Model<\/strong><\/p>\n<\/td>\n<td>\n<p style=\"text-align: center;\"><strong>Cryoshipper<\/strong><\/p>\n<\/td>\n<td>\n<p style=\"text-align: center;\"><strong>Cryoshipper XC<\/strong><\/p>\n<\/td>\n<\/tr>\n<tr>\n<td colspan=\"3\"><strong>Kh\u1ea3 n\u0103ng tr\u1eef m\u1eabu t\u1ed1i \u0111a<\/strong><\/td>\n<\/tr>\n<tr>\n<td>S\u1ed1 canister<\/td>\n<td>\n<p style=\"text-align: center;\">1<\/p>\n<\/td>\n<td>\n<p style=\"text-align: center;\">&#8211;<\/p>\n<\/td>\n<\/tr>\n<tr>\n<td>S\u1ed1 t\u00fai m\u00e1u v\u1eadn chuy\u1ec3n<\/td>\n<td>\n<p style=\"text-align: center;\">10<\/p>\n<\/td>\n<td>\n<p style=\"text-align: center;\">10<\/p>\n<\/td>\n<\/tr>\n<tr>\n<td>S\u1ed1 \u1ed1ng vial 1,2- ho\u1eb7c 2,0 mL (100 \u1ed1ng\/h\u1ed9p)<\/td>\n<td>\n<p style=\"text-align: center;\">500<\/p>\n<\/td>\n<td>\n<p style=\"text-align: center;\">966<\/p>\n<\/td>\n<\/tr>\n<tr>\n<td colspan=\"3\"><strong>Kh\u1ea3 ch\u1ee9a nit\u01a1 l\u1ecfng &amp; nit\u01a1 bay h\u01a1i<\/strong><\/td>\n<\/tr>\n<tr>\n<td>Th\u1ec3 t\u00edch nit\u01a1 l\u1ecfng (khi kh\u00f4ng ch\u1ee9a m\u1eabu) (L\u00edt)<\/td>\n<td>\n<p style=\"text-align: center;\">8,5<\/p>\n<\/td>\n<td>\n<p style=\"text-align: center;\">10<\/p>\n<\/td>\n<\/tr>\n<tr>\n<td>T\u1ed1c \u0111\u1ed9 bay h\u01a1i t\u0129nh (l\u00edt\/ng\u00e0y)<\/td>\n<td>\n<p style=\"text-align: center;\">0,85<\/p>\n<\/td>\n<td>\n<p style=\"text-align: center;\">0,7<\/p>\n<\/td>\n<\/tr>\n<tr>\n<td>Th\u1eddi gian gi\u1eef t\u0129nh (ng\u00e0y)<\/td>\n<td>\n<p style=\"text-align: center;\">10<\/p>\n<\/td>\n<td>\n<p style=\"text-align: center;\">14<\/p>\n<\/td>\n<\/tr>\n<tr>\n<td colspan=\"3\"><strong>K\u00edch th\u01b0\u1edbc b\u00ecnh MVE CryoShipper<\/strong><\/td>\n<\/tr>\n<tr>\n<td>\u0110\u01b0\u1eddng k\u00ednh c\u1ed5 b\u00ecnh (mm)<\/td>\n<td>\n<p style=\"text-align: center;\">216<\/p>\n<\/td>\n<td>\n<p style=\"text-align: center;\">216<\/p>\n<\/td>\n<\/tr>\n<tr>\n<td>Chi\u1ec1u cao c\u1ee7a b\u00ecnh (mm)<\/td>\n<td>\n<p style=\"text-align: center;\">546<\/p>\n<\/td>\n<td>\n<p style=\"text-align: center;\">584<\/p>\n<\/td>\n<\/tr>\n<tr>\n<td>\u0110\u01b0\u1eddng k\u00ednh ngo\u00e0i c\u1ee7a b\u00ecnh (mm)<\/td>\n<td>\n<p style=\"text-align: center;\">369<\/p>\n<\/td>\n<td>\n<p style=\"text-align: center;\">381<\/p>\n<\/td>\n<\/tr>\n<tr>\n<td>Tr\u1ecdng l\u01b0\u1ee3ng b\u00ecnh r\u1ed7ng (Kg)<\/td>\n<td>\n<p style=\"text-align: center;\">17,7<\/p>\n<\/td>\n<td>\n<p style=\"text-align: center;\">22,2<\/p>\n<\/td>\n<\/tr>\n<tr>\n<td>Tr\u1ecdng l\u01b0\u1ee3ng b\u00ecnh \u0111\u1ea7y (Kg)<\/td>\n<td>\n<p style=\"text-align: center;\">24,7<\/p>\n<\/td>\n<td>\n<p style=\"text-align: center;\">33,1<\/p>\n<\/td>\n<\/tr>\n<tr>\n<td><i>*Ch\u1ecdn th\u00eam th\u00f9ng v\u1eadn chuy\u1ec3n b\u1ea3o v\u1ec7 b\u00ecnh MVE CryoShipper (m\u00e3 s\u1ed1 \u0111\u1eb7t h\u00e0ng)<\/i><\/td>\n<td>\n<p style=\"text-align: center;\"><i>20750520<\/i><\/p>\n<\/td>\n<td>\n<p style=\"text-align: center;\"><i>10741726<\/i><\/p>\n<\/td>\n<\/tr>\n<tr>\n<td colspan=\"3\"><i>*B\u1ea3o h\u00e0nh 2 n\u0103m ph\u1ee5 ki\u1ec7n b\u00ecnh l\u01b0u tr\u1eef m\u1eabu. B\u1ea3o h\u00e0nh 3 n\u0103m ph\u1ea7n ch\u00e2n kh\u00f4ng c\u1ee7a b\u00ecnh l\u01b0u tr\u1eef m\u1eabu.<\/i><\/td>\n<\/tr>\n<\/tbody>\n<\/table>\n<\/figure>\n<p>&nbsp;<\/p>\n<p>Ngo\u00e0i ra, c\u00f2n nhi\u1ec1u d\u00f2ng b\u00ecnh MVE CryoShipper v\u1edbi th\u1ec3 t\u00edch v\u00e0 c\u00f4ng su\u1ea5t v\u1eadn chuy\u1ec3n m\u1eabu kh\u00e1c nhau, lo\u1ea1i m\u1eabu \u0111\u01b0\u1ee3c ch\u1ee9a trong \u1ed1ng vial, t\u00fai \u0111\u00f4ng l\u1ea1nh, \u2026 H\u00e3y <a href=\"https:\/\/biogroupvietnam.com\/vi\/contacts\/\">li\u00ean h\u1ec7<\/a> ch\u00fang t\u00f4i, \u0111\u1ec3 \u0111\u01b0\u1ee3c t\u01b0 v\u1ea5n l\u1ef1a ch\u1ecdn lo\u1ea1i b\u00ecnh v\u1eadn chuy\u1ec3n m\u1eabu ph\u00f9 h\u1ee3p.<\/p>\n","protected":false},"excerpt":{"rendered":"<p>C\u00e1c d\u00f2ng b\u00ecnh MVE Cryoshipper \u0111\u01b0\u1ee3c thi\u1ebft k\u1ebf \u0111\u1ec3 v\u1eadn chuy\u1ec3n an to\u00e0n c\u00e1c m\u1eabu sinh h\u1ecdc trong nit\u01a1 l\u1ecfng \u1edf pha h\u01a1i (nhi\u1ec7t \u0111\u1ed9 \u0111\u00f4ng l\u1ea1nh \u0111\u1ea1t -150\u00b0C ho\u1eb7c l\u1ea1nh h\u01a1n). C\u00f3 th\u1ec3 l\u1ef1a ch\u1ecdn nhi\u1ec1u d\u00f2ng b\u00ecnh MVE Cryoshipper \u0111\u1ec3 v\u1eadn chuy\u1ec3n an to\u00e0n trong n\u1ed9i \u0111\u1ecba v\u00e0 qu\u1ed1c t\u1ebf \u0111\u1ed1i v\u1edbi c\u00e1c<\/p>\n<div class=\"klb-readmore post-buttons\"><a class=\"button rounded primary\" href=\"https:\/\/biogroupvietnam.com\/vi\/san-pham\/binh-mve-cryoshipper\/\">Read More <i class=\"klbth-icon-right-arrow\"><\/i><\/a><\/div>\n","protected":false},"featured_media":9063,"comment_status":"closed","ping_status":"closed","template":"","meta":{"_acf_changed":false},"product_brand":[128],"product_cat":[94],"product_tag":[],"class_list":{"0":"post-3741","1":"product","2":"type-product","3":"status-publish","4":"has-post-thumbnail","6":"product_brand-mve-biological-solutions","7":"product_cat-binh-chuyen-mau-dong-lanh","9":"first","10":"outofstock","11":"shipping-taxable","12":"product-type-simple"},"acf":[],"yoast_head":"<!-- This site is optimized with the Yoast SEO plugin v26.8 - https:\/\/yoast.com\/product\/yoast-seo-wordpress\/ -->\n<title>B\u00ecnh V\u1eadn Chuy\u1ec3n M\u1eabu MVE CryoShipper<\/title>\n<meta name=\"description\" content=\"C\u00e1c d\u00f2ng b\u00ecnh MVE Cryoshipper \u0111\u01b0\u1ee3c thi\u1ebft k\u1ebf \u0111\u1ec3 v\u1eadn chuy\u1ec3n an to\u00e0n c\u00e1c m\u1eabu sinh h\u1ecdc trong nit\u01a1 l\u1ecfng \u1edf pha h\u01a1i (nhi\u1ec7t \u0111\u1ed9 \u0111\u00f4ng l\u1ea1nh \u0111\u1ea1t -150\u00b0C ho\u1eb7c l\u1ea1nh h\u01a1n.\" \/>\n<meta name=\"robots\" content=\"index, follow, max-snippet:-1, max-image-preview:large, max-video-preview:-1\" \/>\n<link rel=\"canonical\" href=\"https:\/\/biogroupvietnam.com\/vi\/san-pham\/binh-mve-cryoshipper\/\" \/>\n<meta property=\"og:locale\" content=\"vi_VN\" \/>\n<meta property=\"og:type\" content=\"article\" \/>\n<meta property=\"og:title\" content=\"B\u00ecnh V\u1eadn Chuy\u1ec3n M\u1eabu MVE CryoShipper\" \/>\n<meta property=\"og:description\" content=\"C\u00e1c d\u00f2ng b\u00ecnh MVE Cryoshipper \u0111\u01b0\u1ee3c thi\u1ebft k\u1ebf \u0111\u1ec3 v\u1eadn chuy\u1ec3n an to\u00e0n c\u00e1c m\u1eabu sinh h\u1ecdc trong nit\u01a1 l\u1ecfng \u1edf pha h\u01a1i (nhi\u1ec7t \u0111\u1ed9 \u0111\u00f4ng l\u1ea1nh \u0111\u1ea1t -150\u00b0C ho\u1eb7c l\u1ea1nh h\u01a1n.\" \/>\n<meta property=\"og:url\" content=\"https:\/\/biogroupvietnam.com\/vi\/san-pham\/binh-mve-cryoshipper\/\" \/>\n<meta property=\"og:site_name\" content=\"Biogroup Vietnam\" \/>\n<meta property=\"article:modified_time\" content=\"2026-01-12T09:36:59+00:00\" \/>\n<meta property=\"og:image\" content=\"https:\/\/biogroupvietnam.com\/wp-content\/uploads\/2025\/08\/MVE-Vapor-Shipper-Series.jpg\" \/>\n\t<meta property=\"og:image:width\" content=\"1640\" \/>\n\t<meta property=\"og:image:height\" content=\"1260\" \/>\n\t<meta property=\"og:image:type\" content=\"image\/jpeg\" \/>\n<meta name=\"twitter:card\" content=\"summary_large_image\" \/>\n<meta name=\"twitter:label1\" content=\"\u01af\u1edbc t\u00ednh th\u1eddi gian \u0111\u1ecdc\" \/>\n\t<meta name=\"twitter:data1\" content=\"4 ph\u00fat\" \/>\n<script type=\"application\/ld+json\" class=\"yoast-schema-graph\">{\"@context\":\"https:\/\/schema.org\",\"@graph\":[{\"@type\":\"WebPage\",\"@id\":\"https:\/\/biogroupvietnam.com\/vi\/san-pham\/binh-mve-cryoshipper\/\",\"url\":\"https:\/\/biogroupvietnam.com\/vi\/san-pham\/binh-mve-cryoshipper\/\",\"name\":\"B\u00ecnh V\u1eadn Chuy\u1ec3n M\u1eabu MVE CryoShipper\",\"isPartOf\":{\"@id\":\"https:\/\/biogroupvietnam.com\/vi\/#website\"},\"primaryImageOfPage\":{\"@id\":\"https:\/\/biogroupvietnam.com\/vi\/san-pham\/binh-mve-cryoshipper\/#primaryimage\"},\"image\":{\"@id\":\"https:\/\/biogroupvietnam.com\/vi\/san-pham\/binh-mve-cryoshipper\/#primaryimage\"},\"thumbnailUrl\":\"https:\/\/biogroupvietnam.com\/wp-content\/uploads\/2025\/08\/MVE-Vapor-Shipper-Series.jpg\",\"datePublished\":\"2025-08-18T12:52:48+00:00\",\"dateModified\":\"2026-01-12T09:36:59+00:00\",\"description\":\"C\u00e1c d\u00f2ng b\u00ecnh MVE Cryoshipper \u0111\u01b0\u1ee3c thi\u1ebft k\u1ebf \u0111\u1ec3 v\u1eadn chuy\u1ec3n an to\u00e0n c\u00e1c m\u1eabu sinh h\u1ecdc trong nit\u01a1 l\u1ecfng \u1edf pha h\u01a1i (nhi\u1ec7t \u0111\u1ed9 \u0111\u00f4ng l\u1ea1nh \u0111\u1ea1t -150\u00b0C ho\u1eb7c l\u1ea1nh h\u01a1n.\",\"breadcrumb\":{\"@id\":\"https:\/\/biogroupvietnam.com\/vi\/san-pham\/binh-mve-cryoshipper\/#breadcrumb\"},\"inLanguage\":\"vi\",\"potentialAction\":[{\"@type\":\"ReadAction\",\"target\":[\"https:\/\/biogroupvietnam.com\/vi\/san-pham\/binh-mve-cryoshipper\/\"]}]},{\"@type\":\"ImageObject\",\"inLanguage\":\"vi\",\"@id\":\"https:\/\/biogroupvietnam.com\/vi\/san-pham\/binh-mve-cryoshipper\/#primaryimage\",\"url\":\"https:\/\/biogroupvietnam.com\/wp-content\/uploads\/2025\/08\/MVE-Vapor-Shipper-Series.jpg\",\"contentUrl\":\"https:\/\/biogroupvietnam.com\/wp-content\/uploads\/2025\/08\/MVE-Vapor-Shipper-Series.jpg\",\"width\":1640,\"height\":1260},{\"@type\":\"BreadcrumbList\",\"@id\":\"https:\/\/biogroupvietnam.com\/vi\/san-pham\/binh-mve-cryoshipper\/#breadcrumb\",\"itemListElement\":[{\"@type\":\"ListItem\",\"position\":1,\"name\":\"Trang ch\u1ee7\",\"item\":\"https:\/\/biogroupvietnam.com\/vi\/\"},{\"@type\":\"ListItem\",\"position\":2,\"name\":\"S\u1ea3n ph\u1ea9m\",\"item\":\"https:\/\/biogroupvietnam.com\/vi\/san-pham\/\"},{\"@type\":\"ListItem\",\"position\":3,\"name\":\"B\u1ea3o Qu\u1ea3n L\u1ea1nh T\u1ebf B\u00e0o\",\"item\":\"https:\/\/biogroupvietnam.com\/vi\/danh-muc-san-pham\/bao-quan-lanh-te-bao\/\"},{\"@type\":\"ListItem\",\"position\":4,\"name\":\"B\u00ecnh Chuy\u1ec3n M\u1eabu \u0110\u00f4ng L\u1ea1nh\",\"item\":\"https:\/\/biogroupvietnam.com\/vi\/danh-muc-san-pham\/binh-chuyen-mau-dong-lanh\/\"},{\"@type\":\"ListItem\",\"position\":5,\"name\":\"B\u00ecnh V\u1eadn Chuy\u1ec3n M\u1eabu MVE CryoShipper\"}]},{\"@type\":\"WebSite\",\"@id\":\"https:\/\/biogroupvietnam.com\/vi\/#website\",\"url\":\"https:\/\/biogroupvietnam.com\/vi\/\",\"name\":\"Biogroup Vietnam\",\"description\":\"Biogroup Vietnam cung c\u1ea5p d\u1ecbch v\u1ee5 k\u1ef9 thu\u1eadt c\u00f9ng thi\u1ebft b\u1ecb, v\u1eadt t\u01b0, h\u00f3a ch\u1ea5t v\u00e0 gi\u1ea3i ph\u00e1p sinh h\u1ecdc cho ph\u00f2ng th\u00ed nghi\u1ec7m c\u00f4ng ngh\u1ec7 sinh h\u1ecdc, y sinh v\u00e0 y h\u1ecdc t\u00e1i t\u1ea1o.\",\"potentialAction\":[{\"@type\":\"SearchAction\",\"target\":{\"@type\":\"EntryPoint\",\"urlTemplate\":\"https:\/\/biogroupvietnam.com\/vi\/?s={search_term_string}\"},\"query-input\":{\"@type\":\"PropertyValueSpecification\",\"valueRequired\":true,\"valueName\":\"search_term_string\"}}],\"inLanguage\":\"vi\"}]}<\/script>\n<!-- \/ Yoast SEO plugin. -->","yoast_head_json":{"title":"B\u00ecnh V\u1eadn Chuy\u1ec3n M\u1eabu MVE CryoShipper","description":"C\u00e1c d\u00f2ng b\u00ecnh MVE Cryoshipper \u0111\u01b0\u1ee3c thi\u1ebft k\u1ebf \u0111\u1ec3 v\u1eadn chuy\u1ec3n an to\u00e0n c\u00e1c m\u1eabu sinh h\u1ecdc trong nit\u01a1 l\u1ecfng \u1edf pha h\u01a1i (nhi\u1ec7t \u0111\u1ed9 \u0111\u00f4ng l\u1ea1nh \u0111\u1ea1t -150\u00b0C ho\u1eb7c l\u1ea1nh h\u01a1n.","robots":{"index":"index","follow":"follow","max-snippet":"max-snippet:-1","max-image-preview":"max-image-preview:large","max-video-preview":"max-video-preview:-1"},"canonical":"https:\/\/biogroupvietnam.com\/vi\/san-pham\/binh-mve-cryoshipper\/","og_locale":"vi_VN","og_type":"article","og_title":"B\u00ecnh V\u1eadn Chuy\u1ec3n M\u1eabu MVE CryoShipper","og_description":"C\u00e1c d\u00f2ng b\u00ecnh MVE Cryoshipper \u0111\u01b0\u1ee3c thi\u1ebft k\u1ebf \u0111\u1ec3 v\u1eadn chuy\u1ec3n an to\u00e0n c\u00e1c m\u1eabu sinh h\u1ecdc trong nit\u01a1 l\u1ecfng \u1edf pha h\u01a1i (nhi\u1ec7t \u0111\u1ed9 \u0111\u00f4ng l\u1ea1nh \u0111\u1ea1t -150\u00b0C ho\u1eb7c l\u1ea1nh h\u01a1n.","og_url":"https:\/\/biogroupvietnam.com\/vi\/san-pham\/binh-mve-cryoshipper\/","og_site_name":"Biogroup Vietnam","article_modified_time":"2026-01-12T09:36:59+00:00","og_image":[{"width":1640,"height":1260,"url":"https:\/\/biogroupvietnam.com\/wp-content\/uploads\/2025\/08\/MVE-Vapor-Shipper-Series.jpg","type":"image\/jpeg"}],"twitter_card":"summary_large_image","twitter_misc":{"\u01af\u1edbc t\u00ednh th\u1eddi gian \u0111\u1ecdc":"4 ph\u00fat"},"schema":{"@context":"https:\/\/schema.org","@graph":[{"@type":"WebPage","@id":"https:\/\/biogroupvietnam.com\/vi\/san-pham\/binh-mve-cryoshipper\/","url":"https:\/\/biogroupvietnam.com\/vi\/san-pham\/binh-mve-cryoshipper\/","name":"B\u00ecnh V\u1eadn Chuy\u1ec3n M\u1eabu MVE CryoShipper","isPartOf":{"@id":"https:\/\/biogroupvietnam.com\/vi\/#website"},"primaryImageOfPage":{"@id":"https:\/\/biogroupvietnam.com\/vi\/san-pham\/binh-mve-cryoshipper\/#primaryimage"},"image":{"@id":"https:\/\/biogroupvietnam.com\/vi\/san-pham\/binh-mve-cryoshipper\/#primaryimage"},"thumbnailUrl":"https:\/\/biogroupvietnam.com\/wp-content\/uploads\/2025\/08\/MVE-Vapor-Shipper-Series.jpg","datePublished":"2025-08-18T12:52:48+00:00","dateModified":"2026-01-12T09:36:59+00:00","description":"C\u00e1c d\u00f2ng b\u00ecnh MVE Cryoshipper \u0111\u01b0\u1ee3c thi\u1ebft k\u1ebf \u0111\u1ec3 v\u1eadn chuy\u1ec3n an to\u00e0n c\u00e1c m\u1eabu sinh h\u1ecdc trong nit\u01a1 l\u1ecfng \u1edf pha h\u01a1i (nhi\u1ec7t \u0111\u1ed9 \u0111\u00f4ng l\u1ea1nh \u0111\u1ea1t -150\u00b0C ho\u1eb7c l\u1ea1nh h\u01a1n.","breadcrumb":{"@id":"https:\/\/biogroupvietnam.com\/vi\/san-pham\/binh-mve-cryoshipper\/#breadcrumb"},"inLanguage":"vi","potentialAction":[{"@type":"ReadAction","target":["https:\/\/biogroupvietnam.com\/vi\/san-pham\/binh-mve-cryoshipper\/"]}]},{"@type":"ImageObject","inLanguage":"vi","@id":"https:\/\/biogroupvietnam.com\/vi\/san-pham\/binh-mve-cryoshipper\/#primaryimage","url":"https:\/\/biogroupvietnam.com\/wp-content\/uploads\/2025\/08\/MVE-Vapor-Shipper-Series.jpg","contentUrl":"https:\/\/biogroupvietnam.com\/wp-content\/uploads\/2025\/08\/MVE-Vapor-Shipper-Series.jpg","width":1640,"height":1260},{"@type":"BreadcrumbList","@id":"https:\/\/biogroupvietnam.com\/vi\/san-pham\/binh-mve-cryoshipper\/#breadcrumb","itemListElement":[{"@type":"ListItem","position":1,"name":"Trang ch\u1ee7","item":"https:\/\/biogroupvietnam.com\/vi\/"},{"@type":"ListItem","position":2,"name":"S\u1ea3n ph\u1ea9m","item":"https:\/\/biogroupvietnam.com\/vi\/san-pham\/"},{"@type":"ListItem","position":3,"name":"B\u1ea3o Qu\u1ea3n L\u1ea1nh T\u1ebf B\u00e0o","item":"https:\/\/biogroupvietnam.com\/vi\/danh-muc-san-pham\/bao-quan-lanh-te-bao\/"},{"@type":"ListItem","position":4,"name":"B\u00ecnh Chuy\u1ec3n M\u1eabu \u0110\u00f4ng L\u1ea1nh","item":"https:\/\/biogroupvietnam.com\/vi\/danh-muc-san-pham\/binh-chuyen-mau-dong-lanh\/"},{"@type":"ListItem","position":5,"name":"B\u00ecnh V\u1eadn Chuy\u1ec3n M\u1eabu MVE CryoShipper"}]},{"@type":"WebSite","@id":"https:\/\/biogroupvietnam.com\/vi\/#website","url":"https:\/\/biogroupvietnam.com\/vi\/","name":"Biogroup Vietnam","description":"Biogroup Vietnam cung c\u1ea5p d\u1ecbch v\u1ee5 k\u1ef9 thu\u1eadt c\u00f9ng thi\u1ebft b\u1ecb, v\u1eadt t\u01b0, h\u00f3a ch\u1ea5t v\u00e0 gi\u1ea3i ph\u00e1p sinh h\u1ecdc cho ph\u00f2ng th\u00ed nghi\u1ec7m c\u00f4ng ngh\u1ec7 sinh h\u1ecdc, y sinh v\u00e0 y h\u1ecdc t\u00e1i t\u1ea1o.","potentialAction":[{"@type":"SearchAction","target":{"@type":"EntryPoint","urlTemplate":"https:\/\/biogroupvietnam.com\/vi\/?s={search_term_string}"},"query-input":{"@type":"PropertyValueSpecification","valueRequired":true,"valueName":"search_term_string"}}],"inLanguage":"vi"}]}},"_links":{"self":[{"href":"https:\/\/biogroupvietnam.com\/vi\/wp-json\/wp\/v2\/product\/3741","targetHints":{"allow":["GET"]}}],"collection":[{"href":"https:\/\/biogroupvietnam.com\/vi\/wp-json\/wp\/v2\/product"}],"about":[{"href":"https:\/\/biogroupvietnam.com\/vi\/wp-json\/wp\/v2\/types\/product"}],"replies":[{"embeddable":true,"href":"https:\/\/biogroupvietnam.com\/vi\/wp-json\/wp\/v2\/comments?post=3741"}],"version-history":[{"count":5,"href":"https:\/\/biogroupvietnam.com\/vi\/wp-json\/wp\/v2\/product\/3741\/revisions"}],"predecessor-version":[{"id":9509,"href":"https:\/\/biogroupvietnam.com\/vi\/wp-json\/wp\/v2\/product\/3741\/revisions\/9509"}],"wp:featuredmedia":[{"embeddable":true,"href":"https:\/\/biogroupvietnam.com\/vi\/wp-json\/wp\/v2\/media\/9063"}],"wp:attachment":[{"href":"https:\/\/biogroupvietnam.com\/vi\/wp-json\/wp\/v2\/media?parent=3741"}],"wp:term":[{"taxonomy":"product_brand","embeddable":true,"href":"https:\/\/biogroupvietnam.com\/vi\/wp-json\/wp\/v2\/product_brand?post=3741"},{"taxonomy":"product_cat","embeddable":true,"href":"https:\/\/biogroupvietnam.com\/vi\/wp-json\/wp\/v2\/product_cat?post=3741"},{"taxonomy":"product_tag","embeddable":true,"href":"https:\/\/biogroupvietnam.com\/vi\/wp-json\/wp\/v2\/product_tag?post=3741"}],"curies":[{"name":"wp","href":"https:\/\/api.w.org\/{rel}","templated":true}]}}