{"id":3744,"date":"2025-08-18T19:52:49","date_gmt":"2025-08-18T12:52:49","guid":{"rendered":"http:\/\/biogroupvietnam-worldpress.local\/product\/import-placeholder-for-94\/"},"modified":"2025-11-17T17:02:43","modified_gmt":"2025-11-17T10:02:43","slug":"tui-overwrap","status":"publish","type":"product","link":"https:\/\/biogroupvietnam.com\/vi\/san-pham\/tui-overwrap\/","title":{"rendered":"T\u00fai Bao Ngo\u00e0i Overwrap"},"content":{"rendered":"<h2>T\u00fai bao ngo\u00e0i b\u1eb1ng nh\u1ef1a Teflon\u00ae FEP (Teflon\u00ae FEP Overwrap Bags) l\u00e0 m\u1ed9t l\u1ef1a ch\u1ecdn l\u00fd t\u01b0\u1edfng \u0111\u1ec3 b\u1ea3o v\u1ec7 c\u00e1c t\u00fai \u0111\u00f4ng l\u1ea1nh t\u1ebf b\u00e0o g\u1ed1c trong qu\u00e1 tr\u00ecnh l\u01b0u tr\u1eef.<\/h2>\n<p>\u0110\u01b0\u1ee3c s\u1eed d\u1ee5ng b\u1edfi c\u00e1c ng\u00e2n h\u00e0ng trung t\u00e2m l\u01b0u tr\u1eef t\u1ebf b\u00e0o g\u1ed1c h\u00e0ng \u0111\u1ea7u th\u1ebf gi\u1edbi, t\u00fai Teflon\u00ae FEP Overwrap \u0111\u00e3 ch\u1ee9ng minh \u0111\u01b0\u1ee3c ch\u1ea5t l\u01b0\u1ee3ng v\u00e0 x\u1ee9ng \u0111\u00e1ng cho s\u1ee9 m\u1ec7nh b\u1ea3o v\u1ec7 m\u1eabu t\u1ebf bao tr\u00e1nh kh\u1ecfi s\u1ef1 nhi\u1ec5m.<\/p>\n<p>T\u00fai bao ngo\u1ea1i Teflon\u00ae FEP Overwrap c\u00f3 vai tr\u00f2 nh\u01b0 m\u1ed9t l\u1edbp b\u1ea3o v\u1ec7 th\u1ee9 c\u1ea5p nh\u1eb1m tr\u00e1nh s\u1ef1 nhi\u1ec5m ch\u00e9o gi\u1eef c\u00e1c m\u1eabu t\u1ebf b\u00e0o v\u1edbi nhau.<\/p>\n<p style=\"text-align: center;\"><img fetchpriority=\"high\" decoding=\"async\" src=\"https:\/\/biogroupvietnam.com\/uploads\/RVPFTMksdZzXGvmZwbSFFPx0lXbEPv6Epwj6seVf.png\" alt=\"\" width=\"322\" height=\"213\" \/><\/p>\n<h3><strong>\u0110\u1eb7c \u0111i\u1ec3m v\u00e0 ti\u1ec7n \u00edch c\u1ee7a t\u00fai bao ngo\u00e0i Overwrap:<\/strong><\/h3>\n<ul>\n<li>L\u00e0m b\u1eb1ng nh\u1ef1a Teflon FEP film, ch\u1ecbu \u0111\u01b0\u1ee3c nhi\u1ec7t \u0111\u1ed9 d\u01b0\u1edbi -195oC (trong \u0111i\u1ec1u ki\u1ec7n nit\u01a1 l\u1ecfng), \u0111\u01b0\u1ee3c thi\u1ebft k\u1ebf chuy\u00ean b\u1ea3o v\u1ec7 <a href=\"https:\/\/biogroupvietnam.com\/vi\/products\/xu-ly-bao-quan-te-bao-goc\/giai-phap-xu-ly-te-bao-goc-mau-cuong-ron-thu-cong\/bo-tui-xu-ly-mau-cuong-ron-thu-cong.html\">t\u00fai b\u1ea3o qu\u1ea3n \u0111\u00f4ng l\u1ea1nh t\u1ebf b\u00e0o g\u1ed1c<\/a>.<\/li>\n<li>Nh\u1ef1a Teflon\u00ae FEP (fluorinated ethylene propylene)\u00a0\u0111\u00e1p \u1ee9ng ti\u00eau chu\u1ea9n USP Class VI plastic v\u00e0 \u0111\u01b0\u1ee3c FDA c\u00f4ng nh\u1eadn.<\/li>\n<li>R\u1ea5t b\u1ec1n trong \u0111i\u1ec1u ki\u1ec7n l\u01b0u m\u1eabu trong pha l\u1ecfng c\u1ee7a nit\u01a1 l\u1ecfng.<\/li>\n<li>K\u00edch th\u01b0\u1edbc overwrap \u0111\u01b0\u1ee3c thi\u1ebft k\u1ebf v\u1eeba v\u1eb7n v\u1edbi b\u1ea5t k\u1ef3\u00a0lo\u1ea1i canister n\u00e0o c\u1ee7a h\u1ec7 th\u1ed1ng l\u01b0u tr\u1eef t\u1ebf b\u00e0o g\u1ed1c trong nit\u01a1 l\u1ecfng.<\/li>\n<li>Si\u00eau b\u1ec1n trong va ch\u1ea1m (trong qu\u00e1 tr\u00ecnh v\u1eadn chuy\u1ec3n m\u1eabu).<\/li>\n<li>L\u00e0 s\u1ef1 l\u1ef1a ch\u1ecdn ho\u00e0n h\u1ea3o \u0111\u1ec3 b\u1ea3o v\u1ec7 \u0111\u01a1n v\u1ecb t\u1ebf b\u00e0o g\u1ed1c m\u00e1u cu\u1ed1ng r\u1ed1n (trong qu\u00e1 tr\u00ecnh l\u01b0u m\u1eabu v\u00e0 v\u1eadn chuy\u1ec3n m\u1eabu).<\/li>\n<li>D\u1ec5 d\u00e0ng k\u1ebft h\u1ee3p v\u00e0o <a href=\"https:\/\/biogroupvietnam.com\/vi\/products\/xu-ly-bao-quan-te-bao-goc\/giai-phap-bao-quan-te-bao-goc-hoan-toan-tu-dong\/he-thong-luu-tru-tu-dong-bioarchive.html\">h\u1ec7 th\u1ed1ng BioArchive<\/a> (Thermogenesis &#8211; M\u1ef9).<\/li>\n<li>B\u1ea3o v\u1ec7 t\u00fai b\u1ea3o qu\u1ea3n \u0111\u00f4ng l\u1ea1nh t\u1ebf b\u00e0o (freezing bags) trong nit\u01a1 l\u1ecfng c\u1ee7a nhi\u1ec1u\u00a0\u1ee9ng d\u1ee5ng kh\u00e1c nhau.<\/li>\n<\/ul>\n","protected":false},"excerpt":{"rendered":"<p>T\u00fai bao ngo\u00e0i b\u1eb1ng nh\u1ef1a Teflon\u00ae FEP (Teflon\u00ae FEP Overwrap Bags) l\u00e0 m\u1ed9t l\u1ef1a ch\u1ecdn l\u00fd t\u01b0\u1edfng \u0111\u1ec3 b\u1ea3o v\u1ec7 c\u00e1c t\u00fai \u0111\u00f4ng l\u1ea1nh t\u1ebf b\u00e0o g\u1ed1c trong qu\u00e1 tr\u00ecnh l\u01b0u tr\u1eef. \u0110\u01b0\u1ee3c s\u1eed d\u1ee5ng b\u1edfi c\u00e1c ng\u00e2n h\u00e0ng trung t\u00e2m l\u01b0u tr\u1eef t\u1ebf b\u00e0o g\u1ed1c h\u00e0ng \u0111\u1ea7u th\u1ebf gi\u1edbi, t\u00fai Teflon\u00ae FEP Overwrap \u0111\u00e3<\/p>\n<div class=\"klb-readmore post-buttons\"><a class=\"button rounded primary\" href=\"https:\/\/biogroupvietnam.com\/vi\/san-pham\/tui-overwrap\/\">Read More <i class=\"klbth-icon-right-arrow\"><\/i><\/a><\/div>\n","protected":false},"featured_media":9023,"comment_status":"closed","ping_status":"closed","template":"","meta":{"_acf_changed":false},"product_brand":[139],"product_cat":[84],"product_tag":[],"class_list":{"0":"post-3744","1":"product","2":"type-product","3":"status-publish","4":"has-post-thumbnail","6":"product_brand-welch-fluorocarbon","7":"product_cat-thiet-bi-vat-tu-ho-tro","9":"first","10":"outofstock","11":"shipping-taxable","12":"product-type-simple"},"acf":[],"yoast_head":"<!-- This site is optimized with the Yoast SEO plugin v26.8 - https:\/\/yoast.com\/product\/yoast-seo-wordpress\/ -->\n<title>T\u00fai Bao Ngo\u00e0i Overwrap<\/title>\n<meta name=\"description\" content=\"T\u00fai bao ngo\u00e0i b\u1eb1ng nh\u1ef1a Teflon\u00ae FEP (Teflon\u00ae FEP Overwrap Bags) l\u00e0 m\u1ed9t l\u1ef1a ch\u1ecdn l\u00fd t\u01b0\u1edfng \u0111\u1ec3 b\u1ea3o v\u1ec7 c\u00e1c t\u00fai \u0111\u00f4ng l\u1ea1nh t\u1ebf b\u00e0o g\u1ed1c trong qu\u00e1 tr\u00ecnh l\u01b0u tr\u1eef.\" \/>\n<meta name=\"robots\" content=\"index, follow, max-snippet:-1, max-image-preview:large, max-video-preview:-1\" \/>\n<link rel=\"canonical\" href=\"https:\/\/biogroupvietnam.com\/vi\/san-pham\/tui-overwrap\/\" \/>\n<meta property=\"og:locale\" content=\"vi_VN\" \/>\n<meta property=\"og:type\" content=\"article\" \/>\n<meta property=\"og:title\" content=\"T\u00fai Bao Ngo\u00e0i Overwrap\" \/>\n<meta property=\"og:description\" content=\"T\u00fai bao ngo\u00e0i b\u1eb1ng nh\u1ef1a Teflon\u00ae FEP (Teflon\u00ae FEP Overwrap Bags) l\u00e0 m\u1ed9t l\u1ef1a ch\u1ecdn l\u00fd t\u01b0\u1edfng \u0111\u1ec3 b\u1ea3o v\u1ec7 c\u00e1c t\u00fai \u0111\u00f4ng l\u1ea1nh t\u1ebf b\u00e0o g\u1ed1c trong qu\u00e1 tr\u00ecnh l\u01b0u tr\u1eef.\" \/>\n<meta property=\"og:url\" content=\"https:\/\/biogroupvietnam.com\/vi\/san-pham\/tui-overwrap\/\" \/>\n<meta property=\"og:site_name\" content=\"Biogroup Vietnam\" \/>\n<meta property=\"article:modified_time\" content=\"2025-11-17T10:02:43+00:00\" \/>\n<meta property=\"og:image\" content=\"https:\/\/biogroupvietnam.com\/wp-content\/uploads\/2025\/08\/Overwrap-Welch.jpg\" \/>\n\t<meta property=\"og:image:width\" content=\"1640\" \/>\n\t<meta property=\"og:image:height\" content=\"1260\" \/>\n\t<meta property=\"og:image:type\" content=\"image\/jpeg\" \/>\n<meta name=\"twitter:card\" content=\"summary_large_image\" \/>\n<meta name=\"twitter:label1\" content=\"\u01af\u1edbc t\u00ednh th\u1eddi gian \u0111\u1ecdc\" \/>\n\t<meta name=\"twitter:data1\" content=\"2 ph\u00fat\" \/>\n<script type=\"application\/ld+json\" class=\"yoast-schema-graph\">{\"@context\":\"https:\/\/schema.org\",\"@graph\":[{\"@type\":\"WebPage\",\"@id\":\"https:\/\/biogroupvietnam.com\/vi\/san-pham\/tui-overwrap\/\",\"url\":\"https:\/\/biogroupvietnam.com\/vi\/san-pham\/tui-overwrap\/\",\"name\":\"T\u00fai Bao Ngo\u00e0i Overwrap\",\"isPartOf\":{\"@id\":\"https:\/\/biogroupvietnam.com\/vi\/#website\"},\"primaryImageOfPage\":{\"@id\":\"https:\/\/biogroupvietnam.com\/vi\/san-pham\/tui-overwrap\/#primaryimage\"},\"image\":{\"@id\":\"https:\/\/biogroupvietnam.com\/vi\/san-pham\/tui-overwrap\/#primaryimage\"},\"thumbnailUrl\":\"https:\/\/biogroupvietnam.com\/wp-content\/uploads\/2025\/08\/Overwrap-Welch.jpg\",\"datePublished\":\"2025-08-18T12:52:49+00:00\",\"dateModified\":\"2025-11-17T10:02:43+00:00\",\"description\":\"T\u00fai bao ngo\u00e0i b\u1eb1ng nh\u1ef1a Teflon\u00ae FEP (Teflon\u00ae FEP Overwrap Bags) l\u00e0 m\u1ed9t l\u1ef1a ch\u1ecdn l\u00fd t\u01b0\u1edfng \u0111\u1ec3 b\u1ea3o v\u1ec7 c\u00e1c t\u00fai \u0111\u00f4ng l\u1ea1nh t\u1ebf b\u00e0o g\u1ed1c trong qu\u00e1 tr\u00ecnh l\u01b0u tr\u1eef.\",\"breadcrumb\":{\"@id\":\"https:\/\/biogroupvietnam.com\/vi\/san-pham\/tui-overwrap\/#breadcrumb\"},\"inLanguage\":\"vi\",\"potentialAction\":[{\"@type\":\"ReadAction\",\"target\":[\"https:\/\/biogroupvietnam.com\/vi\/san-pham\/tui-overwrap\/\"]}]},{\"@type\":\"ImageObject\",\"inLanguage\":\"vi\",\"@id\":\"https:\/\/biogroupvietnam.com\/vi\/san-pham\/tui-overwrap\/#primaryimage\",\"url\":\"https:\/\/biogroupvietnam.com\/wp-content\/uploads\/2025\/08\/Overwrap-Welch.jpg\",\"contentUrl\":\"https:\/\/biogroupvietnam.com\/wp-content\/uploads\/2025\/08\/Overwrap-Welch.jpg\",\"width\":1640,\"height\":1260},{\"@type\":\"BreadcrumbList\",\"@id\":\"https:\/\/biogroupvietnam.com\/vi\/san-pham\/tui-overwrap\/#breadcrumb\",\"itemListElement\":[{\"@type\":\"ListItem\",\"position\":1,\"name\":\"Trang ch\u1ee7\",\"item\":\"https:\/\/biogroupvietnam.com\/vi\/\"},{\"@type\":\"ListItem\",\"position\":2,\"name\":\"S\u1ea3n ph\u1ea9m\",\"item\":\"https:\/\/biogroupvietnam.com\/vi\/san-pham\/\"},{\"@type\":\"ListItem\",\"position\":3,\"name\":\"X\u1eed L\u00fd T\u1ebf B\u00e0o\",\"item\":\"https:\/\/biogroupvietnam.com\/vi\/danh-muc-san-pham\/xu-ly-te-bao\/\"},{\"@type\":\"ListItem\",\"position\":4,\"name\":\"Thi\u1ebft B\u1ecb &amp; V\u1eadt T\u01b0 H\u1ed7 Tr\u1ee3\",\"item\":\"https:\/\/biogroupvietnam.com\/vi\/danh-muc-san-pham\/thiet-bi-vat-tu-ho-tro\/\"},{\"@type\":\"ListItem\",\"position\":5,\"name\":\"T\u00fai Bao Ngo\u00e0i Overwrap\"}]},{\"@type\":\"WebSite\",\"@id\":\"https:\/\/biogroupvietnam.com\/vi\/#website\",\"url\":\"https:\/\/biogroupvietnam.com\/vi\/\",\"name\":\"Biogroup Vietnam\",\"description\":\"Biogroup Vietnam cung c\u1ea5p d\u1ecbch v\u1ee5 k\u1ef9 thu\u1eadt c\u00f9ng thi\u1ebft b\u1ecb, v\u1eadt t\u01b0, h\u00f3a ch\u1ea5t v\u00e0 gi\u1ea3i ph\u00e1p sinh h\u1ecdc cho ph\u00f2ng th\u00ed nghi\u1ec7m c\u00f4ng ngh\u1ec7 sinh h\u1ecdc, y sinh v\u00e0 y h\u1ecdc t\u00e1i t\u1ea1o.\",\"potentialAction\":[{\"@type\":\"SearchAction\",\"target\":{\"@type\":\"EntryPoint\",\"urlTemplate\":\"https:\/\/biogroupvietnam.com\/vi\/?s={search_term_string}\"},\"query-input\":{\"@type\":\"PropertyValueSpecification\",\"valueRequired\":true,\"valueName\":\"search_term_string\"}}],\"inLanguage\":\"vi\"}]}<\/script>\n<!-- \/ Yoast SEO plugin. -->","yoast_head_json":{"title":"T\u00fai Bao Ngo\u00e0i Overwrap","description":"T\u00fai bao ngo\u00e0i b\u1eb1ng nh\u1ef1a Teflon\u00ae FEP (Teflon\u00ae FEP Overwrap Bags) l\u00e0 m\u1ed9t l\u1ef1a ch\u1ecdn l\u00fd t\u01b0\u1edfng \u0111\u1ec3 b\u1ea3o v\u1ec7 c\u00e1c t\u00fai \u0111\u00f4ng l\u1ea1nh t\u1ebf b\u00e0o g\u1ed1c trong qu\u00e1 tr\u00ecnh l\u01b0u tr\u1eef.","robots":{"index":"index","follow":"follow","max-snippet":"max-snippet:-1","max-image-preview":"max-image-preview:large","max-video-preview":"max-video-preview:-1"},"canonical":"https:\/\/biogroupvietnam.com\/vi\/san-pham\/tui-overwrap\/","og_locale":"vi_VN","og_type":"article","og_title":"T\u00fai Bao Ngo\u00e0i Overwrap","og_description":"T\u00fai bao ngo\u00e0i b\u1eb1ng nh\u1ef1a Teflon\u00ae FEP (Teflon\u00ae FEP Overwrap Bags) l\u00e0 m\u1ed9t l\u1ef1a ch\u1ecdn l\u00fd t\u01b0\u1edfng \u0111\u1ec3 b\u1ea3o v\u1ec7 c\u00e1c t\u00fai \u0111\u00f4ng l\u1ea1nh t\u1ebf b\u00e0o g\u1ed1c trong qu\u00e1 tr\u00ecnh l\u01b0u tr\u1eef.","og_url":"https:\/\/biogroupvietnam.com\/vi\/san-pham\/tui-overwrap\/","og_site_name":"Biogroup Vietnam","article_modified_time":"2025-11-17T10:02:43+00:00","og_image":[{"width":1640,"height":1260,"url":"https:\/\/biogroupvietnam.com\/wp-content\/uploads\/2025\/08\/Overwrap-Welch.jpg","type":"image\/jpeg"}],"twitter_card":"summary_large_image","twitter_misc":{"\u01af\u1edbc t\u00ednh th\u1eddi gian \u0111\u1ecdc":"2 ph\u00fat"},"schema":{"@context":"https:\/\/schema.org","@graph":[{"@type":"WebPage","@id":"https:\/\/biogroupvietnam.com\/vi\/san-pham\/tui-overwrap\/","url":"https:\/\/biogroupvietnam.com\/vi\/san-pham\/tui-overwrap\/","name":"T\u00fai Bao Ngo\u00e0i Overwrap","isPartOf":{"@id":"https:\/\/biogroupvietnam.com\/vi\/#website"},"primaryImageOfPage":{"@id":"https:\/\/biogroupvietnam.com\/vi\/san-pham\/tui-overwrap\/#primaryimage"},"image":{"@id":"https:\/\/biogroupvietnam.com\/vi\/san-pham\/tui-overwrap\/#primaryimage"},"thumbnailUrl":"https:\/\/biogroupvietnam.com\/wp-content\/uploads\/2025\/08\/Overwrap-Welch.jpg","datePublished":"2025-08-18T12:52:49+00:00","dateModified":"2025-11-17T10:02:43+00:00","description":"T\u00fai bao ngo\u00e0i b\u1eb1ng nh\u1ef1a Teflon\u00ae FEP (Teflon\u00ae FEP Overwrap Bags) l\u00e0 m\u1ed9t l\u1ef1a ch\u1ecdn l\u00fd t\u01b0\u1edfng \u0111\u1ec3 b\u1ea3o v\u1ec7 c\u00e1c t\u00fai \u0111\u00f4ng l\u1ea1nh t\u1ebf b\u00e0o g\u1ed1c trong qu\u00e1 tr\u00ecnh l\u01b0u tr\u1eef.","breadcrumb":{"@id":"https:\/\/biogroupvietnam.com\/vi\/san-pham\/tui-overwrap\/#breadcrumb"},"inLanguage":"vi","potentialAction":[{"@type":"ReadAction","target":["https:\/\/biogroupvietnam.com\/vi\/san-pham\/tui-overwrap\/"]}]},{"@type":"ImageObject","inLanguage":"vi","@id":"https:\/\/biogroupvietnam.com\/vi\/san-pham\/tui-overwrap\/#primaryimage","url":"https:\/\/biogroupvietnam.com\/wp-content\/uploads\/2025\/08\/Overwrap-Welch.jpg","contentUrl":"https:\/\/biogroupvietnam.com\/wp-content\/uploads\/2025\/08\/Overwrap-Welch.jpg","width":1640,"height":1260},{"@type":"BreadcrumbList","@id":"https:\/\/biogroupvietnam.com\/vi\/san-pham\/tui-overwrap\/#breadcrumb","itemListElement":[{"@type":"ListItem","position":1,"name":"Trang ch\u1ee7","item":"https:\/\/biogroupvietnam.com\/vi\/"},{"@type":"ListItem","position":2,"name":"S\u1ea3n ph\u1ea9m","item":"https:\/\/biogroupvietnam.com\/vi\/san-pham\/"},{"@type":"ListItem","position":3,"name":"X\u1eed L\u00fd T\u1ebf B\u00e0o","item":"https:\/\/biogroupvietnam.com\/vi\/danh-muc-san-pham\/xu-ly-te-bao\/"},{"@type":"ListItem","position":4,"name":"Thi\u1ebft B\u1ecb &amp; V\u1eadt T\u01b0 H\u1ed7 Tr\u1ee3","item":"https:\/\/biogroupvietnam.com\/vi\/danh-muc-san-pham\/thiet-bi-vat-tu-ho-tro\/"},{"@type":"ListItem","position":5,"name":"T\u00fai Bao Ngo\u00e0i Overwrap"}]},{"@type":"WebSite","@id":"https:\/\/biogroupvietnam.com\/vi\/#website","url":"https:\/\/biogroupvietnam.com\/vi\/","name":"Biogroup Vietnam","description":"Biogroup Vietnam cung c\u1ea5p d\u1ecbch v\u1ee5 k\u1ef9 thu\u1eadt c\u00f9ng thi\u1ebft b\u1ecb, v\u1eadt t\u01b0, h\u00f3a ch\u1ea5t v\u00e0 gi\u1ea3i ph\u00e1p sinh h\u1ecdc cho ph\u00f2ng th\u00ed nghi\u1ec7m c\u00f4ng ngh\u1ec7 sinh h\u1ecdc, y sinh v\u00e0 y h\u1ecdc t\u00e1i t\u1ea1o.","potentialAction":[{"@type":"SearchAction","target":{"@type":"EntryPoint","urlTemplate":"https:\/\/biogroupvietnam.com\/vi\/?s={search_term_string}"},"query-input":{"@type":"PropertyValueSpecification","valueRequired":true,"valueName":"search_term_string"}}],"inLanguage":"vi"}]}},"_links":{"self":[{"href":"https:\/\/biogroupvietnam.com\/vi\/wp-json\/wp\/v2\/product\/3744","targetHints":{"allow":["GET"]}}],"collection":[{"href":"https:\/\/biogroupvietnam.com\/vi\/wp-json\/wp\/v2\/product"}],"about":[{"href":"https:\/\/biogroupvietnam.com\/vi\/wp-json\/wp\/v2\/types\/product"}],"replies":[{"embeddable":true,"href":"https:\/\/biogroupvietnam.com\/vi\/wp-json\/wp\/v2\/comments?post=3744"}],"version-history":[{"count":3,"href":"https:\/\/biogroupvietnam.com\/vi\/wp-json\/wp\/v2\/product\/3744\/revisions"}],"predecessor-version":[{"id":9024,"href":"https:\/\/biogroupvietnam.com\/vi\/wp-json\/wp\/v2\/product\/3744\/revisions\/9024"}],"wp:featuredmedia":[{"embeddable":true,"href":"https:\/\/biogroupvietnam.com\/vi\/wp-json\/wp\/v2\/media\/9023"}],"wp:attachment":[{"href":"https:\/\/biogroupvietnam.com\/vi\/wp-json\/wp\/v2\/media?parent=3744"}],"wp:term":[{"taxonomy":"product_brand","embeddable":true,"href":"https:\/\/biogroupvietnam.com\/vi\/wp-json\/wp\/v2\/product_brand?post=3744"},{"taxonomy":"product_cat","embeddable":true,"href":"https:\/\/biogroupvietnam.com\/vi\/wp-json\/wp\/v2\/product_cat?post=3744"},{"taxonomy":"product_tag","embeddable":true,"href":"https:\/\/biogroupvietnam.com\/vi\/wp-json\/wp\/v2\/product_tag?post=3744"}],"curies":[{"name":"wp","href":"https:\/\/api.w.org\/{rel}","templated":true}]}}