{"id":3745,"date":"2025-08-18T19:52:49","date_gmt":"2025-08-18T12:52:49","guid":{"rendered":"http:\/\/biogroupvietnam-worldpress.local\/product\/import-placeholder-for-95\/"},"modified":"2026-01-12T17:10:52","modified_gmt":"2026-01-12T10:10:52","slug":"mve-cryosystem-6000-fa","status":"publish","type":"product","link":"https:\/\/biogroupvietnam.com\/vi\/san-pham\/mve-cryosystem-6000-fa\/","title":{"rendered":"B\u00ecnh L\u01b0u Tr\u1eef M\u1eabu MVE CryoSystem 6000 FA"},"content":{"rendered":"<p>B\u00ecnh nit\u01a1 l\u01b0u tr\u1eef m\u1eabu sinh h\u1ecdc MVE CryoSystem 6000 Full Auto (FA) \u0111\u01b0\u1ee3c thi\u1ebft k\u1ebf nh\u1ecf g\u1ecdn, s\u1ef1 k\u1ebft h\u1ee3p hi\u1ec7u qu\u1ea3 c\u1ee7a b\u00ecnh nh\u00f4m l\u01b0u tr\u1eef m\u1eabu sinh h\u1ecdc v\u1edbi h\u1ec7 th\u1ed1ng \u0111i\u1ec1u khi\u1ec3n TEC 3000 ki\u1ec3m so\u00e1t t\u1ef1 \u0111\u1ed9ng n\u1ea1p nit\u01a1 l\u1ecfng.<\/p>\n<p>D\u1ef1a tr\u00ean s\u1ef1 ch\u00eanh l\u1ec7ch \u00e1p su\u1ea5t \u0111\u1ec3 ki\u1ec3m so\u00e1t m\u1ef1c nit\u01a1 l\u1ecfng trong b\u00ecnh, cho ph\u00e9p tr\u1eef m\u1eabu trong nit\u01a1 l\u1ecfng ho\u1eb7c \u1edf pha h\u01a1i \u1edf nhi\u1ec7t \u0111\u1ed9 -190oC. Ph\u1ea7n m\u1ec1m TEC 3000 li\u00ean t\u1ee5c gi\u00e1m s\u00e1t, ghi nh\u1eadn nhi\u1ec7t \u0111\u1ed9 v\u00e0 m\u1ef1c nit\u01a1 l\u1ecfng trong b\u00ecnh, t\u1ef1 \u0111\u1ed9ng n\u1ea1p nit\u01a1 l\u1ecfng khi c\u1ea7n, cung c\u1ea5p c\u1ea3nh b\u00e1o \u00e2m thanh\/ h\u00ecnh \u1ea3nh v\u1edbi k\u1ebft n\u1ed1i t\u1eeb xa khi c\u1ea7n thi\u1ebft. H\u1ec7 s\u1ed1 an to\u00e0n \u0111\u01b0\u1ee3c n\u00e2ng cao v\u00e0 kinh ph\u00ed vi\u1ec7c kh\u00f4ng ph\u1ea3i n\u1ea1p nit\u01a1 l\u1ecfng v\u00e0o b\u00ecnh theo c\u00e1ch th\u1ee7 c\u00f4ng, v\u00e0 c\u0169ng gi\u00fap duy tr\u00ec nhi\u1ec7t \u0111\u1ed9 trong b\u00ecnh \u1ed5n \u0111\u1ecbnh khi l\u01b0u tr\u1eef m\u1eabu sinh h\u1ecdc \u1edf pha h\u01a1i.<\/p>\n<p>B\u00ecnh MVE CryoSystem 6000 Full Auto \u0111\u1ea3m b\u1ea3o s\u1ef1 an to\u00e0n v\u00e0 ti\u1ec7n l\u1ee3i \u0111\u1ed1i v\u1edbi l\u01b0\u1ee3ng m\u1eabu c\u1ea7n b\u1ea3o qu\u1ea3n kh\u00f4ng nhi\u1ec1u (trung b\u00ecnh) v\u1edbi chi ph\u00ed \u0111\u1ea7u t\u01b0 th\u1ea5p h\u01a1n nhi\u1ec1u so v\u1edbi vi\u1ec7c \u0111\u1ea7u t\u01b0 b\u00ecnh nit\u01a1 b\u1eb1ng th\u00e9p kh\u00f4ng g\u1ec9.<\/p>\n<h3>\u0110\u1eb7c t\u00ednh k\u1ef9 thu\u1eadt c\u1ee7a b\u00ecnh l\u01b0u tr\u1eef m\u1eabu MVE CryoSystem 6000 Full Auto<\/h3>\n<ul>\n<li>\u0110i\u1ec1u ch\u1ec9nh, gi\u00e1m s\u00e1t m\u1ef1c nit\u01a1 l\u1ecfng v\u00e0 nhi\u1ec7t \u0111\u1ed9 t\u1ef1 \u0111\u1ed9ng.<\/li>\n<li>C\u00f3 th\u1ec3 d\u00f9ng \u0111\u1ec3 l\u01b0u m\u1eabu sinh h\u1ecdc trong nit\u01a1 l\u1ecfng \u1edf pha l\u1ecfng ho\u1eb7c h\u01a1i.<\/li>\n<li>Theo d\u00f5i v\u00e0 hi\u1ec3n th\u1ecb m\u1ee9c ti\u00eau th\u1ee5 nit\u01a1.<\/li>\n<li>C\u00f3 17 ch\u01b0\u01a1ng tr\u00ecnh c\u00e0i \u0111\u1eb7t c\u1ee7a ng\u01b0\u1eddi d\u00f9ng v\u1ec1 c\u1ea3nh b\u00e1o \u00e2m thanh\/ h\u00ecnh \u1ea3nh, bao g\u1ed3m nhi\u1ec7t \u0111\u1ed9 cao, m\u1ee9c th\u1ea5p trong b\u00ecnh, th\u1eddi gian n\u1ea1p \u0111\u1ea7y nit\u01a1 l\u1ecfng, \u2026<\/li>\n<li>Kh\u1ea3 n\u0103ng gi\u00e1m s\u00e1t v\u00e0 giao ti\u1ebfp t\u1eeb xa.<\/li>\n<li>L\u01b0u tr\u1eef d\u1eef li\u1ec7u \u0111i\u1ec7n t\u1eed l\u00ean \u0111\u1ebfn 10 n\u0103m kh\u00f4ng thay \u0111\u1ed5i, th\u1eddi gian ghi d\u1eef li\u1ec7u kh\u00f4ng bi\u1ebfn \u0111\u1ed5i d\u1ec5 d\u00e0ng trong truy xu\u1ea5t d\u1eef li\u1ec7u v\u00e0 c\u00e1c l\u1ea7n x\u1eed l\u00fd s\u1ef1 c\u1ed1 k\u1ef9 thu\u1eadt.<\/li>\n<li>D\u1ec5 d\u00e0ng v\u1eadn chuy\u1ec3n trong tr\u01b0\u1eddng h\u1ee3p kh\u1ea9n c\u1ea5p ho\u1eb7c trong tr\u01b0\u1eddng h\u1ee3p thi\u00ean tai.<\/li>\n<li>Gi\u00e1m s\u00e1t nhi\u1ec7t \u0111\u1ed9 \u0111\u01a1n l\u1ebb.<\/li>\n<li>Ch\u1ea5t li\u1ec7u v\u1ecf b\u00ecnh l\u00e0m b\u1eb1ng nh\u00f4m, b\u1ec1n nh\u1eb9.<\/li>\n<\/ul>\n<h3>\u0110\u1eb7c t\u00ednh k\u1ef9 thu\u1eadt c\u1ee7a ph\u1ea7n m\u1ec1m \u0111i\u1ec1u khi\u1ec3n TEC 3000<\/h3>\n<ul>\n<li>T\u1ef1 \u0111\u1ed9ng \u0111o v\u00e0 ki\u1ec3m so\u00e1t m\u1ef1c nit\u01a1 l\u1ecfng trong b\u00ecnh v\u1edbi \u0111\u1ed9 ch\u00ednh x\u00e1c: \u00b115 mm.<\/li>\n<li>T\u1ef1 \u0111\u1ed9ng n\u1ea1p nit\u01a1 l\u1ecfng b\u1eb1ng van Solenoid theo ch\u01b0\u01a1ng tr\u00ecnh c\u00e0i \u0111\u1eb7t s\u1eb5n.<\/li>\n<li>C\u00f3 h\u1ec7 th\u1ed1ng &#8220;hot gas bypass&#8221; gi\u00fap lo\u1ea1i b\u1ecf kh\u00ed n\u00f3ng tr\u01b0\u1edbc khi b\u01a1m nit\u01a1 l\u1ecfng v\u00e0o b\u00ecnh \u0111\u1ec3 b\u1ea3o v\u1ec7 m\u1eabu t\u1ed1t nh\u1ea5t.<\/li>\n<li>T\u1ef1 \u0111\u1ed9ng ki\u1ec3m so\u00e1t nhi\u1ec7t \u0111\u1ed9 t\u1ea1i 2 \u0111i\u1ec3m b\u1eb1ng \u0111i\u1ec7n c\u1ef1c Platinum RTD \u0111\u1ed9 ch\u00ednh x\u00e1c \u00b11.0\u00b0C.<\/li>\n<li>M\u00e0n h\u00ecnh LCD\u00a0hi\u1ec3n th\u1ecb: Nhi\u1ec7t \u0111\u1ed9 t\u1ea1i 2 \u0111i\u1ec3m \u0111\u00e1y b\u00ecnh v\u00e0 c\u1ed5 b\u00ecnh, m\u1ef1c nit\u01a1 v\u00e0 l\u01b0\u1ee3ng nit\u01a1 l\u1ecfng hao h\u1ee5t m\u1ed7i ng\u00e0y.<\/li>\n<li>H\u1ec7 th\u1ed1ng password b\u1ea3o v\u1ec7 khi c\u00e0i \u0111\u1eb7t ch\u01b0\u01a1ng tr\u00ecnh.<\/li>\n<li>H\u1ec7 th\u1ed1ng b\u00e1o \u0111\u1ed9ng v\u1edbi c\u00e1c ch\u1ee9c n\u0103ng: M\u1ef1c nit\u01a1 cao, th\u1ea5p. Nhi\u1ec7t \u0111\u1ed9 cao, th\u1ea5p. Th\u1eddi gian b\u01a1m nit\u01a1 \u0111\u1ea7y. Hi\u1ec7u chu\u1ea9n nhi\u1ec7t \u0111\u1ed9. Khi m\u1edf n\u1eafp b\u00ecnh l\u01b0u tr\u1eef. Gas bypass. Pin y\u1ebfu. M\u1ea5t k\u1ebft n\u1ed1i.<\/li>\n<li>C\u00f3 b\u1ed9 nh\u1edb l\u01b0u tr\u1eef d\u1eef li\u1ec7u l\u00ean t\u1edbi: 30.000 k\u1ebft qu\u1ea3 \u01b0\u1edbc t\u00ednh kho\u1ea3ng 10 n\u0103m l\u01b0u tr\u1eef dung l\u01b0\u1ee3ng. C\u00e1c d\u1eef li\u1ec7u l\u01b0u tr\u1eef bao g\u1ed3m: Th\u1eddi gian ghi nhi\u1ec7t \u0111\u1ed9, m\u1ee9c nit\u01a1 l\u1ecfng, m\u1ee9c s\u1eed d\u1ee5ng ch\u1ea5t l\u1ecfng, v\u00e0 b\u1ea5t k\u1ef3 b\u00e1o \u0111\u1ed9ng ho\u1eb7c c\u00e1c tr\u01b0\u1eddng h\u1ee3p kh\u00e1c.<\/li>\n<\/ul>\n<h3>Th\u00f4ng s\u1ed1 k\u1ef9 thu\u1eadt <strong>MVE CryoSystem 6000 FA<\/strong><\/h3>\n<figure class=\"table\">\n<table>\n<tbody>\n<tr>\n<td colspan=\"2\"><strong>C\u00f4ng su\u1ea5t tr\u1eef t\u1ed1i \u0111a c\u1ee7a b\u00ecnh MVE CryoSystem 6000 Full Auto:\u00a0\u00a0\u00a0\u00a0\u00a0<\/strong><\/td>\n<\/tr>\n<tr>\n<td>&#8211; S\u1ed1 l\u01b0\u1ee3ng gi\u00e1 \u0111\u1ee1 (rack)<\/td>\n<td>\n<p style=\"text-align: center;\">6<\/p>\n<\/td>\n<\/tr>\n<tr>\n<td>&#8211; S\u1ed1 \u1ed1ng vial 1.2 &amp; 2 mL (100 \u1ed1ng vial\/ h\u1ed9p)<\/td>\n<td>\n<p style=\"text-align: center;\">6000<\/p>\n<\/td>\n<\/tr>\n<tr>\n<td>&#8211; S\u1ed1 h\u1ed9p ch\u1ee9a \u1ed1ng vial tr\u00ean 1 gi\u00e1 \u0111\u1ee1<\/td>\n<td>\n<p style=\"text-align: center;\">10<\/p>\n<\/td>\n<\/tr>\n<tr>\n<td colspan=\"2\"><strong>Hi\u1ec7u su\u1ea5t b\u00ecnh MVE CryoSystem 6000 Full Auto<\/strong><\/td>\n<\/tr>\n<tr>\n<td>&#8211; Kh\u1ea3 n\u0103ng ch\u1ee9a nit\u01a1 l\u1ecfng khi kh\u00f4ng l\u01b0u tr\u1eef m\u1eabu (l\u00edt)<\/td>\n<td>\n<p style=\"text-align: center;\">175<\/p>\n<\/td>\n<\/tr>\n<tr>\n<td>&#8211; L\u01b0\u1ee3ng nit\u01a1 ti\u00eau th\u1ee5 (bay h\u01a1i) m\u1ed7i ng\u00e0y* (l\u00edt\/ng\u00e0y)<\/td>\n<td>\n<p style=\"text-align: center;\">2.5<\/p>\n<\/td>\n<\/tr>\n<tr>\n<td colspan=\"2\"><strong>K\u00edch th\u01b0\u1edbc b\u00ecnh MVE CryoSystem 6000 Full Auto\u00a0\u00a0\u00a0\u00a0\u00a0\u00a0\u00a0\u00a0\u00a0\u00a0\u00a0\u00a0\u00a0\u00a0\u00a0\u00a0<\/strong><\/td>\n<\/tr>\n<tr>\n<td>&#8211; \u0110\u01b0\u1eddng k\u00ednh c\u1ed5 b\u00ecnh (mm)<\/td>\n<td>\n<p style=\"text-align: center;\">216<\/p>\n<\/td>\n<\/tr>\n<tr>\n<td>&#8211; Chi\u1ec1u cao t\u1ed5ng th\u1ec3 c\u1ee7a b\u00ecnh (t\u00ednh lu\u00f4n ph\u1ea7n n\u1ea1p t\u1ef1 \u0111\u1ed9ng) (mm):<\/td>\n<td>\n<p style=\"text-align: center;\">963<\/p>\n<\/td>\n<\/tr>\n<tr>\n<td>&#8211; \u0110\u01b0\u1eddng k\u00ednh ngo\u00e0i c\u1ee7a b\u00ecnh (mm)<\/td>\n<td>\n<p style=\"text-align: center;\">673<\/p>\n<\/td>\n<\/tr>\n<tr>\n<td>&#8211; Tr\u1ecdng l\u01b0\u1ee3ng b\u00ecnh r\u1ed7ng (kg)<\/td>\n<td>\n<p style=\"text-align: center;\">70.7<\/p>\n<\/td>\n<\/tr>\n<tr>\n<td>&#8211; Tr\u1ecdng l\u01b0\u1ee3ng b\u00ecnh \u0111\u1ea7y (kg)<\/td>\n<td>\n<p style=\"text-align: center;\">216.8<\/p>\n<\/td>\n<\/tr>\n<\/tbody>\n<\/table>\n<\/figure>\n","protected":false},"excerpt":{"rendered":"<p>B\u00ecnh nit\u01a1 l\u01b0u tr\u1eef m\u1eabu sinh h\u1ecdc MVE CryoSystem 6000 Full Auto (FA) \u0111\u01b0\u1ee3c thi\u1ebft k\u1ebf nh\u1ecf g\u1ecdn, s\u1ef1 k\u1ebft h\u1ee3p hi\u1ec7u qu\u1ea3 c\u1ee7a b\u00ecnh nh\u00f4m l\u01b0u tr\u1eef m\u1eabu sinh h\u1ecdc v\u1edbi h\u1ec7 th\u1ed1ng \u0111i\u1ec1u khi\u1ec3n TEC 3000 ki\u1ec3m so\u00e1t t\u1ef1 \u0111\u1ed9ng n\u1ea1p nit\u01a1 l\u1ecfng. D\u1ef1a tr\u00ean s\u1ef1 ch\u00eanh l\u1ec7ch \u00e1p su\u1ea5t \u0111\u1ec3 ki\u1ec3m so\u00e1t<\/p>\n<div class=\"klb-readmore post-buttons\"><a class=\"button rounded primary\" href=\"https:\/\/biogroupvietnam.com\/vi\/san-pham\/mve-cryosystem-6000-fa\/\">Read More <i class=\"klbth-icon-right-arrow\"><\/i><\/a><\/div>\n","protected":false},"featured_media":9081,"comment_status":"closed","ping_status":"closed","template":"","meta":{"_acf_changed":false},"product_brand":[128],"product_cat":[96],"product_tag":[],"class_list":{"0":"post-3745","1":"product","2":"type-product","3":"status-publish","4":"has-post-thumbnail","6":"product_brand-mve-biological-solutions","7":"product_cat-binh-nhom-tru-mau-trong-nito-long","9":"first","10":"outofstock","11":"shipping-taxable","12":"product-type-simple"},"acf":[],"yoast_head":"<!-- This site is optimized with the Yoast SEO plugin v26.8 - https:\/\/yoast.com\/product\/yoast-seo-wordpress\/ -->\n<title>B\u00ecnh L\u01b0u Tr\u1eef M\u1eabu MVE CryoSystem 6000 FA<\/title>\n<meta name=\"description\" content=\"B\u00ecnh nit\u01a1 l\u01b0u tr\u1eef m\u1eabu sinh h\u1ecdc MVE CryoSystem 6000 Full Auto (FA) \u0111\u01b0\u1ee3c thi\u1ebft k\u1ebf nh\u1ecf g\u1ecdn, s\u1ef1 k\u1ebft h\u1ee3p hi\u1ec7u qu\u1ea3 c\u1ee7a b\u00ecnh nh\u00f4m l\u01b0u tr\u1eef m\u1eabu sinh h\u1ecdc v\u1edbi h\u1ec7 th\u1ed1ng \u0111i\u1ec1u khi\u1ec3n TEC 3000 ki\u1ec3m so\u00e1t t\u1ef1 \u0111\u1ed9ng n\u1ea1p nit\u01a1 l\u1ecfng.\" \/>\n<meta name=\"robots\" content=\"index, follow, max-snippet:-1, max-image-preview:large, max-video-preview:-1\" \/>\n<link rel=\"canonical\" href=\"https:\/\/biogroupvietnam.com\/vi\/san-pham\/mve-cryosystem-6000-fa\/\" \/>\n<meta property=\"og:locale\" content=\"vi_VN\" \/>\n<meta property=\"og:type\" content=\"article\" \/>\n<meta property=\"og:title\" content=\"B\u00ecnh L\u01b0u Tr\u1eef M\u1eabu MVE CryoSystem 6000 FA\" \/>\n<meta property=\"og:description\" content=\"B\u00ecnh nit\u01a1 l\u01b0u tr\u1eef m\u1eabu sinh h\u1ecdc MVE CryoSystem 6000 Full Auto (FA) \u0111\u01b0\u1ee3c thi\u1ebft k\u1ebf nh\u1ecf g\u1ecdn, s\u1ef1 k\u1ebft h\u1ee3p hi\u1ec7u qu\u1ea3 c\u1ee7a b\u00ecnh nh\u00f4m l\u01b0u tr\u1eef m\u1eabu sinh h\u1ecdc v\u1edbi h\u1ec7 th\u1ed1ng \u0111i\u1ec1u khi\u1ec3n TEC 3000 ki\u1ec3m so\u00e1t t\u1ef1 \u0111\u1ed9ng n\u1ea1p nit\u01a1 l\u1ecfng.\" \/>\n<meta property=\"og:url\" content=\"https:\/\/biogroupvietnam.com\/vi\/san-pham\/mve-cryosystem-6000-fa\/\" \/>\n<meta property=\"og:site_name\" content=\"Biogroup Vietnam\" \/>\n<meta property=\"article:modified_time\" content=\"2026-01-12T10:10:52+00:00\" \/>\n<meta property=\"og:image\" content=\"https:\/\/biogroupvietnam.com\/wp-content\/uploads\/2025\/08\/MVE-CryoSystem-6000-FA.jpg\" \/>\n\t<meta property=\"og:image:width\" content=\"1640\" \/>\n\t<meta property=\"og:image:height\" content=\"1260\" \/>\n\t<meta property=\"og:image:type\" content=\"image\/jpeg\" \/>\n<meta name=\"twitter:card\" content=\"summary_large_image\" \/>\n<meta name=\"twitter:label1\" content=\"\u01af\u1edbc t\u00ednh th\u1eddi gian \u0111\u1ecdc\" \/>\n\t<meta name=\"twitter:data1\" content=\"4 ph\u00fat\" \/>\n<script type=\"application\/ld+json\" class=\"yoast-schema-graph\">{\"@context\":\"https:\/\/schema.org\",\"@graph\":[{\"@type\":\"WebPage\",\"@id\":\"https:\/\/biogroupvietnam.com\/vi\/san-pham\/mve-cryosystem-6000-fa\/\",\"url\":\"https:\/\/biogroupvietnam.com\/vi\/san-pham\/mve-cryosystem-6000-fa\/\",\"name\":\"B\u00ecnh L\u01b0u Tr\u1eef M\u1eabu MVE CryoSystem 6000 FA\",\"isPartOf\":{\"@id\":\"https:\/\/biogroupvietnam.com\/vi\/#website\"},\"primaryImageOfPage\":{\"@id\":\"https:\/\/biogroupvietnam.com\/vi\/san-pham\/mve-cryosystem-6000-fa\/#primaryimage\"},\"image\":{\"@id\":\"https:\/\/biogroupvietnam.com\/vi\/san-pham\/mve-cryosystem-6000-fa\/#primaryimage\"},\"thumbnailUrl\":\"https:\/\/biogroupvietnam.com\/wp-content\/uploads\/2025\/08\/MVE-CryoSystem-6000-FA.jpg\",\"datePublished\":\"2025-08-18T12:52:49+00:00\",\"dateModified\":\"2026-01-12T10:10:52+00:00\",\"description\":\"B\u00ecnh nit\u01a1 l\u01b0u tr\u1eef m\u1eabu sinh h\u1ecdc MVE CryoSystem 6000 Full Auto (FA) \u0111\u01b0\u1ee3c thi\u1ebft k\u1ebf nh\u1ecf g\u1ecdn, s\u1ef1 k\u1ebft h\u1ee3p hi\u1ec7u qu\u1ea3 c\u1ee7a b\u00ecnh nh\u00f4m l\u01b0u tr\u1eef m\u1eabu sinh h\u1ecdc v\u1edbi h\u1ec7 th\u1ed1ng \u0111i\u1ec1u khi\u1ec3n TEC 3000 ki\u1ec3m so\u00e1t t\u1ef1 \u0111\u1ed9ng n\u1ea1p nit\u01a1 l\u1ecfng.\",\"breadcrumb\":{\"@id\":\"https:\/\/biogroupvietnam.com\/vi\/san-pham\/mve-cryosystem-6000-fa\/#breadcrumb\"},\"inLanguage\":\"vi\",\"potentialAction\":[{\"@type\":\"ReadAction\",\"target\":[\"https:\/\/biogroupvietnam.com\/vi\/san-pham\/mve-cryosystem-6000-fa\/\"]}]},{\"@type\":\"ImageObject\",\"inLanguage\":\"vi\",\"@id\":\"https:\/\/biogroupvietnam.com\/vi\/san-pham\/mve-cryosystem-6000-fa\/#primaryimage\",\"url\":\"https:\/\/biogroupvietnam.com\/wp-content\/uploads\/2025\/08\/MVE-CryoSystem-6000-FA.jpg\",\"contentUrl\":\"https:\/\/biogroupvietnam.com\/wp-content\/uploads\/2025\/08\/MVE-CryoSystem-6000-FA.jpg\",\"width\":1640,\"height\":1260},{\"@type\":\"BreadcrumbList\",\"@id\":\"https:\/\/biogroupvietnam.com\/vi\/san-pham\/mve-cryosystem-6000-fa\/#breadcrumb\",\"itemListElement\":[{\"@type\":\"ListItem\",\"position\":1,\"name\":\"Trang ch\u1ee7\",\"item\":\"https:\/\/biogroupvietnam.com\/vi\/\"},{\"@type\":\"ListItem\",\"position\":2,\"name\":\"S\u1ea3n ph\u1ea9m\",\"item\":\"https:\/\/biogroupvietnam.com\/vi\/san-pham\/\"},{\"@type\":\"ListItem\",\"position\":3,\"name\":\"B\u1ea3o Qu\u1ea3n L\u1ea1nh T\u1ebf B\u00e0o\",\"item\":\"https:\/\/biogroupvietnam.com\/vi\/danh-muc-san-pham\/bao-quan-lanh-te-bao\/\"},{\"@type\":\"ListItem\",\"position\":4,\"name\":\"B\u00ecnh Nh\u00f4m Tr\u1eef M\u1eabu Trong Nit\u01a1 L\u1ecfng\",\"item\":\"https:\/\/biogroupvietnam.com\/vi\/danh-muc-san-pham\/binh-nhom-tru-mau-trong-nito-long\/\"},{\"@type\":\"ListItem\",\"position\":5,\"name\":\"B\u00ecnh L\u01b0u Tr\u1eef M\u1eabu MVE CryoSystem 6000 FA\"}]},{\"@type\":\"WebSite\",\"@id\":\"https:\/\/biogroupvietnam.com\/vi\/#website\",\"url\":\"https:\/\/biogroupvietnam.com\/vi\/\",\"name\":\"Biogroup Vietnam\",\"description\":\"Biogroup Vietnam cung c\u1ea5p d\u1ecbch v\u1ee5 k\u1ef9 thu\u1eadt c\u00f9ng thi\u1ebft b\u1ecb, v\u1eadt t\u01b0, h\u00f3a ch\u1ea5t v\u00e0 gi\u1ea3i ph\u00e1p sinh h\u1ecdc cho ph\u00f2ng th\u00ed nghi\u1ec7m c\u00f4ng ngh\u1ec7 sinh h\u1ecdc, y sinh v\u00e0 y h\u1ecdc t\u00e1i t\u1ea1o.\",\"potentialAction\":[{\"@type\":\"SearchAction\",\"target\":{\"@type\":\"EntryPoint\",\"urlTemplate\":\"https:\/\/biogroupvietnam.com\/vi\/?s={search_term_string}\"},\"query-input\":{\"@type\":\"PropertyValueSpecification\",\"valueRequired\":true,\"valueName\":\"search_term_string\"}}],\"inLanguage\":\"vi\"}]}<\/script>\n<!-- \/ Yoast SEO plugin. -->","yoast_head_json":{"title":"B\u00ecnh L\u01b0u Tr\u1eef M\u1eabu MVE CryoSystem 6000 FA","description":"B\u00ecnh nit\u01a1 l\u01b0u tr\u1eef m\u1eabu sinh h\u1ecdc MVE CryoSystem 6000 Full Auto (FA) \u0111\u01b0\u1ee3c thi\u1ebft k\u1ebf nh\u1ecf g\u1ecdn, s\u1ef1 k\u1ebft h\u1ee3p hi\u1ec7u qu\u1ea3 c\u1ee7a b\u00ecnh nh\u00f4m l\u01b0u tr\u1eef m\u1eabu sinh h\u1ecdc v\u1edbi h\u1ec7 th\u1ed1ng \u0111i\u1ec1u khi\u1ec3n TEC 3000 ki\u1ec3m so\u00e1t t\u1ef1 \u0111\u1ed9ng n\u1ea1p nit\u01a1 l\u1ecfng.","robots":{"index":"index","follow":"follow","max-snippet":"max-snippet:-1","max-image-preview":"max-image-preview:large","max-video-preview":"max-video-preview:-1"},"canonical":"https:\/\/biogroupvietnam.com\/vi\/san-pham\/mve-cryosystem-6000-fa\/","og_locale":"vi_VN","og_type":"article","og_title":"B\u00ecnh L\u01b0u Tr\u1eef M\u1eabu MVE CryoSystem 6000 FA","og_description":"B\u00ecnh nit\u01a1 l\u01b0u tr\u1eef m\u1eabu sinh h\u1ecdc MVE CryoSystem 6000 Full Auto (FA) \u0111\u01b0\u1ee3c thi\u1ebft k\u1ebf nh\u1ecf g\u1ecdn, s\u1ef1 k\u1ebft h\u1ee3p hi\u1ec7u qu\u1ea3 c\u1ee7a b\u00ecnh nh\u00f4m l\u01b0u tr\u1eef m\u1eabu sinh h\u1ecdc v\u1edbi h\u1ec7 th\u1ed1ng \u0111i\u1ec1u khi\u1ec3n TEC 3000 ki\u1ec3m so\u00e1t t\u1ef1 \u0111\u1ed9ng n\u1ea1p nit\u01a1 l\u1ecfng.","og_url":"https:\/\/biogroupvietnam.com\/vi\/san-pham\/mve-cryosystem-6000-fa\/","og_site_name":"Biogroup Vietnam","article_modified_time":"2026-01-12T10:10:52+00:00","og_image":[{"width":1640,"height":1260,"url":"https:\/\/biogroupvietnam.com\/wp-content\/uploads\/2025\/08\/MVE-CryoSystem-6000-FA.jpg","type":"image\/jpeg"}],"twitter_card":"summary_large_image","twitter_misc":{"\u01af\u1edbc t\u00ednh th\u1eddi gian \u0111\u1ecdc":"4 ph\u00fat"},"schema":{"@context":"https:\/\/schema.org","@graph":[{"@type":"WebPage","@id":"https:\/\/biogroupvietnam.com\/vi\/san-pham\/mve-cryosystem-6000-fa\/","url":"https:\/\/biogroupvietnam.com\/vi\/san-pham\/mve-cryosystem-6000-fa\/","name":"B\u00ecnh L\u01b0u Tr\u1eef M\u1eabu MVE CryoSystem 6000 FA","isPartOf":{"@id":"https:\/\/biogroupvietnam.com\/vi\/#website"},"primaryImageOfPage":{"@id":"https:\/\/biogroupvietnam.com\/vi\/san-pham\/mve-cryosystem-6000-fa\/#primaryimage"},"image":{"@id":"https:\/\/biogroupvietnam.com\/vi\/san-pham\/mve-cryosystem-6000-fa\/#primaryimage"},"thumbnailUrl":"https:\/\/biogroupvietnam.com\/wp-content\/uploads\/2025\/08\/MVE-CryoSystem-6000-FA.jpg","datePublished":"2025-08-18T12:52:49+00:00","dateModified":"2026-01-12T10:10:52+00:00","description":"B\u00ecnh nit\u01a1 l\u01b0u tr\u1eef m\u1eabu sinh h\u1ecdc MVE CryoSystem 6000 Full Auto (FA) \u0111\u01b0\u1ee3c thi\u1ebft k\u1ebf nh\u1ecf g\u1ecdn, s\u1ef1 k\u1ebft h\u1ee3p hi\u1ec7u qu\u1ea3 c\u1ee7a b\u00ecnh nh\u00f4m l\u01b0u tr\u1eef m\u1eabu sinh h\u1ecdc v\u1edbi h\u1ec7 th\u1ed1ng \u0111i\u1ec1u khi\u1ec3n TEC 3000 ki\u1ec3m so\u00e1t t\u1ef1 \u0111\u1ed9ng n\u1ea1p nit\u01a1 l\u1ecfng.","breadcrumb":{"@id":"https:\/\/biogroupvietnam.com\/vi\/san-pham\/mve-cryosystem-6000-fa\/#breadcrumb"},"inLanguage":"vi","potentialAction":[{"@type":"ReadAction","target":["https:\/\/biogroupvietnam.com\/vi\/san-pham\/mve-cryosystem-6000-fa\/"]}]},{"@type":"ImageObject","inLanguage":"vi","@id":"https:\/\/biogroupvietnam.com\/vi\/san-pham\/mve-cryosystem-6000-fa\/#primaryimage","url":"https:\/\/biogroupvietnam.com\/wp-content\/uploads\/2025\/08\/MVE-CryoSystem-6000-FA.jpg","contentUrl":"https:\/\/biogroupvietnam.com\/wp-content\/uploads\/2025\/08\/MVE-CryoSystem-6000-FA.jpg","width":1640,"height":1260},{"@type":"BreadcrumbList","@id":"https:\/\/biogroupvietnam.com\/vi\/san-pham\/mve-cryosystem-6000-fa\/#breadcrumb","itemListElement":[{"@type":"ListItem","position":1,"name":"Trang ch\u1ee7","item":"https:\/\/biogroupvietnam.com\/vi\/"},{"@type":"ListItem","position":2,"name":"S\u1ea3n ph\u1ea9m","item":"https:\/\/biogroupvietnam.com\/vi\/san-pham\/"},{"@type":"ListItem","position":3,"name":"B\u1ea3o Qu\u1ea3n L\u1ea1nh T\u1ebf B\u00e0o","item":"https:\/\/biogroupvietnam.com\/vi\/danh-muc-san-pham\/bao-quan-lanh-te-bao\/"},{"@type":"ListItem","position":4,"name":"B\u00ecnh Nh\u00f4m Tr\u1eef M\u1eabu Trong Nit\u01a1 L\u1ecfng","item":"https:\/\/biogroupvietnam.com\/vi\/danh-muc-san-pham\/binh-nhom-tru-mau-trong-nito-long\/"},{"@type":"ListItem","position":5,"name":"B\u00ecnh L\u01b0u Tr\u1eef M\u1eabu MVE CryoSystem 6000 FA"}]},{"@type":"WebSite","@id":"https:\/\/biogroupvietnam.com\/vi\/#website","url":"https:\/\/biogroupvietnam.com\/vi\/","name":"Biogroup Vietnam","description":"Biogroup Vietnam cung c\u1ea5p d\u1ecbch v\u1ee5 k\u1ef9 thu\u1eadt c\u00f9ng thi\u1ebft b\u1ecb, v\u1eadt t\u01b0, h\u00f3a ch\u1ea5t v\u00e0 gi\u1ea3i ph\u00e1p sinh h\u1ecdc cho ph\u00f2ng th\u00ed nghi\u1ec7m c\u00f4ng ngh\u1ec7 sinh h\u1ecdc, y sinh v\u00e0 y h\u1ecdc t\u00e1i t\u1ea1o.","potentialAction":[{"@type":"SearchAction","target":{"@type":"EntryPoint","urlTemplate":"https:\/\/biogroupvietnam.com\/vi\/?s={search_term_string}"},"query-input":{"@type":"PropertyValueSpecification","valueRequired":true,"valueName":"search_term_string"}}],"inLanguage":"vi"}]}},"_links":{"self":[{"href":"https:\/\/biogroupvietnam.com\/vi\/wp-json\/wp\/v2\/product\/3745","targetHints":{"allow":["GET"]}}],"collection":[{"href":"https:\/\/biogroupvietnam.com\/vi\/wp-json\/wp\/v2\/product"}],"about":[{"href":"https:\/\/biogroupvietnam.com\/vi\/wp-json\/wp\/v2\/types\/product"}],"replies":[{"embeddable":true,"href":"https:\/\/biogroupvietnam.com\/vi\/wp-json\/wp\/v2\/comments?post=3745"}],"version-history":[{"count":14,"href":"https:\/\/biogroupvietnam.com\/vi\/wp-json\/wp\/v2\/product\/3745\/revisions"}],"predecessor-version":[{"id":9524,"href":"https:\/\/biogroupvietnam.com\/vi\/wp-json\/wp\/v2\/product\/3745\/revisions\/9524"}],"wp:featuredmedia":[{"embeddable":true,"href":"https:\/\/biogroupvietnam.com\/vi\/wp-json\/wp\/v2\/media\/9081"}],"wp:attachment":[{"href":"https:\/\/biogroupvietnam.com\/vi\/wp-json\/wp\/v2\/media?parent=3745"}],"wp:term":[{"taxonomy":"product_brand","embeddable":true,"href":"https:\/\/biogroupvietnam.com\/vi\/wp-json\/wp\/v2\/product_brand?post=3745"},{"taxonomy":"product_cat","embeddable":true,"href":"https:\/\/biogroupvietnam.com\/vi\/wp-json\/wp\/v2\/product_cat?post=3745"},{"taxonomy":"product_tag","embeddable":true,"href":"https:\/\/biogroupvietnam.com\/vi\/wp-json\/wp\/v2\/product_tag?post=3745"}],"curies":[{"name":"wp","href":"https:\/\/api.w.org\/{rel}","templated":true}]}}