{"id":3746,"date":"2025-08-18T19:52:49","date_gmt":"2025-08-18T12:52:49","guid":{"rendered":"http:\/\/biogroupvietnam-worldpress.local\/product\/import-placeholder-for-96\/"},"modified":"2026-01-12T16:57:44","modified_gmt":"2026-01-12T09:57:44","slug":"binh-mve-fusion","status":"publish","type":"product","link":"https:\/\/biogroupvietnam.com\/vi\/san-pham\/binh-mve-fusion\/","title":{"rendered":"B\u00ecnh L\u01b0u Tr\u1eef M\u1eabu MVE Fusion\u00ae (T\u1ef1 Duy Tr\u00ec L\u1ea1nh)"},"content":{"rendered":"<p><strong><em>B\u00ecnh MVE Fusion\u00ae l\u01b0u tr\u1eef m\u1eabu sinh h\u1ecdc t\u1ef1 duy tr\u00ec l\u1ea1nh l\u00e0 m\u1ed9t s\u1ea3n ph\u1ea9m th\u1ebf h\u1ec7 m\u1edbi c\u1ee7a h\u00e3ng MVE Biological Solutions (M\u1ef9).<\/em><\/strong><\/p>\n<p>MVE Fusion\u00ae l\u00e0 s\u1ea3n ph\u1ea9m c\u1ea3i ti\u1ebfn, \u0111\u1ea1t gi\u1ea3i th\u01b0\u1edfng thi\u1ebft k\u1ebf b\u00ecnh ch\u1ee9a m\u1eabu sinh h\u1ecdc c\u00f3 kh\u1ea3 n\u0103ng ho\u1ea1t \u0111\u1ed9ng an to\u00e0n v\u00e0 hi\u1ec7u su\u1ea5t \u0111\u01b0\u1ee3c c\u1ea3i thi\u1ec7n trong c\u00e1c m\u00f4i tr\u01b0\u1eddng \u0111\u1ea7y th\u00e1ch th\u1ee9c. \u0110\u00e2y l\u00e0 b\u00ecnh l\u01b0u tr\u1eef m\u1eabu \u0111\u00f4ng l\u1ea1nh t\u1ef1 duy tr\u00ec (Self-sustaining) l\u1ea1nh \u0111\u1ea7u ti\u00ean v\u00e0 duy nh\u1ea5t tr\u00ean th\u1ebf gi\u1edbi.<\/p>\n<p>T\u1ef1 duy tr\u00ec (Self-sustaining) l\u1ea1nh c\u00f3 ngh\u0129a l\u00e0 MVE Fusion\u00ae ho\u1ea1t \u0111\u1ed9ng nh\u01b0 m\u1ed9t thi\u1ebft b\u1ecb \u0111\u1ed9c l\u1eadp v\u00e0 kh\u00f4ng y\u00eau c\u1ea7u ngu\u1ed3n cung c\u1ea5p nit\u01a1 l\u1ecfng li\u00ean t\u1ee5c ho\u1eb7c kh\u00f4ng c\u1ea7n k\u1ebft n\u1ed1i v\u1edbi ngu\u1ed3n c\u1ea5p nit\u01a1 l\u1ecfng. \u0110i\u1ec1u n\u00e0y l\u00e0m cho b\u00ecnh MVE Fusion\u00ae tr\u1edf n\u00ean ho\u00e0n h\u1ea3o, ph\u00f9 h\u1ee3p cho nh\u1eefng khu v\u1ef1c xa x\u00f4i ho\u1eb7c khu v\u1ef1c kh\u00f3 ti\u1ebfp c\u1eadn \u0111\u01b0\u1ee3c ngu\u1ed3n cung c\u1ea5p nit\u01a1 l\u1ecfng, ho\u1eb7c c\u00e1c ph\u00f2ng l\u01b0u tr\u1eef bi\u1ec7t l\u1eadp, ho\u1eb7c \u0111\u01b0\u1ee3c \u0111\u1eb7t tr\u00ean c\u00e1c t\u1ea7ng cao c\u1ee7a t\u00f2a nh\u00e0 kh\u00f3 thi\u1ebft k\u1ebf \u0111\u01b0\u1eddng \u1ed1ng ch\u00e2n kh\u00f4ng d\u1eabn nit\u01a1 l\u1ecfng.<\/p>\n<p><strong>S\u1eed d\u1ee5ng c\u00f4ng ngh\u1ec7 l\u00e0m m\u00e1t l\u1ea1nh Qdrive c\u1ee7a MVE<\/strong> \u0111\u00e3 \u0111\u01b0\u1ee3c c\u1ea5p b\u1eb1ng s\u00e1ng ch\u1ebf, b\u00ecnh MVE Fusion\u00ae cung c\u1ea5p kh\u1ea3 n\u0103ng b\u1ea3o qu\u1ea3n l\u1ea1nh trong b\u00ecnh l\u01b0u tr\u1eef m\u1ed9t c\u00e1ch li\u00ean t\u1ee5c, \u0111\u00e1ng tin c\u1eady. B\u1ea3o qu\u1ea3n kh\u00f4 gi\u00fap lo\u1ea1i b\u1ecf kh\u1ea3 n\u0103ng nhi\u1ec5m ch\u00e9o do y\u1ebfu t\u1ed1 bi\u1ebfn nit\u01a1 l\u1ecfng, b\u1ea3o v\u1ec7 h\u01a1n n\u1eefa c\u00e1c m\u1eabu sinh h\u1ecdc c\u00f3 gi\u00e1 tr\u1ecb.<\/p>\n<p>C\u1ea5u tr\u00fac ch\u1ea5t l\u01b0\u1ee3ng cao c\u1ee7a b\u00ecnh l\u01b0u tr\u1eef b\u1eb1ng th\u00e9p kh\u00f4ng g\u1ec9 c\u1ee7a MVE Biological Solutions gi\u00fap l\u01b0u tr\u1eef m\u1eabu sinh h\u1ecdc an to\u00e0n, k\u00e9o d\u00e0i th\u1eddi gian \u1ed5n \u0111\u1ecbnh nhi\u1ec7t \u0111\u1ed9 trong b\u00ecnh v\u00e0 chi\u1ec1u cao n\u00e2ng h\u1ea1 ti\u1ec7n l\u1ee3i (n\u1eafp b\u00ecnh). B\u00ecnh MVE Fusion cung c\u1ea5p t\u1ea5t c\u1ea3 nh\u1eefng th\u1ee9 n\u00e0y m\u00e0 kh\u00f4ng y\u00eau c\u1ea7u ngu\u1ed3n cung c\u1ea5p ngu\u1ed3n nit\u01a1 l\u1ecfng li\u00ean t\u1ee5c.<\/p>\n<h3>C\u00e1c t\u00ednh n\u0103ng ch\u00ednh c\u1ee7a b\u00ecnh nit\u01a1 l\u01b0u tr\u1eef m\u1eabu sinh h\u1ecdc MVE Fusion\u00ae<\/h3>\n<ul>\n<li>C\u00f3 kh\u1ea3 n\u0103ng l\u01b0u tr\u1eef \u0111\u01b0\u1ee3c 31.200 \u1ed1ng vial 1.2\/2ml.<\/li>\n<li>C\u00f3 kh\u1ea3 n\u0103ng l\u01b0u tr\u1eef \u0111\u01b0\u1ee3c c\u00e1c t\u00fai m\u00e1u c\u00f3 th\u1ec3 t\u00edch t\u1eeb 25 mL \u0111\u1ebfn 700 mL. L\u01b0u \u0111\u01b0\u1ee3c 2.296 t\u00fai m\u00e1u 25 mL ho\u1eb7c 1,484 t\u00fai m\u00e1u 50 mL, ho\u1eb7c 752 t\u00fai m\u00e1u 250 mL, ho\u1eb7c 592 t\u00fai m\u00e1u 500 mL.<\/li>\n<li><strong>B\u1ea3o \u0111\u1ea3m th\u1eddi gian \u1ed5n \u0111\u1ecbnh nhi\u1ec7t \u0111\u1ed9 trong b\u00ecnh l\u01b0u tr\u1eef t\u1eeb 7 \u0111\u1ebfn 10 ng\u00e0y trong tr\u01b0\u1eddng h\u1ee3p b\u1ecb m\u1ea5t \u0111i\u1ec7n kh\u00f4ng t\u1ef1 \u0111\u1ed9ng n\u1ea1p \u0111\u01b0\u1ee3c nit\u01a1 l\u1ecfng<\/strong>.<\/li>\n<li>Ti\u00eau th\u1ee5 \u0111i\u1ec7n n\u0103ng th\u1ea5p.<\/li>\n<li>Lo\u1ea1i b\u1ecf nhu c\u1ea7u v\u1ec1 \u0111\u01b0\u1eddng \u1ed1ng ch\u00e2n kh\u00f4ng v\u00e0 ngu\u1ed3n cung c\u1ea5p ngu\u1ed3n nit\u01a1 l\u1ecfng li\u00ean t\u1ee5c.<\/li>\n<li>Chi\u1ec1u cao n\u00e2ng h\u1ea1 th\u1ea5p nh\u1ea5t v\u00e0 thi\u1ebft k\u1ebf ti\u1ec7n d\u1ee5ng.<\/li>\n<li>Two-tier folding step.<\/li>\n<li>Th\u1eddi gian b\u1ea3o h\u00e0nh b\u00ecnh l\u00e0 2 n\u0103m.<\/li>\n<li>B\u1ea3o h\u00e0nh 5 n\u0103m ph\u1ea7n ch\u00e2n kh\u00f4ng c\u1ee7a b\u00ecnh.<\/li>\n<\/ul>\n<h3>Kh\u1ea3 n\u0103ng l\u01b0u tr\u1eef m\u1eabu c\u1ee7a MVE Fusion\u00ae<\/h3>\n<figure class=\"table\">\n<table>\n<tbody>\n<tr>\n<td><strong>Kh\u1ea3 n\u0103ng tr\u1eef m\u1eabu t\u1ed1i \u0111a<\/strong><\/td>\n<td><strong>S\u1ed1 l\u01b0\u1ee3ng<\/strong><\/td>\n<\/tr>\n<tr>\n<td>S\u1ed1 \u1ed1ng vial 1,2 ho\u1eb7c 2 ml \u0111\u01b0\u1ee3c l\u01b0u tr\u1eef t\u1ed1i \u0111a<\/td>\n<td>\n<p style=\"text-align: center;\">31,200<\/p>\n<\/td>\n<\/tr>\n<tr>\n<td>S\u1ed1 gi\u00e1 \u0111\u1ee1 cho lo\u1ea1i h\u1ed9p 100 v\u1ecb tr\u00ed ch\u1ee9a \u1ed1ng vial<\/td>\n<td>\n<p style=\"text-align: center;\">20<\/p>\n<\/td>\n<\/tr>\n<tr>\n<td>S\u1ed1 gi\u00e1 \u0111\u1ee1 cho lo\u1ea1i h\u1ed9p 25 v\u1ecb tr\u00ed ch\u1ee9a \u1ed1ng vial<\/td>\n<td>\n<p style=\"text-align: center;\">16<\/p>\n<\/td>\n<\/tr>\n<tr>\n<td>S\u1ed1 t\u1ea7ng c\u1ee7a m\u1ed7i gi\u00e1 \u0111\u1ee1<\/td>\n<td>\n<p style=\"text-align: center;\">13<\/p>\n<\/td>\n<\/tr>\n<tr>\n<td>Th\u1ec3 t\u00edch ch\u1ee9a nit\u01a1 l\u1ecfng khi ch\u01b0a ch\u1ee9a m\u1eabu (\u01b0\u1edbc t\u00ednh, L)<\/td>\n<td>\n<p style=\"text-align: center;\">50<\/p>\n<\/td>\n<\/tr>\n<\/tbody>\n<\/table>\n<\/figure>\n<figure class=\"table\">\n<table>\n<tbody>\n<tr>\n<td>\n<p style=\"text-align: center;\"><strong>Kh\u1ea3 n\u0103ng tr\u1eef t\u00fai m\u00e1u\/ t\u1ebf b\u00e0o\u00a0t\u1ed1i \u0111a<\/strong><\/p>\n<\/td>\n<td>\n<p style=\"text-align: center;\"><strong>T\u1ed5ng s\u1ed1 t\u00fai<\/strong><\/p>\n<\/td>\n<td>\n<p style=\"text-align: center;\"><strong>S\u1ed1 t\u00fai\/ khung ch\u1ee9a<\/strong><\/p>\n<\/td>\n<td>\n<p style=\"text-align: center;\"><strong>S\u1ed1 khung ch\u1ee9a<\/strong><\/p>\n<\/td>\n<\/tr>\n<tr>\n<td>S\u1ed1 t\u00fai m\u00e1u\/ t\u1ebf b\u00e0o 25 mL \u0111\u01b0\u1ee3c l\u01b0u tr\u1eef t\u1ed1i \u0111a<\/td>\n<td>\n<p style=\"text-align: center;\">2,296<\/p>\n<\/td>\n<td>\n<p style=\"text-align: center;\">7<\/p>\n<\/td>\n<td>\n<p style=\"text-align: center;\">328<\/p>\n<\/td>\n<\/tr>\n<tr>\n<td>S\u1ed1 t\u00fai m\u00e1u\/ t\u1ebf b\u00e0o 50 mL \u0111\u01b0\u1ee3c l\u01b0u tr\u1eef t\u1ed1i \u0111a<\/td>\n<td>\n<p style=\"text-align: center;\">1,484<\/p>\n<\/td>\n<td>\n<p style=\"text-align: center;\">7<\/p>\n<\/td>\n<td>\n<p style=\"text-align: center;\">212<\/p>\n<\/td>\n<\/tr>\n<tr>\n<td>S\u1ed1 t\u00fai m\u00e1u\/ t\u1ebf b\u00e0o 250 mL \u0111\u01b0\u1ee3c l\u01b0u tr\u1eef t\u1ed1i \u0111a<\/td>\n<td>\n<p style=\"text-align: center;\">752<\/p>\n<\/td>\n<td>\n<p style=\"text-align: center;\">4<\/p>\n<\/td>\n<td>\n<p style=\"text-align: center;\">188<\/p>\n<\/td>\n<\/tr>\n<tr>\n<td>S\u1ed1 t\u00fai m\u00e1u\/ t\u1ebf b\u00e0o 500 mL \u0111\u01b0\u1ee3c l\u01b0u tr\u1eef t\u1ed1i \u0111a<\/td>\n<td>\n<p style=\"text-align: center;\">592<\/p>\n<\/td>\n<td>\n<p style=\"text-align: center;\">4<\/p>\n<\/td>\n<td>\n<p style=\"text-align: center;\">148<\/p>\n<\/td>\n<\/tr>\n<tr>\n<td>S\u1ed1 t\u00fai m\u00e1u\/ t\u1ebf b\u00e0o 200 mL \u0111\u01b0\u1ee3c l\u01b0u tr\u1eef t\u1ed1i \u0111a<\/td>\n<td>\n<p style=\"text-align: center;\">416<\/p>\n<\/td>\n<td>\n<p style=\"text-align: center;\">4<\/p>\n<\/td>\n<td>\n<p style=\"text-align: center;\">104<\/p>\n<\/td>\n<\/tr>\n<\/tbody>\n<\/table>\n<\/figure>\n","protected":false},"excerpt":{"rendered":"<p>B\u00ecnh MVE Fusion\u00ae l\u01b0u tr\u1eef m\u1eabu sinh h\u1ecdc t\u1ef1 duy tr\u00ec l\u1ea1nh l\u00e0 m\u1ed9t s\u1ea3n ph\u1ea9m th\u1ebf h\u1ec7 m\u1edbi c\u1ee7a h\u00e3ng MVE Biological Solutions (M\u1ef9). MVE Fusion\u00ae l\u00e0 s\u1ea3n ph\u1ea9m c\u1ea3i ti\u1ebfn, \u0111\u1ea1t gi\u1ea3i th\u01b0\u1edfng thi\u1ebft k\u1ebf b\u00ecnh ch\u1ee9a m\u1eabu sinh h\u1ecdc c\u00f3 kh\u1ea3 n\u0103ng ho\u1ea1t \u0111\u1ed9ng an to\u00e0n v\u00e0 hi\u1ec7u su\u1ea5t \u0111\u01b0\u1ee3c c\u1ea3i thi\u1ec7n<\/p>\n<div class=\"klb-readmore post-buttons\"><a class=\"button rounded primary\" href=\"https:\/\/biogroupvietnam.com\/vi\/san-pham\/binh-mve-fusion\/\">Read More <i class=\"klbth-icon-right-arrow\"><\/i><\/a><\/div>\n","protected":false},"featured_media":9047,"comment_status":"closed","ping_status":"closed","template":"","meta":{"_acf_changed":false},"product_brand":[128],"product_cat":[95],"product_tag":[],"class_list":{"0":"post-3746","1":"product","2":"type-product","3":"status-publish","4":"has-post-thumbnail","6":"product_brand-mve-biological-solutions","7":"product_cat-binh-inox-tru-mau-trong-nito-long","9":"first","10":"outofstock","11":"shipping-taxable","12":"product-type-simple"},"acf":[],"yoast_head":"<!-- This site is optimized with the Yoast SEO plugin v26.8 - https:\/\/yoast.com\/product\/yoast-seo-wordpress\/ -->\n<title>B\u00ecnh L\u01b0u Tr\u1eef M\u1eabu MVE Fusion\u00ae (T\u1ef1 Duy Tr\u00ec L\u1ea1nh)<\/title>\n<meta name=\"description\" content=\"B\u00ecnh MVE Fusion\u00ae l\u00e0 b\u00ecnh l\u01b0u tr\u1eef m\u1eabu \u0111\u00f4ng l\u1ea1nh t\u1ef1 duy tr\u00ec (Self-sustaining) l\u1ea1nh \u0111\u1ea7u ti\u00ean v\u00e0 duy nh\u1ea5t tr\u00ean th\u1ebf gi\u1edbi.\" \/>\n<meta name=\"robots\" content=\"index, follow, max-snippet:-1, max-image-preview:large, max-video-preview:-1\" \/>\n<link rel=\"canonical\" href=\"https:\/\/biogroupvietnam.com\/vi\/san-pham\/binh-mve-fusion\/\" \/>\n<meta property=\"og:locale\" content=\"vi_VN\" \/>\n<meta property=\"og:type\" content=\"article\" \/>\n<meta property=\"og:title\" content=\"B\u00ecnh L\u01b0u Tr\u1eef M\u1eabu MVE Fusion\u00ae (T\u1ef1 Duy Tr\u00ec L\u1ea1nh)\" \/>\n<meta property=\"og:description\" content=\"B\u00ecnh MVE Fusion\u00ae l\u00e0 b\u00ecnh l\u01b0u tr\u1eef m\u1eabu \u0111\u00f4ng l\u1ea1nh t\u1ef1 duy tr\u00ec (Self-sustaining) l\u1ea1nh \u0111\u1ea7u ti\u00ean v\u00e0 duy nh\u1ea5t tr\u00ean th\u1ebf gi\u1edbi.\" \/>\n<meta property=\"og:url\" content=\"https:\/\/biogroupvietnam.com\/vi\/san-pham\/binh-mve-fusion\/\" \/>\n<meta property=\"og:site_name\" content=\"Biogroup Vietnam\" \/>\n<meta property=\"article:modified_time\" content=\"2026-01-12T09:57:44+00:00\" \/>\n<meta property=\"og:image\" content=\"https:\/\/biogroupvietnam.com\/wp-content\/uploads\/2025\/08\/MVE-Fusion\u00ae.jpg\" \/>\n\t<meta property=\"og:image:width\" content=\"1640\" \/>\n\t<meta property=\"og:image:height\" content=\"1260\" \/>\n\t<meta property=\"og:image:type\" content=\"image\/jpeg\" \/>\n<meta name=\"twitter:card\" content=\"summary_large_image\" \/>\n<meta name=\"twitter:label1\" content=\"\u01af\u1edbc t\u00ednh th\u1eddi gian \u0111\u1ecdc\" \/>\n\t<meta name=\"twitter:data1\" content=\"4 ph\u00fat\" \/>\n<script type=\"application\/ld+json\" class=\"yoast-schema-graph\">{\"@context\":\"https:\/\/schema.org\",\"@graph\":[{\"@type\":\"WebPage\",\"@id\":\"https:\/\/biogroupvietnam.com\/vi\/san-pham\/binh-mve-fusion\/\",\"url\":\"https:\/\/biogroupvietnam.com\/vi\/san-pham\/binh-mve-fusion\/\",\"name\":\"B\u00ecnh L\u01b0u Tr\u1eef M\u1eabu MVE Fusion\u00ae (T\u1ef1 Duy Tr\u00ec L\u1ea1nh)\",\"isPartOf\":{\"@id\":\"https:\/\/biogroupvietnam.com\/vi\/#website\"},\"primaryImageOfPage\":{\"@id\":\"https:\/\/biogroupvietnam.com\/vi\/san-pham\/binh-mve-fusion\/#primaryimage\"},\"image\":{\"@id\":\"https:\/\/biogroupvietnam.com\/vi\/san-pham\/binh-mve-fusion\/#primaryimage\"},\"thumbnailUrl\":\"https:\/\/biogroupvietnam.com\/wp-content\/uploads\/2025\/08\/MVE-Fusion\u00ae.jpg\",\"datePublished\":\"2025-08-18T12:52:49+00:00\",\"dateModified\":\"2026-01-12T09:57:44+00:00\",\"description\":\"B\u00ecnh MVE Fusion\u00ae l\u00e0 b\u00ecnh l\u01b0u tr\u1eef m\u1eabu \u0111\u00f4ng l\u1ea1nh t\u1ef1 duy tr\u00ec (Self-sustaining) l\u1ea1nh \u0111\u1ea7u ti\u00ean v\u00e0 duy nh\u1ea5t tr\u00ean th\u1ebf gi\u1edbi.\",\"breadcrumb\":{\"@id\":\"https:\/\/biogroupvietnam.com\/vi\/san-pham\/binh-mve-fusion\/#breadcrumb\"},\"inLanguage\":\"vi\",\"potentialAction\":[{\"@type\":\"ReadAction\",\"target\":[\"https:\/\/biogroupvietnam.com\/vi\/san-pham\/binh-mve-fusion\/\"]}]},{\"@type\":\"ImageObject\",\"inLanguage\":\"vi\",\"@id\":\"https:\/\/biogroupvietnam.com\/vi\/san-pham\/binh-mve-fusion\/#primaryimage\",\"url\":\"https:\/\/biogroupvietnam.com\/wp-content\/uploads\/2025\/08\/MVE-Fusion\u00ae.jpg\",\"contentUrl\":\"https:\/\/biogroupvietnam.com\/wp-content\/uploads\/2025\/08\/MVE-Fusion\u00ae.jpg\",\"width\":1640,\"height\":1260},{\"@type\":\"BreadcrumbList\",\"@id\":\"https:\/\/biogroupvietnam.com\/vi\/san-pham\/binh-mve-fusion\/#breadcrumb\",\"itemListElement\":[{\"@type\":\"ListItem\",\"position\":1,\"name\":\"Trang ch\u1ee7\",\"item\":\"https:\/\/biogroupvietnam.com\/vi\/\"},{\"@type\":\"ListItem\",\"position\":2,\"name\":\"S\u1ea3n ph\u1ea9m\",\"item\":\"https:\/\/biogroupvietnam.com\/vi\/san-pham\/\"},{\"@type\":\"ListItem\",\"position\":3,\"name\":\"B\u1ea3o Qu\u1ea3n L\u1ea1nh T\u1ebf B\u00e0o\",\"item\":\"https:\/\/biogroupvietnam.com\/vi\/danh-muc-san-pham\/bao-quan-lanh-te-bao\/\"},{\"@type\":\"ListItem\",\"position\":4,\"name\":\"B\u00ecnh Inox Tr\u1eef M\u1eabu Trong Nit\u01a1 L\u1ecfng\",\"item\":\"https:\/\/biogroupvietnam.com\/vi\/danh-muc-san-pham\/binh-inox-tru-mau-trong-nito-long\/\"},{\"@type\":\"ListItem\",\"position\":5,\"name\":\"B\u00ecnh L\u01b0u Tr\u1eef M\u1eabu MVE Fusion\u00ae (T\u1ef1 Duy Tr\u00ec L\u1ea1nh)\"}]},{\"@type\":\"WebSite\",\"@id\":\"https:\/\/biogroupvietnam.com\/vi\/#website\",\"url\":\"https:\/\/biogroupvietnam.com\/vi\/\",\"name\":\"Biogroup Vietnam\",\"description\":\"Biogroup Vietnam cung c\u1ea5p d\u1ecbch v\u1ee5 k\u1ef9 thu\u1eadt c\u00f9ng thi\u1ebft b\u1ecb, v\u1eadt t\u01b0, h\u00f3a ch\u1ea5t v\u00e0 gi\u1ea3i ph\u00e1p sinh h\u1ecdc cho ph\u00f2ng th\u00ed nghi\u1ec7m c\u00f4ng ngh\u1ec7 sinh h\u1ecdc, y sinh v\u00e0 y h\u1ecdc t\u00e1i t\u1ea1o.\",\"potentialAction\":[{\"@type\":\"SearchAction\",\"target\":{\"@type\":\"EntryPoint\",\"urlTemplate\":\"https:\/\/biogroupvietnam.com\/vi\/?s={search_term_string}\"},\"query-input\":{\"@type\":\"PropertyValueSpecification\",\"valueRequired\":true,\"valueName\":\"search_term_string\"}}],\"inLanguage\":\"vi\"}]}<\/script>\n<!-- \/ Yoast SEO plugin. -->","yoast_head_json":{"title":"B\u00ecnh L\u01b0u Tr\u1eef M\u1eabu MVE Fusion\u00ae (T\u1ef1 Duy Tr\u00ec L\u1ea1nh)","description":"B\u00ecnh MVE Fusion\u00ae l\u00e0 b\u00ecnh l\u01b0u tr\u1eef m\u1eabu \u0111\u00f4ng l\u1ea1nh t\u1ef1 duy tr\u00ec (Self-sustaining) l\u1ea1nh \u0111\u1ea7u ti\u00ean v\u00e0 duy nh\u1ea5t tr\u00ean th\u1ebf gi\u1edbi.","robots":{"index":"index","follow":"follow","max-snippet":"max-snippet:-1","max-image-preview":"max-image-preview:large","max-video-preview":"max-video-preview:-1"},"canonical":"https:\/\/biogroupvietnam.com\/vi\/san-pham\/binh-mve-fusion\/","og_locale":"vi_VN","og_type":"article","og_title":"B\u00ecnh L\u01b0u Tr\u1eef M\u1eabu MVE Fusion\u00ae (T\u1ef1 Duy Tr\u00ec L\u1ea1nh)","og_description":"B\u00ecnh MVE Fusion\u00ae l\u00e0 b\u00ecnh l\u01b0u tr\u1eef m\u1eabu \u0111\u00f4ng l\u1ea1nh t\u1ef1 duy tr\u00ec (Self-sustaining) l\u1ea1nh \u0111\u1ea7u ti\u00ean v\u00e0 duy nh\u1ea5t tr\u00ean th\u1ebf gi\u1edbi.","og_url":"https:\/\/biogroupvietnam.com\/vi\/san-pham\/binh-mve-fusion\/","og_site_name":"Biogroup Vietnam","article_modified_time":"2026-01-12T09:57:44+00:00","og_image":[{"width":1640,"height":1260,"url":"https:\/\/biogroupvietnam.com\/wp-content\/uploads\/2025\/08\/MVE-Fusion\u00ae.jpg","type":"image\/jpeg"}],"twitter_card":"summary_large_image","twitter_misc":{"\u01af\u1edbc t\u00ednh th\u1eddi gian \u0111\u1ecdc":"4 ph\u00fat"},"schema":{"@context":"https:\/\/schema.org","@graph":[{"@type":"WebPage","@id":"https:\/\/biogroupvietnam.com\/vi\/san-pham\/binh-mve-fusion\/","url":"https:\/\/biogroupvietnam.com\/vi\/san-pham\/binh-mve-fusion\/","name":"B\u00ecnh L\u01b0u Tr\u1eef M\u1eabu MVE Fusion\u00ae (T\u1ef1 Duy Tr\u00ec L\u1ea1nh)","isPartOf":{"@id":"https:\/\/biogroupvietnam.com\/vi\/#website"},"primaryImageOfPage":{"@id":"https:\/\/biogroupvietnam.com\/vi\/san-pham\/binh-mve-fusion\/#primaryimage"},"image":{"@id":"https:\/\/biogroupvietnam.com\/vi\/san-pham\/binh-mve-fusion\/#primaryimage"},"thumbnailUrl":"https:\/\/biogroupvietnam.com\/wp-content\/uploads\/2025\/08\/MVE-Fusion\u00ae.jpg","datePublished":"2025-08-18T12:52:49+00:00","dateModified":"2026-01-12T09:57:44+00:00","description":"B\u00ecnh MVE Fusion\u00ae l\u00e0 b\u00ecnh l\u01b0u tr\u1eef m\u1eabu \u0111\u00f4ng l\u1ea1nh t\u1ef1 duy tr\u00ec (Self-sustaining) l\u1ea1nh \u0111\u1ea7u ti\u00ean v\u00e0 duy nh\u1ea5t tr\u00ean th\u1ebf gi\u1edbi.","breadcrumb":{"@id":"https:\/\/biogroupvietnam.com\/vi\/san-pham\/binh-mve-fusion\/#breadcrumb"},"inLanguage":"vi","potentialAction":[{"@type":"ReadAction","target":["https:\/\/biogroupvietnam.com\/vi\/san-pham\/binh-mve-fusion\/"]}]},{"@type":"ImageObject","inLanguage":"vi","@id":"https:\/\/biogroupvietnam.com\/vi\/san-pham\/binh-mve-fusion\/#primaryimage","url":"https:\/\/biogroupvietnam.com\/wp-content\/uploads\/2025\/08\/MVE-Fusion\u00ae.jpg","contentUrl":"https:\/\/biogroupvietnam.com\/wp-content\/uploads\/2025\/08\/MVE-Fusion\u00ae.jpg","width":1640,"height":1260},{"@type":"BreadcrumbList","@id":"https:\/\/biogroupvietnam.com\/vi\/san-pham\/binh-mve-fusion\/#breadcrumb","itemListElement":[{"@type":"ListItem","position":1,"name":"Trang ch\u1ee7","item":"https:\/\/biogroupvietnam.com\/vi\/"},{"@type":"ListItem","position":2,"name":"S\u1ea3n ph\u1ea9m","item":"https:\/\/biogroupvietnam.com\/vi\/san-pham\/"},{"@type":"ListItem","position":3,"name":"B\u1ea3o Qu\u1ea3n L\u1ea1nh T\u1ebf B\u00e0o","item":"https:\/\/biogroupvietnam.com\/vi\/danh-muc-san-pham\/bao-quan-lanh-te-bao\/"},{"@type":"ListItem","position":4,"name":"B\u00ecnh Inox Tr\u1eef M\u1eabu Trong Nit\u01a1 L\u1ecfng","item":"https:\/\/biogroupvietnam.com\/vi\/danh-muc-san-pham\/binh-inox-tru-mau-trong-nito-long\/"},{"@type":"ListItem","position":5,"name":"B\u00ecnh L\u01b0u Tr\u1eef M\u1eabu MVE Fusion\u00ae (T\u1ef1 Duy Tr\u00ec L\u1ea1nh)"}]},{"@type":"WebSite","@id":"https:\/\/biogroupvietnam.com\/vi\/#website","url":"https:\/\/biogroupvietnam.com\/vi\/","name":"Biogroup Vietnam","description":"Biogroup Vietnam cung c\u1ea5p d\u1ecbch v\u1ee5 k\u1ef9 thu\u1eadt c\u00f9ng thi\u1ebft b\u1ecb, v\u1eadt t\u01b0, h\u00f3a ch\u1ea5t v\u00e0 gi\u1ea3i ph\u00e1p sinh h\u1ecdc cho ph\u00f2ng th\u00ed nghi\u1ec7m c\u00f4ng ngh\u1ec7 sinh h\u1ecdc, y sinh v\u00e0 y h\u1ecdc t\u00e1i t\u1ea1o.","potentialAction":[{"@type":"SearchAction","target":{"@type":"EntryPoint","urlTemplate":"https:\/\/biogroupvietnam.com\/vi\/?s={search_term_string}"},"query-input":{"@type":"PropertyValueSpecification","valueRequired":true,"valueName":"search_term_string"}}],"inLanguage":"vi"}]}},"_links":{"self":[{"href":"https:\/\/biogroupvietnam.com\/vi\/wp-json\/wp\/v2\/product\/3746","targetHints":{"allow":["GET"]}}],"collection":[{"href":"https:\/\/biogroupvietnam.com\/vi\/wp-json\/wp\/v2\/product"}],"about":[{"href":"https:\/\/biogroupvietnam.com\/vi\/wp-json\/wp\/v2\/types\/product"}],"replies":[{"embeddable":true,"href":"https:\/\/biogroupvietnam.com\/vi\/wp-json\/wp\/v2\/comments?post=3746"}],"version-history":[{"count":6,"href":"https:\/\/biogroupvietnam.com\/vi\/wp-json\/wp\/v2\/product\/3746\/revisions"}],"predecessor-version":[{"id":9520,"href":"https:\/\/biogroupvietnam.com\/vi\/wp-json\/wp\/v2\/product\/3746\/revisions\/9520"}],"wp:featuredmedia":[{"embeddable":true,"href":"https:\/\/biogroupvietnam.com\/vi\/wp-json\/wp\/v2\/media\/9047"}],"wp:attachment":[{"href":"https:\/\/biogroupvietnam.com\/vi\/wp-json\/wp\/v2\/media?parent=3746"}],"wp:term":[{"taxonomy":"product_brand","embeddable":true,"href":"https:\/\/biogroupvietnam.com\/vi\/wp-json\/wp\/v2\/product_brand?post=3746"},{"taxonomy":"product_cat","embeddable":true,"href":"https:\/\/biogroupvietnam.com\/vi\/wp-json\/wp\/v2\/product_cat?post=3746"},{"taxonomy":"product_tag","embeddable":true,"href":"https:\/\/biogroupvietnam.com\/vi\/wp-json\/wp\/v2\/product_tag?post=3746"}],"curies":[{"name":"wp","href":"https:\/\/api.w.org\/{rel}","templated":true}]}}