{"id":3747,"date":"2025-08-18T19:52:50","date_gmt":"2025-08-18T12:52:50","guid":{"rendered":"http:\/\/biogroupvietnam-worldpress.local\/product\/import-placeholder-for-97\/"},"modified":"2026-01-16T14:41:42","modified_gmt":"2026-01-16T07:41:42","slug":"mve-xc-series","status":"publish","type":"product","link":"https:\/\/biogroupvietnam.com\/vi\/san-pham\/mve-xc-series\/","title":{"rendered":"B\u00ecnh Tr\u1eef L\u1ea1nh Ph\u00f4i, Tinh Tr\u00f9ng MVE XC Series"},"content":{"rendered":"<p>D\u00f2ng b\u00ecnh MVE XC Series chuy\u00ean d\u00f9ng tr\u1eef l\u1ea1nh ph\u00f4i, tinh tr\u00f9ng v\u00e0 no\u00e3n, c\u00f3 c\u00f4ng su\u1ea5t l\u01b0u tr\u1eef t\u1eeb 700-5000 c\u1ecdng tr\u1eef ph\u00f4i\/ no\u00e3n (straw) v\u00e0 t\u1eeb 210-1000 \u1ed1ng vial tr\u1eef l\u1ea1nh (tinh tr\u00f9ng). \u0110\u01b0\u1ee3c s\u1ea3n xu\u1ea5t \u0111\u1ea1t ch\u1ea5t l\u01b0\u1ee3ng v\u00e0 s\u1ef1 xu\u1ea5t s\u1eafc \u1edf \u0111\u1eb3ng c\u1ea5p th\u1ebf gi\u1edbi v\u00e0 b\u00ecnh \u0111\u01b0\u1ee3c b\u1ea3o h\u00e0nh ch\u00e2n kh\u00f4ng 5 n\u0103m d\u1eabn \u0111\u1ea7u trong ng\u00e0nh, nh\u1eefng b\u00ecnh l\u01b0u tr\u1eef m\u1eabu b\u1ec1n, nh\u1eb9 n\u00e0y c\u00f3 th\u1ec3 tin c\u1eady \u0111\u1ec3 ho\u1ea1t \u0111\u1ed9ng trong nh\u1eefng m\u00f4i tr\u01b0\u1eddng \u0111\u00f2i h\u1ecfi kh\u1eaft khe nh\u1ea5t. Trong h\u01a1n 50 n\u0103m qua, c\u00e1c thi\u1ebft k\u1ebf s\u1ea3n ph\u1ea9m c\u1ee7a MVE Biological Solution (tr\u01b0\u1edbc \u0111\u00e2y l\u00e0 Chart MVE) \u0111\u00e3 \u0111\u01b0\u1ee3c c\u1ea3i thi\u1ec7n d\u1ef1a tr\u00ean \u00fd ki\u1ebfn ph\u1ea3n h\u1ed3i c\u1ee7a ng\u01b0\u1eddi s\u1eed d\u1ee5ng v\u00e0 ph\u00e1t tri\u1ec3n th\u00e0nh m\u1ed9t s\u1ea3n ph\u1ea9m \u0111\u01b0\u1ee3c l\u1ef1a ch\u1ecdn h\u00e0ng \u0111\u1ea7u.<\/p>\n<p>Hi\u1ec7n t\u1ea1i, b\u00ecnh MVE XC 47\/11-10 \u0111ang \u0111\u01b0\u1ee3c s\u1eed d\u1ee5ng ph\u1ed5 bi\u1ebfn t\u1ea1i c\u00e1c trung t\u00e2m IVF, ph\u00f2ng th\u00ed nghi\u1ec7m c\u00f4ng ngh\u1ec7 sinh h\u1ecdc, sinh h\u1ecdc ph\u00e2n t\u1eed.<\/p>\n<h3><strong>C\u00e1c \u0111\u1eb7c \u0111i\u1ec3m ch\u00ednh c\u1ee7a b\u00ecnh tr\u1eef m\u1eabu MVE XC series<\/strong><\/h3>\n<ul>\n<li>\u0110\u01b0\u1ee3c thi\u1ebft k\u1ebf \u0111\u1ec3 l\u01b0u tr\u1eef l\u01b0\u1ee3ng l\u1edbn m\u1eabu.<\/li>\n<li>Ti\u00eau th\u1ee5 nit\u01a1 l\u1ecfng th\u1ea5p.<\/li>\n<li>G\u1ecdn nh\u1eb9, ti\u1ec7n l\u1ee3i.<\/li>\n<li>T\u00ednh n\u0103ng \u201ckh\u00e1i ni\u1ec7m u\u1ed1n cong\u201d (bend concept).<\/li>\n<li>T\u00ednh n\u0103ng Don\u2019t Break\u2122 &amp; Semen Safe\u2122<\/li>\n<li>R\u1ea5t b\u1ec1n.<\/li>\n<li>B\u1ea3o h\u00e0nh 2 n\u0103m ph\u1ee5 ki\u1ec7n c\u1ee7a b\u00ecnh l\u01b0u tr\u1eef m\u1eabu.<\/li>\n<li>B\u1ea3o h\u00e0nh 5 n\u0103m ph\u1ea7n ch\u00e2n kh\u00f4ng c\u1ee7a b\u00ecnh l\u01b0u tr\u1eef m\u1eabu.<\/li>\n<li>Tu\u00e2n theo chu\u1ea9n MDD 93\/42 \/ EEC, ch\u1ec9 th\u1ecb v\u1ec1 thi\u1ebft b\u1ecb y t\u1ebf c\u1ee7a Li\u00ean minh Ch\u00e2u \u00c2u.<\/li>\n<\/ul>\n<figure class=\"image\"><img fetchpriority=\"high\" decoding=\"async\" style=\"aspect-ratio: 419\/419;\" src=\"https:\/\/biogroupvietnam.com\/uploads\/BDOiQxQ1LDQCJwpmPnfjeWJTFNoKk4HdXu89yAAX.png\" alt=\"T\u00ednh n\u0103ng ch\u00ednh c\u1ee7a b\u00ecnh MVE XC\" width=\"419\" height=\"419\" \/><\/figure>\n<p><strong>T\u00ednh n\u0103ng b\u1ecb m\u00f3p m\u00e9o nh\u01b0ng kh\u00f4ng v\u1ee1 (Bend Don\u2019t Break\u2122)\u00a0c\u1ee7a b\u00ecnh tr\u1eef m\u1eabu\u00a0MVE XC series (B\u1eb1ng s\u00e1ng ch\u1ebf \u0111ang ch\u1edd x\u1eed l\u00fd)<\/strong><\/p>\n<p>D\u00f2ng b\u00ecnh l\u01b0u tr\u1eef m\u1eabu MVE XC c\u00f3 \u0111\u1eb7c \u0111i\u1ec3m m\u1ed9t d\u1ea1ng \u0111\u1ec9nh \u0111\u1ea7u m\u1edbi bi\u1ebfn d\u1ea1ng \u0111\u1ec3 h\u1ea5p th\u1ee5 l\u1ef1c G l\u00e0m t\u1ed5n h\u1ea1i \u0111\u1ebfn v\u00f9ng c\u1ed5 b\u00ecnh. \u0110i\u1ec1u n\u00e0y l\u00e0m t\u0103ng \u0111\u1ed9 b\u1ec1n c\u1ee7a b\u00ecnh MVE XC v\u00e0 s\u1ebd l\u00e0m cho b\u00ecnh m\u1ea1nh m\u1ebd h\u01a1n \u0111\u1ec3 GI\u1ea2M THI\u1ec2U thi\u1ec7t h\u1ea1i do v\u1eadn chuy\u1ec3n v\u00e0 v\u1eadn chuy\u1ec3n sai c\u00e1ch. V\u1edbi t\u00ednh n\u0103ng \u201ckh\u00e1i ni\u1ec7m u\u1ed1n cong\u201d (bend concept) cho ph\u00e9p b\u00ecnh b\u1ecb \u201cm\u00f3p\u201d b\u00ean ngo\u00e0i do b\u1ecb ng\u00e3 ho\u1eb7c r\u01a1i trong qu\u00e1 tr\u00ecnh v\u1eadn chuy\u1ec3n, nh\u01b0ng v\u1ecf b\u00ecnh s\u1ebd \u0111\u00e0n h\u1ed3i v\u00e0 \u00edt c\u00f3 kh\u1ea3 n\u0103ng b\u1ecb g\u00e3y h\u01a1n, gi\u1ea3m thi\u1ec3u kh\u1ea3 n\u0103ng b\u00ecnh l\u01b0u tr\u1eef b\u1ecb h\u1ecfng.<\/p>\n<p><strong>T\u00ednh n\u0103ng SEMEN SAFE\u2122 gi\u00fap t\u0103ng \u0111\u1ed9 b\u1ec1n c\u1ee7a b\u00ecnh tr\u1eef m\u1eabu\u00a0MVE XC series<\/strong><\/p>\n<p>V\u1edbi s\u1ef1 th\u1eed nghi\u1ec7m r\u1ed9ng r\u00e3i, b\u00ecnh MVE XC l\u01b0u tr\u1eef m\u1eabu m\u1edbi s\u1ebd c\u00f3 c\u1ed5 b\u00ecnh b\u1eb1ng composite ch\u1eafc ch\u1eafn h\u01a1n 20% so v\u1edbi thi\u1ebft k\u1ebf c\u0169. T\u00ednh n\u0103ng n\u00e0y s\u1ebd cho ph\u00e9p c\u1ed5 b\u00ecnh \u00edt b\u1ecb \u1ea3nh h\u01b0\u1edfng b\u1edfi l\u1ef1c G do v\u1eadn h\u00e0nh v\u00e0 v\u1eadn chuy\u1ec3n sai nh\u1eb1m t\u0103ng \u0111\u1ed9 b\u1ec1n c\u1ee7a b\u00ecnh MVE XC. Khi k\u1ebft h\u1ee3p v\u1edbi t\u00ednh n\u0103ng BEND DON\u2019T BREAK\u2122, s\u1ebd gi\u1ea3m thi\u1ec3u th\u1ea5t tho\u00e1t tinh d\u1ecbch khi x\u1ea3y ra thi\u1ec7t h\u1ea1i do vi\u1ec7c v\u1eadn chuy\u1ec3n sai c\u00e1ch ho\u1eb7c g\u1eb7p s\u1ef1 c\u1ed1. T\u00ednh n\u0103ng SEMEN SAFE\u2122 gi\u00fap t\u0103ng \u0111\u1ed9 b\u1ec1n c\u1ee7a b\u00ecnh MVE XC l\u01b0u tr\u1eef m\u1eabu.<\/p>\n<h3><strong>Th\u00f4ng s\u1ed1 k\u1ef9 thu\u1eadt c\u1ee7a b\u00ecnh tr\u1eef l\u1ea1nh ph\u00f4i, tinh tr\u00f9ng MVE XC series<\/strong><\/h3>\n<figure class=\"table\">\n<table>\n<tbody>\n<tr>\n<td>\n<p style=\"text-align: center;\">\n<\/td>\n<td>\n<p style=\"text-align: center;\"><strong>XC 20<\/strong><\/p>\n<p style=\"text-align: center;\"><strong>Signature<\/strong><\/p>\n<\/td>\n<td>\n<p style=\"text-align: center;\"><strong>XC 34\/18<\/strong><\/p>\n<\/td>\n<td>\n<p style=\"text-align: center;\"><strong>XC 47\/11-6SQ<\/strong><\/p>\n<\/td>\n<td>\n<p style=\"text-align: center;\"><strong>XC 47\/11-6<\/strong><\/p>\n<\/td>\n<td>\n<p style=\"text-align: center;\"><strong>XC 47\/11-10<\/strong><\/p>\n<\/td>\n<\/tr>\n<tr>\n<td colspan=\"6\"><strong>Kh\u1ea3 n\u0103ng tr\u1eef m\u1eabu t\u1ed1i \u0111a<\/strong><\/td>\n<\/tr>\n<tr>\n<td>S\u1ed1 canister<\/td>\n<td>\n<p style=\"text-align: center;\">6<\/p>\n<\/td>\n<td>\n<p style=\"text-align: center;\">6<\/p>\n<\/td>\n<td>\n<p style=\"text-align: center;\">6<\/p>\n<\/td>\n<td>\n<p style=\"text-align: center;\">6<\/p>\n<\/td>\n<td>\n<p style=\"text-align: center;\">10<\/p>\n<\/td>\n<\/tr>\n<tr>\n<td>S\u1ed1 c\u1ecdng tr\u1eef ph\u00f4i (1\/2cc straw, 10\/cane)<\/td>\n<td>\n<p style=\"text-align: center;\">660<\/p>\n<\/td>\n<td>\n<p style=\"text-align: center;\">2.100<\/p>\n<\/td>\n<td>\n<p style=\"text-align: center;\">&#8211;<\/p>\n<\/td>\n<td>\n<p style=\"text-align: center;\">3.900<\/p>\n<\/td>\n<td>\n<p style=\"text-align: center;\">3.500<\/p>\n<\/td>\n<\/tr>\n<tr>\n<td>S\u1ed1 c\u1ecdng tr\u1eef ph\u00f4i (1\/2cc straw, 1 t\u1ea7ng)<\/td>\n<td>\n<p style=\"text-align: center;\">879<\/p>\n<\/td>\n<td>\n<p style=\"text-align: center;\">3,300<\/p>\n<\/td>\n<td>\n<p style=\"text-align: center;\">&#8211;<\/p>\n<\/td>\n<td>\n<p style=\"text-align: center;\">6200<\/p>\n<\/td>\n<td>\n<p style=\"text-align: center;\">5.000<\/p>\n<\/td>\n<\/tr>\n<tr>\n<td>S\u1ed1 c\u1ecdng tr\u1eef ph\u00f4i (1\/2cc straw, 2 t\u1ea7ng)<\/td>\n<td>\n<p style=\"text-align: center;\">1.680<\/p>\n<\/td>\n<td>\n<p style=\"text-align: center;\">&#8211;<\/p>\n<\/td>\n<td>\n<p style=\"text-align: center;\">&#8211;<\/p>\n<\/td>\n<td>\n<p style=\"text-align: center;\">&#8211;<\/p>\n<\/td>\n<td>\n<p style=\"text-align: center;\">&#8211;<\/p>\n<\/td>\n<\/tr>\n<tr>\n<td>S\u1ed1 \u1ed1ng vial 1,2 &amp; 2 ml (5\/cane)<\/td>\n<td>\n<p style=\"text-align: center;\">210<\/p>\n<\/td>\n<td>\n<p style=\"text-align: center;\">630<\/p>\n<\/td>\n<td>\n<p style=\"text-align: center;\">&#8211;<\/p>\n<\/td>\n<td>\n<p style=\"text-align: center;\">1.320<\/p>\n<\/td>\n<td>\n<p style=\"text-align: center;\">1.050<\/p>\n<\/td>\n<\/tr>\n<tr>\n<td>S\u1ed1 \u1ed1ng vial 1,2 &amp; 2 ml (25\/h\u1ed9p)<\/td>\n<td>\n<p style=\"text-align: center;\">&#8211;<\/p>\n<\/td>\n<td>\n<p style=\"text-align: center;\">&#8211;<\/p>\n<\/td>\n<td>\n<p style=\"text-align: center;\">750<\/p>\n<\/td>\n<td>\n<p style=\"text-align: center;\">&#8211;<\/p>\n<\/td>\n<td>\n<p style=\"text-align: center;\">&#8211;<\/p>\n<\/td>\n<\/tr>\n<tr>\n<td colspan=\"6\"><strong>Kh\u1ea3 ch\u1ee9a nit\u01a1 l\u1ecfng &amp; nit\u01a1 bay h\u01a1i<\/strong><\/td>\n<\/tr>\n<tr>\n<td>Th\u1ec3 t\u00edch ch\u1ee9a nit\u01a1 l\u1ecfng (\u01b0\u1edbc t\u00ednh, L)<\/td>\n<td>\n<p style=\"text-align: center;\">20,5<\/p>\n<\/td>\n<td>\n<p style=\"text-align: center;\">34,8<\/p>\n<\/td>\n<td>\n<p style=\"text-align: center;\">47,4<\/p>\n<\/td>\n<td>\n<p style=\"text-align: center;\">47,4<\/p>\n<\/td>\n<td>\n<p style=\"text-align: center;\">47,4<\/p>\n<\/td>\n<\/tr>\n<tr>\n<td>T\u1ed1c \u0111\u1ed9 bay h\u01a1i nit\u01a1 (L\/ng\u00e0y)*<\/td>\n<td>\n<p style=\"text-align: center;\">0,09<\/p>\n<\/td>\n<td>\n<p style=\"text-align: center;\">0,18<\/p>\n<\/td>\n<td>\n<p style=\"text-align: center;\">0,39<\/p>\n<\/td>\n<td>\n<p style=\"text-align: center;\">0,39<\/p>\n<\/td>\n<td>\n<p style=\"text-align: center;\">0,39<\/p>\n<\/td>\n<\/tr>\n<tr>\n<td>Th\u1eddi gian tr\u1eef (ng\u00e0y)**<\/td>\n<td>\n<p style=\"text-align: center;\">\n<\/td>\n<td>\n<p style=\"text-align: center;\">\n<\/td>\n<td>\n<p style=\"text-align: center;\">\n<\/td>\n<td>\n<p style=\"text-align: center;\">\n<\/td>\n<td>\n<p style=\"text-align: center;\">76<\/p>\n<\/td>\n<\/tr>\n<tr>\n<td colspan=\"6\"><strong>K\u00edch th\u01b0\u1edbc b\u00ecnh tr\u1eef m\u1eabu sinh h\u1ecdc (ph\u00f4i, tinh tr\u00f9ng, \u2026)<\/strong><\/td>\n<\/tr>\n<tr>\n<td>\u0110\u01b0\u1eddng k\u00ednh c\u1ed5 b\u00ecnh (mm)<\/td>\n<td>\n<p style=\"text-align: center;\">55,4<\/p>\n<\/td>\n<td>\n<p style=\"text-align: center;\">89<\/p>\n<\/td>\n<td>\n<p style=\"text-align: center;\">127<\/p>\n<\/td>\n<td>\n<p style=\"text-align: center;\">127<\/p>\n<\/td>\n<td>\n<p style=\"text-align: center;\">127<\/p>\n<\/td>\n<\/tr>\n<tr>\n<td>Chi\u1ec1u cao c\u1ee7a b\u00ecnh (mm)<\/td>\n<td>\n<p style=\"text-align: center;\">660<\/p>\n<\/td>\n<td>\n<p style=\"text-align: center;\">675<\/p>\n<\/td>\n<td>\n<p style=\"text-align: center;\">673<\/p>\n<\/td>\n<td>\n<p style=\"text-align: center;\">673<\/p>\n<\/td>\n<td>\n<p style=\"text-align: center;\">673<\/p>\n<\/td>\n<\/tr>\n<tr>\n<td>\u0110\u01b0\u1eddng k\u00ednh ngo\u00e0i c\u1ee7a b\u00ecnh (mm)<\/td>\n<td>\n<p style=\"text-align: center;\">368<\/p>\n<\/td>\n<td>\n<p style=\"text-align: center;\">464<\/p>\n<\/td>\n<td>\n<p style=\"text-align: center;\">508<\/p>\n<\/td>\n<td>\n<p style=\"text-align: center;\">508<\/p>\n<\/td>\n<td>\n<p style=\"text-align: center;\">508<\/p>\n<\/td>\n<\/tr>\n<tr>\n<td>Chi\u1ec1u cao canister (mm)<\/td>\n<td>\n<p style=\"text-align: center;\">279\/127<\/p>\n<\/td>\n<td>\n<p style=\"text-align: center;\">279<\/p>\n<\/td>\n<td>\n<p style=\"text-align: center;\">279<\/p>\n<\/td>\n<td>\n<p style=\"text-align: center;\">279<\/p>\n<\/td>\n<td>\n<p style=\"text-align: center;\">279<\/p>\n<\/td>\n<\/tr>\n<tr>\n<td>\u0110\u01b0\u1eddng k\u00ednh canister (mm)<\/td>\n<td>\n<p style=\"text-align: center;\">41,9<\/p>\n<\/td>\n<td>\n<p style=\"text-align: center;\">71<\/p>\n<\/td>\n<td>\n<p style=\"text-align: center;\">&#8211;<\/p>\n<\/td>\n<td>\n<p style=\"text-align: center;\">102<\/p>\n<\/td>\n<td>\n<p style=\"text-align: center;\">71<\/p>\n<\/td>\n<\/tr>\n<tr>\n<td>Tr\u1ecdng l\u01b0\u1ee3ng b\u00ecnh r\u1ed7ng (Kg)<\/td>\n<td>\n<p style=\"text-align: center;\">10<\/p>\n<\/td>\n<td>\n<p style=\"text-align: center;\">15,4<\/p>\n<\/td>\n<td>\n<p style=\"text-align: center;\">19<\/p>\n<\/td>\n<td>\n<p style=\"text-align: center;\">19<\/p>\n<\/td>\n<td>\n<p style=\"text-align: center;\">19<\/p>\n<\/td>\n<\/tr>\n<tr>\n<td>Tr\u1ecdng l\u01b0\u1ee3ng b\u00ecnh \u0111\u1ea7y (Kg)<\/td>\n<td>\n<p style=\"text-align: center;\">26,5<\/p>\n<\/td>\n<td>\n<p style=\"text-align: center;\">43,5<\/p>\n<\/td>\n<td>\n<p style=\"text-align: center;\">54,6<\/p>\n<\/td>\n<td>\n<p style=\"text-align: center;\">54,6<\/p>\n<\/td>\n<td>\n<p style=\"text-align: center;\">54,6<\/p>\n<\/td>\n<\/tr>\n<tr>\n<td colspan=\"6\"><i>*T\u1ed1c \u0111\u1ed9 bay h\u01a1i t\u0129nh v\u00e0 th\u1eddi gian gi\u1eef t\u0129nh l\u00e0 tr\u00ean danh ngh\u0129a. T\u1ef7 l\u1ec7 th\u1ef1c t\u1ebf v\u00e0 th\u1eddi gian l\u01b0u gi\u1eef s\u1ebd b\u1ecb \u1ea3nh h\u01b0\u1edfng b\u1edfi th\u1ef1c t\u1ebf s\u1eed d\u1ee5ng b\u00ecnh, \u0111i\u1ec1u ki\u1ec7n kh\u00f4ng kh\u00ed v\u00e0 dung sai s\u1ea3n xu\u1ea5t.<\/i><\/td>\n<\/tr>\n<tr>\n<td colspan=\"6\"><i>**Th\u1eddi l\u01b0\u1ee3ng l\u00e0m vi\u1ec7c l\u00e0 m\u1ed9t tham chi\u1ebfu t\u00f9y \u00fd, \u0111\u1ec3 \u01b0\u1edbc t\u00ednh hi\u1ec7u su\u1ea5t c\u1ee7a b\u00ecnh ch\u1ee9a trong \u0111i\u1ec1u ki\u1ec7n ho\u1ea1t \u0111\u1ed9ng b\u00ecnh th\u01b0\u1eddng trong l\u01b0u tr\u1eef ch\u1ea5t l\u1ecfng. Th\u1eddi gian l\u00e0m vi\u1ec7c th\u1ef1c t\u1ebf c\u00f3 th\u1ec3 thay \u0111\u1ed5i do \u0111i\u1ec1u ki\u1ec7n kh\u00f4ng kh\u00ed hi\u1ec7n t\u1ea1i, l\u1ecbch s\u1eed s\u1eed d\u1ee5ng b\u00ecnh ch\u1ee9a, dung sai ch\u1ebf t\u1ea1o v\u00e0 c\u00e1ch s\u1eed d\u1ee5ng b\u00ecnh.<\/i><\/td>\n<\/tr>\n<\/tbody>\n<\/table>\n<\/figure>\n<h3><strong>C\u00e1c ph\u1ee5 ki\u1ec7n c\u00f3 th\u1ec3 d\u00f9ng chung v\u1edbi b\u00ecnh MVE XC 47\/11-10 (ch\u1ecdn th\u00eam)<\/strong><\/h3>\n<ul>\n<li>B\u00ecnh MVE Lab 30.<\/li>\n<li>D\u1ee5ng c\u1ee5 ph\u00e2n ph\u1ed1i nit\u01a1 l\u1ecfng c\u1ee7a b\u00ecnh MVE Lab 30 (Manual Discharge Device).<\/li>\n<\/ul>\n","protected":false},"excerpt":{"rendered":"<p>D\u00f2ng b\u00ecnh MVE XC Series chuy\u00ean d\u00f9ng tr\u1eef l\u1ea1nh ph\u00f4i, tinh tr\u00f9ng v\u00e0 no\u00e3n, c\u00f3 c\u00f4ng su\u1ea5t l\u01b0u tr\u1eef t\u1eeb 700-5000 c\u1ecdng tr\u1eef ph\u00f4i\/ no\u00e3n (straw) v\u00e0 t\u1eeb 210-1000 \u1ed1ng vial tr\u1eef l\u1ea1nh (tinh tr\u00f9ng). \u0110\u01b0\u1ee3c s\u1ea3n xu\u1ea5t \u0111\u1ea1t ch\u1ea5t l\u01b0\u1ee3ng v\u00e0 s\u1ef1 xu\u1ea5t s\u1eafc \u1edf \u0111\u1eb3ng c\u1ea5p th\u1ebf gi\u1edbi v\u00e0 b\u00ecnh \u0111\u01b0\u1ee3c b\u1ea3o h\u00e0nh<\/p>\n<div class=\"klb-readmore post-buttons\"><a class=\"button rounded primary\" href=\"https:\/\/biogroupvietnam.com\/vi\/san-pham\/mve-xc-series\/\">Read More <i class=\"klbth-icon-right-arrow\"><\/i><\/a><\/div>\n","protected":false},"featured_media":9067,"comment_status":"closed","ping_status":"closed","template":"","meta":{"_acf_changed":false},"product_brand":[128],"product_cat":[97],"product_tag":[],"class_list":{"0":"post-3747","1":"product","2":"type-product","3":"status-publish","4":"has-post-thumbnail","6":"product_brand-mve-biological-solutions","7":"product_cat-binh-tru-lanh-phoi-tinh-trung","9":"first","10":"outofstock","11":"shipping-taxable","12":"product-type-simple"},"acf":[],"yoast_head":"<!-- This site is optimized with the Yoast SEO plugin v26.8 - https:\/\/yoast.com\/product\/yoast-seo-wordpress\/ -->\n<title>B\u00ecnh Tr\u1eef L\u1ea1nh Ph\u00f4i, Tinh Tr\u00f9ng MVE XC Series<\/title>\n<meta name=\"description\" content=\"C\u00f4ng ty TNHH Biogroup Vietnam chuy\u00ean cung c\u1ea5p d\u00f2ng b\u00ecnh MVE XC Series chuy\u00ean d\u00f9ng tr\u1eef l\u1ea1nh ph\u00f4i, tinh tr\u00f9ng v\u00e0 no\u00e3n.\" \/>\n<meta name=\"robots\" content=\"index, follow, max-snippet:-1, max-image-preview:large, max-video-preview:-1\" \/>\n<link rel=\"canonical\" href=\"https:\/\/biogroupvietnam.com\/vi\/san-pham\/mve-xc-series\/\" \/>\n<meta property=\"og:locale\" content=\"vi_VN\" \/>\n<meta property=\"og:type\" content=\"article\" \/>\n<meta property=\"og:title\" content=\"B\u00ecnh Tr\u1eef L\u1ea1nh Ph\u00f4i, Tinh Tr\u00f9ng MVE XC Series\" \/>\n<meta property=\"og:description\" content=\"C\u00f4ng ty TNHH Biogroup Vietnam chuy\u00ean cung c\u1ea5p d\u00f2ng b\u00ecnh MVE XC Series chuy\u00ean d\u00f9ng tr\u1eef l\u1ea1nh ph\u00f4i, tinh tr\u00f9ng v\u00e0 no\u00e3n.\" \/>\n<meta property=\"og:url\" content=\"https:\/\/biogroupvietnam.com\/vi\/san-pham\/mve-xc-series\/\" \/>\n<meta property=\"og:site_name\" content=\"Biogroup Vietnam\" \/>\n<meta property=\"article:modified_time\" content=\"2026-01-16T07:41:42+00:00\" \/>\n<meta property=\"og:image\" content=\"https:\/\/biogroupvietnam.com\/wp-content\/uploads\/2025\/08\/MVE-XC-Series.jpg\" \/>\n\t<meta property=\"og:image:width\" content=\"1640\" \/>\n\t<meta property=\"og:image:height\" content=\"1260\" \/>\n\t<meta property=\"og:image:type\" content=\"image\/jpeg\" \/>\n<meta name=\"twitter:card\" content=\"summary_large_image\" \/>\n<meta name=\"twitter:label1\" content=\"\u01af\u1edbc t\u00ednh th\u1eddi gian \u0111\u1ecdc\" \/>\n\t<meta name=\"twitter:data1\" content=\"5 ph\u00fat\" \/>\n<script type=\"application\/ld+json\" class=\"yoast-schema-graph\">{\"@context\":\"https:\/\/schema.org\",\"@graph\":[{\"@type\":\"WebPage\",\"@id\":\"https:\/\/biogroupvietnam.com\/vi\/san-pham\/mve-xc-series\/\",\"url\":\"https:\/\/biogroupvietnam.com\/vi\/san-pham\/mve-xc-series\/\",\"name\":\"B\u00ecnh Tr\u1eef L\u1ea1nh Ph\u00f4i, Tinh Tr\u00f9ng MVE XC Series\",\"isPartOf\":{\"@id\":\"https:\/\/biogroupvietnam.com\/vi\/#website\"},\"primaryImageOfPage\":{\"@id\":\"https:\/\/biogroupvietnam.com\/vi\/san-pham\/mve-xc-series\/#primaryimage\"},\"image\":{\"@id\":\"https:\/\/biogroupvietnam.com\/vi\/san-pham\/mve-xc-series\/#primaryimage\"},\"thumbnailUrl\":\"https:\/\/biogroupvietnam.com\/wp-content\/uploads\/2025\/08\/MVE-XC-Series.jpg\",\"datePublished\":\"2025-08-18T12:52:50+00:00\",\"dateModified\":\"2026-01-16T07:41:42+00:00\",\"description\":\"C\u00f4ng ty TNHH Biogroup Vietnam chuy\u00ean cung c\u1ea5p d\u00f2ng b\u00ecnh MVE XC Series chuy\u00ean d\u00f9ng tr\u1eef l\u1ea1nh ph\u00f4i, tinh tr\u00f9ng v\u00e0 no\u00e3n.\",\"breadcrumb\":{\"@id\":\"https:\/\/biogroupvietnam.com\/vi\/san-pham\/mve-xc-series\/#breadcrumb\"},\"inLanguage\":\"vi\",\"potentialAction\":[{\"@type\":\"ReadAction\",\"target\":[\"https:\/\/biogroupvietnam.com\/vi\/san-pham\/mve-xc-series\/\"]}]},{\"@type\":\"ImageObject\",\"inLanguage\":\"vi\",\"@id\":\"https:\/\/biogroupvietnam.com\/vi\/san-pham\/mve-xc-series\/#primaryimage\",\"url\":\"https:\/\/biogroupvietnam.com\/wp-content\/uploads\/2025\/08\/MVE-XC-Series.jpg\",\"contentUrl\":\"https:\/\/biogroupvietnam.com\/wp-content\/uploads\/2025\/08\/MVE-XC-Series.jpg\",\"width\":1640,\"height\":1260},{\"@type\":\"BreadcrumbList\",\"@id\":\"https:\/\/biogroupvietnam.com\/vi\/san-pham\/mve-xc-series\/#breadcrumb\",\"itemListElement\":[{\"@type\":\"ListItem\",\"position\":1,\"name\":\"Trang ch\u1ee7\",\"item\":\"https:\/\/biogroupvietnam.com\/vi\/\"},{\"@type\":\"ListItem\",\"position\":2,\"name\":\"S\u1ea3n ph\u1ea9m\",\"item\":\"https:\/\/biogroupvietnam.com\/vi\/san-pham\/\"},{\"@type\":\"ListItem\",\"position\":3,\"name\":\"B\u1ea3o Qu\u1ea3n L\u1ea1nh T\u1ebf B\u00e0o\",\"item\":\"https:\/\/biogroupvietnam.com\/vi\/danh-muc-san-pham\/bao-quan-lanh-te-bao\/\"},{\"@type\":\"ListItem\",\"position\":4,\"name\":\"B\u00ecnh Tr\u1eef L\u1ea1nh Ph\u00f4i, Tinh Tr\u00f9ng\",\"item\":\"https:\/\/biogroupvietnam.com\/vi\/danh-muc-san-pham\/binh-tru-lanh-phoi-tinh-trung\/\"},{\"@type\":\"ListItem\",\"position\":5,\"name\":\"B\u00ecnh Tr\u1eef L\u1ea1nh Ph\u00f4i, Tinh Tr\u00f9ng MVE XC Series\"}]},{\"@type\":\"WebSite\",\"@id\":\"https:\/\/biogroupvietnam.com\/vi\/#website\",\"url\":\"https:\/\/biogroupvietnam.com\/vi\/\",\"name\":\"Biogroup Vietnam\",\"description\":\"Biogroup Vietnam cung c\u1ea5p d\u1ecbch v\u1ee5 k\u1ef9 thu\u1eadt c\u00f9ng thi\u1ebft b\u1ecb, v\u1eadt t\u01b0, h\u00f3a ch\u1ea5t v\u00e0 gi\u1ea3i ph\u00e1p sinh h\u1ecdc cho ph\u00f2ng th\u00ed nghi\u1ec7m c\u00f4ng ngh\u1ec7 sinh h\u1ecdc, y sinh v\u00e0 y h\u1ecdc t\u00e1i t\u1ea1o.\",\"potentialAction\":[{\"@type\":\"SearchAction\",\"target\":{\"@type\":\"EntryPoint\",\"urlTemplate\":\"https:\/\/biogroupvietnam.com\/vi\/?s={search_term_string}\"},\"query-input\":{\"@type\":\"PropertyValueSpecification\",\"valueRequired\":true,\"valueName\":\"search_term_string\"}}],\"inLanguage\":\"vi\"}]}<\/script>\n<!-- \/ Yoast SEO plugin. -->","yoast_head_json":{"title":"B\u00ecnh Tr\u1eef L\u1ea1nh Ph\u00f4i, Tinh Tr\u00f9ng MVE XC Series","description":"C\u00f4ng ty TNHH Biogroup Vietnam chuy\u00ean cung c\u1ea5p d\u00f2ng b\u00ecnh MVE XC Series chuy\u00ean d\u00f9ng tr\u1eef l\u1ea1nh ph\u00f4i, tinh tr\u00f9ng v\u00e0 no\u00e3n.","robots":{"index":"index","follow":"follow","max-snippet":"max-snippet:-1","max-image-preview":"max-image-preview:large","max-video-preview":"max-video-preview:-1"},"canonical":"https:\/\/biogroupvietnam.com\/vi\/san-pham\/mve-xc-series\/","og_locale":"vi_VN","og_type":"article","og_title":"B\u00ecnh Tr\u1eef L\u1ea1nh Ph\u00f4i, Tinh Tr\u00f9ng MVE XC Series","og_description":"C\u00f4ng ty TNHH Biogroup Vietnam chuy\u00ean cung c\u1ea5p d\u00f2ng b\u00ecnh MVE XC Series chuy\u00ean d\u00f9ng tr\u1eef l\u1ea1nh ph\u00f4i, tinh tr\u00f9ng v\u00e0 no\u00e3n.","og_url":"https:\/\/biogroupvietnam.com\/vi\/san-pham\/mve-xc-series\/","og_site_name":"Biogroup Vietnam","article_modified_time":"2026-01-16T07:41:42+00:00","og_image":[{"width":1640,"height":1260,"url":"https:\/\/biogroupvietnam.com\/wp-content\/uploads\/2025\/08\/MVE-XC-Series.jpg","type":"image\/jpeg"}],"twitter_card":"summary_large_image","twitter_misc":{"\u01af\u1edbc t\u00ednh th\u1eddi gian \u0111\u1ecdc":"5 ph\u00fat"},"schema":{"@context":"https:\/\/schema.org","@graph":[{"@type":"WebPage","@id":"https:\/\/biogroupvietnam.com\/vi\/san-pham\/mve-xc-series\/","url":"https:\/\/biogroupvietnam.com\/vi\/san-pham\/mve-xc-series\/","name":"B\u00ecnh Tr\u1eef L\u1ea1nh Ph\u00f4i, Tinh Tr\u00f9ng MVE XC Series","isPartOf":{"@id":"https:\/\/biogroupvietnam.com\/vi\/#website"},"primaryImageOfPage":{"@id":"https:\/\/biogroupvietnam.com\/vi\/san-pham\/mve-xc-series\/#primaryimage"},"image":{"@id":"https:\/\/biogroupvietnam.com\/vi\/san-pham\/mve-xc-series\/#primaryimage"},"thumbnailUrl":"https:\/\/biogroupvietnam.com\/wp-content\/uploads\/2025\/08\/MVE-XC-Series.jpg","datePublished":"2025-08-18T12:52:50+00:00","dateModified":"2026-01-16T07:41:42+00:00","description":"C\u00f4ng ty TNHH Biogroup Vietnam chuy\u00ean cung c\u1ea5p d\u00f2ng b\u00ecnh MVE XC Series chuy\u00ean d\u00f9ng tr\u1eef l\u1ea1nh ph\u00f4i, tinh tr\u00f9ng v\u00e0 no\u00e3n.","breadcrumb":{"@id":"https:\/\/biogroupvietnam.com\/vi\/san-pham\/mve-xc-series\/#breadcrumb"},"inLanguage":"vi","potentialAction":[{"@type":"ReadAction","target":["https:\/\/biogroupvietnam.com\/vi\/san-pham\/mve-xc-series\/"]}]},{"@type":"ImageObject","inLanguage":"vi","@id":"https:\/\/biogroupvietnam.com\/vi\/san-pham\/mve-xc-series\/#primaryimage","url":"https:\/\/biogroupvietnam.com\/wp-content\/uploads\/2025\/08\/MVE-XC-Series.jpg","contentUrl":"https:\/\/biogroupvietnam.com\/wp-content\/uploads\/2025\/08\/MVE-XC-Series.jpg","width":1640,"height":1260},{"@type":"BreadcrumbList","@id":"https:\/\/biogroupvietnam.com\/vi\/san-pham\/mve-xc-series\/#breadcrumb","itemListElement":[{"@type":"ListItem","position":1,"name":"Trang ch\u1ee7","item":"https:\/\/biogroupvietnam.com\/vi\/"},{"@type":"ListItem","position":2,"name":"S\u1ea3n ph\u1ea9m","item":"https:\/\/biogroupvietnam.com\/vi\/san-pham\/"},{"@type":"ListItem","position":3,"name":"B\u1ea3o Qu\u1ea3n L\u1ea1nh T\u1ebf B\u00e0o","item":"https:\/\/biogroupvietnam.com\/vi\/danh-muc-san-pham\/bao-quan-lanh-te-bao\/"},{"@type":"ListItem","position":4,"name":"B\u00ecnh Tr\u1eef L\u1ea1nh Ph\u00f4i, Tinh Tr\u00f9ng","item":"https:\/\/biogroupvietnam.com\/vi\/danh-muc-san-pham\/binh-tru-lanh-phoi-tinh-trung\/"},{"@type":"ListItem","position":5,"name":"B\u00ecnh Tr\u1eef L\u1ea1nh Ph\u00f4i, Tinh Tr\u00f9ng MVE XC Series"}]},{"@type":"WebSite","@id":"https:\/\/biogroupvietnam.com\/vi\/#website","url":"https:\/\/biogroupvietnam.com\/vi\/","name":"Biogroup Vietnam","description":"Biogroup Vietnam cung c\u1ea5p d\u1ecbch v\u1ee5 k\u1ef9 thu\u1eadt c\u00f9ng thi\u1ebft b\u1ecb, v\u1eadt t\u01b0, h\u00f3a ch\u1ea5t v\u00e0 gi\u1ea3i ph\u00e1p sinh h\u1ecdc cho ph\u00f2ng th\u00ed nghi\u1ec7m c\u00f4ng ngh\u1ec7 sinh h\u1ecdc, y sinh v\u00e0 y h\u1ecdc t\u00e1i t\u1ea1o.","potentialAction":[{"@type":"SearchAction","target":{"@type":"EntryPoint","urlTemplate":"https:\/\/biogroupvietnam.com\/vi\/?s={search_term_string}"},"query-input":{"@type":"PropertyValueSpecification","valueRequired":true,"valueName":"search_term_string"}}],"inLanguage":"vi"}]}},"_links":{"self":[{"href":"https:\/\/biogroupvietnam.com\/vi\/wp-json\/wp\/v2\/product\/3747","targetHints":{"allow":["GET"]}}],"collection":[{"href":"https:\/\/biogroupvietnam.com\/vi\/wp-json\/wp\/v2\/product"}],"about":[{"href":"https:\/\/biogroupvietnam.com\/vi\/wp-json\/wp\/v2\/types\/product"}],"replies":[{"embeddable":true,"href":"https:\/\/biogroupvietnam.com\/vi\/wp-json\/wp\/v2\/comments?post=3747"}],"version-history":[{"count":5,"href":"https:\/\/biogroupvietnam.com\/vi\/wp-json\/wp\/v2\/product\/3747\/revisions"}],"predecessor-version":[{"id":9402,"href":"https:\/\/biogroupvietnam.com\/vi\/wp-json\/wp\/v2\/product\/3747\/revisions\/9402"}],"wp:featuredmedia":[{"embeddable":true,"href":"https:\/\/biogroupvietnam.com\/vi\/wp-json\/wp\/v2\/media\/9067"}],"wp:attachment":[{"href":"https:\/\/biogroupvietnam.com\/vi\/wp-json\/wp\/v2\/media?parent=3747"}],"wp:term":[{"taxonomy":"product_brand","embeddable":true,"href":"https:\/\/biogroupvietnam.com\/vi\/wp-json\/wp\/v2\/product_brand?post=3747"},{"taxonomy":"product_cat","embeddable":true,"href":"https:\/\/biogroupvietnam.com\/vi\/wp-json\/wp\/v2\/product_cat?post=3747"},{"taxonomy":"product_tag","embeddable":true,"href":"https:\/\/biogroupvietnam.com\/vi\/wp-json\/wp\/v2\/product_tag?post=3747"}],"curies":[{"name":"wp","href":"https:\/\/api.w.org\/{rel}","templated":true}]}}