{"id":3748,"date":"2025-08-18T19:52:50","date_gmt":"2025-08-18T12:52:50","guid":{"rendered":"http:\/\/biogroupvietnam-worldpress.local\/product\/import-placeholder-for-98\/"},"modified":"2026-01-12T16:47:31","modified_gmt":"2026-01-12T09:47:31","slug":"binh-mve-vario","status":"publish","type":"product","link":"https:\/\/biogroupvietnam.com\/vi\/san-pham\/binh-mve-vario\/","title":{"rendered":"B\u00ecnh L\u01b0u Tr\u1eef M\u1eabu MVE Vari\u014d\u00ae (T\u1ee7 L\u1ea1nh \u0110\u00f4ng S\u00e2u)"},"content":{"rendered":"<p>B\u00ecnh L\u01b0u Tr\u1eef M\u1eabu MVE Vari\u014d\u00ae 1500 v\u00e0 1800 ho\u1ea1t \u0111\u1ed9ng nh\u01b0 t\u1ee7 \u0111\u00f4ng s\u00e2u (t\u1eeb -20\u00b0C \u0111\u1ebfn -150\u00b0C) l\u00e0 s\u1ef1 thay th\u1ebf ti\u00ean ti\u1ebfn v\u00e0 ti\u1ebft ki\u1ec7m \u0111i\u1ec7n trong vi\u1ec7c b\u1ea3o qu\u1ea3n \u0111\u00f4ng s\u00e2u c\u00e1c m\u1eabu sinh h\u1ecdc. M\u1ed9t\u00a0minh\u00a0ch\u1ee9ng t\u01b0\u01a1ng lai c\u1ee7a b\u00ecnh MVE Vari\u014d\u00ae trong\u00a0quy\u1ebft \u0111\u1ecbnh l\u1ef1a ch\u1ecdn thi\u1ebft b\u1ecb l\u01b0u tr\u1eef\u00a0\u0111\u00f4ng s\u00e2u c\u1ee7a ng\u01b0\u1eddi d\u00f9ng trong b\u1ea3o qu\u1ea3n\u00a0c\u00e1c m\u1eabu sinh h\u1ecdc v\u00e0 v\u1eadt li\u1ec7u kh\u00e1c.<\/p>\n<p>B\u00ecnh MVE Vari\u014d\u00ae l\u01b0u tr\u1eef m\u1eabu kh\u00f4 ho\u00e0n to\u00e0n c\u00f3 kh\u1ea3 n\u0103ng duy tr\u00ec nhi\u1ec7t \u0111\u1ed9 do ng\u01b0\u1eddi d\u00f9ng c\u00e0i \u0111\u1eb7t trong kho\u1ea3ng t\u1eeb -20 \u00b0C \u0111\u1ebfn -150 \u00b0C. T\u1ee7 \u0111\u00f4ng l\u1ea1nh MVE Vari\u014d\u00ae l\u00e0m gi\u1ea3m \u0111\u00e1ng k\u1ec3 kh\u1ea3 n\u0103ng nhi\u1ec5m ch\u00e9o gi\u1eefa c\u00e1c m\u1eabu khi ti\u1ebfp x\u00fac v\u1edbi nit\u01a1 l\u1ecfng, \u0111\u1ed3ng th\u1eddi c\u00f3 h\u1ed3 s\u01a1 l\u01b0u nhi\u1ec7t \u0111\u1ed9 b\u1ea3o qu\u1ea3n m\u1eabu nh\u1ea5t qu\u00e1n, ngay c\u1ea3 khi m\u1edf n\u1eafp b\u00ecnh l\u01b0u tr\u1eef, do \u0111\u01b0\u1ee3c k\u1ebft h\u1ee3p v\u1edbi ngu\u1ed3n nit\u01a1 l\u1ecfng trong b\u00ecnh MVE Vari\u014d\u00ae. T\u1ee7 \u0111\u00f4ng s\u00e2u MVE Vari\u014d\u00ae c\u00f3 th\u1ec3 ch\u1ec9 ti\u00eau hao 1% \u0111i\u1ec7n n\u0103ng v\u00e0 ti\u1ebft ki\u1ec7m kho\u1ea3ng 70% chi ph\u00ed v\u1eadn h\u00e0nh c\u1ee7a t\u1ee7 \u0111\u00f4ng s\u00e2u khi so v\u1edbi c\u00e1c t\u1ee7 \u0111\u00f4ng s\u00e2u c\u01a1 h\u1ecdc h\u00e0ng \u0111\u1ea7u. Khi c\u1ea7n thi\u1ebft, c\u00f3 b\u1ed9 chuy\u1ec3n \u0111\u1ed5i cho ph\u00e9p b\u00ecnh MVE Vari\u014d\u00ae ho\u1ea1t \u0111\u1ed9ng nh\u01b0 m\u1ed9t b\u00ecnh l\u01b0u tr\u1eef \u1edf nhi\u1ec7t \u0111\u1ed9 -190 oC.<\/p>\n<h3>C\u00e1c t\u00ednh n\u0103ng ch\u00ednh b\u00ecnh MVE Vari\u014d\u00ae (t\u1ee7 \u0111\u00f4ng s\u00e2u)<\/h3>\n<ul>\n<li>Ti\u1ebft ki\u1ec7m kho\u1ea3ng 70% chi ph\u00ed v\u1eadn h\u00e0nh so v\u1edbi c\u00e1c t\u1ee7 \u0111\u00f4ng s\u00e2u c\u01a1 kh\u00ed h\u00e0ng \u0111\u1ea7u (-80 \u00b0C).<\/li>\n<li>Ch\u1ec9 ti\u00eau hao 1% \u0111i\u1ec7n n\u0103ng so v\u1edbi c\u00e1c t\u1ee7 \u0111\u00f4ng s\u00e2u c\u01a1 kh\u00ed h\u00e0ng \u0111\u1ea7u (-80 \u00b0C).<\/li>\n<li>Khu v\u1ef1c l\u01b0u tr\u1eef m\u1eabu kh\u00f4 ho\u00e0n to\u00e0n<\/li>\n<li>C\u00f3 h\u1ed3 s\u01a1 l\u01b0u tr\u1eef nhi\u1ec7t \u0111\u1ed9 nh\u1ea5t qu\u00e1n, ngay c\u1ea3 khi m\u1edf n\u1eafp b\u00ecnh l\u01b0u tr\u1eef.<\/li>\n<li>C\u1ea3i thi\u1ec7n th\u1eddi gian x\u1eed l\u00fd (\u0111\u01b0a m\u1eabu v\u00e0o b\u1ea3o qu\u1ea3n), h\u1ea1n ch\u1ebf gia t\u0103ng nhi\u1ec7t \u0111\u1ed9 khi \u0111\u01b0a m\u1eabu \u1ea5m (\u0111ang \u1edf nhi\u1ec7t \u0111\u1ed9 ph\u00f2ng) v\u00e0o t\u1ee7 \u0111\u00f4ng s\u00e2u MVE Vari\u014d\u00ae.<\/li>\n<li>Kh\u00f4ng t\u1ea3i nhi\u1ec7t v\u00e0 kh\u00f4ng l\u00e0m gia t\u0103ng nhi\u1ec7t \u0111\u1ed9 trong ph\u00f2ng b\u1ea3o qu\u1ea3n m\u1eabu v\u00e0 kh\u00f4ng c\u1ea7n th\u00eam HVAC.<\/li>\n<li>Kh\u00f4ng c\u1ea7n thay th\u1ebf m\u00e1y n\u00e9n kh\u00ed \u0111\u1eaft ti\u1ec1n (nh\u01b0 khi s\u1eed d\u1ee5ng t\u1ee7 \u0111\u00f4ng s\u00e2u c\u01a1 h\u1ecdc).<\/li>\n<li>C\u00f3 th\u1ec3 chuy\u1ec3n \u0111\u1ed5i th\u00e0nh b\u00ecnh l\u01b0u tr\u1eef \u1edf nhi\u1ec7t \u0111\u1ed9 -190 oC.<\/li>\n<li>B\u1ea3o h\u00e0nh ph\u1ee5 ki\u1ec7n 2 n\u0103m.<\/li>\n<li>B\u1ea3o h\u00e0nh 5 n\u0103m ph\u1ea7n ch\u00e2n kh\u00f4ng c\u1ee7a b\u00ecnh.<\/li>\n<\/ul>\n<h3>\u0110\u1ed3 th\u1ecb ki\u1ec3m tra nhi\u1ec7t \u0111\u1ed9 b\u00ecnh MVE Vari\u014d\u00ae (t\u1ee7 \u0111\u00f4ng s\u00e2u)<\/h3>\n<p style=\"text-align: center;\"><img fetchpriority=\"high\" decoding=\"async\" src=\"https:\/\/biogroupvietnam.com\/uploads\/OzLFesA3bY6gVQHuazNYhzaK4udjM0W2Hokwp3uX.png\" alt=\"\u0110\u1ed3 th\u1ecb ki\u1ec3m tra nhi\u1ec7t \u0111\u1ed9 b\u00ecnh MVE Vari\u014d\u00ae (t\u1ee7 \u0111\u00f4ng s\u00e2u)\" width=\"476\" height=\"348\" \/><\/p>\n<p>Ki\u1ec3m tra nhi\u1ec7t \u0111\u1ed9 ch\u1ee9ng minh hi\u1ec7u su\u1ea5t ho\u1ea1t \u0111\u1ed9ng c\u1ee7a b\u00ecnh MVE Vari\u014d\u00ae khi \u0111\u01b0\u1ee3c l\u01b0u tr\u1eef \u0111\u1ea7y m\u1eabu theo m\u1ee9c khuy\u1ebfn ngh\u1ecb c\u1ee7a MVE Biological Solutions. Hi\u1ec7u su\u1ea5t ho\u1ea1t \u0111\u1ed9ng th\u1ef1c t\u1ebf c\u00f3 th\u1ec3 thay \u0111\u1ed5i t\u00f9y theo \u0111i\u1ec1u ki\u1ec7n m\u00f4i tr\u01b0\u1eddng v\u00e0 c\u00e1ch s\u1eed d\u1ee5ng.<\/p>\n<h3><strong>Th\u00f4ng s\u1ed1 k\u1ef9 thu\u1eadt<\/strong><\/h3>\n<figure class=\"table\">\n<table>\n<tbody>\n<tr>\n<td>\n<p style=\"text-align: center;\"><strong>Model<\/strong><\/p>\n<\/td>\n<td>\n<p style=\"text-align: center;\"><strong>MVE Vari\u014d 1536P<\/strong><\/p>\n<\/td>\n<td>\n<p style=\"text-align: center;\"><strong>MVE Vari\u014d 1539R<\/strong><\/p>\n<\/td>\n<td>\n<p style=\"text-align: center;\"><strong>MVE Vari\u014d 1879P<\/strong><\/p>\n<\/td>\n<td>\n<p style=\"text-align: center;\"><strong>MVE Vari\u014d 1881R<\/strong><\/p>\n<\/td>\n<td>\n<p style=\"text-align: center;\"><strong>MVE Vari\u014d 1894R<\/strong><\/p>\n<\/td>\n<\/tr>\n<tr>\n<td colspan=\"6\">\n<p style=\"text-align: center;\"><strong>Kh\u1ea3 n\u0103ng tr\u1eef m\u1eabu t\u1ed1i \u0111a<\/strong><\/p>\n<\/td>\n<\/tr>\n<tr>\n<td>S\u1ed1 \u1ed1ng vial 1,2 ho\u1eb7c 2 ml \u0111\u01b0\u1ee3c l\u01b0u tr\u1eef t\u1ed1i \u0111a<\/td>\n<td>\n<p style=\"text-align: center;\">36400<\/p>\n<\/td>\n<td>\n<p style=\"text-align: center;\">39000<\/p>\n<\/td>\n<td>\n<p style=\"text-align: center;\">79950<\/p>\n<\/td>\n<td>\n<p style=\"text-align: center;\">81900<\/p>\n<\/td>\n<td>\n<p style=\"text-align: center;\">94500<\/p>\n<\/td>\n<\/tr>\n<tr>\n<td>S\u1ed1 gi\u00e1 \u0111\u1ee1 cho lo\u1ea1i h\u1ed9p 100 v\u1ecb tr\u00ed ch\u1ee9a \u1ed1ng vial<\/td>\n<td>\n<p style=\"text-align: center;\">24<\/p>\n<\/td>\n<td>\n<p style=\"text-align: center;\">26<\/p>\n<\/td>\n<td>\n<p style=\"text-align: center;\">54<\/p>\n<\/td>\n<td>\n<p style=\"text-align: center;\">60<\/p>\n<\/td>\n<td>\n<p style=\"text-align: center;\">60<\/p>\n<\/td>\n<\/tr>\n<tr>\n<td>S\u1ed1 gi\u00e1 \u0111\u1ee1 cho lo\u1ea1i h\u1ed9p 25 v\u1ecb tr\u00ed ch\u1ee9a \u1ed1ng vial<\/td>\n<td>\n<p style=\"text-align: center;\">16<\/p>\n<\/td>\n<td>\n<p style=\"text-align: center;\">16<\/p>\n<\/td>\n<td>\n<p style=\"text-align: center;\">30<\/p>\n<\/td>\n<td>\n<p style=\"text-align: center;\">12<\/p>\n<\/td>\n<td>\n<p style=\"text-align: center;\">12<\/p>\n<\/td>\n<\/tr>\n<tr>\n<td>S\u1ed1 t\u1ea7ng c\u1ee7a m\u1ed7i gi\u00e1 \u0111\u1ee1<\/td>\n<td>\n<p style=\"text-align: center;\">13<\/p>\n<\/td>\n<td>\n<p style=\"text-align: center;\">13<\/p>\n<\/td>\n<td>\n<p style=\"text-align: center;\">13<\/p>\n<\/td>\n<td>\n<p style=\"text-align: center;\">13<\/p>\n<\/td>\n<td>\n<p style=\"text-align: center;\">15<\/p>\n<\/td>\n<\/tr>\n<tr>\n<td>S\u1ed1 t\u00fai m\u00e1u\/ t\u1ebf b\u00e0o 25 mL \u0111\u01b0\u1ee3c l\u01b0u tr\u1eef t\u1ed1i \u0111a<\/td>\n<td>\n<p style=\"text-align: center;\">3,080<\/p>\n<\/td>\n<td>\n<p style=\"text-align: center;\">2786<\/p>\n<\/td>\n<td>\n<p style=\"text-align: center;\">5866<\/p>\n<\/td>\n<td>\n<p style=\"text-align: center;\">5628<\/p>\n<\/td>\n<td>\n<p style=\"text-align: center;\">6432<\/p>\n<\/td>\n<\/tr>\n<tr>\n<td>S\u1ed1 t\u00fai m\u00e1u\/ t\u1ebf b\u00e0o 50 mL \u0111\u01b0\u1ee3c l\u01b0u tr\u1eef t\u1ed1i \u0111a<\/td>\n<td>\n<p style=\"text-align: center;\">1,488<\/p>\n<\/td>\n<td>\n<p style=\"text-align: center;\">1446<\/p>\n<\/td>\n<td>\n<p style=\"text-align: center;\">2952<\/p>\n<\/td>\n<td>\n<p style=\"text-align: center;\">2940<\/p>\n<\/td>\n<td>\n<p style=\"text-align: center;\">3920<\/p>\n<\/td>\n<\/tr>\n<tr>\n<td>S\u1ed1 t\u00fai m\u00e1u\/ t\u1ebf b\u00e0o 500 mL \u0111\u01b0\u1ee3c l\u01b0u tr\u1eef t\u1ed1i \u0111a<\/td>\n<td>\n<p style=\"text-align: center;\">608<\/p>\n<\/td>\n<td>\n<p style=\"text-align: center;\">576<\/p>\n<\/td>\n<td>\n<p style=\"text-align: center;\">1104<\/p>\n<\/td>\n<td>\n<p style=\"text-align: center;\">1240<\/p>\n<\/td>\n<td>\n<p style=\"text-align: center;\">1550<\/p>\n<\/td>\n<\/tr>\n<tr>\n<td colspan=\"6\">\n<p style=\"text-align: center;\"><strong>Hi\u1ec7u su\u1ea5t<\/strong><\/p>\n<\/td>\n<\/tr>\n<tr>\n<td>Ph\u1ea1m v\u1ecb nhi\u1ec7t \u0111\u1ed9<\/td>\n<td>\n<p style=\"text-align: center;\">-20\u00b0C, -150\u00b0C<\/p>\n<\/td>\n<td>\n<p style=\"text-align: center;\">-20\u00b0C, -150\u00b0C<\/p>\n<\/td>\n<td>\n<p style=\"text-align: center;\">-20\u00b0C, -150\u00b0C<\/p>\n<\/td>\n<td>\n<p style=\"text-align: center;\">-20\u00b0C, -150\u00b0C<\/p>\n<\/td>\n<td>\n<p style=\"text-align: center;\">-20\u00b0C, -150\u00b0C<\/p>\n<\/td>\n<\/tr>\n<tr>\n<td>\u01af\u1edbc l\u01b0\u1ee3ng LN2 ti\u00eau th\u1ee5 \u1edf -80\u00b0C L\/ng\u00e0y<\/td>\n<td>\n<p style=\"text-align: center;\">9<\/p>\n<\/td>\n<td>\n<p style=\"text-align: center;\">9<\/p>\n<\/td>\n<td>\n<p style=\"text-align: center;\">15<\/p>\n<\/td>\n<td>\n<p style=\"text-align: center;\">15<\/p>\n<\/td>\n<td>\n<p style=\"text-align: center;\">15<\/p>\n<\/td>\n<\/tr>\n<tr>\n<td>C\u00f4ng su\u1ea5t ti\u00eau th\u1ee5 W<\/td>\n<td>\n<p style=\"text-align: center;\">8<\/p>\n<\/td>\n<td>\n<p style=\"text-align: center;\">8<\/p>\n<\/td>\n<td>\n<p style=\"text-align: center;\">8<\/p>\n<\/td>\n<td>\n<p style=\"text-align: center;\">8<\/p>\n<\/td>\n<td>\n<p style=\"text-align: center;\">8<\/p>\n<\/td>\n<\/tr>\n<tr>\n<td colspan=\"6\">\n<p style=\"text-align: center;\"><strong>K\u00edch th\u01b0\u1edbc<\/strong><\/p>\n<\/td>\n<\/tr>\n<tr>\n<td>\u0110\u01b0\u1eddng k\u00ednh c\u1ed5 b\u00ecnh (mm)<\/td>\n<td>\n<p style=\"text-align: center;\">445<\/p>\n<\/td>\n<td>\n<p style=\"text-align: center;\">445<\/p>\n<\/td>\n<td>\n<p style=\"text-align: center;\">635<\/p>\n<\/td>\n<td>\n<p style=\"text-align: center;\">635<\/p>\n<\/td>\n<td>\n<p style=\"text-align: center;\">635<\/p>\n<\/td>\n<\/tr>\n<tr>\n<td>Chi\u1ec1u cao b\u00ean trong c\u00f3 th\u1ec3 s\u1eed d\u1ee5ng c\u1ee7a b\u00ecnh (mm)<\/td>\n<td>\n<p style=\"text-align: center;\">732<\/p>\n<\/td>\n<td>\n<p style=\"text-align: center;\">745<\/p>\n<\/td>\n<td>\n<p style=\"text-align: center;\">749<\/p>\n<\/td>\n<td>\n<p style=\"text-align: center;\">741<\/p>\n<\/td>\n<td>\n<p style=\"text-align: center;\">868<\/p>\n<\/td>\n<\/tr>\n<tr>\n<td>\u0110\u01b0\u1eddng k\u00ednh trong c\u1ee7a b\u00ecnh (mm)<\/td>\n<td>\n<p style=\"text-align: center;\">978<\/p>\n<\/td>\n<td>\n<p style=\"text-align: center;\">978<\/p>\n<\/td>\n<td>\n<p style=\"text-align: center;\">1422<\/p>\n<\/td>\n<td>\n<p style=\"text-align: center;\">1391<\/p>\n<\/td>\n<td>\n<p style=\"text-align: center;\">1391<\/p>\n<\/td>\n<\/tr>\n<tr>\n<td>Chi\u1ec1u cao c\u1ee7a b\u00ecnh (mm)<\/td>\n<td>\n<p style=\"text-align: center;\">1556<\/p>\n<\/td>\n<td>\n<p style=\"text-align: center;\">1556<\/p>\n<\/td>\n<td>\n<p style=\"text-align: center;\">1577<\/p>\n<\/td>\n<td>\n<p style=\"text-align: center;\">1556<\/p>\n<\/td>\n<td>\n<p style=\"text-align: center;\">1683<\/p>\n<\/td>\n<\/tr>\n<tr>\n<td>\u0110\u1ed9 r\u1ed9ng t\u1ed1i thi\u1ec3u c\u1ee7a c\u1eeda ph\u00f2ng \u0111\u1eb7t b\u00ecnh MVE Vari\u014d (mm)<\/td>\n<td>\n<p style=\"text-align: center;\">1067<\/p>\n<\/td>\n<td>\n<p style=\"text-align: center;\">1067<\/p>\n<\/td>\n<td>\n<p style=\"text-align: center;\">1524<\/p>\n<\/td>\n<td>\n<p style=\"text-align: center;\">1524<\/p>\n<\/td>\n<td>\n<p style=\"text-align: center;\">1524<\/p>\n<\/td>\n<\/tr>\n<tr>\n<td>Tr\u1ecdng l\u01b0\u1ee3ng b\u00ecnh r\u1ed7ng (Kg)<\/td>\n<td>\n<p style=\"text-align: center;\">313<\/p>\n<\/td>\n<td>\n<p style=\"text-align: center;\">313<\/p>\n<\/td>\n<td>\n<p style=\"text-align: center;\">728<\/p>\n<\/td>\n<td>\n<p style=\"text-align: center;\">781<\/p>\n<\/td>\n<td>\n<p style=\"text-align: center;\">781<\/p>\n<\/td>\n<\/tr>\n<\/tbody>\n<\/table>\n<\/figure>\n","protected":false},"excerpt":{"rendered":"<p>B\u00ecnh L\u01b0u Tr\u1eef M\u1eabu MVE Vari\u014d\u00ae 1500 v\u00e0 1800 ho\u1ea1t \u0111\u1ed9ng nh\u01b0 t\u1ee7 \u0111\u00f4ng s\u00e2u (t\u1eeb -20\u00b0C \u0111\u1ebfn -150\u00b0C) l\u00e0 s\u1ef1 thay th\u1ebf ti\u00ean ti\u1ebfn v\u00e0 ti\u1ebft ki\u1ec7m \u0111i\u1ec7n trong vi\u1ec7c b\u1ea3o qu\u1ea3n \u0111\u00f4ng s\u00e2u c\u00e1c m\u1eabu sinh h\u1ecdc. M\u1ed9t\u00a0minh\u00a0ch\u1ee9ng t\u01b0\u01a1ng lai c\u1ee7a b\u00ecnh MVE Vari\u014d\u00ae trong\u00a0quy\u1ebft \u0111\u1ecbnh l\u1ef1a ch\u1ecdn thi\u1ebft b\u1ecb l\u01b0u tr\u1eef\u00a0\u0111\u00f4ng s\u00e2u<\/p>\n<div class=\"klb-readmore post-buttons\"><a class=\"button rounded primary\" href=\"https:\/\/biogroupvietnam.com\/vi\/san-pham\/binh-mve-vario\/\">Read More <i class=\"klbth-icon-right-arrow\"><\/i><\/a><\/div>\n","protected":false},"featured_media":9050,"comment_status":"closed","ping_status":"closed","template":"","meta":{"_acf_changed":false},"product_brand":[128],"product_cat":[95],"product_tag":[],"class_list":{"0":"post-3748","1":"product","2":"type-product","3":"status-publish","4":"has-post-thumbnail","6":"product_brand-mve-biological-solutions","7":"product_cat-binh-inox-tru-mau-trong-nito-long","9":"first","10":"outofstock","11":"shipping-taxable","12":"product-type-simple"},"acf":[],"yoast_head":"<!-- This site is optimized with the Yoast SEO plugin v26.8 - https:\/\/yoast.com\/product\/yoast-seo-wordpress\/ -->\n<title>B\u00ecnh L\u01b0u Tr\u1eef M\u1eabu MVE Vari\u014d\u00ae (T\u1ee7 L\u1ea1nh \u0110\u00f4ng S\u00e2u)<\/title>\n<meta name=\"description\" content=\"B\u00ecnh L\u01b0u Tr\u1eef M\u1eabu MVE Vari\u014d\u00ae 1500 v\u00e0 1800 ho\u1ea1t \u0111\u1ed9ng nh\u01b0 t\u1ee7 \u0111\u00f4ng s\u00e2u (t\u1eeb -20\u00b0C \u0111\u1ebfn -150\u00b0C) l\u00e0 s\u1ef1 thay th\u1ebf ti\u00ean ti\u1ebfn v\u00e0 ti\u1ebft ki\u1ec7m \u0111i\u1ec7n trong vi\u1ec7c b\u1ea3o qu\u1ea3n \u0111\u00f4ng s\u00e2u c\u00e1c m\u1eabu sinh h\u1ecdc.\" \/>\n<meta name=\"robots\" content=\"index, follow, max-snippet:-1, max-image-preview:large, max-video-preview:-1\" \/>\n<link rel=\"canonical\" href=\"https:\/\/biogroupvietnam.com\/vi\/san-pham\/binh-mve-vario\/\" \/>\n<meta property=\"og:locale\" content=\"vi_VN\" \/>\n<meta property=\"og:type\" content=\"article\" \/>\n<meta property=\"og:title\" content=\"B\u00ecnh L\u01b0u Tr\u1eef M\u1eabu MVE Vari\u014d\u00ae (T\u1ee7 L\u1ea1nh \u0110\u00f4ng S\u00e2u)\" \/>\n<meta property=\"og:description\" content=\"B\u00ecnh L\u01b0u Tr\u1eef M\u1eabu MVE Vari\u014d\u00ae 1500 v\u00e0 1800 ho\u1ea1t \u0111\u1ed9ng nh\u01b0 t\u1ee7 \u0111\u00f4ng s\u00e2u (t\u1eeb -20\u00b0C \u0111\u1ebfn -150\u00b0C) l\u00e0 s\u1ef1 thay th\u1ebf ti\u00ean ti\u1ebfn v\u00e0 ti\u1ebft ki\u1ec7m \u0111i\u1ec7n trong vi\u1ec7c b\u1ea3o qu\u1ea3n \u0111\u00f4ng s\u00e2u c\u00e1c m\u1eabu sinh h\u1ecdc.\" \/>\n<meta property=\"og:url\" content=\"https:\/\/biogroupvietnam.com\/vi\/san-pham\/binh-mve-vario\/\" \/>\n<meta property=\"og:site_name\" content=\"Biogroup Vietnam\" \/>\n<meta property=\"article:modified_time\" content=\"2026-01-12T09:47:31+00:00\" \/>\n<meta property=\"og:image\" content=\"https:\/\/biogroupvietnam.com\/wp-content\/uploads\/2025\/08\/MVE-Vario-Series.jpg\" \/>\n\t<meta property=\"og:image:width\" content=\"1640\" \/>\n\t<meta property=\"og:image:height\" content=\"1260\" \/>\n\t<meta property=\"og:image:type\" content=\"image\/jpeg\" \/>\n<meta name=\"twitter:card\" content=\"summary_large_image\" \/>\n<meta name=\"twitter:label1\" content=\"\u01af\u1edbc t\u00ednh th\u1eddi gian \u0111\u1ecdc\" \/>\n\t<meta name=\"twitter:data1\" content=\"5 ph\u00fat\" \/>\n<script type=\"application\/ld+json\" class=\"yoast-schema-graph\">{\"@context\":\"https:\/\/schema.org\",\"@graph\":[{\"@type\":\"WebPage\",\"@id\":\"https:\/\/biogroupvietnam.com\/vi\/san-pham\/binh-mve-vario\/\",\"url\":\"https:\/\/biogroupvietnam.com\/vi\/san-pham\/binh-mve-vario\/\",\"name\":\"B\u00ecnh L\u01b0u Tr\u1eef M\u1eabu MVE Vari\u014d\u00ae (T\u1ee7 L\u1ea1nh \u0110\u00f4ng S\u00e2u)\",\"isPartOf\":{\"@id\":\"https:\/\/biogroupvietnam.com\/vi\/#website\"},\"primaryImageOfPage\":{\"@id\":\"https:\/\/biogroupvietnam.com\/vi\/san-pham\/binh-mve-vario\/#primaryimage\"},\"image\":{\"@id\":\"https:\/\/biogroupvietnam.com\/vi\/san-pham\/binh-mve-vario\/#primaryimage\"},\"thumbnailUrl\":\"https:\/\/biogroupvietnam.com\/wp-content\/uploads\/2025\/08\/MVE-Vario-Series.jpg\",\"datePublished\":\"2025-08-18T12:52:50+00:00\",\"dateModified\":\"2026-01-12T09:47:31+00:00\",\"description\":\"B\u00ecnh L\u01b0u Tr\u1eef M\u1eabu MVE Vari\u014d\u00ae 1500 v\u00e0 1800 ho\u1ea1t \u0111\u1ed9ng nh\u01b0 t\u1ee7 \u0111\u00f4ng s\u00e2u (t\u1eeb -20\u00b0C \u0111\u1ebfn -150\u00b0C) l\u00e0 s\u1ef1 thay th\u1ebf ti\u00ean ti\u1ebfn v\u00e0 ti\u1ebft ki\u1ec7m \u0111i\u1ec7n trong vi\u1ec7c b\u1ea3o qu\u1ea3n \u0111\u00f4ng s\u00e2u c\u00e1c m\u1eabu sinh h\u1ecdc.\",\"breadcrumb\":{\"@id\":\"https:\/\/biogroupvietnam.com\/vi\/san-pham\/binh-mve-vario\/#breadcrumb\"},\"inLanguage\":\"vi\",\"potentialAction\":[{\"@type\":\"ReadAction\",\"target\":[\"https:\/\/biogroupvietnam.com\/vi\/san-pham\/binh-mve-vario\/\"]}]},{\"@type\":\"ImageObject\",\"inLanguage\":\"vi\",\"@id\":\"https:\/\/biogroupvietnam.com\/vi\/san-pham\/binh-mve-vario\/#primaryimage\",\"url\":\"https:\/\/biogroupvietnam.com\/wp-content\/uploads\/2025\/08\/MVE-Vario-Series.jpg\",\"contentUrl\":\"https:\/\/biogroupvietnam.com\/wp-content\/uploads\/2025\/08\/MVE-Vario-Series.jpg\",\"width\":1640,\"height\":1260},{\"@type\":\"BreadcrumbList\",\"@id\":\"https:\/\/biogroupvietnam.com\/vi\/san-pham\/binh-mve-vario\/#breadcrumb\",\"itemListElement\":[{\"@type\":\"ListItem\",\"position\":1,\"name\":\"Trang ch\u1ee7\",\"item\":\"https:\/\/biogroupvietnam.com\/vi\/\"},{\"@type\":\"ListItem\",\"position\":2,\"name\":\"S\u1ea3n ph\u1ea9m\",\"item\":\"https:\/\/biogroupvietnam.com\/vi\/san-pham\/\"},{\"@type\":\"ListItem\",\"position\":3,\"name\":\"B\u1ea3o Qu\u1ea3n L\u1ea1nh T\u1ebf B\u00e0o\",\"item\":\"https:\/\/biogroupvietnam.com\/vi\/danh-muc-san-pham\/bao-quan-lanh-te-bao\/\"},{\"@type\":\"ListItem\",\"position\":4,\"name\":\"B\u00ecnh Inox Tr\u1eef M\u1eabu Trong Nit\u01a1 L\u1ecfng\",\"item\":\"https:\/\/biogroupvietnam.com\/vi\/danh-muc-san-pham\/binh-inox-tru-mau-trong-nito-long\/\"},{\"@type\":\"ListItem\",\"position\":5,\"name\":\"B\u00ecnh L\u01b0u Tr\u1eef M\u1eabu MVE Vari\u014d\u00ae (T\u1ee7 L\u1ea1nh \u0110\u00f4ng S\u00e2u)\"}]},{\"@type\":\"WebSite\",\"@id\":\"https:\/\/biogroupvietnam.com\/vi\/#website\",\"url\":\"https:\/\/biogroupvietnam.com\/vi\/\",\"name\":\"Biogroup Vietnam\",\"description\":\"Biogroup Vietnam cung c\u1ea5p d\u1ecbch v\u1ee5 k\u1ef9 thu\u1eadt c\u00f9ng thi\u1ebft b\u1ecb, v\u1eadt t\u01b0, h\u00f3a ch\u1ea5t v\u00e0 gi\u1ea3i ph\u00e1p sinh h\u1ecdc cho ph\u00f2ng th\u00ed nghi\u1ec7m c\u00f4ng ngh\u1ec7 sinh h\u1ecdc, y sinh v\u00e0 y h\u1ecdc t\u00e1i t\u1ea1o.\",\"potentialAction\":[{\"@type\":\"SearchAction\",\"target\":{\"@type\":\"EntryPoint\",\"urlTemplate\":\"https:\/\/biogroupvietnam.com\/vi\/?s={search_term_string}\"},\"query-input\":{\"@type\":\"PropertyValueSpecification\",\"valueRequired\":true,\"valueName\":\"search_term_string\"}}],\"inLanguage\":\"vi\"}]}<\/script>\n<!-- \/ Yoast SEO plugin. -->","yoast_head_json":{"title":"B\u00ecnh L\u01b0u Tr\u1eef M\u1eabu MVE Vari\u014d\u00ae (T\u1ee7 L\u1ea1nh \u0110\u00f4ng S\u00e2u)","description":"B\u00ecnh L\u01b0u Tr\u1eef M\u1eabu MVE Vari\u014d\u00ae 1500 v\u00e0 1800 ho\u1ea1t \u0111\u1ed9ng nh\u01b0 t\u1ee7 \u0111\u00f4ng s\u00e2u (t\u1eeb -20\u00b0C \u0111\u1ebfn -150\u00b0C) l\u00e0 s\u1ef1 thay th\u1ebf ti\u00ean ti\u1ebfn v\u00e0 ti\u1ebft ki\u1ec7m \u0111i\u1ec7n trong vi\u1ec7c b\u1ea3o qu\u1ea3n \u0111\u00f4ng s\u00e2u c\u00e1c m\u1eabu sinh h\u1ecdc.","robots":{"index":"index","follow":"follow","max-snippet":"max-snippet:-1","max-image-preview":"max-image-preview:large","max-video-preview":"max-video-preview:-1"},"canonical":"https:\/\/biogroupvietnam.com\/vi\/san-pham\/binh-mve-vario\/","og_locale":"vi_VN","og_type":"article","og_title":"B\u00ecnh L\u01b0u Tr\u1eef M\u1eabu MVE Vari\u014d\u00ae (T\u1ee7 L\u1ea1nh \u0110\u00f4ng S\u00e2u)","og_description":"B\u00ecnh L\u01b0u Tr\u1eef M\u1eabu MVE Vari\u014d\u00ae 1500 v\u00e0 1800 ho\u1ea1t \u0111\u1ed9ng nh\u01b0 t\u1ee7 \u0111\u00f4ng s\u00e2u (t\u1eeb -20\u00b0C \u0111\u1ebfn -150\u00b0C) l\u00e0 s\u1ef1 thay th\u1ebf ti\u00ean ti\u1ebfn v\u00e0 ti\u1ebft ki\u1ec7m \u0111i\u1ec7n trong vi\u1ec7c b\u1ea3o qu\u1ea3n \u0111\u00f4ng s\u00e2u c\u00e1c m\u1eabu sinh h\u1ecdc.","og_url":"https:\/\/biogroupvietnam.com\/vi\/san-pham\/binh-mve-vario\/","og_site_name":"Biogroup Vietnam","article_modified_time":"2026-01-12T09:47:31+00:00","og_image":[{"width":1640,"height":1260,"url":"https:\/\/biogroupvietnam.com\/wp-content\/uploads\/2025\/08\/MVE-Vario-Series.jpg","type":"image\/jpeg"}],"twitter_card":"summary_large_image","twitter_misc":{"\u01af\u1edbc t\u00ednh th\u1eddi gian \u0111\u1ecdc":"5 ph\u00fat"},"schema":{"@context":"https:\/\/schema.org","@graph":[{"@type":"WebPage","@id":"https:\/\/biogroupvietnam.com\/vi\/san-pham\/binh-mve-vario\/","url":"https:\/\/biogroupvietnam.com\/vi\/san-pham\/binh-mve-vario\/","name":"B\u00ecnh L\u01b0u Tr\u1eef M\u1eabu MVE Vari\u014d\u00ae (T\u1ee7 L\u1ea1nh \u0110\u00f4ng S\u00e2u)","isPartOf":{"@id":"https:\/\/biogroupvietnam.com\/vi\/#website"},"primaryImageOfPage":{"@id":"https:\/\/biogroupvietnam.com\/vi\/san-pham\/binh-mve-vario\/#primaryimage"},"image":{"@id":"https:\/\/biogroupvietnam.com\/vi\/san-pham\/binh-mve-vario\/#primaryimage"},"thumbnailUrl":"https:\/\/biogroupvietnam.com\/wp-content\/uploads\/2025\/08\/MVE-Vario-Series.jpg","datePublished":"2025-08-18T12:52:50+00:00","dateModified":"2026-01-12T09:47:31+00:00","description":"B\u00ecnh L\u01b0u Tr\u1eef M\u1eabu MVE Vari\u014d\u00ae 1500 v\u00e0 1800 ho\u1ea1t \u0111\u1ed9ng nh\u01b0 t\u1ee7 \u0111\u00f4ng s\u00e2u (t\u1eeb -20\u00b0C \u0111\u1ebfn -150\u00b0C) l\u00e0 s\u1ef1 thay th\u1ebf ti\u00ean ti\u1ebfn v\u00e0 ti\u1ebft ki\u1ec7m \u0111i\u1ec7n trong vi\u1ec7c b\u1ea3o qu\u1ea3n \u0111\u00f4ng s\u00e2u c\u00e1c m\u1eabu sinh h\u1ecdc.","breadcrumb":{"@id":"https:\/\/biogroupvietnam.com\/vi\/san-pham\/binh-mve-vario\/#breadcrumb"},"inLanguage":"vi","potentialAction":[{"@type":"ReadAction","target":["https:\/\/biogroupvietnam.com\/vi\/san-pham\/binh-mve-vario\/"]}]},{"@type":"ImageObject","inLanguage":"vi","@id":"https:\/\/biogroupvietnam.com\/vi\/san-pham\/binh-mve-vario\/#primaryimage","url":"https:\/\/biogroupvietnam.com\/wp-content\/uploads\/2025\/08\/MVE-Vario-Series.jpg","contentUrl":"https:\/\/biogroupvietnam.com\/wp-content\/uploads\/2025\/08\/MVE-Vario-Series.jpg","width":1640,"height":1260},{"@type":"BreadcrumbList","@id":"https:\/\/biogroupvietnam.com\/vi\/san-pham\/binh-mve-vario\/#breadcrumb","itemListElement":[{"@type":"ListItem","position":1,"name":"Trang ch\u1ee7","item":"https:\/\/biogroupvietnam.com\/vi\/"},{"@type":"ListItem","position":2,"name":"S\u1ea3n ph\u1ea9m","item":"https:\/\/biogroupvietnam.com\/vi\/san-pham\/"},{"@type":"ListItem","position":3,"name":"B\u1ea3o Qu\u1ea3n L\u1ea1nh T\u1ebf B\u00e0o","item":"https:\/\/biogroupvietnam.com\/vi\/danh-muc-san-pham\/bao-quan-lanh-te-bao\/"},{"@type":"ListItem","position":4,"name":"B\u00ecnh Inox Tr\u1eef M\u1eabu Trong Nit\u01a1 L\u1ecfng","item":"https:\/\/biogroupvietnam.com\/vi\/danh-muc-san-pham\/binh-inox-tru-mau-trong-nito-long\/"},{"@type":"ListItem","position":5,"name":"B\u00ecnh L\u01b0u Tr\u1eef M\u1eabu MVE Vari\u014d\u00ae (T\u1ee7 L\u1ea1nh \u0110\u00f4ng S\u00e2u)"}]},{"@type":"WebSite","@id":"https:\/\/biogroupvietnam.com\/vi\/#website","url":"https:\/\/biogroupvietnam.com\/vi\/","name":"Biogroup Vietnam","description":"Biogroup Vietnam cung c\u1ea5p d\u1ecbch v\u1ee5 k\u1ef9 thu\u1eadt c\u00f9ng thi\u1ebft b\u1ecb, v\u1eadt t\u01b0, h\u00f3a ch\u1ea5t v\u00e0 gi\u1ea3i ph\u00e1p sinh h\u1ecdc cho ph\u00f2ng th\u00ed nghi\u1ec7m c\u00f4ng ngh\u1ec7 sinh h\u1ecdc, y sinh v\u00e0 y h\u1ecdc t\u00e1i t\u1ea1o.","potentialAction":[{"@type":"SearchAction","target":{"@type":"EntryPoint","urlTemplate":"https:\/\/biogroupvietnam.com\/vi\/?s={search_term_string}"},"query-input":{"@type":"PropertyValueSpecification","valueRequired":true,"valueName":"search_term_string"}}],"inLanguage":"vi"}]}},"_links":{"self":[{"href":"https:\/\/biogroupvietnam.com\/vi\/wp-json\/wp\/v2\/product\/3748","targetHints":{"allow":["GET"]}}],"collection":[{"href":"https:\/\/biogroupvietnam.com\/vi\/wp-json\/wp\/v2\/product"}],"about":[{"href":"https:\/\/biogroupvietnam.com\/vi\/wp-json\/wp\/v2\/types\/product"}],"replies":[{"embeddable":true,"href":"https:\/\/biogroupvietnam.com\/vi\/wp-json\/wp\/v2\/comments?post=3748"}],"version-history":[{"count":6,"href":"https:\/\/biogroupvietnam.com\/vi\/wp-json\/wp\/v2\/product\/3748\/revisions"}],"predecessor-version":[{"id":9514,"href":"https:\/\/biogroupvietnam.com\/vi\/wp-json\/wp\/v2\/product\/3748\/revisions\/9514"}],"wp:featuredmedia":[{"embeddable":true,"href":"https:\/\/biogroupvietnam.com\/vi\/wp-json\/wp\/v2\/media\/9050"}],"wp:attachment":[{"href":"https:\/\/biogroupvietnam.com\/vi\/wp-json\/wp\/v2\/media?parent=3748"}],"wp:term":[{"taxonomy":"product_brand","embeddable":true,"href":"https:\/\/biogroupvietnam.com\/vi\/wp-json\/wp\/v2\/product_brand?post=3748"},{"taxonomy":"product_cat","embeddable":true,"href":"https:\/\/biogroupvietnam.com\/vi\/wp-json\/wp\/v2\/product_cat?post=3748"},{"taxonomy":"product_tag","embeddable":true,"href":"https:\/\/biogroupvietnam.com\/vi\/wp-json\/wp\/v2\/product_tag?post=3748"}],"curies":[{"name":"wp","href":"https:\/\/api.w.org\/{rel}","templated":true}]}}