{"id":3749,"date":"2025-08-18T19:52:50","date_gmt":"2025-08-18T12:52:50","guid":{"rendered":"http:\/\/biogroupvietnam-worldpress.local\/product\/import-placeholder-for-99\/"},"modified":"2025-11-17T08:57:17","modified_gmt":"2025-11-17T01:57:17","slug":"bo-hut-dich-nuoi-cay","status":"publish","type":"product","link":"https:\/\/biogroupvietnam.com\/vi\/san-pham\/bo-hut-dich-nuoi-cay\/","title":{"rendered":"B\u1ed9 H\u00fat D\u1ecbch Nu\u00f4i C\u1ea5y ASPIRE"},"content":{"rendered":"<h2>ASPIRE l\u00e0 m\u1ed9t l\u1ef1a ch\u1ecdn l\u00fd t\u01b0\u1edfng cho m\u1ed9t lo\u1ea1t c\u00e1c \u1ee9ng d\u1ee5ng h\u00fat trong ph\u00f2ng th\u00ed nghi\u1ec7m, bao g\u1ed3m: lo\u1ea1i b\u1ecf m\u00f4i tr\u01b0\u1eddng kh\u1ecfi c\u00e1c b\u00ecnh nu\u00f4i c\u1ea5y m\u00f4 ho\u1eb7c \u0111\u0129a, v\u00e0 d\u1ecbch\u00a0n\u1ed5i. M\u1ed9t b\u1ed9 \u0111i\u1ec1u khi\u1ec3n c\u1ea7m tay ti\u1ec7n d\u1ee5ng \u0111\u01b0\u1ee3c bao g\u1ed3m v\u00e0 gi\u1eef c\u00e1c tip pipet\u00a0ti\u00eau chu\u1ea9n d\u00f9ng m\u1ed9t l\u1ea7n 200 \u0111\u1ebfn 300ul.<\/h2>\n<ul>\n<li>L\u00e0 l\u1ef1a ch\u1ecdn l\u00fd t\u01b0\u1edfng cho m\u1ed9t lo\u1ea1t c\u00e1c \u1ee9ng d\u1ee5ng d\u00f9ng \u0111\u1ec3 h\u00fat c\u00e1c m\u1eabu ch\u1ea5t l\u1ecfng nh\u01b0: lo\u1ea1i b\u1ecf m\u00f4i tr\u01b0\u1eddng nu\u00f4i c\u1ea5y m\u00f4 ho\u1eb7c t\u1ebf b\u00e0o t\u1eeb \u0111\u0129a, b\u00ecnh nu\u00f4i c\u1ea5y v\u00e0 lo\u1ea1i b\u1ecf ph\u1ea7n dung d\u1ecbch n\u1ed5i trong c\u00e1c \u1ed1ng th\u00ed nghi\u1ec7m.<\/li>\n<li>H\u1ec7 th\u1ed1ng bao g\u1ed3m m\u1ed9t b\u1ed9 \u0111i\u1ec1u ch\u1ec9nh ch\u00e2n kh\u00f4ng v\u1edbi b\u1ea3ng \u0111i\u1ec1u khi\u1ec3n ph\u00eda tr\u01b0\u1edbc, m\u1ed9t b\u00ecnh chia v\u1ea1ch th\u1ec3 t\u00edch v\u00e0 n\u1eafp ti\u1ec7t tr\u00f9ng polycarbonate v\u1edbi van ch\u1ed1ng tr\u00e0n, c\u00e1c \u1ed1ng sillicon, \u0111\u1ea7u l\u1ecdc k\u1ef5 n\u01b0\u1edbc v\u00e0 pipette h\u00fat ch\u00e2n kh\u00f4ng c\u1ea7m tay.<\/li>\n<li>Ch\u1ea5t li\u1ec7u b\u1eb1ng nh\u1ef1a ch\u1ecbu nhi\u1ec7t v\u00e0 c\u00e1ch \u0111i\u1ec7n.<\/li>\n<li>H\u00fat ch\u1ea5t l\u1ecfng ch\u00ednh x\u00e1c v\u00e0 an to\u00e0n.<\/li>\n<li>Thi\u1ebft k\u1ebf g\u1ecdn, nh\u1eb9.<\/li>\n<li>C\u00f3 th\u1ec3 \u0111i\u1ec1u ch\u1ec9nh \u00e1p l\u1ef1c h\u00fat ch\u00e2n kh\u00f4ng.<\/li>\n<\/ul>\n","protected":false},"excerpt":{"rendered":"<p>ASPIRE l\u00e0 m\u1ed9t l\u1ef1a ch\u1ecdn l\u00fd t\u01b0\u1edfng cho m\u1ed9t lo\u1ea1t c\u00e1c \u1ee9ng d\u1ee5ng h\u00fat trong ph\u00f2ng th\u00ed nghi\u1ec7m, bao g\u1ed3m: lo\u1ea1i b\u1ecf m\u00f4i tr\u01b0\u1eddng kh\u1ecfi c\u00e1c b\u00ecnh nu\u00f4i c\u1ea5y m\u00f4 ho\u1eb7c \u0111\u0129a, v\u00e0 d\u1ecbch\u00a0n\u1ed5i. M\u1ed9t b\u1ed9 \u0111i\u1ec1u khi\u1ec3n c\u1ea7m tay ti\u1ec7n d\u1ee5ng \u0111\u01b0\u1ee3c bao g\u1ed3m v\u00e0 gi\u1eef c\u00e1c tip pipet\u00a0ti\u00eau chu\u1ea9n d\u00f9ng m\u1ed9t l\u1ea7n 200<\/p>\n<div class=\"klb-readmore post-buttons\"><a class=\"button rounded primary\" href=\"https:\/\/biogroupvietnam.com\/vi\/san-pham\/bo-hut-dich-nuoi-cay\/\">Read More <i class=\"klbth-icon-right-arrow\"><\/i><\/a><\/div>\n","protected":false},"featured_media":8940,"comment_status":"closed","ping_status":"closed","template":"","meta":{"_acf_changed":false},"product_brand":[138],"product_cat":[121],"product_tag":[],"class_list":{"0":"post-3749","1":"product","2":"type-product","3":"status-publish","4":"has-post-thumbnail","6":"product_brand-benchmark-scientific","7":"product_cat-tu-an-toan-sinh-hoc","9":"first","10":"outofstock","11":"shipping-taxable","12":"product-type-simple"},"acf":[],"yoast_head":"<!-- This site is optimized with the Yoast SEO plugin v26.8 - https:\/\/yoast.com\/product\/yoast-seo-wordpress\/ -->\n<title>B\u1ed9 H\u00fat D\u1ecbch Nu\u00f4i C\u1ea5y ASPIRE<\/title>\n<meta name=\"description\" content=\"ASPIRE l\u00e0 m\u1ed9t l\u1ef1a ch\u1ecdn l\u00fd t\u01b0\u1edfng cho m\u1ed9t lo\u1ea1t c\u00e1c \u1ee9ng d\u1ee5ng h\u00fat trong ph\u00f2ng th\u00ed nghi\u1ec7m, bao g\u1ed3m: lo\u1ea1i b\u1ecf m\u00f4i tr\u01b0\u1eddng kh\u1ecfi c\u00e1c b\u00ecnh nu\u00f4i c\u1ea5y m\u00f4 ho\u1eb7c \u0111\u0129a, v\u00e0 d\u1ecbch\u00a0n\u1ed5i. M\u1ed9t b\u1ed9 \u0111i\u1ec1u khi\u1ec3n c\u1ea7m tay ti\u1ec7n d\u1ee5ng \u0111\u01b0\u1ee3c bao g\u1ed3m v\u00e0 gi\u1eef c\u00e1c tip pipet\u00a0ti\u00eau chu\u1ea9n d\u00f9ng m\u1ed9t l\u1ea7n 200 \u0111\u1ebfn 300ul.\" \/>\n<meta name=\"robots\" content=\"index, follow, max-snippet:-1, max-image-preview:large, max-video-preview:-1\" \/>\n<link rel=\"canonical\" href=\"https:\/\/biogroupvietnam.com\/vi\/san-pham\/bo-hut-dich-nuoi-cay\/\" \/>\n<meta property=\"og:locale\" content=\"vi_VN\" \/>\n<meta property=\"og:type\" content=\"article\" \/>\n<meta property=\"og:title\" content=\"B\u1ed9 H\u00fat D\u1ecbch Nu\u00f4i C\u1ea5y ASPIRE\" \/>\n<meta property=\"og:description\" content=\"ASPIRE l\u00e0 m\u1ed9t l\u1ef1a ch\u1ecdn l\u00fd t\u01b0\u1edfng cho m\u1ed9t lo\u1ea1t c\u00e1c \u1ee9ng d\u1ee5ng h\u00fat trong ph\u00f2ng th\u00ed nghi\u1ec7m, bao g\u1ed3m: lo\u1ea1i b\u1ecf m\u00f4i tr\u01b0\u1eddng kh\u1ecfi c\u00e1c b\u00ecnh nu\u00f4i c\u1ea5y m\u00f4 ho\u1eb7c \u0111\u0129a, v\u00e0 d\u1ecbch\u00a0n\u1ed5i. M\u1ed9t b\u1ed9 \u0111i\u1ec1u khi\u1ec3n c\u1ea7m tay ti\u1ec7n d\u1ee5ng \u0111\u01b0\u1ee3c bao g\u1ed3m v\u00e0 gi\u1eef c\u00e1c tip pipet\u00a0ti\u00eau chu\u1ea9n d\u00f9ng m\u1ed9t l\u1ea7n 200 \u0111\u1ebfn 300ul.\" \/>\n<meta property=\"og:url\" content=\"https:\/\/biogroupvietnam.com\/vi\/san-pham\/bo-hut-dich-nuoi-cay\/\" \/>\n<meta property=\"og:site_name\" content=\"Biogroup Vietnam\" \/>\n<meta property=\"article:modified_time\" content=\"2025-11-17T01:57:17+00:00\" \/>\n<meta property=\"og:image\" content=\"https:\/\/biogroupvietnam.com\/wp-content\/uploads\/2025\/08\/Aspire-Laboratory-Aspirator.jpg\" \/>\n\t<meta property=\"og:image:width\" content=\"1640\" \/>\n\t<meta property=\"og:image:height\" content=\"1260\" \/>\n\t<meta property=\"og:image:type\" content=\"image\/jpeg\" \/>\n<meta name=\"twitter:card\" content=\"summary_large_image\" \/>\n<meta name=\"twitter:label1\" content=\"\u01af\u1edbc t\u00ednh th\u1eddi gian \u0111\u1ecdc\" \/>\n\t<meta name=\"twitter:data1\" content=\"2 ph\u00fat\" \/>\n<script type=\"application\/ld+json\" class=\"yoast-schema-graph\">{\"@context\":\"https:\/\/schema.org\",\"@graph\":[{\"@type\":\"WebPage\",\"@id\":\"https:\/\/biogroupvietnam.com\/vi\/san-pham\/bo-hut-dich-nuoi-cay\/\",\"url\":\"https:\/\/biogroupvietnam.com\/vi\/san-pham\/bo-hut-dich-nuoi-cay\/\",\"name\":\"B\u1ed9 H\u00fat D\u1ecbch Nu\u00f4i C\u1ea5y ASPIRE\",\"isPartOf\":{\"@id\":\"https:\/\/biogroupvietnam.com\/vi\/#website\"},\"primaryImageOfPage\":{\"@id\":\"https:\/\/biogroupvietnam.com\/vi\/san-pham\/bo-hut-dich-nuoi-cay\/#primaryimage\"},\"image\":{\"@id\":\"https:\/\/biogroupvietnam.com\/vi\/san-pham\/bo-hut-dich-nuoi-cay\/#primaryimage\"},\"thumbnailUrl\":\"https:\/\/biogroupvietnam.com\/wp-content\/uploads\/2025\/08\/Aspire-Laboratory-Aspirator.jpg\",\"datePublished\":\"2025-08-18T12:52:50+00:00\",\"dateModified\":\"2025-11-17T01:57:17+00:00\",\"description\":\"ASPIRE l\u00e0 m\u1ed9t l\u1ef1a ch\u1ecdn l\u00fd t\u01b0\u1edfng cho m\u1ed9t lo\u1ea1t c\u00e1c \u1ee9ng d\u1ee5ng h\u00fat trong ph\u00f2ng th\u00ed nghi\u1ec7m, bao g\u1ed3m: lo\u1ea1i b\u1ecf m\u00f4i tr\u01b0\u1eddng kh\u1ecfi c\u00e1c b\u00ecnh nu\u00f4i c\u1ea5y m\u00f4 ho\u1eb7c \u0111\u0129a, v\u00e0 d\u1ecbch\u00a0n\u1ed5i. M\u1ed9t b\u1ed9 \u0111i\u1ec1u khi\u1ec3n c\u1ea7m tay ti\u1ec7n d\u1ee5ng \u0111\u01b0\u1ee3c bao g\u1ed3m v\u00e0 gi\u1eef c\u00e1c tip pipet\u00a0ti\u00eau chu\u1ea9n d\u00f9ng m\u1ed9t l\u1ea7n 200 \u0111\u1ebfn 300ul.\",\"breadcrumb\":{\"@id\":\"https:\/\/biogroupvietnam.com\/vi\/san-pham\/bo-hut-dich-nuoi-cay\/#breadcrumb\"},\"inLanguage\":\"vi\",\"potentialAction\":[{\"@type\":\"ReadAction\",\"target\":[\"https:\/\/biogroupvietnam.com\/vi\/san-pham\/bo-hut-dich-nuoi-cay\/\"]}]},{\"@type\":\"ImageObject\",\"inLanguage\":\"vi\",\"@id\":\"https:\/\/biogroupvietnam.com\/vi\/san-pham\/bo-hut-dich-nuoi-cay\/#primaryimage\",\"url\":\"https:\/\/biogroupvietnam.com\/wp-content\/uploads\/2025\/08\/Aspire-Laboratory-Aspirator.jpg\",\"contentUrl\":\"https:\/\/biogroupvietnam.com\/wp-content\/uploads\/2025\/08\/Aspire-Laboratory-Aspirator.jpg\",\"width\":1640,\"height\":1260},{\"@type\":\"BreadcrumbList\",\"@id\":\"https:\/\/biogroupvietnam.com\/vi\/san-pham\/bo-hut-dich-nuoi-cay\/#breadcrumb\",\"itemListElement\":[{\"@type\":\"ListItem\",\"position\":1,\"name\":\"Trang ch\u1ee7\",\"item\":\"https:\/\/biogroupvietnam.com\/vi\/\"},{\"@type\":\"ListItem\",\"position\":2,\"name\":\"S\u1ea3n ph\u1ea9m\",\"item\":\"https:\/\/biogroupvietnam.com\/vi\/san-pham\/\"},{\"@type\":\"ListItem\",\"position\":3,\"name\":\"R&amp;D Sinh H\u1ecdc\",\"item\":\"https:\/\/biogroupvietnam.com\/vi\/danh-muc-san-pham\/rd-sinh-hoc\/\"},{\"@type\":\"ListItem\",\"position\":4,\"name\":\"T\u1ee7 an to\u00e0n sinh h\u1ecdc\",\"item\":\"https:\/\/biogroupvietnam.com\/vi\/danh-muc-san-pham\/tu-an-toan-sinh-hoc\/\"},{\"@type\":\"ListItem\",\"position\":5,\"name\":\"B\u1ed9 H\u00fat D\u1ecbch Nu\u00f4i C\u1ea5y ASPIRE\"}]},{\"@type\":\"WebSite\",\"@id\":\"https:\/\/biogroupvietnam.com\/vi\/#website\",\"url\":\"https:\/\/biogroupvietnam.com\/vi\/\",\"name\":\"Biogroup Vietnam\",\"description\":\"Biogroup Vietnam cung c\u1ea5p d\u1ecbch v\u1ee5 k\u1ef9 thu\u1eadt c\u00f9ng thi\u1ebft b\u1ecb, v\u1eadt t\u01b0, h\u00f3a ch\u1ea5t v\u00e0 gi\u1ea3i ph\u00e1p sinh h\u1ecdc cho ph\u00f2ng th\u00ed nghi\u1ec7m c\u00f4ng ngh\u1ec7 sinh h\u1ecdc, y sinh v\u00e0 y h\u1ecdc t\u00e1i t\u1ea1o.\",\"potentialAction\":[{\"@type\":\"SearchAction\",\"target\":{\"@type\":\"EntryPoint\",\"urlTemplate\":\"https:\/\/biogroupvietnam.com\/vi\/?s={search_term_string}\"},\"query-input\":{\"@type\":\"PropertyValueSpecification\",\"valueRequired\":true,\"valueName\":\"search_term_string\"}}],\"inLanguage\":\"vi\"}]}<\/script>\n<!-- \/ Yoast SEO plugin. -->","yoast_head_json":{"title":"B\u1ed9 H\u00fat D\u1ecbch Nu\u00f4i C\u1ea5y ASPIRE","description":"ASPIRE l\u00e0 m\u1ed9t l\u1ef1a ch\u1ecdn l\u00fd t\u01b0\u1edfng cho m\u1ed9t lo\u1ea1t c\u00e1c \u1ee9ng d\u1ee5ng h\u00fat trong ph\u00f2ng th\u00ed nghi\u1ec7m, bao g\u1ed3m: lo\u1ea1i b\u1ecf m\u00f4i tr\u01b0\u1eddng kh\u1ecfi c\u00e1c b\u00ecnh nu\u00f4i c\u1ea5y m\u00f4 ho\u1eb7c \u0111\u0129a, v\u00e0 d\u1ecbch\u00a0n\u1ed5i. M\u1ed9t b\u1ed9 \u0111i\u1ec1u khi\u1ec3n c\u1ea7m tay ti\u1ec7n d\u1ee5ng \u0111\u01b0\u1ee3c bao g\u1ed3m v\u00e0 gi\u1eef c\u00e1c tip pipet\u00a0ti\u00eau chu\u1ea9n d\u00f9ng m\u1ed9t l\u1ea7n 200 \u0111\u1ebfn 300ul.","robots":{"index":"index","follow":"follow","max-snippet":"max-snippet:-1","max-image-preview":"max-image-preview:large","max-video-preview":"max-video-preview:-1"},"canonical":"https:\/\/biogroupvietnam.com\/vi\/san-pham\/bo-hut-dich-nuoi-cay\/","og_locale":"vi_VN","og_type":"article","og_title":"B\u1ed9 H\u00fat D\u1ecbch Nu\u00f4i C\u1ea5y ASPIRE","og_description":"ASPIRE l\u00e0 m\u1ed9t l\u1ef1a ch\u1ecdn l\u00fd t\u01b0\u1edfng cho m\u1ed9t lo\u1ea1t c\u00e1c \u1ee9ng d\u1ee5ng h\u00fat trong ph\u00f2ng th\u00ed nghi\u1ec7m, bao g\u1ed3m: lo\u1ea1i b\u1ecf m\u00f4i tr\u01b0\u1eddng kh\u1ecfi c\u00e1c b\u00ecnh nu\u00f4i c\u1ea5y m\u00f4 ho\u1eb7c \u0111\u0129a, v\u00e0 d\u1ecbch\u00a0n\u1ed5i. M\u1ed9t b\u1ed9 \u0111i\u1ec1u khi\u1ec3n c\u1ea7m tay ti\u1ec7n d\u1ee5ng \u0111\u01b0\u1ee3c bao g\u1ed3m v\u00e0 gi\u1eef c\u00e1c tip pipet\u00a0ti\u00eau chu\u1ea9n d\u00f9ng m\u1ed9t l\u1ea7n 200 \u0111\u1ebfn 300ul.","og_url":"https:\/\/biogroupvietnam.com\/vi\/san-pham\/bo-hut-dich-nuoi-cay\/","og_site_name":"Biogroup Vietnam","article_modified_time":"2025-11-17T01:57:17+00:00","og_image":[{"width":1640,"height":1260,"url":"https:\/\/biogroupvietnam.com\/wp-content\/uploads\/2025\/08\/Aspire-Laboratory-Aspirator.jpg","type":"image\/jpeg"}],"twitter_card":"summary_large_image","twitter_misc":{"\u01af\u1edbc t\u00ednh th\u1eddi gian \u0111\u1ecdc":"2 ph\u00fat"},"schema":{"@context":"https:\/\/schema.org","@graph":[{"@type":"WebPage","@id":"https:\/\/biogroupvietnam.com\/vi\/san-pham\/bo-hut-dich-nuoi-cay\/","url":"https:\/\/biogroupvietnam.com\/vi\/san-pham\/bo-hut-dich-nuoi-cay\/","name":"B\u1ed9 H\u00fat D\u1ecbch Nu\u00f4i C\u1ea5y ASPIRE","isPartOf":{"@id":"https:\/\/biogroupvietnam.com\/vi\/#website"},"primaryImageOfPage":{"@id":"https:\/\/biogroupvietnam.com\/vi\/san-pham\/bo-hut-dich-nuoi-cay\/#primaryimage"},"image":{"@id":"https:\/\/biogroupvietnam.com\/vi\/san-pham\/bo-hut-dich-nuoi-cay\/#primaryimage"},"thumbnailUrl":"https:\/\/biogroupvietnam.com\/wp-content\/uploads\/2025\/08\/Aspire-Laboratory-Aspirator.jpg","datePublished":"2025-08-18T12:52:50+00:00","dateModified":"2025-11-17T01:57:17+00:00","description":"ASPIRE l\u00e0 m\u1ed9t l\u1ef1a ch\u1ecdn l\u00fd t\u01b0\u1edfng cho m\u1ed9t lo\u1ea1t c\u00e1c \u1ee9ng d\u1ee5ng h\u00fat trong ph\u00f2ng th\u00ed nghi\u1ec7m, bao g\u1ed3m: lo\u1ea1i b\u1ecf m\u00f4i tr\u01b0\u1eddng kh\u1ecfi c\u00e1c b\u00ecnh nu\u00f4i c\u1ea5y m\u00f4 ho\u1eb7c \u0111\u0129a, v\u00e0 d\u1ecbch\u00a0n\u1ed5i. M\u1ed9t b\u1ed9 \u0111i\u1ec1u khi\u1ec3n c\u1ea7m tay ti\u1ec7n d\u1ee5ng \u0111\u01b0\u1ee3c bao g\u1ed3m v\u00e0 gi\u1eef c\u00e1c tip pipet\u00a0ti\u00eau chu\u1ea9n d\u00f9ng m\u1ed9t l\u1ea7n 200 \u0111\u1ebfn 300ul.","breadcrumb":{"@id":"https:\/\/biogroupvietnam.com\/vi\/san-pham\/bo-hut-dich-nuoi-cay\/#breadcrumb"},"inLanguage":"vi","potentialAction":[{"@type":"ReadAction","target":["https:\/\/biogroupvietnam.com\/vi\/san-pham\/bo-hut-dich-nuoi-cay\/"]}]},{"@type":"ImageObject","inLanguage":"vi","@id":"https:\/\/biogroupvietnam.com\/vi\/san-pham\/bo-hut-dich-nuoi-cay\/#primaryimage","url":"https:\/\/biogroupvietnam.com\/wp-content\/uploads\/2025\/08\/Aspire-Laboratory-Aspirator.jpg","contentUrl":"https:\/\/biogroupvietnam.com\/wp-content\/uploads\/2025\/08\/Aspire-Laboratory-Aspirator.jpg","width":1640,"height":1260},{"@type":"BreadcrumbList","@id":"https:\/\/biogroupvietnam.com\/vi\/san-pham\/bo-hut-dich-nuoi-cay\/#breadcrumb","itemListElement":[{"@type":"ListItem","position":1,"name":"Trang ch\u1ee7","item":"https:\/\/biogroupvietnam.com\/vi\/"},{"@type":"ListItem","position":2,"name":"S\u1ea3n ph\u1ea9m","item":"https:\/\/biogroupvietnam.com\/vi\/san-pham\/"},{"@type":"ListItem","position":3,"name":"R&amp;D Sinh H\u1ecdc","item":"https:\/\/biogroupvietnam.com\/vi\/danh-muc-san-pham\/rd-sinh-hoc\/"},{"@type":"ListItem","position":4,"name":"T\u1ee7 an to\u00e0n sinh h\u1ecdc","item":"https:\/\/biogroupvietnam.com\/vi\/danh-muc-san-pham\/tu-an-toan-sinh-hoc\/"},{"@type":"ListItem","position":5,"name":"B\u1ed9 H\u00fat D\u1ecbch Nu\u00f4i C\u1ea5y ASPIRE"}]},{"@type":"WebSite","@id":"https:\/\/biogroupvietnam.com\/vi\/#website","url":"https:\/\/biogroupvietnam.com\/vi\/","name":"Biogroup Vietnam","description":"Biogroup Vietnam cung c\u1ea5p d\u1ecbch v\u1ee5 k\u1ef9 thu\u1eadt c\u00f9ng thi\u1ebft b\u1ecb, v\u1eadt t\u01b0, h\u00f3a ch\u1ea5t v\u00e0 gi\u1ea3i ph\u00e1p sinh h\u1ecdc cho ph\u00f2ng th\u00ed nghi\u1ec7m c\u00f4ng ngh\u1ec7 sinh h\u1ecdc, y sinh v\u00e0 y h\u1ecdc t\u00e1i t\u1ea1o.","potentialAction":[{"@type":"SearchAction","target":{"@type":"EntryPoint","urlTemplate":"https:\/\/biogroupvietnam.com\/vi\/?s={search_term_string}"},"query-input":{"@type":"PropertyValueSpecification","valueRequired":true,"valueName":"search_term_string"}}],"inLanguage":"vi"}]}},"_links":{"self":[{"href":"https:\/\/biogroupvietnam.com\/vi\/wp-json\/wp\/v2\/product\/3749","targetHints":{"allow":["GET"]}}],"collection":[{"href":"https:\/\/biogroupvietnam.com\/vi\/wp-json\/wp\/v2\/product"}],"about":[{"href":"https:\/\/biogroupvietnam.com\/vi\/wp-json\/wp\/v2\/types\/product"}],"replies":[{"embeddable":true,"href":"https:\/\/biogroupvietnam.com\/vi\/wp-json\/wp\/v2\/comments?post=3749"}],"version-history":[{"count":3,"href":"https:\/\/biogroupvietnam.com\/vi\/wp-json\/wp\/v2\/product\/3749\/revisions"}],"predecessor-version":[{"id":8808,"href":"https:\/\/biogroupvietnam.com\/vi\/wp-json\/wp\/v2\/product\/3749\/revisions\/8808"}],"wp:featuredmedia":[{"embeddable":true,"href":"https:\/\/biogroupvietnam.com\/vi\/wp-json\/wp\/v2\/media\/8940"}],"wp:attachment":[{"href":"https:\/\/biogroupvietnam.com\/vi\/wp-json\/wp\/v2\/media?parent=3749"}],"wp:term":[{"taxonomy":"product_brand","embeddable":true,"href":"https:\/\/biogroupvietnam.com\/vi\/wp-json\/wp\/v2\/product_brand?post=3749"},{"taxonomy":"product_cat","embeddable":true,"href":"https:\/\/biogroupvietnam.com\/vi\/wp-json\/wp\/v2\/product_cat?post=3749"},{"taxonomy":"product_tag","embeddable":true,"href":"https:\/\/biogroupvietnam.com\/vi\/wp-json\/wp\/v2\/product_tag?post=3749"}],"curies":[{"name":"wp","href":"https:\/\/api.w.org\/{rel}","templated":true}]}}