{"id":3776,"date":"2025-08-18T19:53:14","date_gmt":"2025-08-18T12:53:14","guid":{"rendered":"http:\/\/biogroupvietnam-worldpress.local\/product\/import-placeholder-for-102\/"},"modified":"2026-01-07T15:05:08","modified_gmt":"2026-01-07T08:05:08","slug":"mve-lab-series","status":"publish","type":"product","link":"https:\/\/biogroupvietnam.com\/vi\/san-pham\/mve-lab-series\/","title":{"rendered":"B\u00ecnh Ch\u1ee9a Nit\u01a1 L\u1ecfng MVE Lab"},"content":{"rendered":"<p>D\u00f2ng b\u00ecnh ch\u1ee9a\u00a0nit\u01a1 l\u1ecfng MVE Lab \u0111\u01b0\u1ee3c s\u1eed d\u1ee5ng ph\u1ed5 bi\u1ebfn t\u1ea1i c\u00e1c ph\u00f2ng lab sinh h\u1ecdc v\u00e0 c\u00e1c c\u01a1 s\u1edf y t\u1ebf \u0111\u1ec3 ch\u1ee9a v\u00e0 n\u1ea1p nit\u01a1 l\u1ecfng v\u00e0o c\u00e1c b\u00ecnh l\u01b0u tr\u1eef m\u1eabu sinh h\u1ecdc (th\u00f4ng th\u01b0\u1eddng th\u1ec3 t\u00edch &lt;50 l\u00edt).<\/p>\n<p>D\u00f2ng b\u00ecnh MVE Lab ch\u1ee9a\u00a0nit\u01a1 l\u1ecfng c\u00f3 th\u1ec3 \u0111\u01b0\u1ee3c l\u1eafp v\u1edbi v\u00f2i r\u00f3t, d\u1ee5ng c\u1ee5 ph\u00e2n ph\u1ed1i \u0111i\u1ec1u \u00e1p ho\u1eb7c g\u00e1o m\u00fac \u0111\u1ec3 h\u1ed7 tr\u1ee3 vi\u1ec7c n\u1ea1p nit\u01a1 l\u1ecfng v\u00e0o c\u00e1c b\u00ecnh l\u01b0u tr\u1eef m\u1eabu sinh h\u1ecdc (ch\u1ecdn th\u00eam).<\/p>\n<p style=\"text-align: center;\"><img fetchpriority=\"high\" decoding=\"async\" src=\"https:\/\/biogroupvietnam.com\/uploads\/uXIVHhBBd1Ax9cSQZSq6LDcVwQcI0eZiotUVk8Yh.png\" alt=\"\" width=\"244\" height=\"338\" \/><\/p>\n<p>Trong \u0111\u00f3, d\u00f2ng b\u00ecnh MVE lab 30 ho\u1eb7c\u00a0MVE lab 50 \u0111\u1ec3 c\u1ea5p nit\u01a1 l\u1ecfng cho c\u00e1c b\u00ecnh ch\u1ee9a m\u1eabu nh\u01b0 <a href=\"https:\/\/biogroupvietnam.com\/vi\/san-pham\/mve-xc-series\/\">MVE XC 47\/11-10<\/a>, MVE XC47\/11-6SQ, <a href=\"https:\/\/biogroupvietnam.com\/vi\/san-pham\/mve-cryosystem-750\/\">MVE CryoSystem 750<\/a>, CryoSystem 2000 \u0111ang s\u1eed d\u1ee5ng ph\u1ed5 bi\u1ebfn t\u1ea1i c\u00e1c trung t\u00e2m IVF, ph\u00f2ng th\u00ed nghi\u1ec7m c\u00f4ng ngh\u1ec7 sinh h\u1ecdc\/ sinh h\u1ecdc ph\u00e2n t\u1eed, ph\u00f2ng l\u01b0u tr\u1eef ph\u00f4i, tinh tr\u00f9ng trong ch\u0103n nu\u00f4i, &#8230;<\/p>\n<h3><strong>C\u00e1c t\u00ednh n\u0103ng ch\u00ednh c\u1ee7a b\u00ecnh MVE Lab<\/strong><\/h3>\n<ul>\n<li>\u0110\u01b0\u1ee3c thi\u1ebft k\u1ebf \u0111\u1ec3 ch\u1ee9a nit\u01a1 l\u1ecfng hi\u1ec7u qu\u1ea3 v\u1edbi th\u1ec3 t\u00edch t\u1eeb 4-50 l\u00edt (t\u00f9y ch\u1ecdn model).<\/li>\n<li>N\u1eafp b\u00ecnh b\u1eb1ng nh\u1ef1a composite b\u1ec1n.<\/li>\n<li>C\u1ed5 b\u00ecnh d\u1ea1ng \u1ed1ng, c\u00f3 \u0111\u1ed9 b\u1ec1n cao, gi\u1ea3m ti\u00eau hao nit\u01a1 l\u1ecfng (bay h\u01a1i).<\/li>\n<li>H\u1ec7 th\u1ed1ng duy tr\u00ec ch\u00e2n kh\u00f4ng h\u00f3a h\u1ecdc ti\u00ean ti\u1ebfn. Gi\u1eefa 2 l\u1edbp th\u00e0nh b\u00ecnh c\u00f3 l\u1edbp ch\u00e2n kh\u00f4ng c\u00e1ch nhi\u1ec7t, ti\u1ebft ki\u1ec7m nh\u1ea5t \u0111\u1ec3 \u0111\u1ec3 ch\u1ee9a v\u00e0 n\u1ea1p nit\u01a1 l\u1ecfng.<\/li>\n<li>Ch\u1ea5t li\u1ec7u v\u1ecf b\u00ecnh l\u00e0m b\u1eb1ng nh\u00f4m, b\u1ec1n nh\u1eb9 v\u00e0 ti\u1ec7n l\u1ee3i thao t\u00e1c trong ph\u00f2ng lab.<\/li>\n<li><strong>Th\u1eddi gian b\u1ea3o h\u00e0nh b\u00ecnh MVE Lab l\u00e0 2 n\u0103m v\u00e0 b\u1ea3o h\u00e0nh 5 n\u0103m \u0111\u1ed1i v\u1edbi ph\u1ea7n ch\u00e2n kh\u00f4ng c\u1ee7a b\u00ecnh MVE Lab.<\/strong><\/li>\n<\/ul>\n<p style=\"text-align: center;\"><img decoding=\"async\" src=\"https:\/\/biogroupvietnam.com\/uploads\/UzyUOJBKtMne9cDyyRPvviVubbuD4CGImNKfqYoS.png\" alt=\"\" width=\"468\" height=\"296\" \/><\/p>\n<h3><strong>Th\u00f4ng s\u1ed1 k\u1ef9 thu\u1eadt c\u1ee7a c\u00e1c b\u00ecnh MVE Lab<\/strong><\/h3>\n<figure class=\"table\">\n<table>\n<tbody>\n<tr>\n<td>\n<p style=\"text-align: center;\">\n<\/td>\n<td>\n<p style=\"text-align: center;\">Lab 4<\/p>\n<\/td>\n<td>\n<p style=\"text-align: center;\">Lab 5<\/p>\n<\/td>\n<td>\n<p style=\"text-align: center;\">Lab 10<\/p>\n<\/td>\n<td>\n<p style=\"text-align: center;\">Lab 20<\/p>\n<\/td>\n<td>\n<p style=\"text-align: center;\"><strong>Lab 30<\/strong><\/p>\n<\/td>\n<td>\n<p style=\"text-align: center;\">Lab 47<\/p>\n<\/td>\n<td>\n<p style=\"text-align: center;\"><strong>Lab 50<\/strong><\/p>\n<\/td>\n<\/tr>\n<tr>\n<td>Dung t\u00edch ch\u1ee9a nit\u01a1 (l\u00edt)<\/td>\n<td>\n<p style=\"text-align: center;\">4<\/p>\n<\/td>\n<td>\n<p style=\"text-align: center;\">5<\/p>\n<\/td>\n<td>\n<p style=\"text-align: center;\">10<\/p>\n<\/td>\n<td>\n<p style=\"text-align: center;\">20<\/p>\n<\/td>\n<td>\n<p style=\"text-align: center;\">32<\/p>\n<\/td>\n<td>\n<p style=\"text-align: center;\">47<\/p>\n<\/td>\n<td>\n<p style=\"text-align: center;\">50<\/p>\n<\/td>\n<\/tr>\n<tr>\n<td>T\u1ef7 l\u1ec7 bay h\u01a1i (l\u00edt\/ng\u00e0y)<\/td>\n<td>\n<p style=\"text-align: center;\">0,19<\/p>\n<\/td>\n<td>\n<p style=\"text-align: center;\">0,15<\/p>\n<\/td>\n<td>\n<p style=\"text-align: center;\">0,18<\/p>\n<\/td>\n<td>\n<p style=\"text-align: center;\">0,18<\/p>\n<\/td>\n<td>\n<p style=\"text-align: center;\">0,22<\/p>\n<\/td>\n<td>\n<p style=\"text-align: center;\">0,39<\/p>\n<\/td>\n<td>\n<p style=\"text-align: center;\">0,49<\/p>\n<\/td>\n<\/tr>\n<tr>\n<td>\u0110\u01b0\u1eddng k\u00ednh c\u1ed5 b\u00ecnh (mm)<\/td>\n<td>\n<p style=\"text-align: center;\">35<\/p>\n<\/td>\n<td>\n<p style=\"text-align: center;\">55,4<\/p>\n<\/td>\n<td>\n<p style=\"text-align: center;\">55,4<\/p>\n<\/td>\n<td>\n<p style=\"text-align: center;\">55,4<\/p>\n<\/td>\n<td>\n<p style=\"text-align: center;\">64<\/p>\n<\/td>\n<td>\n<p style=\"text-align: center;\">127<\/p>\n<\/td>\n<td>\n<p style=\"text-align: center;\">64<\/p>\n<\/td>\n<\/tr>\n<tr>\n<td>T\u1ed5ng chi\u1ec1u cao c\u1ee7a b\u00ecnh (mm)<\/td>\n<td>\n<p style=\"text-align: center;\">426<\/p>\n<\/td>\n<td>\n<p style=\"text-align: center;\">462<\/p>\n<\/td>\n<td>\n<p style=\"text-align: center;\">546<\/p>\n<\/td>\n<td>\n<p style=\"text-align: center;\">622<\/p>\n<\/td>\n<td>\n<p style=\"text-align: center;\">610<\/p>\n<\/td>\n<td>\n<p style=\"text-align: center;\">673<\/p>\n<\/td>\n<td>\n<p style=\"text-align: center;\">775<\/p>\n<\/td>\n<\/tr>\n<tr>\n<td>Chi\u1ec1u cao s\u1eed d\u1ee5ng (mm)<\/td>\n<td>\n<p style=\"text-align: center;\">198<\/p>\n<\/td>\n<td>\n<p style=\"text-align: center;\">266<\/p>\n<\/td>\n<td>\n<p style=\"text-align: center;\">343<\/p>\n<\/td>\n<td>\n<p style=\"text-align: center;\">348<\/p>\n<\/td>\n<td>\n<p style=\"text-align: center;\">378<\/p>\n<\/td>\n<td>\n<p style=\"text-align: center;\">427<\/p>\n<\/td>\n<td>\n<p style=\"text-align: center;\">559<\/p>\n<\/td>\n<\/tr>\n<tr>\n<td>\u0110\u01b0\u1eddng k\u00ednh ngo\u00e0i c\u1ee7a b\u00ecnh (mm)<\/td>\n<td>\n<p style=\"text-align: center;\">185<\/p>\n<\/td>\n<td>\n<p style=\"text-align: center;\">222<\/p>\n<\/td>\n<td>\n<p style=\"text-align: center;\">360<\/p>\n<\/td>\n<td>\n<p style=\"text-align: center;\">368<\/p>\n<\/td>\n<td>\n<p style=\"text-align: center;\">432<\/p>\n<\/td>\n<td>\n<p style=\"text-align: center;\">508<\/p>\n<\/td>\n<td>\n<p style=\"text-align: center;\">432<\/p>\n<\/td>\n<\/tr>\n<tr>\n<td>\u0110\u01b0\u1eddng k\u00ednh trong c\u1ee7a b\u00ecnh (mm)<\/td>\n<td>\n<p style=\"text-align: center;\">139<\/p>\n<\/td>\n<td>\n<p style=\"text-align: center;\">165<\/p>\n<\/td>\n<td>\n<p style=\"text-align: center;\">210<\/p>\n<\/td>\n<td>\n<p style=\"text-align: center;\">289<\/p>\n<\/td>\n<td>\n<p style=\"text-align: center;\">356<\/p>\n<\/td>\n<td>\n<p style=\"text-align: center;\">419<\/p>\n<\/td>\n<td>\n<p style=\"text-align: center;\">356<\/p>\n<\/td>\n<\/tr>\n<tr>\n<td>Tr\u1ecdng l\u01b0\u1ee3ng b\u00ecnh r\u1ed7ng (kg)<\/td>\n<td>\n<p style=\"text-align: center;\">2,7<\/p>\n<\/td>\n<td>\n<p style=\"text-align: center;\">4<\/p>\n<\/td>\n<td>\n<p style=\"text-align: center;\">5,4<\/p>\n<\/td>\n<td>\n<p style=\"text-align: center;\">9<\/p>\n<\/td>\n<td>\n<p style=\"text-align: center;\">11,4<\/p>\n<\/td>\n<td>\n<p style=\"text-align: center;\">19<\/p>\n<\/td>\n<td>\n<p style=\"text-align: center;\">14<\/p>\n<\/td>\n<\/tr>\n<tr>\n<td>Tr\u1ecdng l\u01b0\u1ee3ng b\u00ecnh \u0111\u1ea7y (kg)<\/td>\n<td>\n<p style=\"text-align: center;\">6<\/p>\n<\/td>\n<td>\n<p style=\"text-align: center;\">8<\/p>\n<\/td>\n<td>\n<p style=\"text-align: center;\">14<\/p>\n<\/td>\n<td>\n<p style=\"text-align: center;\">25<\/p>\n<\/td>\n<td>\n<p style=\"text-align: center;\">37,2<\/p>\n<\/td>\n<td>\n<p style=\"text-align: center;\">54,6<\/p>\n<\/td>\n<td>\n<p style=\"text-align: center;\">54,4<\/p>\n<\/td>\n<\/tr>\n<\/tbody>\n<\/table>\n<\/figure>\n<h3><strong>C\u00e1c ph\u1ee5 ki\u1ec7n d\u00f9ng v\u1edbi b\u00ecnh MVE lab 30 &amp; MVE lab 50 (ch\u1ecdn th\u00eam)<\/strong><\/h3>\n<ul>\n<li>D\u1ee5ng c\u1ee5 ph\u00e2n ph\u1ed1i nit\u01a1 l\u1ecfng c\u1ee7a b\u00ecnh MVE Lab 30 (Manual Discharge Device).<\/li>\n<li>N\u1eafp b\u00ecnh MVE Lab 30 (thay m\u1edbi).<\/li>\n<li>D\u1ee5ng c\u1ee5 ph\u00e2n ph\u1ed1i nit\u01a1 l\u1ecfng c\u1ee7a b\u00ecnh MVE Lab 30 (Manual Discharge Device).<\/li>\n<li>N\u1eafp b\u00ecnh MVE Lab 50 (thay m\u1edbi).<\/li>\n<\/ul>\n<p>&nbsp;<\/p>\n","protected":false},"excerpt":{"rendered":"<p>D\u00f2ng b\u00ecnh ch\u1ee9a\u00a0nit\u01a1 l\u1ecfng MVE Lab \u0111\u01b0\u1ee3c s\u1eed d\u1ee5ng ph\u1ed5 bi\u1ebfn t\u1ea1i c\u00e1c ph\u00f2ng lab sinh h\u1ecdc v\u00e0 c\u00e1c c\u01a1 s\u1edf y t\u1ebf \u0111\u1ec3 ch\u1ee9a v\u00e0 n\u1ea1p nit\u01a1 l\u1ecfng v\u00e0o c\u00e1c b\u00ecnh l\u01b0u tr\u1eef m\u1eabu sinh h\u1ecdc (th\u00f4ng th\u01b0\u1eddng th\u1ec3 t\u00edch &lt;50 l\u00edt). D\u00f2ng b\u00ecnh MVE Lab ch\u1ee9a\u00a0nit\u01a1 l\u1ecfng c\u00f3 th\u1ec3 \u0111\u01b0\u1ee3c l\u1eafp v\u1edbi v\u00f2i<\/p>\n<div class=\"klb-readmore post-buttons\"><a class=\"button rounded primary\" href=\"https:\/\/biogroupvietnam.com\/vi\/san-pham\/mve-lab-series\/\">Read More <i class=\"klbth-icon-right-arrow\"><\/i><\/a><\/div>\n","protected":false},"featured_media":9051,"comment_status":"closed","ping_status":"closed","template":"","meta":{"_acf_changed":false},"product_brand":[128],"product_cat":[97],"product_tag":[],"class_list":{"0":"post-3776","1":"product","2":"type-product","3":"status-publish","4":"has-post-thumbnail","6":"product_brand-mve-biological-solutions","7":"product_cat-binh-tru-lanh-phoi-tinh-trung","9":"first","10":"outofstock","11":"shipping-taxable","12":"product-type-simple"},"acf":[],"yoast_head":"<!-- This site is optimized with the Yoast SEO plugin v26.8 - https:\/\/yoast.com\/product\/yoast-seo-wordpress\/ -->\n<title>B\u00ecnh Ch\u1ee9a Nit\u01a1 L\u1ecfng MVE Lab<\/title>\n<meta name=\"description\" content=\"D\u00f2ng b\u00ecnh ch\u1ee9a\u00a0nit\u01a1 l\u1ecfng MVE Lab \u0111\u01b0\u1ee3c s\u1eed d\u1ee5ng ph\u1ed5 bi\u1ebfn t\u1ea1i c\u00e1c ph\u00f2ng lab sinh h\u1ecdc v\u00e0 c\u00e1c c\u01a1 s\u1edf y t\u1ebf \u0111\u1ec3 ch\u1ee9a v\u00e0 n\u1ea1p nit\u01a1 l\u1ecfng v\u00e0o c\u00e1c b\u00ecnh l\u01b0u tr\u1eef m\u1eabu sinh h\u1ecdc (th\u00f4ng th\u01b0\u1eddng th\u1ec3 t\u00edch &lt;50 l\u00edt).\" \/>\n<meta name=\"robots\" content=\"index, follow, max-snippet:-1, max-image-preview:large, max-video-preview:-1\" \/>\n<link rel=\"canonical\" href=\"https:\/\/biogroupvietnam.com\/vi\/san-pham\/mve-lab-series\/\" \/>\n<meta property=\"og:locale\" content=\"vi_VN\" \/>\n<meta property=\"og:type\" content=\"article\" \/>\n<meta property=\"og:title\" content=\"B\u00ecnh Ch\u1ee9a Nit\u01a1 L\u1ecfng MVE Lab\" \/>\n<meta property=\"og:description\" content=\"D\u00f2ng b\u00ecnh ch\u1ee9a\u00a0nit\u01a1 l\u1ecfng MVE Lab \u0111\u01b0\u1ee3c s\u1eed d\u1ee5ng ph\u1ed5 bi\u1ebfn t\u1ea1i c\u00e1c ph\u00f2ng lab sinh h\u1ecdc v\u00e0 c\u00e1c c\u01a1 s\u1edf y t\u1ebf \u0111\u1ec3 ch\u1ee9a v\u00e0 n\u1ea1p nit\u01a1 l\u1ecfng v\u00e0o c\u00e1c b\u00ecnh l\u01b0u tr\u1eef m\u1eabu sinh h\u1ecdc (th\u00f4ng th\u01b0\u1eddng th\u1ec3 t\u00edch &lt;50 l\u00edt).\" \/>\n<meta property=\"og:url\" content=\"https:\/\/biogroupvietnam.com\/vi\/san-pham\/mve-lab-series\/\" \/>\n<meta property=\"og:site_name\" content=\"Biogroup Vietnam\" \/>\n<meta property=\"article:modified_time\" content=\"2026-01-07T08:05:08+00:00\" \/>\n<meta property=\"og:image\" content=\"https:\/\/biogroupvietnam.com\/wp-content\/uploads\/2025\/08\/MVE-Lab-Series.jpg\" \/>\n\t<meta property=\"og:image:width\" content=\"1640\" \/>\n\t<meta property=\"og:image:height\" content=\"1260\" \/>\n\t<meta property=\"og:image:type\" content=\"image\/jpeg\" \/>\n<meta name=\"twitter:card\" content=\"summary_large_image\" \/>\n<meta name=\"twitter:label1\" content=\"\u01af\u1edbc t\u00ednh th\u1eddi gian \u0111\u1ecdc\" \/>\n\t<meta name=\"twitter:data1\" content=\"4 ph\u00fat\" \/>\n<script type=\"application\/ld+json\" class=\"yoast-schema-graph\">{\"@context\":\"https:\/\/schema.org\",\"@graph\":[{\"@type\":\"WebPage\",\"@id\":\"https:\/\/biogroupvietnam.com\/vi\/san-pham\/mve-lab-series\/\",\"url\":\"https:\/\/biogroupvietnam.com\/vi\/san-pham\/mve-lab-series\/\",\"name\":\"B\u00ecnh Ch\u1ee9a Nit\u01a1 L\u1ecfng MVE Lab\",\"isPartOf\":{\"@id\":\"https:\/\/biogroupvietnam.com\/vi\/#website\"},\"primaryImageOfPage\":{\"@id\":\"https:\/\/biogroupvietnam.com\/vi\/san-pham\/mve-lab-series\/#primaryimage\"},\"image\":{\"@id\":\"https:\/\/biogroupvietnam.com\/vi\/san-pham\/mve-lab-series\/#primaryimage\"},\"thumbnailUrl\":\"https:\/\/biogroupvietnam.com\/wp-content\/uploads\/2025\/08\/MVE-Lab-Series.jpg\",\"datePublished\":\"2025-08-18T12:53:14+00:00\",\"dateModified\":\"2026-01-07T08:05:08+00:00\",\"description\":\"D\u00f2ng b\u00ecnh ch\u1ee9a\u00a0nit\u01a1 l\u1ecfng MVE Lab \u0111\u01b0\u1ee3c s\u1eed d\u1ee5ng ph\u1ed5 bi\u1ebfn t\u1ea1i c\u00e1c ph\u00f2ng lab sinh h\u1ecdc v\u00e0 c\u00e1c c\u01a1 s\u1edf y t\u1ebf \u0111\u1ec3 ch\u1ee9a v\u00e0 n\u1ea1p nit\u01a1 l\u1ecfng v\u00e0o c\u00e1c b\u00ecnh l\u01b0u tr\u1eef m\u1eabu sinh h\u1ecdc (th\u00f4ng th\u01b0\u1eddng th\u1ec3 t\u00edch &lt;50 l\u00edt).\",\"breadcrumb\":{\"@id\":\"https:\/\/biogroupvietnam.com\/vi\/san-pham\/mve-lab-series\/#breadcrumb\"},\"inLanguage\":\"vi\",\"potentialAction\":[{\"@type\":\"ReadAction\",\"target\":[\"https:\/\/biogroupvietnam.com\/vi\/san-pham\/mve-lab-series\/\"]}]},{\"@type\":\"ImageObject\",\"inLanguage\":\"vi\",\"@id\":\"https:\/\/biogroupvietnam.com\/vi\/san-pham\/mve-lab-series\/#primaryimage\",\"url\":\"https:\/\/biogroupvietnam.com\/wp-content\/uploads\/2025\/08\/MVE-Lab-Series.jpg\",\"contentUrl\":\"https:\/\/biogroupvietnam.com\/wp-content\/uploads\/2025\/08\/MVE-Lab-Series.jpg\",\"width\":1640,\"height\":1260},{\"@type\":\"BreadcrumbList\",\"@id\":\"https:\/\/biogroupvietnam.com\/vi\/san-pham\/mve-lab-series\/#breadcrumb\",\"itemListElement\":[{\"@type\":\"ListItem\",\"position\":1,\"name\":\"Trang ch\u1ee7\",\"item\":\"https:\/\/biogroupvietnam.com\/vi\/\"},{\"@type\":\"ListItem\",\"position\":2,\"name\":\"S\u1ea3n ph\u1ea9m\",\"item\":\"https:\/\/biogroupvietnam.com\/vi\/san-pham\/\"},{\"@type\":\"ListItem\",\"position\":3,\"name\":\"B\u1ea3o Qu\u1ea3n L\u1ea1nh T\u1ebf B\u00e0o\",\"item\":\"https:\/\/biogroupvietnam.com\/vi\/danh-muc-san-pham\/bao-quan-lanh-te-bao\/\"},{\"@type\":\"ListItem\",\"position\":4,\"name\":\"B\u00ecnh Tr\u1eef L\u1ea1nh Ph\u00f4i, Tinh Tr\u00f9ng\",\"item\":\"https:\/\/biogroupvietnam.com\/vi\/danh-muc-san-pham\/binh-tru-lanh-phoi-tinh-trung\/\"},{\"@type\":\"ListItem\",\"position\":5,\"name\":\"B\u00ecnh Ch\u1ee9a Nit\u01a1 L\u1ecfng MVE Lab\"}]},{\"@type\":\"WebSite\",\"@id\":\"https:\/\/biogroupvietnam.com\/vi\/#website\",\"url\":\"https:\/\/biogroupvietnam.com\/vi\/\",\"name\":\"Biogroup Vietnam\",\"description\":\"Biogroup Vietnam cung c\u1ea5p d\u1ecbch v\u1ee5 k\u1ef9 thu\u1eadt c\u00f9ng thi\u1ebft b\u1ecb, v\u1eadt t\u01b0, h\u00f3a ch\u1ea5t v\u00e0 gi\u1ea3i ph\u00e1p sinh h\u1ecdc cho ph\u00f2ng th\u00ed nghi\u1ec7m c\u00f4ng ngh\u1ec7 sinh h\u1ecdc, y sinh v\u00e0 y h\u1ecdc t\u00e1i t\u1ea1o.\",\"potentialAction\":[{\"@type\":\"SearchAction\",\"target\":{\"@type\":\"EntryPoint\",\"urlTemplate\":\"https:\/\/biogroupvietnam.com\/vi\/?s={search_term_string}\"},\"query-input\":{\"@type\":\"PropertyValueSpecification\",\"valueRequired\":true,\"valueName\":\"search_term_string\"}}],\"inLanguage\":\"vi\"}]}<\/script>\n<!-- \/ Yoast SEO plugin. -->","yoast_head_json":{"title":"B\u00ecnh Ch\u1ee9a Nit\u01a1 L\u1ecfng MVE Lab","description":"D\u00f2ng b\u00ecnh ch\u1ee9a\u00a0nit\u01a1 l\u1ecfng MVE Lab \u0111\u01b0\u1ee3c s\u1eed d\u1ee5ng ph\u1ed5 bi\u1ebfn t\u1ea1i c\u00e1c ph\u00f2ng lab sinh h\u1ecdc v\u00e0 c\u00e1c c\u01a1 s\u1edf y t\u1ebf \u0111\u1ec3 ch\u1ee9a v\u00e0 n\u1ea1p nit\u01a1 l\u1ecfng v\u00e0o c\u00e1c b\u00ecnh l\u01b0u tr\u1eef m\u1eabu sinh h\u1ecdc (th\u00f4ng th\u01b0\u1eddng th\u1ec3 t\u00edch &lt;50 l\u00edt).","robots":{"index":"index","follow":"follow","max-snippet":"max-snippet:-1","max-image-preview":"max-image-preview:large","max-video-preview":"max-video-preview:-1"},"canonical":"https:\/\/biogroupvietnam.com\/vi\/san-pham\/mve-lab-series\/","og_locale":"vi_VN","og_type":"article","og_title":"B\u00ecnh Ch\u1ee9a Nit\u01a1 L\u1ecfng MVE Lab","og_description":"D\u00f2ng b\u00ecnh ch\u1ee9a\u00a0nit\u01a1 l\u1ecfng MVE Lab \u0111\u01b0\u1ee3c s\u1eed d\u1ee5ng ph\u1ed5 bi\u1ebfn t\u1ea1i c\u00e1c ph\u00f2ng lab sinh h\u1ecdc v\u00e0 c\u00e1c c\u01a1 s\u1edf y t\u1ebf \u0111\u1ec3 ch\u1ee9a v\u00e0 n\u1ea1p nit\u01a1 l\u1ecfng v\u00e0o c\u00e1c b\u00ecnh l\u01b0u tr\u1eef m\u1eabu sinh h\u1ecdc (th\u00f4ng th\u01b0\u1eddng th\u1ec3 t\u00edch &lt;50 l\u00edt).","og_url":"https:\/\/biogroupvietnam.com\/vi\/san-pham\/mve-lab-series\/","og_site_name":"Biogroup Vietnam","article_modified_time":"2026-01-07T08:05:08+00:00","og_image":[{"width":1640,"height":1260,"url":"https:\/\/biogroupvietnam.com\/wp-content\/uploads\/2025\/08\/MVE-Lab-Series.jpg","type":"image\/jpeg"}],"twitter_card":"summary_large_image","twitter_misc":{"\u01af\u1edbc t\u00ednh th\u1eddi gian \u0111\u1ecdc":"4 ph\u00fat"},"schema":{"@context":"https:\/\/schema.org","@graph":[{"@type":"WebPage","@id":"https:\/\/biogroupvietnam.com\/vi\/san-pham\/mve-lab-series\/","url":"https:\/\/biogroupvietnam.com\/vi\/san-pham\/mve-lab-series\/","name":"B\u00ecnh Ch\u1ee9a Nit\u01a1 L\u1ecfng MVE Lab","isPartOf":{"@id":"https:\/\/biogroupvietnam.com\/vi\/#website"},"primaryImageOfPage":{"@id":"https:\/\/biogroupvietnam.com\/vi\/san-pham\/mve-lab-series\/#primaryimage"},"image":{"@id":"https:\/\/biogroupvietnam.com\/vi\/san-pham\/mve-lab-series\/#primaryimage"},"thumbnailUrl":"https:\/\/biogroupvietnam.com\/wp-content\/uploads\/2025\/08\/MVE-Lab-Series.jpg","datePublished":"2025-08-18T12:53:14+00:00","dateModified":"2026-01-07T08:05:08+00:00","description":"D\u00f2ng b\u00ecnh ch\u1ee9a\u00a0nit\u01a1 l\u1ecfng MVE Lab \u0111\u01b0\u1ee3c s\u1eed d\u1ee5ng ph\u1ed5 bi\u1ebfn t\u1ea1i c\u00e1c ph\u00f2ng lab sinh h\u1ecdc v\u00e0 c\u00e1c c\u01a1 s\u1edf y t\u1ebf \u0111\u1ec3 ch\u1ee9a v\u00e0 n\u1ea1p nit\u01a1 l\u1ecfng v\u00e0o c\u00e1c b\u00ecnh l\u01b0u tr\u1eef m\u1eabu sinh h\u1ecdc (th\u00f4ng th\u01b0\u1eddng th\u1ec3 t\u00edch &lt;50 l\u00edt).","breadcrumb":{"@id":"https:\/\/biogroupvietnam.com\/vi\/san-pham\/mve-lab-series\/#breadcrumb"},"inLanguage":"vi","potentialAction":[{"@type":"ReadAction","target":["https:\/\/biogroupvietnam.com\/vi\/san-pham\/mve-lab-series\/"]}]},{"@type":"ImageObject","inLanguage":"vi","@id":"https:\/\/biogroupvietnam.com\/vi\/san-pham\/mve-lab-series\/#primaryimage","url":"https:\/\/biogroupvietnam.com\/wp-content\/uploads\/2025\/08\/MVE-Lab-Series.jpg","contentUrl":"https:\/\/biogroupvietnam.com\/wp-content\/uploads\/2025\/08\/MVE-Lab-Series.jpg","width":1640,"height":1260},{"@type":"BreadcrumbList","@id":"https:\/\/biogroupvietnam.com\/vi\/san-pham\/mve-lab-series\/#breadcrumb","itemListElement":[{"@type":"ListItem","position":1,"name":"Trang ch\u1ee7","item":"https:\/\/biogroupvietnam.com\/vi\/"},{"@type":"ListItem","position":2,"name":"S\u1ea3n ph\u1ea9m","item":"https:\/\/biogroupvietnam.com\/vi\/san-pham\/"},{"@type":"ListItem","position":3,"name":"B\u1ea3o Qu\u1ea3n L\u1ea1nh T\u1ebf B\u00e0o","item":"https:\/\/biogroupvietnam.com\/vi\/danh-muc-san-pham\/bao-quan-lanh-te-bao\/"},{"@type":"ListItem","position":4,"name":"B\u00ecnh Tr\u1eef L\u1ea1nh Ph\u00f4i, Tinh Tr\u00f9ng","item":"https:\/\/biogroupvietnam.com\/vi\/danh-muc-san-pham\/binh-tru-lanh-phoi-tinh-trung\/"},{"@type":"ListItem","position":5,"name":"B\u00ecnh Ch\u1ee9a Nit\u01a1 L\u1ecfng MVE Lab"}]},{"@type":"WebSite","@id":"https:\/\/biogroupvietnam.com\/vi\/#website","url":"https:\/\/biogroupvietnam.com\/vi\/","name":"Biogroup Vietnam","description":"Biogroup Vietnam cung c\u1ea5p d\u1ecbch v\u1ee5 k\u1ef9 thu\u1eadt c\u00f9ng thi\u1ebft b\u1ecb, v\u1eadt t\u01b0, h\u00f3a ch\u1ea5t v\u00e0 gi\u1ea3i ph\u00e1p sinh h\u1ecdc cho ph\u00f2ng th\u00ed nghi\u1ec7m c\u00f4ng ngh\u1ec7 sinh h\u1ecdc, y sinh v\u00e0 y h\u1ecdc t\u00e1i t\u1ea1o.","potentialAction":[{"@type":"SearchAction","target":{"@type":"EntryPoint","urlTemplate":"https:\/\/biogroupvietnam.com\/vi\/?s={search_term_string}"},"query-input":{"@type":"PropertyValueSpecification","valueRequired":true,"valueName":"search_term_string"}}],"inLanguage":"vi"}]}},"_links":{"self":[{"href":"https:\/\/biogroupvietnam.com\/vi\/wp-json\/wp\/v2\/product\/3776","targetHints":{"allow":["GET"]}}],"collection":[{"href":"https:\/\/biogroupvietnam.com\/vi\/wp-json\/wp\/v2\/product"}],"about":[{"href":"https:\/\/biogroupvietnam.com\/vi\/wp-json\/wp\/v2\/types\/product"}],"replies":[{"embeddable":true,"href":"https:\/\/biogroupvietnam.com\/vi\/wp-json\/wp\/v2\/comments?post=3776"}],"version-history":[{"count":4,"href":"https:\/\/biogroupvietnam.com\/vi\/wp-json\/wp\/v2\/product\/3776\/revisions"}],"predecessor-version":[{"id":9404,"href":"https:\/\/biogroupvietnam.com\/vi\/wp-json\/wp\/v2\/product\/3776\/revisions\/9404"}],"wp:featuredmedia":[{"embeddable":true,"href":"https:\/\/biogroupvietnam.com\/vi\/wp-json\/wp\/v2\/media\/9051"}],"wp:attachment":[{"href":"https:\/\/biogroupvietnam.com\/vi\/wp-json\/wp\/v2\/media?parent=3776"}],"wp:term":[{"taxonomy":"product_brand","embeddable":true,"href":"https:\/\/biogroupvietnam.com\/vi\/wp-json\/wp\/v2\/product_brand?post=3776"},{"taxonomy":"product_cat","embeddable":true,"href":"https:\/\/biogroupvietnam.com\/vi\/wp-json\/wp\/v2\/product_cat?post=3776"},{"taxonomy":"product_tag","embeddable":true,"href":"https:\/\/biogroupvietnam.com\/vi\/wp-json\/wp\/v2\/product_tag?post=3776"}],"curies":[{"name":"wp","href":"https:\/\/api.w.org\/{rel}","templated":true}]}}